{"id":4220,"date":"2024-01-17T01:14:57","date_gmt":"2024-01-17T01:14:57","guid":{"rendered":"https:\/\/longchangchemical.com\/?post_type=product&#038;p=4220"},"modified":"2025-12-17T09:21:35","modified_gmt":"2025-12-17T09:21:35","slug":"12-diformyloxyethane-cas-629-15-2","status":"publish","type":"product","link":"https:\/\/longchangchemical.com\/fr\/product\/12-diformyloxyethane-cas-629-15-2\/","title":{"rendered":"1,2-diformyloxy\u00e9thane cas 629-15-2"},"content":{"rendered":"<h2><strong>1,2-Diformyloxy\u00e9thanePropri\u00e9t\u00e9s typiques<\/strong><\/h2>\n<table class=\"table-1\" cellspacing=\"0\">\n<tbody>\n<tr>\n<td>Articles<\/td>\n<td>Sp\u00e9cifications<\/td>\n<\/tr>\n<tr>\n<td>Apparence<\/td>\n<td>Liquide incolore<\/td>\n<\/tr>\n<tr>\n<td>Contenu<\/td>\n<td>\u226595.0%<\/td>\n<\/tr>\n<tr>\n<td>Valeur du pH<\/td>\n<td>4-7<\/td>\n<\/tr>\n<tr>\n<td>Humidit\u00e9<\/td>\n<td>\u22640.50%<\/td>\n<\/tr>\n<\/tbody>\n<\/table>\n<h2><strong>1,2-Diformyloxy\u00e9thaneUtilisation<\/strong><\/h2>\n<p>Utilis\u00e9 comme auxiliaire textile et acidifiant dans la teinture ou l'impression des fibres et de leurs produits.<\/p>\n<h2><strong>1,2-Diformyloxy\u00e9thaneEmballage et exp\u00e9dition<\/strong><\/h2>\n<p>200 kg\/tambour<\/p>\n<h2><strong>1,2-Diformyloxy\u00e9thaneStockage<\/strong><\/h2>\n<p>Stock\u00e9 dans un endroit frais, sec et ventil\u00e9, \u00e0 l'abri des oxydants, des acides et des aliments.<\/p>\n<h2><strong><b>Contactez-nous d\u00e8s maintenant !<\/b><\/strong><\/h2>\n<h4><strong><b>Si vous avez besoin de COA, MSDS ou TDS, veuillez remplir vos coordonn\u00e9es dans le formulaire ci-dessous, nous vous contacterons g\u00e9n\u00e9ralement dans les 24 heures. Vous pouvez \u00e9galement m'envoyer un courriel <span style=\"color: #0000ff;\"><a style=\"color: #0000ff;\" href=\"mailto:info@longchangchemical.com\">info@longchangchemical.com<\/a><\/span> pendant les heures de travail ( 8:30 am to 6:00 pm UTC+8 Mon.~Sat. ) ou utilisez le chat en direct du site web pour obtenir une r\u00e9ponse rapide.<\/b><\/strong><\/h4>","protected":false},"excerpt":{"rendered":"<h2><strong>1,2-Diformyloxy\u00e9thaneEn savoir plus<\/strong><\/h2>\n<p>Nom chimique : 1,2-Diformyloxy\u00e9thane<br \/>\nNum\u00e9ro CAS : 629-15-2<br \/>\nFormule mol\u00e9culaire:C4H6O4<\/p>\n<p>Structure chimique :<img decoding=\"async\" title=\"Structure du 1,2-Diformyloxy\u00e9thane\" src=\"https:\/\/www.longchangchemical.com\/wp-content\/uploads\/product-details\/20200610079484.png\" alt=\"Structure du 1,2-Diformyloxy\u00e9thane\" width=\"115\" height=\"88\" border=\"0\" vspace=\"0\" \/><\/p>\n<p>Poids mol\u00e9culaire : 118,09<\/p>\n<p>Aspect : liquide transparent incolore<\/p>\n<p>Dosage : \u226595%<\/p>","protected":false},"featured_media":6486,"comment_status":"open","ping_status":"closed","template":"","meta":[],"product_brand":[],"product_cat":[69],"product_tag":[],"class_list":{"0":"post-4220","1":"product","2":"type-product","3":"status-publish","4":"has-post-thumbnail","6":"product_cat-catalysts-chemical-auxiliary-agents","8":"first","9":"instock","10":"shipping-taxable","11":"product-type-simple"},"yoast_head":"<!-- This site is optimized with the Yoast SEO plugin v25.3.1 - https:\/\/yoast.com\/wordpress\/plugins\/seo\/ -->\n<title>China 1,2-diformyloxyethane Manufacturer CAS 629-15-2 -Longchang Chemical<\/title>\n<meta name=\"description\" content=\"1,2-diformyloxyethane cas 629-15-2 is key product of Longchang Chemical. We provide best price. We are the leading manufacturer and supplier in China with the best quanlity and competitive price.\" \/>\n<meta name=\"robots\" content=\"index, follow, max-snippet:-1, max-image-preview:large, max-video-preview:-1\" \/>\n<link rel=\"canonical\" href=\"https:\/\/longchangchemical.com\/fr\/product\/12-diformyloxyethane-cas-629-15-2\/\" \/>\n<meta property=\"og:locale\" content=\"fr_FR\" \/>\n<meta property=\"og:type\" content=\"article\" \/>\n<meta property=\"og:title\" content=\"China 1,2-diformyloxyethane Manufacturer CAS 629-15-2 -Longchang Chemical\" \/>\n<meta property=\"og:description\" content=\"1,2-diformyloxyethane cas 629-15-2 is key product of Longchang Chemical. We provide best price. We are the leading manufacturer and supplier in China with the best quanlity and competitive price.\" \/>\n<meta property=\"og:url\" content=\"https:\/\/longchangchemical.com\/fr\/product\/12-diformyloxyethane-cas-629-15-2\/\" \/>\n<meta property=\"og:site_name\" content=\"Longchang Chemical\" \/>\n<meta property=\"article:modified_time\" content=\"2025-12-17T09:21:35+00:00\" \/>\n<meta property=\"og:image\" content=\"https:\/\/longchangchemical.com\/wp-content\/uploads\/2021\/01\/4-5.jpg\" \/>\n\t<meta property=\"og:image:width\" content=\"800\" \/>\n\t<meta property=\"og:image:height\" content=\"800\" \/>\n\t<meta property=\"og:image:type\" content=\"image\/jpeg\" \/>\n<meta name=\"twitter:card\" content=\"summary_large_image\" \/>\n<script type=\"application\/ld+json\" class=\"yoast-schema-graph\">{\"@context\":\"https:\/\/schema.org\",\"@graph\":[{\"@type\":\"WebPage\",\"@id\":\"https:\/\/longchangchemical.com\/product\/12-diformyloxyethane-cas-629-15-2\/\",\"url\":\"https:\/\/longchangchemical.com\/product\/12-diformyloxyethane-cas-629-15-2\/\",\"name\":\"China 1,2-diformyloxyethane Manufacturer CAS 629-15-2 -Longchang Chemical\",\"isPartOf\":{\"@id\":\"https:\/\/longchangchemical.com\/#website\"},\"primaryImageOfPage\":{\"@id\":\"https:\/\/longchangchemical.com\/product\/12-diformyloxyethane-cas-629-15-2\/#primaryimage\"},\"image\":{\"@id\":\"https:\/\/longchangchemical.com\/product\/12-diformyloxyethane-cas-629-15-2\/#primaryimage\"},\"thumbnailUrl\":\"https:\/\/longchangchemical.com\/wp-content\/uploads\/2021\/01\/4-5.jpg\",\"datePublished\":\"2024-01-17T01:14:57+00:00\",\"dateModified\":\"2025-12-17T09:21:35+00:00\",\"description\":\"1,2-diformyloxyethane cas 629-15-2 is key product of Longchang Chemical. We provide best price. We are the leading manufacturer and supplier in China with the best quanlity and competitive price.\",\"breadcrumb\":{\"@id\":\"https:\/\/longchangchemical.com\/product\/12-diformyloxyethane-cas-629-15-2\/#breadcrumb\"},\"inLanguage\":\"fr-FR\",\"potentialAction\":[{\"@type\":\"ReadAction\",\"target\":[\"https:\/\/longchangchemical.com\/product\/12-diformyloxyethane-cas-629-15-2\/\"]}]},{\"@type\":\"ImageObject\",\"inLanguage\":\"fr-FR\",\"@id\":\"https:\/\/longchangchemical.com\/product\/12-diformyloxyethane-cas-629-15-2\/#primaryimage\",\"url\":\"https:\/\/longchangchemical.com\/wp-content\/uploads\/2021\/01\/4-5.jpg\",\"contentUrl\":\"https:\/\/longchangchemical.com\/wp-content\/uploads\/2021\/01\/4-5.jpg\",\"width\":800,\"height\":800,\"caption\":\"1,2-diformyloxyethane cas 629-15-2\"},{\"@type\":\"BreadcrumbList\",\"@id\":\"https:\/\/longchangchemical.com\/product\/12-diformyloxyethane-cas-629-15-2\/#breadcrumb\",\"itemListElement\":[{\"@type\":\"ListItem\",\"position\":1,\"name\":\"Home\",\"item\":\"https:\/\/longchangchemical.com\/\"},{\"@type\":\"ListItem\",\"position\":2,\"name\":\"Products Longchang\",\"item\":\"https:\/\/longchangchemical.com\/product\/\"},{\"@type\":\"ListItem\",\"position\":3,\"name\":\"1,2-diformyloxyethane cas 629-15-2\"}]},{\"@type\":\"WebSite\",\"@id\":\"https:\/\/longchangchemical.com\/#website\",\"url\":\"https:\/\/longchangchemical.com\/\",\"name\":\"Longchang Chemical\",\"description\":\"China chemical manufacturer \uff06 supplier\",\"publisher\":{\"@id\":\"https:\/\/longchangchemical.com\/#organization\"},\"potentialAction\":[{\"@type\":\"SearchAction\",\"target\":{\"@type\":\"EntryPoint\",\"urlTemplate\":\"https:\/\/longchangchemical.com\/?s={search_term_string}\"},\"query-input\":{\"@type\":\"PropertyValueSpecification\",\"valueRequired\":true,\"valueName\":\"search_term_string\"}}],\"inLanguage\":\"fr-FR\"},{\"@type\":\"Organization\",\"@id\":\"https:\/\/longchangchemical.com\/#organization\",\"name\":\"Longchang Chemical\",\"url\":\"https:\/\/longchangchemical.com\/\",\"logo\":{\"@type\":\"ImageObject\",\"inLanguage\":\"fr-FR\",\"@id\":\"https:\/\/longchangchemical.com\/#\/schema\/logo\/image\/\",\"url\":\"https:\/\/longchangchemical.com\/wp-content\/uploads\/2020\/08\/cropped-longchang-logo.png\",\"contentUrl\":\"https:\/\/longchangchemical.com\/wp-content\/uploads\/2020\/08\/cropped-longchang-logo.png\",\"width\":512,\"height\":512,\"caption\":\"Longchang Chemical\"},\"image\":{\"@id\":\"https:\/\/longchangchemical.com\/#\/schema\/logo\/image\/\"}}]}<\/script>\n<!-- \/ Yoast SEO plugin. -->","yoast_head_json":{"title":"Fabricant chinois de 1,2-diformyloxy\u00e9thane CAS 629-15-2 -Longchang Chemical","description":"Le 1,2-diformyloxy\u00e9thane cas 629-15-2 est un produit cl\u00e9 de Longchang Chemical. Nous fournissons le meilleur prix. Nous sommes le principal fabricant et fournisseur en Chine avec les meilleures quantit\u00e9s et des prix comp\u00e9titifs.","robots":{"index":"index","follow":"follow","max-snippet":"max-snippet:-1","max-image-preview":"max-image-preview:large","max-video-preview":"max-video-preview:-1"},"canonical":"https:\/\/longchangchemical.com\/fr\/product\/12-diformyloxyethane-cas-629-15-2\/","og_locale":"fr_FR","og_type":"article","og_title":"China 1,2-diformyloxyethane Manufacturer CAS 629-15-2 -Longchang Chemical","og_description":"1,2-diformyloxyethane cas 629-15-2 is key product of Longchang Chemical. We provide best price. We are the leading manufacturer and supplier in China with the best quanlity and competitive price.","og_url":"https:\/\/longchangchemical.com\/fr\/product\/12-diformyloxyethane-cas-629-15-2\/","og_site_name":"Longchang Chemical","article_modified_time":"2025-12-17T09:21:35+00:00","og_image":[{"width":800,"height":800,"url":"https:\/\/longchangchemical.com\/wp-content\/uploads\/2021\/01\/4-5.jpg","type":"image\/jpeg"}],"twitter_card":"summary_large_image","schema":{"@context":"https:\/\/schema.org","@graph":[{"@type":"WebPage","@id":"https:\/\/longchangchemical.com\/product\/12-diformyloxyethane-cas-629-15-2\/","url":"https:\/\/longchangchemical.com\/product\/12-diformyloxyethane-cas-629-15-2\/","name":"Fabricant chinois de 1,2-diformyloxy\u00e9thane CAS 629-15-2 -Longchang Chemical","isPartOf":{"@id":"https:\/\/longchangchemical.com\/#website"},"primaryImageOfPage":{"@id":"https:\/\/longchangchemical.com\/product\/12-diformyloxyethane-cas-629-15-2\/#primaryimage"},"image":{"@id":"https:\/\/longchangchemical.com\/product\/12-diformyloxyethane-cas-629-15-2\/#primaryimage"},"thumbnailUrl":"https:\/\/longchangchemical.com\/wp-content\/uploads\/2021\/01\/4-5.jpg","datePublished":"2024-01-17T01:14:57+00:00","dateModified":"2025-12-17T09:21:35+00:00","description":"Le 1,2-diformyloxy\u00e9thane cas 629-15-2 est un produit cl\u00e9 de Longchang Chemical. Nous fournissons le meilleur prix. Nous sommes le principal fabricant et fournisseur en Chine avec les meilleures quantit\u00e9s et des prix comp\u00e9titifs.","breadcrumb":{"@id":"https:\/\/longchangchemical.com\/product\/12-diformyloxyethane-cas-629-15-2\/#breadcrumb"},"inLanguage":"fr-FR","potentialAction":[{"@type":"ReadAction","target":["https:\/\/longchangchemical.com\/product\/12-diformyloxyethane-cas-629-15-2\/"]}]},{"@type":"ImageObject","inLanguage":"fr-FR","@id":"https:\/\/longchangchemical.com\/product\/12-diformyloxyethane-cas-629-15-2\/#primaryimage","url":"https:\/\/longchangchemical.com\/wp-content\/uploads\/2021\/01\/4-5.jpg","contentUrl":"https:\/\/longchangchemical.com\/wp-content\/uploads\/2021\/01\/4-5.jpg","width":800,"height":800,"caption":"1,2-diformyloxyethane cas 629-15-2"},{"@type":"BreadcrumbList","@id":"https:\/\/longchangchemical.com\/product\/12-diformyloxyethane-cas-629-15-2\/#breadcrumb","itemListElement":[{"@type":"ListItem","position":1,"name":"Home","item":"https:\/\/longchangchemical.com\/"},{"@type":"ListItem","position":2,"name":"Products Longchang","item":"https:\/\/longchangchemical.com\/product\/"},{"@type":"ListItem","position":3,"name":"1,2-diformyloxyethane cas 629-15-2"}]},{"@type":"WebSite","@id":"https:\/\/longchangchemical.com\/#website","url":"https:\/\/longchangchemical.com\/","name":"Longchang Chemical","description":"Fabricant chinois de produits chimiques \uff06 fournisseur","publisher":{"@id":"https:\/\/longchangchemical.com\/#organization"},"potentialAction":[{"@type":"SearchAction","target":{"@type":"EntryPoint","urlTemplate":"https:\/\/longchangchemical.com\/?s={search_term_string}"},"query-input":{"@type":"PropertyValueSpecification","valueRequired":true,"valueName":"search_term_string"}}],"inLanguage":"fr-FR"},{"@type":"Organization","@id":"https:\/\/longchangchemical.com\/#organization","name":"Longchang Chemical","url":"https:\/\/longchangchemical.com\/","logo":{"@type":"ImageObject","inLanguage":"fr-FR","@id":"https:\/\/longchangchemical.com\/#\/schema\/logo\/image\/","url":"https:\/\/longchangchemical.com\/wp-content\/uploads\/2020\/08\/cropped-longchang-logo.png","contentUrl":"https:\/\/longchangchemical.com\/wp-content\/uploads\/2020\/08\/cropped-longchang-logo.png","width":512,"height":512,"caption":"Longchang Chemical"},"image":{"@id":"https:\/\/longchangchemical.com\/#\/schema\/logo\/image\/"}}]}},"_links":{"self":[{"href":"https:\/\/longchangchemical.com\/fr\/wp-json\/wp\/v2\/product\/4220","targetHints":{"allow":["GET"]}}],"collection":[{"href":"https:\/\/longchangchemical.com\/fr\/wp-json\/wp\/v2\/product"}],"about":[{"href":"https:\/\/longchangchemical.com\/fr\/wp-json\/wp\/v2\/types\/product"}],"replies":[{"embeddable":true,"href":"https:\/\/longchangchemical.com\/fr\/wp-json\/wp\/v2\/comments?post=4220"}],"wp:featuredmedia":[{"embeddable":true,"href":"https:\/\/longchangchemical.com\/fr\/wp-json\/wp\/v2\/media\/6486"}],"wp:attachment":[{"href":"https:\/\/longchangchemical.com\/fr\/wp-json\/wp\/v2\/media?parent=4220"}],"wp:term":[{"taxonomy":"product_brand","embeddable":true,"href":"https:\/\/longchangchemical.com\/fr\/wp-json\/wp\/v2\/product_brand?post=4220"},{"taxonomy":"product_cat","embeddable":true,"href":"https:\/\/longchangchemical.com\/fr\/wp-json\/wp\/v2\/product_cat?post=4220"},{"taxonomy":"product_tag","embeddable":true,"href":"https:\/\/longchangchemical.com\/fr\/wp-json\/wp\/v2\/product_tag?post=4220"}],"curies":[{"name":"wp","href":"https:\/\/api.w.org\/{rel}","templated":true}]}}