{"id":4212,"date":"2024-01-17T01:21:28","date_gmt":"2024-01-17T01:21:28","guid":{"rendered":"https:\/\/longchangchemical.com\/?post_type=product&#038;p=4212"},"modified":"2025-12-17T06:08:49","modified_gmt":"2025-12-17T06:08:49","slug":"anthraquinone-cas-84-65-1","status":"publish","type":"product","link":"https:\/\/longchangchemical.com\/fr\/product\/anthraquinone-cas-84-65-1\/","title":{"rendered":"anthraquinone cas 84-65-1"},"content":{"rendered":"<h2><strong>AnthraquinonePropri\u00e9t\u00e9s typiques<\/strong><\/h2>\n<table class=\"table-1\" cellspacing=\"0\">\n<tbody>\n<tr>\n<td>Objet<\/td>\n<td>Standard<\/td>\n<td>R\u00e9sultats<\/td>\n<\/tr>\n<tr>\n<td>Apparence<\/td>\n<td>Poudre jaune clair<\/td>\n<td>Conforme<\/td>\n<\/tr>\n<tr>\n<td>La puret\u00e9<\/td>\n<td>\u2265 98.0 %<\/td>\n<td>98.6%<\/td>\n<\/tr>\n<tr>\n<td>Point de fusion initial<\/td>\n<td>284 ~ 286 \u00baC<\/td>\n<td>284.2\u2103<\/td>\n<\/tr>\n<tr>\n<td>Perte au s\u00e9chage<\/td>\n<td>\u22642%<\/td>\n<td>1.3%<\/td>\n<\/tr>\n<tr>\n<td>Solubilit\u00e9 :<\/td>\n<td>Insoluble dans l'eau, soluble dans l'\u00e9ther \u00e9thylique, l'\u00e9thanol et l'ac\u00e9tone<\/td>\n<td>Conforme<\/td>\n<\/tr>\n<tr>\n<td>Conclusion<\/td>\n<td colspan=\"2\">Qualifi\u00e9<\/td>\n<\/tr>\n<\/tbody>\n<\/table>\n<h2><strong>Utilisation de l'anthraquinone<\/strong><\/h2>\n<p>1. Utilisations Utilis\u00e9 comme interm\u00e9diaire de teinture, agent de cuisson du papier et mati\u00e8res premi\u00e8res pour le peroxyde d'hydrog\u00e8ne.<\/p>\n<p>2. Utiliser comme adjuvant de cuisson pour la p\u00e2te \u00e0 papier et la p\u00e2te \u00e0 papier, peut r\u00e9duire la quantit\u00e9 d'alcali, raccourcir le temps de cuisson.<br \/>\n3. Utilisation La majeure partie de l'anthraquinone est utilis\u00e9e dans les teintures, mais la quantit\u00e9 d'acide vaporisant utilis\u00e9e comme p\u00e2te \u00e0 papier augmente rapidement.<\/p>\n<p>(1) pour la production de colorants, l'anthraquinone comme mati\u00e8re premi\u00e8re, la sulfonation, la chloration, la nitrification, etc., peut constituer une large gamme de colorants interm\u00e9diaires pour la production de colorants dispers\u00e9s \u00e0 l'anthraquinone, de colorants acides, de colorants de cuve, de colorants de r\u00e9action, etc. pour former un grade de colorant complet. Selon les statistiques, les colorants anthraquinoniques comptent plus de 400 vari\u00e9t\u00e9s et occupent une place tr\u00e8s importante dans le domaine des colorants synth\u00e9tiques.<\/p>\n<p>(2) utilis\u00e9 comme agent de cuisson de la p\u00e2te \u00e0 papier dans la liqueur de cuisson alcaline, il suffit d'ajouter une petite quantit\u00e9 d'anthraquinone pour acc\u00e9l\u00e9rer la dignification, raccourcir le temps de cuisson, am\u00e9liorer le rendement de la p\u00e2te et r\u00e9duire la charge de d\u00e9chets. De plus en plus de papeteries utilisent actuellement des additifs \u00e0 base d'anthraquinone. La consommation d'anthraquinone en tant qu'additif de cuisson a augment\u00e9 rapidement. Anthraquinone et autres applications. Les compos\u00e9s d'anthraquinone peuvent \u00eatre utilis\u00e9s pour la production de fortes concentrations de peroxyde d'hydrog\u00e8ne ; dans l'industrie des engrais pour produire un agent de d\u00e9sulfuration, le disulfonate d'anthraquinone. Ils sont utilis\u00e9s dans l'industrie de l'impression et de la teinture en tant qu'agents de distribution.<br \/>\n4. Utilisation de la synth\u00e8se organique de colorants interm\u00e9diaires de haut niveau, tels que les colorants r\u00e9ducteurs \u00e0 l'indanthr\u00e8ne, les colorants acides, certains colorants actifs, comme mati\u00e8res premi\u00e8res importantes. Utilis\u00e9 comme agent de cuisson du papier et comme mati\u00e8re premi\u00e8re pour le peroxyde d'hydrog\u00e8ne, etc., peut r\u00e9duire la quantit\u00e9 d'alcali, raccourcir le temps de cuisson. Utilis\u00e9 comme agent de cuisson de la p\u00e2te \u00e0 papier dans la liqueur de cuisson alcaline, il suffit d'ajouter une petite quantit\u00e9 d'anthraquinone pour acc\u00e9l\u00e9rer la vitesse de d\u00e9lignification, raccourcir le temps de cuisson, am\u00e9liorer le rendement de la p\u00e2te et r\u00e9duire la charge de d\u00e9chets. De plus en plus de papeteries utilisent actuellement des additifs \u00e0 base d'anthraquinone.<\/p>\n<h2><strong>Emballage et exp\u00e9dition de l'anthraquinone<\/strong><\/h2>\n<p>Emballage : 25kg\/sac<\/p>\n<h2><strong>Stockage d'anthraquinone<\/strong><\/h2>\n<p>Stock\u00e9 dans un endroit frais et sec, \u00e0 l'abri de la lumi\u00e8re directe du soleil.<\/p>","protected":false},"excerpt":{"rendered":"<h2><strong>Anthraquinone D\u00e9tails rapides<\/strong><\/h2>\n<p>Nom chimique : Anthraquinone<\/p>\n<p>Num\u00e9ro CAS : 84-65-1<\/p>\n<p>Formule mol\u00e9culaire:C14H8O2<\/p>\n<p>Poids mol\u00e9culaire : 208,21<\/p>\n<p>Structure chimique :<img decoding=\"async\" title=\"Structure de l&#039;anthraquinone\" src=\"https:\/\/www.longchangchemical.com\/wp-content\/uploads\/product-details\/20200612133635.png\" alt=\"Structure de l&#039;anthraquinone\" width=\"108\" height=\"93\" border=\"0\" vspace=\"0\" \/><\/p>\n<p>Aspect : poudre jaune clair ou cristal en aiguille<\/p>\n<p>Essai : 98%min<\/p>","protected":false},"featured_media":6488,"comment_status":"open","ping_status":"closed","template":"","meta":[],"product_brand":[],"product_cat":[69],"product_tag":[],"class_list":{"0":"post-4212","1":"product","2":"type-product","3":"status-publish","4":"has-post-thumbnail","6":"product_cat-catalysts-chemical-auxiliary-agents","8":"first","9":"instock","10":"shipping-taxable","11":"product-type-simple"},"yoast_head":"<!-- This site is optimized with the Yoast SEO plugin v25.3.1 - https:\/\/yoast.com\/wordpress\/plugins\/seo\/ -->\n<title>China Anthraquinone Manufacturer CAS 84-65-1 -Longchang Chemical<\/title>\n<meta name=\"description\" content=\"anthraquinone cas 84-65-1 is key product of Longchang Chemical. We provide best price. We are the leading manufacturer and supplier in China with the best quanlity and competitive price.\" \/>\n<meta name=\"robots\" content=\"index, follow, max-snippet:-1, max-image-preview:large, max-video-preview:-1\" \/>\n<link rel=\"canonical\" href=\"https:\/\/longchangchemical.com\/fr\/product\/anthraquinone-cas-84-65-1\/\" \/>\n<meta property=\"og:locale\" content=\"fr_FR\" \/>\n<meta property=\"og:type\" content=\"article\" \/>\n<meta property=\"og:title\" content=\"China Anthraquinone Manufacturer CAS 84-65-1 -Longchang Chemical\" \/>\n<meta property=\"og:description\" content=\"anthraquinone cas 84-65-1 is key product of Longchang Chemical. We provide best price. We are the leading manufacturer and supplier in China with the best quanlity and competitive price.\" \/>\n<meta property=\"og:url\" content=\"https:\/\/longchangchemical.com\/fr\/product\/anthraquinone-cas-84-65-1\/\" \/>\n<meta property=\"og:site_name\" content=\"Longchang Chemical\" \/>\n<meta property=\"article:modified_time\" content=\"2025-12-17T06:08:49+00:00\" \/>\n<meta property=\"og:image\" content=\"https:\/\/longchangchemical.com\/wp-content\/uploads\/2021\/01\/2-5.jpg\" \/>\n\t<meta property=\"og:image:width\" content=\"800\" \/>\n\t<meta property=\"og:image:height\" content=\"800\" \/>\n\t<meta property=\"og:image:type\" content=\"image\/jpeg\" \/>\n<meta name=\"twitter:card\" content=\"summary_large_image\" \/>\n<script type=\"application\/ld+json\" class=\"yoast-schema-graph\">{\"@context\":\"https:\/\/schema.org\",\"@graph\":[{\"@type\":\"WebPage\",\"@id\":\"https:\/\/longchangchemical.com\/product\/anthraquinone-cas-84-65-1\/\",\"url\":\"https:\/\/longchangchemical.com\/product\/anthraquinone-cas-84-65-1\/\",\"name\":\"China Anthraquinone Manufacturer CAS 84-65-1 -Longchang Chemical\",\"isPartOf\":{\"@id\":\"https:\/\/longchangchemical.com\/#website\"},\"primaryImageOfPage\":{\"@id\":\"https:\/\/longchangchemical.com\/product\/anthraquinone-cas-84-65-1\/#primaryimage\"},\"image\":{\"@id\":\"https:\/\/longchangchemical.com\/product\/anthraquinone-cas-84-65-1\/#primaryimage\"},\"thumbnailUrl\":\"https:\/\/longchangchemical.com\/wp-content\/uploads\/2021\/01\/2-5.jpg\",\"datePublished\":\"2024-01-17T01:21:28+00:00\",\"dateModified\":\"2025-12-17T06:08:49+00:00\",\"description\":\"anthraquinone cas 84-65-1 is key product of Longchang Chemical. We provide best price. We are the leading manufacturer and supplier in China with the best quanlity and competitive price.\",\"breadcrumb\":{\"@id\":\"https:\/\/longchangchemical.com\/product\/anthraquinone-cas-84-65-1\/#breadcrumb\"},\"inLanguage\":\"fr-FR\",\"potentialAction\":[{\"@type\":\"ReadAction\",\"target\":[\"https:\/\/longchangchemical.com\/product\/anthraquinone-cas-84-65-1\/\"]}]},{\"@type\":\"ImageObject\",\"inLanguage\":\"fr-FR\",\"@id\":\"https:\/\/longchangchemical.com\/product\/anthraquinone-cas-84-65-1\/#primaryimage\",\"url\":\"https:\/\/longchangchemical.com\/wp-content\/uploads\/2021\/01\/2-5.jpg\",\"contentUrl\":\"https:\/\/longchangchemical.com\/wp-content\/uploads\/2021\/01\/2-5.jpg\",\"width\":800,\"height\":800,\"caption\":\"anthraquinone cas 84-65-1\"},{\"@type\":\"BreadcrumbList\",\"@id\":\"https:\/\/longchangchemical.com\/product\/anthraquinone-cas-84-65-1\/#breadcrumb\",\"itemListElement\":[{\"@type\":\"ListItem\",\"position\":1,\"name\":\"Home\",\"item\":\"https:\/\/longchangchemical.com\/\"},{\"@type\":\"ListItem\",\"position\":2,\"name\":\"Products Longchang\",\"item\":\"https:\/\/longchangchemical.com\/product\/\"},{\"@type\":\"ListItem\",\"position\":3,\"name\":\"anthraquinone cas 84-65-1\"}]},{\"@type\":\"WebSite\",\"@id\":\"https:\/\/longchangchemical.com\/#website\",\"url\":\"https:\/\/longchangchemical.com\/\",\"name\":\"Longchang Chemical\",\"description\":\"China chemical manufacturer \uff06 supplier\",\"publisher\":{\"@id\":\"https:\/\/longchangchemical.com\/#organization\"},\"potentialAction\":[{\"@type\":\"SearchAction\",\"target\":{\"@type\":\"EntryPoint\",\"urlTemplate\":\"https:\/\/longchangchemical.com\/?s={search_term_string}\"},\"query-input\":{\"@type\":\"PropertyValueSpecification\",\"valueRequired\":true,\"valueName\":\"search_term_string\"}}],\"inLanguage\":\"fr-FR\"},{\"@type\":\"Organization\",\"@id\":\"https:\/\/longchangchemical.com\/#organization\",\"name\":\"Longchang Chemical\",\"url\":\"https:\/\/longchangchemical.com\/\",\"logo\":{\"@type\":\"ImageObject\",\"inLanguage\":\"fr-FR\",\"@id\":\"https:\/\/longchangchemical.com\/#\/schema\/logo\/image\/\",\"url\":\"https:\/\/longchangchemical.com\/wp-content\/uploads\/2020\/08\/cropped-longchang-logo.png\",\"contentUrl\":\"https:\/\/longchangchemical.com\/wp-content\/uploads\/2020\/08\/cropped-longchang-logo.png\",\"width\":512,\"height\":512,\"caption\":\"Longchang Chemical\"},\"image\":{\"@id\":\"https:\/\/longchangchemical.com\/#\/schema\/logo\/image\/\"}}]}<\/script>\n<!-- \/ Yoast SEO plugin. -->","yoast_head_json":{"title":"Fabricant chinois d'anthraquinone CAS 84-65-1 -Longchang Chemical","description":"anthraquinone cas 84-65-1 est un produit cl\u00e9 de Longchang Chemical. Nous fournissons le meilleur prix. Nous sommes le principal fabricant et fournisseur en Chine avec la meilleure quantit\u00e9 et le prix comp\u00e9titif.","robots":{"index":"index","follow":"follow","max-snippet":"max-snippet:-1","max-image-preview":"max-image-preview:large","max-video-preview":"max-video-preview:-1"},"canonical":"https:\/\/longchangchemical.com\/fr\/product\/anthraquinone-cas-84-65-1\/","og_locale":"fr_FR","og_type":"article","og_title":"China Anthraquinone Manufacturer CAS 84-65-1 -Longchang Chemical","og_description":"anthraquinone cas 84-65-1 is key product of Longchang Chemical. We provide best price. We are the leading manufacturer and supplier in China with the best quanlity and competitive price.","og_url":"https:\/\/longchangchemical.com\/fr\/product\/anthraquinone-cas-84-65-1\/","og_site_name":"Longchang Chemical","article_modified_time":"2025-12-17T06:08:49+00:00","og_image":[{"width":800,"height":800,"url":"https:\/\/longchangchemical.com\/wp-content\/uploads\/2021\/01\/2-5.jpg","type":"image\/jpeg"}],"twitter_card":"summary_large_image","schema":{"@context":"https:\/\/schema.org","@graph":[{"@type":"WebPage","@id":"https:\/\/longchangchemical.com\/product\/anthraquinone-cas-84-65-1\/","url":"https:\/\/longchangchemical.com\/product\/anthraquinone-cas-84-65-1\/","name":"Fabricant chinois d'anthraquinone CAS 84-65-1 -Longchang Chemical","isPartOf":{"@id":"https:\/\/longchangchemical.com\/#website"},"primaryImageOfPage":{"@id":"https:\/\/longchangchemical.com\/product\/anthraquinone-cas-84-65-1\/#primaryimage"},"image":{"@id":"https:\/\/longchangchemical.com\/product\/anthraquinone-cas-84-65-1\/#primaryimage"},"thumbnailUrl":"https:\/\/longchangchemical.com\/wp-content\/uploads\/2021\/01\/2-5.jpg","datePublished":"2024-01-17T01:21:28+00:00","dateModified":"2025-12-17T06:08:49+00:00","description":"anthraquinone cas 84-65-1 est un produit cl\u00e9 de Longchang Chemical. Nous fournissons le meilleur prix. Nous sommes le principal fabricant et fournisseur en Chine avec la meilleure quantit\u00e9 et le prix comp\u00e9titif.","breadcrumb":{"@id":"https:\/\/longchangchemical.com\/product\/anthraquinone-cas-84-65-1\/#breadcrumb"},"inLanguage":"fr-FR","potentialAction":[{"@type":"ReadAction","target":["https:\/\/longchangchemical.com\/product\/anthraquinone-cas-84-65-1\/"]}]},{"@type":"ImageObject","inLanguage":"fr-FR","@id":"https:\/\/longchangchemical.com\/product\/anthraquinone-cas-84-65-1\/#primaryimage","url":"https:\/\/longchangchemical.com\/wp-content\/uploads\/2021\/01\/2-5.jpg","contentUrl":"https:\/\/longchangchemical.com\/wp-content\/uploads\/2021\/01\/2-5.jpg","width":800,"height":800,"caption":"anthraquinone cas 84-65-1"},{"@type":"BreadcrumbList","@id":"https:\/\/longchangchemical.com\/product\/anthraquinone-cas-84-65-1\/#breadcrumb","itemListElement":[{"@type":"ListItem","position":1,"name":"Home","item":"https:\/\/longchangchemical.com\/"},{"@type":"ListItem","position":2,"name":"Products Longchang","item":"https:\/\/longchangchemical.com\/product\/"},{"@type":"ListItem","position":3,"name":"anthraquinone cas 84-65-1"}]},{"@type":"WebSite","@id":"https:\/\/longchangchemical.com\/#website","url":"https:\/\/longchangchemical.com\/","name":"Longchang Chemical","description":"Fabricant chinois de produits chimiques \uff06 fournisseur","publisher":{"@id":"https:\/\/longchangchemical.com\/#organization"},"potentialAction":[{"@type":"SearchAction","target":{"@type":"EntryPoint","urlTemplate":"https:\/\/longchangchemical.com\/?s={search_term_string}"},"query-input":{"@type":"PropertyValueSpecification","valueRequired":true,"valueName":"search_term_string"}}],"inLanguage":"fr-FR"},{"@type":"Organization","@id":"https:\/\/longchangchemical.com\/#organization","name":"Longchang Chemical","url":"https:\/\/longchangchemical.com\/","logo":{"@type":"ImageObject","inLanguage":"fr-FR","@id":"https:\/\/longchangchemical.com\/#\/schema\/logo\/image\/","url":"https:\/\/longchangchemical.com\/wp-content\/uploads\/2020\/08\/cropped-longchang-logo.png","contentUrl":"https:\/\/longchangchemical.com\/wp-content\/uploads\/2020\/08\/cropped-longchang-logo.png","width":512,"height":512,"caption":"Longchang Chemical"},"image":{"@id":"https:\/\/longchangchemical.com\/#\/schema\/logo\/image\/"}}]}},"_links":{"self":[{"href":"https:\/\/longchangchemical.com\/fr\/wp-json\/wp\/v2\/product\/4212","targetHints":{"allow":["GET"]}}],"collection":[{"href":"https:\/\/longchangchemical.com\/fr\/wp-json\/wp\/v2\/product"}],"about":[{"href":"https:\/\/longchangchemical.com\/fr\/wp-json\/wp\/v2\/types\/product"}],"replies":[{"embeddable":true,"href":"https:\/\/longchangchemical.com\/fr\/wp-json\/wp\/v2\/comments?post=4212"}],"wp:featuredmedia":[{"embeddable":true,"href":"https:\/\/longchangchemical.com\/fr\/wp-json\/wp\/v2\/media\/6488"}],"wp:attachment":[{"href":"https:\/\/longchangchemical.com\/fr\/wp-json\/wp\/v2\/media?parent=4212"}],"wp:term":[{"taxonomy":"product_brand","embeddable":true,"href":"https:\/\/longchangchemical.com\/fr\/wp-json\/wp\/v2\/product_brand?post=4212"},{"taxonomy":"product_cat","embeddable":true,"href":"https:\/\/longchangchemical.com\/fr\/wp-json\/wp\/v2\/product_cat?post=4212"},{"taxonomy":"product_tag","embeddable":true,"href":"https:\/\/longchangchemical.com\/fr\/wp-json\/wp\/v2\/product_tag?post=4212"}],"curies":[{"name":"wp","href":"https:\/\/api.w.org\/{rel}","templated":true}]}}