{"id":4210,"date":"2024-01-17T01:52:32","date_gmt":"2024-01-17T01:52:32","guid":{"rendered":"https:\/\/longchangchemical.com\/?post_type=product&#038;p=4210"},"modified":"2025-12-17T04:27:43","modified_gmt":"2025-12-17T04:27:43","slug":"n-acetylmorpholine-cas-1696-20-4","status":"publish","type":"product","link":"https:\/\/longchangchemical.com\/fr\/product\/n-acetylmorpholine-cas-1696-20-4\/","title":{"rendered":"n-ac\u00e9tylmorpholine cas 1696-20-4"},"content":{"rendered":"<h2><strong>Propri\u00e9t\u00e9s de la N-ac\u00e9tylmorpholine<\/strong><\/h2>\n<table class=\"table-1\" cellspacing=\"0\">\n<tbody>\n<tr>\n<td>Essai (G.C.)<\/td>\n<td>\u226599%<\/td>\n<\/tr>\n<tr>\n<td>Densit\u00e9<\/td>\n<td>1.116<\/td>\n<\/tr>\n<tr>\n<td>Point d'\u00e9bullition<\/td>\n<td>240\u2103<\/td>\n<\/tr>\n<tr>\n<td>Point d'\u00e9clair<\/td>\n<td>122\u2103<\/td>\n<\/tr>\n<\/tbody>\n<\/table>\n<h2><strong>Utilisation de la N-ac\u00e9tylmorpholine<\/strong><\/h2>\n<p>La N-ac\u00e9tylmorpholine est un interm\u00e9diaire tr\u00e8s important pour les pesticides. C'est l'une des principales mati\u00e8res premi\u00e8res entrant dans la composition des fongicides agricoles dim\u00e9thomorphes et flumorphes.<\/p>\n<ol>\n<li><strong>Synth\u00e8se chimique :<\/strong> La N-ac\u00e9tylmorpholine, dont le num\u00e9ro CAS est 1696-20-4, est couramment utilis\u00e9e en synth\u00e8se chimique. Elle sert d'interm\u00e9diaire polyvalent dans la production de divers compos\u00e9s organiques, y compris des produits pharmaceutiques, agrochimiques et des sp\u00e9cialit\u00e9s chimiques.<\/li>\n<li><strong>Industrie des polym\u00e8res :<\/strong> Ce compos\u00e9 trouve des applications dans l'industrie des polym\u00e8res. La N-ac\u00e9tylmorpholine est utilis\u00e9e comme catalyseur et milieu r\u00e9actionnel dans les processus de polym\u00e9risation, contribuant \u00e0 la production de polym\u00e8res et copolym\u00e8res sp\u00e9cifiques.<\/li>\n<li><strong>Inhibiteur de corrosion :<\/strong> La N-ac\u00e9tylmorpholine est utilis\u00e9e comme inhibiteur de corrosion dans certains processus industriels. Elle aide \u00e0 prot\u00e9ger les surfaces m\u00e9talliques de la corrosion, am\u00e9liorant ainsi la long\u00e9vit\u00e9 et la durabilit\u00e9 des \u00e9quipements.<\/li>\n<li><strong>Solvant :<\/strong> Dans certains cas, la N-ac\u00e9tylmorpholine est utilis\u00e9e comme solvant dans diverses r\u00e9actions et processus chimiques. Ses propri\u00e9t\u00e9s uniques lui permettent d'\u00eatre utilis\u00e9e dans des applications industrielles et de laboratoire sp\u00e9cifiques.<\/li>\n<\/ol>\n<h2><strong>N-AcetylmorpholineEmballage et exp\u00e9dition<\/strong><\/h2>\n<p>Emballage : 200kgs\/tambour.<\/p>\n<p>Livraison : dans un d\u00e9lai de 5 \u00e0 7 jours ouvrables.<\/p>\n<h2><strong>Stockage de la N-ac\u00e9tylmorpholine<\/strong><\/h2>\n<p>Stock\u00e9 dans un endroit frais et sec, \u00e0 l'abri de la lumi\u00e8re directe du soleil.<\/p>\n<h2><strong><b>Contactez-nous d\u00e8s maintenant !<\/b><\/strong><\/h2>\n<h4><strong><b>Si vous avez besoin de COA, MSDS ou TDS, veuillez remplir vos coordonn\u00e9es dans le formulaire ci-dessous, nous vous contacterons g\u00e9n\u00e9ralement dans les 24 heures. Vous pouvez \u00e9galement m'envoyer un courriel <span style=\"color: #0000ff;\"><a style=\"color: #0000ff;\" href=\"mailto:info@longchangchemical.com\">info@longchangchemical.com<\/a><\/span> pendant les heures de travail ( 8:30 am to 6:00 pm UTC+8 Mon.~Sat. ) ou utilisez le chat en direct du site web pour obtenir une r\u00e9ponse rapide.<\/b><\/strong><\/h4>","protected":false},"excerpt":{"rendered":"<h2><strong>N-ac\u00e9tylmorpholineD\u00e9tails rapides<\/strong><\/h2>\n<p>Nom du produit : N-ac\u00e9tylmorpholine<\/p>\n<p>D\u00e9nomination chimique : 4-ac\u00e9tylmorpholine ; 1-morpholino\u00e9thanone ; 1-morpholine-4-ylethanone<\/p>\n<p>Cas No. : 1696-20-4<\/p>\n<p>Formule mol\u00e9culaire : C6H11NO2<\/p>\n<p>Poids mol\u00e9culaire : 129,15700<\/p>\n<p>Structure de la N-ac\u00e9tylmorpholine :<img decoding=\"async\" title=\"Structure de la N-ac\u00e9tylmorpholine\" src=\"https:\/\/www.longchangchemical.com\/wp-content\/uploads\/product-details\/20200611227023.png\" alt=\"Structure de la N-ac\u00e9tylmorpholine\" width=\"84\" height=\"45\" border=\"0\" vspace=\"0\" \/><\/p>","protected":false},"featured_media":6494,"comment_status":"open","ping_status":"closed","template":"","meta":[],"product_brand":[],"product_cat":[69],"product_tag":[],"class_list":{"0":"post-4210","1":"product","2":"type-product","3":"status-publish","4":"has-post-thumbnail","6":"product_cat-catalysts-chemical-auxiliary-agents","8":"first","9":"instock","10":"shipping-taxable","11":"product-type-simple"},"yoast_head":"<!-- This site is optimized with the Yoast SEO plugin v25.3.1 - https:\/\/yoast.com\/wordpress\/plugins\/seo\/ -->\n<title>China n-Acetylmorpholine Manufacturer CAS 1696-20-4 -Longchang Chemical<\/title>\n<meta name=\"description\" content=\"n-acetylmorpholine cas 1696-20-4 is key product of Longchang Chemical. We provide best price. We are the leading manufacturer and supplier in China with the best quanlity and competitive price.\" \/>\n<meta name=\"robots\" content=\"index, follow, max-snippet:-1, max-image-preview:large, max-video-preview:-1\" \/>\n<link rel=\"canonical\" href=\"https:\/\/longchangchemical.com\/fr\/product\/n-acetylmorpholine-cas-1696-20-4\/\" \/>\n<meta property=\"og:locale\" content=\"fr_FR\" \/>\n<meta property=\"og:type\" content=\"article\" \/>\n<meta property=\"og:title\" content=\"China n-Acetylmorpholine Manufacturer CAS 1696-20-4 -Longchang Chemical\" \/>\n<meta property=\"og:description\" content=\"n-acetylmorpholine cas 1696-20-4 is key product of Longchang Chemical. We provide best price. We are the leading manufacturer and supplier in China with the best quanlity and competitive price.\" \/>\n<meta property=\"og:url\" content=\"https:\/\/longchangchemical.com\/fr\/product\/n-acetylmorpholine-cas-1696-20-4\/\" \/>\n<meta property=\"og:site_name\" content=\"Longchang Chemical\" \/>\n<meta property=\"article:modified_time\" content=\"2025-12-17T04:27:43+00:00\" \/>\n<meta property=\"og:image\" content=\"https:\/\/longchangchemical.com\/wp-content\/uploads\/2021\/01\/7-5.jpg\" \/>\n\t<meta property=\"og:image:width\" content=\"800\" \/>\n\t<meta property=\"og:image:height\" content=\"800\" \/>\n\t<meta property=\"og:image:type\" content=\"image\/jpeg\" \/>\n<meta name=\"twitter:card\" content=\"summary_large_image\" \/>\n<script type=\"application\/ld+json\" class=\"yoast-schema-graph\">{\"@context\":\"https:\/\/schema.org\",\"@graph\":[{\"@type\":\"WebPage\",\"@id\":\"https:\/\/longchangchemical.com\/product\/n-acetylmorpholine-cas-1696-20-4\/\",\"url\":\"https:\/\/longchangchemical.com\/product\/n-acetylmorpholine-cas-1696-20-4\/\",\"name\":\"China n-Acetylmorpholine Manufacturer CAS 1696-20-4 -Longchang Chemical\",\"isPartOf\":{\"@id\":\"https:\/\/longchangchemical.com\/#website\"},\"primaryImageOfPage\":{\"@id\":\"https:\/\/longchangchemical.com\/product\/n-acetylmorpholine-cas-1696-20-4\/#primaryimage\"},\"image\":{\"@id\":\"https:\/\/longchangchemical.com\/product\/n-acetylmorpholine-cas-1696-20-4\/#primaryimage\"},\"thumbnailUrl\":\"https:\/\/longchangchemical.com\/wp-content\/uploads\/2021\/01\/7-5.jpg\",\"datePublished\":\"2024-01-17T01:52:32+00:00\",\"dateModified\":\"2025-12-17T04:27:43+00:00\",\"description\":\"n-acetylmorpholine cas 1696-20-4 is key product of Longchang Chemical. We provide best price. We are the leading manufacturer and supplier in China with the best quanlity and competitive price.\",\"breadcrumb\":{\"@id\":\"https:\/\/longchangchemical.com\/product\/n-acetylmorpholine-cas-1696-20-4\/#breadcrumb\"},\"inLanguage\":\"fr-FR\",\"potentialAction\":[{\"@type\":\"ReadAction\",\"target\":[\"https:\/\/longchangchemical.com\/product\/n-acetylmorpholine-cas-1696-20-4\/\"]}]},{\"@type\":\"ImageObject\",\"inLanguage\":\"fr-FR\",\"@id\":\"https:\/\/longchangchemical.com\/product\/n-acetylmorpholine-cas-1696-20-4\/#primaryimage\",\"url\":\"https:\/\/longchangchemical.com\/wp-content\/uploads\/2021\/01\/7-5.jpg\",\"contentUrl\":\"https:\/\/longchangchemical.com\/wp-content\/uploads\/2021\/01\/7-5.jpg\",\"width\":800,\"height\":800,\"caption\":\"n-acetylmorpholine cas 1696-20-4\"},{\"@type\":\"BreadcrumbList\",\"@id\":\"https:\/\/longchangchemical.com\/product\/n-acetylmorpholine-cas-1696-20-4\/#breadcrumb\",\"itemListElement\":[{\"@type\":\"ListItem\",\"position\":1,\"name\":\"Home\",\"item\":\"https:\/\/longchangchemical.com\/\"},{\"@type\":\"ListItem\",\"position\":2,\"name\":\"Products Longchang\",\"item\":\"https:\/\/longchangchemical.com\/product\/\"},{\"@type\":\"ListItem\",\"position\":3,\"name\":\"n-acetylmorpholine cas 1696-20-4\"}]},{\"@type\":\"WebSite\",\"@id\":\"https:\/\/longchangchemical.com\/#website\",\"url\":\"https:\/\/longchangchemical.com\/\",\"name\":\"Longchang Chemical\",\"description\":\"China chemical manufacturer \uff06 supplier\",\"publisher\":{\"@id\":\"https:\/\/longchangchemical.com\/#organization\"},\"potentialAction\":[{\"@type\":\"SearchAction\",\"target\":{\"@type\":\"EntryPoint\",\"urlTemplate\":\"https:\/\/longchangchemical.com\/?s={search_term_string}\"},\"query-input\":{\"@type\":\"PropertyValueSpecification\",\"valueRequired\":true,\"valueName\":\"search_term_string\"}}],\"inLanguage\":\"fr-FR\"},{\"@type\":\"Organization\",\"@id\":\"https:\/\/longchangchemical.com\/#organization\",\"name\":\"Longchang Chemical\",\"url\":\"https:\/\/longchangchemical.com\/\",\"logo\":{\"@type\":\"ImageObject\",\"inLanguage\":\"fr-FR\",\"@id\":\"https:\/\/longchangchemical.com\/#\/schema\/logo\/image\/\",\"url\":\"https:\/\/longchangchemical.com\/wp-content\/uploads\/2020\/08\/cropped-longchang-logo.png\",\"contentUrl\":\"https:\/\/longchangchemical.com\/wp-content\/uploads\/2020\/08\/cropped-longchang-logo.png\",\"width\":512,\"height\":512,\"caption\":\"Longchang Chemical\"},\"image\":{\"@id\":\"https:\/\/longchangchemical.com\/#\/schema\/logo\/image\/\"}}]}<\/script>\n<!-- \/ Yoast SEO plugin. -->","yoast_head_json":{"title":"Fabricant chinois de n-ac\u00e9tylmorpholine CAS 1696-20-4 -Longchang Chemical","description":"La n-ac\u00e9tylmorpholine cas 1696-20-4 est un produit cl\u00e9 de Longchang Chemical. Nous fournissons le meilleur prix. Nous sommes le principal fabricant et fournisseur en Chine avec les meilleures quantit\u00e9s et des prix comp\u00e9titifs.","robots":{"index":"index","follow":"follow","max-snippet":"max-snippet:-1","max-image-preview":"max-image-preview:large","max-video-preview":"max-video-preview:-1"},"canonical":"https:\/\/longchangchemical.com\/fr\/product\/n-acetylmorpholine-cas-1696-20-4\/","og_locale":"fr_FR","og_type":"article","og_title":"China n-Acetylmorpholine Manufacturer CAS 1696-20-4 -Longchang Chemical","og_description":"n-acetylmorpholine cas 1696-20-4 is key product of Longchang Chemical. We provide best price. We are the leading manufacturer and supplier in China with the best quanlity and competitive price.","og_url":"https:\/\/longchangchemical.com\/fr\/product\/n-acetylmorpholine-cas-1696-20-4\/","og_site_name":"Longchang Chemical","article_modified_time":"2025-12-17T04:27:43+00:00","og_image":[{"width":800,"height":800,"url":"https:\/\/longchangchemical.com\/wp-content\/uploads\/2021\/01\/7-5.jpg","type":"image\/jpeg"}],"twitter_card":"summary_large_image","schema":{"@context":"https:\/\/schema.org","@graph":[{"@type":"WebPage","@id":"https:\/\/longchangchemical.com\/product\/n-acetylmorpholine-cas-1696-20-4\/","url":"https:\/\/longchangchemical.com\/product\/n-acetylmorpholine-cas-1696-20-4\/","name":"Fabricant chinois de n-ac\u00e9tylmorpholine CAS 1696-20-4 -Longchang Chemical","isPartOf":{"@id":"https:\/\/longchangchemical.com\/#website"},"primaryImageOfPage":{"@id":"https:\/\/longchangchemical.com\/product\/n-acetylmorpholine-cas-1696-20-4\/#primaryimage"},"image":{"@id":"https:\/\/longchangchemical.com\/product\/n-acetylmorpholine-cas-1696-20-4\/#primaryimage"},"thumbnailUrl":"https:\/\/longchangchemical.com\/wp-content\/uploads\/2021\/01\/7-5.jpg","datePublished":"2024-01-17T01:52:32+00:00","dateModified":"2025-12-17T04:27:43+00:00","description":"La n-ac\u00e9tylmorpholine cas 1696-20-4 est un produit cl\u00e9 de Longchang Chemical. Nous fournissons le meilleur prix. Nous sommes le principal fabricant et fournisseur en Chine avec les meilleures quantit\u00e9s et des prix comp\u00e9titifs.","breadcrumb":{"@id":"https:\/\/longchangchemical.com\/product\/n-acetylmorpholine-cas-1696-20-4\/#breadcrumb"},"inLanguage":"fr-FR","potentialAction":[{"@type":"ReadAction","target":["https:\/\/longchangchemical.com\/product\/n-acetylmorpholine-cas-1696-20-4\/"]}]},{"@type":"ImageObject","inLanguage":"fr-FR","@id":"https:\/\/longchangchemical.com\/product\/n-acetylmorpholine-cas-1696-20-4\/#primaryimage","url":"https:\/\/longchangchemical.com\/wp-content\/uploads\/2021\/01\/7-5.jpg","contentUrl":"https:\/\/longchangchemical.com\/wp-content\/uploads\/2021\/01\/7-5.jpg","width":800,"height":800,"caption":"n-acetylmorpholine cas 1696-20-4"},{"@type":"BreadcrumbList","@id":"https:\/\/longchangchemical.com\/product\/n-acetylmorpholine-cas-1696-20-4\/#breadcrumb","itemListElement":[{"@type":"ListItem","position":1,"name":"Home","item":"https:\/\/longchangchemical.com\/"},{"@type":"ListItem","position":2,"name":"Products Longchang","item":"https:\/\/longchangchemical.com\/product\/"},{"@type":"ListItem","position":3,"name":"n-acetylmorpholine cas 1696-20-4"}]},{"@type":"WebSite","@id":"https:\/\/longchangchemical.com\/#website","url":"https:\/\/longchangchemical.com\/","name":"Longchang Chemical","description":"Fabricant chinois de produits chimiques \uff06 fournisseur","publisher":{"@id":"https:\/\/longchangchemical.com\/#organization"},"potentialAction":[{"@type":"SearchAction","target":{"@type":"EntryPoint","urlTemplate":"https:\/\/longchangchemical.com\/?s={search_term_string}"},"query-input":{"@type":"PropertyValueSpecification","valueRequired":true,"valueName":"search_term_string"}}],"inLanguage":"fr-FR"},{"@type":"Organization","@id":"https:\/\/longchangchemical.com\/#organization","name":"Longchang Chemical","url":"https:\/\/longchangchemical.com\/","logo":{"@type":"ImageObject","inLanguage":"fr-FR","@id":"https:\/\/longchangchemical.com\/#\/schema\/logo\/image\/","url":"https:\/\/longchangchemical.com\/wp-content\/uploads\/2020\/08\/cropped-longchang-logo.png","contentUrl":"https:\/\/longchangchemical.com\/wp-content\/uploads\/2020\/08\/cropped-longchang-logo.png","width":512,"height":512,"caption":"Longchang Chemical"},"image":{"@id":"https:\/\/longchangchemical.com\/#\/schema\/logo\/image\/"}}]}},"_links":{"self":[{"href":"https:\/\/longchangchemical.com\/fr\/wp-json\/wp\/v2\/product\/4210","targetHints":{"allow":["GET"]}}],"collection":[{"href":"https:\/\/longchangchemical.com\/fr\/wp-json\/wp\/v2\/product"}],"about":[{"href":"https:\/\/longchangchemical.com\/fr\/wp-json\/wp\/v2\/types\/product"}],"replies":[{"embeddable":true,"href":"https:\/\/longchangchemical.com\/fr\/wp-json\/wp\/v2\/comments?post=4210"}],"wp:featuredmedia":[{"embeddable":true,"href":"https:\/\/longchangchemical.com\/fr\/wp-json\/wp\/v2\/media\/6494"}],"wp:attachment":[{"href":"https:\/\/longchangchemical.com\/fr\/wp-json\/wp\/v2\/media?parent=4210"}],"wp:term":[{"taxonomy":"product_brand","embeddable":true,"href":"https:\/\/longchangchemical.com\/fr\/wp-json\/wp\/v2\/product_brand?post=4210"},{"taxonomy":"product_cat","embeddable":true,"href":"https:\/\/longchangchemical.com\/fr\/wp-json\/wp\/v2\/product_cat?post=4210"},{"taxonomy":"product_tag","embeddable":true,"href":"https:\/\/longchangchemical.com\/fr\/wp-json\/wp\/v2\/product_tag?post=4210"}],"curies":[{"name":"wp","href":"https:\/\/api.w.org\/{rel}","templated":true}]}}