{"id":4203,"date":"2024-01-18T02:54:18","date_gmt":"2024-01-18T02:54:18","guid":{"rendered":"https:\/\/longchangchemical.com\/?post_type=product&#038;p=4203"},"modified":"2025-12-17T04:19:39","modified_gmt":"2025-12-17T04:19:39","slug":"2-methyl-anthraquinone-cas-84-54-8","status":"publish","type":"product","link":"https:\/\/longchangchemical.com\/fr\/product\/2-methyl-anthraquinone-cas-84-54-8\/","title":{"rendered":"2-m\u00e9thyl anthraquinone cas 84-54-8"},"content":{"rendered":"<h2><strong>2-M\u00e9thylanthraquinone Propri\u00e9t\u00e9s typiques<\/strong><\/h2>\n<table class=\"table-1\" cellspacing=\"0\">\n<tbody>\n<tr>\n<td>Objet<\/td>\n<td>Standard<\/td>\n<td>R\u00e9sultats<\/td>\n<\/tr>\n<tr>\n<td>Apparence<\/td>\n<td>Poudre jaune clair<\/td>\n<td>99.13%<\/td>\n<\/tr>\n<tr>\n<td>Essai<\/td>\n<td>\u2265 99.0 %<\/td>\n<td>285.3<\/td>\n<\/tr>\n<tr>\n<td>Point de fusion initial s\u00e9ch\u00e9 \u2103<\/td>\n<td>\u2265 284.2<\/td>\n<td>108.2\u2103<\/td>\n<\/tr>\n<tr>\n<td>Ash%<\/td>\n<td>\u2264 0,5%<\/td>\n<td>0.39%<\/td>\n<\/tr>\n<tr>\n<td>Perte au s\u00e9chage %<\/td>\n<td>\u2264 0,4%<\/td>\n<td>0.24%<\/td>\n<\/tr>\n<tr>\n<td>Paquet<\/td>\n<td>Sac en plastique tiss\u00e9 de 25 kg<\/td>\n<td>Conforme<\/td>\n<\/tr>\n<tr>\n<td>Conclusion<\/td>\n<td colspan=\"2\">Qualifi\u00e9<\/td>\n<\/tr>\n<\/tbody>\n<\/table>\n<h2><strong>Utilisation de la 2-m\u00e9thylanthraquinone<\/strong><\/h2>\n<p>1. utilis\u00e9s comme colorants et pigments interm\u00e9diaires.<\/p>\n<p>2. utilis\u00e9 comme additif de cuisson pour la production de p\u00e2te \u00e0 papier dans l'industrie papeti\u00e8re.<\/p>\n<p>La 3,2-m\u00e9thylanthraquinone est utilis\u00e9e comme interm\u00e9diaire pharmaceutique. Elle est utilis\u00e9e dans les teintures anti-smog.<\/p>\n<p>La 4.2-M\u00e9thylanthraquinone peut \u00eatre utilis\u00e9e dans la pr\u00e9paration de d\u00e9riv\u00e9s d'anthraquinone potentiellement bior\u00e9ductibles.<\/p>\n<h2><strong>Emballage et exp\u00e9dition de la 2-M\u00e9thylanthraquinone<\/strong><\/h2>\n<p>Emballage : 25kg\/sac<\/p>\n<h2><strong>Stockage de la 2-m\u00e9thylanthraquinone<\/strong><\/h2>\n<p>Stock\u00e9 dans un endroit frais et sec, \u00e0 l'abri de la lumi\u00e8re directe du soleil.<\/p>\n<h2><strong><b>Contactez-nous d\u00e8s maintenant !<\/b><\/strong><\/h2>\n<h4><strong><b>Si vous avez besoin de COA, MSDS ou TDS, veuillez remplir vos coordonn\u00e9es dans le formulaire ci-dessous, nous vous contacterons g\u00e9n\u00e9ralement dans les 24 heures. Vous pouvez \u00e9galement m'envoyer un courriel <span style=\"color: #0000ff;\"><a style=\"color: #0000ff;\" href=\"mailto:info@longchangchemical.com\">info@longchangchemical.com<\/a><\/span> pendant les heures de travail ( 8:30 am to 6:00 pm UTC+8 Mon.~Sat. ) ou utilisez le chat en direct du site web pour obtenir une r\u00e9ponse rapide.<\/b><\/strong><\/h4>","protected":false},"excerpt":{"rendered":"<h2><strong>2-M\u00e9thylanthraquinone D\u00e9tails rapides<\/strong><\/h2>\n<p>Nom chimique : 2-M\u00e9thylanthraquinone<\/p>\n<p>Num\u00e9ro CAS : 84-54-8<\/p>\n<p>Formule mol\u00e9culaire : C15H10O2<\/p>\n<p>Poids mol\u00e9culaire : 222,24<\/p>\n<p>Structure chimique :<img decoding=\"async\" title=\"Structure de la 2-m\u00e9thylanthraquinone\" src=\"https:\/\/www.longchangchemical.com\/wp-content\/uploads\/product-details\/20200612217798.png\" alt=\"Structure de la 2-m\u00e9thylanthraquinone\" width=\"126\" height=\"93\" border=\"0\" vspace=\"0\" \/><\/p>\n<p>Aspect : Poudre jaune clair<\/p>\n<p>Essai : 99%<\/p>","protected":false},"featured_media":6515,"comment_status":"open","ping_status":"closed","template":"","meta":[],"product_brand":[],"product_cat":[69],"product_tag":[],"class_list":{"0":"post-4203","1":"product","2":"type-product","3":"status-publish","4":"has-post-thumbnail","6":"product_cat-catalysts-chemical-auxiliary-agents","8":"first","9":"instock","10":"shipping-taxable","11":"product-type-simple"},"yoast_head":"<!-- This site is optimized with the Yoast SEO plugin v25.3.1 - https:\/\/yoast.com\/wordpress\/plugins\/seo\/ -->\n<title>China 2-methyl anthraquinone Manufacturer CAS 84-54-8 -Longchang Chemical<\/title>\n<meta name=\"description\" content=\"2-methyl anthraquinone cas 84-54-8 is key product of Longchang Chemical. We provide best price. We are the leading manufacturer and supplier in China with the best quanlity and competitive price.\" \/>\n<meta name=\"robots\" content=\"index, follow, max-snippet:-1, max-image-preview:large, max-video-preview:-1\" \/>\n<link rel=\"canonical\" href=\"https:\/\/longchangchemical.com\/fr\/product\/2-methyl-anthraquinone-cas-84-54-8\/\" \/>\n<meta property=\"og:locale\" content=\"fr_FR\" \/>\n<meta property=\"og:type\" content=\"article\" \/>\n<meta property=\"og:title\" content=\"China 2-methyl anthraquinone Manufacturer CAS 84-54-8 -Longchang Chemical\" \/>\n<meta property=\"og:description\" content=\"2-methyl anthraquinone cas 84-54-8 is key product of Longchang Chemical. We provide best price. We are the leading manufacturer and supplier in China with the best quanlity and competitive price.\" \/>\n<meta property=\"og:url\" content=\"https:\/\/longchangchemical.com\/fr\/product\/2-methyl-anthraquinone-cas-84-54-8\/\" \/>\n<meta property=\"og:site_name\" content=\"Longchang Chemical\" \/>\n<meta property=\"article:modified_time\" content=\"2025-12-17T04:19:39+00:00\" \/>\n<meta property=\"og:image\" content=\"https:\/\/longchangchemical.com\/wp-content\/uploads\/2024\/01\/8-2.jpg\" \/>\n\t<meta property=\"og:image:width\" content=\"800\" \/>\n\t<meta property=\"og:image:height\" content=\"800\" \/>\n\t<meta property=\"og:image:type\" content=\"image\/jpeg\" \/>\n<meta name=\"twitter:card\" content=\"summary_large_image\" \/>\n<script type=\"application\/ld+json\" class=\"yoast-schema-graph\">{\"@context\":\"https:\/\/schema.org\",\"@graph\":[{\"@type\":\"WebPage\",\"@id\":\"https:\/\/longchangchemical.com\/product\/2-methyl-anthraquinone-cas-84-54-8\/\",\"url\":\"https:\/\/longchangchemical.com\/product\/2-methyl-anthraquinone-cas-84-54-8\/\",\"name\":\"China 2-methyl anthraquinone Manufacturer CAS 84-54-8 -Longchang Chemical\",\"isPartOf\":{\"@id\":\"https:\/\/longchangchemical.com\/#website\"},\"primaryImageOfPage\":{\"@id\":\"https:\/\/longchangchemical.com\/product\/2-methyl-anthraquinone-cas-84-54-8\/#primaryimage\"},\"image\":{\"@id\":\"https:\/\/longchangchemical.com\/product\/2-methyl-anthraquinone-cas-84-54-8\/#primaryimage\"},\"thumbnailUrl\":\"https:\/\/longchangchemical.com\/wp-content\/uploads\/2024\/01\/8-2.jpg\",\"datePublished\":\"2024-01-18T02:54:18+00:00\",\"dateModified\":\"2025-12-17T04:19:39+00:00\",\"description\":\"2-methyl anthraquinone cas 84-54-8 is key product of Longchang Chemical. We provide best price. We are the leading manufacturer and supplier in China with the best quanlity and competitive price.\",\"breadcrumb\":{\"@id\":\"https:\/\/longchangchemical.com\/product\/2-methyl-anthraquinone-cas-84-54-8\/#breadcrumb\"},\"inLanguage\":\"fr-FR\",\"potentialAction\":[{\"@type\":\"ReadAction\",\"target\":[\"https:\/\/longchangchemical.com\/product\/2-methyl-anthraquinone-cas-84-54-8\/\"]}]},{\"@type\":\"ImageObject\",\"inLanguage\":\"fr-FR\",\"@id\":\"https:\/\/longchangchemical.com\/product\/2-methyl-anthraquinone-cas-84-54-8\/#primaryimage\",\"url\":\"https:\/\/longchangchemical.com\/wp-content\/uploads\/2024\/01\/8-2.jpg\",\"contentUrl\":\"https:\/\/longchangchemical.com\/wp-content\/uploads\/2024\/01\/8-2.jpg\",\"width\":800,\"height\":800,\"caption\":\"2-methyl anthraquinone cas 84-54-8\"},{\"@type\":\"BreadcrumbList\",\"@id\":\"https:\/\/longchangchemical.com\/product\/2-methyl-anthraquinone-cas-84-54-8\/#breadcrumb\",\"itemListElement\":[{\"@type\":\"ListItem\",\"position\":1,\"name\":\"Home\",\"item\":\"https:\/\/longchangchemical.com\/\"},{\"@type\":\"ListItem\",\"position\":2,\"name\":\"Products Longchang\",\"item\":\"https:\/\/longchangchemical.com\/product\/\"},{\"@type\":\"ListItem\",\"position\":3,\"name\":\"2-methyl anthraquinone cas 84-54-8\"}]},{\"@type\":\"WebSite\",\"@id\":\"https:\/\/longchangchemical.com\/#website\",\"url\":\"https:\/\/longchangchemical.com\/\",\"name\":\"Longchang Chemical\",\"description\":\"China chemical manufacturer \uff06 supplier\",\"publisher\":{\"@id\":\"https:\/\/longchangchemical.com\/#organization\"},\"potentialAction\":[{\"@type\":\"SearchAction\",\"target\":{\"@type\":\"EntryPoint\",\"urlTemplate\":\"https:\/\/longchangchemical.com\/?s={search_term_string}\"},\"query-input\":{\"@type\":\"PropertyValueSpecification\",\"valueRequired\":true,\"valueName\":\"search_term_string\"}}],\"inLanguage\":\"fr-FR\"},{\"@type\":\"Organization\",\"@id\":\"https:\/\/longchangchemical.com\/#organization\",\"name\":\"Longchang Chemical\",\"url\":\"https:\/\/longchangchemical.com\/\",\"logo\":{\"@type\":\"ImageObject\",\"inLanguage\":\"fr-FR\",\"@id\":\"https:\/\/longchangchemical.com\/#\/schema\/logo\/image\/\",\"url\":\"https:\/\/longchangchemical.com\/wp-content\/uploads\/2020\/08\/cropped-longchang-logo.png\",\"contentUrl\":\"https:\/\/longchangchemical.com\/wp-content\/uploads\/2020\/08\/cropped-longchang-logo.png\",\"width\":512,\"height\":512,\"caption\":\"Longchang Chemical\"},\"image\":{\"@id\":\"https:\/\/longchangchemical.com\/#\/schema\/logo\/image\/\"}}]}<\/script>\n<!-- \/ Yoast SEO plugin. -->","yoast_head_json":{"title":"Fabricant chinois de 2-m\u00e9thyl anthraquinone CAS 84-54-8 -Longchang Chemical","description":"Le 2-m\u00e9thyl anthraquinone cas 84-54-8 est un produit cl\u00e9 de Longchang Chemical. Nous fournissons le meilleur prix. Nous sommes le principal fabricant et fournisseur en Chine avec la meilleure quantit\u00e9 et le prix comp\u00e9titif.","robots":{"index":"index","follow":"follow","max-snippet":"max-snippet:-1","max-image-preview":"max-image-preview:large","max-video-preview":"max-video-preview:-1"},"canonical":"https:\/\/longchangchemical.com\/fr\/product\/2-methyl-anthraquinone-cas-84-54-8\/","og_locale":"fr_FR","og_type":"article","og_title":"China 2-methyl anthraquinone Manufacturer CAS 84-54-8 -Longchang Chemical","og_description":"2-methyl anthraquinone cas 84-54-8 is key product of Longchang Chemical. We provide best price. We are the leading manufacturer and supplier in China with the best quanlity and competitive price.","og_url":"https:\/\/longchangchemical.com\/fr\/product\/2-methyl-anthraquinone-cas-84-54-8\/","og_site_name":"Longchang Chemical","article_modified_time":"2025-12-17T04:19:39+00:00","og_image":[{"width":800,"height":800,"url":"https:\/\/longchangchemical.com\/wp-content\/uploads\/2024\/01\/8-2.jpg","type":"image\/jpeg"}],"twitter_card":"summary_large_image","schema":{"@context":"https:\/\/schema.org","@graph":[{"@type":"WebPage","@id":"https:\/\/longchangchemical.com\/product\/2-methyl-anthraquinone-cas-84-54-8\/","url":"https:\/\/longchangchemical.com\/product\/2-methyl-anthraquinone-cas-84-54-8\/","name":"Fabricant chinois de 2-m\u00e9thyl anthraquinone CAS 84-54-8 -Longchang Chemical","isPartOf":{"@id":"https:\/\/longchangchemical.com\/#website"},"primaryImageOfPage":{"@id":"https:\/\/longchangchemical.com\/product\/2-methyl-anthraquinone-cas-84-54-8\/#primaryimage"},"image":{"@id":"https:\/\/longchangchemical.com\/product\/2-methyl-anthraquinone-cas-84-54-8\/#primaryimage"},"thumbnailUrl":"https:\/\/longchangchemical.com\/wp-content\/uploads\/2024\/01\/8-2.jpg","datePublished":"2024-01-18T02:54:18+00:00","dateModified":"2025-12-17T04:19:39+00:00","description":"Le 2-m\u00e9thyl anthraquinone cas 84-54-8 est un produit cl\u00e9 de Longchang Chemical. Nous fournissons le meilleur prix. Nous sommes le principal fabricant et fournisseur en Chine avec la meilleure quantit\u00e9 et le prix comp\u00e9titif.","breadcrumb":{"@id":"https:\/\/longchangchemical.com\/product\/2-methyl-anthraquinone-cas-84-54-8\/#breadcrumb"},"inLanguage":"fr-FR","potentialAction":[{"@type":"ReadAction","target":["https:\/\/longchangchemical.com\/product\/2-methyl-anthraquinone-cas-84-54-8\/"]}]},{"@type":"ImageObject","inLanguage":"fr-FR","@id":"https:\/\/longchangchemical.com\/product\/2-methyl-anthraquinone-cas-84-54-8\/#primaryimage","url":"https:\/\/longchangchemical.com\/wp-content\/uploads\/2024\/01\/8-2.jpg","contentUrl":"https:\/\/longchangchemical.com\/wp-content\/uploads\/2024\/01\/8-2.jpg","width":800,"height":800,"caption":"2-methyl anthraquinone cas 84-54-8"},{"@type":"BreadcrumbList","@id":"https:\/\/longchangchemical.com\/product\/2-methyl-anthraquinone-cas-84-54-8\/#breadcrumb","itemListElement":[{"@type":"ListItem","position":1,"name":"Home","item":"https:\/\/longchangchemical.com\/"},{"@type":"ListItem","position":2,"name":"Products Longchang","item":"https:\/\/longchangchemical.com\/product\/"},{"@type":"ListItem","position":3,"name":"2-methyl anthraquinone cas 84-54-8"}]},{"@type":"WebSite","@id":"https:\/\/longchangchemical.com\/#website","url":"https:\/\/longchangchemical.com\/","name":"Longchang Chemical","description":"Fabricant chinois de produits chimiques \uff06 fournisseur","publisher":{"@id":"https:\/\/longchangchemical.com\/#organization"},"potentialAction":[{"@type":"SearchAction","target":{"@type":"EntryPoint","urlTemplate":"https:\/\/longchangchemical.com\/?s={search_term_string}"},"query-input":{"@type":"PropertyValueSpecification","valueRequired":true,"valueName":"search_term_string"}}],"inLanguage":"fr-FR"},{"@type":"Organization","@id":"https:\/\/longchangchemical.com\/#organization","name":"Longchang Chemical","url":"https:\/\/longchangchemical.com\/","logo":{"@type":"ImageObject","inLanguage":"fr-FR","@id":"https:\/\/longchangchemical.com\/#\/schema\/logo\/image\/","url":"https:\/\/longchangchemical.com\/wp-content\/uploads\/2020\/08\/cropped-longchang-logo.png","contentUrl":"https:\/\/longchangchemical.com\/wp-content\/uploads\/2020\/08\/cropped-longchang-logo.png","width":512,"height":512,"caption":"Longchang Chemical"},"image":{"@id":"https:\/\/longchangchemical.com\/#\/schema\/logo\/image\/"}}]}},"_links":{"self":[{"href":"https:\/\/longchangchemical.com\/fr\/wp-json\/wp\/v2\/product\/4203","targetHints":{"allow":["GET"]}}],"collection":[{"href":"https:\/\/longchangchemical.com\/fr\/wp-json\/wp\/v2\/product"}],"about":[{"href":"https:\/\/longchangchemical.com\/fr\/wp-json\/wp\/v2\/types\/product"}],"replies":[{"embeddable":true,"href":"https:\/\/longchangchemical.com\/fr\/wp-json\/wp\/v2\/comments?post=4203"}],"wp:featuredmedia":[{"embeddable":true,"href":"https:\/\/longchangchemical.com\/fr\/wp-json\/wp\/v2\/media\/6515"}],"wp:attachment":[{"href":"https:\/\/longchangchemical.com\/fr\/wp-json\/wp\/v2\/media?parent=4203"}],"wp:term":[{"taxonomy":"product_brand","embeddable":true,"href":"https:\/\/longchangchemical.com\/fr\/wp-json\/wp\/v2\/product_brand?post=4203"},{"taxonomy":"product_cat","embeddable":true,"href":"https:\/\/longchangchemical.com\/fr\/wp-json\/wp\/v2\/product_cat?post=4203"},{"taxonomy":"product_tag","embeddable":true,"href":"https:\/\/longchangchemical.com\/fr\/wp-json\/wp\/v2\/product_tag?post=4203"}],"curies":[{"name":"wp","href":"https:\/\/api.w.org\/{rel}","templated":true}]}}