{"id":4197,"date":"2024-01-18T03:47:30","date_gmt":"2024-01-18T03:47:30","guid":{"rendered":"https:\/\/longchangchemical.com\/?post_type=product&#038;p=4197"},"modified":"2025-12-17T04:02:47","modified_gmt":"2025-12-17T04:02:47","slug":"bromothymol-blue-cas-76-59-5","status":"publish","type":"product","link":"https:\/\/longchangchemical.com\/fr\/product\/bromothymol-blue-cas-76-59-5\/","title":{"rendered":"bleu de bromothymol cas 76-59-5"},"content":{"rendered":"<h2><strong>Bleu de bromothymolPropri\u00e9t\u00e9s typiques<\/strong><\/h2>\n<table class=\"table-1\" cellspacing=\"0\">\n<tbody>\n<tr>\n<td><strong>Objet<\/strong><\/td>\n<td><strong>Sp\u00e9cifications<\/strong><\/td>\n<td><strong>R\u00e9sultats<\/strong><\/td>\n<\/tr>\n<tr>\n<td>PHDomaine de d\u00e9coloration<\/td>\n<td>6.0\uff08Jaune\uff09~7.6\uff08Bleu\uff09<\/td>\n<td>Confirme<\/td>\n<\/tr>\n<tr>\n<td>Coefficient d'absorption de masse (L\/cm-g)\u2265<\/td>\n<td>52.0<\/td>\n<td>52.5<\/td>\n<\/tr>\n<tr>\n<td>Test de dissolution dans l'\u00e9thanol<\/td>\n<td>Conforme<\/td>\n<td>Conforme<\/td>\n<\/tr>\n<tr>\n<td>R\u00e9sidu d'ignition (sulfate) \u2264<\/td>\n<td>0.3<\/td>\n<td>0.045<\/td>\n<\/tr>\n<tr>\n<td>Conclusion<\/td>\n<td colspan=\"2\">Les r\u00e9sultats sont conformes aux normes Q\/SS154-2006.<\/td>\n<\/tr>\n<\/tbody>\n<\/table>\n<h2><strong>Utilisation du bleu de bromothymol<\/strong><\/h2>\n<p>Ce produit est utilis\u00e9 comme indicateur acido-basique, indicateur d'adsorption et analyse chromatographique.<\/p>\n<ol>\n<li><strong>Chimie analytique :<\/strong> Le bleu de bromothymol, dont le num\u00e9ro CAS est 76-59-5, est largement utilis\u00e9 en chimie analytique comme indicateur de pH. Sa couleur change en r\u00e9ponse \u00e0 des niveaux variables d'acidit\u00e9 ou d'alcalinit\u00e9, ce qui le rend pr\u00e9cieux pour d\u00e9terminer le pH des solutions.<\/li>\n<li><strong>Biologie et \u00e9ducation :<\/strong> Ce compos\u00e9 est couramment utilis\u00e9 en biologie et dans l'enseignement comme indicateur de diverses r\u00e9actions chimiques. Il est fr\u00e9quemment utilis\u00e9 dans les exp\u00e9riences de laboratoire et les d\u00e9monstrations p\u00e9dagogiques pour visualiser les changements de pH.<\/li>\n<li><strong>Applications m\u00e9dicales :<\/strong> Le bleu de bromothymol est utilis\u00e9 dans les laboratoires m\u00e9dicaux \u00e0 des fins de diagnostic. Sa transition de couleur est utilis\u00e9e pour indiquer le pH des \u00e9chantillons biologiques et de certaines solutions m\u00e9dicales.<\/li>\n<li><strong>Aquariums et p\u00eacheries :<\/strong> Dans le domaine de l'aquaculture, le bleu de bromothymol est parfois utilis\u00e9 pour surveiller et contr\u00f4ler les niveaux de pH dans les aquariums et les p\u00eacheries, assurant ainsi des conditions optimales pour les organismes aquatiques.<\/li>\n<\/ol>\n<h2><strong>Bleu de bromothymol Emballage<\/strong><\/h2>\n<p>25kg\/tambour.<\/p>\n<h2><strong><b>Contactez-nous d\u00e8s maintenant !<\/b><\/strong><\/h2>\n<h4><strong><b>Si vous avez besoin de COA, MSDS ou TDS, veuillez remplir vos coordonn\u00e9es dans le formulaire ci-dessous, nous vous contacterons g\u00e9n\u00e9ralement dans les 24 heures. Vous pouvez \u00e9galement m'envoyer un courriel <span style=\"color: #0000ff;\"><a style=\"color: #0000ff;\" href=\"mailto:info@longchangchemical.com\">info@longchangchemical.com<\/a><\/span> pendant les heures de travail ( 8:30 am to 6:00 pm UTC+8 Mon.~Sat. ) ou utilisez le chat en direct du site web pour obtenir une r\u00e9ponse rapide.<\/b><\/strong><\/h4>","protected":false},"excerpt":{"rendered":"<h2><strong>Bleu de bromothymolD\u00e9tails rapides<\/strong><\/h2>\n<p>Nom chimique : bleu de bromothymol<\/p>\n<p>CAS : 76-59-5<\/p>\n<p>Formule mol\u00e9culaire:C27H28Br2O5S<\/p>\n<p>Poids mol\u00e9culaire : 624,38<\/p>\n<p>Structure chimique :<img decoding=\"async\" title=\"Structure du bleu de bromothymol\" src=\"https:\/\/www.longchangchemical.com\/wp-content\/uploads\/product-details\/20200615347640.png\" alt=\"Structure du bleu de bromothymol\" width=\"148\" height=\"152\" border=\"0\" vspace=\"0\" \/><\/p>\n<p>Apparence : Pouvoir rose-brun \u00e0 violet<\/p>\n<p>Puret\u00e9 : 99%<\/p>","protected":false},"featured_media":6519,"comment_status":"open","ping_status":"closed","template":"","meta":[],"product_brand":[],"product_cat":[69],"product_tag":[],"class_list":{"0":"post-4197","1":"product","2":"type-product","3":"status-publish","4":"has-post-thumbnail","6":"product_cat-catalysts-chemical-auxiliary-agents","8":"first","9":"instock","10":"shipping-taxable","11":"product-type-simple"},"yoast_head":"<!-- This site is optimized with the Yoast SEO plugin v25.3.1 - https:\/\/yoast.com\/wordpress\/plugins\/seo\/ -->\n<title>China Bromothymol Blue Manufacturer CAS 76-59-5 - Longchang Chemical<\/title>\n<meta name=\"description\" content=\"Bromothymol Blue is a key product of Longchang Chemical. We provide the best price and are the leading manufacturer and supplier in China, known for the best quality and competitive prices.\" \/>\n<meta name=\"robots\" content=\"index, follow, max-snippet:-1, max-image-preview:large, max-video-preview:-1\" \/>\n<link rel=\"canonical\" href=\"https:\/\/longchangchemical.com\/fr\/product\/bromothymol-blue-cas-76-59-5\/\" \/>\n<meta property=\"og:locale\" content=\"fr_FR\" \/>\n<meta property=\"og:type\" content=\"article\" \/>\n<meta property=\"og:title\" content=\"China Bromothymol Blue Manufacturer CAS 76-59-5 - Longchang Chemical\" \/>\n<meta property=\"og:description\" content=\"Bromothymol Blue is a key product of Longchang Chemical. We provide the best price and are the leading manufacturer and supplier in China, known for the best quality and competitive prices.\" \/>\n<meta property=\"og:url\" content=\"https:\/\/longchangchemical.com\/fr\/product\/bromothymol-blue-cas-76-59-5\/\" \/>\n<meta property=\"og:site_name\" content=\"Longchang Chemical\" \/>\n<meta property=\"article:modified_time\" content=\"2025-12-17T04:02:47+00:00\" \/>\n<meta property=\"og:image\" content=\"https:\/\/longchangchemical.com\/wp-content\/uploads\/2021\/01\/7-6.jpg\" \/>\n\t<meta property=\"og:image:width\" content=\"800\" \/>\n\t<meta property=\"og:image:height\" content=\"800\" \/>\n\t<meta property=\"og:image:type\" content=\"image\/jpeg\" \/>\n<meta name=\"twitter:card\" content=\"summary_large_image\" \/>\n<script type=\"application\/ld+json\" class=\"yoast-schema-graph\">{\"@context\":\"https:\/\/schema.org\",\"@graph\":[{\"@type\":\"WebPage\",\"@id\":\"https:\/\/longchangchemical.com\/product\/bromothymol-blue-cas-76-59-5\/\",\"url\":\"https:\/\/longchangchemical.com\/product\/bromothymol-blue-cas-76-59-5\/\",\"name\":\"China Bromothymol Blue Manufacturer CAS 76-59-5 - Longchang Chemical\",\"isPartOf\":{\"@id\":\"https:\/\/longchangchemical.com\/#website\"},\"primaryImageOfPage\":{\"@id\":\"https:\/\/longchangchemical.com\/product\/bromothymol-blue-cas-76-59-5\/#primaryimage\"},\"image\":{\"@id\":\"https:\/\/longchangchemical.com\/product\/bromothymol-blue-cas-76-59-5\/#primaryimage\"},\"thumbnailUrl\":\"https:\/\/longchangchemical.com\/wp-content\/uploads\/2021\/01\/7-6.jpg\",\"datePublished\":\"2024-01-18T03:47:30+00:00\",\"dateModified\":\"2025-12-17T04:02:47+00:00\",\"description\":\"Bromothymol Blue is a key product of Longchang Chemical. We provide the best price and are the leading manufacturer and supplier in China, known for the best quality and competitive prices.\",\"breadcrumb\":{\"@id\":\"https:\/\/longchangchemical.com\/product\/bromothymol-blue-cas-76-59-5\/#breadcrumb\"},\"inLanguage\":\"fr-FR\",\"potentialAction\":[{\"@type\":\"ReadAction\",\"target\":[\"https:\/\/longchangchemical.com\/product\/bromothymol-blue-cas-76-59-5\/\"]}]},{\"@type\":\"ImageObject\",\"inLanguage\":\"fr-FR\",\"@id\":\"https:\/\/longchangchemical.com\/product\/bromothymol-blue-cas-76-59-5\/#primaryimage\",\"url\":\"https:\/\/longchangchemical.com\/wp-content\/uploads\/2021\/01\/7-6.jpg\",\"contentUrl\":\"https:\/\/longchangchemical.com\/wp-content\/uploads\/2021\/01\/7-6.jpg\",\"width\":800,\"height\":800,\"caption\":\"bromothymol blue cas 76-59-5\"},{\"@type\":\"BreadcrumbList\",\"@id\":\"https:\/\/longchangchemical.com\/product\/bromothymol-blue-cas-76-59-5\/#breadcrumb\",\"itemListElement\":[{\"@type\":\"ListItem\",\"position\":1,\"name\":\"Home\",\"item\":\"https:\/\/longchangchemical.com\/\"},{\"@type\":\"ListItem\",\"position\":2,\"name\":\"Products Longchang\",\"item\":\"https:\/\/longchangchemical.com\/product\/\"},{\"@type\":\"ListItem\",\"position\":3,\"name\":\"bromothymol blue cas 76-59-5\"}]},{\"@type\":\"WebSite\",\"@id\":\"https:\/\/longchangchemical.com\/#website\",\"url\":\"https:\/\/longchangchemical.com\/\",\"name\":\"Longchang Chemical\",\"description\":\"China chemical manufacturer \uff06 supplier\",\"publisher\":{\"@id\":\"https:\/\/longchangchemical.com\/#organization\"},\"potentialAction\":[{\"@type\":\"SearchAction\",\"target\":{\"@type\":\"EntryPoint\",\"urlTemplate\":\"https:\/\/longchangchemical.com\/?s={search_term_string}\"},\"query-input\":{\"@type\":\"PropertyValueSpecification\",\"valueRequired\":true,\"valueName\":\"search_term_string\"}}],\"inLanguage\":\"fr-FR\"},{\"@type\":\"Organization\",\"@id\":\"https:\/\/longchangchemical.com\/#organization\",\"name\":\"Longchang Chemical\",\"url\":\"https:\/\/longchangchemical.com\/\",\"logo\":{\"@type\":\"ImageObject\",\"inLanguage\":\"fr-FR\",\"@id\":\"https:\/\/longchangchemical.com\/#\/schema\/logo\/image\/\",\"url\":\"https:\/\/longchangchemical.com\/wp-content\/uploads\/2020\/08\/cropped-longchang-logo.png\",\"contentUrl\":\"https:\/\/longchangchemical.com\/wp-content\/uploads\/2020\/08\/cropped-longchang-logo.png\",\"width\":512,\"height\":512,\"caption\":\"Longchang Chemical\"},\"image\":{\"@id\":\"https:\/\/longchangchemical.com\/#\/schema\/logo\/image\/\"}}]}<\/script>\n<!-- \/ Yoast SEO plugin. -->","yoast_head_json":{"title":"Fabricant chinois de bleu de bromothymol CAS 76-59-5 - Longchang Chemical","description":"Le bleu de bromothymol est un produit cl\u00e9 de Longchang Chemical. Nous fournissons le meilleur prix et sommes le principal fabricant et fournisseur en Chine, connu pour la meilleure qualit\u00e9 et les prix comp\u00e9titifs.","robots":{"index":"index","follow":"follow","max-snippet":"max-snippet:-1","max-image-preview":"max-image-preview:large","max-video-preview":"max-video-preview:-1"},"canonical":"https:\/\/longchangchemical.com\/fr\/product\/bromothymol-blue-cas-76-59-5\/","og_locale":"fr_FR","og_type":"article","og_title":"China Bromothymol Blue Manufacturer CAS 76-59-5 - Longchang Chemical","og_description":"Bromothymol Blue is a key product of Longchang Chemical. We provide the best price and are the leading manufacturer and supplier in China, known for the best quality and competitive prices.","og_url":"https:\/\/longchangchemical.com\/fr\/product\/bromothymol-blue-cas-76-59-5\/","og_site_name":"Longchang Chemical","article_modified_time":"2025-12-17T04:02:47+00:00","og_image":[{"width":800,"height":800,"url":"https:\/\/longchangchemical.com\/wp-content\/uploads\/2021\/01\/7-6.jpg","type":"image\/jpeg"}],"twitter_card":"summary_large_image","schema":{"@context":"https:\/\/schema.org","@graph":[{"@type":"WebPage","@id":"https:\/\/longchangchemical.com\/product\/bromothymol-blue-cas-76-59-5\/","url":"https:\/\/longchangchemical.com\/product\/bromothymol-blue-cas-76-59-5\/","name":"Fabricant chinois de bleu de bromothymol CAS 76-59-5 - Longchang Chemical","isPartOf":{"@id":"https:\/\/longchangchemical.com\/#website"},"primaryImageOfPage":{"@id":"https:\/\/longchangchemical.com\/product\/bromothymol-blue-cas-76-59-5\/#primaryimage"},"image":{"@id":"https:\/\/longchangchemical.com\/product\/bromothymol-blue-cas-76-59-5\/#primaryimage"},"thumbnailUrl":"https:\/\/longchangchemical.com\/wp-content\/uploads\/2021\/01\/7-6.jpg","datePublished":"2024-01-18T03:47:30+00:00","dateModified":"2025-12-17T04:02:47+00:00","description":"Le bleu de bromothymol est un produit cl\u00e9 de Longchang Chemical. Nous fournissons le meilleur prix et sommes le principal fabricant et fournisseur en Chine, connu pour la meilleure qualit\u00e9 et les prix comp\u00e9titifs.","breadcrumb":{"@id":"https:\/\/longchangchemical.com\/product\/bromothymol-blue-cas-76-59-5\/#breadcrumb"},"inLanguage":"fr-FR","potentialAction":[{"@type":"ReadAction","target":["https:\/\/longchangchemical.com\/product\/bromothymol-blue-cas-76-59-5\/"]}]},{"@type":"ImageObject","inLanguage":"fr-FR","@id":"https:\/\/longchangchemical.com\/product\/bromothymol-blue-cas-76-59-5\/#primaryimage","url":"https:\/\/longchangchemical.com\/wp-content\/uploads\/2021\/01\/7-6.jpg","contentUrl":"https:\/\/longchangchemical.com\/wp-content\/uploads\/2021\/01\/7-6.jpg","width":800,"height":800,"caption":"bromothymol blue cas 76-59-5"},{"@type":"BreadcrumbList","@id":"https:\/\/longchangchemical.com\/product\/bromothymol-blue-cas-76-59-5\/#breadcrumb","itemListElement":[{"@type":"ListItem","position":1,"name":"Home","item":"https:\/\/longchangchemical.com\/"},{"@type":"ListItem","position":2,"name":"Products Longchang","item":"https:\/\/longchangchemical.com\/product\/"},{"@type":"ListItem","position":3,"name":"bromothymol blue cas 76-59-5"}]},{"@type":"WebSite","@id":"https:\/\/longchangchemical.com\/#website","url":"https:\/\/longchangchemical.com\/","name":"Longchang Chemical","description":"Fabricant chinois de produits chimiques \uff06 fournisseur","publisher":{"@id":"https:\/\/longchangchemical.com\/#organization"},"potentialAction":[{"@type":"SearchAction","target":{"@type":"EntryPoint","urlTemplate":"https:\/\/longchangchemical.com\/?s={search_term_string}"},"query-input":{"@type":"PropertyValueSpecification","valueRequired":true,"valueName":"search_term_string"}}],"inLanguage":"fr-FR"},{"@type":"Organization","@id":"https:\/\/longchangchemical.com\/#organization","name":"Longchang Chemical","url":"https:\/\/longchangchemical.com\/","logo":{"@type":"ImageObject","inLanguage":"fr-FR","@id":"https:\/\/longchangchemical.com\/#\/schema\/logo\/image\/","url":"https:\/\/longchangchemical.com\/wp-content\/uploads\/2020\/08\/cropped-longchang-logo.png","contentUrl":"https:\/\/longchangchemical.com\/wp-content\/uploads\/2020\/08\/cropped-longchang-logo.png","width":512,"height":512,"caption":"Longchang Chemical"},"image":{"@id":"https:\/\/longchangchemical.com\/#\/schema\/logo\/image\/"}}]}},"_links":{"self":[{"href":"https:\/\/longchangchemical.com\/fr\/wp-json\/wp\/v2\/product\/4197","targetHints":{"allow":["GET"]}}],"collection":[{"href":"https:\/\/longchangchemical.com\/fr\/wp-json\/wp\/v2\/product"}],"about":[{"href":"https:\/\/longchangchemical.com\/fr\/wp-json\/wp\/v2\/types\/product"}],"replies":[{"embeddable":true,"href":"https:\/\/longchangchemical.com\/fr\/wp-json\/wp\/v2\/comments?post=4197"}],"wp:featuredmedia":[{"embeddable":true,"href":"https:\/\/longchangchemical.com\/fr\/wp-json\/wp\/v2\/media\/6519"}],"wp:attachment":[{"href":"https:\/\/longchangchemical.com\/fr\/wp-json\/wp\/v2\/media?parent=4197"}],"wp:term":[{"taxonomy":"product_brand","embeddable":true,"href":"https:\/\/longchangchemical.com\/fr\/wp-json\/wp\/v2\/product_brand?post=4197"},{"taxonomy":"product_cat","embeddable":true,"href":"https:\/\/longchangchemical.com\/fr\/wp-json\/wp\/v2\/product_cat?post=4197"},{"taxonomy":"product_tag","embeddable":true,"href":"https:\/\/longchangchemical.com\/fr\/wp-json\/wp\/v2\/product_tag?post=4197"}],"curies":[{"name":"wp","href":"https:\/\/api.w.org\/{rel}","templated":true}]}}