{"id":4194,"date":"2024-01-18T06:50:43","date_gmt":"2024-01-18T06:50:43","guid":{"rendered":"https:\/\/longchangchemical.com\/?post_type=product&#038;p=4194"},"modified":"2025-12-17T03:50:08","modified_gmt":"2025-12-17T03:50:08","slug":"246-trimethylbenzoyl-chloride-cas-938-18-1","status":"publish","type":"product","link":"https:\/\/longchangchemical.com\/fr\/product\/246-trimethylbenzoyl-chloride-cas-938-18-1\/","title":{"rendered":"Chlorure de 2,4,6-trim\u00e9thylbenzoyle cas 938-18-1"},"content":{"rendered":"<h2><strong>2,4,6-Trimethylbenzoyl chloridetypical Propri\u00e9t\u00e9s<\/strong><\/h2>\n<table class=\"table-1\" cellspacing=\"0\">\n<tbody>\n<tr>\n<td>Nom<\/td>\n<td>Chlorure de m\u00e9sitoyle\/2,4,6-Trim\u00e9thylbenzoyle<\/td>\n<\/tr>\n<tr>\n<td>CAS NO.<\/td>\n<td>938-18-1<\/td>\n<\/tr>\n<tr>\n<td>Apparence<\/td>\n<td>Liquide incolore \u00e0 jaune p\u00e2le<\/td>\n<\/tr>\n<tr>\n<td>La puret\u00e9<\/td>\n<td>99% Min<\/td>\n<\/tr>\n<tr>\n<td>B.P.<\/td>\n<td>143-146 \u00baC (60 mmHg)<\/td>\n<\/tr>\n<tr>\n<td>Indice de r\u00e9fraction<\/td>\n<td>1.528-1.53<\/td>\n<\/tr>\n<\/tbody>\n<\/table>\n<h2><strong>Chlorure de 2,4,6-trim\u00e9thylbenzoyleUtilisation<\/strong><\/h2>\n<p>Interm\u00e9diaires de synth\u00e8se organique utilis\u00e9s comme additifs dans les plastiques et les encres.<\/p>\n<ol>\n<li><strong>Synth\u00e8se chimique :<\/strong> Le chlorure de 2,4,6-trim\u00e9thylbenzoyle, dont le num\u00e9ro CAS est 938-18-1, est largement utilis\u00e9 en synth\u00e8se chimique, notamment comme agent de benzoylation. Il est utilis\u00e9 dans les r\u00e9actions qui impliquent l'introduction de groupes benzoyles dans les compos\u00e9s organiques.<\/li>\n<li><strong>Industrie des polym\u00e8res :<\/strong> Ce compos\u00e9 trouve une application dans l'industrie des polym\u00e8res, o\u00f9 il est utilis\u00e9 comme r\u00e9actif dans la synth\u00e8se de polym\u00e8res et de copolym\u00e8res. Il contribue \u00e0 la modification des propri\u00e9t\u00e9s des polym\u00e8res par l'incorporation de fonctions benzoyles.<\/li>\n<li><strong>Produits pharmaceutiques :<\/strong> Le chlorure de 2,4,6-trim\u00e9thylbenzoyle est utilis\u00e9 dans l'industrie pharmaceutique pour la synth\u00e8se de divers interm\u00e9diaires pharmaceutiques et ingr\u00e9dients actifs. Il sert d'\u00e9l\u00e9ment cl\u00e9 dans la production de certains m\u00e9dicaments.<\/li>\n<li><strong>Produits agrochimiques :<\/strong> Dans le domaine de l'agrochimie, ce compos\u00e9 est utilis\u00e9 pour la synth\u00e8se de produits agrochimiques sp\u00e9cifiques. Il joue un r\u00f4le dans le d\u00e9veloppement de formulations agrochimiques et d'ingr\u00e9dients actifs.<\/li>\n<\/ol>\n<h2><strong>Chlorure de 2,4,6-trim\u00e9thylbenzoyleConditionnement et exp\u00e9dition<\/strong><\/h2>\n<p>Emballage : 25Kg\/tambour<\/p>\n<p>Livraison : dans un d\u00e9lai de 3 \u00e0 5 jours ouvrables<\/p>\n<h2><strong>Chlorure de 2,4,6-trim\u00e9thylbenzoyleStockage<\/strong><\/h2>\n<p>\u00c9viter la lumi\u00e8re et le s\u00e9chage.<\/p>\n<p>Mesures de premiers secours<\/p>\n<p>4.1 Description des mesures de premiers secours n\u00e9cessaires<\/p>\n<p>Conseils g\u00e9n\u00e9raux<\/p>\n<p>Consulter un m\u00e9decin. Montrer cette fiche de donn\u00e9es de s\u00e9curit\u00e9 au m\u00e9decin pr\u00e9sent.<\/p>\n<p>En cas d'inhalation<\/p>\n<p>En cas d'inhalation, amener la personne \u00e0 l'air frais. Si elle ne respire pas, pratiquer la respiration artificielle. Consulter un m\u00e9decin.<\/p>\n<p>En cas de contact avec la peau<\/p>\n<p>Laver avec du savon et beaucoup d'eau. Consulter un m\u00e9decin.<\/p>\n<p>En cas de contact visuel<\/p>\n<p>Rincer abondamment \u00e0 l'eau pendant au moins 15 minutes et consulter un m\u00e9decin.<\/p>\n<p>En cas d'ingestion<\/p>\n<p>Ne jamais rien administrer par la bouche \u00e0 une personne inconsciente. Rincer la bouche avec de l'eau. Consulter un m\u00e9decin.<\/p>\n<p>4.2 Sympt\u00f4mes\/effets les plus importants, aigus et diff\u00e9r\u00e9s<\/p>\n<p>pas de donn\u00e9es disponibles<\/p>\n<p>4.3Indication de l'attention m\u00e9dicale imm\u00e9diate et du traitement sp\u00e9cial n\u00e9cessaire, le cas \u00e9ch\u00e9ant<\/p>\n<p>pas de donn\u00e9es disponibles<\/p>\n<p>5. mesures de lutte contre l'incendie<\/p>\n<p>5.1 Moyens d'extinction<\/p>\n<p>Moyens d'extinction appropri\u00e9s<\/p>\n<p>Utiliser de l'eau pulv\u00e9ris\u00e9e, de la mousse r\u00e9sistante \u00e0 l'alcool, de la poudre chimique ou du dioxyde de carbone.<\/p>\n<p>5.2 Dangers sp\u00e9cifiques li\u00e9s au produit chimique<\/p>\n<p>pas de donn\u00e9es disponibles<\/p>\n<p>5.3 Mesures de protection sp\u00e9ciales pour les pompiers<\/p>\n<p>Porter un appareil respiratoire autonome pour lutter contre les incendies si n\u00e9cessaire.<\/p>\n<p>6. mesures en cas de rejet accidentel<\/p>\n<p>6.1 Pr\u00e9cautions personnelles, \u00e9quipement de protection et proc\u00e9dures d'urgence<\/p>\n<p>Utiliser un \u00e9quipement de protection individuelle. \u00c9viter la formation de poussi\u00e8res. \u00c9viter de respirer les vapeurs, les brouillards ou les gaz. Assurer une ventilation ad\u00e9quate. \u00c9vacuer le personnel vers des zones s\u00fbres. \u00c9viter de respirer les poussi\u00e8res. Pour la protection individuelle, voir la section 8.<\/p>\n<p>6.2 Pr\u00e9cautions environnementales<\/p>\n<p>Emp\u00eacher toute fuite ou d\u00e9versement ult\u00e9rieur si cela ne pr\u00e9sente aucun danger. Ne pas laisser le produit p\u00e9n\u00e9trer dans les \u00e9gouts. \u00c9viter tout rejet dans l'environnement.<\/p>\n<p>6.3 M\u00e9thodes et mat\u00e9riaux pour le confinement et le nettoyage<\/p>\n<p>Ramasser et organiser l'\u00e9limination. Balayer et pelleter. Conserver dans des conteneurs appropri\u00e9s et ferm\u00e9s en vue de l'\u00e9limination.<\/p>\n<p>7. manutention et stockage<\/p>\n<p>7.1 Pr\u00e9cautions \u00e0 prendre pour une manipulation s\u00fbre<\/p>\n<p>\u00c9viter le contact avec la peau et les yeux. \u00c9viter la formation de poussi\u00e8res et d'a\u00e9rosols. \u00c9viter l'exposition - obtenir des instructions sp\u00e9ciales avant l'utilisation. Fournir une ventilation appropri\u00e9e aux endroits o\u00f9 la poussi\u00e8re se forme. Pour les pr\u00e9cautions, voir la section 2.2.<\/p>\n<p>7.2 Conditions d'un stockage s\u00fbr, y compris les incompatibilit\u00e9s \u00e9ventuelles<\/p>\n<p>Conserver au frais. Conserver le r\u00e9cipient bien ferm\u00e9 dans un endroit sec et bien ventil\u00e9.<\/p>\n<p>8. contr\u00f4le de l'exposition\/protection individuelle<\/p>\n<p>8.1Param\u00e8tres de contr\u00f4le<\/p>\n<p>Valeurs limites d'exposition professionnelle<\/p>\n<p>pas de donn\u00e9es disponibles<\/p>\n<p>Valeurs limites biologiques<\/p>\n<p>pas de donn\u00e9es disponibles<\/p>\n<p>8.2 Mesures d'ing\u00e9nierie appropri\u00e9es<\/p>\n<p>Manipuler conform\u00e9ment aux bonnes pratiques d'hygi\u00e8ne industrielle et de s\u00e9curit\u00e9. Se laver les mains avant les pauses et \u00e0 la fin de la journ\u00e9e de travail.<\/p>\n<p>8.3 Mesures de protection individuelle, telles que les \u00e9quipements de protection individuelle (EPI)<\/p>\n<p>Protection des yeux et du visage<\/p>\n<p>Lunettes de s\u00e9curit\u00e9 avec \u00e9crans lat\u00e9raux conformes \u00e0 la norme EN166. Utilisez des \u00e9quipements de protection oculaire test\u00e9s et approuv\u00e9s selon les normes gouvernementales appropri\u00e9es, telles que NIOSH (\u00c9tats-Unis) ou EN 166 (UE).<\/p>\n<p>Protection de la peau<\/p>\n<p>Porter des v\u00eatements imperm\u00e9ables. Le type d'\u00e9quipement de protection doit \u00eatre choisi en fonction de la concentration et de la quantit\u00e9 de la substance dangereuse sur le lieu de travail. Manipuler avec des gants. Les gants doivent \u00eatre inspect\u00e9s avant d'\u00eatre utilis\u00e9s. Utiliser une technique de retrait des gants appropri\u00e9e (sans toucher la surface ext\u00e9rieure des gants) afin d'\u00e9viter tout contact cutan\u00e9 avec ce produit. \u00c9liminer les gants contamin\u00e9s apr\u00e8s utilisation conform\u00e9ment aux lois applicables et aux bonnes pratiques de laboratoire. Se laver et se s\u00e9cher les mains. Les gants de protection s\u00e9lectionn\u00e9s doivent satisfaire aux sp\u00e9cifications de la directive europ\u00e9enne 89\/686\/CEE et de la norme EN 374 qui en d\u00e9coule.<\/p>\n<p>Protection respiratoire<\/p>\n<p>Porter un masque anti-poussi\u00e8re lors de la manipulation de grandes quantit\u00e9s.<\/p>\n<p>Risques thermiques<\/p>\n<p>pas de donn\u00e9es disponibles<\/p>\n<h2><strong><b>Contactez-nous d\u00e8s maintenant !<\/b><\/strong><\/h2>\n<h4><strong><b>Si vous avez besoin de COA, MSDS ou TDS, veuillez remplir vos coordonn\u00e9es dans le formulaire ci-dessous, nous vous contacterons g\u00e9n\u00e9ralement dans les 24 heures. Vous pouvez \u00e9galement m'envoyer un courriel <span style=\"color: #0000ff;\"><a style=\"color: #0000ff;\" href=\"mailto:info@longchangchemical.com\">info@longchangchemical.com<\/a><\/span> pendant les heures de travail ( 8:30 am to 6:00 pm UTC+8 Mon.~Sat. ) ou utilisez le chat en direct du site web pour obtenir une r\u00e9ponse rapide.<\/b><\/strong><\/h4>","protected":false},"excerpt":{"rendered":"<h2><strong>Chlorure de 2,4,6-trim\u00e9thylbenzoyle quick Details<\/strong><\/h2>\n<p>Nom chimique : Chlorure de 2,4,6-trim\u00e9thylbenzoyle<\/p>\n<p>Num\u00e9ro CAS : 938-18-1<\/p>\n<p>Formule mol\u00e9culaire : C10H11ClO<\/p>\n<p>Poids mol\u00e9culaire : 182,65<\/p>\n<p>Aspect : liquide incolore \u00e0 jaune p\u00e2le<\/p>\n<p>Essai : 99%<\/p>","protected":false},"featured_media":6523,"comment_status":"open","ping_status":"closed","template":"","meta":[],"product_brand":[],"product_cat":[69],"product_tag":[],"class_list":{"0":"post-4194","1":"product","2":"type-product","3":"status-publish","4":"has-post-thumbnail","6":"product_cat-catalysts-chemical-auxiliary-agents","8":"first","9":"instock","10":"shipping-taxable","11":"product-type-simple"},"yoast_head":"<!-- This site is optimized with the Yoast SEO plugin v25.3.1 - https:\/\/yoast.com\/wordpress\/plugins\/seo\/ -->\n<title>China 2,4,6-Trimethylbenzoyl Chloride Manufacturer CAS 938-18-1 - Longchang Chemical<\/title>\n<meta name=\"description\" content=\"2,4,6-Trimethylbenzoyl Chloride is a key product of Longchang Chemical. We provide the best price and are the leading manufacturer and supplier in China, known for the best quality and competitive prices.\" \/>\n<meta name=\"robots\" content=\"index, follow, max-snippet:-1, max-image-preview:large, max-video-preview:-1\" \/>\n<link rel=\"canonical\" href=\"https:\/\/longchangchemical.com\/fr\/product\/246-trimethylbenzoyl-chloride-cas-938-18-1\/\" \/>\n<meta property=\"og:locale\" content=\"fr_FR\" \/>\n<meta property=\"og:type\" content=\"article\" \/>\n<meta property=\"og:title\" content=\"China 2,4,6-Trimethylbenzoyl Chloride Manufacturer CAS 938-18-1 - Longchang Chemical\" \/>\n<meta property=\"og:description\" content=\"2,4,6-Trimethylbenzoyl Chloride is a key product of Longchang Chemical. We provide the best price and are the leading manufacturer and supplier in China, known for the best quality and competitive prices.\" \/>\n<meta property=\"og:url\" content=\"https:\/\/longchangchemical.com\/fr\/product\/246-trimethylbenzoyl-chloride-cas-938-18-1\/\" \/>\n<meta property=\"og:site_name\" content=\"Longchang Chemical\" \/>\n<meta property=\"article:modified_time\" content=\"2025-12-17T03:50:08+00:00\" \/>\n<meta property=\"og:image\" content=\"https:\/\/longchangchemical.com\/wp-content\/uploads\/2021\/01\/2-7.jpg\" \/>\n\t<meta property=\"og:image:width\" content=\"800\" \/>\n\t<meta property=\"og:image:height\" content=\"800\" \/>\n\t<meta property=\"og:image:type\" content=\"image\/jpeg\" \/>\n<meta name=\"twitter:card\" content=\"summary_large_image\" \/>\n<script type=\"application\/ld+json\" class=\"yoast-schema-graph\">{\"@context\":\"https:\/\/schema.org\",\"@graph\":[{\"@type\":\"WebPage\",\"@id\":\"https:\/\/longchangchemical.com\/product\/246-trimethylbenzoyl-chloride-cas-938-18-1\/\",\"url\":\"https:\/\/longchangchemical.com\/product\/246-trimethylbenzoyl-chloride-cas-938-18-1\/\",\"name\":\"China 2,4,6-Trimethylbenzoyl Chloride Manufacturer CAS 938-18-1 - Longchang Chemical\",\"isPartOf\":{\"@id\":\"https:\/\/longchangchemical.com\/#website\"},\"primaryImageOfPage\":{\"@id\":\"https:\/\/longchangchemical.com\/product\/246-trimethylbenzoyl-chloride-cas-938-18-1\/#primaryimage\"},\"image\":{\"@id\":\"https:\/\/longchangchemical.com\/product\/246-trimethylbenzoyl-chloride-cas-938-18-1\/#primaryimage\"},\"thumbnailUrl\":\"https:\/\/longchangchemical.com\/wp-content\/uploads\/2021\/01\/2-7.jpg\",\"datePublished\":\"2024-01-18T06:50:43+00:00\",\"dateModified\":\"2025-12-17T03:50:08+00:00\",\"description\":\"2,4,6-Trimethylbenzoyl Chloride is a key product of Longchang Chemical. We provide the best price and are the leading manufacturer and supplier in China, known for the best quality and competitive prices.\",\"breadcrumb\":{\"@id\":\"https:\/\/longchangchemical.com\/product\/246-trimethylbenzoyl-chloride-cas-938-18-1\/#breadcrumb\"},\"inLanguage\":\"fr-FR\",\"potentialAction\":[{\"@type\":\"ReadAction\",\"target\":[\"https:\/\/longchangchemical.com\/product\/246-trimethylbenzoyl-chloride-cas-938-18-1\/\"]}]},{\"@type\":\"ImageObject\",\"inLanguage\":\"fr-FR\",\"@id\":\"https:\/\/longchangchemical.com\/product\/246-trimethylbenzoyl-chloride-cas-938-18-1\/#primaryimage\",\"url\":\"https:\/\/longchangchemical.com\/wp-content\/uploads\/2021\/01\/2-7.jpg\",\"contentUrl\":\"https:\/\/longchangchemical.com\/wp-content\/uploads\/2021\/01\/2-7.jpg\",\"width\":800,\"height\":800,\"caption\":\"2,4,6-trimethylbenzoyl chloride cas 938-18-1\"},{\"@type\":\"BreadcrumbList\",\"@id\":\"https:\/\/longchangchemical.com\/product\/246-trimethylbenzoyl-chloride-cas-938-18-1\/#breadcrumb\",\"itemListElement\":[{\"@type\":\"ListItem\",\"position\":1,\"name\":\"Home\",\"item\":\"https:\/\/longchangchemical.com\/\"},{\"@type\":\"ListItem\",\"position\":2,\"name\":\"Products Longchang\",\"item\":\"https:\/\/longchangchemical.com\/product\/\"},{\"@type\":\"ListItem\",\"position\":3,\"name\":\"2,4,6-trimethylbenzoyl chloride cas 938-18-1\"}]},{\"@type\":\"WebSite\",\"@id\":\"https:\/\/longchangchemical.com\/#website\",\"url\":\"https:\/\/longchangchemical.com\/\",\"name\":\"Longchang Chemical\",\"description\":\"China chemical manufacturer \uff06 supplier\",\"publisher\":{\"@id\":\"https:\/\/longchangchemical.com\/#organization\"},\"potentialAction\":[{\"@type\":\"SearchAction\",\"target\":{\"@type\":\"EntryPoint\",\"urlTemplate\":\"https:\/\/longchangchemical.com\/?s={search_term_string}\"},\"query-input\":{\"@type\":\"PropertyValueSpecification\",\"valueRequired\":true,\"valueName\":\"search_term_string\"}}],\"inLanguage\":\"fr-FR\"},{\"@type\":\"Organization\",\"@id\":\"https:\/\/longchangchemical.com\/#organization\",\"name\":\"Longchang Chemical\",\"url\":\"https:\/\/longchangchemical.com\/\",\"logo\":{\"@type\":\"ImageObject\",\"inLanguage\":\"fr-FR\",\"@id\":\"https:\/\/longchangchemical.com\/#\/schema\/logo\/image\/\",\"url\":\"https:\/\/longchangchemical.com\/wp-content\/uploads\/2020\/08\/cropped-longchang-logo.png\",\"contentUrl\":\"https:\/\/longchangchemical.com\/wp-content\/uploads\/2020\/08\/cropped-longchang-logo.png\",\"width\":512,\"height\":512,\"caption\":\"Longchang Chemical\"},\"image\":{\"@id\":\"https:\/\/longchangchemical.com\/#\/schema\/logo\/image\/\"}}]}<\/script>\n<!-- \/ Yoast SEO plugin. -->","yoast_head_json":{"title":"Chlorure de 2,4,6-trim\u00e9thylbenzoyle, fabricant chinois CAS 938-18-1 - Longchang Chemical","description":"Le chlorure de 2,4,6-trim\u00e9thylbenzoyle est un produit cl\u00e9 de Longchang Chemical. Nous fournissons le meilleur prix et sommes le principal fabricant et fournisseur en Chine, connu pour la meilleure qualit\u00e9 et les prix comp\u00e9titifs.","robots":{"index":"index","follow":"follow","max-snippet":"max-snippet:-1","max-image-preview":"max-image-preview:large","max-video-preview":"max-video-preview:-1"},"canonical":"https:\/\/longchangchemical.com\/fr\/product\/246-trimethylbenzoyl-chloride-cas-938-18-1\/","og_locale":"fr_FR","og_type":"article","og_title":"China 2,4,6-Trimethylbenzoyl Chloride Manufacturer CAS 938-18-1 - Longchang Chemical","og_description":"2,4,6-Trimethylbenzoyl Chloride is a key product of Longchang Chemical. We provide the best price and are the leading manufacturer and supplier in China, known for the best quality and competitive prices.","og_url":"https:\/\/longchangchemical.com\/fr\/product\/246-trimethylbenzoyl-chloride-cas-938-18-1\/","og_site_name":"Longchang Chemical","article_modified_time":"2025-12-17T03:50:08+00:00","og_image":[{"width":800,"height":800,"url":"https:\/\/longchangchemical.com\/wp-content\/uploads\/2021\/01\/2-7.jpg","type":"image\/jpeg"}],"twitter_card":"summary_large_image","schema":{"@context":"https:\/\/schema.org","@graph":[{"@type":"WebPage","@id":"https:\/\/longchangchemical.com\/product\/246-trimethylbenzoyl-chloride-cas-938-18-1\/","url":"https:\/\/longchangchemical.com\/product\/246-trimethylbenzoyl-chloride-cas-938-18-1\/","name":"Chlorure de 2,4,6-trim\u00e9thylbenzoyle, fabricant chinois CAS 938-18-1 - Longchang Chemical","isPartOf":{"@id":"https:\/\/longchangchemical.com\/#website"},"primaryImageOfPage":{"@id":"https:\/\/longchangchemical.com\/product\/246-trimethylbenzoyl-chloride-cas-938-18-1\/#primaryimage"},"image":{"@id":"https:\/\/longchangchemical.com\/product\/246-trimethylbenzoyl-chloride-cas-938-18-1\/#primaryimage"},"thumbnailUrl":"https:\/\/longchangchemical.com\/wp-content\/uploads\/2021\/01\/2-7.jpg","datePublished":"2024-01-18T06:50:43+00:00","dateModified":"2025-12-17T03:50:08+00:00","description":"Le chlorure de 2,4,6-trim\u00e9thylbenzoyle est un produit cl\u00e9 de Longchang Chemical. Nous fournissons le meilleur prix et sommes le principal fabricant et fournisseur en Chine, connu pour la meilleure qualit\u00e9 et les prix comp\u00e9titifs.","breadcrumb":{"@id":"https:\/\/longchangchemical.com\/product\/246-trimethylbenzoyl-chloride-cas-938-18-1\/#breadcrumb"},"inLanguage":"fr-FR","potentialAction":[{"@type":"ReadAction","target":["https:\/\/longchangchemical.com\/product\/246-trimethylbenzoyl-chloride-cas-938-18-1\/"]}]},{"@type":"ImageObject","inLanguage":"fr-FR","@id":"https:\/\/longchangchemical.com\/product\/246-trimethylbenzoyl-chloride-cas-938-18-1\/#primaryimage","url":"https:\/\/longchangchemical.com\/wp-content\/uploads\/2021\/01\/2-7.jpg","contentUrl":"https:\/\/longchangchemical.com\/wp-content\/uploads\/2021\/01\/2-7.jpg","width":800,"height":800,"caption":"2,4,6-trimethylbenzoyl chloride cas 938-18-1"},{"@type":"BreadcrumbList","@id":"https:\/\/longchangchemical.com\/product\/246-trimethylbenzoyl-chloride-cas-938-18-1\/#breadcrumb","itemListElement":[{"@type":"ListItem","position":1,"name":"Home","item":"https:\/\/longchangchemical.com\/"},{"@type":"ListItem","position":2,"name":"Products Longchang","item":"https:\/\/longchangchemical.com\/product\/"},{"@type":"ListItem","position":3,"name":"2,4,6-trimethylbenzoyl chloride cas 938-18-1"}]},{"@type":"WebSite","@id":"https:\/\/longchangchemical.com\/#website","url":"https:\/\/longchangchemical.com\/","name":"Longchang Chemical","description":"Fabricant chinois de produits chimiques \uff06 fournisseur","publisher":{"@id":"https:\/\/longchangchemical.com\/#organization"},"potentialAction":[{"@type":"SearchAction","target":{"@type":"EntryPoint","urlTemplate":"https:\/\/longchangchemical.com\/?s={search_term_string}"},"query-input":{"@type":"PropertyValueSpecification","valueRequired":true,"valueName":"search_term_string"}}],"inLanguage":"fr-FR"},{"@type":"Organization","@id":"https:\/\/longchangchemical.com\/#organization","name":"Longchang Chemical","url":"https:\/\/longchangchemical.com\/","logo":{"@type":"ImageObject","inLanguage":"fr-FR","@id":"https:\/\/longchangchemical.com\/#\/schema\/logo\/image\/","url":"https:\/\/longchangchemical.com\/wp-content\/uploads\/2020\/08\/cropped-longchang-logo.png","contentUrl":"https:\/\/longchangchemical.com\/wp-content\/uploads\/2020\/08\/cropped-longchang-logo.png","width":512,"height":512,"caption":"Longchang Chemical"},"image":{"@id":"https:\/\/longchangchemical.com\/#\/schema\/logo\/image\/"}}]}},"_links":{"self":[{"href":"https:\/\/longchangchemical.com\/fr\/wp-json\/wp\/v2\/product\/4194","targetHints":{"allow":["GET"]}}],"collection":[{"href":"https:\/\/longchangchemical.com\/fr\/wp-json\/wp\/v2\/product"}],"about":[{"href":"https:\/\/longchangchemical.com\/fr\/wp-json\/wp\/v2\/types\/product"}],"replies":[{"embeddable":true,"href":"https:\/\/longchangchemical.com\/fr\/wp-json\/wp\/v2\/comments?post=4194"}],"wp:featuredmedia":[{"embeddable":true,"href":"https:\/\/longchangchemical.com\/fr\/wp-json\/wp\/v2\/media\/6523"}],"wp:attachment":[{"href":"https:\/\/longchangchemical.com\/fr\/wp-json\/wp\/v2\/media?parent=4194"}],"wp:term":[{"taxonomy":"product_brand","embeddable":true,"href":"https:\/\/longchangchemical.com\/fr\/wp-json\/wp\/v2\/product_brand?post=4194"},{"taxonomy":"product_cat","embeddable":true,"href":"https:\/\/longchangchemical.com\/fr\/wp-json\/wp\/v2\/product_cat?post=4194"},{"taxonomy":"product_tag","embeddable":true,"href":"https:\/\/longchangchemical.com\/fr\/wp-json\/wp\/v2\/product_tag?post=4194"}],"curies":[{"name":"wp","href":"https:\/\/api.w.org\/{rel}","templated":true}]}}