{"id":4158,"date":"2021-02-09T13:30:06","date_gmt":"2021-02-09T13:30:06","guid":{"rendered":"https:\/\/longchangchemical.com\/?post_type=product&#038;p=4158"},"modified":"2026-05-08T02:59:31","modified_gmt":"2026-05-08T02:59:31","slug":"bismuth-citrate-cas-813-93-4","status":"publish","type":"product","link":"https:\/\/longchangchemical.com\/fr\/product\/bismuth-citrate-cas-813-93-4\/","title":{"rendered":"Citrate de bismuth CAS 813-93-4"},"content":{"rendered":"<h2><strong>Citrate de bismuth CAS 813-93-4<\/strong><\/h2>\n<table class=\"table-1\" cellspacing=\"0\">\n<tbody>\n<tr>\n<td>\n<h4>Objet<\/h4>\n<\/td>\n<td>\n<h4>Standard<\/h4>\n<\/td>\n<\/tr>\n<tr>\n<td>\n<h4>Apparence<\/h4>\n<\/td>\n<td>\n<h4>Poudre blanche<\/h4>\n<\/td>\n<\/tr>\n<tr>\n<td>\n<h4>Identification A<\/h4>\n<\/td>\n<td>\n<h4>IR<\/h4>\n<\/td>\n<\/tr>\n<tr>\n<td>\n<h4>Identification B<\/h4>\n<\/td>\n<td>\n<h4>La demande devrait \u00eatre satisfaite<\/h4>\n<\/td>\n<\/tr>\n<tr>\n<td>\n<h4>Identification C<\/h4>\n<\/td>\n<td>\n<h4>La demande devrait \u00eatre satisfaite<\/h4>\n<\/td>\n<\/tr>\n<tr>\n<td>\n<h4>Nitrate<\/h4>\n<\/td>\n<td>\n<h4>La demande devrait \u00eatre satisfaite<\/h4>\n<\/td>\n<\/tr>\n<tr>\n<td>\n<h4>Arsenic<\/h4>\n<\/td>\n<td>\n<h4>Moins de 0,001%<\/h4>\n<\/td>\n<\/tr>\n<tr>\n<td>\n<h4>Perte \u00e0 sec<\/h4>\n<\/td>\n<td>\n<h4>Moins de 20.0%<\/h4>\n<\/td>\n<\/tr>\n<tr>\n<td>\n<h4>Cuivre<\/h4>\n<\/td>\n<td>\n<h4>Moins de 0,001%<\/h4>\n<\/td>\n<\/tr>\n<tr>\n<td>\n<h4>Plomb<\/h4>\n<\/td>\n<td>\n<h4>Moins de 0,001%<\/h4>\n<\/td>\n<\/tr>\n<tr>\n<td>\n<h4>Argent<\/h4>\n<\/td>\n<td>\n<h4>Moins de 0,001%<\/h4>\n<\/td>\n<\/tr>\n<tr>\n<td>\n<h4>Essai (Bi)<\/h4>\n<\/td>\n<td>\n<h4>Bas\u00e9 sur des donn\u00e9es s\u00e8ches, Bi 49%-54%<\/h4>\n<\/td>\n<\/tr>\n<\/tbody>\n<\/table>\n<p>&nbsp;<\/p>\n<h2><strong>Utilisation du citrate de bismuth<\/strong><\/h2>\n<h4>1. M\u00e9dicament interm\u00e9diaire contre les maux d'estomac et antiulc\u00e9reux.<\/h4>\n<h4>2. Utilisation pour le traitement de l'ulc\u00e8re gastrique, de l'ulc\u00e8re duod\u00e9nal, de l'ulc\u00e8re compos\u00e9 et de l'ulc\u00e8re de stomie, ainsi que de la gastrite superficielle chronique avec infection par l'helicobacter pylori.<\/h4>\n<h4>3. Ce produit est utilis\u00e9 comme interm\u00e9diaire du citrate de bismuth et de potassium.<\/h4>\n<p>&nbsp;<\/p>\n<h2><strong>Emballage et exp\u00e9dition du citrate de bismuth<\/strong><\/h2>\n<h4>Emballage : 25kg\/tambour<\/h4>\n<p>&nbsp;<\/p>\n<h2><strong>Citrate de bismuth Stockage<\/strong><\/h2>\n<h4>Il doit \u00eatre plac\u00e9 au frais et au sec.<\/h4>\n<p>&nbsp;<\/p>\n<h2><strong>Produits de la m\u00eame s\u00e9rie<\/strong><\/h2>\n<table style=\"border-collapse: collapse; width: 312.02pt;\" border=\"0\" width=\"416\" cellspacing=\"0\" cellpadding=\"0\">\n<tbody>\n<tr style=\"height: 54.00pt;\">\n<td class=\"et4\" style=\"height: 54.00pt; width: 201.75pt;\" width=\"269\" height=\"72\">\n<h4><a href=\"https:\/\/longchangchemical.com\/fr\/product\/bismuth-citrate-cas-813-93-4\/\"><span style=\"color: #0000ff;\"><strong>Citrate de bismuth<\/strong><\/span><\/a><\/h4>\n<\/td>\n<td class=\"et4\" style=\"width: 110.25pt;\" width=\"147\">\n<h4><a href=\"https:\/\/longchangchemical.com\/fr\/product\/bismuth-citrate-cas-813-93-4\/\"><span style=\"color: #0000ff;\"><strong>813-93-4<\/strong><\/span><\/a><\/h4>\n<\/td>\n<\/tr>\n<tr style=\"height: 54.00pt;\">\n<td class=\"et5\" style=\"height: 54.00pt; width: 201.75pt;\" width=\"269\" height=\"72\">\n<h4><a href=\"https:\/\/longchangchemical.com\/fr\/product\/boron-citrate-5\/\"><span style=\"color: #0000ff;\"><strong>Citrate de bore<\/strong><\/span><\/a><\/h4>\n<\/td>\n<td class=\"et6\" style=\"width: 110.25pt;\" width=\"147\"><\/td>\n<\/tr>\n<tr style=\"height: 40.50pt;\">\n<td class=\"et7\" style=\"height: 40.50pt; width: 201.75pt;\" width=\"269\" height=\"54\">\n<h4><a href=\"https:\/\/longchangchemical.com\/fr\/product\/ferric-citrate-cas-3522-50-7\/\"><span style=\"color: #0000ff;\"><strong>Citrate ferrique<\/strong><\/span><\/a><\/h4>\n<\/td>\n<td class=\"et7\" style=\"width: 110.25pt;\" width=\"147\">\n<h4><a href=\"https:\/\/longchangchemical.com\/fr\/product\/ferric-citrate-cas-3522-50-7\/\"><span style=\"color: #0000ff;\"><strong>3522-50-7<\/strong><\/span><\/a><\/h4>\n<\/td>\n<\/tr>\n<tr style=\"height: 40.50pt;\">\n<td class=\"et7\" style=\"height: 40.50pt; width: 201.75pt;\" width=\"269\" height=\"54\">\n<h4><a href=\"https:\/\/longchangchemical.com\/fr\/product\/calcium-citrate-cas-813-94-5\/\"><span style=\"color: #0000ff;\"><strong>Citrate de calcium<\/strong><\/span><\/a><\/h4>\n<\/td>\n<td class=\"et7\" style=\"width: 110.25pt;\" width=\"147\">\n<h4><a href=\"https:\/\/longchangchemical.com\/fr\/product\/calcium-citrate-cas-813-94-5\/\"><span style=\"color: #0000ff;\"><strong>813-94-5<\/strong><\/span><\/a><\/h4>\n<\/td>\n<\/tr>\n<tr style=\"height: 40.50pt;\">\n<td class=\"et7\" style=\"height: 40.50pt; width: 201.75pt;\" width=\"269\" height=\"54\">\n<h4><a href=\"https:\/\/longchangchemical.com\/fr\/product\/trimagnesium-dicitrate-cas-3344-18-1\/\"><span style=\"color: #0000ff;\"><strong>Dicitrate de trimagn\u00e9sium<\/strong><\/span><\/a><\/h4>\n<\/td>\n<td class=\"et7\" style=\"width: 110.25pt;\" width=\"147\">\n<h4><a href=\"https:\/\/longchangchemical.com\/fr\/product\/trimagnesium-dicitrate-cas-3344-18-1\/\"><span style=\"color: #0000ff;\"><strong>3344-18-1<\/strong><\/span><\/a><\/h4>\n<\/td>\n<\/tr>\n<tr style=\"height: 40.50pt;\">\n<td class=\"et7\" style=\"height: 40.50pt; width: 201.75pt;\" width=\"269\" height=\"54\">\n<h4><a href=\"https:\/\/longchangchemical.com\/fr\/product\/zinc-citrate-tribasic-dihydrate-cas-5990-32-9\/\"><span style=\"color: #0000ff;\">Citrate de zinc tribasique dihydrat\u00e9<\/span><\/a><\/h4>\n<\/td>\n<td class=\"et7\" style=\"width: 110.25pt;\" width=\"147\">\n<h4><a href=\"https:\/\/longchangchemical.com\/fr\/product\/zinc-citrate-tribasic-dihydrate-cas-5990-32-9\/\"><span style=\"color: #0000ff;\">5990-32-9<\/span><\/a><\/h4>\n<\/td>\n<\/tr>\n<tr style=\"height: 40.50pt;\">\n<td class=\"et7\" style=\"height: 40.50pt; width: 201.75pt;\" width=\"269\" height=\"54\">\n<h4><a href=\"https:\/\/longchangchemical.com\/fr\/product\/manganese-citrate-cas-10024-66-5\/\"><span style=\"color: #0000ff;\"><strong>Citrate de mangan\u00e8se<\/strong><\/span><\/a><\/h4>\n<\/td>\n<td class=\"et7\" style=\"width: 110.25pt;\" width=\"147\">\n<h4><a href=\"https:\/\/longchangchemical.com\/fr\/product\/manganese-citrate-cas-10024-66-5\/\"><span style=\"color: #0000ff;\"><strong>10024-66-5<\/strong><\/span><\/a><\/h4>\n<\/td>\n<\/tr>\n<tr style=\"height: 40.50pt;\">\n<td class=\"et7\" style=\"height: 40.50pt; width: 201.75pt;\" width=\"269\" height=\"54\">\n<h4><a href=\"https:\/\/longchangchemical.com\/fr\/product\/trimethyl-citrate-cas-1587-20-8\/\"><span style=\"color: #0000ff;\"><strong>Citrate de trim\u00e9thyle<\/strong><\/span><\/a><\/h4>\n<\/td>\n<td class=\"et7\" style=\"width: 110.25pt;\" width=\"147\">\n<h4><a href=\"https:\/\/longchangchemical.com\/fr\/product\/trimethyl-citrate-cas-1587-20-8\/\"><span style=\"color: #0000ff;\"><strong>1587-20-8<\/strong><\/span><\/a><\/h4>\n<\/td>\n<\/tr>\n<tr style=\"height: 40.50pt;\">\n<td class=\"et7\" style=\"height: 40.50pt; width: 201.75pt;\" width=\"269\" height=\"54\">\n<h4><a href=\"https:\/\/longchangchemical.com\/fr\/product\/triethyl-citrate-cas-77-93-0\/\"><span style=\"color: #0000ff;\"><strong>Citrate de tri\u00e9thyle<\/strong><\/span><\/a><\/h4>\n<\/td>\n<td class=\"et7\" style=\"width: 110.25pt;\" width=\"147\">\n<h4><a href=\"https:\/\/longchangchemical.com\/fr\/product\/triethyl-citrate-cas-77-93-0\/\"><span style=\"color: #0000ff;\"><strong>77-93-0<\/strong><\/span><\/a><\/h4>\n<\/td>\n<\/tr>\n<\/tbody>\n<\/table>\n<p>&nbsp;<\/p>\n<h2><strong><b>Contactez-nous d\u00e8s maintenant !<\/b><\/strong><\/h2>\n<h4><strong><b>Nous fournissons des services personnalis\u00e9s, nous vous contacterons g\u00e9n\u00e9ralement dans les 24 heures. Vous pouvez \u00e9galement m'envoyer un courriel \u00e0 l'adresse info@longchangchemical.com pendant les heures de travail (de 8h30 \u00e0 18h00 UTC+8 du lundi au samedi) ou utiliser le chat en direct du site web pour obtenir une r\u00e9ponse rapide.<\/b><\/strong><\/h4>","protected":false},"excerpt":{"rendered":"<h4>Nom chimique : Citrate de bismuth<\/h4>\n<h4>Num\u00e9ro CAS : 813-93-4<\/h4>\n<h4>Formule mol\u00e9culaire : C6H5BiO7<\/h4>\n<h4>Structure chimique :<img decoding=\"async\" title=\"Structure du citrate de bismuth\" src=\"https:\/\/www.longchangchemical.com\/wp-content\/uploads\/product-details\/20200612210992.png\" alt=\"Structure du citrate de bismuth\" width=\"116\" height=\"79\" border=\"0\" vspace=\"0\" \/><\/h4>\n<h4>Poids mol\u00e9culaire : 398,09<\/h4>\n<h4>Aspect : poudre blanche<\/h4>\n<h4>Assay\uff1a49%-54%<\/h4>","protected":false},"featured_media":4371,"comment_status":"open","ping_status":"closed","template":"","meta":[],"product_brand":[],"product_cat":[113],"product_tag":[],"class_list":{"0":"post-4158","1":"product","2":"type-product","3":"status-publish","4":"has-post-thumbnail","6":"product_cat-organic-intermediate","8":"first","9":"instock","10":"shipping-taxable","11":"product-type-simple"},"yoast_head":"<!-- This site is optimized with the Yoast SEO plugin v25.3.1 - https:\/\/yoast.com\/wordpress\/plugins\/seo\/ -->\n<title>China Bismuth citrate Manufacturer \uff06 813-93-4 Supplier - Longchang chemical Co., Ltd.<\/title>\n<meta name=\"description\" content=\"Longchang Chemical is a leading manufacturer and supplier of Bismuth citrate in China. Buy Bismuth citrate in china. We can provide the best Bismuth citrate price.\" \/>\n<meta name=\"robots\" content=\"index, follow, max-snippet:-1, max-image-preview:large, max-video-preview:-1\" \/>\n<link rel=\"canonical\" href=\"https:\/\/longchangchemical.com\/fr\/product\/bismuth-citrate-cas-813-93-4\/\" \/>\n<meta property=\"og:locale\" content=\"fr_FR\" \/>\n<meta property=\"og:type\" content=\"article\" \/>\n<meta property=\"og:title\" content=\"China Bismuth citrate Manufacturer \uff06 813-93-4 Supplier - Longchang chemical Co., Ltd.\" \/>\n<meta property=\"og:description\" content=\"Longchang Chemical is a leading manufacturer and supplier of Bismuth citrate in China. Buy Bismuth citrate in china. We can provide the best Bismuth citrate price.\" \/>\n<meta property=\"og:url\" content=\"https:\/\/longchangchemical.com\/fr\/product\/bismuth-citrate-cas-813-93-4\/\" \/>\n<meta property=\"og:site_name\" content=\"Longchang Chemical\" \/>\n<meta property=\"article:modified_time\" content=\"2026-05-08T02:59:31+00:00\" \/>\n<meta property=\"og:image\" content=\"https:\/\/longchangchemical.com\/wp-content\/uploads\/2021\/01\/Bismuth-citrate-Appearance.jpg\" \/>\n\t<meta property=\"og:image:width\" content=\"600\" \/>\n\t<meta property=\"og:image:height\" content=\"800\" \/>\n\t<meta property=\"og:image:type\" content=\"image\/jpeg\" \/>\n<meta name=\"twitter:card\" content=\"summary_large_image\" \/>\n<script type=\"application\/ld+json\" class=\"yoast-schema-graph\">{\"@context\":\"https:\/\/schema.org\",\"@graph\":[{\"@type\":\"WebPage\",\"@id\":\"https:\/\/longchangchemical.com\/product\/bismuth-citrate-cas-813-93-4\/\",\"url\":\"https:\/\/longchangchemical.com\/product\/bismuth-citrate-cas-813-93-4\/\",\"name\":\"China Bismuth citrate Manufacturer \uff06 813-93-4 Supplier - Longchang chemical Co., Ltd.\",\"isPartOf\":{\"@id\":\"https:\/\/longchangchemical.com\/#website\"},\"primaryImageOfPage\":{\"@id\":\"https:\/\/longchangchemical.com\/product\/bismuth-citrate-cas-813-93-4\/#primaryimage\"},\"image\":{\"@id\":\"https:\/\/longchangchemical.com\/product\/bismuth-citrate-cas-813-93-4\/#primaryimage\"},\"thumbnailUrl\":\"https:\/\/longchangchemical.com\/wp-content\/uploads\/2021\/01\/Bismuth-citrate-Appearance.jpg\",\"datePublished\":\"2021-02-09T13:30:06+00:00\",\"dateModified\":\"2026-05-08T02:59:31+00:00\",\"description\":\"Longchang Chemical is a leading manufacturer and supplier of Bismuth citrate in China. Buy Bismuth citrate in china. We can provide the best Bismuth citrate price.\",\"breadcrumb\":{\"@id\":\"https:\/\/longchangchemical.com\/product\/bismuth-citrate-cas-813-93-4\/#breadcrumb\"},\"inLanguage\":\"fr-FR\",\"potentialAction\":[{\"@type\":\"ReadAction\",\"target\":[\"https:\/\/longchangchemical.com\/product\/bismuth-citrate-cas-813-93-4\/\"]}]},{\"@type\":\"ImageObject\",\"inLanguage\":\"fr-FR\",\"@id\":\"https:\/\/longchangchemical.com\/product\/bismuth-citrate-cas-813-93-4\/#primaryimage\",\"url\":\"https:\/\/longchangchemical.com\/wp-content\/uploads\/2021\/01\/Bismuth-citrate-Appearance.jpg\",\"contentUrl\":\"https:\/\/longchangchemical.com\/wp-content\/uploads\/2021\/01\/Bismuth-citrate-Appearance.jpg\",\"width\":600,\"height\":800,\"caption\":\"Bismuth citrate Appearance\"},{\"@type\":\"BreadcrumbList\",\"@id\":\"https:\/\/longchangchemical.com\/product\/bismuth-citrate-cas-813-93-4\/#breadcrumb\",\"itemListElement\":[{\"@type\":\"ListItem\",\"position\":1,\"name\":\"Home\",\"item\":\"https:\/\/longchangchemical.com\/\"},{\"@type\":\"ListItem\",\"position\":2,\"name\":\"Products Longchang\",\"item\":\"https:\/\/longchangchemical.com\/product\/\"},{\"@type\":\"ListItem\",\"position\":3,\"name\":\"Bismuth citrate CAS 813-93-4\"}]},{\"@type\":\"WebSite\",\"@id\":\"https:\/\/longchangchemical.com\/#website\",\"url\":\"https:\/\/longchangchemical.com\/\",\"name\":\"Longchang Chemical\",\"description\":\"China chemical manufacturer \uff06 supplier\",\"publisher\":{\"@id\":\"https:\/\/longchangchemical.com\/#organization\"},\"potentialAction\":[{\"@type\":\"SearchAction\",\"target\":{\"@type\":\"EntryPoint\",\"urlTemplate\":\"https:\/\/longchangchemical.com\/?s={search_term_string}\"},\"query-input\":{\"@type\":\"PropertyValueSpecification\",\"valueRequired\":true,\"valueName\":\"search_term_string\"}}],\"inLanguage\":\"fr-FR\"},{\"@type\":\"Organization\",\"@id\":\"https:\/\/longchangchemical.com\/#organization\",\"name\":\"Longchang Chemical\",\"url\":\"https:\/\/longchangchemical.com\/\",\"logo\":{\"@type\":\"ImageObject\",\"inLanguage\":\"fr-FR\",\"@id\":\"https:\/\/longchangchemical.com\/#\/schema\/logo\/image\/\",\"url\":\"https:\/\/longchangchemical.com\/wp-content\/uploads\/2020\/08\/cropped-longchang-logo.png\",\"contentUrl\":\"https:\/\/longchangchemical.com\/wp-content\/uploads\/2020\/08\/cropped-longchang-logo.png\",\"width\":512,\"height\":512,\"caption\":\"Longchang Chemical\"},\"image\":{\"@id\":\"https:\/\/longchangchemical.com\/#\/schema\/logo\/image\/\"}}]}<\/script>\n<!-- \/ Yoast SEO plugin. -->","yoast_head_json":{"title":"Fabricant chinois de citrate de bismuth \uff06 813-93-4 Fournisseur - Longchang chemical Co.","description":"Longchang Chemical est un fabricant et fournisseur leader de citrate de bismuth en Chine. Acheter Citrate de bismuth en Chine. Nous pouvons fournir le meilleur prix de citrate de bismuth.","robots":{"index":"index","follow":"follow","max-snippet":"max-snippet:-1","max-image-preview":"max-image-preview:large","max-video-preview":"max-video-preview:-1"},"canonical":"https:\/\/longchangchemical.com\/fr\/product\/bismuth-citrate-cas-813-93-4\/","og_locale":"fr_FR","og_type":"article","og_title":"China Bismuth citrate Manufacturer \uff06 813-93-4 Supplier - Longchang chemical Co., Ltd.","og_description":"Longchang Chemical is a leading manufacturer and supplier of Bismuth citrate in China. Buy Bismuth citrate in china. We can provide the best Bismuth citrate price.","og_url":"https:\/\/longchangchemical.com\/fr\/product\/bismuth-citrate-cas-813-93-4\/","og_site_name":"Longchang Chemical","article_modified_time":"2026-05-08T02:59:31+00:00","og_image":[{"width":600,"height":800,"url":"https:\/\/longchangchemical.com\/wp-content\/uploads\/2021\/01\/Bismuth-citrate-Appearance.jpg","type":"image\/jpeg"}],"twitter_card":"summary_large_image","schema":{"@context":"https:\/\/schema.org","@graph":[{"@type":"WebPage","@id":"https:\/\/longchangchemical.com\/product\/bismuth-citrate-cas-813-93-4\/","url":"https:\/\/longchangchemical.com\/product\/bismuth-citrate-cas-813-93-4\/","name":"Fabricant chinois de citrate de bismuth \uff06 813-93-4 Fournisseur - Longchang chemical Co.","isPartOf":{"@id":"https:\/\/longchangchemical.com\/#website"},"primaryImageOfPage":{"@id":"https:\/\/longchangchemical.com\/product\/bismuth-citrate-cas-813-93-4\/#primaryimage"},"image":{"@id":"https:\/\/longchangchemical.com\/product\/bismuth-citrate-cas-813-93-4\/#primaryimage"},"thumbnailUrl":"https:\/\/longchangchemical.com\/wp-content\/uploads\/2021\/01\/Bismuth-citrate-Appearance.jpg","datePublished":"2021-02-09T13:30:06+00:00","dateModified":"2026-05-08T02:59:31+00:00","description":"Longchang Chemical est un fabricant et fournisseur leader de citrate de bismuth en Chine. Acheter Citrate de bismuth en Chine. Nous pouvons fournir le meilleur prix de citrate de bismuth.","breadcrumb":{"@id":"https:\/\/longchangchemical.com\/product\/bismuth-citrate-cas-813-93-4\/#breadcrumb"},"inLanguage":"fr-FR","potentialAction":[{"@type":"ReadAction","target":["https:\/\/longchangchemical.com\/product\/bismuth-citrate-cas-813-93-4\/"]}]},{"@type":"ImageObject","inLanguage":"fr-FR","@id":"https:\/\/longchangchemical.com\/product\/bismuth-citrate-cas-813-93-4\/#primaryimage","url":"https:\/\/longchangchemical.com\/wp-content\/uploads\/2021\/01\/Bismuth-citrate-Appearance.jpg","contentUrl":"https:\/\/longchangchemical.com\/wp-content\/uploads\/2021\/01\/Bismuth-citrate-Appearance.jpg","width":600,"height":800,"caption":"Bismuth citrate Appearance"},{"@type":"BreadcrumbList","@id":"https:\/\/longchangchemical.com\/product\/bismuth-citrate-cas-813-93-4\/#breadcrumb","itemListElement":[{"@type":"ListItem","position":1,"name":"Home","item":"https:\/\/longchangchemical.com\/"},{"@type":"ListItem","position":2,"name":"Products Longchang","item":"https:\/\/longchangchemical.com\/product\/"},{"@type":"ListItem","position":3,"name":"Bismuth citrate CAS 813-93-4"}]},{"@type":"WebSite","@id":"https:\/\/longchangchemical.com\/#website","url":"https:\/\/longchangchemical.com\/","name":"Longchang Chemical","description":"Fabricant chinois de produits chimiques \uff06 fournisseur","publisher":{"@id":"https:\/\/longchangchemical.com\/#organization"},"potentialAction":[{"@type":"SearchAction","target":{"@type":"EntryPoint","urlTemplate":"https:\/\/longchangchemical.com\/?s={search_term_string}"},"query-input":{"@type":"PropertyValueSpecification","valueRequired":true,"valueName":"search_term_string"}}],"inLanguage":"fr-FR"},{"@type":"Organization","@id":"https:\/\/longchangchemical.com\/#organization","name":"Longchang Chemical","url":"https:\/\/longchangchemical.com\/","logo":{"@type":"ImageObject","inLanguage":"fr-FR","@id":"https:\/\/longchangchemical.com\/#\/schema\/logo\/image\/","url":"https:\/\/longchangchemical.com\/wp-content\/uploads\/2020\/08\/cropped-longchang-logo.png","contentUrl":"https:\/\/longchangchemical.com\/wp-content\/uploads\/2020\/08\/cropped-longchang-logo.png","width":512,"height":512,"caption":"Longchang Chemical"},"image":{"@id":"https:\/\/longchangchemical.com\/#\/schema\/logo\/image\/"}}]}},"_links":{"self":[{"href":"https:\/\/longchangchemical.com\/fr\/wp-json\/wp\/v2\/product\/4158","targetHints":{"allow":["GET"]}}],"collection":[{"href":"https:\/\/longchangchemical.com\/fr\/wp-json\/wp\/v2\/product"}],"about":[{"href":"https:\/\/longchangchemical.com\/fr\/wp-json\/wp\/v2\/types\/product"}],"replies":[{"embeddable":true,"href":"https:\/\/longchangchemical.com\/fr\/wp-json\/wp\/v2\/comments?post=4158"}],"wp:featuredmedia":[{"embeddable":true,"href":"https:\/\/longchangchemical.com\/fr\/wp-json\/wp\/v2\/media\/4371"}],"wp:attachment":[{"href":"https:\/\/longchangchemical.com\/fr\/wp-json\/wp\/v2\/media?parent=4158"}],"wp:term":[{"taxonomy":"product_brand","embeddable":true,"href":"https:\/\/longchangchemical.com\/fr\/wp-json\/wp\/v2\/product_brand?post=4158"},{"taxonomy":"product_cat","embeddable":true,"href":"https:\/\/longchangchemical.com\/fr\/wp-json\/wp\/v2\/product_cat?post=4158"},{"taxonomy":"product_tag","embeddable":true,"href":"https:\/\/longchangchemical.com\/fr\/wp-json\/wp\/v2\/product_tag?post=4158"}],"curies":[{"name":"wp","href":"https:\/\/api.w.org\/{rel}","templated":true}]}}