{"id":4148,"date":"2021-02-08T08:41:46","date_gmt":"2021-02-08T08:41:46","guid":{"rendered":"https:\/\/longchangchemical.com\/?post_type=product&#038;p=4148"},"modified":"2021-12-17T10:52:16","modified_gmt":"2021-12-17T10:52:16","slug":"zinc-naphthenate-cas-12001-85-3","status":"publish","type":"product","link":"https:\/\/longchangchemical.com\/fr\/product\/zinc-naphthenate-cas-12001-85-3\/","title":{"rendered":"Napht\u00e9nate de zinc CAS 12001-85-3"},"content":{"rendered":"<h1><strong>Napht\u00e9nate de zinc CAS 12001-85-3<\/strong><\/h1>\n<table class=\"table-1\" cellspacing=\"0\">\n<tbody>\n<tr>\n<td>\n<h4>Articles<\/h4>\n<\/td>\n<td>\n<h4>Sp\u00e9cifications<\/h4>\n<\/td>\n<\/tr>\n<tr>\n<td>\n<h4>Apparence<\/h4>\n<\/td>\n<td>\n<h4>Liquide brun, avec une odeur caract\u00e9ristique<\/h4>\n<\/td>\n<\/tr>\n<tr>\n<td>\n<h4>Teneur en m\u00e9tal%<\/h4>\n<\/td>\n<td>\n<h4>8.0-8.2<\/h4>\n<\/td>\n<\/tr>\n<tr>\n<td>\n<h4>Densit\u00e9<\/h4>\n<\/td>\n<td>\n<h4>0,962 g\/mlat 25 \u2103(lit.)<\/h4>\n<\/td>\n<\/tr>\n<tr>\n<td>\n<h4>Solubilit\u00e9<\/h4>\n<\/td>\n<td>\n<h4>Soluble dans l'huile, insoluble dans l'eau<\/h4>\n<\/td>\n<\/tr>\n<\/tbody>\n<\/table>\n<p>&nbsp;<\/p>\n<h2><strong>Napht\u00e9nate de zinc Utilisation<\/strong><\/h2>\n<h4>1. Le napht\u00e9nate de zinc est principalement utilis\u00e9 comme antirouille et inhibiteur de corrosion pour les produits m\u00e9talliques. Il est utilis\u00e9 pour pr\u00e9parer diverses huiles et graisses antirouille. Il est utilis\u00e9 en combinaison avec le sulfonate de p\u00e9trole de baryum pour pr\u00e9parer l'huile antirouille pour la fonte.<\/h4>\n<h4>2. Le napht\u00e9nate de zinc peut \u00eatre utilis\u00e9 comme peinture et encre d'imprimerie.<\/h4>\n<h4>3. Le napht\u00e9nate de zinc peut \u00eatre utilis\u00e9 comme siccatif de r\u00e9sine, agent mouillant, insecticide, agent antifongique, conservateur de bois, etc.<\/h4>\n<h2><\/h2>\n<h2><strong>Emballage et exp\u00e9dition du napht\u00e9nate de zinc<\/strong><\/h2>\n<h4>Seau m\u00e9tallique de 200L, poids net 180 kg.<\/h4>\n<p>&nbsp;<\/p>\n<h2><strong>Napht\u00e9nate de zinc Stockage<\/strong><\/h2>\n<h4>Conservez le sceau et gardez-le \u00e0 basse temp\u00e9rature et \u00e0 l'abri de l'humidit\u00e9.<\/h4>\n<h4>Caract\u00e9ristiques dangereuses : Ce produit est inflammable lorsqu'il est expos\u00e9 \u00e0 des flammes nues et \u00e0 une chaleur \u00e9lev\u00e9e. Il se d\u00e9compose sous l'effet de la chaleur et \u00e9met des fum\u00e9es toxiques.<br \/>\nProtection respiratoire : le port d'un masque est recommand\u00e9.<br \/>\nProtection des yeux : porter des lunettes de s\u00e9curit\u00e9.<br \/>\nProtection du corps : porter une combinaison antistatique.<br \/>\nProtection des mains : Porter des gants de protection.<\/h4>\n<h2><strong>Produits de la m\u00eame s\u00e9rie<\/strong><\/h2>\n<table style=\"border-collapse: collapse; width: 256.52pt;\" border=\"0\" width=\"342\" cellspacing=\"0\" cellpadding=\"0\">\n<tbody>\n<tr style=\"height: 54.00pt;\">\n<td class=\"et2\" style=\"height: 54.00pt; width: 146.25pt;\" width=\"195\" height=\"72\"><a href=\"https:\/\/longchangchemical.com\/fr\/product\/naphthenic-acid-cas-1338-24-5\/\"><span style=\"color: #3366ff;\"><strong>Acide napht\u00e9nique<\/strong><\/span><\/a><\/td>\n<td class=\"et2\" style=\"width: 110.25pt;\" width=\"147\"><a href=\"https:\/\/longchangchemical.com\/fr\/product\/naphthenic-acid-cas-1338-24-5\/\"><span style=\"color: #3366ff;\"><strong>1338-24-5<\/strong><\/span><\/a><\/td>\n<\/tr>\n<tr style=\"height: 54.00pt;\">\n<td class=\"et2\" style=\"height: 54.00pt; width: 146.25pt;\" width=\"195\" height=\"72\"><a href=\"https:\/\/longchangchemical.com\/fr\/product\/copper-naphthenate-cas-1338-02-9\/\"><span style=\"color: #3366ff;\"><strong>Napht\u00e9nate de cuivre<\/strong><\/span><\/a><\/td>\n<td class=\"et2\" style=\"width: 110.25pt;\" width=\"147\"><a href=\"https:\/\/longchangchemical.com\/fr\/product\/copper-naphthenate-cas-1338-02-9\/\"><span style=\"color: #3366ff;\"><strong>1338-02-9<\/strong><\/span><\/a><\/td>\n<\/tr>\n<tr style=\"height: 54.00pt;\">\n<td class=\"et3\" style=\"height: 54.00pt; width: 146.25pt;\" width=\"195\" height=\"72\"><span style=\"color: #3366ff;\"><strong>Napht\u00e9nate de zinc<\/strong><\/span><\/td>\n<td class=\"et3\" style=\"width: 110.25pt;\" width=\"147\"><span style=\"color: #3366ff;\"><strong>12001-85-3<\/strong><\/span><\/td>\n<\/tr>\n<\/tbody>\n<\/table>\n<h2><\/h2>\n<h2><strong><b>Contactez-nous d\u00e8s maintenant !<\/b><\/strong><\/h2>\n<h4><strong><b>Nous fournissons des services personnalis\u00e9s, nous vous contacterons g\u00e9n\u00e9ralement dans les 24 heures. Vous pouvez \u00e9galement m'envoyer un courriel \u00e0 l'adresse info@longchangchemical.com pendant les heures de travail (de 8h30 \u00e0 18h00 UTC+8 du lundi au samedi) ou utiliser le chat en direct du site web pour obtenir une r\u00e9ponse rapide.<\/b><\/strong><\/h4>","protected":false},"excerpt":{"rendered":"<h4>Nom chimique : Napht\u00e9nate de zinc<\/h4>\n<h4>Num\u00e9ro CAS : 12001-85-3<\/h4>\n<h4>Formule mol\u00e9culaire : 2(C11H7O2).Zn<\/h4>\n<h4>Poids mol\u00e9culaire : 319,71<\/h4>\n<h4>Aspect : Liquide brun, avec une odeur caract\u00e9ristique<\/h4>\n<h4>Essai : 8%<\/h4>","protected":false},"featured_media":4360,"comment_status":"open","ping_status":"closed","template":"","meta":[],"product_brand":[],"product_cat":[69],"product_tag":[],"class_list":{"0":"post-4148","1":"product","2":"type-product","3":"status-publish","4":"has-post-thumbnail","6":"product_cat-catalysts-chemical-auxiliary-agents","8":"first","9":"instock","10":"shipping-taxable","11":"product-type-simple"},"yoast_head":"<!-- This site is optimized with the Yoast SEO plugin v25.3.1 - https:\/\/yoast.com\/wordpress\/plugins\/seo\/ -->\n<title>China Zinc naphthenate Manufacturer \uff06 Supplier - Longchang chemical Co., Ltd.<\/title>\n<meta name=\"description\" content=\"Longchang Chemical is a leading manufacturer and supplier of Zinc naphthenate in China. Buy Zinc naphthenate in china. We can provide the best Zinc naphthenate price.\" \/>\n<meta name=\"robots\" content=\"index, follow, max-snippet:-1, max-image-preview:large, max-video-preview:-1\" \/>\n<link rel=\"canonical\" href=\"https:\/\/longchangchemical.com\/fr\/product\/zinc-naphthenate-cas-12001-85-3\/\" \/>\n<meta property=\"og:locale\" content=\"fr_FR\" \/>\n<meta property=\"og:type\" content=\"article\" \/>\n<meta property=\"og:title\" content=\"China Zinc naphthenate Manufacturer \uff06 Supplier - Longchang chemical Co., Ltd.\" \/>\n<meta property=\"og:description\" content=\"Longchang Chemical is a leading manufacturer and supplier of Zinc naphthenate in China. Buy Zinc naphthenate in china. We can provide the best Zinc naphthenate price.\" \/>\n<meta property=\"og:url\" content=\"https:\/\/longchangchemical.com\/fr\/product\/zinc-naphthenate-cas-12001-85-3\/\" \/>\n<meta property=\"og:site_name\" content=\"Longchang Chemical\" \/>\n<meta property=\"article:modified_time\" content=\"2021-12-17T10:52:16+00:00\" \/>\n<meta property=\"og:image\" content=\"https:\/\/longchangchemical.com\/wp-content\/uploads\/2021\/01\/Zinc-naphthenate-Appearance.jpg\" \/>\n\t<meta property=\"og:image:width\" content=\"600\" \/>\n\t<meta property=\"og:image:height\" content=\"800\" \/>\n\t<meta property=\"og:image:type\" content=\"image\/jpeg\" \/>\n<meta name=\"twitter:card\" content=\"summary_large_image\" \/>\n<script type=\"application\/ld+json\" class=\"yoast-schema-graph\">{\"@context\":\"https:\/\/schema.org\",\"@graph\":[{\"@type\":\"WebPage\",\"@id\":\"https:\/\/longchangchemical.com\/product\/zinc-naphthenate-cas-12001-85-3\/\",\"url\":\"https:\/\/longchangchemical.com\/product\/zinc-naphthenate-cas-12001-85-3\/\",\"name\":\"China Zinc naphthenate Manufacturer \uff06 Supplier - Longchang chemical Co., Ltd.\",\"isPartOf\":{\"@id\":\"https:\/\/longchangchemical.com\/#website\"},\"primaryImageOfPage\":{\"@id\":\"https:\/\/longchangchemical.com\/product\/zinc-naphthenate-cas-12001-85-3\/#primaryimage\"},\"image\":{\"@id\":\"https:\/\/longchangchemical.com\/product\/zinc-naphthenate-cas-12001-85-3\/#primaryimage\"},\"thumbnailUrl\":\"https:\/\/longchangchemical.com\/wp-content\/uploads\/2021\/01\/Zinc-naphthenate-Appearance.jpg\",\"datePublished\":\"2021-02-08T08:41:46+00:00\",\"dateModified\":\"2021-12-17T10:52:16+00:00\",\"description\":\"Longchang Chemical is a leading manufacturer and supplier of Zinc naphthenate in China. Buy Zinc naphthenate in china. We can provide the best Zinc naphthenate price.\",\"breadcrumb\":{\"@id\":\"https:\/\/longchangchemical.com\/product\/zinc-naphthenate-cas-12001-85-3\/#breadcrumb\"},\"inLanguage\":\"fr-FR\",\"potentialAction\":[{\"@type\":\"ReadAction\",\"target\":[\"https:\/\/longchangchemical.com\/product\/zinc-naphthenate-cas-12001-85-3\/\"]}]},{\"@type\":\"ImageObject\",\"inLanguage\":\"fr-FR\",\"@id\":\"https:\/\/longchangchemical.com\/product\/zinc-naphthenate-cas-12001-85-3\/#primaryimage\",\"url\":\"https:\/\/longchangchemical.com\/wp-content\/uploads\/2021\/01\/Zinc-naphthenate-Appearance.jpg\",\"contentUrl\":\"https:\/\/longchangchemical.com\/wp-content\/uploads\/2021\/01\/Zinc-naphthenate-Appearance.jpg\",\"width\":600,\"height\":800,\"caption\":\"Zinc naphthenate Appearance\"},{\"@type\":\"BreadcrumbList\",\"@id\":\"https:\/\/longchangchemical.com\/product\/zinc-naphthenate-cas-12001-85-3\/#breadcrumb\",\"itemListElement\":[{\"@type\":\"ListItem\",\"position\":1,\"name\":\"Home\",\"item\":\"https:\/\/longchangchemical.com\/\"},{\"@type\":\"ListItem\",\"position\":2,\"name\":\"Products Longchang\",\"item\":\"https:\/\/longchangchemical.com\/product\/\"},{\"@type\":\"ListItem\",\"position\":3,\"name\":\"Zinc naphthenate CAS 12001-85-3\"}]},{\"@type\":\"WebSite\",\"@id\":\"https:\/\/longchangchemical.com\/#website\",\"url\":\"https:\/\/longchangchemical.com\/\",\"name\":\"Longchang Chemical\",\"description\":\"China chemical manufacturer \uff06 supplier\",\"publisher\":{\"@id\":\"https:\/\/longchangchemical.com\/#organization\"},\"potentialAction\":[{\"@type\":\"SearchAction\",\"target\":{\"@type\":\"EntryPoint\",\"urlTemplate\":\"https:\/\/longchangchemical.com\/?s={search_term_string}\"},\"query-input\":{\"@type\":\"PropertyValueSpecification\",\"valueRequired\":true,\"valueName\":\"search_term_string\"}}],\"inLanguage\":\"fr-FR\"},{\"@type\":\"Organization\",\"@id\":\"https:\/\/longchangchemical.com\/#organization\",\"name\":\"Longchang Chemical\",\"url\":\"https:\/\/longchangchemical.com\/\",\"logo\":{\"@type\":\"ImageObject\",\"inLanguage\":\"fr-FR\",\"@id\":\"https:\/\/longchangchemical.com\/#\/schema\/logo\/image\/\",\"url\":\"https:\/\/longchangchemical.com\/wp-content\/uploads\/2020\/08\/cropped-longchang-logo.png\",\"contentUrl\":\"https:\/\/longchangchemical.com\/wp-content\/uploads\/2020\/08\/cropped-longchang-logo.png\",\"width\":512,\"height\":512,\"caption\":\"Longchang Chemical\"},\"image\":{\"@id\":\"https:\/\/longchangchemical.com\/#\/schema\/logo\/image\/\"}}]}<\/script>\n<!-- \/ Yoast SEO plugin. -->","yoast_head_json":{"title":"China Zinc naphthenate Manufacturer \uff06 Supplier - Longchang chemical Co., Ltd.","description":"Longchang Chemical est un fabricant et fournisseur leader de napht\u00e9nate de zinc en Chine. Acheter napht\u00e9nate de zinc en Chine. Nous pouvons vous fournir le meilleur prix de napht\u00e9nate de zinc.","robots":{"index":"index","follow":"follow","max-snippet":"max-snippet:-1","max-image-preview":"max-image-preview:large","max-video-preview":"max-video-preview:-1"},"canonical":"https:\/\/longchangchemical.com\/fr\/product\/zinc-naphthenate-cas-12001-85-3\/","og_locale":"fr_FR","og_type":"article","og_title":"China Zinc naphthenate Manufacturer \uff06 Supplier - Longchang chemical Co., Ltd.","og_description":"Longchang Chemical is a leading manufacturer and supplier of Zinc naphthenate in China. Buy Zinc naphthenate in china. We can provide the best Zinc naphthenate price.","og_url":"https:\/\/longchangchemical.com\/fr\/product\/zinc-naphthenate-cas-12001-85-3\/","og_site_name":"Longchang Chemical","article_modified_time":"2021-12-17T10:52:16+00:00","og_image":[{"width":600,"height":800,"url":"https:\/\/longchangchemical.com\/wp-content\/uploads\/2021\/01\/Zinc-naphthenate-Appearance.jpg","type":"image\/jpeg"}],"twitter_card":"summary_large_image","schema":{"@context":"https:\/\/schema.org","@graph":[{"@type":"WebPage","@id":"https:\/\/longchangchemical.com\/product\/zinc-naphthenate-cas-12001-85-3\/","url":"https:\/\/longchangchemical.com\/product\/zinc-naphthenate-cas-12001-85-3\/","name":"China Zinc naphthenate Manufacturer \uff06 Supplier - Longchang chemical Co., Ltd.","isPartOf":{"@id":"https:\/\/longchangchemical.com\/#website"},"primaryImageOfPage":{"@id":"https:\/\/longchangchemical.com\/product\/zinc-naphthenate-cas-12001-85-3\/#primaryimage"},"image":{"@id":"https:\/\/longchangchemical.com\/product\/zinc-naphthenate-cas-12001-85-3\/#primaryimage"},"thumbnailUrl":"https:\/\/longchangchemical.com\/wp-content\/uploads\/2021\/01\/Zinc-naphthenate-Appearance.jpg","datePublished":"2021-02-08T08:41:46+00:00","dateModified":"2021-12-17T10:52:16+00:00","description":"Longchang Chemical est un fabricant et fournisseur leader de napht\u00e9nate de zinc en Chine. Acheter napht\u00e9nate de zinc en Chine. Nous pouvons vous fournir le meilleur prix de napht\u00e9nate de zinc.","breadcrumb":{"@id":"https:\/\/longchangchemical.com\/product\/zinc-naphthenate-cas-12001-85-3\/#breadcrumb"},"inLanguage":"fr-FR","potentialAction":[{"@type":"ReadAction","target":["https:\/\/longchangchemical.com\/product\/zinc-naphthenate-cas-12001-85-3\/"]}]},{"@type":"ImageObject","inLanguage":"fr-FR","@id":"https:\/\/longchangchemical.com\/product\/zinc-naphthenate-cas-12001-85-3\/#primaryimage","url":"https:\/\/longchangchemical.com\/wp-content\/uploads\/2021\/01\/Zinc-naphthenate-Appearance.jpg","contentUrl":"https:\/\/longchangchemical.com\/wp-content\/uploads\/2021\/01\/Zinc-naphthenate-Appearance.jpg","width":600,"height":800,"caption":"Zinc naphthenate Appearance"},{"@type":"BreadcrumbList","@id":"https:\/\/longchangchemical.com\/product\/zinc-naphthenate-cas-12001-85-3\/#breadcrumb","itemListElement":[{"@type":"ListItem","position":1,"name":"Home","item":"https:\/\/longchangchemical.com\/"},{"@type":"ListItem","position":2,"name":"Products Longchang","item":"https:\/\/longchangchemical.com\/product\/"},{"@type":"ListItem","position":3,"name":"Zinc naphthenate CAS 12001-85-3"}]},{"@type":"WebSite","@id":"https:\/\/longchangchemical.com\/#website","url":"https:\/\/longchangchemical.com\/","name":"Longchang Chemical","description":"Fabricant chinois de produits chimiques \uff06 fournisseur","publisher":{"@id":"https:\/\/longchangchemical.com\/#organization"},"potentialAction":[{"@type":"SearchAction","target":{"@type":"EntryPoint","urlTemplate":"https:\/\/longchangchemical.com\/?s={search_term_string}"},"query-input":{"@type":"PropertyValueSpecification","valueRequired":true,"valueName":"search_term_string"}}],"inLanguage":"fr-FR"},{"@type":"Organization","@id":"https:\/\/longchangchemical.com\/#organization","name":"Longchang Chemical","url":"https:\/\/longchangchemical.com\/","logo":{"@type":"ImageObject","inLanguage":"fr-FR","@id":"https:\/\/longchangchemical.com\/#\/schema\/logo\/image\/","url":"https:\/\/longchangchemical.com\/wp-content\/uploads\/2020\/08\/cropped-longchang-logo.png","contentUrl":"https:\/\/longchangchemical.com\/wp-content\/uploads\/2020\/08\/cropped-longchang-logo.png","width":512,"height":512,"caption":"Longchang Chemical"},"image":{"@id":"https:\/\/longchangchemical.com\/#\/schema\/logo\/image\/"}}]}},"_links":{"self":[{"href":"https:\/\/longchangchemical.com\/fr\/wp-json\/wp\/v2\/product\/4148","targetHints":{"allow":["GET"]}}],"collection":[{"href":"https:\/\/longchangchemical.com\/fr\/wp-json\/wp\/v2\/product"}],"about":[{"href":"https:\/\/longchangchemical.com\/fr\/wp-json\/wp\/v2\/types\/product"}],"replies":[{"embeddable":true,"href":"https:\/\/longchangchemical.com\/fr\/wp-json\/wp\/v2\/comments?post=4148"}],"wp:featuredmedia":[{"embeddable":true,"href":"https:\/\/longchangchemical.com\/fr\/wp-json\/wp\/v2\/media\/4360"}],"wp:attachment":[{"href":"https:\/\/longchangchemical.com\/fr\/wp-json\/wp\/v2\/media?parent=4148"}],"wp:term":[{"taxonomy":"product_brand","embeddable":true,"href":"https:\/\/longchangchemical.com\/fr\/wp-json\/wp\/v2\/product_brand?post=4148"},{"taxonomy":"product_cat","embeddable":true,"href":"https:\/\/longchangchemical.com\/fr\/wp-json\/wp\/v2\/product_cat?post=4148"},{"taxonomy":"product_tag","embeddable":true,"href":"https:\/\/longchangchemical.com\/fr\/wp-json\/wp\/v2\/product_tag?post=4148"}],"curies":[{"name":"wp","href":"https:\/\/api.w.org\/{rel}","templated":true}]}}