{"id":4136,"date":"2021-03-19T13:40:09","date_gmt":"2021-03-19T13:40:09","guid":{"rendered":"https:\/\/longchangchemical.com\/?post_type=product&#038;p=4136"},"modified":"2025-12-23T02:32:57","modified_gmt":"2025-12-23T02:32:57","slug":"cobalt-carbonate-cas-513-79-1","status":"publish","type":"product","link":"https:\/\/longchangchemical.com\/fr\/product\/cobalt-carbonate-cas-513-79-1\/","title":{"rendered":"Carbonate de cobalt CAS 513-79-1"},"content":{"rendered":"<h1><strong>Carbonate de cobalt CAS 513-79-1<\/strong><\/h1>\n<table class=\"table-1\" width=\"-76\" cellspacing=\"0\">\n<tbody>\n<tr>\n<td>\n<h4>Objet<\/h4>\n<\/td>\n<td>\n<h4>Standard<\/h4>\n<\/td>\n<\/tr>\n<tr>\n<td>\n<h4>Apparence<\/h4>\n<\/td>\n<td>\n<h4>Poudre bleue ou rose<\/h4>\n<\/td>\n<\/tr>\n<tr>\n<td>\n<h4>Cobalt<\/h4>\n<\/td>\n<td>\n<h4>\u226547%<\/h4>\n<\/td>\n<\/tr>\n<tr>\n<td>\n<h4>Nickel<\/h4>\n<\/td>\n<td>\n<h4>\u22640.01%<\/h4>\n<\/td>\n<\/tr>\n<tr>\n<td>\n<h4>Le fer<\/h4>\n<\/td>\n<td>\n<h4>\u22640.01%<\/h4>\n<\/td>\n<\/tr>\n<tr>\n<td>\n<h4>Magn\u00e9sium<\/h4>\n<\/td>\n<td>\n<h4>\u22640.01%<\/h4>\n<\/td>\n<\/tr>\n<tr>\n<td>\n<h4>Calcium<\/h4>\n<\/td>\n<td>\n<h4>\u22640.01%<\/h4>\n<\/td>\n<\/tr>\n<\/tbody>\n<\/table>\n<p>&nbsp;<\/p>\n<h2><strong>Carbonate de cobalt Utilisation<\/strong><\/h2>\n<h4>1. Ce produit est la mati\u00e8re premi\u00e8re pour la production d'oxyde de cobalt.<br \/>\n2. Ce produit est une mati\u00e8re premi\u00e8re pour la fabrication de cathodes de batteries au lithium.<br \/>\n3. Ce produit est utilis\u00e9 comme agent colorant dans l'industrie de la c\u00e9ramique.<br \/>\n4. Ce produit est utilis\u00e9 comme agent d'enrichissement dans l'industrie mini\u00e8re.<br \/>\n5. Dans l'industrie organique, ce produit est utilis\u00e9 pour fabriquer des catalyseurs, des rev\u00eatements de camouflage et des indicateurs chimiques de temp\u00e9rature.<br \/>\n6. En agriculture, ce produit est utilis\u00e9 comme engrais \u00e0 base d'oligo-\u00e9l\u00e9ments.<br \/>\n7. Ce produit est utilis\u00e9 comme r\u00e9actif analytique en chimie analytique.<\/h4>\n<p>&nbsp;<\/p>\n<h2><strong>Carbonate de cobalt Emballage et exp\u00e9dition<\/strong><\/h2>\n<h4>Emballage : sac tiss\u00e9 de 25 kg ou f\u00fbt en carton.<\/h4>\n<h4>Livraison : par voie maritime.<\/h4>\n<p>&nbsp;<\/p>\n<h2><strong>Produits de la m\u00eame s\u00e9rie<\/strong><\/h2>\n<table style=\"border-collapse: collapse; width: 312.02pt;\" border=\"0\" width=\"416\" cellspacing=\"0\" cellpadding=\"0\">\n<tbody>\n<tr style=\"height: 54.00pt;\">\n<td class=\"et3\" style=\"height: 54.00pt; width: 201.75pt;\" width=\"269\" height=\"72\">\n<h4>Carbonate de cobalt<\/h4>\n<\/td>\n<td class=\"et3\" style=\"width: 110.25pt;\" width=\"147\">\n<h4>513-79-1<\/h4>\n<\/td>\n<\/tr>\n<tr style=\"height: 40.50pt;\">\n<td class=\"et4\" style=\"height: 40.50pt; width: 201.75pt;\" width=\"269\" height=\"54\">\n<h4><a href=\"https:\/\/longchangchemical.com\/fr\/product\/guanidine-carbonate-cas-593-85-1\/\"><span style=\"color: #3366ff;\">Carbonate de guanidine<\/span><\/a><\/h4>\n<\/td>\n<td class=\"et5\" style=\"width: 110.25pt;\" width=\"147\">\n<h4><span style=\"color: #000000;\">593-85-1<\/span><\/h4>\n<\/td>\n<\/tr>\n<tr style=\"height: 40.50pt;\">\n<td class=\"et6\" style=\"height: 40.50pt; width: 201.75pt;\" width=\"269\" height=\"54\">\n<h4><a href=\"https:\/\/longchangchemical.com\/fr\/product\/manganese-carbonate-cas-598-62-9\/\"><span style=\"color: #3366ff;\">Carbonate de mangan\u00e8se<\/span><\/a><\/h4>\n<\/td>\n<td class=\"et6\" style=\"width: 110.25pt;\" width=\"147\">\n<h4><span style=\"color: #000000;\">598-62-9<\/span><\/h4>\n<\/td>\n<\/tr>\n<tr style=\"height: 40.50pt;\">\n<td class=\"et7\" style=\"height: 40.50pt;\" height=\"54\">\n<h4><a href=\"https:\/\/longchangchemical.com\/fr\/product\/ammonium-bicarbonate-cas-1066-33-7\/\"><span style=\"color: #3366ff;\">Bicarbonate d'ammonium<\/span><\/a><\/h4>\n<\/td>\n<td class=\"et7\">\n<h4><span style=\"color: #000000;\">1066-33-7<\/span><\/h4>\n<\/td>\n<\/tr>\n<tr style=\"height: 40.50pt;\">\n<td class=\"et4\" style=\"height: 40.50pt; width: 201.75pt;\" width=\"269\" height=\"54\">\n<h4><a href=\"https:\/\/longchangchemical.com\/fr\/product\/caesium-carbonate-cas-534-17-8\/\"><span style=\"color: #3366ff;\">Carbonate de c\u00e9sium<\/span><\/a><\/h4>\n<\/td>\n<td class=\"et4\" style=\"width: 110.25pt;\" width=\"147\">\n<h4><span style=\"color: #000000;\">534-17-8<\/span><\/h4>\n<\/td>\n<\/tr>\n<tr style=\"height: 40.50pt;\">\n<td class=\"et8\" style=\"height: 40.50pt; width: 201.75pt;\" width=\"269\" height=\"54\">\n<h4><a href=\"https:\/\/longchangchemical.com\/fr\/product\/strontium-carbonate-cas-1633-05-2\/\"><span style=\"color: #3366ff;\">Carbonate de strontium<\/span><\/a><\/h4>\n<\/td>\n<td class=\"et8\" style=\"width: 110.25pt;\" width=\"147\">\n<h4><span style=\"color: #000000;\">1633-05-2<\/span><\/h4>\n<\/td>\n<\/tr>\n<tr style=\"height: 40.50pt;\">\n<td class=\"et4\" style=\"height: 40.50pt; width: 201.75pt;\" width=\"269\" height=\"54\">\n<h4><a href=\"https:\/\/longchangchemical.com\/fr\/product\/carbohydrazide-cas-497-18-7\/\"><span style=\"color: #3366ff;\">Carbohydrazide<\/span><\/a><\/h4>\n<\/td>\n<td class=\"et4\" style=\"width: 110.25pt;\" width=\"147\">\n<h4><span style=\"color: #000000;\">497-18-7<\/span><\/h4>\n<\/td>\n<\/tr>\n<\/tbody>\n<\/table>\n<h2><strong><b>Contactez-nous d\u00e8s maintenant !<\/b><\/strong><\/h2>\n<h4><strong><b>Nous fournissons des services personnalis\u00e9s, nous vous contacterons g\u00e9n\u00e9ralement dans les 24 heures. Vous pouvez \u00e9galement m'envoyer un courriel \u00e0 l'adresse info@longchangchemical.com pendant les heures de travail (de 8h30 \u00e0 18h00 UTC+8 du lundi au samedi) ou utiliser le chat en direct du site web pour obtenir une r\u00e9ponse rapide.<\/b><\/strong><\/h4>","protected":false},"excerpt":{"rendered":"<h4>Nom chimique : Carbonate de cobalt<\/h4>\n<h4>Num\u00e9ro CAS : 513-79-1<\/h4>\n<h4>Formule mol\u00e9culaire : CCoO3<\/h4>\n<h4>Structure chimique :<img decoding=\"async\" title=\"Structure du carbonate de cobalt\" src=\"https:\/\/www.longchangchemical.com\/wp-content\/uploads\/product-details\/20200612233858.png\" alt=\"Structure du carbonate de cobalt\" width=\"51\" height=\"73\" border=\"0\" vspace=\"0\" \/><\/h4>\n<h4>Poids mol\u00e9culaire : 118,94<\/h4>\n<h4>Aspect : Poudre bleue ou rose<\/h4>\n<h4>Dosage : \u226547%<\/h4>","protected":false},"featured_media":4441,"comment_status":"open","ping_status":"closed","template":"","meta":[],"product_brand":[],"product_cat":[69],"product_tag":[],"class_list":{"0":"post-4136","1":"product","2":"type-product","3":"status-publish","4":"has-post-thumbnail","6":"product_cat-catalysts-chemical-auxiliary-agents","8":"first","9":"instock","10":"shipping-taxable","11":"product-type-simple"},"yoast_head":"<!-- This site is optimized with the Yoast SEO plugin v25.3.1 - https:\/\/yoast.com\/wordpress\/plugins\/seo\/ -->\n<title>China Cobalt carbonate Manufacturer \uff06 513-79-1 Supplier - Longchang chemical Co., Ltd.<\/title>\n<meta name=\"description\" content=\"Longchang Chemical is a leading manufacturer and supplier of Cobalt carbonate in China. Buy Cobalt carbonate in china. We can provide the best Cobalt carbonate price.\" \/>\n<meta name=\"robots\" content=\"index, follow, max-snippet:-1, max-image-preview:large, max-video-preview:-1\" \/>\n<link rel=\"canonical\" href=\"https:\/\/longchangchemical.com\/fr\/product\/cobalt-carbonate-cas-513-79-1\/\" \/>\n<meta property=\"og:locale\" content=\"fr_FR\" \/>\n<meta property=\"og:type\" content=\"article\" \/>\n<meta property=\"og:title\" content=\"China Cobalt carbonate Manufacturer \uff06 513-79-1 Supplier - Longchang chemical Co., Ltd.\" \/>\n<meta property=\"og:description\" content=\"Longchang Chemical is a leading manufacturer and supplier of Cobalt carbonate in China. Buy Cobalt carbonate in china. We can provide the best Cobalt carbonate price.\" \/>\n<meta property=\"og:url\" content=\"https:\/\/longchangchemical.com\/fr\/product\/cobalt-carbonate-cas-513-79-1\/\" \/>\n<meta property=\"og:site_name\" content=\"Longchang Chemical\" \/>\n<meta property=\"article:modified_time\" content=\"2025-12-23T02:32:57+00:00\" \/>\n<meta property=\"og:image\" content=\"https:\/\/longchangchemical.com\/wp-content\/uploads\/2021\/01\/Appearance-14.jpg\" \/>\n\t<meta property=\"og:image:width\" content=\"600\" \/>\n\t<meta property=\"og:image:height\" content=\"800\" \/>\n\t<meta property=\"og:image:type\" content=\"image\/jpeg\" \/>\n<meta name=\"twitter:card\" content=\"summary_large_image\" \/>\n<script type=\"application\/ld+json\" class=\"yoast-schema-graph\">{\"@context\":\"https:\/\/schema.org\",\"@graph\":[{\"@type\":\"WebPage\",\"@id\":\"https:\/\/longchangchemical.com\/product\/cobalt-carbonate-cas-513-79-1\/\",\"url\":\"https:\/\/longchangchemical.com\/product\/cobalt-carbonate-cas-513-79-1\/\",\"name\":\"China Cobalt carbonate Manufacturer \uff06 513-79-1 Supplier - Longchang chemical Co., Ltd.\",\"isPartOf\":{\"@id\":\"https:\/\/longchangchemical.com\/#website\"},\"primaryImageOfPage\":{\"@id\":\"https:\/\/longchangchemical.com\/product\/cobalt-carbonate-cas-513-79-1\/#primaryimage\"},\"image\":{\"@id\":\"https:\/\/longchangchemical.com\/product\/cobalt-carbonate-cas-513-79-1\/#primaryimage\"},\"thumbnailUrl\":\"https:\/\/longchangchemical.com\/wp-content\/uploads\/2021\/01\/Appearance-14.jpg\",\"datePublished\":\"2021-03-19T13:40:09+00:00\",\"dateModified\":\"2025-12-23T02:32:57+00:00\",\"description\":\"Longchang Chemical is a leading manufacturer and supplier of Cobalt carbonate in China. Buy Cobalt carbonate in china. We can provide the best Cobalt carbonate price.\",\"breadcrumb\":{\"@id\":\"https:\/\/longchangchemical.com\/product\/cobalt-carbonate-cas-513-79-1\/#breadcrumb\"},\"inLanguage\":\"fr-FR\",\"potentialAction\":[{\"@type\":\"ReadAction\",\"target\":[\"https:\/\/longchangchemical.com\/product\/cobalt-carbonate-cas-513-79-1\/\"]}]},{\"@type\":\"ImageObject\",\"inLanguage\":\"fr-FR\",\"@id\":\"https:\/\/longchangchemical.com\/product\/cobalt-carbonate-cas-513-79-1\/#primaryimage\",\"url\":\"https:\/\/longchangchemical.com\/wp-content\/uploads\/2021\/01\/Appearance-14.jpg\",\"contentUrl\":\"https:\/\/longchangchemical.com\/wp-content\/uploads\/2021\/01\/Appearance-14.jpg\",\"width\":600,\"height\":800,\"caption\":\"Appearance\"},{\"@type\":\"BreadcrumbList\",\"@id\":\"https:\/\/longchangchemical.com\/product\/cobalt-carbonate-cas-513-79-1\/#breadcrumb\",\"itemListElement\":[{\"@type\":\"ListItem\",\"position\":1,\"name\":\"Home\",\"item\":\"https:\/\/longchangchemical.com\/\"},{\"@type\":\"ListItem\",\"position\":2,\"name\":\"Products Longchang\",\"item\":\"https:\/\/longchangchemical.com\/product\/\"},{\"@type\":\"ListItem\",\"position\":3,\"name\":\"Cobalt carbonate CAS 513-79-1\"}]},{\"@type\":\"WebSite\",\"@id\":\"https:\/\/longchangchemical.com\/#website\",\"url\":\"https:\/\/longchangchemical.com\/\",\"name\":\"Longchang Chemical\",\"description\":\"China chemical manufacturer \uff06 supplier\",\"publisher\":{\"@id\":\"https:\/\/longchangchemical.com\/#organization\"},\"potentialAction\":[{\"@type\":\"SearchAction\",\"target\":{\"@type\":\"EntryPoint\",\"urlTemplate\":\"https:\/\/longchangchemical.com\/?s={search_term_string}\"},\"query-input\":{\"@type\":\"PropertyValueSpecification\",\"valueRequired\":true,\"valueName\":\"search_term_string\"}}],\"inLanguage\":\"fr-FR\"},{\"@type\":\"Organization\",\"@id\":\"https:\/\/longchangchemical.com\/#organization\",\"name\":\"Longchang Chemical\",\"url\":\"https:\/\/longchangchemical.com\/\",\"logo\":{\"@type\":\"ImageObject\",\"inLanguage\":\"fr-FR\",\"@id\":\"https:\/\/longchangchemical.com\/#\/schema\/logo\/image\/\",\"url\":\"https:\/\/longchangchemical.com\/wp-content\/uploads\/2020\/08\/cropped-longchang-logo.png\",\"contentUrl\":\"https:\/\/longchangchemical.com\/wp-content\/uploads\/2020\/08\/cropped-longchang-logo.png\",\"width\":512,\"height\":512,\"caption\":\"Longchang Chemical\"},\"image\":{\"@id\":\"https:\/\/longchangchemical.com\/#\/schema\/logo\/image\/\"}}]}<\/script>\n<!-- \/ Yoast SEO plugin. -->","yoast_head_json":{"title":"Fabricant chinois de carbonate de cobalt \uff06 513-79-1 Fournisseur - Longchang chemical Co.","description":"Longchang Chemical est un fabricant et fournisseur leader de carbonate de cobalt en Chine. Achetez du carbonate de cobalt en Chine. Nous pouvons fournir le meilleur prix de carbonate de cobalt.","robots":{"index":"index","follow":"follow","max-snippet":"max-snippet:-1","max-image-preview":"max-image-preview:large","max-video-preview":"max-video-preview:-1"},"canonical":"https:\/\/longchangchemical.com\/fr\/product\/cobalt-carbonate-cas-513-79-1\/","og_locale":"fr_FR","og_type":"article","og_title":"China Cobalt carbonate Manufacturer \uff06 513-79-1 Supplier - Longchang chemical Co., Ltd.","og_description":"Longchang Chemical is a leading manufacturer and supplier of Cobalt carbonate in China. Buy Cobalt carbonate in china. We can provide the best Cobalt carbonate price.","og_url":"https:\/\/longchangchemical.com\/fr\/product\/cobalt-carbonate-cas-513-79-1\/","og_site_name":"Longchang Chemical","article_modified_time":"2025-12-23T02:32:57+00:00","og_image":[{"width":600,"height":800,"url":"https:\/\/longchangchemical.com\/wp-content\/uploads\/2021\/01\/Appearance-14.jpg","type":"image\/jpeg"}],"twitter_card":"summary_large_image","schema":{"@context":"https:\/\/schema.org","@graph":[{"@type":"WebPage","@id":"https:\/\/longchangchemical.com\/product\/cobalt-carbonate-cas-513-79-1\/","url":"https:\/\/longchangchemical.com\/product\/cobalt-carbonate-cas-513-79-1\/","name":"Fabricant chinois de carbonate de cobalt \uff06 513-79-1 Fournisseur - Longchang chemical Co.","isPartOf":{"@id":"https:\/\/longchangchemical.com\/#website"},"primaryImageOfPage":{"@id":"https:\/\/longchangchemical.com\/product\/cobalt-carbonate-cas-513-79-1\/#primaryimage"},"image":{"@id":"https:\/\/longchangchemical.com\/product\/cobalt-carbonate-cas-513-79-1\/#primaryimage"},"thumbnailUrl":"https:\/\/longchangchemical.com\/wp-content\/uploads\/2021\/01\/Appearance-14.jpg","datePublished":"2021-03-19T13:40:09+00:00","dateModified":"2025-12-23T02:32:57+00:00","description":"Longchang Chemical est un fabricant et fournisseur leader de carbonate de cobalt en Chine. Achetez du carbonate de cobalt en Chine. Nous pouvons fournir le meilleur prix de carbonate de cobalt.","breadcrumb":{"@id":"https:\/\/longchangchemical.com\/product\/cobalt-carbonate-cas-513-79-1\/#breadcrumb"},"inLanguage":"fr-FR","potentialAction":[{"@type":"ReadAction","target":["https:\/\/longchangchemical.com\/product\/cobalt-carbonate-cas-513-79-1\/"]}]},{"@type":"ImageObject","inLanguage":"fr-FR","@id":"https:\/\/longchangchemical.com\/product\/cobalt-carbonate-cas-513-79-1\/#primaryimage","url":"https:\/\/longchangchemical.com\/wp-content\/uploads\/2021\/01\/Appearance-14.jpg","contentUrl":"https:\/\/longchangchemical.com\/wp-content\/uploads\/2021\/01\/Appearance-14.jpg","width":600,"height":800,"caption":"Appearance"},{"@type":"BreadcrumbList","@id":"https:\/\/longchangchemical.com\/product\/cobalt-carbonate-cas-513-79-1\/#breadcrumb","itemListElement":[{"@type":"ListItem","position":1,"name":"Home","item":"https:\/\/longchangchemical.com\/"},{"@type":"ListItem","position":2,"name":"Products Longchang","item":"https:\/\/longchangchemical.com\/product\/"},{"@type":"ListItem","position":3,"name":"Cobalt carbonate CAS 513-79-1"}]},{"@type":"WebSite","@id":"https:\/\/longchangchemical.com\/#website","url":"https:\/\/longchangchemical.com\/","name":"Longchang Chemical","description":"Fabricant chinois de produits chimiques \uff06 fournisseur","publisher":{"@id":"https:\/\/longchangchemical.com\/#organization"},"potentialAction":[{"@type":"SearchAction","target":{"@type":"EntryPoint","urlTemplate":"https:\/\/longchangchemical.com\/?s={search_term_string}"},"query-input":{"@type":"PropertyValueSpecification","valueRequired":true,"valueName":"search_term_string"}}],"inLanguage":"fr-FR"},{"@type":"Organization","@id":"https:\/\/longchangchemical.com\/#organization","name":"Longchang Chemical","url":"https:\/\/longchangchemical.com\/","logo":{"@type":"ImageObject","inLanguage":"fr-FR","@id":"https:\/\/longchangchemical.com\/#\/schema\/logo\/image\/","url":"https:\/\/longchangchemical.com\/wp-content\/uploads\/2020\/08\/cropped-longchang-logo.png","contentUrl":"https:\/\/longchangchemical.com\/wp-content\/uploads\/2020\/08\/cropped-longchang-logo.png","width":512,"height":512,"caption":"Longchang Chemical"},"image":{"@id":"https:\/\/longchangchemical.com\/#\/schema\/logo\/image\/"}}]}},"_links":{"self":[{"href":"https:\/\/longchangchemical.com\/fr\/wp-json\/wp\/v2\/product\/4136","targetHints":{"allow":["GET"]}}],"collection":[{"href":"https:\/\/longchangchemical.com\/fr\/wp-json\/wp\/v2\/product"}],"about":[{"href":"https:\/\/longchangchemical.com\/fr\/wp-json\/wp\/v2\/types\/product"}],"replies":[{"embeddable":true,"href":"https:\/\/longchangchemical.com\/fr\/wp-json\/wp\/v2\/comments?post=4136"}],"wp:featuredmedia":[{"embeddable":true,"href":"https:\/\/longchangchemical.com\/fr\/wp-json\/wp\/v2\/media\/4441"}],"wp:attachment":[{"href":"https:\/\/longchangchemical.com\/fr\/wp-json\/wp\/v2\/media?parent=4136"}],"wp:term":[{"taxonomy":"product_brand","embeddable":true,"href":"https:\/\/longchangchemical.com\/fr\/wp-json\/wp\/v2\/product_brand?post=4136"},{"taxonomy":"product_cat","embeddable":true,"href":"https:\/\/longchangchemical.com\/fr\/wp-json\/wp\/v2\/product_cat?post=4136"},{"taxonomy":"product_tag","embeddable":true,"href":"https:\/\/longchangchemical.com\/fr\/wp-json\/wp\/v2\/product_tag?post=4136"}],"curies":[{"name":"wp","href":"https:\/\/api.w.org\/{rel}","templated":true}]}}