{"id":4071,"date":"2024-02-05T05:57:42","date_gmt":"2024-02-05T05:57:42","guid":{"rendered":"https:\/\/longchangchemical.com\/?post_type=product&#038;p=4071"},"modified":"2025-12-17T03:07:58","modified_gmt":"2025-12-17T03:07:58","slug":"fdca-cas-3238-40-2","status":"publish","type":"product","link":"https:\/\/longchangchemical.com\/fr\/product\/fdca-cas-3238-40-2\/","title":{"rendered":"Acide 2,5-furandicarboxylique CAS 3238-40-2"},"content":{"rendered":"<h1><strong>Acide 2,5-furandicarboxylique CAS 3238-40-2<\/strong><\/h1>\n<table class=\"table-1\" cellspacing=\"0\">\n<tbody>\n<tr>\n<td>Articles<\/td>\n<td>Sp\u00e9cifications<\/td>\n<\/tr>\n<tr>\n<td>Apparence<\/td>\n<td>Poudre blanche<\/td>\n<\/tr>\n<tr>\n<td>Teneur (HPLC)<\/td>\n<td>\uff1e99.5%<\/td>\n<\/tr>\n<tr>\n<td>M\u00e9taux lourds\uff08mg\/kg\uff09<\/td>\n<td>\u22642.0<\/td>\n<\/tr>\n<tr>\n<td>Perte au s\u00e9chage<\/td>\n<td>\u22640.5%<\/td>\n<\/tr>\n<tr>\n<td>Fr\u00eane<\/td>\n<td>\u22642.0%<\/td>\n<\/tr>\n<\/tbody>\n<\/table>\n<p><strong>Acide 2,5-furandicarboxylique Utilisation<\/strong><\/p>\n<p>1. Le 5-hydroxym\u00e9thylfurfural est un compos\u00e9 cl\u00e9 pour la d\u00e9rivatisation oxydative de l'acide 2,5-furandicarboxylique (acide 2,5-furandicarboxylique), qui est consid\u00e9r\u00e9 comme une alternative renouvelable et \u00e9cologique \u00e0 l'acide t\u00e9r\u00e9phtalique d\u00e9riv\u00e9 du p\u00e9trole. En outre, la<br \/>\n2. L'acide 2,5-furandicarboxylique peut \u00e9galement \u00eatre utilis\u00e9 comme substitut de l'acide isophtalique, de l'acide butanedio\u00efque, du bisph\u00e9nol A, de l'acide adipique, etc. dans la pr\u00e9paration de polym\u00e8res biosourc\u00e9s tels que les polyesters, les polyamides et les r\u00e9sines \u00e9poxy.<br \/>\n3. Il peut \u00eatre utilis\u00e9 dans les emballages en plastique biod\u00e9gradable, les plastiques techniques, le nylon, etc.<\/p>\n<p><strong>Paquet d'acide 2,5-furandicarboxylique<\/strong><\/p>\n<p>25kg\/tambour.<\/p>\n<p>Scell\u00e9 et stock\u00e9 dans un environnement frais et sec.<\/p>\n<h2><strong><b>Contactez-nous d\u00e8s maintenant !<\/b><\/strong><\/h2>\n<h4><strong><b>Si vous avez besoin de Price, veuillez indiquer vos coordonn\u00e9es dans le formulaire ci-dessous. Nous vous contacterons g\u00e9n\u00e9ralement dans les 24 heures. Vous pouvez \u00e9galement m'envoyer un courriel <span style=\"color: #0000ff;\"><a style=\"color: #0000ff;\" href=\"mailto:info@longchangchemical.com\">info@longchangchemical.com<\/a><\/span> pendant les heures de travail ( 8:30 am to 6:00 pm UTC+8 Mon.~Sat. ) ou utilisez le chat en direct du site web pour obtenir une r\u00e9ponse rapide.<\/b><\/strong><\/h4>\n<p><!--more--><\/p>\n<p>Pourquoi les catalyseurs en poudre sont-ils rarement utilis\u00e9s dans les r\u00e9actions chimiques ?<\/p>\n<p>1. Limitation du transfert de masse : Les catalyseurs en poudre ont g\u00e9n\u00e9ralement une surface et une structure de pores importantes, con\u00e7ues pour augmenter l'activit\u00e9 des r\u00e9actions catalytiques. Cependant, les mol\u00e9cules r\u00e9actives peuvent rencontrer des limitations de transfert de masse lors de leur entr\u00e9e dans ces pores, ce qui entra\u00eene une vitesse de r\u00e9action limit\u00e9e. En revanche, l'utilisation de catalyseurs ayant d'autres morphologies (par exemple, granulaires ou poreux) peut att\u00e9nuer les limitations du transfert de masse et donc augmenter la vitesse de r\u00e9action.<\/p>\n<p>2. Probl\u00e8me de chute de pression : les catalyseurs en poudre forment g\u00e9n\u00e9ralement un lit tr\u00e8s serr\u00e9 dans le r\u00e9acteur. Au cours de la r\u00e9action, les r\u00e9actifs traversent la couche de catalyseur, ce qui peut entra\u00eener une chute de pression importante. Cette chute de pression augmente le co\u00fbt d'exploitation du syst\u00e8me et peut n\u00e9cessiter l'entretien et le remplacement du catalyseur apr\u00e8s une longue p\u00e9riode d'exploitation.<\/p>\n<p>3, Dispersion : Les catalyseurs en poudre sont mal dispers\u00e9s dans le r\u00e9acteur en raison de leur forme granulaire. Une mauvaise dispersion peut entra\u00eener une sous-utilisation de certaines particules de catalyseur, ce qui affecte l'efficacit\u00e9 et la s\u00e9lectivit\u00e9 du produit de la r\u00e9action.<\/p>\n<p>4. Gestion thermique de la r\u00e9action : Certaines r\u00e9actions catalytiques sont exothermiques et l'utilisation de catalyseurs en poudre peut entra\u00eener une accumulation de chaleur dans le lit catalytique, ce qui complique la gestion thermique de la r\u00e9action. Cela peut entra\u00eener la formation de points chauds et des probl\u00e8mes de contr\u00f4le de la temp\u00e9rature de r\u00e9action.<\/p>\n<p>Cependant, toutes les situations ne se pr\u00eatent pas \u00e0 l'utilisation de catalyseurs en poudre. Dans certaines conditions de r\u00e9action sp\u00e9cifiques, les catalyseurs en poudre peuvent encore \u00eatre un choix appropri\u00e9. La s\u00e9lection de la forme de catalyseur appropri\u00e9e d\u00e9pend du type sp\u00e9cifique de r\u00e9action, des conditions de r\u00e9action et des exigences en mati\u00e8re de vitesse de r\u00e9action, de s\u00e9lectivit\u00e9 et de transfert de masse. Dans la pratique, les ing\u00e9nieurs chimistes tiendront compte des facteurs susmentionn\u00e9s pour s\u00e9lectionner la forme de catalyseur la plus appropri\u00e9e.<\/p>","protected":false},"excerpt":{"rendered":"<p>Nom chimique : Acide 2,5-furandicarboxylique<\/p>\n<p>Num\u00e9ro CAS : 3238-40-2<\/p>\n<p>Formule mol\u00e9culaire : C6H4O5<\/p>\n<p>Poids mol\u00e9culaire : 156,09<\/p>\n<p>Structure mol\u00e9culaire :<img decoding=\"async\" title=\"CAS 3238-40-2 Structure\" src=\"https:\/\/www.longchangchemical.com\/wp-content\/uploads\/product-details\/20200612348673.png\" alt=\"CAS 3238-40-2 Structure\" width=\"155\" height=\"52\" border=\"0\" vspace=\"0\" \/><\/p>\n<p>Aspect : Poudre blanche<\/p>\n<p>Densit\u00e9 : 1,7400<\/p>","protected":false},"featured_media":6720,"comment_status":"open","ping_status":"closed","template":"","meta":[],"product_brand":[],"product_cat":[69],"product_tag":[],"class_list":{"0":"post-4071","1":"product","2":"type-product","3":"status-publish","4":"has-post-thumbnail","6":"product_cat-catalysts-chemical-auxiliary-agents","8":"first","9":"instock","10":"shipping-taxable","11":"product-type-simple"},"yoast_head":"<!-- This site is optimized with the Yoast SEO plugin v25.3.1 - https:\/\/yoast.com\/wordpress\/plugins\/seo\/ -->\n<title>China 2,5-Furandicarboxylic acid Manufacturer CAS 3238-40-2 - Longchang Chemical<\/title>\n<meta name=\"description\" content=\"2,5-Furandicarboxylic acid CAS 3238-40-2 is a key product of Longchang Chemical. We provide the best price. We are the leading manufacturer in China with the best quality and competitive price.\" \/>\n<meta name=\"robots\" content=\"index, follow, max-snippet:-1, max-image-preview:large, max-video-preview:-1\" \/>\n<link rel=\"canonical\" href=\"https:\/\/longchangchemical.com\/fr\/product\/fdca-cas-3238-40-2\/\" \/>\n<meta property=\"og:locale\" content=\"fr_FR\" \/>\n<meta property=\"og:type\" content=\"article\" \/>\n<meta property=\"og:title\" content=\"China 2,5-Furandicarboxylic acid Manufacturer CAS 3238-40-2 - Longchang Chemical\" \/>\n<meta property=\"og:description\" content=\"2,5-Furandicarboxylic acid CAS 3238-40-2 is a key product of Longchang Chemical. We provide the best price. We are the leading manufacturer in China with the best quality and competitive price.\" \/>\n<meta property=\"og:url\" content=\"https:\/\/longchangchemical.com\/fr\/product\/fdca-cas-3238-40-2\/\" \/>\n<meta property=\"og:site_name\" content=\"Longchang Chemical\" \/>\n<meta property=\"article:modified_time\" content=\"2025-12-17T03:07:58+00:00\" \/>\n<meta property=\"og:image\" content=\"https:\/\/longchangchemical.com\/wp-content\/uploads\/2024\/02\/25-Furandicarboxylic-acid-CAS-3238-40-2.jpg\" \/>\n\t<meta property=\"og:image:width\" content=\"800\" \/>\n\t<meta property=\"og:image:height\" content=\"800\" \/>\n\t<meta property=\"og:image:type\" content=\"image\/jpeg\" \/>\n<meta name=\"twitter:card\" content=\"summary_large_image\" \/>\n<script type=\"application\/ld+json\" class=\"yoast-schema-graph\">{\"@context\":\"https:\/\/schema.org\",\"@graph\":[{\"@type\":\"WebPage\",\"@id\":\"https:\/\/longchangchemical.com\/product\/fdca-cas-3238-40-2\/\",\"url\":\"https:\/\/longchangchemical.com\/product\/fdca-cas-3238-40-2\/\",\"name\":\"China 2,5-Furandicarboxylic acid Manufacturer CAS 3238-40-2 - Longchang Chemical\",\"isPartOf\":{\"@id\":\"https:\/\/longchangchemical.com\/#website\"},\"primaryImageOfPage\":{\"@id\":\"https:\/\/longchangchemical.com\/product\/fdca-cas-3238-40-2\/#primaryimage\"},\"image\":{\"@id\":\"https:\/\/longchangchemical.com\/product\/fdca-cas-3238-40-2\/#primaryimage\"},\"thumbnailUrl\":\"https:\/\/longchangchemical.com\/wp-content\/uploads\/2024\/02\/25-Furandicarboxylic-acid-CAS-3238-40-2.jpg\",\"datePublished\":\"2024-02-05T05:57:42+00:00\",\"dateModified\":\"2025-12-17T03:07:58+00:00\",\"description\":\"2,5-Furandicarboxylic acid CAS 3238-40-2 is a key product of Longchang Chemical. We provide the best price. We are the leading manufacturer in China with the best quality and competitive price.\",\"breadcrumb\":{\"@id\":\"https:\/\/longchangchemical.com\/product\/fdca-cas-3238-40-2\/#breadcrumb\"},\"inLanguage\":\"fr-FR\",\"potentialAction\":[{\"@type\":\"ReadAction\",\"target\":[\"https:\/\/longchangchemical.com\/product\/fdca-cas-3238-40-2\/\"]}]},{\"@type\":\"ImageObject\",\"inLanguage\":\"fr-FR\",\"@id\":\"https:\/\/longchangchemical.com\/product\/fdca-cas-3238-40-2\/#primaryimage\",\"url\":\"https:\/\/longchangchemical.com\/wp-content\/uploads\/2024\/02\/25-Furandicarboxylic-acid-CAS-3238-40-2.jpg\",\"contentUrl\":\"https:\/\/longchangchemical.com\/wp-content\/uploads\/2024\/02\/25-Furandicarboxylic-acid-CAS-3238-40-2.jpg\",\"width\":800,\"height\":800,\"caption\":\"2,5-Furandicarboxylic acid CAS 3238-40-2\"},{\"@type\":\"BreadcrumbList\",\"@id\":\"https:\/\/longchangchemical.com\/product\/fdca-cas-3238-40-2\/#breadcrumb\",\"itemListElement\":[{\"@type\":\"ListItem\",\"position\":1,\"name\":\"Home\",\"item\":\"https:\/\/longchangchemical.com\/\"},{\"@type\":\"ListItem\",\"position\":2,\"name\":\"Products Longchang\",\"item\":\"https:\/\/longchangchemical.com\/product\/\"},{\"@type\":\"ListItem\",\"position\":3,\"name\":\"2,5-Furandicarboxylic acid CAS 3238-40-2\"}]},{\"@type\":\"WebSite\",\"@id\":\"https:\/\/longchangchemical.com\/#website\",\"url\":\"https:\/\/longchangchemical.com\/\",\"name\":\"Longchang Chemical\",\"description\":\"China chemical manufacturer \uff06 supplier\",\"publisher\":{\"@id\":\"https:\/\/longchangchemical.com\/#organization\"},\"potentialAction\":[{\"@type\":\"SearchAction\",\"target\":{\"@type\":\"EntryPoint\",\"urlTemplate\":\"https:\/\/longchangchemical.com\/?s={search_term_string}\"},\"query-input\":{\"@type\":\"PropertyValueSpecification\",\"valueRequired\":true,\"valueName\":\"search_term_string\"}}],\"inLanguage\":\"fr-FR\"},{\"@type\":\"Organization\",\"@id\":\"https:\/\/longchangchemical.com\/#organization\",\"name\":\"Longchang Chemical\",\"url\":\"https:\/\/longchangchemical.com\/\",\"logo\":{\"@type\":\"ImageObject\",\"inLanguage\":\"fr-FR\",\"@id\":\"https:\/\/longchangchemical.com\/#\/schema\/logo\/image\/\",\"url\":\"https:\/\/longchangchemical.com\/wp-content\/uploads\/2020\/08\/cropped-longchang-logo.png\",\"contentUrl\":\"https:\/\/longchangchemical.com\/wp-content\/uploads\/2020\/08\/cropped-longchang-logo.png\",\"width\":512,\"height\":512,\"caption\":\"Longchang Chemical\"},\"image\":{\"@id\":\"https:\/\/longchangchemical.com\/#\/schema\/logo\/image\/\"}}]}<\/script>\n<!-- \/ Yoast SEO plugin. -->","yoast_head_json":{"title":"Fabricant chinois d'acide 2,5-furandicarboxylique CAS 3238-40-2 - Longchang Chemical","description":"L'acide 2,5-furandicarboxylique CAS 3238-40-2 est un produit cl\u00e9 de Longchang Chemical. Nous fournissons le meilleur prix. Nous sommes le principal fabricant en Chine avec la meilleure qualit\u00e9 et un prix comp\u00e9titif.","robots":{"index":"index","follow":"follow","max-snippet":"max-snippet:-1","max-image-preview":"max-image-preview:large","max-video-preview":"max-video-preview:-1"},"canonical":"https:\/\/longchangchemical.com\/fr\/product\/fdca-cas-3238-40-2\/","og_locale":"fr_FR","og_type":"article","og_title":"China 2,5-Furandicarboxylic acid Manufacturer CAS 3238-40-2 - Longchang Chemical","og_description":"2,5-Furandicarboxylic acid CAS 3238-40-2 is a key product of Longchang Chemical. We provide the best price. We are the leading manufacturer in China with the best quality and competitive price.","og_url":"https:\/\/longchangchemical.com\/fr\/product\/fdca-cas-3238-40-2\/","og_site_name":"Longchang Chemical","article_modified_time":"2025-12-17T03:07:58+00:00","og_image":[{"width":800,"height":800,"url":"https:\/\/longchangchemical.com\/wp-content\/uploads\/2024\/02\/25-Furandicarboxylic-acid-CAS-3238-40-2.jpg","type":"image\/jpeg"}],"twitter_card":"summary_large_image","schema":{"@context":"https:\/\/schema.org","@graph":[{"@type":"WebPage","@id":"https:\/\/longchangchemical.com\/product\/fdca-cas-3238-40-2\/","url":"https:\/\/longchangchemical.com\/product\/fdca-cas-3238-40-2\/","name":"Fabricant chinois d'acide 2,5-furandicarboxylique CAS 3238-40-2 - Longchang Chemical","isPartOf":{"@id":"https:\/\/longchangchemical.com\/#website"},"primaryImageOfPage":{"@id":"https:\/\/longchangchemical.com\/product\/fdca-cas-3238-40-2\/#primaryimage"},"image":{"@id":"https:\/\/longchangchemical.com\/product\/fdca-cas-3238-40-2\/#primaryimage"},"thumbnailUrl":"https:\/\/longchangchemical.com\/wp-content\/uploads\/2024\/02\/25-Furandicarboxylic-acid-CAS-3238-40-2.jpg","datePublished":"2024-02-05T05:57:42+00:00","dateModified":"2025-12-17T03:07:58+00:00","description":"L'acide 2,5-furandicarboxylique CAS 3238-40-2 est un produit cl\u00e9 de Longchang Chemical. Nous fournissons le meilleur prix. Nous sommes le principal fabricant en Chine avec la meilleure qualit\u00e9 et un prix comp\u00e9titif.","breadcrumb":{"@id":"https:\/\/longchangchemical.com\/product\/fdca-cas-3238-40-2\/#breadcrumb"},"inLanguage":"fr-FR","potentialAction":[{"@type":"ReadAction","target":["https:\/\/longchangchemical.com\/product\/fdca-cas-3238-40-2\/"]}]},{"@type":"ImageObject","inLanguage":"fr-FR","@id":"https:\/\/longchangchemical.com\/product\/fdca-cas-3238-40-2\/#primaryimage","url":"https:\/\/longchangchemical.com\/wp-content\/uploads\/2024\/02\/25-Furandicarboxylic-acid-CAS-3238-40-2.jpg","contentUrl":"https:\/\/longchangchemical.com\/wp-content\/uploads\/2024\/02\/25-Furandicarboxylic-acid-CAS-3238-40-2.jpg","width":800,"height":800,"caption":"2,5-Furandicarboxylic acid CAS 3238-40-2"},{"@type":"BreadcrumbList","@id":"https:\/\/longchangchemical.com\/product\/fdca-cas-3238-40-2\/#breadcrumb","itemListElement":[{"@type":"ListItem","position":1,"name":"Home","item":"https:\/\/longchangchemical.com\/"},{"@type":"ListItem","position":2,"name":"Products Longchang","item":"https:\/\/longchangchemical.com\/product\/"},{"@type":"ListItem","position":3,"name":"2,5-Furandicarboxylic acid CAS 3238-40-2"}]},{"@type":"WebSite","@id":"https:\/\/longchangchemical.com\/#website","url":"https:\/\/longchangchemical.com\/","name":"Longchang Chemical","description":"Fabricant chinois de produits chimiques \uff06 fournisseur","publisher":{"@id":"https:\/\/longchangchemical.com\/#organization"},"potentialAction":[{"@type":"SearchAction","target":{"@type":"EntryPoint","urlTemplate":"https:\/\/longchangchemical.com\/?s={search_term_string}"},"query-input":{"@type":"PropertyValueSpecification","valueRequired":true,"valueName":"search_term_string"}}],"inLanguage":"fr-FR"},{"@type":"Organization","@id":"https:\/\/longchangchemical.com\/#organization","name":"Longchang Chemical","url":"https:\/\/longchangchemical.com\/","logo":{"@type":"ImageObject","inLanguage":"fr-FR","@id":"https:\/\/longchangchemical.com\/#\/schema\/logo\/image\/","url":"https:\/\/longchangchemical.com\/wp-content\/uploads\/2020\/08\/cropped-longchang-logo.png","contentUrl":"https:\/\/longchangchemical.com\/wp-content\/uploads\/2020\/08\/cropped-longchang-logo.png","width":512,"height":512,"caption":"Longchang Chemical"},"image":{"@id":"https:\/\/longchangchemical.com\/#\/schema\/logo\/image\/"}}]}},"_links":{"self":[{"href":"https:\/\/longchangchemical.com\/fr\/wp-json\/wp\/v2\/product\/4071","targetHints":{"allow":["GET"]}}],"collection":[{"href":"https:\/\/longchangchemical.com\/fr\/wp-json\/wp\/v2\/product"}],"about":[{"href":"https:\/\/longchangchemical.com\/fr\/wp-json\/wp\/v2\/types\/product"}],"replies":[{"embeddable":true,"href":"https:\/\/longchangchemical.com\/fr\/wp-json\/wp\/v2\/comments?post=4071"}],"wp:featuredmedia":[{"embeddable":true,"href":"https:\/\/longchangchemical.com\/fr\/wp-json\/wp\/v2\/media\/6720"}],"wp:attachment":[{"href":"https:\/\/longchangchemical.com\/fr\/wp-json\/wp\/v2\/media?parent=4071"}],"wp:term":[{"taxonomy":"product_brand","embeddable":true,"href":"https:\/\/longchangchemical.com\/fr\/wp-json\/wp\/v2\/product_brand?post=4071"},{"taxonomy":"product_cat","embeddable":true,"href":"https:\/\/longchangchemical.com\/fr\/wp-json\/wp\/v2\/product_cat?post=4071"},{"taxonomy":"product_tag","embeddable":true,"href":"https:\/\/longchangchemical.com\/fr\/wp-json\/wp\/v2\/product_tag?post=4071"}],"curies":[{"name":"wp","href":"https:\/\/api.w.org\/{rel}","templated":true}]}}