{"id":4051,"date":"2021-02-28T03:38:30","date_gmt":"2021-02-28T03:38:30","guid":{"rendered":"https:\/\/longchangchemical.com\/?post_type=product&#038;p=4051"},"modified":"2025-12-23T03:00:54","modified_gmt":"2025-12-23T03:00:54","slug":"cas-64265-57-2","status":"publish","type":"product","link":"https:\/\/longchangchemical.com\/fr\/product\/cas-64265-57-2\/","title":{"rendered":"Trim\u00e9thylolpropane tris(2-m\u00e9thyl-1-aziridinepropionate) CAS 64265-57-2"},"content":{"rendered":"<h1><strong>Trim\u00e9thylolpropane tris(2-m\u00e9thyl-1-aziridinepropionate) CAS 64265-57-2<\/strong><\/h1>\n<table class=\"table-1\" cellspacing=\"0\">\n<tbody>\n<tr>\n<td>\n<h4><strong>Objet<\/strong><\/h4>\n<\/td>\n<td>\n<h4><strong>Standard<\/strong><\/h4>\n<\/td>\n<\/tr>\n<tr>\n<td>\n<h4>Apparence<\/h4>\n<\/td>\n<td>\n<h4>liquide incolore ou jaune clair<\/h4>\n<\/td>\n<\/tr>\n<tr>\n<td>\n<h4>Contenu solide<\/h4>\n<\/td>\n<td>\n<h4>\u226598%<\/h4>\n<\/td>\n<\/tr>\n<tr>\n<td>\n<h4>Viscosit\u00e9 \uff0ccp@25\u2103<\/h4>\n<\/td>\n<td>\n<h4>\u2264500<\/h4>\n<\/td>\n<\/tr>\n<tr>\n<td>\n<h4>Valeur PH<\/h4>\n<\/td>\n<td>\n<h4>8.0-11.0<\/h4>\n<\/td>\n<\/tr>\n<tr>\n<td>\n<h4>soluble dans l'eau\uff1amutuellement dissous dans la m\u00eame eau<\/h4>\n<\/td>\n<td>\n<h4>se dissolvent mutuellement dans la m\u00eame eau<\/h4>\n<\/td>\n<\/tr>\n<tr>\n<td>\n<h4>Amine libre<\/h4>\n<\/td>\n<td>\n<h4>\u22641.0%<\/h4>\n<\/td>\n<\/tr>\n<\/tbody>\n<\/table>\n<p>&nbsp;<\/p>\n<h2><strong>Trim\u00e9thylolpropane tris(2-m\u00e9thyl-1-aziridinepropionate) Utilisation<\/strong><\/h2>\n<h4>1.\uff09Am\u00e9liorer la r\u00e9sistance \u00e0 l'eau, la r\u00e9sistance au lavage, la r\u00e9sistance aux produits chimiques et la r\u00e9sistance aux temp\u00e9ratures \u00e9lev\u00e9es du rev\u00eatement en cuir ;<\/h4>\n<h4>2.\uff09Il peut am\u00e9liorer la r\u00e9sistance \u00e0 l'eau, la r\u00e9sistance \u00e0 l'alcool, la r\u00e9sistance au lavage, la r\u00e9sistance chimique et la r\u00e9sistance \u00e0 l'abrasion dans les vernis \u00e0 base d'eau pour parquet, les vernis \u00e0 base d'eau pour plastique et les vernis \u00e0 base d'eau pour m\u00e9tal ;<\/h4>\n<h4>3.\uff09Il peut am\u00e9liorer la r\u00e9sistance \u00e0 l'eau, la r\u00e9sistance \u00e0 l'alcool et l'anti-adh\u00e9rence des laques industrielles \u00e0 base d'eau pour le bois ;<\/h4>\n<h4>4.\uff09Il peut r\u00e9duire la migration du plastifiant et am\u00e9liorer la r\u00e9sistance aux taches dans les rev\u00eatements vinyliques ;<\/h4>\n<h4>5. \uff09Am\u00e9liorer sa r\u00e9sistance \u00e0 l'usure dans les mastics de ciment \u00e0 base d'eau ;<\/h4>\n<h4>6.\uff09L'adh\u00e9rence du syst\u00e8me aqueux au substrat non poreux peut \u00eatre g\u00e9n\u00e9ralement am\u00e9lior\u00e9e ;<\/h4>\n<h4>7.\uff09Am\u00e9liorer la r\u00e9sistance \u00e0 l'eau et au lavage des encres d'impression aqueuses ;<\/h4>\n<h4>8.\uff09Am\u00e9liorer la r\u00e9sistance des polym\u00e8res \u00e0 base de solvants ;<\/h4>\n<h4>9.\uff09Convient aux proc\u00e9d\u00e9s de rembourrage en polyester, coton, coton et fibres moyennes et longues ;<\/h4>\n<h4>10.\uff09Am\u00e9liorer la r\u00e9sistance \u00e0 l'eau, l'anti-adh\u00e9rence et la r\u00e9sistance aux temp\u00e9ratures \u00e9lev\u00e9es des vernis d'impression \u00e0 base d'eau.<\/h4>\n<h2><\/h2>\n<h2><strong>Emballage et exp\u00e9dition du tris(2-m\u00e9thyl-1-aziridinepropionate) de trim\u00e9thylolpropane<\/strong><\/h2>\n<h4>Emballage : 200kg\/tambour.<\/h4>\n<h4>Livraison : par courrier express, par voie maritime, par voie a\u00e9rienne.<\/h4>\n<p>&nbsp;<\/p>\n<h2><strong>Produits de la m\u00eame s\u00e9rie<\/strong><\/h2>\n<table width=\"416\">\n<tbody>\n<tr>\n<td width=\"269\">\n<h4>TRIS(2-M\u00c9THYL-1-AZIRIDINEPROPIONATE) DE TRIM\u00c9THYLOLPROPANE<\/h4>\n<\/td>\n<td width=\"147\">\n<h4>64265-57-2<\/h4>\n<\/td>\n<\/tr>\n<tr>\n<td width=\"269\">\n<h4><a href=\"https:\/\/longchangchemical.com\/fr\/product\/tmpta-cas-15625-89-5\/\"><strong><span style=\"color: #3366ff;\">TMPTA \/ Triacrylate de trim\u00e9thylolpropane<\/span><\/strong><\/a><\/h4>\n<\/td>\n<td width=\"147\">\n<h4><a href=\"https:\/\/longchangchemical.com\/fr\/product\/tmpta-cas-15625-89-5\/\"><strong><span style=\"color: #3366ff;\">15625-89-5<\/span><\/strong><\/a><\/h4>\n<\/td>\n<\/tr>\n<\/tbody>\n<\/table>\n<h2><\/h2>\n<h2><strong><b>Contactez-nous d\u00e8s maintenant !<\/b><\/strong><\/h2>\n<h4><strong><b>Nous fournissons des services personnalis\u00e9s, nous vous contacterons g\u00e9n\u00e9ralement dans les 24 heures. Vous pouvez \u00e9galement m'envoyer un courriel \u00e0 l'adresse info@longchangchemical.com pendant les heures de travail (de 8h30 \u00e0 18h00 UTC+8 du lundi au samedi) ou utiliser le chat en direct du site web pour obtenir une r\u00e9ponse rapide.<\/b><\/strong><\/h4>","protected":false},"excerpt":{"rendered":"<h4>Nom chimique:Trim\u00e9thylolpropane tris(2-m\u00e9thyl-1-aziridinepropionate)<\/h4>\n<h4>Num\u00e9ro CAS : 64265-57-2<\/h4>\n<h4>Formule mol\u00e9culaire : C24H41N3O6<\/h4>\n<h4>Structure chimique :<img decoding=\"async\" title=\"Structure du tris(2-m\u00e9thyl-1-aziridinepropionate) de trim\u00e9thylolpropane\" src=\"https:\/\/www.longchangchemical.com\/wp-content\/uploads\/product-details\/20200611014270.png\" alt=\"Structure du tris(2-m\u00e9thyl-1-aziridinepropionate) de trim\u00e9thylolpropane\" width=\"230\" height=\"126\" border=\"0\" vspace=\"0\" \/><\/h4>\n<h4>Poids mol\u00e9culaire : 467,6<\/h4>\n<h4>Aspect : liquide incolore \u00e0 jaune clair<\/h4>\n<h4>Essai : 98%<\/h4>","protected":false},"featured_media":4411,"comment_status":"open","ping_status":"closed","template":"","meta":[],"product_brand":[],"product_cat":[69],"product_tag":[],"class_list":{"0":"post-4051","1":"product","2":"type-product","3":"status-publish","4":"has-post-thumbnail","6":"product_cat-catalysts-chemical-auxiliary-agents","8":"first","9":"instock","10":"shipping-taxable","11":"product-type-simple"},"yoast_head":"<!-- This site is optimized with the Yoast SEO plugin v25.3.1 - https:\/\/yoast.com\/wordpress\/plugins\/seo\/ -->\n<title>China Trimethylolpropane tris(2-methyl-1-aziridinepropionate) Manufacturer \uff06 Supplier - Longchang chemical Co., Ltd.<\/title>\n<meta name=\"description\" content=\"Longchang Chemical is a leading manufacturer and supplier of Trimethylolpropane tris(2-methyl-1-aziridinepropionate) in China. Buy Trimethylolpropane tris(2-methyl-1-aziridinepropionate) in china. We can provide the best Trimethylolpropane tris(2-methyl-1-aziridinepropionate) price.\" \/>\n<meta name=\"robots\" content=\"index, follow, max-snippet:-1, max-image-preview:large, max-video-preview:-1\" \/>\n<link rel=\"canonical\" href=\"https:\/\/longchangchemical.com\/fr\/product\/cas-64265-57-2\/\" \/>\n<meta property=\"og:locale\" content=\"fr_FR\" \/>\n<meta property=\"og:type\" content=\"article\" \/>\n<meta property=\"og:title\" content=\"China Trimethylolpropane tris(2-methyl-1-aziridinepropionate) Manufacturer \uff06 Supplier - Longchang chemical Co., Ltd.\" \/>\n<meta property=\"og:description\" content=\"Longchang Chemical is a leading manufacturer and supplier of Trimethylolpropane tris(2-methyl-1-aziridinepropionate) in China. Buy Trimethylolpropane tris(2-methyl-1-aziridinepropionate) in china. We can provide the best Trimethylolpropane tris(2-methyl-1-aziridinepropionate) price.\" \/>\n<meta property=\"og:url\" content=\"https:\/\/longchangchemical.com\/fr\/product\/cas-64265-57-2\/\" \/>\n<meta property=\"og:site_name\" content=\"Longchang Chemical\" \/>\n<meta property=\"article:modified_time\" content=\"2025-12-23T03:00:54+00:00\" \/>\n<meta property=\"og:image\" content=\"https:\/\/longchangchemical.com\/wp-content\/uploads\/2021\/01\/Appearance-12.jpg\" \/>\n\t<meta property=\"og:image:width\" content=\"600\" \/>\n\t<meta property=\"og:image:height\" content=\"800\" \/>\n\t<meta property=\"og:image:type\" content=\"image\/jpeg\" \/>\n<meta name=\"twitter:card\" content=\"summary_large_image\" \/>\n<script type=\"application\/ld+json\" class=\"yoast-schema-graph\">{\"@context\":\"https:\/\/schema.org\",\"@graph\":[{\"@type\":\"WebPage\",\"@id\":\"https:\/\/longchangchemical.com\/product\/cas-64265-57-2\/\",\"url\":\"https:\/\/longchangchemical.com\/product\/cas-64265-57-2\/\",\"name\":\"China Trimethylolpropane tris(2-methyl-1-aziridinepropionate) Manufacturer \uff06 Supplier - Longchang chemical Co., Ltd.\",\"isPartOf\":{\"@id\":\"https:\/\/longchangchemical.com\/#website\"},\"primaryImageOfPage\":{\"@id\":\"https:\/\/longchangchemical.com\/product\/cas-64265-57-2\/#primaryimage\"},\"image\":{\"@id\":\"https:\/\/longchangchemical.com\/product\/cas-64265-57-2\/#primaryimage\"},\"thumbnailUrl\":\"https:\/\/longchangchemical.com\/wp-content\/uploads\/2021\/01\/Appearance-12.jpg\",\"datePublished\":\"2021-02-28T03:38:30+00:00\",\"dateModified\":\"2025-12-23T03:00:54+00:00\",\"description\":\"Longchang Chemical is a leading manufacturer and supplier of Trimethylolpropane tris(2-methyl-1-aziridinepropionate) in China. Buy Trimethylolpropane tris(2-methyl-1-aziridinepropionate) in china. We can provide the best Trimethylolpropane tris(2-methyl-1-aziridinepropionate) price.\",\"breadcrumb\":{\"@id\":\"https:\/\/longchangchemical.com\/product\/cas-64265-57-2\/#breadcrumb\"},\"inLanguage\":\"fr-FR\",\"potentialAction\":[{\"@type\":\"ReadAction\",\"target\":[\"https:\/\/longchangchemical.com\/product\/cas-64265-57-2\/\"]}]},{\"@type\":\"ImageObject\",\"inLanguage\":\"fr-FR\",\"@id\":\"https:\/\/longchangchemical.com\/product\/cas-64265-57-2\/#primaryimage\",\"url\":\"https:\/\/longchangchemical.com\/wp-content\/uploads\/2021\/01\/Appearance-12.jpg\",\"contentUrl\":\"https:\/\/longchangchemical.com\/wp-content\/uploads\/2021\/01\/Appearance-12.jpg\",\"width\":600,\"height\":800},{\"@type\":\"BreadcrumbList\",\"@id\":\"https:\/\/longchangchemical.com\/product\/cas-64265-57-2\/#breadcrumb\",\"itemListElement\":[{\"@type\":\"ListItem\",\"position\":1,\"name\":\"Home\",\"item\":\"https:\/\/longchangchemical.com\/\"},{\"@type\":\"ListItem\",\"position\":2,\"name\":\"Products Longchang\",\"item\":\"https:\/\/longchangchemical.com\/product\/\"},{\"@type\":\"ListItem\",\"position\":3,\"name\":\"Trimethylolpropane tris(2-methyl-1-aziridinepropionate) CAS 64265-57-2\"}]},{\"@type\":\"WebSite\",\"@id\":\"https:\/\/longchangchemical.com\/#website\",\"url\":\"https:\/\/longchangchemical.com\/\",\"name\":\"Longchang Chemical\",\"description\":\"China chemical manufacturer \uff06 supplier\",\"publisher\":{\"@id\":\"https:\/\/longchangchemical.com\/#organization\"},\"potentialAction\":[{\"@type\":\"SearchAction\",\"target\":{\"@type\":\"EntryPoint\",\"urlTemplate\":\"https:\/\/longchangchemical.com\/?s={search_term_string}\"},\"query-input\":{\"@type\":\"PropertyValueSpecification\",\"valueRequired\":true,\"valueName\":\"search_term_string\"}}],\"inLanguage\":\"fr-FR\"},{\"@type\":\"Organization\",\"@id\":\"https:\/\/longchangchemical.com\/#organization\",\"name\":\"Longchang Chemical\",\"url\":\"https:\/\/longchangchemical.com\/\",\"logo\":{\"@type\":\"ImageObject\",\"inLanguage\":\"fr-FR\",\"@id\":\"https:\/\/longchangchemical.com\/#\/schema\/logo\/image\/\",\"url\":\"https:\/\/longchangchemical.com\/wp-content\/uploads\/2020\/08\/cropped-longchang-logo.png\",\"contentUrl\":\"https:\/\/longchangchemical.com\/wp-content\/uploads\/2020\/08\/cropped-longchang-logo.png\",\"width\":512,\"height\":512,\"caption\":\"Longchang Chemical\"},\"image\":{\"@id\":\"https:\/\/longchangchemical.com\/#\/schema\/logo\/image\/\"}}]}<\/script>\n<!-- \/ Yoast SEO plugin. -->","yoast_head_json":{"title":"China Trimethylolpropane tris(2-methyl-1-aziridinepropionate) Manufacturer \uff06 Supplier - Longchang chemical Co., Ltd.","description":"Longchang Chemical est un fabricant et fournisseur leader de Trim\u00e9thylolpropane tris(2-m\u00e9thyl-1-aziridinepropionate) en Chine. Acheter Trim\u00e9thylolpropane tris(2-m\u00e9thyl-1-aziridinepropionate) en Chine. Nous pouvons fournir le meilleur prix de Trim\u00e9thylolpropane tris(2-m\u00e9thyl-1-aziridinepropionate).","robots":{"index":"index","follow":"follow","max-snippet":"max-snippet:-1","max-image-preview":"max-image-preview:large","max-video-preview":"max-video-preview:-1"},"canonical":"https:\/\/longchangchemical.com\/fr\/product\/cas-64265-57-2\/","og_locale":"fr_FR","og_type":"article","og_title":"China Trimethylolpropane tris(2-methyl-1-aziridinepropionate) Manufacturer \uff06 Supplier - Longchang chemical Co., Ltd.","og_description":"Longchang Chemical is a leading manufacturer and supplier of Trimethylolpropane tris(2-methyl-1-aziridinepropionate) in China. Buy Trimethylolpropane tris(2-methyl-1-aziridinepropionate) in china. We can provide the best Trimethylolpropane tris(2-methyl-1-aziridinepropionate) price.","og_url":"https:\/\/longchangchemical.com\/fr\/product\/cas-64265-57-2\/","og_site_name":"Longchang Chemical","article_modified_time":"2025-12-23T03:00:54+00:00","og_image":[{"width":600,"height":800,"url":"https:\/\/longchangchemical.com\/wp-content\/uploads\/2021\/01\/Appearance-12.jpg","type":"image\/jpeg"}],"twitter_card":"summary_large_image","schema":{"@context":"https:\/\/schema.org","@graph":[{"@type":"WebPage","@id":"https:\/\/longchangchemical.com\/product\/cas-64265-57-2\/","url":"https:\/\/longchangchemical.com\/product\/cas-64265-57-2\/","name":"China Trimethylolpropane tris(2-methyl-1-aziridinepropionate) Manufacturer \uff06 Supplier - Longchang chemical Co., Ltd.","isPartOf":{"@id":"https:\/\/longchangchemical.com\/#website"},"primaryImageOfPage":{"@id":"https:\/\/longchangchemical.com\/product\/cas-64265-57-2\/#primaryimage"},"image":{"@id":"https:\/\/longchangchemical.com\/product\/cas-64265-57-2\/#primaryimage"},"thumbnailUrl":"https:\/\/longchangchemical.com\/wp-content\/uploads\/2021\/01\/Appearance-12.jpg","datePublished":"2021-02-28T03:38:30+00:00","dateModified":"2025-12-23T03:00:54+00:00","description":"Longchang Chemical est un fabricant et fournisseur leader de Trim\u00e9thylolpropane tris(2-m\u00e9thyl-1-aziridinepropionate) en Chine. Acheter Trim\u00e9thylolpropane tris(2-m\u00e9thyl-1-aziridinepropionate) en Chine. Nous pouvons fournir le meilleur prix de Trim\u00e9thylolpropane tris(2-m\u00e9thyl-1-aziridinepropionate).","breadcrumb":{"@id":"https:\/\/longchangchemical.com\/product\/cas-64265-57-2\/#breadcrumb"},"inLanguage":"fr-FR","potentialAction":[{"@type":"ReadAction","target":["https:\/\/longchangchemical.com\/product\/cas-64265-57-2\/"]}]},{"@type":"ImageObject","inLanguage":"fr-FR","@id":"https:\/\/longchangchemical.com\/product\/cas-64265-57-2\/#primaryimage","url":"https:\/\/longchangchemical.com\/wp-content\/uploads\/2021\/01\/Appearance-12.jpg","contentUrl":"https:\/\/longchangchemical.com\/wp-content\/uploads\/2021\/01\/Appearance-12.jpg","width":600,"height":800},{"@type":"BreadcrumbList","@id":"https:\/\/longchangchemical.com\/product\/cas-64265-57-2\/#breadcrumb","itemListElement":[{"@type":"ListItem","position":1,"name":"Home","item":"https:\/\/longchangchemical.com\/"},{"@type":"ListItem","position":2,"name":"Products Longchang","item":"https:\/\/longchangchemical.com\/product\/"},{"@type":"ListItem","position":3,"name":"Trimethylolpropane tris(2-methyl-1-aziridinepropionate) CAS 64265-57-2"}]},{"@type":"WebSite","@id":"https:\/\/longchangchemical.com\/#website","url":"https:\/\/longchangchemical.com\/","name":"Longchang Chemical","description":"Fabricant chinois de produits chimiques \uff06 fournisseur","publisher":{"@id":"https:\/\/longchangchemical.com\/#organization"},"potentialAction":[{"@type":"SearchAction","target":{"@type":"EntryPoint","urlTemplate":"https:\/\/longchangchemical.com\/?s={search_term_string}"},"query-input":{"@type":"PropertyValueSpecification","valueRequired":true,"valueName":"search_term_string"}}],"inLanguage":"fr-FR"},{"@type":"Organization","@id":"https:\/\/longchangchemical.com\/#organization","name":"Longchang Chemical","url":"https:\/\/longchangchemical.com\/","logo":{"@type":"ImageObject","inLanguage":"fr-FR","@id":"https:\/\/longchangchemical.com\/#\/schema\/logo\/image\/","url":"https:\/\/longchangchemical.com\/wp-content\/uploads\/2020\/08\/cropped-longchang-logo.png","contentUrl":"https:\/\/longchangchemical.com\/wp-content\/uploads\/2020\/08\/cropped-longchang-logo.png","width":512,"height":512,"caption":"Longchang Chemical"},"image":{"@id":"https:\/\/longchangchemical.com\/#\/schema\/logo\/image\/"}}]}},"_links":{"self":[{"href":"https:\/\/longchangchemical.com\/fr\/wp-json\/wp\/v2\/product\/4051","targetHints":{"allow":["GET"]}}],"collection":[{"href":"https:\/\/longchangchemical.com\/fr\/wp-json\/wp\/v2\/product"}],"about":[{"href":"https:\/\/longchangchemical.com\/fr\/wp-json\/wp\/v2\/types\/product"}],"replies":[{"embeddable":true,"href":"https:\/\/longchangchemical.com\/fr\/wp-json\/wp\/v2\/comments?post=4051"}],"wp:featuredmedia":[{"embeddable":true,"href":"https:\/\/longchangchemical.com\/fr\/wp-json\/wp\/v2\/media\/4411"}],"wp:attachment":[{"href":"https:\/\/longchangchemical.com\/fr\/wp-json\/wp\/v2\/media?parent=4051"}],"wp:term":[{"taxonomy":"product_brand","embeddable":true,"href":"https:\/\/longchangchemical.com\/fr\/wp-json\/wp\/v2\/product_brand?post=4051"},{"taxonomy":"product_cat","embeddable":true,"href":"https:\/\/longchangchemical.com\/fr\/wp-json\/wp\/v2\/product_cat?post=4051"},{"taxonomy":"product_tag","embeddable":true,"href":"https:\/\/longchangchemical.com\/fr\/wp-json\/wp\/v2\/product_tag?post=4051"}],"curies":[{"name":"wp","href":"https:\/\/api.w.org\/{rel}","templated":true}]}}