{"id":4046,"date":"2021-07-28T05:58:34","date_gmt":"2021-07-28T05:58:34","guid":{"rendered":"https:\/\/longchangchemical.com\/?post_type=product&#038;p=4046"},"modified":"2025-12-22T07:56:10","modified_gmt":"2025-12-22T07:56:10","slug":"lauroyl-chloride-cas-112-16-3","status":"publish","type":"product","link":"https:\/\/longchangchemical.com\/fr\/product\/lauroyl-chloride-cas-112-16-3\/","title":{"rendered":"Chlorure de lauroyle \/ Chlorure de dod\u00e9cyle CAS 112-16-3"},"content":{"rendered":"<h1>Chlorure de lauroyle \/ Chlorure de dod\u00e9cyle CAS 112-16-3<\/h1>\n<div>\n<table class=\"table-1\">\n<tbody>\n<tr align=\"center\">\n<td>\n<h4>Objet<\/h4>\n<\/td>\n<td>\n<h4>Sp\u00e9cifications<\/h4>\n<\/td>\n<td>\n<h4>R\u00e9sultats<\/h4>\n<\/td>\n<\/tr>\n<tr align=\"center\">\n<td>\n<h4>Apparence<\/h4>\n<\/td>\n<td>\n<h4>Liquide huileux incolore ou jaune p\u00e2le<\/h4>\n<\/td>\n<td>\n<h4>Liquide huileux incolore<\/h4>\n<\/td>\n<\/tr>\n<tr align=\"center\">\n<td>\n<h4>Contenu<\/h4>\n<\/td>\n<td>\n<h4>\u226598.0%<\/h4>\n<\/td>\n<td>\n<h4>98.29%<\/h4>\n<\/td>\n<\/tr>\n<tr align=\"center\">\n<td>\n<h4>Phosphure<\/h4>\n<\/td>\n<td>\n<h4>\u22640.30%<\/h4>\n<\/td>\n<td>\n<h4>0.13%<\/h4>\n<\/td>\n<\/tr>\n<tr align=\"center\">\n<td>\n<h4>Lauric<\/h4>\n<\/td>\n<td>\n<h4>\u22640.50%<\/h4>\n<\/td>\n<td>\n<h4>0.49%<\/h4>\n<\/td>\n<\/tr>\n<tr align=\"center\">\n<td>\n<h4>Chlorure<\/h4>\n<\/td>\n<td>\n<h4>\u22641.0%<\/h4>\n<\/td>\n<td>\n<h4>0.24%<\/h4>\n<\/td>\n<\/tr>\n<tr align=\"center\">\n<td>\n<h4>Conclusion<\/h4>\n<\/td>\n<td colspan=\"2\">\n<h4>Les r\u00e9sultats sont conformes aux normes de l'entreprise<\/h4>\n<\/td>\n<\/tr>\n<\/tbody>\n<\/table>\n<p>&nbsp;<\/p>\n<p><strong>Ce produit peut remplacer le chlorure de dod\u00e9canoyle ; le chlorure de n-dod\u00e9canoyle.<\/strong><\/p>\n<p>&nbsp;<\/p>\n<h2><strong>Chlorure de lauroyle Utilisation<\/strong><\/h2>\n<h4>1. Ce produit peut \u00eatre utilis\u00e9 comme interm\u00e9diaire en pharmacie et en synth\u00e8se organique.<\/h4>\n<h4>2. Le chlorure de lauroyle peut \u00eatre utilis\u00e9 comme agent tensioactif et comme agent d'acylation pour la synth\u00e8se d'autres produits chimiques organiques.<\/h4>\n<h4>3. Ce produit peut produire <a href=\"https:\/\/longchangchemical.com\/fr\/product\/n-lauroyl-l-glutamic-acid-cas-3397-65-7\/\"><span style=\"color: #3366ff;\">Acide N-lauroyl-l-glutamique<\/span><\/a>.<\/h4>\n<p><strong><b>P<\/b><\/strong><strong><b>ackag<\/b><\/strong><strong><b>e<\/b><\/strong><strong><b>:<\/b><\/strong>180 kg\/tambour.<\/p>\n<p><strong><b>\u00a0<\/b><\/strong><\/p>\n<p><strong><b>Stockage : <\/b><\/strong><\/p>\n<p>Les produits sont conserv\u00e9s dans un entrep\u00f4t sec, propre et bien ventil\u00e9.<\/p>\n<p>\u00c9viter l'exposition \u00e0 la lumi\u00e8re et \u00e0 la chaleur.<\/p>\n<p>Prot\u00e9ger le produit des fuites, de la pluie et de l'insolation pendant le transport.<\/p>\n<\/div>\n<h2><strong><b>Contactez-nous d\u00e8s maintenant !<\/b><\/strong><\/h2>\n<h4><strong><b>Si vous avez besoin d'un prix, veuillez indiquer vos coordonn\u00e9es dans le formulaire ci-dessous. Nous vous contacterons g\u00e9n\u00e9ralement dans les 24 heures. Vous pouvez \u00e9galement m'envoyer un courriel <span style=\"color: #0000ff;\"><a style=\"color: #0000ff;\" href=\"mailto:info@longchangchemical.com\">info@longchangchemical.com<\/a><\/span> pendant les heures de travail ( 8:30 am to 6:00 pm UTC+8 Mon.~Sat. ) ou utilisez le chat en direct du site web pour obtenir une r\u00e9ponse rapide.<\/b><\/strong><\/h4>","protected":false},"excerpt":{"rendered":"<h4>Nom chimique : Chlorure de lauroyle<\/h4>\n<h4>Autre nom : chlorure de dod\u00e9canoyle ; chlorure de n-dod\u00e9canoyle<\/h4>\n<h4>CAS : 112-16-3<\/h4>\n<h4>Formule mol\u00e9culaire:C12H23ClO<\/h4>\n<h4>Poids mol\u00e9culaire : 218,76<\/h4>\n<h4>Structure chimique :<img decoding=\"async\" title=\"Structure du chlorure de lauroyle\" src=\"https:\/\/www.longchangchemical.com\/wp-content\/uploads\/product-details\/20200616057609.png\" alt=\"Structure du chlorure de lauroyle\" width=\"217\" height=\"46\" border=\"0\" vspace=\"0\" \/><\/h4>\n<h4>Aspect : Liquide incolore<\/h4>\n<h4>Puret\u00e9 : 98%<\/h4>","protected":false},"featured_media":4743,"comment_status":"open","ping_status":"closed","template":"","meta":[],"product_brand":[],"product_cat":[69],"product_tag":[],"class_list":{"0":"post-4046","1":"product","2":"type-product","3":"status-publish","4":"has-post-thumbnail","6":"product_cat-catalysts-chemical-auxiliary-agents","8":"first","9":"instock","10":"shipping-taxable","11":"product-type-simple"},"yoast_head":"<!-- This site is optimized with the Yoast SEO plugin v25.3.1 - https:\/\/yoast.com\/wordpress\/plugins\/seo\/ -->\n<title>China Lauroyl chloride manufacturer \uff06 112-16-3 supplier - Longchang Chemical<\/title>\n<meta name=\"description\" content=\"Lauroyl chloride for the synthesis of dodecanoyl peroxide, sodium lauroyl polycondensed amino acids, Longchang Chemical is a china Leading Lauroyl chloride manufacturer and supplier. We can provide the best Lauroyl chloride price. Dodecanoyl chloride; n-dodecanoyl chloride.\" \/>\n<meta name=\"robots\" content=\"index, follow, max-snippet:-1, max-image-preview:large, max-video-preview:-1\" \/>\n<link rel=\"canonical\" href=\"https:\/\/longchangchemical.com\/fr\/product\/lauroyl-chloride-cas-112-16-3\/\" \/>\n<meta property=\"og:locale\" content=\"fr_FR\" \/>\n<meta property=\"og:type\" content=\"article\" \/>\n<meta property=\"og:title\" content=\"China Lauroyl chloride manufacturer \uff06 112-16-3 supplier - Longchang Chemical\" \/>\n<meta property=\"og:description\" content=\"Lauroyl chloride for the synthesis of dodecanoyl peroxide, sodium lauroyl polycondensed amino acids, Longchang Chemical is a china Leading Lauroyl chloride manufacturer and supplier. We can provide the best Lauroyl chloride price. Dodecanoyl chloride; n-dodecanoyl chloride.\" \/>\n<meta property=\"og:url\" content=\"https:\/\/longchangchemical.com\/fr\/product\/lauroyl-chloride-cas-112-16-3\/\" \/>\n<meta property=\"og:site_name\" content=\"Longchang Chemical\" \/>\n<meta property=\"article:modified_time\" content=\"2025-12-22T07:56:10+00:00\" \/>\n<meta property=\"og:image\" content=\"https:\/\/longchangchemical.com\/wp-content\/uploads\/2021\/01\/Lauroyl-chloride-appearance.jpg\" \/>\n\t<meta property=\"og:image:width\" content=\"600\" \/>\n\t<meta property=\"og:image:height\" content=\"800\" \/>\n\t<meta property=\"og:image:type\" content=\"image\/jpeg\" \/>\n<meta name=\"twitter:card\" content=\"summary_large_image\" \/>\n<script type=\"application\/ld+json\" class=\"yoast-schema-graph\">{\"@context\":\"https:\/\/schema.org\",\"@graph\":[{\"@type\":\"WebPage\",\"@id\":\"https:\/\/longchangchemical.com\/product\/lauroyl-chloride-cas-112-16-3\/\",\"url\":\"https:\/\/longchangchemical.com\/product\/lauroyl-chloride-cas-112-16-3\/\",\"name\":\"China Lauroyl chloride manufacturer \uff06 112-16-3 supplier - Longchang Chemical\",\"isPartOf\":{\"@id\":\"https:\/\/longchangchemical.com\/#website\"},\"primaryImageOfPage\":{\"@id\":\"https:\/\/longchangchemical.com\/product\/lauroyl-chloride-cas-112-16-3\/#primaryimage\"},\"image\":{\"@id\":\"https:\/\/longchangchemical.com\/product\/lauroyl-chloride-cas-112-16-3\/#primaryimage\"},\"thumbnailUrl\":\"https:\/\/longchangchemical.com\/wp-content\/uploads\/2021\/01\/Lauroyl-chloride-appearance.jpg\",\"datePublished\":\"2021-07-28T05:58:34+00:00\",\"dateModified\":\"2025-12-22T07:56:10+00:00\",\"description\":\"Lauroyl chloride for the synthesis of dodecanoyl peroxide, sodium lauroyl polycondensed amino acids, Longchang Chemical is a china Leading Lauroyl chloride manufacturer and supplier. We can provide the best Lauroyl chloride price. Dodecanoyl chloride; n-dodecanoyl chloride.\",\"breadcrumb\":{\"@id\":\"https:\/\/longchangchemical.com\/product\/lauroyl-chloride-cas-112-16-3\/#breadcrumb\"},\"inLanguage\":\"fr-FR\",\"potentialAction\":[{\"@type\":\"ReadAction\",\"target\":[\"https:\/\/longchangchemical.com\/product\/lauroyl-chloride-cas-112-16-3\/\"]}]},{\"@type\":\"ImageObject\",\"inLanguage\":\"fr-FR\",\"@id\":\"https:\/\/longchangchemical.com\/product\/lauroyl-chloride-cas-112-16-3\/#primaryimage\",\"url\":\"https:\/\/longchangchemical.com\/wp-content\/uploads\/2021\/01\/Lauroyl-chloride-appearance.jpg\",\"contentUrl\":\"https:\/\/longchangchemical.com\/wp-content\/uploads\/2021\/01\/Lauroyl-chloride-appearance.jpg\",\"width\":600,\"height\":800},{\"@type\":\"BreadcrumbList\",\"@id\":\"https:\/\/longchangchemical.com\/product\/lauroyl-chloride-cas-112-16-3\/#breadcrumb\",\"itemListElement\":[{\"@type\":\"ListItem\",\"position\":1,\"name\":\"Home\",\"item\":\"https:\/\/longchangchemical.com\/\"},{\"@type\":\"ListItem\",\"position\":2,\"name\":\"Products Longchang\",\"item\":\"https:\/\/longchangchemical.com\/product\/\"},{\"@type\":\"ListItem\",\"position\":3,\"name\":\"Lauroyl chloride \/ Dodecyl chloride CAS 112-16-3\"}]},{\"@type\":\"WebSite\",\"@id\":\"https:\/\/longchangchemical.com\/#website\",\"url\":\"https:\/\/longchangchemical.com\/\",\"name\":\"Longchang Chemical\",\"description\":\"China chemical manufacturer \uff06 supplier\",\"publisher\":{\"@id\":\"https:\/\/longchangchemical.com\/#organization\"},\"potentialAction\":[{\"@type\":\"SearchAction\",\"target\":{\"@type\":\"EntryPoint\",\"urlTemplate\":\"https:\/\/longchangchemical.com\/?s={search_term_string}\"},\"query-input\":{\"@type\":\"PropertyValueSpecification\",\"valueRequired\":true,\"valueName\":\"search_term_string\"}}],\"inLanguage\":\"fr-FR\"},{\"@type\":\"Organization\",\"@id\":\"https:\/\/longchangchemical.com\/#organization\",\"name\":\"Longchang Chemical\",\"url\":\"https:\/\/longchangchemical.com\/\",\"logo\":{\"@type\":\"ImageObject\",\"inLanguage\":\"fr-FR\",\"@id\":\"https:\/\/longchangchemical.com\/#\/schema\/logo\/image\/\",\"url\":\"https:\/\/longchangchemical.com\/wp-content\/uploads\/2020\/08\/cropped-longchang-logo.png\",\"contentUrl\":\"https:\/\/longchangchemical.com\/wp-content\/uploads\/2020\/08\/cropped-longchang-logo.png\",\"width\":512,\"height\":512,\"caption\":\"Longchang Chemical\"},\"image\":{\"@id\":\"https:\/\/longchangchemical.com\/#\/schema\/logo\/image\/\"}}]}<\/script>\n<!-- \/ Yoast SEO plugin. -->","yoast_head_json":{"title":"Fabricant chinois de chlorure de lauroyle \uff06 112-16-3 fournisseur - Longchang Chemical","description":"Chlorure de lauroyle pour la synth\u00e8se du peroxyde de dod\u00e9canoyle, acides amin\u00e9s polycondens\u00e9s lauroyl-sodium, Longchang Chemical est un fabricant et fournisseur de chlorure de lauroyle de premier plan en Chine. Nous pouvons fournir le meilleur prix de chlorure de lauroyle. Chlorure de dod\u00e9canoyle ; chlorure de n-dod\u00e9canoyle.","robots":{"index":"index","follow":"follow","max-snippet":"max-snippet:-1","max-image-preview":"max-image-preview:large","max-video-preview":"max-video-preview:-1"},"canonical":"https:\/\/longchangchemical.com\/fr\/product\/lauroyl-chloride-cas-112-16-3\/","og_locale":"fr_FR","og_type":"article","og_title":"China Lauroyl chloride manufacturer \uff06 112-16-3 supplier - Longchang Chemical","og_description":"Lauroyl chloride for the synthesis of dodecanoyl peroxide, sodium lauroyl polycondensed amino acids, Longchang Chemical is a china Leading Lauroyl chloride manufacturer and supplier. We can provide the best Lauroyl chloride price. Dodecanoyl chloride; n-dodecanoyl chloride.","og_url":"https:\/\/longchangchemical.com\/fr\/product\/lauroyl-chloride-cas-112-16-3\/","og_site_name":"Longchang Chemical","article_modified_time":"2025-12-22T07:56:10+00:00","og_image":[{"width":600,"height":800,"url":"https:\/\/longchangchemical.com\/wp-content\/uploads\/2021\/01\/Lauroyl-chloride-appearance.jpg","type":"image\/jpeg"}],"twitter_card":"summary_large_image","schema":{"@context":"https:\/\/schema.org","@graph":[{"@type":"WebPage","@id":"https:\/\/longchangchemical.com\/product\/lauroyl-chloride-cas-112-16-3\/","url":"https:\/\/longchangchemical.com\/product\/lauroyl-chloride-cas-112-16-3\/","name":"Fabricant chinois de chlorure de lauroyle \uff06 112-16-3 fournisseur - Longchang Chemical","isPartOf":{"@id":"https:\/\/longchangchemical.com\/#website"},"primaryImageOfPage":{"@id":"https:\/\/longchangchemical.com\/product\/lauroyl-chloride-cas-112-16-3\/#primaryimage"},"image":{"@id":"https:\/\/longchangchemical.com\/product\/lauroyl-chloride-cas-112-16-3\/#primaryimage"},"thumbnailUrl":"https:\/\/longchangchemical.com\/wp-content\/uploads\/2021\/01\/Lauroyl-chloride-appearance.jpg","datePublished":"2021-07-28T05:58:34+00:00","dateModified":"2025-12-22T07:56:10+00:00","description":"Chlorure de lauroyle pour la synth\u00e8se du peroxyde de dod\u00e9canoyle, acides amin\u00e9s polycondens\u00e9s lauroyl-sodium, Longchang Chemical est un fabricant et fournisseur de chlorure de lauroyle de premier plan en Chine. Nous pouvons fournir le meilleur prix de chlorure de lauroyle. Chlorure de dod\u00e9canoyle ; chlorure de n-dod\u00e9canoyle.","breadcrumb":{"@id":"https:\/\/longchangchemical.com\/product\/lauroyl-chloride-cas-112-16-3\/#breadcrumb"},"inLanguage":"fr-FR","potentialAction":[{"@type":"ReadAction","target":["https:\/\/longchangchemical.com\/product\/lauroyl-chloride-cas-112-16-3\/"]}]},{"@type":"ImageObject","inLanguage":"fr-FR","@id":"https:\/\/longchangchemical.com\/product\/lauroyl-chloride-cas-112-16-3\/#primaryimage","url":"https:\/\/longchangchemical.com\/wp-content\/uploads\/2021\/01\/Lauroyl-chloride-appearance.jpg","contentUrl":"https:\/\/longchangchemical.com\/wp-content\/uploads\/2021\/01\/Lauroyl-chloride-appearance.jpg","width":600,"height":800},{"@type":"BreadcrumbList","@id":"https:\/\/longchangchemical.com\/product\/lauroyl-chloride-cas-112-16-3\/#breadcrumb","itemListElement":[{"@type":"ListItem","position":1,"name":"Home","item":"https:\/\/longchangchemical.com\/"},{"@type":"ListItem","position":2,"name":"Products Longchang","item":"https:\/\/longchangchemical.com\/product\/"},{"@type":"ListItem","position":3,"name":"Lauroyl chloride \/ Dodecyl chloride CAS 112-16-3"}]},{"@type":"WebSite","@id":"https:\/\/longchangchemical.com\/#website","url":"https:\/\/longchangchemical.com\/","name":"Longchang Chemical","description":"Fabricant chinois de produits chimiques \uff06 fournisseur","publisher":{"@id":"https:\/\/longchangchemical.com\/#organization"},"potentialAction":[{"@type":"SearchAction","target":{"@type":"EntryPoint","urlTemplate":"https:\/\/longchangchemical.com\/?s={search_term_string}"},"query-input":{"@type":"PropertyValueSpecification","valueRequired":true,"valueName":"search_term_string"}}],"inLanguage":"fr-FR"},{"@type":"Organization","@id":"https:\/\/longchangchemical.com\/#organization","name":"Longchang Chemical","url":"https:\/\/longchangchemical.com\/","logo":{"@type":"ImageObject","inLanguage":"fr-FR","@id":"https:\/\/longchangchemical.com\/#\/schema\/logo\/image\/","url":"https:\/\/longchangchemical.com\/wp-content\/uploads\/2020\/08\/cropped-longchang-logo.png","contentUrl":"https:\/\/longchangchemical.com\/wp-content\/uploads\/2020\/08\/cropped-longchang-logo.png","width":512,"height":512,"caption":"Longchang Chemical"},"image":{"@id":"https:\/\/longchangchemical.com\/#\/schema\/logo\/image\/"}}]}},"_links":{"self":[{"href":"https:\/\/longchangchemical.com\/fr\/wp-json\/wp\/v2\/product\/4046","targetHints":{"allow":["GET"]}}],"collection":[{"href":"https:\/\/longchangchemical.com\/fr\/wp-json\/wp\/v2\/product"}],"about":[{"href":"https:\/\/longchangchemical.com\/fr\/wp-json\/wp\/v2\/types\/product"}],"replies":[{"embeddable":true,"href":"https:\/\/longchangchemical.com\/fr\/wp-json\/wp\/v2\/comments?post=4046"}],"wp:featuredmedia":[{"embeddable":true,"href":"https:\/\/longchangchemical.com\/fr\/wp-json\/wp\/v2\/media\/4743"}],"wp:attachment":[{"href":"https:\/\/longchangchemical.com\/fr\/wp-json\/wp\/v2\/media?parent=4046"}],"wp:term":[{"taxonomy":"product_brand","embeddable":true,"href":"https:\/\/longchangchemical.com\/fr\/wp-json\/wp\/v2\/product_brand?post=4046"},{"taxonomy":"product_cat","embeddable":true,"href":"https:\/\/longchangchemical.com\/fr\/wp-json\/wp\/v2\/product_cat?post=4046"},{"taxonomy":"product_tag","embeddable":true,"href":"https:\/\/longchangchemical.com\/fr\/wp-json\/wp\/v2\/product_tag?post=4046"}],"curies":[{"name":"wp","href":"https:\/\/api.w.org\/{rel}","templated":true}]}}