{"id":4002,"date":"2021-02-07T14:11:11","date_gmt":"2021-02-07T14:11:11","guid":{"rendered":"https:\/\/longchangchemical.com\/?post_type=product&#038;p=4002"},"modified":"2021-04-19T01:08:01","modified_gmt":"2021-04-19T01:08:01","slug":"amps-cas-15214-89-8","status":"publish","type":"product","link":"https:\/\/longchangchemical.com\/fr\/product\/amps-cas-15214-89-8\/","title":{"rendered":"Acide 2-acrylamido-2-m\u00e9thylpropane sulfonique \/ AMPS CAS 15214-89-8"},"content":{"rendered":"<h1>Acide 2-acrylamido-2-m\u00e9thylpropane sulfonique \/ AMPS CAS 15214-89-8<\/h1>\n<table class=\"table-1\">\n<tbody>\n<tr>\n<td width=\"291\">\n<h4>Articles<\/h4>\n<\/td>\n<td width=\"231\">\n<h4>Sp\u00e9cifications<\/h4>\n<\/td>\n<\/tr>\n<tr>\n<td width=\"291\">\n<h4>Apparence<\/h4>\n<\/td>\n<td width=\"231\">\n<h4>\u00a0Poudre cristalline blanche<\/h4>\n<\/td>\n<\/tr>\n<tr>\n<td width=\"291\">\n<h4>Puret\u00e9(%)<\/h4>\n<\/td>\n<td width=\"231\">\n<h4>\u00a0\u226598.0<\/h4>\n<\/td>\n<\/tr>\n<tr>\n<td width=\"291\">\n<h4>Mati\u00e8res non volatiles(%)<\/h4>\n<\/td>\n<td width=\"231\">\n<h4>\u00a0\u226599.0<\/h4>\n<\/td>\n<\/tr>\n<tr>\n<td width=\"291\">\n<h4>Teneur en fer (%)<\/h4>\n<\/td>\n<td width=\"231\">\n<h4>\u00a0\u22640.6<\/h4>\n<\/td>\n<\/tr>\n<tr>\n<td width=\"291\">\n<h4>Acidit\u00e9 (mgKOH\/g)<\/h4>\n<\/td>\n<td width=\"231\">\n<h4>\u00a0272-278<\/h4>\n<\/td>\n<\/tr>\n<tr>\n<td width=\"291\">\n<h4>Chroma(25% solution aqueuse),Co-Pt<\/h4>\n<\/td>\n<td width=\"231\">\n<h4>\u226420<\/h4>\n<\/td>\n<\/tr>\n<tr>\n<td width=\"291\">\n<h4>Eau (%)<\/h4>\n<\/td>\n<td width=\"231\">\n<h4>\u22640.2<\/h4>\n<\/td>\n<\/tr>\n<\/tbody>\n<\/table>\n<p>&nbsp;<\/p>\n<h2><strong>Acide 2-acrylamido-2-m\u00e9thylpropane sulfonique Utilisation<\/strong><\/h2>\n<h4>1. L'acide acrylamido-2-m\u00e9thyl-1-propane sulfonique (AMPS) poss\u00e8de des groupes vinyles polym\u00e9risables et des groupes acides sulfoniques hydrophiles dans la mol\u00e9cule. Il peut \u00eatre combin\u00e9 avec des monom\u00e8res solubles dans l'eau tels que l'acrylonitrile et l'acrylamide. Il peut \u00e9galement \u00eatre combin\u00e9 \u00e0 des monom\u00e8res non solubles dans l'eau tels que l'acrylonitrile et l'acrylamide, le styr\u00e8ne et le chlorure de vinyle.<\/h4>\n<h4>2. Introduction de groupes d'acides sulfoniques hydrophiles dans le polym\u00e8re pour rendre les fibres, les films, etc. hygroscopiques, perm\u00e9ables \u00e0 l'eau et conducteurs.<\/h4>\n<h4>3. L'AMPS peut \u00eatre utilis\u00e9 dans l'industrie du papier et le traitement des eaux us\u00e9es. Utilis\u00e9 comme modificateur de rev\u00eatement, modificateur de fibre et polym\u00e8re m\u00e9dical.<\/h4>\n<h4>4. L'acide 2-acrylamido-2-m\u00e9thylpropanesulfonique peut \u00eatre homopolym\u00e9ris\u00e9 ou copolym\u00e9ris\u00e9.<\/h4>\n<h4>5. La chaleur moyenne de polym\u00e9risation de l'acide 2-acrylamido-2-m\u00e9thylpropanesulfonique dans l'eau est de 22 kcal\/coolamide peut \u00eatre utilis\u00e9 comme milieu de polym\u00e9risation. G\u00e9n\u00e9ralement, le persulfate d'ammonium soluble dans l'eau, le peroxyde d'hydrog\u00e8ne, etc. sont utilis\u00e9s comme initiateurs. Le monom\u00e8re couramment utilis\u00e9 avec l'acide 2-acrylamido-2-m\u00e9thylpropanesulfonique est l'acrylonitrile.<\/h4>\n<p>&nbsp;<\/p>\n<h2><strong>Paquet d'acide 2-acrylamido-2-m\u00e9thylpropane sulfonique<\/strong><\/h2>\n<h4>25KG\/sac<\/h4>\n<p>&nbsp;<\/p>\n<h2><strong>Stockage de l'acide 2-acrylamido-2-m\u00e9thylpropane sulfonique<\/strong><\/h2>\n<h4>Endroit frais, sec et ventil\u00e9.<\/h4>\n<p>&nbsp;<\/p>\n<h2><strong><b>Contactez-nous d\u00e8s maintenant !<\/b><\/strong><\/h2>\n<h4><strong><b>Nous fournissons des services personnalis\u00e9s, nous vous contacterons g\u00e9n\u00e9ralement dans les 24 heures. Vous pouvez \u00e9galement m'envoyer un courriel \u00e0 l'adresse info@longchangchemical.com pendant les heures de travail (de 8h30 \u00e0 18h00 UTC+8 du lundi au samedi) ou utiliser le chat en direct du site web pour obtenir une r\u00e9ponse rapide.<\/b><\/strong><\/h4>","protected":false},"excerpt":{"rendered":"<h4>Nom du produit : Acide 2-acrylamido-2-m\u00e9thylpropane sulfonique<\/h4>\n<h4>Autre nom : AMPS<\/h4>\n<h4>NUM\u00c9RO DE CAS : 15214-89-8<\/h4>\n<h4>Formule : C7H13N04S<\/h4>\n<h4>Structure chimique :<img decoding=\"async\" title=\"Structure de l&#039;acide 2-acrylamido-2-m\u00e9thylpropane sulfonique\" src=\"https:\/\/www.longchangchemical.com\/wp-content\/uploads\/product-details\/20200616331729.png\" alt=\"Structure de l&#039;acide 2-acrylamido-2-m\u00e9thylpropane sulfonique\" width=\"127\" height=\"54\" border=\"0\" vspace=\"0\" \/><\/h4>\n<h4>Poids mol\u00e9culaire : 183<\/h4>\n<h4>Essai : 98%<\/h4>","protected":false},"featured_media":4352,"comment_status":"open","ping_status":"closed","template":"","meta":[],"product_brand":[],"product_cat":[69],"product_tag":[],"class_list":{"0":"post-4002","1":"product","2":"type-product","3":"status-publish","4":"has-post-thumbnail","6":"product_cat-catalysts-chemical-auxiliary-agents","8":"first","9":"instock","10":"shipping-taxable","11":"product-type-simple"},"yoast_head":"<!-- This site is optimized with the Yoast SEO plugin v25.3.1 - https:\/\/yoast.com\/wordpress\/plugins\/seo\/ -->\n<title>China AMPS Manufacturer \uff06 15214-89-8 Supplier - Longchang chemical Co., Ltd.<\/title>\n<meta name=\"description\" content=\"Longchang Chemical is a leading manufacturer and supplier of 2-Acrylamido-2-Methylpropane Sulfonic Acid in China. Buy AMPS in china. We can provide the best AMPS price.\" \/>\n<meta name=\"robots\" content=\"index, follow, max-snippet:-1, max-image-preview:large, max-video-preview:-1\" \/>\n<link rel=\"canonical\" href=\"https:\/\/longchangchemical.com\/fr\/product\/amps-cas-15214-89-8\/\" \/>\n<meta property=\"og:locale\" content=\"fr_FR\" \/>\n<meta property=\"og:type\" content=\"article\" \/>\n<meta property=\"og:title\" content=\"China AMPS Manufacturer \uff06 15214-89-8 Supplier - Longchang chemical Co., Ltd.\" \/>\n<meta property=\"og:description\" content=\"Longchang Chemical is a leading manufacturer and supplier of 2-Acrylamido-2-Methylpropane Sulfonic Acid in China. Buy AMPS in china. We can provide the best AMPS price.\" \/>\n<meta property=\"og:url\" content=\"https:\/\/longchangchemical.com\/fr\/product\/amps-cas-15214-89-8\/\" \/>\n<meta property=\"og:site_name\" content=\"Longchang Chemical\" \/>\n<meta property=\"article:modified_time\" content=\"2021-04-19T01:08:01+00:00\" \/>\n<meta property=\"og:image\" content=\"https:\/\/longchangchemical.com\/wp-content\/uploads\/2021\/02\/AMPS-Appearance.jpg\" \/>\n\t<meta property=\"og:image:width\" content=\"600\" \/>\n\t<meta property=\"og:image:height\" content=\"800\" \/>\n\t<meta property=\"og:image:type\" content=\"image\/jpeg\" \/>\n<meta name=\"twitter:card\" content=\"summary_large_image\" \/>\n<script type=\"application\/ld+json\" class=\"yoast-schema-graph\">{\"@context\":\"https:\/\/schema.org\",\"@graph\":[{\"@type\":\"WebPage\",\"@id\":\"https:\/\/longchangchemical.com\/product\/amps-cas-15214-89-8\/\",\"url\":\"https:\/\/longchangchemical.com\/product\/amps-cas-15214-89-8\/\",\"name\":\"China AMPS Manufacturer \uff06 15214-89-8 Supplier - Longchang chemical Co., Ltd.\",\"isPartOf\":{\"@id\":\"https:\/\/longchangchemical.com\/#website\"},\"primaryImageOfPage\":{\"@id\":\"https:\/\/longchangchemical.com\/product\/amps-cas-15214-89-8\/#primaryimage\"},\"image\":{\"@id\":\"https:\/\/longchangchemical.com\/product\/amps-cas-15214-89-8\/#primaryimage\"},\"thumbnailUrl\":\"https:\/\/longchangchemical.com\/wp-content\/uploads\/2021\/02\/AMPS-Appearance.jpg\",\"datePublished\":\"2021-02-07T14:11:11+00:00\",\"dateModified\":\"2021-04-19T01:08:01+00:00\",\"description\":\"Longchang Chemical is a leading manufacturer and supplier of 2-Acrylamido-2-Methylpropane Sulfonic Acid in China. Buy AMPS in china. We can provide the best AMPS price.\",\"breadcrumb\":{\"@id\":\"https:\/\/longchangchemical.com\/product\/amps-cas-15214-89-8\/#breadcrumb\"},\"inLanguage\":\"fr-FR\",\"potentialAction\":[{\"@type\":\"ReadAction\",\"target\":[\"https:\/\/longchangchemical.com\/product\/amps-cas-15214-89-8\/\"]}]},{\"@type\":\"ImageObject\",\"inLanguage\":\"fr-FR\",\"@id\":\"https:\/\/longchangchemical.com\/product\/amps-cas-15214-89-8\/#primaryimage\",\"url\":\"https:\/\/longchangchemical.com\/wp-content\/uploads\/2021\/02\/AMPS-Appearance.jpg\",\"contentUrl\":\"https:\/\/longchangchemical.com\/wp-content\/uploads\/2021\/02\/AMPS-Appearance.jpg\",\"width\":600,\"height\":800,\"caption\":\"AMPS Appearance\"},{\"@type\":\"BreadcrumbList\",\"@id\":\"https:\/\/longchangchemical.com\/product\/amps-cas-15214-89-8\/#breadcrumb\",\"itemListElement\":[{\"@type\":\"ListItem\",\"position\":1,\"name\":\"Home\",\"item\":\"https:\/\/longchangchemical.com\/\"},{\"@type\":\"ListItem\",\"position\":2,\"name\":\"Products Longchang\",\"item\":\"https:\/\/longchangchemical.com\/product\/\"},{\"@type\":\"ListItem\",\"position\":3,\"name\":\"2-Acrylamido-2-methylpropane sulfonic acid \/ AMPS CAS 15214-89-8\"}]},{\"@type\":\"WebSite\",\"@id\":\"https:\/\/longchangchemical.com\/#website\",\"url\":\"https:\/\/longchangchemical.com\/\",\"name\":\"Longchang Chemical\",\"description\":\"China chemical manufacturer \uff06 supplier\",\"publisher\":{\"@id\":\"https:\/\/longchangchemical.com\/#organization\"},\"potentialAction\":[{\"@type\":\"SearchAction\",\"target\":{\"@type\":\"EntryPoint\",\"urlTemplate\":\"https:\/\/longchangchemical.com\/?s={search_term_string}\"},\"query-input\":{\"@type\":\"PropertyValueSpecification\",\"valueRequired\":true,\"valueName\":\"search_term_string\"}}],\"inLanguage\":\"fr-FR\"},{\"@type\":\"Organization\",\"@id\":\"https:\/\/longchangchemical.com\/#organization\",\"name\":\"Longchang Chemical\",\"url\":\"https:\/\/longchangchemical.com\/\",\"logo\":{\"@type\":\"ImageObject\",\"inLanguage\":\"fr-FR\",\"@id\":\"https:\/\/longchangchemical.com\/#\/schema\/logo\/image\/\",\"url\":\"https:\/\/longchangchemical.com\/wp-content\/uploads\/2020\/08\/cropped-longchang-logo.png\",\"contentUrl\":\"https:\/\/longchangchemical.com\/wp-content\/uploads\/2020\/08\/cropped-longchang-logo.png\",\"width\":512,\"height\":512,\"caption\":\"Longchang Chemical\"},\"image\":{\"@id\":\"https:\/\/longchangchemical.com\/#\/schema\/logo\/image\/\"}}]}<\/script>\n<!-- \/ Yoast SEO plugin. -->","yoast_head_json":{"title":"Fabricant chinois d'AMPS \uff06 15214-89-8 Fournisseur - Longchang chemical Co.","description":"Longchang Chemical est un fabricant et fournisseur leader d'acide 2-acrylamido-2-m\u00e9thylpropane sulfonique en Chine. Acheter AMPS en Chine. Nous pouvons vous fournir le meilleur prix d'AMPS.","robots":{"index":"index","follow":"follow","max-snippet":"max-snippet:-1","max-image-preview":"max-image-preview:large","max-video-preview":"max-video-preview:-1"},"canonical":"https:\/\/longchangchemical.com\/fr\/product\/amps-cas-15214-89-8\/","og_locale":"fr_FR","og_type":"article","og_title":"China AMPS Manufacturer \uff06 15214-89-8 Supplier - Longchang chemical Co., Ltd.","og_description":"Longchang Chemical is a leading manufacturer and supplier of 2-Acrylamido-2-Methylpropane Sulfonic Acid in China. Buy AMPS in china. We can provide the best AMPS price.","og_url":"https:\/\/longchangchemical.com\/fr\/product\/amps-cas-15214-89-8\/","og_site_name":"Longchang Chemical","article_modified_time":"2021-04-19T01:08:01+00:00","og_image":[{"width":600,"height":800,"url":"https:\/\/longchangchemical.com\/wp-content\/uploads\/2021\/02\/AMPS-Appearance.jpg","type":"image\/jpeg"}],"twitter_card":"summary_large_image","schema":{"@context":"https:\/\/schema.org","@graph":[{"@type":"WebPage","@id":"https:\/\/longchangchemical.com\/product\/amps-cas-15214-89-8\/","url":"https:\/\/longchangchemical.com\/product\/amps-cas-15214-89-8\/","name":"Fabricant chinois d'AMPS \uff06 15214-89-8 Fournisseur - Longchang chemical Co.","isPartOf":{"@id":"https:\/\/longchangchemical.com\/#website"},"primaryImageOfPage":{"@id":"https:\/\/longchangchemical.com\/product\/amps-cas-15214-89-8\/#primaryimage"},"image":{"@id":"https:\/\/longchangchemical.com\/product\/amps-cas-15214-89-8\/#primaryimage"},"thumbnailUrl":"https:\/\/longchangchemical.com\/wp-content\/uploads\/2021\/02\/AMPS-Appearance.jpg","datePublished":"2021-02-07T14:11:11+00:00","dateModified":"2021-04-19T01:08:01+00:00","description":"Longchang Chemical est un fabricant et fournisseur leader d'acide 2-acrylamido-2-m\u00e9thylpropane sulfonique en Chine. Acheter AMPS en Chine. Nous pouvons vous fournir le meilleur prix d'AMPS.","breadcrumb":{"@id":"https:\/\/longchangchemical.com\/product\/amps-cas-15214-89-8\/#breadcrumb"},"inLanguage":"fr-FR","potentialAction":[{"@type":"ReadAction","target":["https:\/\/longchangchemical.com\/product\/amps-cas-15214-89-8\/"]}]},{"@type":"ImageObject","inLanguage":"fr-FR","@id":"https:\/\/longchangchemical.com\/product\/amps-cas-15214-89-8\/#primaryimage","url":"https:\/\/longchangchemical.com\/wp-content\/uploads\/2021\/02\/AMPS-Appearance.jpg","contentUrl":"https:\/\/longchangchemical.com\/wp-content\/uploads\/2021\/02\/AMPS-Appearance.jpg","width":600,"height":800,"caption":"AMPS Appearance"},{"@type":"BreadcrumbList","@id":"https:\/\/longchangchemical.com\/product\/amps-cas-15214-89-8\/#breadcrumb","itemListElement":[{"@type":"ListItem","position":1,"name":"Home","item":"https:\/\/longchangchemical.com\/"},{"@type":"ListItem","position":2,"name":"Products Longchang","item":"https:\/\/longchangchemical.com\/product\/"},{"@type":"ListItem","position":3,"name":"2-Acrylamido-2-methylpropane sulfonic acid \/ AMPS CAS 15214-89-8"}]},{"@type":"WebSite","@id":"https:\/\/longchangchemical.com\/#website","url":"https:\/\/longchangchemical.com\/","name":"Longchang Chemical","description":"Fabricant chinois de produits chimiques \uff06 fournisseur","publisher":{"@id":"https:\/\/longchangchemical.com\/#organization"},"potentialAction":[{"@type":"SearchAction","target":{"@type":"EntryPoint","urlTemplate":"https:\/\/longchangchemical.com\/?s={search_term_string}"},"query-input":{"@type":"PropertyValueSpecification","valueRequired":true,"valueName":"search_term_string"}}],"inLanguage":"fr-FR"},{"@type":"Organization","@id":"https:\/\/longchangchemical.com\/#organization","name":"Longchang Chemical","url":"https:\/\/longchangchemical.com\/","logo":{"@type":"ImageObject","inLanguage":"fr-FR","@id":"https:\/\/longchangchemical.com\/#\/schema\/logo\/image\/","url":"https:\/\/longchangchemical.com\/wp-content\/uploads\/2020\/08\/cropped-longchang-logo.png","contentUrl":"https:\/\/longchangchemical.com\/wp-content\/uploads\/2020\/08\/cropped-longchang-logo.png","width":512,"height":512,"caption":"Longchang Chemical"},"image":{"@id":"https:\/\/longchangchemical.com\/#\/schema\/logo\/image\/"}}]}},"_links":{"self":[{"href":"https:\/\/longchangchemical.com\/fr\/wp-json\/wp\/v2\/product\/4002","targetHints":{"allow":["GET"]}}],"collection":[{"href":"https:\/\/longchangchemical.com\/fr\/wp-json\/wp\/v2\/product"}],"about":[{"href":"https:\/\/longchangchemical.com\/fr\/wp-json\/wp\/v2\/types\/product"}],"replies":[{"embeddable":true,"href":"https:\/\/longchangchemical.com\/fr\/wp-json\/wp\/v2\/comments?post=4002"}],"wp:featuredmedia":[{"embeddable":true,"href":"https:\/\/longchangchemical.com\/fr\/wp-json\/wp\/v2\/media\/4352"}],"wp:attachment":[{"href":"https:\/\/longchangchemical.com\/fr\/wp-json\/wp\/v2\/media?parent=4002"}],"wp:term":[{"taxonomy":"product_brand","embeddable":true,"href":"https:\/\/longchangchemical.com\/fr\/wp-json\/wp\/v2\/product_brand?post=4002"},{"taxonomy":"product_cat","embeddable":true,"href":"https:\/\/longchangchemical.com\/fr\/wp-json\/wp\/v2\/product_cat?post=4002"},{"taxonomy":"product_tag","embeddable":true,"href":"https:\/\/longchangchemical.com\/fr\/wp-json\/wp\/v2\/product_tag?post=4002"}],"curies":[{"name":"wp","href":"https:\/\/api.w.org\/{rel}","templated":true}]}}