{"id":3992,"date":"2024-03-04T02:57:49","date_gmt":"2024-03-04T02:57:49","guid":{"rendered":"https:\/\/longchangchemical.com\/?post_type=product&#038;p=3992"},"modified":"2026-01-12T09:27:16","modified_gmt":"2026-01-12T09:27:16","slug":"dmc-cas-5039-78-1","status":"publish","type":"product","link":"https:\/\/longchangchemical.com\/fr\/product\/dmc-cas-5039-78-1\/","title":{"rendered":"Chlorure de m\u00e9thacrylato\u00e9thyl trim\u00e9thyl ammonium \/ DMC CAS 5039-78-1"},"content":{"rendered":"<h1><strong>Chlorure de m\u00e9thacrylato\u00e9thyl trim\u00e9thyl ammonium \/ DMC CAS 5039-78-1<\/strong><\/h1>\n<table class=\"table-1\" cellspacing=\"0\">\n<tbody>\n<tr>\n<td>Articles<\/td>\n<td>Sp\u00e9cifications<\/td>\n<\/tr>\n<tr>\n<td>Apparence<\/td>\n<td>Liquide incolore<\/td>\n<\/tr>\n<tr>\n<td>Essai (GC)%<\/td>\n<td>\u226578<\/td>\n<\/tr>\n<tr>\n<td>ACIDIT\u00c9 (mg KOH\/g) %<\/td>\n<td>\u22640. 2<\/td>\n<\/tr>\n<tr>\n<td>CHROMA(PT-CO)<\/td>\n<td>\u2264100<\/td>\n<\/tr>\n<\/tbody>\n<\/table>\n<p><strong>Chlorure de m\u00e9thacrylato\u00e9thyl trim\u00e9thyl ammonium Utilisation<\/strong><\/p>\n<p>1. Le chlorure de m\u00e9thacryloyloxy\u00e9thyltrim\u00e9thylammonium est un monom\u00e8re cationique, et le polym\u00e8re obtenu par sa r\u00e9action pr\u00e9sente une forte polarit\u00e9 et une grande affinit\u00e9 pour les substances anioniques, de sorte qu'il peut \u00eatre largement utilis\u00e9 comme floculant cationique. Par exemple, l'acrylamide (AM) et le chlorure de m\u00e9thacryloyloxy\u00e9thyltrim\u00e9thylammonium (DMC) sont utilis\u00e9s comme mati\u00e8res premi\u00e8res, et le polyacrylamide cationique P (AM-DMC) peut \u00eatre synth\u00e9tis\u00e9 par polym\u00e9risation en solution aqueuse sous l'effet de l'irradiation par des lampes aux halog\u00e9nures m\u00e9talliques et des initiateurs. Il peut \u00eatre utilis\u00e9 dans le processus de d\u00e9shydratation des boues des stations d'\u00e9puration et dans le traitement des eaux us\u00e9es de la papeterie, de la flottation du charbon, de l'imprimerie, des colorants et d'autres industries.<\/p>\n<p>2. En outre, le DMC peut \u00eatre utilis\u00e9 pour produire des r\u00e9sines \u00e0 haut pouvoir absorbant r\u00e9sistantes aux acides et des produits polym\u00e8res fins tels que des produits chimiques pour les champs p\u00e9trolif\u00e8res et des additifs pour fibres.<\/p>\n<p>3. le chlorure de m\u00e9thacryloyloxy\u00e9thyl trim\u00e9thyl ammonium peut \u00eatre utilis\u00e9 pour la modification des greffes de soie. Les tissus en fibres de soie sont agr\u00e9ables \u00e0 porter, ont un lustre doux, un excellent toucher et d'autres performances excellentes ; ils sont depuis longtemps appr\u00e9ci\u00e9s par les gens et constituent des mat\u00e9riaux textiles de luxe de haute qualit\u00e9. Cependant, il pr\u00e9sente \u00e9galement de nombreux d\u00e9fauts, tels que la facilit\u00e9 \u00e0 jaunir, la facilit\u00e9 \u00e0 s'empiler, la faible \u00e9lasticit\u00e9 \u00e0 l'\u00e9tat humide, etc. Sur la base d'un grand nombre de m\u00e9thodes de modification de la soie par greffage utilis\u00e9es dans le pays et \u00e0 l'\u00e9tranger, nous adoptons des m\u00e9thodes d'initiation chimique, d'initiation par plasma et d'initiation par irradiation pour la copolym\u00e9risation par greffage afin de modifier la soie. Le compos\u00e9 monom\u00e8re cationique d'ammonium quaternaire, le chlorure de m\u00e9thacryloyloxy\u00e9thyltrim\u00e9thylammonium, qui a une efficacit\u00e9 antimicrobienne, a \u00e9t\u00e9 utilis\u00e9 comme agent de finition modifi\u00e9, et de meilleures conditions de greffage ont \u00e9t\u00e9 obtenues, et le processus de greffage a \u00e9t\u00e9 optimis\u00e9. Les performances de la soie modifi\u00e9e ont \u00e9t\u00e9 grandement am\u00e9lior\u00e9es et l'effet antimicrobien \u00e9tait \u00e9vident, ce qui rev\u00eat une importance pratique pour l'expansion de la recherche sur la modification et la production r\u00e9elle de la soie.<\/p>\n<p>4. Le chlorure de m\u00e9thacryloyloxy\u00e9thyltrim\u00e9thylammonium utilis\u00e9 comme gel de pl\u00e2tre pr\u00e9sente une excellente adh\u00e9rence, une bonne compatibilit\u00e9 avec le m\u00e9dicament actif brisketan et un bon comportement de lib\u00e9ration lente du m\u00e9dicament, ce qui ouvre de vastes perspectives d'application.<\/p>\n<p>5 Pr\u00e9paration d'un adsorbant de colorant anionique. Acrylamide, chlorure de m\u00e9thacryloyloxy\u00e9thyl trim\u00e9thyl ammonium comme monom\u00e8re de polym\u00e9risation, argile pouzzolanique comme charge inorganique, en pr\u00e9sence d'agents de r\u00e9ticulation et d'initiateurs dans les conditions de la polym\u00e9risation par radical libre. Cette m\u00e9thode r\u00e9gule la formation du polym\u00e8re et sa structure de r\u00e9seau spatial gr\u00e2ce \u00e0 la structure sp\u00e9ciale de la surface de l'argile pouzzolanique, augmentant ainsi l'\u00e9cart entre les mol\u00e9cules d'adsorption efficaces et am\u00e9liorant la performance d'adsorption.<\/p>\n<p><strong>Chlorure de m\u00e9thacrylato\u00e9thyl trim\u00e9thyl ammonium Emballage et exp\u00e9dition<\/strong><\/p>\n<p>Emballage : 200kg\/tambour<\/p>\n<p><strong>Chlorure de m\u00e9thacrylato\u00e9thyle trim\u00e9thyle ammonium Stockage<\/strong><\/p>\n<p>Conserv\u00e9 dans un r\u00e9cipient frais, sec et herm\u00e9tique<\/p>\n<h2><strong><b>Contactez-nous d\u00e8s maintenant !<\/b><\/strong><\/h2>\n<h4><strong><b>Si vous avez besoin de Price, veuillez indiquer vos coordonn\u00e9es dans le formulaire ci-dessous. Nous vous contacterons g\u00e9n\u00e9ralement dans les 24 heures. Vous pouvez \u00e9galement m'envoyer un courriel\u00a0<span style=\"color: #00ccff;\"><a style=\"color: #00ccff;\" href=\"mailto:info@longchangchemical.com\">info@longchangchemical.com<\/a>\u00a0<\/span>pendant les heures de travail ( 8:30 am to 6:00 pm UTC+8 Mon.~Sat. ) ou utilisez le chat en direct du site web pour obtenir une r\u00e9ponse rapide.<\/b><\/strong><\/h4>","protected":false},"excerpt":{"rendered":"<p>Nom chimique:Chlorure de m\u00e9thacrylato\u00e9thyl trim\u00e9thyl ammonium<\/p>\n<p>Num\u00e9ro CAS : 5039-78-1<\/p>\n<p>Formule mol\u00e9culaire : C9H18ClNO2<\/p>\n<p>Poids mol\u00e9culaire : 207,7<\/p>\n<p>Structure mol\u00e9culaire :<img decoding=\"async\" title=\"Structure du chlorure de m\u00e9thacrylato\u00e9thyl trim\u00e9thyl ammonium\" src=\"https:\/\/www.longchangchemical.com\/wp-content\/uploads\/product-details\/20200611028305.png\" alt=\"Structure du chlorure de m\u00e9thacrylato\u00e9thyl trim\u00e9thyl ammonium\" width=\"180\" height=\"97\" border=\"0\" vspace=\"0\" \/><\/p>\n<p>Aspect : Liquide incolore<\/p>\n<p>Dosage : \u226578%<\/p>","protected":false},"featured_media":0,"comment_status":"open","ping_status":"closed","template":"","meta":[],"product_brand":[],"product_cat":[109],"product_tag":[],"class_list":{"0":"post-3992","1":"product","2":"type-product","3":"status-publish","5":"product_cat-water-treatment","7":"first","8":"instock","9":"shipping-taxable","10":"product-type-simple"},"yoast_head":"<!-- This site is optimized with the Yoast SEO plugin v25.3.1 - https:\/\/yoast.com\/wordpress\/plugins\/seo\/ -->\n<title>China Methacrylatoethyl trimethyl ammonium chloride Manufacturer and CAS 5039-78-1 -Longchang Chemical<\/title>\n<meta name=\"description\" content=\"Methacrylatoethyl trimethyl ammonium chloride can be used in the preparation of flocculants for sludge dewatering, flocculants or dispersants for papermaking, Fibre colourants, pigment dispersants and conductive coatings and is the key product of Longchang Chemical. We are the leading manufacturer and supplier in China with the best quanlity and competitive price.\" \/>\n<meta name=\"robots\" content=\"index, follow, max-snippet:-1, max-image-preview:large, max-video-preview:-1\" \/>\n<link rel=\"canonical\" href=\"https:\/\/longchangchemical.com\/fr\/product\/dmc-cas-5039-78-1\/\" \/>\n<meta property=\"og:locale\" content=\"fr_FR\" \/>\n<meta property=\"og:type\" content=\"article\" \/>\n<meta property=\"og:title\" content=\"China Methacrylatoethyl trimethyl ammonium chloride Manufacturer and CAS 5039-78-1 -Longchang Chemical\" \/>\n<meta property=\"og:description\" content=\"Methacrylatoethyl trimethyl ammonium chloride can be used in the preparation of flocculants for sludge dewatering, flocculants or dispersants for papermaking, Fibre colourants, pigment dispersants and conductive coatings and is the key product of Longchang Chemical. We are the leading manufacturer and supplier in China with the best quanlity and competitive price.\" \/>\n<meta property=\"og:url\" content=\"https:\/\/longchangchemical.com\/fr\/product\/dmc-cas-5039-78-1\/\" \/>\n<meta property=\"og:site_name\" content=\"Longchang Chemical\" \/>\n<meta property=\"article:modified_time\" content=\"2026-01-12T09:27:16+00:00\" \/>\n<meta property=\"og:image\" content=\"https:\/\/longchangchemical.com\/wp-content\/uploads\/2024\/02\/logo-jpeg.jpg\" \/>\n\t<meta property=\"og:image:width\" content=\"1000\" \/>\n\t<meta property=\"og:image:height\" content=\"1000\" \/>\n\t<meta property=\"og:image:type\" content=\"image\/jpeg\" \/>\n<meta name=\"twitter:card\" content=\"summary_large_image\" \/>\n<script type=\"application\/ld+json\" class=\"yoast-schema-graph\">{\"@context\":\"https:\/\/schema.org\",\"@graph\":[{\"@type\":\"WebPage\",\"@id\":\"https:\/\/longchangchemical.com\/product\/dmc-cas-5039-78-1\/\",\"url\":\"https:\/\/longchangchemical.com\/product\/dmc-cas-5039-78-1\/\",\"name\":\"China Methacrylatoethyl trimethyl ammonium chloride Manufacturer and CAS 5039-78-1 -Longchang Chemical\",\"isPartOf\":{\"@id\":\"https:\/\/longchangchemical.com\/#website\"},\"datePublished\":\"2024-03-04T02:57:49+00:00\",\"dateModified\":\"2026-01-12T09:27:16+00:00\",\"description\":\"Methacrylatoethyl trimethyl ammonium chloride can be used in the preparation of flocculants for sludge dewatering, flocculants or dispersants for papermaking, Fibre colourants, pigment dispersants and conductive coatings and is the key product of Longchang Chemical. We are the leading manufacturer and supplier in China with the best quanlity and competitive price.\",\"breadcrumb\":{\"@id\":\"https:\/\/longchangchemical.com\/product\/dmc-cas-5039-78-1\/#breadcrumb\"},\"inLanguage\":\"fr-FR\",\"potentialAction\":[{\"@type\":\"ReadAction\",\"target\":[\"https:\/\/longchangchemical.com\/product\/dmc-cas-5039-78-1\/\"]}]},{\"@type\":\"BreadcrumbList\",\"@id\":\"https:\/\/longchangchemical.com\/product\/dmc-cas-5039-78-1\/#breadcrumb\",\"itemListElement\":[{\"@type\":\"ListItem\",\"position\":1,\"name\":\"Home\",\"item\":\"https:\/\/longchangchemical.com\/\"},{\"@type\":\"ListItem\",\"position\":2,\"name\":\"Products Longchang\",\"item\":\"https:\/\/longchangchemical.com\/product\/\"},{\"@type\":\"ListItem\",\"position\":3,\"name\":\"Methacrylatoethyl trimethyl ammonium chloride \/ DMC CAS 5039-78-1\"}]},{\"@type\":\"WebSite\",\"@id\":\"https:\/\/longchangchemical.com\/#website\",\"url\":\"https:\/\/longchangchemical.com\/\",\"name\":\"Longchang Chemical\",\"description\":\"China chemical manufacturer \uff06 supplier\",\"publisher\":{\"@id\":\"https:\/\/longchangchemical.com\/#organization\"},\"potentialAction\":[{\"@type\":\"SearchAction\",\"target\":{\"@type\":\"EntryPoint\",\"urlTemplate\":\"https:\/\/longchangchemical.com\/?s={search_term_string}\"},\"query-input\":{\"@type\":\"PropertyValueSpecification\",\"valueRequired\":true,\"valueName\":\"search_term_string\"}}],\"inLanguage\":\"fr-FR\"},{\"@type\":\"Organization\",\"@id\":\"https:\/\/longchangchemical.com\/#organization\",\"name\":\"Longchang Chemical\",\"url\":\"https:\/\/longchangchemical.com\/\",\"logo\":{\"@type\":\"ImageObject\",\"inLanguage\":\"fr-FR\",\"@id\":\"https:\/\/longchangchemical.com\/#\/schema\/logo\/image\/\",\"url\":\"https:\/\/longchangchemical.com\/wp-content\/uploads\/2020\/08\/cropped-longchang-logo.png\",\"contentUrl\":\"https:\/\/longchangchemical.com\/wp-content\/uploads\/2020\/08\/cropped-longchang-logo.png\",\"width\":512,\"height\":512,\"caption\":\"Longchang Chemical\"},\"image\":{\"@id\":\"https:\/\/longchangchemical.com\/#\/schema\/logo\/image\/\"}}]}<\/script>\n<!-- \/ Yoast SEO plugin. -->","yoast_head_json":{"title":"Chlorure de m\u00e9thacrylato\u00e9thyl trim\u00e9thyl ammonium fabricant chinois et CAS 5039-78-1 -Longchang Chemical","description":"Le chlorure de m\u00e9thacrylato\u00e9thyl trim\u00e9thyl ammonium peut \u00eatre utilis\u00e9 dans la pr\u00e9paration de floculants pour la d\u00e9shydratation des boues, de floculants ou de dispersants pour la fabrication du papier, de colorants pour fibres, de dispersants de pigments et de rev\u00eatements conducteurs. Il s'agit du produit cl\u00e9 de Longchang Chemical. Nous sommes le principal fabricant et fournisseur en Chine avec la meilleure qualit\u00e9 et des prix comp\u00e9titifs.","robots":{"index":"index","follow":"follow","max-snippet":"max-snippet:-1","max-image-preview":"max-image-preview:large","max-video-preview":"max-video-preview:-1"},"canonical":"https:\/\/longchangchemical.com\/fr\/product\/dmc-cas-5039-78-1\/","og_locale":"fr_FR","og_type":"article","og_title":"China Methacrylatoethyl trimethyl ammonium chloride Manufacturer and CAS 5039-78-1 -Longchang Chemical","og_description":"Methacrylatoethyl trimethyl ammonium chloride can be used in the preparation of flocculants for sludge dewatering, flocculants or dispersants for papermaking, Fibre colourants, pigment dispersants and conductive coatings and is the key product of Longchang Chemical. We are the leading manufacturer and supplier in China with the best quanlity and competitive price.","og_url":"https:\/\/longchangchemical.com\/fr\/product\/dmc-cas-5039-78-1\/","og_site_name":"Longchang Chemical","article_modified_time":"2026-01-12T09:27:16+00:00","og_image":[{"width":1000,"height":1000,"url":"https:\/\/longchangchemical.com\/wp-content\/uploads\/2024\/02\/logo-jpeg.jpg","type":"image\/jpeg"}],"twitter_card":"summary_large_image","schema":{"@context":"https:\/\/schema.org","@graph":[{"@type":"WebPage","@id":"https:\/\/longchangchemical.com\/product\/dmc-cas-5039-78-1\/","url":"https:\/\/longchangchemical.com\/product\/dmc-cas-5039-78-1\/","name":"Chlorure de m\u00e9thacrylato\u00e9thyl trim\u00e9thyl ammonium fabricant chinois et CAS 5039-78-1 -Longchang Chemical","isPartOf":{"@id":"https:\/\/longchangchemical.com\/#website"},"datePublished":"2024-03-04T02:57:49+00:00","dateModified":"2026-01-12T09:27:16+00:00","description":"Le chlorure de m\u00e9thacrylato\u00e9thyl trim\u00e9thyl ammonium peut \u00eatre utilis\u00e9 dans la pr\u00e9paration de floculants pour la d\u00e9shydratation des boues, de floculants ou de dispersants pour la fabrication du papier, de colorants pour fibres, de dispersants de pigments et de rev\u00eatements conducteurs. Il s'agit du produit cl\u00e9 de Longchang Chemical. Nous sommes le principal fabricant et fournisseur en Chine avec la meilleure qualit\u00e9 et des prix comp\u00e9titifs.","breadcrumb":{"@id":"https:\/\/longchangchemical.com\/product\/dmc-cas-5039-78-1\/#breadcrumb"},"inLanguage":"fr-FR","potentialAction":[{"@type":"ReadAction","target":["https:\/\/longchangchemical.com\/product\/dmc-cas-5039-78-1\/"]}]},{"@type":"BreadcrumbList","@id":"https:\/\/longchangchemical.com\/product\/dmc-cas-5039-78-1\/#breadcrumb","itemListElement":[{"@type":"ListItem","position":1,"name":"Home","item":"https:\/\/longchangchemical.com\/"},{"@type":"ListItem","position":2,"name":"Products Longchang","item":"https:\/\/longchangchemical.com\/product\/"},{"@type":"ListItem","position":3,"name":"Methacrylatoethyl trimethyl ammonium chloride \/ DMC CAS 5039-78-1"}]},{"@type":"WebSite","@id":"https:\/\/longchangchemical.com\/#website","url":"https:\/\/longchangchemical.com\/","name":"Longchang Chemical","description":"Fabricant chinois de produits chimiques \uff06 fournisseur","publisher":{"@id":"https:\/\/longchangchemical.com\/#organization"},"potentialAction":[{"@type":"SearchAction","target":{"@type":"EntryPoint","urlTemplate":"https:\/\/longchangchemical.com\/?s={search_term_string}"},"query-input":{"@type":"PropertyValueSpecification","valueRequired":true,"valueName":"search_term_string"}}],"inLanguage":"fr-FR"},{"@type":"Organization","@id":"https:\/\/longchangchemical.com\/#organization","name":"Longchang Chemical","url":"https:\/\/longchangchemical.com\/","logo":{"@type":"ImageObject","inLanguage":"fr-FR","@id":"https:\/\/longchangchemical.com\/#\/schema\/logo\/image\/","url":"https:\/\/longchangchemical.com\/wp-content\/uploads\/2020\/08\/cropped-longchang-logo.png","contentUrl":"https:\/\/longchangchemical.com\/wp-content\/uploads\/2020\/08\/cropped-longchang-logo.png","width":512,"height":512,"caption":"Longchang Chemical"},"image":{"@id":"https:\/\/longchangchemical.com\/#\/schema\/logo\/image\/"}}]}},"_links":{"self":[{"href":"https:\/\/longchangchemical.com\/fr\/wp-json\/wp\/v2\/product\/3992","targetHints":{"allow":["GET"]}}],"collection":[{"href":"https:\/\/longchangchemical.com\/fr\/wp-json\/wp\/v2\/product"}],"about":[{"href":"https:\/\/longchangchemical.com\/fr\/wp-json\/wp\/v2\/types\/product"}],"replies":[{"embeddable":true,"href":"https:\/\/longchangchemical.com\/fr\/wp-json\/wp\/v2\/comments?post=3992"}],"wp:attachment":[{"href":"https:\/\/longchangchemical.com\/fr\/wp-json\/wp\/v2\/media?parent=3992"}],"wp:term":[{"taxonomy":"product_brand","embeddable":true,"href":"https:\/\/longchangchemical.com\/fr\/wp-json\/wp\/v2\/product_brand?post=3992"},{"taxonomy":"product_cat","embeddable":true,"href":"https:\/\/longchangchemical.com\/fr\/wp-json\/wp\/v2\/product_cat?post=3992"},{"taxonomy":"product_tag","embeddable":true,"href":"https:\/\/longchangchemical.com\/fr\/wp-json\/wp\/v2\/product_tag?post=3992"}],"curies":[{"name":"wp","href":"https:\/\/api.w.org\/{rel}","templated":true}]}}