{"id":3919,"date":"2022-08-27T13:48:48","date_gmt":"2022-08-27T13:48:48","guid":{"rendered":"https:\/\/longchangchemical.com\/?post_type=product&#038;p=3919"},"modified":"2026-05-08T02:59:46","modified_gmt":"2026-05-08T02:59:46","slug":"sodium-p-styrenesulfonate-cas-2695-37-6","status":"publish","type":"product","link":"https:\/\/longchangchemical.com\/fr\/product\/sodium-p-styrenesulfonate-cas-2695-37-6\/","title":{"rendered":"p-styrenesulfonate de sodium CAS 2695-37-6"},"content":{"rendered":"<h2><strong>p-styrenesulfonate de sodium CAS 2695-37-6<\/strong><\/h2>\n<table class=\"table-1\" cellspacing=\"0\">\n<tbody>\n<tr>\n<td>Objet<\/td>\n<td>Standard<\/td>\n<td>R\u00e9sultats<\/td>\n<\/tr>\n<tr>\n<td>Apparence<\/td>\n<td colspan=\"2\">Granul\u00e9s ou poudre s'\u00e9coulant librement sans contamination visible<\/td>\n<\/tr>\n<tr>\n<td>Activit\u00e9 vinyle (comme SSS) %<\/td>\n<td>89~100<\/td>\n<td>93.1<\/td>\n<\/tr>\n<tr>\n<td>Eau %<\/td>\n<td>8~12<\/td>\n<td>10.5<\/td>\n<\/tr>\n<tr>\n<td>Couleur (1% APHA )(Hazen)<\/td>\n<td>\u226650<\/td>\n<td>15.0<\/td>\n<\/tr>\n<tr>\n<td>PH( 10% solution aqueuse )<\/td>\n<td>7.5~11<\/td>\n<td>9.4<\/td>\n<\/tr>\n<tr>\n<td>Mati\u00e8re filtrable %<\/td>\n<td>\u22660.06<\/td>\n<td>0.01<\/td>\n<\/tr>\n<tr>\n<td>Sulfate de sodium %<\/td>\n<td>\u22660.8<\/td>\n<td>0.11<\/td>\n<\/tr>\n<tr>\n<td>Halog\u00e9nures %<\/td>\n<td>\u22666<\/td>\n<td>1.4<\/td>\n<\/tr>\n<tr>\n<td>Absorption de la lumi\u00e8re \/cm \u00e0 600 nm<\/td>\n<td>\u22660.035<\/td>\n<td>0.005<\/td>\n<\/tr>\n<tr>\n<td>Fer ppm<\/td>\n<td>\u226615<\/td>\n<td>3<\/td>\n<\/tr>\n<\/tbody>\n<\/table>\n<p>&nbsp;<\/p>\n<h2><strong>Utilisation du p-styrenesulfonate de sodium<\/strong><\/h2>\n<p>1. utilis\u00e9 pour pr\u00e9parer des modificateurs de teinture pour les fibres polypropyl\u00e8nes et acryliques, des \u00e9mulsifiants r\u00e9actifs, des agents pr\u00e9ventifs charg\u00e9s tels que le nylon, le papier d'enregistrement, le polyester, la r\u00e9sine \u00e9changeuse de soufre, etc.<\/p>\n<p>2. utilis\u00e9 comme troisi\u00e8me monom\u00e8re pour la production de fibres acryliques.<\/p>\n<p>3. am\u00e9liorateurs de teinture (fibre de propyl\u00e8ne, polyester, fibre de polypropyl\u00e8ne, rayonne), \u00e9mulsifiants r\u00e9actifs, dislocations de polysulfure (membranes de dialyse, batteries, membranes de corps artificiels), agents pr\u00e9ventifs charg\u00e9s (nylon, papier d'enregistrement, polyester), r\u00e9sine d'\u00e9change de soufre (membrane), agents photor\u00e9alistes (micro-diaphragme), agent de brillance pour le placage.<\/p>\n<p>&nbsp;<\/p>\n<h2><strong>Emballage et exp\u00e9dition du p-styrenesulfonate de sodium<\/strong><\/h2>\n<p>Emballage : sac de 25 kg<\/p>\n<p>Livraison : par avion, par bateau<\/p>\n<p>&nbsp;<\/p>\n<h2><strong>Stockage de p-styrenesulfonate de sodium<\/strong><\/h2>\n<p>Stock\u00e9 dans un endroit frais et sec, \u00e0 l'abri de la lumi\u00e8re directe du soleil.<\/p>\n<h2><strong><b>Contactez-nous d\u00e8s maintenant !<\/b><\/strong><\/h2>\n<h4><strong><b>Si vous avez besoin de COA, MSDS ou TDS, veuillez remplir vos coordonn\u00e9es dans le formulaire ci-dessous, nous vous contacterons g\u00e9n\u00e9ralement dans les 24 heures. Vous pouvez \u00e9galement m'envoyer un courriel <span style=\"color: #0000ff;\"><a style=\"color: #0000ff;\" href=\"mailto:info@longchangchemical.com\">info@longchangchemical.com<\/a><\/span> pendant les heures de travail ( 8:30 am to 6:00 pm UTC+8 Mon.~Sat. ) ou utilisez le chat en direct du site web pour obtenir une r\u00e9ponse rapide.<\/b><\/strong><\/h4>","protected":false},"excerpt":{"rendered":"<p>Nom chimique : P-styrenesulfonate de sodium<br \/>\nNum\u00e9ro CAS : 2695-37-6<br \/>\nFormule mol\u00e9culaire:C8H7NaO3S<\/p>\n<p>Structure chimique :<img decoding=\"async\" title=\"Structure du p-styrenesulfonate de sodium\" src=\"https:\/\/www.longchangchemical.com\/wp-content\/uploads\/product-details\/20200616354375.png\" alt=\"Structure du p-styrenesulfonate de sodium\" width=\"215\" height=\"144\" border=\"0\" vspace=\"0\" \/><\/p>\n<p>Poids mol\u00e9culaire : 206,19<\/p>\n<p>Aspect : granul\u00e9s ou poudre s'\u00e9coulant librement sans contamination visible.<\/p>\n<p>Essai:90%<\/p>","protected":false},"featured_media":0,"comment_status":"open","ping_status":"closed","template":"","meta":[],"product_brand":[],"product_cat":[109],"product_tag":[],"class_list":{"0":"post-3919","1":"product","2":"type-product","3":"status-publish","5":"product_cat-water-treatment","7":"first","8":"instock","9":"shipping-taxable","10":"product-type-simple"},"yoast_head":"<!-- This site is optimized with the Yoast SEO plugin v25.3.1 - https:\/\/yoast.com\/wordpress\/plugins\/seo\/ -->\n<title>China sodium p-styrenesulfonate Manufacturer CAS 2695-37-6 supplier - Longchang Chemical<\/title>\n<meta name=\"description\" content=\"Longchang Chemical is China sodium p-styrenesulfonate Manufacturer CAS 2695-37-6 supplier.\" \/>\n<meta name=\"robots\" content=\"index, follow, max-snippet:-1, max-image-preview:large, max-video-preview:-1\" \/>\n<link rel=\"canonical\" href=\"https:\/\/longchangchemical.com\/fr\/product\/sodium-p-styrenesulfonate-cas-2695-37-6\/\" \/>\n<meta property=\"og:locale\" content=\"fr_FR\" \/>\n<meta property=\"og:type\" content=\"article\" \/>\n<meta property=\"og:title\" content=\"China sodium p-styrenesulfonate Manufacturer CAS 2695-37-6 supplier - Longchang Chemical\" \/>\n<meta property=\"og:description\" content=\"Longchang Chemical is China sodium p-styrenesulfonate Manufacturer CAS 2695-37-6 supplier.\" \/>\n<meta property=\"og:url\" content=\"https:\/\/longchangchemical.com\/fr\/product\/sodium-p-styrenesulfonate-cas-2695-37-6\/\" \/>\n<meta property=\"og:site_name\" content=\"Longchang Chemical\" \/>\n<meta property=\"article:modified_time\" content=\"2026-05-08T02:59:46+00:00\" \/>\n<meta property=\"og:image\" content=\"https:\/\/longchangchemical.com\/wp-content\/uploads\/2024\/02\/logo-jpeg.jpg\" \/>\n\t<meta property=\"og:image:width\" content=\"1000\" \/>\n\t<meta property=\"og:image:height\" content=\"1000\" \/>\n\t<meta property=\"og:image:type\" content=\"image\/jpeg\" \/>\n<meta name=\"twitter:card\" content=\"summary_large_image\" \/>\n<script type=\"application\/ld+json\" class=\"yoast-schema-graph\">{\"@context\":\"https:\/\/schema.org\",\"@graph\":[{\"@type\":\"WebPage\",\"@id\":\"https:\/\/longchangchemical.com\/product\/sodium-p-styrenesulfonate-cas-2695-37-6\/\",\"url\":\"https:\/\/longchangchemical.com\/product\/sodium-p-styrenesulfonate-cas-2695-37-6\/\",\"name\":\"China sodium p-styrenesulfonate Manufacturer CAS 2695-37-6 supplier - Longchang Chemical\",\"isPartOf\":{\"@id\":\"https:\/\/longchangchemical.com\/#website\"},\"datePublished\":\"2022-08-27T13:48:48+00:00\",\"dateModified\":\"2026-05-08T02:59:46+00:00\",\"description\":\"Longchang Chemical is China sodium p-styrenesulfonate Manufacturer CAS 2695-37-6 supplier.\",\"breadcrumb\":{\"@id\":\"https:\/\/longchangchemical.com\/product\/sodium-p-styrenesulfonate-cas-2695-37-6\/#breadcrumb\"},\"inLanguage\":\"fr-FR\",\"potentialAction\":[{\"@type\":\"ReadAction\",\"target\":[\"https:\/\/longchangchemical.com\/product\/sodium-p-styrenesulfonate-cas-2695-37-6\/\"]}]},{\"@type\":\"BreadcrumbList\",\"@id\":\"https:\/\/longchangchemical.com\/product\/sodium-p-styrenesulfonate-cas-2695-37-6\/#breadcrumb\",\"itemListElement\":[{\"@type\":\"ListItem\",\"position\":1,\"name\":\"Home\",\"item\":\"https:\/\/longchangchemical.com\/\"},{\"@type\":\"ListItem\",\"position\":2,\"name\":\"Products Longchang\",\"item\":\"https:\/\/longchangchemical.com\/product\/\"},{\"@type\":\"ListItem\",\"position\":3,\"name\":\"sodium p-styrenesulfonate CAS 2695-37-6\"}]},{\"@type\":\"WebSite\",\"@id\":\"https:\/\/longchangchemical.com\/#website\",\"url\":\"https:\/\/longchangchemical.com\/\",\"name\":\"Longchang Chemical\",\"description\":\"China chemical manufacturer \uff06 supplier\",\"publisher\":{\"@id\":\"https:\/\/longchangchemical.com\/#organization\"},\"potentialAction\":[{\"@type\":\"SearchAction\",\"target\":{\"@type\":\"EntryPoint\",\"urlTemplate\":\"https:\/\/longchangchemical.com\/?s={search_term_string}\"},\"query-input\":{\"@type\":\"PropertyValueSpecification\",\"valueRequired\":true,\"valueName\":\"search_term_string\"}}],\"inLanguage\":\"fr-FR\"},{\"@type\":\"Organization\",\"@id\":\"https:\/\/longchangchemical.com\/#organization\",\"name\":\"Longchang Chemical\",\"url\":\"https:\/\/longchangchemical.com\/\",\"logo\":{\"@type\":\"ImageObject\",\"inLanguage\":\"fr-FR\",\"@id\":\"https:\/\/longchangchemical.com\/#\/schema\/logo\/image\/\",\"url\":\"https:\/\/longchangchemical.com\/wp-content\/uploads\/2020\/08\/cropped-longchang-logo.png\",\"contentUrl\":\"https:\/\/longchangchemical.com\/wp-content\/uploads\/2020\/08\/cropped-longchang-logo.png\",\"width\":512,\"height\":512,\"caption\":\"Longchang Chemical\"},\"image\":{\"@id\":\"https:\/\/longchangchemical.com\/#\/schema\/logo\/image\/\"}}]}<\/script>\n<!-- \/ Yoast SEO plugin. -->","yoast_head_json":{"title":"Fournisseur chinois de p-styrenesulfonate de sodium CAS 2695-37-6 - Longchang Chemical","description":"Longchang Chemical est un fournisseur chinois de p-styrenesulfonate de sodium CAS 2695-37-6.","robots":{"index":"index","follow":"follow","max-snippet":"max-snippet:-1","max-image-preview":"max-image-preview:large","max-video-preview":"max-video-preview:-1"},"canonical":"https:\/\/longchangchemical.com\/fr\/product\/sodium-p-styrenesulfonate-cas-2695-37-6\/","og_locale":"fr_FR","og_type":"article","og_title":"China sodium p-styrenesulfonate Manufacturer CAS 2695-37-6 supplier - Longchang Chemical","og_description":"Longchang Chemical is China sodium p-styrenesulfonate Manufacturer CAS 2695-37-6 supplier.","og_url":"https:\/\/longchangchemical.com\/fr\/product\/sodium-p-styrenesulfonate-cas-2695-37-6\/","og_site_name":"Longchang Chemical","article_modified_time":"2026-05-08T02:59:46+00:00","og_image":[{"width":1000,"height":1000,"url":"https:\/\/longchangchemical.com\/wp-content\/uploads\/2024\/02\/logo-jpeg.jpg","type":"image\/jpeg"}],"twitter_card":"summary_large_image","schema":{"@context":"https:\/\/schema.org","@graph":[{"@type":"WebPage","@id":"https:\/\/longchangchemical.com\/product\/sodium-p-styrenesulfonate-cas-2695-37-6\/","url":"https:\/\/longchangchemical.com\/product\/sodium-p-styrenesulfonate-cas-2695-37-6\/","name":"Fournisseur chinois de p-styrenesulfonate de sodium CAS 2695-37-6 - Longchang Chemical","isPartOf":{"@id":"https:\/\/longchangchemical.com\/#website"},"datePublished":"2022-08-27T13:48:48+00:00","dateModified":"2026-05-08T02:59:46+00:00","description":"Longchang Chemical est un fournisseur chinois de p-styrenesulfonate de sodium CAS 2695-37-6.","breadcrumb":{"@id":"https:\/\/longchangchemical.com\/product\/sodium-p-styrenesulfonate-cas-2695-37-6\/#breadcrumb"},"inLanguage":"fr-FR","potentialAction":[{"@type":"ReadAction","target":["https:\/\/longchangchemical.com\/product\/sodium-p-styrenesulfonate-cas-2695-37-6\/"]}]},{"@type":"BreadcrumbList","@id":"https:\/\/longchangchemical.com\/product\/sodium-p-styrenesulfonate-cas-2695-37-6\/#breadcrumb","itemListElement":[{"@type":"ListItem","position":1,"name":"Home","item":"https:\/\/longchangchemical.com\/"},{"@type":"ListItem","position":2,"name":"Products Longchang","item":"https:\/\/longchangchemical.com\/product\/"},{"@type":"ListItem","position":3,"name":"sodium p-styrenesulfonate CAS 2695-37-6"}]},{"@type":"WebSite","@id":"https:\/\/longchangchemical.com\/#website","url":"https:\/\/longchangchemical.com\/","name":"Longchang Chemical","description":"Fabricant chinois de produits chimiques \uff06 fournisseur","publisher":{"@id":"https:\/\/longchangchemical.com\/#organization"},"potentialAction":[{"@type":"SearchAction","target":{"@type":"EntryPoint","urlTemplate":"https:\/\/longchangchemical.com\/?s={search_term_string}"},"query-input":{"@type":"PropertyValueSpecification","valueRequired":true,"valueName":"search_term_string"}}],"inLanguage":"fr-FR"},{"@type":"Organization","@id":"https:\/\/longchangchemical.com\/#organization","name":"Longchang Chemical","url":"https:\/\/longchangchemical.com\/","logo":{"@type":"ImageObject","inLanguage":"fr-FR","@id":"https:\/\/longchangchemical.com\/#\/schema\/logo\/image\/","url":"https:\/\/longchangchemical.com\/wp-content\/uploads\/2020\/08\/cropped-longchang-logo.png","contentUrl":"https:\/\/longchangchemical.com\/wp-content\/uploads\/2020\/08\/cropped-longchang-logo.png","width":512,"height":512,"caption":"Longchang Chemical"},"image":{"@id":"https:\/\/longchangchemical.com\/#\/schema\/logo\/image\/"}}]}},"_links":{"self":[{"href":"https:\/\/longchangchemical.com\/fr\/wp-json\/wp\/v2\/product\/3919","targetHints":{"allow":["GET"]}}],"collection":[{"href":"https:\/\/longchangchemical.com\/fr\/wp-json\/wp\/v2\/product"}],"about":[{"href":"https:\/\/longchangchemical.com\/fr\/wp-json\/wp\/v2\/types\/product"}],"replies":[{"embeddable":true,"href":"https:\/\/longchangchemical.com\/fr\/wp-json\/wp\/v2\/comments?post=3919"}],"wp:attachment":[{"href":"https:\/\/longchangchemical.com\/fr\/wp-json\/wp\/v2\/media?parent=3919"}],"wp:term":[{"taxonomy":"product_brand","embeddable":true,"href":"https:\/\/longchangchemical.com\/fr\/wp-json\/wp\/v2\/product_brand?post=3919"},{"taxonomy":"product_cat","embeddable":true,"href":"https:\/\/longchangchemical.com\/fr\/wp-json\/wp\/v2\/product_cat?post=3919"},{"taxonomy":"product_tag","embeddable":true,"href":"https:\/\/longchangchemical.com\/fr\/wp-json\/wp\/v2\/product_tag?post=3919"}],"curies":[{"name":"wp","href":"https:\/\/api.w.org\/{rel}","templated":true}]}}