{"id":3819,"date":"2022-12-07T13:39:00","date_gmt":"2022-12-07T13:39:00","guid":{"rendered":"https:\/\/longchangchemical.com\/?post_type=product&#038;p=3819"},"modified":"2026-01-12T04:15:55","modified_gmt":"2026-01-12T04:15:55","slug":"syncat-dmcha-cas-98-94-2","status":"publish","type":"product","link":"https:\/\/longchangchemical.com\/fr\/product\/syncat-dmcha-cas-98-94-2\/","title":{"rendered":"DMCHA (PC-8) \/ n,n-dim\u00e9thylcyclohexylamine CAS 98-94-2"},"content":{"rendered":"<h1><strong>DMCHA (PC-8) \/ n,n-dim\u00e9thylcyclohexylamine CAS 98-94-2<\/strong><\/h1>\n<table class=\"table-1\" cellspacing=\"0\">\n<tbody>\n<tr>\n<td>Objet<\/td>\n<td>Sp\u00e9cifications<\/td>\n<\/tr>\n<tr>\n<td>Apparence<\/td>\n<td>Liquide incolore<\/td>\n<\/tr>\n<tr>\n<td>Essai<\/td>\n<td>\u226599 %<\/td>\n<\/tr>\n<tr>\n<td>Humidit\u00e9<\/td>\n<td>\u22640.5%<\/td>\n<\/tr>\n<tr>\n<td>Densit\u00e9<\/td>\n<td>0,85 g\/cm\u00b3<\/td>\n<\/tr>\n<tr>\n<td>Point d'\u00e9clair<\/td>\n<td>38,00 \u00b0C \u00e0 1 013,25 hPa<\/td>\n<\/tr>\n<tr>\n<td>Log\/Pow<\/td>\n<td>2.01 @ 25 \u00b0C<\/td>\n<\/tr>\n<tr>\n<td>Solubilit\u00e9 dans l'eau<\/td>\n<td>10,5 g\/L \u00e0 25 \u00b0C<\/td>\n<\/tr>\n<tr>\n<td>Pression de vapeur<\/td>\n<td>2,90 hPa \u00e0 20 \u00b0C<\/td>\n<\/tr>\n<\/tbody>\n<\/table>\n<p>&nbsp;<\/p>\n<p><strong>N,N-Dim\u00e9thylcyclohexylamine Description<\/strong><\/p>\n<p>Le PC-8 est une amine tertiaire utilis\u00e9e principalement pour favoriser la r\u00e9action de l'ur\u00e9thane (polyol-isocyanate) dans une large gamme d'applications de mousses rigides.<\/p>\n<p>Conditionnement : 200L\/f\u00fbts.<\/p>\n<p>&nbsp;<\/p>\n<p><strong>N,N-Dim\u00e9thylcyclohexylamine Application<\/strong><\/p>\n<p>1. Le PC-8 est recommand\u00e9 pour une \u00e9valuation dans une large gamme de mousses rigides. L'une des principales applications est la mousse d'isolation, y compris les formulations de pulv\u00e9risation, de plaques, de panneaux stratifi\u00e9s et de r\u00e9frig\u00e9ration. Le NT CAT PC-8 est \u00e9galement utilis\u00e9 dans la fabrication de cadres de meubles en mousse rigide et de pi\u00e8ces d\u00e9coratives. Il peut \u00eatre m\u00e9lang\u00e9 avec le polyol ou dos\u00e9 s\u00e9par\u00e9ment.<\/p>\n<p>2. DMCHA peut \u00eatre utilis\u00e9 dans une large gamme de mousses rigides. L'une des principales applications est la mousse d'isolation, y compris les formulations pour les sprays, les plaques, les lamin\u00e9s et les chambres froides. La N,N-Dim\u00e9thylcyclohexylamine convient \u00e9galement \u00e0 la fabrication de cadres de meubles en mousse rigide et de pi\u00e8ces d\u00e9coratives. Le catalyseur utilis\u00e9 dans les produits en mousse rigide peut \u00eatre utilis\u00e9 comme catalyseur principal seul, sans ajout d'organo\u00e9tain, et il peut \u00e9galement \u00eatre compl\u00e9t\u00e9 par des catalyseurs de la s\u00e9rie JD en fonction des exigences du processus et du produit. Ce produit est \u00e9galement utilis\u00e9 comme interm\u00e9diaire pour les acc\u00e9l\u00e9rateurs de caoutchouc et les fibres synth\u00e9tiques.<\/p>\n<p>&nbsp;<\/p>\n<p><strong>N,N-Dim\u00e9thylcyclohexylamineStockage<\/strong><\/p>\n<p>Stocker dans un entrep\u00f4t frais et ventil\u00e9. Tenir \u00e0 l'\u00e9cart du feu et des sources de chaleur. Conserver le r\u00e9cipient ferm\u00e9.<\/p>\n<p>&nbsp;<\/p>\n<h2><strong><b>Contactez-nous d\u00e8s maintenant !<\/b><\/strong><\/h2>\n<h4><strong><b>Si vous avez besoin de COA, MSDS ou TDS, veuillez indiquer vos coordonn\u00e9es dans le formulaire ci-dessous. Nous vous contacterons g\u00e9n\u00e9ralement dans les 24 heures.<\/b><\/strong> Vous pouvez \u00e9galement m'envoyer un courriel <a href=\"mailto:info@longchangchemical.com\"><span style=\"color: #0000ff;\">info@longchangchemical.com<\/span><\/a> pendant les heures de travail ( 8:30 am to 6:00 pm UTC+8 Mon.~Sat. ) ou utilisez le chat en direct du site web pour obtenir une r\u00e9ponse rapide.<\/h4>","protected":false},"excerpt":{"rendered":"<p>Nom du produit : N,N-Dim\u00e9thylcyclohexylamine<\/p>\n<p>OtherName:DMCHA;POLYCAT 8;Dimethylcyclohexylamine;LupragenN101;TEGOAMIN DMCHA;JEFFCAT DMCHA;DABCO DMCHA;KAOLIZER 10;TOYOCAT DMCHA;NIAX C-8;KAOLIZER 10;PCCAT DMCHA;DESMORAPID 726-B;AminCat DMCHA<\/p>\n<p>Num\u00e9ro CAS : 98-94-2<\/p>\n<p>Formule mol\u00e9culaire : C8H17N<\/p>\n<p>Poids mol\u00e9culaire : 127,23<\/p>\n<p>N,N-Dim\u00e9thylcyclohexylamineStructure :<img decoding=\"async\" title=\"Structure de la N,N-Dim\u00e9thylcyclohexylamine\" src=\"https:\/\/www.longchangchemical.com\/wp-content\/uploads\/product-details\/20200611108565.png\" alt=\"Structure de la N,N-Dim\u00e9thylcyclohexylamine\" width=\"75\" height=\"41\" border=\"0\" vspace=\"0\" \/><\/p>\n<p>Aspect : Liquide incolore<\/p>\n<p>Dosage : \u226599 %<\/p>","protected":false},"featured_media":5918,"comment_status":"open","ping_status":"closed","template":"","meta":[],"product_brand":[],"product_cat":[119],"product_tag":[],"class_list":{"0":"post-3819","1":"product","2":"type-product","3":"status-publish","4":"has-post-thumbnail","6":"product_cat-synocat-polyurethane-catalyst","8":"first","9":"instock","10":"shipping-taxable","11":"product-type-simple"},"yoast_head":"<!-- This site is optimized with the Yoast SEO plugin v25.3.1 - https:\/\/yoast.com\/wordpress\/plugins\/seo\/ -->\n<title>PU Catalyst DMCHA \/N,N-Dimethylcyclohexylamine Manufacturer Cas 98-94-2 supplier - Longchang Chemical<\/title>\n<meta name=\"description\" content=\"DMCHA (REACH covered) can be used as PU Catalyst and is the key product of Longchang Chemical. We are the leading PU Catalyst manufacturer and supplier in China with the best quanlity and competitive price.\" \/>\n<meta name=\"robots\" content=\"index, follow, max-snippet:-1, max-image-preview:large, max-video-preview:-1\" \/>\n<link rel=\"canonical\" href=\"https:\/\/longchangchemical.com\/fr\/product\/syncat-dmcha-cas-98-94-2\/\" \/>\n<meta property=\"og:locale\" content=\"fr_FR\" \/>\n<meta property=\"og:type\" content=\"article\" \/>\n<meta property=\"og:title\" content=\"PU Catalyst DMCHA \/N,N-Dimethylcyclohexylamine Manufacturer Cas 98-94-2 supplier - Longchang Chemical\" \/>\n<meta property=\"og:description\" content=\"DMCHA (REACH covered) can be used as PU Catalyst and is the key product of Longchang Chemical. We are the leading PU Catalyst manufacturer and supplier in China with the best quanlity and competitive price.\" \/>\n<meta property=\"og:url\" content=\"https:\/\/longchangchemical.com\/fr\/product\/syncat-dmcha-cas-98-94-2\/\" \/>\n<meta property=\"og:site_name\" content=\"Longchang Chemical\" \/>\n<meta property=\"article:modified_time\" content=\"2026-01-12T04:15:55+00:00\" \/>\n<meta property=\"og:image\" content=\"https:\/\/longchangchemical.com\/wp-content\/uploads\/2022\/12\/Synocat\u00ae-DMCHA-PC-8-nn-dimethylcyclohexylamine-CAS-98-94-2.jpg\" \/>\n\t<meta property=\"og:image:width\" content=\"800\" \/>\n\t<meta property=\"og:image:height\" content=\"800\" \/>\n\t<meta property=\"og:image:type\" content=\"image\/jpeg\" \/>\n<meta name=\"twitter:card\" content=\"summary_large_image\" \/>\n<script type=\"application\/ld+json\" class=\"yoast-schema-graph\">{\"@context\":\"https:\/\/schema.org\",\"@graph\":[{\"@type\":\"WebPage\",\"@id\":\"https:\/\/longchangchemical.com\/product\/syncat-dmcha-cas-98-94-2\/\",\"url\":\"https:\/\/longchangchemical.com\/product\/syncat-dmcha-cas-98-94-2\/\",\"name\":\"PU Catalyst DMCHA \/N,N-Dimethylcyclohexylamine Manufacturer Cas 98-94-2 supplier - Longchang Chemical\",\"isPartOf\":{\"@id\":\"https:\/\/longchangchemical.com\/#website\"},\"primaryImageOfPage\":{\"@id\":\"https:\/\/longchangchemical.com\/product\/syncat-dmcha-cas-98-94-2\/#primaryimage\"},\"image\":{\"@id\":\"https:\/\/longchangchemical.com\/product\/syncat-dmcha-cas-98-94-2\/#primaryimage\"},\"thumbnailUrl\":\"https:\/\/longchangchemical.com\/wp-content\/uploads\/2022\/12\/Synocat\u00ae-DMCHA-PC-8-nn-dimethylcyclohexylamine-CAS-98-94-2.jpg\",\"datePublished\":\"2022-12-07T13:39:00+00:00\",\"dateModified\":\"2026-01-12T04:15:55+00:00\",\"description\":\"DMCHA (REACH covered) can be used as PU Catalyst and is the key product of Longchang Chemical. We are the leading PU Catalyst manufacturer and supplier in China with the best quanlity and competitive price.\",\"breadcrumb\":{\"@id\":\"https:\/\/longchangchemical.com\/product\/syncat-dmcha-cas-98-94-2\/#breadcrumb\"},\"inLanguage\":\"fr-FR\",\"potentialAction\":[{\"@type\":\"ReadAction\",\"target\":[\"https:\/\/longchangchemical.com\/product\/syncat-dmcha-cas-98-94-2\/\"]}]},{\"@type\":\"ImageObject\",\"inLanguage\":\"fr-FR\",\"@id\":\"https:\/\/longchangchemical.com\/product\/syncat-dmcha-cas-98-94-2\/#primaryimage\",\"url\":\"https:\/\/longchangchemical.com\/wp-content\/uploads\/2022\/12\/Synocat\u00ae-DMCHA-PC-8-nn-dimethylcyclohexylamine-CAS-98-94-2.jpg\",\"contentUrl\":\"https:\/\/longchangchemical.com\/wp-content\/uploads\/2022\/12\/Synocat\u00ae-DMCHA-PC-8-nn-dimethylcyclohexylamine-CAS-98-94-2.jpg\",\"width\":800,\"height\":800,\"caption\":\"DMCHA (PC-8) \/ n,n-dimethylcyclohexylamine CAS 98-94-2\"},{\"@type\":\"BreadcrumbList\",\"@id\":\"https:\/\/longchangchemical.com\/product\/syncat-dmcha-cas-98-94-2\/#breadcrumb\",\"itemListElement\":[{\"@type\":\"ListItem\",\"position\":1,\"name\":\"Home\",\"item\":\"https:\/\/longchangchemical.com\/\"},{\"@type\":\"ListItem\",\"position\":2,\"name\":\"Products Longchang\",\"item\":\"https:\/\/longchangchemical.com\/product\/\"},{\"@type\":\"ListItem\",\"position\":3,\"name\":\"DMCHA (PC-8) \/ n,n-dimethylcyclohexylamine CAS 98-94-2\"}]},{\"@type\":\"WebSite\",\"@id\":\"https:\/\/longchangchemical.com\/#website\",\"url\":\"https:\/\/longchangchemical.com\/\",\"name\":\"Longchang Chemical\",\"description\":\"China chemical manufacturer \uff06 supplier\",\"publisher\":{\"@id\":\"https:\/\/longchangchemical.com\/#organization\"},\"potentialAction\":[{\"@type\":\"SearchAction\",\"target\":{\"@type\":\"EntryPoint\",\"urlTemplate\":\"https:\/\/longchangchemical.com\/?s={search_term_string}\"},\"query-input\":{\"@type\":\"PropertyValueSpecification\",\"valueRequired\":true,\"valueName\":\"search_term_string\"}}],\"inLanguage\":\"fr-FR\"},{\"@type\":\"Organization\",\"@id\":\"https:\/\/longchangchemical.com\/#organization\",\"name\":\"Longchang Chemical\",\"url\":\"https:\/\/longchangchemical.com\/\",\"logo\":{\"@type\":\"ImageObject\",\"inLanguage\":\"fr-FR\",\"@id\":\"https:\/\/longchangchemical.com\/#\/schema\/logo\/image\/\",\"url\":\"https:\/\/longchangchemical.com\/wp-content\/uploads\/2020\/08\/cropped-longchang-logo.png\",\"contentUrl\":\"https:\/\/longchangchemical.com\/wp-content\/uploads\/2020\/08\/cropped-longchang-logo.png\",\"width\":512,\"height\":512,\"caption\":\"Longchang Chemical\"},\"image\":{\"@id\":\"https:\/\/longchangchemical.com\/#\/schema\/logo\/image\/\"}}]}<\/script>\n<!-- \/ Yoast SEO plugin. -->","yoast_head_json":{"title":"Catalyseur pour PU DMCHA \/N,N-Dim\u00e9thylcyclohexylamine Fabricant Cas 98-94-2 fournisseur - Longchang Chemical","description":"DMCHA (couvert par REACH) peut \u00eatre utilis\u00e9 comme catalyseur de PU et est le produit cl\u00e9 de Longchang Chemical. Nous sommes le principal fabricant et fournisseur de catalyseurs pour PU en Chine, avec la meilleure qualit\u00e9 et le prix le plus comp\u00e9titif.","robots":{"index":"index","follow":"follow","max-snippet":"max-snippet:-1","max-image-preview":"max-image-preview:large","max-video-preview":"max-video-preview:-1"},"canonical":"https:\/\/longchangchemical.com\/fr\/product\/syncat-dmcha-cas-98-94-2\/","og_locale":"fr_FR","og_type":"article","og_title":"PU Catalyst DMCHA \/N,N-Dimethylcyclohexylamine Manufacturer Cas 98-94-2 supplier - Longchang Chemical","og_description":"DMCHA (REACH covered) can be used as PU Catalyst and is the key product of Longchang Chemical. We are the leading PU Catalyst manufacturer and supplier in China with the best quanlity and competitive price.","og_url":"https:\/\/longchangchemical.com\/fr\/product\/syncat-dmcha-cas-98-94-2\/","og_site_name":"Longchang Chemical","article_modified_time":"2026-01-12T04:15:55+00:00","og_image":[{"width":800,"height":800,"url":"https:\/\/longchangchemical.com\/wp-content\/uploads\/2022\/12\/Synocat\u00ae-DMCHA-PC-8-nn-dimethylcyclohexylamine-CAS-98-94-2.jpg","type":"image\/jpeg"}],"twitter_card":"summary_large_image","schema":{"@context":"https:\/\/schema.org","@graph":[{"@type":"WebPage","@id":"https:\/\/longchangchemical.com\/product\/syncat-dmcha-cas-98-94-2\/","url":"https:\/\/longchangchemical.com\/product\/syncat-dmcha-cas-98-94-2\/","name":"Catalyseur pour PU DMCHA \/N,N-Dim\u00e9thylcyclohexylamine Fabricant Cas 98-94-2 fournisseur - Longchang Chemical","isPartOf":{"@id":"https:\/\/longchangchemical.com\/#website"},"primaryImageOfPage":{"@id":"https:\/\/longchangchemical.com\/product\/syncat-dmcha-cas-98-94-2\/#primaryimage"},"image":{"@id":"https:\/\/longchangchemical.com\/product\/syncat-dmcha-cas-98-94-2\/#primaryimage"},"thumbnailUrl":"https:\/\/longchangchemical.com\/wp-content\/uploads\/2022\/12\/Synocat\u00ae-DMCHA-PC-8-nn-dimethylcyclohexylamine-CAS-98-94-2.jpg","datePublished":"2022-12-07T13:39:00+00:00","dateModified":"2026-01-12T04:15:55+00:00","description":"DMCHA (couvert par REACH) peut \u00eatre utilis\u00e9 comme catalyseur de PU et est le produit cl\u00e9 de Longchang Chemical. Nous sommes le principal fabricant et fournisseur de catalyseurs pour PU en Chine, avec la meilleure qualit\u00e9 et le prix le plus comp\u00e9titif.","breadcrumb":{"@id":"https:\/\/longchangchemical.com\/product\/syncat-dmcha-cas-98-94-2\/#breadcrumb"},"inLanguage":"fr-FR","potentialAction":[{"@type":"ReadAction","target":["https:\/\/longchangchemical.com\/product\/syncat-dmcha-cas-98-94-2\/"]}]},{"@type":"ImageObject","inLanguage":"fr-FR","@id":"https:\/\/longchangchemical.com\/product\/syncat-dmcha-cas-98-94-2\/#primaryimage","url":"https:\/\/longchangchemical.com\/wp-content\/uploads\/2022\/12\/Synocat\u00ae-DMCHA-PC-8-nn-dimethylcyclohexylamine-CAS-98-94-2.jpg","contentUrl":"https:\/\/longchangchemical.com\/wp-content\/uploads\/2022\/12\/Synocat\u00ae-DMCHA-PC-8-nn-dimethylcyclohexylamine-CAS-98-94-2.jpg","width":800,"height":800,"caption":"DMCHA (PC-8) \/ n,n-dimethylcyclohexylamine CAS 98-94-2"},{"@type":"BreadcrumbList","@id":"https:\/\/longchangchemical.com\/product\/syncat-dmcha-cas-98-94-2\/#breadcrumb","itemListElement":[{"@type":"ListItem","position":1,"name":"Home","item":"https:\/\/longchangchemical.com\/"},{"@type":"ListItem","position":2,"name":"Products Longchang","item":"https:\/\/longchangchemical.com\/product\/"},{"@type":"ListItem","position":3,"name":"DMCHA (PC-8) \/ n,n-dimethylcyclohexylamine CAS 98-94-2"}]},{"@type":"WebSite","@id":"https:\/\/longchangchemical.com\/#website","url":"https:\/\/longchangchemical.com\/","name":"Longchang Chemical","description":"Fabricant chinois de produits chimiques \uff06 fournisseur","publisher":{"@id":"https:\/\/longchangchemical.com\/#organization"},"potentialAction":[{"@type":"SearchAction","target":{"@type":"EntryPoint","urlTemplate":"https:\/\/longchangchemical.com\/?s={search_term_string}"},"query-input":{"@type":"PropertyValueSpecification","valueRequired":true,"valueName":"search_term_string"}}],"inLanguage":"fr-FR"},{"@type":"Organization","@id":"https:\/\/longchangchemical.com\/#organization","name":"Longchang Chemical","url":"https:\/\/longchangchemical.com\/","logo":{"@type":"ImageObject","inLanguage":"fr-FR","@id":"https:\/\/longchangchemical.com\/#\/schema\/logo\/image\/","url":"https:\/\/longchangchemical.com\/wp-content\/uploads\/2020\/08\/cropped-longchang-logo.png","contentUrl":"https:\/\/longchangchemical.com\/wp-content\/uploads\/2020\/08\/cropped-longchang-logo.png","width":512,"height":512,"caption":"Longchang Chemical"},"image":{"@id":"https:\/\/longchangchemical.com\/#\/schema\/logo\/image\/"}}]}},"_links":{"self":[{"href":"https:\/\/longchangchemical.com\/fr\/wp-json\/wp\/v2\/product\/3819","targetHints":{"allow":["GET"]}}],"collection":[{"href":"https:\/\/longchangchemical.com\/fr\/wp-json\/wp\/v2\/product"}],"about":[{"href":"https:\/\/longchangchemical.com\/fr\/wp-json\/wp\/v2\/types\/product"}],"replies":[{"embeddable":true,"href":"https:\/\/longchangchemical.com\/fr\/wp-json\/wp\/v2\/comments?post=3819"}],"wp:featuredmedia":[{"embeddable":true,"href":"https:\/\/longchangchemical.com\/fr\/wp-json\/wp\/v2\/media\/5918"}],"wp:attachment":[{"href":"https:\/\/longchangchemical.com\/fr\/wp-json\/wp\/v2\/media?parent=3819"}],"wp:term":[{"taxonomy":"product_brand","embeddable":true,"href":"https:\/\/longchangchemical.com\/fr\/wp-json\/wp\/v2\/product_brand?post=3819"},{"taxonomy":"product_cat","embeddable":true,"href":"https:\/\/longchangchemical.com\/fr\/wp-json\/wp\/v2\/product_cat?post=3819"},{"taxonomy":"product_tag","embeddable":true,"href":"https:\/\/longchangchemical.com\/fr\/wp-json\/wp\/v2\/product_tag?post=3819"}],"curies":[{"name":"wp","href":"https:\/\/api.w.org\/{rel}","templated":true}]}}