{"id":3809,"date":"2021-03-31T07:28:35","date_gmt":"2021-03-31T07:28:35","guid":{"rendered":"https:\/\/longchangchemical.com\/?post_type=product&#038;p=3809"},"modified":"2025-12-23T02:17:14","modified_gmt":"2025-12-23T02:17:14","slug":"carbohydrazide-cas-497-18-7","status":"publish","type":"product","link":"https:\/\/longchangchemical.com\/fr\/product\/carbohydrazide-cas-497-18-7\/","title":{"rendered":"Carbohydrazide CAS 497-18-7"},"content":{"rendered":"<h1><strong>Carbohydrazide CAS 497-18-7<\/strong><\/h1>\n<p>&nbsp;<\/p>\n<table class=\"table-1\">\n<tbody>\n<tr>\n<td>\n<h4>Articles<\/h4>\n<\/td>\n<td>\n<h4>Standard<\/h4>\n<\/td>\n<\/tr>\n<tr>\n<td>\n<h4>Apparence<\/h4>\n<\/td>\n<td>\n<h4>Cristal blanc<\/h4>\n<\/td>\n<\/tr>\n<tr>\n<td>\n<h4>Puret\u00e9(%)<\/h4>\n<\/td>\n<td>\n<h4>99.91<\/h4>\n<\/td>\n<\/tr>\n<tr>\n<td>\n<h4>Humidit\u00e9(%)<\/h4>\n<\/td>\n<td>\n<h4>0.14<\/h4>\n<\/td>\n<\/tr>\n<tr>\n<td>\n<h4>M.P.(\u2103)<\/h4>\n<\/td>\n<td>\n<h4>154.2~154.9<\/h4>\n<\/td>\n<\/tr>\n<tr>\n<td>\n<h4>PH<\/h4>\n<\/td>\n<td>\n<h4>8.42<\/h4>\n<\/td>\n<\/tr>\n<tr>\n<td>\n<h4>HYDRAZINE LIBRE (mg\/l)<\/h4>\n<\/td>\n<td>\n<h4>468<\/h4>\n<\/td>\n<\/tr>\n<tr>\n<td>\n<h4>Conclusion<\/h4>\n<\/td>\n<td>\n<h4>Les r\u00e9sultats sont conformes aux normes de l'entreprise<\/h4>\n<\/td>\n<\/tr>\n<tr>\n<td>\n<h4>Articles<\/h4>\n<\/td>\n<td>\n<h4>Standard<\/h4>\n<\/td>\n<\/tr>\n<tr>\n<td>\n<h4>Apparence<\/h4>\n<\/td>\n<td>\n<h4>Cristal blanc<\/h4>\n<\/td>\n<\/tr>\n<\/tbody>\n<\/table>\n<h2><strong>Qu'est-ce que le carbohydrazide ?<\/strong><\/h2>\n<h4>Ce produit se pr\u00e9sente sous forme de cristaux colonnaires courts blancs ou de poudre cristalline blanche \u00e0 temp\u00e9rature ambiante, difficilement soluble dans l'\u00e9thanol, tr\u00e8s soluble dans l'eau, dissolution endothermique, insoluble dans l'alcool, l'\u00e9ther, le benz\u00e8ne, car c'est un d\u00e9riv\u00e9 de l'hydrazine, il est fortement r\u00e9ducteur, non toxique, il peut remplacer l'hydrate d'hydrazine et les oximes.<\/h4>\n<p>&nbsp;<\/p>\n<h2><strong>Application du carbo-hydrazide<\/strong><\/h2>\n<h4>1. Ce produit est largement utilis\u00e9 dans la production de m\u00e9dicaments, d'herbicides, de r\u00e9gulateurs de croissance des plantes, de colorants, etc.<br \/>\n2. Le carbo-hydrazide est un d\u00e9riv\u00e9 de l'hydrazine \u00e0 forte r\u00e9ductibilit\u00e9. Il peut \u00eatre utilis\u00e9 comme interm\u00e9diaire dans la fabrication de mat\u00e9riaux \u00e9nerg\u00e9tiques et peut \u00e9galement \u00eatre utilis\u00e9 directement comme composant d'explosifs et de propulseurs.<br \/>\n3. Ce produit peut \u00eatre utilis\u00e9 comme conservateur pour les \u00e9quipements de raffinage du p\u00e9trole et comme d\u00e9soxydant pour les agents de traitement de l'eau des chaudi\u00e8res.<br \/>\n4. Ce produit est utilis\u00e9 comme agent de r\u00e9ticulation pour les fibres \u00e9lastiques dans l'industrie des fibres chimiques.<br \/>\n5. En tant que mati\u00e8re premi\u00e8re chimique et produit chimique interm\u00e9diaire, ce produit est largement utilis\u00e9 dans la m\u00e9decine, les herbicides, les r\u00e9gulateurs de croissance des plantes, les colorants et d'autres industries.<\/h4>\n<p>&nbsp;<\/p>\n<h2><strong>CarbohydrazideEmballage et exp\u00e9dition<\/strong><\/h2>\n<h4>Tambours, 25kg \/50kg<\/h4>\n<p>&nbsp;<\/p>\n<h2><strong>Stockage du carbo-hydrazide<\/strong><\/h2>\n<h4>Conserver dans un endroit frais et sec, \u00e0 l'abri de la lumi\u00e8re.<\/h4>\n<p>&nbsp;<\/p>\n<h2><strong>Produits de la m\u00eame s\u00e9rie<\/strong><\/h2>\n<table style=\"border-collapse: collapse; width: 312.02pt;\" border=\"0\" width=\"416\" cellspacing=\"0\" cellpadding=\"0\">\n<tbody>\n<tr style=\"height: 54.00pt;\">\n<td class=\"et3\" style=\"height: 54.00pt; width: 201.75pt;\" width=\"269\" height=\"72\">\n<h4><a href=\"https:\/\/longchangchemical.com\/fr\/product\/cobalt-carbonate-cas-513-79-1\/\"><span style=\"color: #3366ff;\">Carbonate de cobalt<\/span><\/a><\/h4>\n<\/td>\n<td class=\"et3\" style=\"width: 110.25pt;\" width=\"147\">\n<h4><a href=\"https:\/\/longchangchemical.com\/fr\/product\/cobalt-carbonate-cas-513-79-1\/\"><span style=\"color: #3366ff;\">513-79-1<\/span><\/a><\/h4>\n<\/td>\n<\/tr>\n<tr style=\"height: 40.50pt;\">\n<td class=\"et4\" style=\"height: 40.50pt; width: 201.75pt;\" width=\"269\" height=\"54\">\n<h4><a href=\"https:\/\/longchangchemical.com\/fr\/product\/guanidine-carbonate-cas-593-85-1\/\"><span style=\"color: #3366ff;\">Carbonate de guanidine<\/span><\/a><\/h4>\n<\/td>\n<td class=\"et5\" style=\"width: 110.25pt;\" width=\"147\">\n<h4><a href=\"https:\/\/longchangchemical.com\/fr\/product\/guanidine-carbonate-cas-593-85-1\/\"><span style=\"color: #3366ff;\">593-85-1<\/span><\/a><\/h4>\n<\/td>\n<\/tr>\n<tr style=\"height: 40.50pt;\">\n<td class=\"et6\" style=\"height: 40.50pt; width: 201.75pt;\" width=\"269\" height=\"54\">\n<h4><a href=\"https:\/\/longchangchemical.com\/fr\/product\/manganese-carbonate-cas-598-62-9\/\"><span style=\"color: #3366ff;\">Carbonate de mangan\u00e8se<\/span><\/a><\/h4>\n<\/td>\n<td class=\"et6\" style=\"width: 110.25pt;\" width=\"147\">\n<h4><a href=\"https:\/\/longchangchemical.com\/fr\/product\/manganese-carbonate-cas-598-62-9\/\"><span style=\"color: #3366ff;\">598-62-9<\/span><\/a><\/h4>\n<\/td>\n<\/tr>\n<tr style=\"height: 40.50pt;\">\n<td class=\"et7\" style=\"height: 40.50pt;\" height=\"54\">\n<h4><a href=\"https:\/\/longchangchemical.com\/fr\/product\/ammonium-bicarbonate-cas-1066-33-7\/\"><span style=\"color: #3366ff;\">Bicarbonate d'ammonium<\/span><\/a><\/h4>\n<\/td>\n<td class=\"et7\">\n<h4><a href=\"https:\/\/longchangchemical.com\/fr\/product\/ammonium-bicarbonate-cas-1066-33-7\/\"><span style=\"color: #3366ff;\">1066-33-7<\/span><\/a><\/h4>\n<\/td>\n<\/tr>\n<tr style=\"height: 40.50pt;\">\n<td class=\"et4\" style=\"height: 40.50pt; width: 201.75pt;\" width=\"269\" height=\"54\">\n<h4><a href=\"https:\/\/longchangchemical.com\/fr\/product\/caesium-carbonate-cas-534-17-8\/\"><span style=\"color: #3366ff;\">Carbonate de c\u00e9sium<\/span><\/a><\/h4>\n<\/td>\n<td class=\"et4\" style=\"width: 110.25pt;\" width=\"147\">\n<h4><a href=\"https:\/\/longchangchemical.com\/fr\/product\/caesium-carbonate-cas-534-17-8\/\"><span style=\"color: #3366ff;\">534-17-8<\/span><\/a><\/h4>\n<\/td>\n<\/tr>\n<tr style=\"height: 40.50pt;\">\n<td class=\"et8\" style=\"height: 40.50pt; width: 201.75pt;\" width=\"269\" height=\"54\">\n<h4><a href=\"https:\/\/longchangchemical.com\/fr\/product\/strontium-carbonate-cas-1633-05-2\/\"><span style=\"color: #3366ff;\">Carbonate de strontium<\/span><\/a><\/h4>\n<\/td>\n<td class=\"et8\" style=\"width: 110.25pt;\" width=\"147\">\n<h4><a href=\"https:\/\/longchangchemical.com\/fr\/product\/strontium-carbonate-cas-1633-05-2\/\"><span style=\"color: #3366ff;\">1633-05-2<\/span><\/a><\/h4>\n<\/td>\n<\/tr>\n<tr style=\"height: 40.50pt;\">\n<td class=\"et4\" style=\"height: 40.50pt; width: 201.75pt;\" width=\"269\" height=\"54\">\n<h4>Carbohydrazide<\/h4>\n<\/td>\n<td class=\"et4\" style=\"width: 110.25pt;\" width=\"147\">\n<h4>497-18-7<\/h4>\n<\/td>\n<\/tr>\n<\/tbody>\n<\/table>\n<h2><\/h2>\n<h2><strong><b>Contactez-nous d\u00e8s maintenant !<\/b><\/strong><\/h2>\n<h4><strong><b>Nous fournissons des services personnalis\u00e9s, nous vous contacterons g\u00e9n\u00e9ralement dans les 24 heures. Vous pouvez \u00e9galement m'envoyer un courriel \u00e0 l'adresse info@longchangchemical.com pendant les heures de travail (de 8h30 \u00e0 18h00 UTC+8 du lundi au samedi) ou utiliser le chat en direct du site web pour obtenir une r\u00e9ponse rapide.<\/b><\/strong><\/h4>","protected":false},"excerpt":{"rendered":"<h4>Nom chimique : Carbohydrazide<\/h4>\n<h4>Num\u00e9ro CAS : 497-18-7<\/h4>\n<h4>Formule mol\u00e9culaire : CH6N4O<\/h4>\n<h4>Structure chimique :<img decoding=\"async\" title=\"image.png\" src=\"https:\/\/www.longchangchemical.com\/wp-content\/uploads\/product-details\/20200612059501.png\" alt=\"image.png\" \/><\/h4>\n<h4>Poids mol\u00e9culaire : 90,08<\/h4>\n<h4>Aspect : Cristal blanc<\/h4>\n<h4>Essai : 99.9%<\/h4>","protected":false},"featured_media":4444,"comment_status":"open","ping_status":"closed","template":"","meta":[],"product_brand":[],"product_cat":[69],"product_tag":[],"class_list":{"0":"post-3809","1":"product","2":"type-product","3":"status-publish","4":"has-post-thumbnail","6":"product_cat-catalysts-chemical-auxiliary-agents","8":"first","9":"instock","10":"shipping-taxable","11":"product-type-simple"},"yoast_head":"<!-- This site is optimized with the Yoast SEO plugin v25.3.1 - https:\/\/yoast.com\/wordpress\/plugins\/seo\/ -->\n<title>China Carbohydrazide Manufacturer \uff06 Supplier - Longchang chemical Co., Ltd.<\/title>\n<meta name=\"description\" content=\"Longchang Chemical is a leading manufacturer and supplier of Carbohydrazide in China. Buy Carbohydrazide in china. We can provide the best Carbohydrazide price.\" \/>\n<meta name=\"robots\" content=\"index, follow, max-snippet:-1, max-image-preview:large, max-video-preview:-1\" \/>\n<link rel=\"canonical\" href=\"https:\/\/longchangchemical.com\/fr\/product\/carbohydrazide-cas-497-18-7\/\" \/>\n<meta property=\"og:locale\" content=\"fr_FR\" \/>\n<meta property=\"og:type\" content=\"article\" \/>\n<meta property=\"og:title\" content=\"China Carbohydrazide Manufacturer \uff06 Supplier - Longchang chemical Co., Ltd.\" \/>\n<meta property=\"og:description\" content=\"Longchang Chemical is a leading manufacturer and supplier of Carbohydrazide in China. Buy Carbohydrazide in china. We can provide the best Carbohydrazide price.\" \/>\n<meta property=\"og:url\" content=\"https:\/\/longchangchemical.com\/fr\/product\/carbohydrazide-cas-497-18-7\/\" \/>\n<meta property=\"og:site_name\" content=\"Longchang Chemical\" \/>\n<meta property=\"article:modified_time\" content=\"2025-12-23T02:17:14+00:00\" \/>\n<meta property=\"og:image\" content=\"https:\/\/longchangchemical.com\/wp-content\/uploads\/2021\/01\/Guanidine-carbonate-Appearance.jpg\" \/>\n\t<meta property=\"og:image:width\" content=\"600\" \/>\n\t<meta property=\"og:image:height\" content=\"800\" \/>\n\t<meta property=\"og:image:type\" content=\"image\/jpeg\" \/>\n<meta name=\"twitter:card\" content=\"summary_large_image\" \/>\n<script type=\"application\/ld+json\" class=\"yoast-schema-graph\">{\"@context\":\"https:\/\/schema.org\",\"@graph\":[{\"@type\":\"WebPage\",\"@id\":\"https:\/\/longchangchemical.com\/product\/carbohydrazide-cas-497-18-7\/\",\"url\":\"https:\/\/longchangchemical.com\/product\/carbohydrazide-cas-497-18-7\/\",\"name\":\"China Carbohydrazide Manufacturer \uff06 Supplier - Longchang chemical Co., Ltd.\",\"isPartOf\":{\"@id\":\"https:\/\/longchangchemical.com\/#website\"},\"primaryImageOfPage\":{\"@id\":\"https:\/\/longchangchemical.com\/product\/carbohydrazide-cas-497-18-7\/#primaryimage\"},\"image\":{\"@id\":\"https:\/\/longchangchemical.com\/product\/carbohydrazide-cas-497-18-7\/#primaryimage\"},\"thumbnailUrl\":\"https:\/\/longchangchemical.com\/wp-content\/uploads\/2021\/01\/Guanidine-carbonate-Appearance.jpg\",\"datePublished\":\"2021-03-31T07:28:35+00:00\",\"dateModified\":\"2025-12-23T02:17:14+00:00\",\"description\":\"Longchang Chemical is a leading manufacturer and supplier of Carbohydrazide in China. Buy Carbohydrazide in china. We can provide the best Carbohydrazide price.\",\"breadcrumb\":{\"@id\":\"https:\/\/longchangchemical.com\/product\/carbohydrazide-cas-497-18-7\/#breadcrumb\"},\"inLanguage\":\"fr-FR\",\"potentialAction\":[{\"@type\":\"ReadAction\",\"target\":[\"https:\/\/longchangchemical.com\/product\/carbohydrazide-cas-497-18-7\/\"]}]},{\"@type\":\"ImageObject\",\"inLanguage\":\"fr-FR\",\"@id\":\"https:\/\/longchangchemical.com\/product\/carbohydrazide-cas-497-18-7\/#primaryimage\",\"url\":\"https:\/\/longchangchemical.com\/wp-content\/uploads\/2021\/01\/Guanidine-carbonate-Appearance.jpg\",\"contentUrl\":\"https:\/\/longchangchemical.com\/wp-content\/uploads\/2021\/01\/Guanidine-carbonate-Appearance.jpg\",\"width\":600,\"height\":800,\"caption\":\"Carbohydrazide Appearance\"},{\"@type\":\"BreadcrumbList\",\"@id\":\"https:\/\/longchangchemical.com\/product\/carbohydrazide-cas-497-18-7\/#breadcrumb\",\"itemListElement\":[{\"@type\":\"ListItem\",\"position\":1,\"name\":\"Home\",\"item\":\"https:\/\/longchangchemical.com\/\"},{\"@type\":\"ListItem\",\"position\":2,\"name\":\"Products Longchang\",\"item\":\"https:\/\/longchangchemical.com\/product\/\"},{\"@type\":\"ListItem\",\"position\":3,\"name\":\"Carbohydrazide CAS 497-18-7\"}]},{\"@type\":\"WebSite\",\"@id\":\"https:\/\/longchangchemical.com\/#website\",\"url\":\"https:\/\/longchangchemical.com\/\",\"name\":\"Longchang Chemical\",\"description\":\"China chemical manufacturer \uff06 supplier\",\"publisher\":{\"@id\":\"https:\/\/longchangchemical.com\/#organization\"},\"potentialAction\":[{\"@type\":\"SearchAction\",\"target\":{\"@type\":\"EntryPoint\",\"urlTemplate\":\"https:\/\/longchangchemical.com\/?s={search_term_string}\"},\"query-input\":{\"@type\":\"PropertyValueSpecification\",\"valueRequired\":true,\"valueName\":\"search_term_string\"}}],\"inLanguage\":\"fr-FR\"},{\"@type\":\"Organization\",\"@id\":\"https:\/\/longchangchemical.com\/#organization\",\"name\":\"Longchang Chemical\",\"url\":\"https:\/\/longchangchemical.com\/\",\"logo\":{\"@type\":\"ImageObject\",\"inLanguage\":\"fr-FR\",\"@id\":\"https:\/\/longchangchemical.com\/#\/schema\/logo\/image\/\",\"url\":\"https:\/\/longchangchemical.com\/wp-content\/uploads\/2020\/08\/cropped-longchang-logo.png\",\"contentUrl\":\"https:\/\/longchangchemical.com\/wp-content\/uploads\/2020\/08\/cropped-longchang-logo.png\",\"width\":512,\"height\":512,\"caption\":\"Longchang Chemical\"},\"image\":{\"@id\":\"https:\/\/longchangchemical.com\/#\/schema\/logo\/image\/\"}}]}<\/script>\n<!-- \/ Yoast SEO plugin. -->","yoast_head_json":{"title":"China Carbohydrazide Manufacturer \uff06 Supplier - Longchang chemical Co., Ltd.","description":"Longchang Chemical est un fabricant et fournisseur leader de Carbohydrazide en Chine. Acheter Carbohydrazide en Chine. Nous pouvons fournir le meilleur prix de Carbohydrazide.","robots":{"index":"index","follow":"follow","max-snippet":"max-snippet:-1","max-image-preview":"max-image-preview:large","max-video-preview":"max-video-preview:-1"},"canonical":"https:\/\/longchangchemical.com\/fr\/product\/carbohydrazide-cas-497-18-7\/","og_locale":"fr_FR","og_type":"article","og_title":"China Carbohydrazide Manufacturer \uff06 Supplier - Longchang chemical Co., Ltd.","og_description":"Longchang Chemical is a leading manufacturer and supplier of Carbohydrazide in China. Buy Carbohydrazide in china. We can provide the best Carbohydrazide price.","og_url":"https:\/\/longchangchemical.com\/fr\/product\/carbohydrazide-cas-497-18-7\/","og_site_name":"Longchang Chemical","article_modified_time":"2025-12-23T02:17:14+00:00","og_image":[{"width":600,"height":800,"url":"https:\/\/longchangchemical.com\/wp-content\/uploads\/2021\/01\/Guanidine-carbonate-Appearance.jpg","type":"image\/jpeg"}],"twitter_card":"summary_large_image","schema":{"@context":"https:\/\/schema.org","@graph":[{"@type":"WebPage","@id":"https:\/\/longchangchemical.com\/product\/carbohydrazide-cas-497-18-7\/","url":"https:\/\/longchangchemical.com\/product\/carbohydrazide-cas-497-18-7\/","name":"China Carbohydrazide Manufacturer \uff06 Supplier - Longchang chemical Co., Ltd.","isPartOf":{"@id":"https:\/\/longchangchemical.com\/#website"},"primaryImageOfPage":{"@id":"https:\/\/longchangchemical.com\/product\/carbohydrazide-cas-497-18-7\/#primaryimage"},"image":{"@id":"https:\/\/longchangchemical.com\/product\/carbohydrazide-cas-497-18-7\/#primaryimage"},"thumbnailUrl":"https:\/\/longchangchemical.com\/wp-content\/uploads\/2021\/01\/Guanidine-carbonate-Appearance.jpg","datePublished":"2021-03-31T07:28:35+00:00","dateModified":"2025-12-23T02:17:14+00:00","description":"Longchang Chemical est un fabricant et fournisseur leader de Carbohydrazide en Chine. Acheter Carbohydrazide en Chine. Nous pouvons fournir le meilleur prix de Carbohydrazide.","breadcrumb":{"@id":"https:\/\/longchangchemical.com\/product\/carbohydrazide-cas-497-18-7\/#breadcrumb"},"inLanguage":"fr-FR","potentialAction":[{"@type":"ReadAction","target":["https:\/\/longchangchemical.com\/product\/carbohydrazide-cas-497-18-7\/"]}]},{"@type":"ImageObject","inLanguage":"fr-FR","@id":"https:\/\/longchangchemical.com\/product\/carbohydrazide-cas-497-18-7\/#primaryimage","url":"https:\/\/longchangchemical.com\/wp-content\/uploads\/2021\/01\/Guanidine-carbonate-Appearance.jpg","contentUrl":"https:\/\/longchangchemical.com\/wp-content\/uploads\/2021\/01\/Guanidine-carbonate-Appearance.jpg","width":600,"height":800,"caption":"Carbohydrazide Appearance"},{"@type":"BreadcrumbList","@id":"https:\/\/longchangchemical.com\/product\/carbohydrazide-cas-497-18-7\/#breadcrumb","itemListElement":[{"@type":"ListItem","position":1,"name":"Home","item":"https:\/\/longchangchemical.com\/"},{"@type":"ListItem","position":2,"name":"Products Longchang","item":"https:\/\/longchangchemical.com\/product\/"},{"@type":"ListItem","position":3,"name":"Carbohydrazide CAS 497-18-7"}]},{"@type":"WebSite","@id":"https:\/\/longchangchemical.com\/#website","url":"https:\/\/longchangchemical.com\/","name":"Longchang Chemical","description":"Fabricant chinois de produits chimiques \uff06 fournisseur","publisher":{"@id":"https:\/\/longchangchemical.com\/#organization"},"potentialAction":[{"@type":"SearchAction","target":{"@type":"EntryPoint","urlTemplate":"https:\/\/longchangchemical.com\/?s={search_term_string}"},"query-input":{"@type":"PropertyValueSpecification","valueRequired":true,"valueName":"search_term_string"}}],"inLanguage":"fr-FR"},{"@type":"Organization","@id":"https:\/\/longchangchemical.com\/#organization","name":"Longchang Chemical","url":"https:\/\/longchangchemical.com\/","logo":{"@type":"ImageObject","inLanguage":"fr-FR","@id":"https:\/\/longchangchemical.com\/#\/schema\/logo\/image\/","url":"https:\/\/longchangchemical.com\/wp-content\/uploads\/2020\/08\/cropped-longchang-logo.png","contentUrl":"https:\/\/longchangchemical.com\/wp-content\/uploads\/2020\/08\/cropped-longchang-logo.png","width":512,"height":512,"caption":"Longchang Chemical"},"image":{"@id":"https:\/\/longchangchemical.com\/#\/schema\/logo\/image\/"}}]}},"_links":{"self":[{"href":"https:\/\/longchangchemical.com\/fr\/wp-json\/wp\/v2\/product\/3809","targetHints":{"allow":["GET"]}}],"collection":[{"href":"https:\/\/longchangchemical.com\/fr\/wp-json\/wp\/v2\/product"}],"about":[{"href":"https:\/\/longchangchemical.com\/fr\/wp-json\/wp\/v2\/types\/product"}],"replies":[{"embeddable":true,"href":"https:\/\/longchangchemical.com\/fr\/wp-json\/wp\/v2\/comments?post=3809"}],"wp:featuredmedia":[{"embeddable":true,"href":"https:\/\/longchangchemical.com\/fr\/wp-json\/wp\/v2\/media\/4444"}],"wp:attachment":[{"href":"https:\/\/longchangchemical.com\/fr\/wp-json\/wp\/v2\/media?parent=3809"}],"wp:term":[{"taxonomy":"product_brand","embeddable":true,"href":"https:\/\/longchangchemical.com\/fr\/wp-json\/wp\/v2\/product_brand?post=3809"},{"taxonomy":"product_cat","embeddable":true,"href":"https:\/\/longchangchemical.com\/fr\/wp-json\/wp\/v2\/product_cat?post=3809"},{"taxonomy":"product_tag","embeddable":true,"href":"https:\/\/longchangchemical.com\/fr\/wp-json\/wp\/v2\/product_tag?post=3809"}],"curies":[{"name":"wp","href":"https:\/\/api.w.org\/{rel}","templated":true}]}}