{"id":3799,"date":"2024-01-11T02:18:36","date_gmt":"2024-01-11T02:18:36","guid":{"rendered":"https:\/\/longchangchemical.com\/?post_type=product&#038;p=3799"},"modified":"2026-01-12T08:48:55","modified_gmt":"2026-01-12T08:48:55","slug":"chlorinatedpolypropylene-cas-68442-33-1","status":"publish","type":"product","link":"https:\/\/longchangchemical.com\/fr\/product\/chlorinatedpolypropylene-cas-68442-33-1\/","title":{"rendered":"R\u00e9sines Soresyn\u00ae CPP \/ Polypropyl\u00e8ne chlor\u00e9 CAS 68442-33-1"},"content":{"rendered":"<h1><strong>R\u00e9sines Soresyn\u00ae CPP \/ Polypropyl\u00e8ne chlor\u00e9 CAS 68442-33-1<\/strong><\/h1>\n<table border=\"1\" cellspacing=\"0\">\n<tbody>\n<tr>\n<td valign=\"center\" width=\"142\">\n<p class=\"\" align=\"center\"><b>Type NO.<\/b><\/p>\n<\/td>\n<td valign=\"center\" width=\"133\">\n<p class=\"\" align=\"center\"><b>CPP AG30<\/b><\/p>\n<\/td>\n<td valign=\"center\" width=\"114\">\n<p class=\"\" align=\"center\"><b>CPP AG26<\/b><\/p>\n<\/td>\n<td valign=\"center\" width=\"142\">\n<p class=\"\" align=\"center\"><b>CPP EG40<\/b><\/p>\n<\/td>\n<\/tr>\n<tr>\n<td valign=\"center\" width=\"142\">\n<p class=\"\" align=\"center\">Apparence<\/p>\n<\/td>\n<td valign=\"center\" width=\"133\">\n<p class=\"\" align=\"center\">Granul\u00e9s jaun\u00e2tres<\/p>\n<\/td>\n<td valign=\"center\" width=\"114\">\n<p class=\"\" align=\"center\">Granul\u00e9s jaun\u00e2tres<\/p>\n<\/td>\n<td valign=\"center\" width=\"142\">\n<p class=\"\" align=\"center\">Jaune granuleux<\/p>\n<\/td>\n<\/tr>\n<tr>\n<td valign=\"center\" width=\"142\">\n<p class=\"\" align=\"center\">Contenu Cl %<\/p>\n<\/td>\n<td valign=\"center\" width=\"133\">\n<p class=\"\" align=\"center\">28\u00a0~\u00a035<\/p>\n<\/td>\n<td valign=\"center\" width=\"114\">\n<p class=\"\" align=\"center\">25 ~ 28<\/p>\n<\/td>\n<td valign=\"center\" width=\"142\">\n<p class=\"\" align=\"center\">36 ~ 41<\/p>\n<\/td>\n<\/tr>\n<tr>\n<td valign=\"center\" width=\"142\">\n<p class=\"\" align=\"center\">Viscosit\u00e9 mPa.s\/25\u00b0C<\/p>\n<\/td>\n<td valign=\"center\" width=\"133\">\n<p class=\"\" align=\"center\">250 ~ 500<\/p>\n<\/td>\n<td valign=\"center\" width=\"114\">\n<p class=\"\" align=\"center\">100 ~ 500<\/p>\n<\/td>\n<td valign=\"center\" width=\"142\">\n<p class=\"\" align=\"center\">100 ~\u00a0500<\/p>\n<\/td>\n<\/tr>\n<tr>\n<td valign=\"center\" width=\"142\">\n<p class=\"\" align=\"center\">Valeur PH<\/p>\n<\/td>\n<td valign=\"center\" width=\"133\">\n<p class=\"\" align=\"center\">4.5 ~ 7<\/p>\n<\/td>\n<td valign=\"center\" width=\"114\">\n<p class=\"\" align=\"center\">4.5 ~ 7<\/p>\n<\/td>\n<td valign=\"center\" width=\"142\">\n<p class=\"\" align=\"center\">4.5 ~ 7<\/p>\n<\/td>\n<\/tr>\n<tr>\n<td valign=\"center\" width=\"142\">\n<p class=\"\" align=\"center\">Solvant recommand\u00e9<\/p>\n<\/td>\n<td valign=\"center\" width=\"133\">\n<p class=\"\" align=\"center\">Tolu\u00e8ne<\/p>\n<\/td>\n<td valign=\"center\" width=\"114\">\n<p class=\"\" align=\"center\">Tolu\u00e8ne<\/p>\n<\/td>\n<td valign=\"center\" width=\"142\">\n<p class=\"\" align=\"center\">Ester, c\u00e9tone,<\/p>\n<p class=\"\" align=\"center\">Ethylcyclohexane<\/p>\n<p class=\"\" align=\"center\">Ou Solvant mixte<\/p>\n<\/td>\n<\/tr>\n<\/tbody>\n<\/table>\n<div><\/div>\n<div>\n<table border=\"1\" cellspacing=\"0\">\n<tbody>\n<tr>\n<td valign=\"center\" width=\"142\">\n<p class=\"\" align=\"center\"><b>Type NO.<\/b><\/p>\n<\/td>\n<td valign=\"center\" width=\"142\">\n<p class=\"\" align=\"center\"><b>CPM-16<\/b><\/p>\n<\/td>\n<td valign=\"center\" width=\"124\">\n<p class=\"\" align=\"center\"><b>CPM-22<\/b><\/p>\n<\/td>\n<td valign=\"center\" width=\"124\">\n<p class=\"\" align=\"center\"><b>CPP<\/b><b>\u00a0AP<\/b><\/p>\n<\/td>\n<\/tr>\n<tr>\n<td valign=\"center\" width=\"142\">\n<p class=\"\" align=\"center\">Apparence<\/p>\n<\/td>\n<td valign=\"center\" width=\"142\">\n<p class=\"\" align=\"center\">Granul\u00e9s jaun\u00e2tres<\/p>\n<\/td>\n<td valign=\"center\" width=\"124\">\n<p class=\"\" align=\"center\">Granul\u00e9s jaun\u00e2tres<\/p>\n<\/td>\n<td valign=\"center\" width=\"124\">\n<p class=\"\" align=\"center\">Poudre blanche<\/p>\n<\/td>\n<\/tr>\n<tr>\n<td valign=\"center\" width=\"142\">\n<p class=\"\" align=\"center\">Contenu Cl %<\/p>\n<\/td>\n<td valign=\"center\" width=\"142\">\n<p class=\"\" align=\"center\">14\u00a0~\u00a018<\/p>\n<\/td>\n<td valign=\"center\" width=\"124\">\n<p class=\"\" align=\"center\">18\u00a0~\u00a024<\/p>\n<\/td>\n<td valign=\"center\" width=\"124\">\n<p class=\"\" align=\"center\">30 ~ 33<\/p>\n<\/td>\n<\/tr>\n<tr>\n<td valign=\"center\" width=\"142\">\n<p class=\"\" align=\"center\">Viscosit\u00e9 mPa.s\/25\u00b0C<\/p>\n<\/td>\n<td valign=\"center\" width=\"142\">\n<p class=\"\" align=\"center\">10\u00a0~\u00a0200<\/p>\n<\/td>\n<td valign=\"center\" width=\"124\">\n<p class=\"\" align=\"center\">10\u00a0~\u00a0200<\/p>\n<\/td>\n<td valign=\"center\" width=\"124\">\n<p class=\"\" align=\"center\">250 ~ 350<\/p>\n<\/td>\n<\/tr>\n<tr>\n<td valign=\"center\" width=\"142\">\n<p class=\"\" align=\"center\">Valeur PH<\/p>\n<\/td>\n<td valign=\"center\" width=\"142\">\n<p class=\"\" align=\"center\">4.5\u00a0~\u00a07<\/p>\n<\/td>\n<td valign=\"center\" width=\"124\">\n<p class=\"\" align=\"center\">4.5\u00a0~\u00a07<\/p>\n<\/td>\n<td valign=\"center\" width=\"124\">\n<p class=\"\" align=\"center\">6 ~ 8<\/p>\n<\/td>\n<\/tr>\n<tr>\n<td valign=\"center\" width=\"142\">\n<p class=\"\" align=\"center\">Solvant recommand\u00e9<\/p>\n<\/td>\n<td valign=\"center\" width=\"142\">\n<p class=\"\" align=\"center\">Ester, c\u00e9tone,<\/p>\n<p class=\"\" align=\"center\">Ethylcyclohexane<\/p>\n<p class=\"\" align=\"center\">Ou Solvant mixte<\/p>\n<\/td>\n<td valign=\"center\" width=\"124\">\n<p class=\"\" align=\"center\">\u00a0Ester, c\u00e9tone,<\/p>\n<p class=\"\" align=\"center\">Ethylcyclohexane<\/p>\n<p class=\"\" align=\"center\">Ou Solvant mixte<\/p>\n<\/td>\n<td valign=\"center\" width=\"124\">\n<p class=\"\" align=\"center\">Tolu\u00e8ne<\/p>\n<\/td>\n<\/tr>\n<\/tbody>\n<\/table>\n<\/div>\n<p><strong>Polypropyl\u00e8ne chlor\u00e9 Utilisation<\/strong><\/p>\n<p>1. Adh\u00e9sion Le promoteur d'adh\u00e9rence La r\u00e9sine CPP a une excellente adh\u00e9rence aux mat\u00e9riaux PP, PE, EPDM et TPO.<\/p>\n<p>2. Il est non toxique, inodore et ne laisse aucun r\u00e9sidu de solvant. Elle est r\u00e9sistante \u00e0 l'eau, aux acides et aux alcalis. L'encre composite fabriqu\u00e9e par CPP a des performances stables et une bonne propri\u00e9t\u00e9 de filmage.<\/p>\n<p class=\"\">3. La r\u00e9sine PP chlor\u00e9e soluble dans le solvant Soresyn\u00ae est utilis\u00e9e comme r\u00e9sine principale de l'encre d'impression pour l'impression en creux sur film BOPP (polypropyl\u00e8ne orient\u00e9 bi-axialement).<\/p>\n<p class=\"\">4. La r\u00e9sine Soresyn\u00ae CPP peut \u00eatre utilis\u00e9e comme rev\u00eatement pour le film BOPP et comme adh\u00e9sif pour le film PP double couche ou le papier recouvert de film PP dans l'industrie de l'emballage.<\/p>\n<p class=\"\">5. Notre r\u00e9sine polypropyl\u00e8ne cpp est utilis\u00e9e comme adh\u00e9sif pour les rev\u00eatements sur les profil\u00e9s en polypropyl\u00e8ne.<\/p>\n<p>&nbsp;<\/p>\n<p><strong>Emballage et exp\u00e9dition du polypropyl\u00e8ne chlor\u00e9<\/strong><\/p>\n<p>Emballage : SAC OU BO\u00ceTE DE 25KG<\/p>\n<p>Livraison : dans les 5 \u00e0 7 jours ouvrables<\/p>\n<p><strong>Stockage de polypropyl\u00e8ne chlor\u00e9<\/strong><\/p>\n<p>L'entrep\u00f4t est climatis\u00e9 et sec.<\/p>\n<h2><strong>Contactez-nous d\u00e8s maintenant !<\/strong><\/h2>\n<p><strong>Si vous avez besoin d'un prix, veuillez indiquer vos coordonn\u00e9es dans le formulaire ci-dessous. Nous vous contacterons g\u00e9n\u00e9ralement dans les 24 heures. Vous pouvez \u00e9galement m'envoyer un courriel <a href=\"mailto:info@longchangchemical.com\">info@longchangchemical.com<\/a>\u00a0pendant les heures de travail ( 8:30 am to 6:00 pm UTC+8 Mon.~Sat. ) ou utilisez le chat en direct du site web pour obtenir une r\u00e9ponse rapide.<\/strong><\/p>","protected":false},"excerpt":{"rendered":"<p>Nom chimique:POLYPROPYLENE,CHLOR\u00c9<\/p>\n<p>Num\u00e9ro CAS : 68442-33-1<\/p>\n<p>Formule mol\u00e9culaire:C8H15Cl<\/p>\n<p>Poids mol\u00e9culaire : 146,6577<\/p>\n<p>Structure mol\u00e9culaire :<img decoding=\"async\" title=\"POLYPROPYLENE,CHLORIN\u00c9 Structure\" src=\"https:\/\/www.longchangchemical.com\/wp-content\/uploads\/product-details\/20200611247186.png\" alt=\"POLYPROPYLENE,CHLORIN\u00c9 Structure\" width=\"114\" height=\"245\" border=\"0\" vspace=\"0\" \/><\/p>\n<p>Apparence : Blanc \u00e0 beige Petits articles<\/p>","protected":false},"featured_media":0,"comment_status":"open","ping_status":"closed","template":"","meta":[],"product_brand":[],"product_cat":[116],"product_tag":[],"class_list":{"0":"post-3799","1":"product","2":"type-product","3":"status-publish","5":"product_cat-soresyn-resin","7":"first","8":"instock","9":"shipping-taxable","10":"product-type-simple"},"yoast_head":"<!-- This site is optimized with the Yoast SEO plugin v25.3.1 - https:\/\/yoast.com\/wordpress\/plugins\/seo\/ -->\n<title>China CPP Resins \/ Chlorinated Polypropylene Manufacturer | CAS 68442-33-1 Factory and supplier - Longchang Chemical<\/title>\n<meta name=\"description\" content=\"Soresyn\u00ae CPP Resins \/ Chlorinated Polypropylene CAS 68442-33-1 is a key product of Longchang Chemical. We provide the best price. We are the leading manufacturer in China with the best quality and competitive price.\" \/>\n<meta name=\"robots\" content=\"index, follow, max-snippet:-1, max-image-preview:large, max-video-preview:-1\" \/>\n<link rel=\"canonical\" href=\"https:\/\/longchangchemical.com\/fr\/product\/chlorinatedpolypropylene-cas-68442-33-1\/\" \/>\n<meta property=\"og:locale\" content=\"fr_FR\" \/>\n<meta property=\"og:type\" content=\"article\" \/>\n<meta property=\"og:title\" content=\"China CPP Resins \/ Chlorinated Polypropylene Manufacturer | CAS 68442-33-1 Factory and supplier - Longchang Chemical\" \/>\n<meta property=\"og:description\" content=\"Soresyn\u00ae CPP Resins \/ Chlorinated Polypropylene CAS 68442-33-1 is a key product of Longchang Chemical. We provide the best price. We are the leading manufacturer in China with the best quality and competitive price.\" \/>\n<meta property=\"og:url\" content=\"https:\/\/longchangchemical.com\/fr\/product\/chlorinatedpolypropylene-cas-68442-33-1\/\" \/>\n<meta property=\"og:site_name\" content=\"Longchang Chemical\" \/>\n<meta property=\"article:modified_time\" content=\"2026-01-12T08:48:55+00:00\" \/>\n<meta property=\"og:image\" content=\"https:\/\/longchangchemical.com\/wp-content\/uploads\/2024\/02\/logo-jpeg.jpg\" \/>\n\t<meta property=\"og:image:width\" content=\"1000\" \/>\n\t<meta property=\"og:image:height\" content=\"1000\" \/>\n\t<meta property=\"og:image:type\" content=\"image\/jpeg\" \/>\n<meta name=\"twitter:card\" content=\"summary_large_image\" \/>\n<script type=\"application\/ld+json\" class=\"yoast-schema-graph\">{\"@context\":\"https:\/\/schema.org\",\"@graph\":[{\"@type\":\"WebPage\",\"@id\":\"https:\/\/longchangchemical.com\/product\/chlorinatedpolypropylene-cas-68442-33-1\/\",\"url\":\"https:\/\/longchangchemical.com\/product\/chlorinatedpolypropylene-cas-68442-33-1\/\",\"name\":\"China CPP Resins \/ Chlorinated Polypropylene Manufacturer | CAS 68442-33-1 Factory and supplier - Longchang Chemical\",\"isPartOf\":{\"@id\":\"https:\/\/longchangchemical.com\/#website\"},\"datePublished\":\"2024-01-11T02:18:36+00:00\",\"dateModified\":\"2026-01-12T08:48:55+00:00\",\"description\":\"Soresyn\u00ae CPP Resins \/ Chlorinated Polypropylene CAS 68442-33-1 is a key product of Longchang Chemical. We provide the best price. We are the leading manufacturer in China with the best quality and competitive price.\",\"breadcrumb\":{\"@id\":\"https:\/\/longchangchemical.com\/product\/chlorinatedpolypropylene-cas-68442-33-1\/#breadcrumb\"},\"inLanguage\":\"fr-FR\",\"potentialAction\":[{\"@type\":\"ReadAction\",\"target\":[\"https:\/\/longchangchemical.com\/product\/chlorinatedpolypropylene-cas-68442-33-1\/\"]}]},{\"@type\":\"BreadcrumbList\",\"@id\":\"https:\/\/longchangchemical.com\/product\/chlorinatedpolypropylene-cas-68442-33-1\/#breadcrumb\",\"itemListElement\":[{\"@type\":\"ListItem\",\"position\":1,\"name\":\"Home\",\"item\":\"https:\/\/longchangchemical.com\/\"},{\"@type\":\"ListItem\",\"position\":2,\"name\":\"Products Longchang\",\"item\":\"https:\/\/longchangchemical.com\/product\/\"},{\"@type\":\"ListItem\",\"position\":3,\"name\":\"Soresyn\u00ae CPP Resins \/ Chlorinated Polypropylene CAS 68442-33-1\"}]},{\"@type\":\"WebSite\",\"@id\":\"https:\/\/longchangchemical.com\/#website\",\"url\":\"https:\/\/longchangchemical.com\/\",\"name\":\"Longchang Chemical\",\"description\":\"China chemical manufacturer \uff06 supplier\",\"publisher\":{\"@id\":\"https:\/\/longchangchemical.com\/#organization\"},\"potentialAction\":[{\"@type\":\"SearchAction\",\"target\":{\"@type\":\"EntryPoint\",\"urlTemplate\":\"https:\/\/longchangchemical.com\/?s={search_term_string}\"},\"query-input\":{\"@type\":\"PropertyValueSpecification\",\"valueRequired\":true,\"valueName\":\"search_term_string\"}}],\"inLanguage\":\"fr-FR\"},{\"@type\":\"Organization\",\"@id\":\"https:\/\/longchangchemical.com\/#organization\",\"name\":\"Longchang Chemical\",\"url\":\"https:\/\/longchangchemical.com\/\",\"logo\":{\"@type\":\"ImageObject\",\"inLanguage\":\"fr-FR\",\"@id\":\"https:\/\/longchangchemical.com\/#\/schema\/logo\/image\/\",\"url\":\"https:\/\/longchangchemical.com\/wp-content\/uploads\/2020\/08\/cropped-longchang-logo.png\",\"contentUrl\":\"https:\/\/longchangchemical.com\/wp-content\/uploads\/2020\/08\/cropped-longchang-logo.png\",\"width\":512,\"height\":512,\"caption\":\"Longchang Chemical\"},\"image\":{\"@id\":\"https:\/\/longchangchemical.com\/#\/schema\/logo\/image\/\"}}]}<\/script>\n<!-- \/ Yoast SEO plugin. -->","yoast_head_json":{"title":"R\u00e9sines CPP \/ Polypropyl\u00e8ne chlor\u00e9 de Chine | CAS 68442-33-1 Usine et fournisseur - Longchang Chemical","description":"Soresyn\u00ae CPP Resins \/ Chlorinated Polypropylene CAS 68442-33-1 est un produit cl\u00e9 de Longchang Chemical. Nous fournissons le meilleur prix. Nous sommes le principal fabricant en Chine avec la meilleure qualit\u00e9 et un prix comp\u00e9titif.","robots":{"index":"index","follow":"follow","max-snippet":"max-snippet:-1","max-image-preview":"max-image-preview:large","max-video-preview":"max-video-preview:-1"},"canonical":"https:\/\/longchangchemical.com\/fr\/product\/chlorinatedpolypropylene-cas-68442-33-1\/","og_locale":"fr_FR","og_type":"article","og_title":"China CPP Resins \/ Chlorinated Polypropylene Manufacturer | CAS 68442-33-1 Factory and supplier - Longchang Chemical","og_description":"Soresyn\u00ae CPP Resins \/ Chlorinated Polypropylene CAS 68442-33-1 is a key product of Longchang Chemical. We provide the best price. We are the leading manufacturer in China with the best quality and competitive price.","og_url":"https:\/\/longchangchemical.com\/fr\/product\/chlorinatedpolypropylene-cas-68442-33-1\/","og_site_name":"Longchang Chemical","article_modified_time":"2026-01-12T08:48:55+00:00","og_image":[{"width":1000,"height":1000,"url":"https:\/\/longchangchemical.com\/wp-content\/uploads\/2024\/02\/logo-jpeg.jpg","type":"image\/jpeg"}],"twitter_card":"summary_large_image","schema":{"@context":"https:\/\/schema.org","@graph":[{"@type":"WebPage","@id":"https:\/\/longchangchemical.com\/product\/chlorinatedpolypropylene-cas-68442-33-1\/","url":"https:\/\/longchangchemical.com\/product\/chlorinatedpolypropylene-cas-68442-33-1\/","name":"R\u00e9sines CPP \/ Polypropyl\u00e8ne chlor\u00e9 de Chine | CAS 68442-33-1 Usine et fournisseur - Longchang Chemical","isPartOf":{"@id":"https:\/\/longchangchemical.com\/#website"},"datePublished":"2024-01-11T02:18:36+00:00","dateModified":"2026-01-12T08:48:55+00:00","description":"Soresyn\u00ae CPP Resins \/ Chlorinated Polypropylene CAS 68442-33-1 est un produit cl\u00e9 de Longchang Chemical. Nous fournissons le meilleur prix. Nous sommes le principal fabricant en Chine avec la meilleure qualit\u00e9 et un prix comp\u00e9titif.","breadcrumb":{"@id":"https:\/\/longchangchemical.com\/product\/chlorinatedpolypropylene-cas-68442-33-1\/#breadcrumb"},"inLanguage":"fr-FR","potentialAction":[{"@type":"ReadAction","target":["https:\/\/longchangchemical.com\/product\/chlorinatedpolypropylene-cas-68442-33-1\/"]}]},{"@type":"BreadcrumbList","@id":"https:\/\/longchangchemical.com\/product\/chlorinatedpolypropylene-cas-68442-33-1\/#breadcrumb","itemListElement":[{"@type":"ListItem","position":1,"name":"Home","item":"https:\/\/longchangchemical.com\/"},{"@type":"ListItem","position":2,"name":"Products Longchang","item":"https:\/\/longchangchemical.com\/product\/"},{"@type":"ListItem","position":3,"name":"Soresyn\u00ae CPP Resins \/ Chlorinated Polypropylene CAS 68442-33-1"}]},{"@type":"WebSite","@id":"https:\/\/longchangchemical.com\/#website","url":"https:\/\/longchangchemical.com\/","name":"Longchang Chemical","description":"Fabricant chinois de produits chimiques \uff06 fournisseur","publisher":{"@id":"https:\/\/longchangchemical.com\/#organization"},"potentialAction":[{"@type":"SearchAction","target":{"@type":"EntryPoint","urlTemplate":"https:\/\/longchangchemical.com\/?s={search_term_string}"},"query-input":{"@type":"PropertyValueSpecification","valueRequired":true,"valueName":"search_term_string"}}],"inLanguage":"fr-FR"},{"@type":"Organization","@id":"https:\/\/longchangchemical.com\/#organization","name":"Longchang Chemical","url":"https:\/\/longchangchemical.com\/","logo":{"@type":"ImageObject","inLanguage":"fr-FR","@id":"https:\/\/longchangchemical.com\/#\/schema\/logo\/image\/","url":"https:\/\/longchangchemical.com\/wp-content\/uploads\/2020\/08\/cropped-longchang-logo.png","contentUrl":"https:\/\/longchangchemical.com\/wp-content\/uploads\/2020\/08\/cropped-longchang-logo.png","width":512,"height":512,"caption":"Longchang Chemical"},"image":{"@id":"https:\/\/longchangchemical.com\/#\/schema\/logo\/image\/"}}]}},"_links":{"self":[{"href":"https:\/\/longchangchemical.com\/fr\/wp-json\/wp\/v2\/product\/3799","targetHints":{"allow":["GET"]}}],"collection":[{"href":"https:\/\/longchangchemical.com\/fr\/wp-json\/wp\/v2\/product"}],"about":[{"href":"https:\/\/longchangchemical.com\/fr\/wp-json\/wp\/v2\/types\/product"}],"replies":[{"embeddable":true,"href":"https:\/\/longchangchemical.com\/fr\/wp-json\/wp\/v2\/comments?post=3799"}],"wp:attachment":[{"href":"https:\/\/longchangchemical.com\/fr\/wp-json\/wp\/v2\/media?parent=3799"}],"wp:term":[{"taxonomy":"product_brand","embeddable":true,"href":"https:\/\/longchangchemical.com\/fr\/wp-json\/wp\/v2\/product_brand?post=3799"},{"taxonomy":"product_cat","embeddable":true,"href":"https:\/\/longchangchemical.com\/fr\/wp-json\/wp\/v2\/product_cat?post=3799"},{"taxonomy":"product_tag","embeddable":true,"href":"https:\/\/longchangchemical.com\/fr\/wp-json\/wp\/v2\/product_tag?post=3799"}],"curies":[{"name":"wp","href":"https:\/\/api.w.org\/{rel}","templated":true}]}}