{"id":3764,"date":"2021-09-25T10:43:43","date_gmt":"2021-09-25T10:43:43","guid":{"rendered":"https:\/\/longchangchemical.com\/?post_type=product&#038;p=3764"},"modified":"2026-05-08T02:59:39","modified_gmt":"2026-05-08T02:59:39","slug":"ascorbyl-tetraisopalmitate","status":"publish","type":"product","link":"https:\/\/longchangchemical.com\/fr\/product\/ascorbyl-tetraisopalmitate\/","title":{"rendered":"T\u00e9traisopalmitate d'ascorbyle CAS 183476-82-6"},"content":{"rendered":"<h2><strong>T\u00e9traisopalmitate d'ascorbyle CAS 183476-82-6<\/strong><\/h2>\n<table class=\"table-1\">\n<tbody>\n<tr>\n<td>Articles<\/td>\n<td>Sp\u00e9cifications<\/td>\n<\/tr>\n<tr>\n<td>Apparence<\/td>\n<td>Liquide incolore \u00e0 jaune clair avec une faible couleur caract\u00e9ristique.<\/td>\n<\/tr>\n<tr>\n<td>Contenu<\/td>\n<td>\u226598%<\/td>\n<\/tr>\n<tr>\n<td>Color\uff08APHA)<\/td>\n<td>100max<\/td>\n<\/tr>\n<tr>\n<td>Densit\u00e9<\/td>\n<td>0.930-0.943<\/td>\n<\/tr>\n<tr>\n<td>Indice de r\u00e9fraction\uff0825\u2103\uff09<\/td>\n<td>1.459-1.465<\/td>\n<\/tr>\n<tr>\n<td>M\u00e9taux lourds<\/td>\n<td>20ppm Max<\/td>\n<\/tr>\n<tr>\n<td>Arsenic<\/td>\n<td>2ppm Max<\/td>\n<\/tr>\n<\/tbody>\n<\/table>\n<p>&nbsp;<\/p>\n<h2><strong>Qu'est-ce que le t\u00e9traisopalmitate d'ascorbyle ?<\/strong><\/h2>\n<p>Il s'agit d'un liquide incolore \u00e0 jaune clair, \u00e9galement connu sous le nom d'ASCORBYL TETRA-2-HEXYLDECANOATE, souvent utilis\u00e9 dans l'industrie cosm\u00e9tique et l'industrie pharmaceutique.<\/p>\n<p>&nbsp;<\/p>\n<h2><strong>Ascorbyl tetraisopalmitate Application :<\/strong><\/h2>\n<p>&nbsp;<\/p>\n<h4>1. Excellente absorption transdermique<\/h4>\n<h4>2. Inhiber l'activit\u00e9 intracellulaire de la tyrosinase et la production de m\u00e9lanine<\/h4>\n<h4>3. r\u00e9duire les dommages aux cellules et \u00e0 l'ADN induits par les UV (anti UV \/ anti stress)<\/h4>\n<h4>4. Pr\u00e9venir la peroxydation des lipides et le vieillissement chimique de la peau (antioxydant)<\/h4>\n<h4>5. Il pr\u00e9sente une bonne solubilit\u00e9 dans les huiles cosm\u00e9tiques courantes.<\/h4>\n<h4>6. activit\u00e9 similaire \u00e0 celle de la tourbe (antioxydant)<\/h4>\n<h4>7. synth\u00e8se et protection du collag\u00e8ne (anti-\u00e2ge)<\/h4>\n<h4>8. stable \u00e0 la chaleur et \u00e0 l'oxydation<\/h4>\n<p>&nbsp;<\/p>\n<h2><strong>T\u00e9traisopalmitate d'ascorbyle Stockage<\/strong><\/h2>\n<p>Les produits sont conserv\u00e9s dans un entrep\u00f4t sec, propre et bien ventil\u00e9.<\/p>\n<p>\u00c9viter l'exposition \u00e0 la lumi\u00e8re et \u00e0 la chaleur.<\/p>\n<p>Prot\u00e9ger le produit des fuites, de la pluie et de l'insolation pendant le transport.<\/p>\n<p>&nbsp;<\/p>\n<h2><strong><b>Contactez-nous d\u00e8s maintenant !<\/b><\/strong><\/h2>\n<h4><strong><b>Si vous avez besoin de COA, MSDS ou TDS, veuillez remplir vos coordonn\u00e9es dans le formulaire ci-dessous, nous vous contacterons g\u00e9n\u00e9ralement dans les 24 heures. Vous pouvez \u00e9galement m'envoyer un courriel <span style=\"color: #0000ff;\"><a style=\"color: #0000ff;\" href=\"mailto:info@longchangchemical.com\">info@longchangchemical.com<\/a><\/span> pendant les heures de travail ( 8:30 am to 6:00 pm UTC+8 Mon.~Sat. ) ou utilisez le chat en direct du site web pour obtenir une r\u00e9ponse rapide.<\/b><\/strong><\/h4>","protected":false},"excerpt":{"rendered":"<h4>Nom chimique : T\u00e9traisopalmitate d'ascorbyle<\/h4>\n<h4>Autre nom : NIKKOL VC-IP ; L-ascorbyl 2,3,5,6-tetrakis(2-hexylalkanoate) ; L-ascorbyl 2,3,5,6-tetrakis(2-hexyldecanoate)<\/h4>\n<h4>Num\u00e9ro CAS : 183476-82-6<\/h4>\n<h4>Formule mol\u00e9culaire : C70H128O10<\/h4>\n<h4>Structure chimique :<img decoding=\"async\" title=\"image.png\" src=\"https:\/\/www.longchangchemical.com\/wp-content\/uploads\/product-details\/20200617069078.png\" alt=\"image.png\" width=\"289\" height=\"107\" \/><\/h4>\n<h4>Poids mol\u00e9culaire : 1129,76<\/h4>\n<h4>Aspect : liquide incolore \u00e0 jaune clair<\/h4>\n<h4>Analyse\uff1a98%<\/h4>","protected":false},"featured_media":4650,"comment_status":"open","ping_status":"closed","template":"","meta":[],"product_brand":[],"product_cat":[113],"product_tag":[],"class_list":{"0":"post-3764","1":"product","2":"type-product","3":"status-publish","4":"has-post-thumbnail","6":"product_cat-organic-intermediate","8":"first","9":"instock","10":"shipping-taxable","11":"product-type-simple"},"yoast_head":"<!-- This site is optimized with the Yoast SEO plugin v25.3.1 - https:\/\/yoast.com\/wordpress\/plugins\/seo\/ -->\n<title>China Ascorbyl tetraisopalmitate CAS 183476-82-6 manufacturer - Longchang chemical<\/title>\n<meta name=\"description\" content=\"Longchang chemical Co., ltd. is china Ascorbyl tetraisopalmitate manufacturer and CAS 183476-82-6 supplier. We provide the best Ascorbyl tetraisopalmitate price.\" \/>\n<meta name=\"robots\" content=\"index, follow, max-snippet:-1, max-image-preview:large, max-video-preview:-1\" \/>\n<link rel=\"canonical\" href=\"https:\/\/longchangchemical.com\/fr\/product\/ascorbyl-tetraisopalmitate\/\" \/>\n<meta property=\"og:locale\" content=\"fr_FR\" \/>\n<meta property=\"og:type\" content=\"article\" \/>\n<meta property=\"og:title\" content=\"China Ascorbyl tetraisopalmitate CAS 183476-82-6 manufacturer - Longchang chemical\" \/>\n<meta property=\"og:description\" content=\"Longchang chemical Co., ltd. is china Ascorbyl tetraisopalmitate manufacturer and CAS 183476-82-6 supplier. We provide the best Ascorbyl tetraisopalmitate price.\" \/>\n<meta property=\"og:url\" content=\"https:\/\/longchangchemical.com\/fr\/product\/ascorbyl-tetraisopalmitate\/\" \/>\n<meta property=\"og:site_name\" content=\"Longchang Chemical\" \/>\n<meta property=\"article:modified_time\" content=\"2026-05-08T02:59:39+00:00\" \/>\n<meta property=\"og:image\" content=\"https:\/\/longchangchemical.com\/wp-content\/uploads\/2021\/06\/Appearance.jpg\" \/>\n\t<meta property=\"og:image:width\" content=\"600\" \/>\n\t<meta property=\"og:image:height\" content=\"800\" \/>\n\t<meta property=\"og:image:type\" content=\"image\/jpeg\" \/>\n<meta name=\"twitter:card\" content=\"summary_large_image\" \/>\n<script type=\"application\/ld+json\" class=\"yoast-schema-graph\">{\"@context\":\"https:\/\/schema.org\",\"@graph\":[{\"@type\":\"WebPage\",\"@id\":\"https:\/\/longchangchemical.com\/product\/ascorbyl-tetraisopalmitate\/\",\"url\":\"https:\/\/longchangchemical.com\/product\/ascorbyl-tetraisopalmitate\/\",\"name\":\"China Ascorbyl tetraisopalmitate CAS 183476-82-6 manufacturer - Longchang chemical\",\"isPartOf\":{\"@id\":\"https:\/\/longchangchemical.com\/#website\"},\"primaryImageOfPage\":{\"@id\":\"https:\/\/longchangchemical.com\/product\/ascorbyl-tetraisopalmitate\/#primaryimage\"},\"image\":{\"@id\":\"https:\/\/longchangchemical.com\/product\/ascorbyl-tetraisopalmitate\/#primaryimage\"},\"thumbnailUrl\":\"https:\/\/longchangchemical.com\/wp-content\/uploads\/2021\/06\/Appearance.jpg\",\"datePublished\":\"2021-09-25T10:43:43+00:00\",\"dateModified\":\"2026-05-08T02:59:39+00:00\",\"description\":\"Longchang chemical Co., ltd. is china Ascorbyl tetraisopalmitate manufacturer and CAS 183476-82-6 supplier. We provide the best Ascorbyl tetraisopalmitate price.\",\"breadcrumb\":{\"@id\":\"https:\/\/longchangchemical.com\/product\/ascorbyl-tetraisopalmitate\/#breadcrumb\"},\"inLanguage\":\"fr-FR\",\"potentialAction\":[{\"@type\":\"ReadAction\",\"target\":[\"https:\/\/longchangchemical.com\/product\/ascorbyl-tetraisopalmitate\/\"]}]},{\"@type\":\"ImageObject\",\"inLanguage\":\"fr-FR\",\"@id\":\"https:\/\/longchangchemical.com\/product\/ascorbyl-tetraisopalmitate\/#primaryimage\",\"url\":\"https:\/\/longchangchemical.com\/wp-content\/uploads\/2021\/06\/Appearance.jpg\",\"contentUrl\":\"https:\/\/longchangchemical.com\/wp-content\/uploads\/2021\/06\/Appearance.jpg\",\"width\":600,\"height\":800,\"caption\":\"Appearance\"},{\"@type\":\"BreadcrumbList\",\"@id\":\"https:\/\/longchangchemical.com\/product\/ascorbyl-tetraisopalmitate\/#breadcrumb\",\"itemListElement\":[{\"@type\":\"ListItem\",\"position\":1,\"name\":\"Home\",\"item\":\"https:\/\/longchangchemical.com\/\"},{\"@type\":\"ListItem\",\"position\":2,\"name\":\"Products Longchang\",\"item\":\"https:\/\/longchangchemical.com\/product\/\"},{\"@type\":\"ListItem\",\"position\":3,\"name\":\"Ascorbyl tetraisopalmitate CAS 183476-82-6\"}]},{\"@type\":\"WebSite\",\"@id\":\"https:\/\/longchangchemical.com\/#website\",\"url\":\"https:\/\/longchangchemical.com\/\",\"name\":\"Longchang Chemical\",\"description\":\"China chemical manufacturer \uff06 supplier\",\"publisher\":{\"@id\":\"https:\/\/longchangchemical.com\/#organization\"},\"potentialAction\":[{\"@type\":\"SearchAction\",\"target\":{\"@type\":\"EntryPoint\",\"urlTemplate\":\"https:\/\/longchangchemical.com\/?s={search_term_string}\"},\"query-input\":{\"@type\":\"PropertyValueSpecification\",\"valueRequired\":true,\"valueName\":\"search_term_string\"}}],\"inLanguage\":\"fr-FR\"},{\"@type\":\"Organization\",\"@id\":\"https:\/\/longchangchemical.com\/#organization\",\"name\":\"Longchang Chemical\",\"url\":\"https:\/\/longchangchemical.com\/\",\"logo\":{\"@type\":\"ImageObject\",\"inLanguage\":\"fr-FR\",\"@id\":\"https:\/\/longchangchemical.com\/#\/schema\/logo\/image\/\",\"url\":\"https:\/\/longchangchemical.com\/wp-content\/uploads\/2020\/08\/cropped-longchang-logo.png\",\"contentUrl\":\"https:\/\/longchangchemical.com\/wp-content\/uploads\/2020\/08\/cropped-longchang-logo.png\",\"width\":512,\"height\":512,\"caption\":\"Longchang Chemical\"},\"image\":{\"@id\":\"https:\/\/longchangchemical.com\/#\/schema\/logo\/image\/\"}}]}<\/script>\n<!-- \/ Yoast SEO plugin. -->","yoast_head_json":{"title":"Fabricant chinois de Ascorbyl tetraisopalmitate CAS 183476-82-6 - Longchang chemical","description":"Longchang chemical Co., ltd. est un fabricant et fournisseur chinois de Ascorbyl tetraisopalmitate CAS 183476-82-6. Nous fournissons le meilleur prix d'Ascorbyl tetraisopalmitate.","robots":{"index":"index","follow":"follow","max-snippet":"max-snippet:-1","max-image-preview":"max-image-preview:large","max-video-preview":"max-video-preview:-1"},"canonical":"https:\/\/longchangchemical.com\/fr\/product\/ascorbyl-tetraisopalmitate\/","og_locale":"fr_FR","og_type":"article","og_title":"China Ascorbyl tetraisopalmitate CAS 183476-82-6 manufacturer - Longchang chemical","og_description":"Longchang chemical Co., ltd. is china Ascorbyl tetraisopalmitate manufacturer and CAS 183476-82-6 supplier. We provide the best Ascorbyl tetraisopalmitate price.","og_url":"https:\/\/longchangchemical.com\/fr\/product\/ascorbyl-tetraisopalmitate\/","og_site_name":"Longchang Chemical","article_modified_time":"2026-05-08T02:59:39+00:00","og_image":[{"width":600,"height":800,"url":"https:\/\/longchangchemical.com\/wp-content\/uploads\/2021\/06\/Appearance.jpg","type":"image\/jpeg"}],"twitter_card":"summary_large_image","schema":{"@context":"https:\/\/schema.org","@graph":[{"@type":"WebPage","@id":"https:\/\/longchangchemical.com\/product\/ascorbyl-tetraisopalmitate\/","url":"https:\/\/longchangchemical.com\/product\/ascorbyl-tetraisopalmitate\/","name":"Fabricant chinois de Ascorbyl tetraisopalmitate CAS 183476-82-6 - Longchang chemical","isPartOf":{"@id":"https:\/\/longchangchemical.com\/#website"},"primaryImageOfPage":{"@id":"https:\/\/longchangchemical.com\/product\/ascorbyl-tetraisopalmitate\/#primaryimage"},"image":{"@id":"https:\/\/longchangchemical.com\/product\/ascorbyl-tetraisopalmitate\/#primaryimage"},"thumbnailUrl":"https:\/\/longchangchemical.com\/wp-content\/uploads\/2021\/06\/Appearance.jpg","datePublished":"2021-09-25T10:43:43+00:00","dateModified":"2026-05-08T02:59:39+00:00","description":"Longchang chemical Co., ltd. est un fabricant et fournisseur chinois de Ascorbyl tetraisopalmitate CAS 183476-82-6. Nous fournissons le meilleur prix d'Ascorbyl tetraisopalmitate.","breadcrumb":{"@id":"https:\/\/longchangchemical.com\/product\/ascorbyl-tetraisopalmitate\/#breadcrumb"},"inLanguage":"fr-FR","potentialAction":[{"@type":"ReadAction","target":["https:\/\/longchangchemical.com\/product\/ascorbyl-tetraisopalmitate\/"]}]},{"@type":"ImageObject","inLanguage":"fr-FR","@id":"https:\/\/longchangchemical.com\/product\/ascorbyl-tetraisopalmitate\/#primaryimage","url":"https:\/\/longchangchemical.com\/wp-content\/uploads\/2021\/06\/Appearance.jpg","contentUrl":"https:\/\/longchangchemical.com\/wp-content\/uploads\/2021\/06\/Appearance.jpg","width":600,"height":800,"caption":"Appearance"},{"@type":"BreadcrumbList","@id":"https:\/\/longchangchemical.com\/product\/ascorbyl-tetraisopalmitate\/#breadcrumb","itemListElement":[{"@type":"ListItem","position":1,"name":"Home","item":"https:\/\/longchangchemical.com\/"},{"@type":"ListItem","position":2,"name":"Products Longchang","item":"https:\/\/longchangchemical.com\/product\/"},{"@type":"ListItem","position":3,"name":"Ascorbyl tetraisopalmitate CAS 183476-82-6"}]},{"@type":"WebSite","@id":"https:\/\/longchangchemical.com\/#website","url":"https:\/\/longchangchemical.com\/","name":"Longchang Chemical","description":"Fabricant chinois de produits chimiques \uff06 fournisseur","publisher":{"@id":"https:\/\/longchangchemical.com\/#organization"},"potentialAction":[{"@type":"SearchAction","target":{"@type":"EntryPoint","urlTemplate":"https:\/\/longchangchemical.com\/?s={search_term_string}"},"query-input":{"@type":"PropertyValueSpecification","valueRequired":true,"valueName":"search_term_string"}}],"inLanguage":"fr-FR"},{"@type":"Organization","@id":"https:\/\/longchangchemical.com\/#organization","name":"Longchang Chemical","url":"https:\/\/longchangchemical.com\/","logo":{"@type":"ImageObject","inLanguage":"fr-FR","@id":"https:\/\/longchangchemical.com\/#\/schema\/logo\/image\/","url":"https:\/\/longchangchemical.com\/wp-content\/uploads\/2020\/08\/cropped-longchang-logo.png","contentUrl":"https:\/\/longchangchemical.com\/wp-content\/uploads\/2020\/08\/cropped-longchang-logo.png","width":512,"height":512,"caption":"Longchang Chemical"},"image":{"@id":"https:\/\/longchangchemical.com\/#\/schema\/logo\/image\/"}}]}},"_links":{"self":[{"href":"https:\/\/longchangchemical.com\/fr\/wp-json\/wp\/v2\/product\/3764","targetHints":{"allow":["GET"]}}],"collection":[{"href":"https:\/\/longchangchemical.com\/fr\/wp-json\/wp\/v2\/product"}],"about":[{"href":"https:\/\/longchangchemical.com\/fr\/wp-json\/wp\/v2\/types\/product"}],"replies":[{"embeddable":true,"href":"https:\/\/longchangchemical.com\/fr\/wp-json\/wp\/v2\/comments?post=3764"}],"wp:featuredmedia":[{"embeddable":true,"href":"https:\/\/longchangchemical.com\/fr\/wp-json\/wp\/v2\/media\/4650"}],"wp:attachment":[{"href":"https:\/\/longchangchemical.com\/fr\/wp-json\/wp\/v2\/media?parent=3764"}],"wp:term":[{"taxonomy":"product_brand","embeddable":true,"href":"https:\/\/longchangchemical.com\/fr\/wp-json\/wp\/v2\/product_brand?post=3764"},{"taxonomy":"product_cat","embeddable":true,"href":"https:\/\/longchangchemical.com\/fr\/wp-json\/wp\/v2\/product_cat?post=3764"},{"taxonomy":"product_tag","embeddable":true,"href":"https:\/\/longchangchemical.com\/fr\/wp-json\/wp\/v2\/product_tag?post=3764"}],"curies":[{"name":"wp","href":"https:\/\/api.w.org\/{rel}","templated":true}]}}