{"id":3739,"date":"2021-05-10T13:56:46","date_gmt":"2021-05-10T13:56:46","guid":{"rendered":"https:\/\/longchangchemical.com\/?post_type=product&#038;p=3739"},"modified":"2025-12-22T08:31:57","modified_gmt":"2025-12-22T08:31:57","slug":"cas-27905-45-9","status":"publish","type":"product","link":"https:\/\/longchangchemical.com\/fr\/product\/cas-27905-45-9\/","title":{"rendered":"Acrylate de 1H,1H,2H,2H-Heptad\u00e9cafluorod\u00e9cyle CAS 27905-45-9"},"content":{"rendered":"<h1><strong>Acrylate de 1H,1H,2H,2H-Heptad\u00e9cafluorod\u00e9cyle CAS 27905-45-9<\/strong><\/h1>\n<table>\n<tbody>\n<tr>\n<td width=\"180\">\n<h4>Objet<\/h4>\n<\/td>\n<td width=\"265\">\n<h4>Sp\u00e9cifications<\/h4>\n<\/td>\n<td width=\"176\">\n<h4>R\u00e9sultats<\/h4>\n<\/td>\n<\/tr>\n<tr>\n<td width=\"180\">\n<h4>Caract\u00e9ristiques<\/h4>\n<\/td>\n<td width=\"265\">\n<h4>Liquide incolore et transparent<\/h4>\n<\/td>\n<td width=\"176\">\n<h4>Conforme<\/h4>\n<\/td>\n<\/tr>\n<tr>\n<td width=\"180\">\n<h4>Essai<\/h4>\n<\/td>\n<td width=\"265\">\n<h4>\u226598%<\/h4>\n<\/td>\n<td width=\"176\">\n<h4>98.5%<\/h4>\n<\/td>\n<\/tr>\n<tr>\n<td width=\"180\">\n<h4>Identification<\/h4>\n<\/td>\n<td width=\"265\">\n<h4>Positif<\/h4>\n<\/td>\n<td width=\"176\">\n<h4>Positif<\/h4>\n<\/td>\n<\/tr>\n<tr>\n<td width=\"180\">\n<h4>Peroxyde<\/h4>\n<\/td>\n<td width=\"265\">\n<h4>\u226450ppm<\/h4>\n<\/td>\n<td width=\"176\">\n<h4>3,50 ppm<\/h4>\n<\/td>\n<\/tr>\n<tr>\n<td width=\"180\">\n<h4>L'eau<\/h4>\n<\/td>\n<td width=\"265\">\n<h4>\u2264300ppm<\/h4>\n<\/td>\n<td width=\"176\">\n<h4>57,50 ppm<\/h4>\n<\/td>\n<\/tr>\n<tr>\n<td width=\"180\">\n<h4>Conclusion<\/h4>\n<\/td>\n<td colspan=\"2\" width=\"441\">\n<h4>Les r\u00e9sultats sont conformes aux normes de l'entreprise<\/h4>\n<\/td>\n<\/tr>\n<\/tbody>\n<\/table>\n<p>&nbsp;<\/p>\n<h2><strong>Acrylate de 1H,1H,2H,2H-Heptad\u00e9cafluorod\u00e9cyle<\/strong><strong> Utilisation<\/strong><\/h2>\n<h4>1. L'acrylate de perfluorooctyle et d'\u00e9thyle est un r\u00e9actif utilis\u00e9 pour synth\u00e9tiser des rev\u00eatements polym\u00e8res hydrophobes, et c'est \u00e9galement une brosse polym\u00e8re utilis\u00e9e pour contr\u00f4ler la lubrification des surfaces.<\/h4>\n<h4>2. L'acrylate de perfluorooctyle et d'\u00e9thyle est un d\u00e9riv\u00e9 d'ester organique qui peut \u00eatre utilis\u00e9 comme interm\u00e9diaire de fluor organique et qui est largement utilis\u00e9 dans les domaines des textiles, des rev\u00eatements et des tensioactifs fluor\u00e9s.<\/h4>\n<p>&nbsp;<\/p>\n<h2><strong>Acrylate de 1H,1H,2H,2H-Heptad\u00e9cafluorod\u00e9cyle<\/strong><strong>\u00a0<\/strong><strong>Emballage et exp\u00e9dition<\/strong><\/h2>\n<h4>Tambour de 25 kg \/ 250 kg.<\/h4>\n<p>&nbsp;<\/p>\n<h2><strong>Acrylate de 1H,1H,2H,2H-Heptad\u00e9cafluorod\u00e9cyle<\/strong><strong>\u00a0Stockage<\/strong><\/h2>\n<h4>Conserver dans un endroit bien ferm\u00e9, \u00e0 l'abri de la lumi\u00e8re, sec et frais.<\/h4>\n<p>&nbsp;<\/p>\n<h2><strong>Produits de la m\u00eame s\u00e9rie<\/strong><\/h2>\n<table style=\"border-collapse: collapse; width: 312.02pt;\" border=\"0\" width=\"416\" cellspacing=\"0\" cellpadding=\"0\">\n<tbody>\n<tr style=\"height: 67.50pt;\">\n<td class=\"et2\" style=\"height: 67.50pt; width: 201.75pt;\" width=\"269\" height=\"90\">\n<h4><a href=\"https:\/\/longchangchemical.com\/fr\/product\/cas-17527-29-6\/\"><span style=\"color: #0000ff;\"><span class=\"font1\">ACRYLATE DE 1,1,2,2,2-PERFLUOROOCTYLE<\/span><span class=\"font3\">\uff1b<\/span><span class=\"font1\">Acrylate de 2-(Perfluorohexyle)\u00e9thyle<\/span><\/span><\/a><\/h4>\n<\/td>\n<td class=\"et2\" style=\"width: 110.25pt;\" width=\"147\">\n<h4><span style=\"color: #0000ff;\">17527-29-6<\/span><\/h4>\n<\/td>\n<\/tr>\n<tr style=\"height: 67.50pt;\">\n<td class=\"et3\" style=\"height: 67.50pt; width: 201.75pt;\" width=\"269\" height=\"90\">\n<h4>Acrylate de 1H,1H,2H,2H-Heptad\u00e9cafluorod\u00e9cyle ; acrylate de perfluorooctyl\u00e9thyle ; acrylate de 2-(perfluorooctyle) \u00e9thyle<\/h4>\n<\/td>\n<td class=\"et3\" style=\"width: 110.25pt;\" width=\"147\">\n<h4>27905-45-9<\/h4>\n<\/td>\n<\/tr>\n<\/tbody>\n<\/table>\n<h2><\/h2>\n<h2><strong><b>Contactez-nous d\u00e8s maintenant !<\/b><\/strong><\/h2>\n<h4><strong><b>Si vous remplissez le formulaire ci-dessous et indiquez que vous avez besoin d'un ACO, d'une FS ou d'une FDS, nous vous contacterons g\u00e9n\u00e9ralement dans les 24 heures. Vous pouvez \u00e9galement m'envoyer un courriel <a href=\"mailto:info@longchangchemical.com\">info@longchangchemical.com<\/a> pendant les heures de travail ( 8:30 am to 6:00 pm UTC+8 Mon.~Sat. ) ou utilisez le chat en direct du site web pour obtenir une r\u00e9ponse rapide.<\/b><\/strong><\/h4>\n<p>&nbsp;<\/p>","protected":false},"excerpt":{"rendered":"<h4>Nom chimique : Acrylate de 1H,1H,2H,2H-Heptad\u00e9cafluorod\u00e9cyle<\/h4>\n<h4>Num\u00e9ro CAS : 27905-45-9<\/h4>\n<h4>Formule mol\u00e9culaire : C13H7F17O2<\/h4>\n<h4>Structure chimique :<img decoding=\"async\" title=\"image.png\" src=\"https:\/\/www.longchangchemical.com\/wp-content\/uploads\/product-details\/20200617158433.png\" alt=\"image.png\" \/><\/h4>\n<h4>Poids mol\u00e9culaire : 518,17<\/h4>\n<h4>Aspect : liquide clair<\/h4>\n<h4>Essai : 98%min<\/h4>","protected":false},"featured_media":4603,"comment_status":"open","ping_status":"closed","template":"","meta":[],"product_brand":[],"product_cat":[113],"product_tag":[],"class_list":{"0":"post-3739","1":"product","2":"type-product","3":"status-publish","4":"has-post-thumbnail","6":"product_cat-organic-intermediate","8":"first","9":"instock","10":"shipping-taxable","11":"product-type-simple"},"yoast_head":"<!-- This site is optimized with the Yoast SEO plugin v25.3.1 - https:\/\/yoast.com\/wordpress\/plugins\/seo\/ -->\n<title>China 1H,1H,2H,2H-Heptadecafluorodecyl acrylate Manufacturer \uff06 CAS 27905-45-9 Supplier - Longchang chemical Co., Ltd.<\/title>\n<meta name=\"description\" content=\"Longchang Chemical is a leading manufacturer and supplier of 1H,1H,2H,2H-Heptadecafluorodecyl acrylate in China. Buy perfluorooctylethyl acrylate in china. We can provide the best 2-(perfluorooctyl) ethyl acrylate price.\" \/>\n<meta name=\"robots\" content=\"index, follow, max-snippet:-1, max-image-preview:large, max-video-preview:-1\" \/>\n<link rel=\"canonical\" href=\"https:\/\/longchangchemical.com\/fr\/product\/cas-27905-45-9\/\" \/>\n<meta property=\"og:locale\" content=\"fr_FR\" \/>\n<meta property=\"og:type\" content=\"article\" \/>\n<meta property=\"og:title\" content=\"China 1H,1H,2H,2H-Heptadecafluorodecyl acrylate Manufacturer \uff06 CAS 27905-45-9 Supplier - Longchang chemical Co., Ltd.\" \/>\n<meta property=\"og:description\" content=\"Longchang Chemical is a leading manufacturer and supplier of 1H,1H,2H,2H-Heptadecafluorodecyl acrylate in China. Buy perfluorooctylethyl acrylate in china. We can provide the best 2-(perfluorooctyl) ethyl acrylate price.\" \/>\n<meta property=\"og:url\" content=\"https:\/\/longchangchemical.com\/fr\/product\/cas-27905-45-9\/\" \/>\n<meta property=\"og:site_name\" content=\"Longchang Chemical\" \/>\n<meta property=\"article:modified_time\" content=\"2025-12-22T08:31:57+00:00\" \/>\n<meta property=\"og:image\" content=\"https:\/\/longchangchemical.com\/wp-content\/uploads\/2021\/01\/Appearance-22.jpg\" \/>\n\t<meta property=\"og:image:width\" content=\"600\" \/>\n\t<meta property=\"og:image:height\" content=\"800\" \/>\n\t<meta property=\"og:image:type\" content=\"image\/jpeg\" \/>\n<meta name=\"twitter:card\" content=\"summary_large_image\" \/>\n<script type=\"application\/ld+json\" class=\"yoast-schema-graph\">{\"@context\":\"https:\/\/schema.org\",\"@graph\":[{\"@type\":\"WebPage\",\"@id\":\"https:\/\/longchangchemical.com\/product\/cas-27905-45-9\/\",\"url\":\"https:\/\/longchangchemical.com\/product\/cas-27905-45-9\/\",\"name\":\"China 1H,1H,2H,2H-Heptadecafluorodecyl acrylate Manufacturer \uff06 CAS 27905-45-9 Supplier - Longchang chemical Co., Ltd.\",\"isPartOf\":{\"@id\":\"https:\/\/longchangchemical.com\/#website\"},\"primaryImageOfPage\":{\"@id\":\"https:\/\/longchangchemical.com\/product\/cas-27905-45-9\/#primaryimage\"},\"image\":{\"@id\":\"https:\/\/longchangchemical.com\/product\/cas-27905-45-9\/#primaryimage\"},\"thumbnailUrl\":\"https:\/\/longchangchemical.com\/wp-content\/uploads\/2021\/01\/Appearance-22.jpg\",\"datePublished\":\"2021-05-10T13:56:46+00:00\",\"dateModified\":\"2025-12-22T08:31:57+00:00\",\"description\":\"Longchang Chemical is a leading manufacturer and supplier of 1H,1H,2H,2H-Heptadecafluorodecyl acrylate in China. Buy perfluorooctylethyl acrylate in china. We can provide the best 2-(perfluorooctyl) ethyl acrylate price.\",\"breadcrumb\":{\"@id\":\"https:\/\/longchangchemical.com\/product\/cas-27905-45-9\/#breadcrumb\"},\"inLanguage\":\"fr-FR\",\"potentialAction\":[{\"@type\":\"ReadAction\",\"target\":[\"https:\/\/longchangchemical.com\/product\/cas-27905-45-9\/\"]}]},{\"@type\":\"ImageObject\",\"inLanguage\":\"fr-FR\",\"@id\":\"https:\/\/longchangchemical.com\/product\/cas-27905-45-9\/#primaryimage\",\"url\":\"https:\/\/longchangchemical.com\/wp-content\/uploads\/2021\/01\/Appearance-22.jpg\",\"contentUrl\":\"https:\/\/longchangchemical.com\/wp-content\/uploads\/2021\/01\/Appearance-22.jpg\",\"width\":600,\"height\":800,\"caption\":\"perfluorooctylethyl acrylate Appearance\"},{\"@type\":\"BreadcrumbList\",\"@id\":\"https:\/\/longchangchemical.com\/product\/cas-27905-45-9\/#breadcrumb\",\"itemListElement\":[{\"@type\":\"ListItem\",\"position\":1,\"name\":\"Home\",\"item\":\"https:\/\/longchangchemical.com\/\"},{\"@type\":\"ListItem\",\"position\":2,\"name\":\"Products Longchang\",\"item\":\"https:\/\/longchangchemical.com\/product\/\"},{\"@type\":\"ListItem\",\"position\":3,\"name\":\"1H,1H,2H,2H-Heptadecafluorodecyl Acrylate CAS 27905-45-9\"}]},{\"@type\":\"WebSite\",\"@id\":\"https:\/\/longchangchemical.com\/#website\",\"url\":\"https:\/\/longchangchemical.com\/\",\"name\":\"Longchang Chemical\",\"description\":\"China chemical manufacturer \uff06 supplier\",\"publisher\":{\"@id\":\"https:\/\/longchangchemical.com\/#organization\"},\"potentialAction\":[{\"@type\":\"SearchAction\",\"target\":{\"@type\":\"EntryPoint\",\"urlTemplate\":\"https:\/\/longchangchemical.com\/?s={search_term_string}\"},\"query-input\":{\"@type\":\"PropertyValueSpecification\",\"valueRequired\":true,\"valueName\":\"search_term_string\"}}],\"inLanguage\":\"fr-FR\"},{\"@type\":\"Organization\",\"@id\":\"https:\/\/longchangchemical.com\/#organization\",\"name\":\"Longchang Chemical\",\"url\":\"https:\/\/longchangchemical.com\/\",\"logo\":{\"@type\":\"ImageObject\",\"inLanguage\":\"fr-FR\",\"@id\":\"https:\/\/longchangchemical.com\/#\/schema\/logo\/image\/\",\"url\":\"https:\/\/longchangchemical.com\/wp-content\/uploads\/2020\/08\/cropped-longchang-logo.png\",\"contentUrl\":\"https:\/\/longchangchemical.com\/wp-content\/uploads\/2020\/08\/cropped-longchang-logo.png\",\"width\":512,\"height\":512,\"caption\":\"Longchang Chemical\"},\"image\":{\"@id\":\"https:\/\/longchangchemical.com\/#\/schema\/logo\/image\/\"}}]}<\/script>\n<!-- \/ Yoast SEO plugin. -->","yoast_head_json":{"title":"China 1H,1H,2H,2H-Heptadecafluorodecyl acrylate Manufacturer \uff06 CAS 27905-45-9 Supplier - Longchang chemical Co., Ltd.","description":"Longchang Chemical est un fabricant et fournisseur leader d'acrylate de 1H,1H,2H,2H-Heptadecafluorodecyl en Chine. Acheter l'acrylate de perfluorooctylethyle en Chine. Nous pouvons vous fournir le meilleur prix d'acrylate de 2-(perfluorooctyle) \u00e9thyle.","robots":{"index":"index","follow":"follow","max-snippet":"max-snippet:-1","max-image-preview":"max-image-preview:large","max-video-preview":"max-video-preview:-1"},"canonical":"https:\/\/longchangchemical.com\/fr\/product\/cas-27905-45-9\/","og_locale":"fr_FR","og_type":"article","og_title":"China 1H,1H,2H,2H-Heptadecafluorodecyl acrylate Manufacturer \uff06 CAS 27905-45-9 Supplier - Longchang chemical Co., Ltd.","og_description":"Longchang Chemical is a leading manufacturer and supplier of 1H,1H,2H,2H-Heptadecafluorodecyl acrylate in China. Buy perfluorooctylethyl acrylate in china. We can provide the best 2-(perfluorooctyl) ethyl acrylate price.","og_url":"https:\/\/longchangchemical.com\/fr\/product\/cas-27905-45-9\/","og_site_name":"Longchang Chemical","article_modified_time":"2025-12-22T08:31:57+00:00","og_image":[{"width":600,"height":800,"url":"https:\/\/longchangchemical.com\/wp-content\/uploads\/2021\/01\/Appearance-22.jpg","type":"image\/jpeg"}],"twitter_card":"summary_large_image","schema":{"@context":"https:\/\/schema.org","@graph":[{"@type":"WebPage","@id":"https:\/\/longchangchemical.com\/product\/cas-27905-45-9\/","url":"https:\/\/longchangchemical.com\/product\/cas-27905-45-9\/","name":"China 1H,1H,2H,2H-Heptadecafluorodecyl acrylate Manufacturer \uff06 CAS 27905-45-9 Supplier - Longchang chemical Co., Ltd.","isPartOf":{"@id":"https:\/\/longchangchemical.com\/#website"},"primaryImageOfPage":{"@id":"https:\/\/longchangchemical.com\/product\/cas-27905-45-9\/#primaryimage"},"image":{"@id":"https:\/\/longchangchemical.com\/product\/cas-27905-45-9\/#primaryimage"},"thumbnailUrl":"https:\/\/longchangchemical.com\/wp-content\/uploads\/2021\/01\/Appearance-22.jpg","datePublished":"2021-05-10T13:56:46+00:00","dateModified":"2025-12-22T08:31:57+00:00","description":"Longchang Chemical est un fabricant et fournisseur leader d'acrylate de 1H,1H,2H,2H-Heptadecafluorodecyl en Chine. Acheter l'acrylate de perfluorooctylethyle en Chine. Nous pouvons vous fournir le meilleur prix d'acrylate de 2-(perfluorooctyle) \u00e9thyle.","breadcrumb":{"@id":"https:\/\/longchangchemical.com\/product\/cas-27905-45-9\/#breadcrumb"},"inLanguage":"fr-FR","potentialAction":[{"@type":"ReadAction","target":["https:\/\/longchangchemical.com\/product\/cas-27905-45-9\/"]}]},{"@type":"ImageObject","inLanguage":"fr-FR","@id":"https:\/\/longchangchemical.com\/product\/cas-27905-45-9\/#primaryimage","url":"https:\/\/longchangchemical.com\/wp-content\/uploads\/2021\/01\/Appearance-22.jpg","contentUrl":"https:\/\/longchangchemical.com\/wp-content\/uploads\/2021\/01\/Appearance-22.jpg","width":600,"height":800,"caption":"perfluorooctylethyl acrylate Appearance"},{"@type":"BreadcrumbList","@id":"https:\/\/longchangchemical.com\/product\/cas-27905-45-9\/#breadcrumb","itemListElement":[{"@type":"ListItem","position":1,"name":"Home","item":"https:\/\/longchangchemical.com\/"},{"@type":"ListItem","position":2,"name":"Products Longchang","item":"https:\/\/longchangchemical.com\/product\/"},{"@type":"ListItem","position":3,"name":"1H,1H,2H,2H-Heptadecafluorodecyl Acrylate CAS 27905-45-9"}]},{"@type":"WebSite","@id":"https:\/\/longchangchemical.com\/#website","url":"https:\/\/longchangchemical.com\/","name":"Longchang Chemical","description":"Fabricant chinois de produits chimiques \uff06 fournisseur","publisher":{"@id":"https:\/\/longchangchemical.com\/#organization"},"potentialAction":[{"@type":"SearchAction","target":{"@type":"EntryPoint","urlTemplate":"https:\/\/longchangchemical.com\/?s={search_term_string}"},"query-input":{"@type":"PropertyValueSpecification","valueRequired":true,"valueName":"search_term_string"}}],"inLanguage":"fr-FR"},{"@type":"Organization","@id":"https:\/\/longchangchemical.com\/#organization","name":"Longchang Chemical","url":"https:\/\/longchangchemical.com\/","logo":{"@type":"ImageObject","inLanguage":"fr-FR","@id":"https:\/\/longchangchemical.com\/#\/schema\/logo\/image\/","url":"https:\/\/longchangchemical.com\/wp-content\/uploads\/2020\/08\/cropped-longchang-logo.png","contentUrl":"https:\/\/longchangchemical.com\/wp-content\/uploads\/2020\/08\/cropped-longchang-logo.png","width":512,"height":512,"caption":"Longchang Chemical"},"image":{"@id":"https:\/\/longchangchemical.com\/#\/schema\/logo\/image\/"}}]}},"_links":{"self":[{"href":"https:\/\/longchangchemical.com\/fr\/wp-json\/wp\/v2\/product\/3739","targetHints":{"allow":["GET"]}}],"collection":[{"href":"https:\/\/longchangchemical.com\/fr\/wp-json\/wp\/v2\/product"}],"about":[{"href":"https:\/\/longchangchemical.com\/fr\/wp-json\/wp\/v2\/types\/product"}],"replies":[{"embeddable":true,"href":"https:\/\/longchangchemical.com\/fr\/wp-json\/wp\/v2\/comments?post=3739"}],"wp:featuredmedia":[{"embeddable":true,"href":"https:\/\/longchangchemical.com\/fr\/wp-json\/wp\/v2\/media\/4603"}],"wp:attachment":[{"href":"https:\/\/longchangchemical.com\/fr\/wp-json\/wp\/v2\/media?parent=3739"}],"wp:term":[{"taxonomy":"product_brand","embeddable":true,"href":"https:\/\/longchangchemical.com\/fr\/wp-json\/wp\/v2\/product_brand?post=3739"},{"taxonomy":"product_cat","embeddable":true,"href":"https:\/\/longchangchemical.com\/fr\/wp-json\/wp\/v2\/product_cat?post=3739"},{"taxonomy":"product_tag","embeddable":true,"href":"https:\/\/longchangchemical.com\/fr\/wp-json\/wp\/v2\/product_tag?post=3739"}],"curies":[{"name":"wp","href":"https:\/\/api.w.org\/{rel}","templated":true}]}}