{"id":3726,"date":"2023-05-08T11:41:49","date_gmt":"2023-05-08T11:41:49","guid":{"rendered":"https:\/\/longchangchemical.com\/?post_type=product&#038;p=3726"},"modified":"2026-01-09T07:18:27","modified_gmt":"2026-01-09T07:18:27","slug":"lcsorb-bp-4-cas-4065-45-6","status":"publish","type":"product","link":"https:\/\/longchangchemical.com\/fr\/product\/lcsorb-bp-4-cas-4065-45-6\/","title":{"rendered":"CHLUMIUV\u00ae BP-4 CAS 4065-45-6"},"content":{"rendered":"<h1><strong>BP-4 CAS 4065-45-6<\/strong><\/h1>\n<table class=\"table-1\" cellspacing=\"1\">\n<tbody>\n<tr>\n<td>Objet<\/td>\n<td>Sp\u00e9cifications<\/td>\n<\/tr>\n<tr>\n<td>Apparence<\/td>\n<td>Poudre cristalline blanc cass\u00e9 ou jaune clair<\/td>\n<\/tr>\n<tr>\n<td>MeltingPoint<\/td>\n<td>\u2265140\u00b0C<\/td>\n<\/tr>\n<tr>\n<td rowspan=\"2\">SpecificExtinction(1%,1cm)<\/td>\n<td>E285:\u2265460<\/td>\n<\/tr>\n<tr>\n<td>E325:\u2265290<\/td>\n<\/tr>\n<tr>\n<td>Perte de s\u00e9chage<\/td>\n<td>\u22643.0%<\/td>\n<\/tr>\n<tr>\n<td>Gardnercolor<\/td>\n<td>\u22642.0<\/td>\n<\/tr>\n<tr>\n<td>M\u00e9taux lourds<\/td>\n<td>\u22645ppm<\/td>\n<\/tr>\n<tr>\n<td>Turbidit\u00e9<\/td>\n<td>\u22644.0EBC<\/td>\n<\/tr>\n<tr>\n<td>Valeur de la PH<\/td>\n<td>1.2~2.2<\/td>\n<\/tr>\n<tr>\n<td>Essai<\/td>\n<td>\u226599.0%<\/td>\n<\/tr>\n<\/tbody>\n<\/table>\n<p><strong>Acide 2-hydroxy-4-m\u00e9thoxybenzoph\u00e9none-5-sulfonique Utilisation<\/strong><\/p>\n<p>1. Principalement utilis\u00e9 pour les produits cosm\u00e9tiques solubles dans l'eau comme r\u00e9sistance \u00e0 l'eau dans les \u00e9crans solaires, peut \u00e9galement \u00eatre utilis\u00e9 dans d'autres encres solubles dans l'eau, la peinture, etc. pour absorber les UV.<\/p>\n<p>2. En tant qu'agent de finition anti-ultraviolet pour les tissus en coton, la fibre de polyester a un bon effet anti-vieillissement et adoucissant.<\/p>\n<p>3. Principalement utilis\u00e9 pour les produits cosm\u00e9tiques solubles dans l'eau comme r\u00e9sistance \u00e0 l'eau dans les \u00e9crans solaires, peut \u00e9galement \u00eatre utilis\u00e9 dans d'autres encres solubles dans l'eau, la peinture, etc. pour absorber les UV.<\/p>\n<p>4. Absorbeur d'UV \u00e0 large spectre, absorption \u00e0 haute efficacit\u00e9, effets secondaires non toxiques, pas de t\u00e9ratog\u00e9nicit\u00e9, optique, la stabilit\u00e9 thermique est bonne attendre un avantage, il peut \u00e9galement absorber uv-a et UV - B, est approuv\u00e9 par la FDA \u2160 type de cr\u00e8me solaire, la fr\u00e9quence d'utilisation est plus \u00e9lev\u00e9e aux \u00c9tats-Unis et en Europe, largement utilis\u00e9 dans la lotion solaire, cr\u00e8me, miel, latex, huile et autres cosm\u00e9tiques solaires comme agent de finition anti-ultraviolet, le tissu de coton, la fibre de polyester a un bon effet anti-vieillissement et adoucissant.<\/p>\n<p><strong>Emballage et exp\u00e9dition de l'acide 2-hydroxy-4-m\u00e9thoxybenzoph\u00e9none-5-sulfonique<\/strong><\/p>\n<p>Seau en carton, poids net : 25 kg par tambour.<\/p>\n<p><strong>Acide 2-hydroxy-4-m\u00e9thoxybenzoph\u00e9none-5-sulfonique Stockage<\/strong><\/p>\n<p>Conserver dans un endroit frais et sec et ventil\u00e9.<\/p>\n<p>&nbsp;<\/p>\n<h2><strong>Contactez-nous d\u00e8s maintenant !<\/strong><\/h2>\n<p><strong>Si vous avez besoin de COA, MSDS ou TDS de <span style=\"color: #00ccff;\"><a style=\"color: #00ccff;\" href=\"https:\/\/longchangchemical.com\/fr\/product-category\/lcsorb-uv-absorber\/\">Absorbeur d'UV lcsorb<\/a><\/span>Si vous avez besoin d'aide, veuillez indiquer vos coordonn\u00e9es dans le formulaire ci-dessous. Nous vous contacterons g\u00e9n\u00e9ralement dans les 24 heures. Vous pouvez \u00e9galement m'envoyer un courriel <span style=\"color: #00ccff;\"><a style=\"color: #00ccff;\" href=\"mailto:info@longchangchemical.com\">info@longchangchemical.com<\/a> <\/span>pendant les heures de travail ( 8:30 am to 6:00 pm UTC+8 Mon.~Sat. ) ou utilisez le chat en direct du site web pour obtenir une r\u00e9ponse rapide.<\/strong><\/p>","protected":false},"excerpt":{"rendered":"<p>Nom chimique : Acide 2-hydroxy-4-m\u00e9thoxy-benzoph\u00e9none-5-sulfonique<\/p>\n<p>CAS NO : 4065-45-6<\/p>\n<p>Formule mol\u00e9culaire : C14H12O6S<\/p>\n<p>Poids mol\u00e9culaire : 308,31<\/p>\n<p>Aspect : poudre cristalline blanc cass\u00e9 ou jaune clair<\/p>\n<p>Dosage:\u226599.0%<\/p>","protected":false},"featured_media":7945,"comment_status":"open","ping_status":"closed","template":"","meta":[],"product_brand":[],"product_cat":[139],"product_tag":[],"class_list":{"0":"post-3726","1":"product","2":"type-product","3":"status-publish","4":"has-post-thumbnail","6":"product_cat-lcsorb-uv-absorber","8":"first","9":"instock","10":"shipping-taxable","11":"product-type-simple"},"yoast_head":"<!-- This site is optimized with the Yoast SEO plugin v25.3.1 - https:\/\/yoast.com\/wordpress\/plugins\/seo\/ -->\n<title>China CHLUMIUV\u00ae BP-4 CAS 4065-45-6 Manufacturer - Longchang Chemical<\/title>\n<meta name=\"description\" content=\"CHLUMIUV\u00ae BP-4 CAS 4065-45-6 is a key product of Longchang Chemical. We provide the best price. We are the leading manufacturer in China with the best quality and competitive price.\" \/>\n<meta name=\"robots\" content=\"index, follow, max-snippet:-1, max-image-preview:large, max-video-preview:-1\" \/>\n<link rel=\"canonical\" href=\"https:\/\/longchangchemical.com\/fr\/product\/lcsorb-bp-4-cas-4065-45-6\/\" \/>\n<meta property=\"og:locale\" content=\"fr_FR\" \/>\n<meta property=\"og:type\" content=\"article\" \/>\n<meta property=\"og:title\" content=\"China CHLUMIUV\u00ae BP-4 CAS 4065-45-6 Manufacturer - Longchang Chemical\" \/>\n<meta property=\"og:description\" content=\"CHLUMIUV\u00ae BP-4 CAS 4065-45-6 is a key product of Longchang Chemical. We provide the best price. We are the leading manufacturer in China with the best quality and competitive price.\" \/>\n<meta property=\"og:url\" content=\"https:\/\/longchangchemical.com\/fr\/product\/lcsorb-bp-4-cas-4065-45-6\/\" \/>\n<meta property=\"og:site_name\" content=\"Longchang Chemical\" \/>\n<meta property=\"article:modified_time\" content=\"2026-01-09T07:18:27+00:00\" \/>\n<meta property=\"og:image\" content=\"https:\/\/longchangchemical.com\/wp-content\/uploads\/2023\/05\/4065-45-6.jpg\" \/>\n\t<meta property=\"og:image:width\" content=\"600\" \/>\n\t<meta property=\"og:image:height\" content=\"600\" \/>\n\t<meta property=\"og:image:type\" content=\"image\/jpeg\" \/>\n<meta name=\"twitter:card\" content=\"summary_large_image\" \/>\n<script type=\"application\/ld+json\" class=\"yoast-schema-graph\">{\"@context\":\"https:\/\/schema.org\",\"@graph\":[{\"@type\":\"WebPage\",\"@id\":\"https:\/\/longchangchemical.com\/product\/lcsorb-bp-4-cas-4065-45-6\/\",\"url\":\"https:\/\/longchangchemical.com\/product\/lcsorb-bp-4-cas-4065-45-6\/\",\"name\":\"China CHLUMIUV\u00ae BP-4 CAS 4065-45-6 Manufacturer - Longchang Chemical\",\"isPartOf\":{\"@id\":\"https:\/\/longchangchemical.com\/#website\"},\"primaryImageOfPage\":{\"@id\":\"https:\/\/longchangchemical.com\/product\/lcsorb-bp-4-cas-4065-45-6\/#primaryimage\"},\"image\":{\"@id\":\"https:\/\/longchangchemical.com\/product\/lcsorb-bp-4-cas-4065-45-6\/#primaryimage\"},\"thumbnailUrl\":\"https:\/\/longchangchemical.com\/wp-content\/uploads\/2023\/05\/4065-45-6.jpg\",\"datePublished\":\"2023-05-08T11:41:49+00:00\",\"dateModified\":\"2026-01-09T07:18:27+00:00\",\"description\":\"CHLUMIUV\u00ae BP-4 CAS 4065-45-6 is a key product of Longchang Chemical. We provide the best price. We are the leading manufacturer in China with the best quality and competitive price.\",\"breadcrumb\":{\"@id\":\"https:\/\/longchangchemical.com\/product\/lcsorb-bp-4-cas-4065-45-6\/#breadcrumb\"},\"inLanguage\":\"fr-FR\",\"potentialAction\":[{\"@type\":\"ReadAction\",\"target\":[\"https:\/\/longchangchemical.com\/product\/lcsorb-bp-4-cas-4065-45-6\/\"]}]},{\"@type\":\"ImageObject\",\"inLanguage\":\"fr-FR\",\"@id\":\"https:\/\/longchangchemical.com\/product\/lcsorb-bp-4-cas-4065-45-6\/#primaryimage\",\"url\":\"https:\/\/longchangchemical.com\/wp-content\/uploads\/2023\/05\/4065-45-6.jpg\",\"contentUrl\":\"https:\/\/longchangchemical.com\/wp-content\/uploads\/2023\/05\/4065-45-6.jpg\",\"width\":600,\"height\":600},{\"@type\":\"BreadcrumbList\",\"@id\":\"https:\/\/longchangchemical.com\/product\/lcsorb-bp-4-cas-4065-45-6\/#breadcrumb\",\"itemListElement\":[{\"@type\":\"ListItem\",\"position\":1,\"name\":\"Home\",\"item\":\"https:\/\/longchangchemical.com\/\"},{\"@type\":\"ListItem\",\"position\":2,\"name\":\"Products Longchang\",\"item\":\"https:\/\/longchangchemical.com\/product\/\"},{\"@type\":\"ListItem\",\"position\":3,\"name\":\"CHLUMIUV\u00ae BP-4 CAS 4065-45-6\"}]},{\"@type\":\"WebSite\",\"@id\":\"https:\/\/longchangchemical.com\/#website\",\"url\":\"https:\/\/longchangchemical.com\/\",\"name\":\"Longchang Chemical\",\"description\":\"China chemical manufacturer \uff06 supplier\",\"publisher\":{\"@id\":\"https:\/\/longchangchemical.com\/#organization\"},\"potentialAction\":[{\"@type\":\"SearchAction\",\"target\":{\"@type\":\"EntryPoint\",\"urlTemplate\":\"https:\/\/longchangchemical.com\/?s={search_term_string}\"},\"query-input\":{\"@type\":\"PropertyValueSpecification\",\"valueRequired\":true,\"valueName\":\"search_term_string\"}}],\"inLanguage\":\"fr-FR\"},{\"@type\":\"Organization\",\"@id\":\"https:\/\/longchangchemical.com\/#organization\",\"name\":\"Longchang Chemical\",\"url\":\"https:\/\/longchangchemical.com\/\",\"logo\":{\"@type\":\"ImageObject\",\"inLanguage\":\"fr-FR\",\"@id\":\"https:\/\/longchangchemical.com\/#\/schema\/logo\/image\/\",\"url\":\"https:\/\/longchangchemical.com\/wp-content\/uploads\/2020\/08\/cropped-longchang-logo.png\",\"contentUrl\":\"https:\/\/longchangchemical.com\/wp-content\/uploads\/2020\/08\/cropped-longchang-logo.png\",\"width\":512,\"height\":512,\"caption\":\"Longchang Chemical\"},\"image\":{\"@id\":\"https:\/\/longchangchemical.com\/#\/schema\/logo\/image\/\"}}]}<\/script>\n<!-- \/ Yoast SEO plugin. -->","yoast_head_json":{"title":"CHLUMIUV\u00ae BP-4 CAS 4065-45-6 fabricant chinois - Longchang Chemical","description":"CHLUMIUV\u00ae BP-4 CAS 4065-45-6 est un produit cl\u00e9 de Longchang Chemical. Nous fournissons le meilleur prix. Nous sommes le principal fabricant en Chine avec la meilleure qualit\u00e9 et un prix comp\u00e9titif.","robots":{"index":"index","follow":"follow","max-snippet":"max-snippet:-1","max-image-preview":"max-image-preview:large","max-video-preview":"max-video-preview:-1"},"canonical":"https:\/\/longchangchemical.com\/fr\/product\/lcsorb-bp-4-cas-4065-45-6\/","og_locale":"fr_FR","og_type":"article","og_title":"China CHLUMIUV\u00ae BP-4 CAS 4065-45-6 Manufacturer - Longchang Chemical","og_description":"CHLUMIUV\u00ae BP-4 CAS 4065-45-6 is a key product of Longchang Chemical. We provide the best price. We are the leading manufacturer in China with the best quality and competitive price.","og_url":"https:\/\/longchangchemical.com\/fr\/product\/lcsorb-bp-4-cas-4065-45-6\/","og_site_name":"Longchang Chemical","article_modified_time":"2026-01-09T07:18:27+00:00","og_image":[{"width":600,"height":600,"url":"https:\/\/longchangchemical.com\/wp-content\/uploads\/2023\/05\/4065-45-6.jpg","type":"image\/jpeg"}],"twitter_card":"summary_large_image","schema":{"@context":"https:\/\/schema.org","@graph":[{"@type":"WebPage","@id":"https:\/\/longchangchemical.com\/product\/lcsorb-bp-4-cas-4065-45-6\/","url":"https:\/\/longchangchemical.com\/product\/lcsorb-bp-4-cas-4065-45-6\/","name":"CHLUMIUV\u00ae BP-4 CAS 4065-45-6 fabricant chinois - Longchang Chemical","isPartOf":{"@id":"https:\/\/longchangchemical.com\/#website"},"primaryImageOfPage":{"@id":"https:\/\/longchangchemical.com\/product\/lcsorb-bp-4-cas-4065-45-6\/#primaryimage"},"image":{"@id":"https:\/\/longchangchemical.com\/product\/lcsorb-bp-4-cas-4065-45-6\/#primaryimage"},"thumbnailUrl":"https:\/\/longchangchemical.com\/wp-content\/uploads\/2023\/05\/4065-45-6.jpg","datePublished":"2023-05-08T11:41:49+00:00","dateModified":"2026-01-09T07:18:27+00:00","description":"CHLUMIUV\u00ae BP-4 CAS 4065-45-6 est un produit cl\u00e9 de Longchang Chemical. Nous fournissons le meilleur prix. Nous sommes le principal fabricant en Chine avec la meilleure qualit\u00e9 et un prix comp\u00e9titif.","breadcrumb":{"@id":"https:\/\/longchangchemical.com\/product\/lcsorb-bp-4-cas-4065-45-6\/#breadcrumb"},"inLanguage":"fr-FR","potentialAction":[{"@type":"ReadAction","target":["https:\/\/longchangchemical.com\/product\/lcsorb-bp-4-cas-4065-45-6\/"]}]},{"@type":"ImageObject","inLanguage":"fr-FR","@id":"https:\/\/longchangchemical.com\/product\/lcsorb-bp-4-cas-4065-45-6\/#primaryimage","url":"https:\/\/longchangchemical.com\/wp-content\/uploads\/2023\/05\/4065-45-6.jpg","contentUrl":"https:\/\/longchangchemical.com\/wp-content\/uploads\/2023\/05\/4065-45-6.jpg","width":600,"height":600},{"@type":"BreadcrumbList","@id":"https:\/\/longchangchemical.com\/product\/lcsorb-bp-4-cas-4065-45-6\/#breadcrumb","itemListElement":[{"@type":"ListItem","position":1,"name":"Home","item":"https:\/\/longchangchemical.com\/"},{"@type":"ListItem","position":2,"name":"Products Longchang","item":"https:\/\/longchangchemical.com\/product\/"},{"@type":"ListItem","position":3,"name":"CHLUMIUV\u00ae BP-4 CAS 4065-45-6"}]},{"@type":"WebSite","@id":"https:\/\/longchangchemical.com\/#website","url":"https:\/\/longchangchemical.com\/","name":"Longchang Chemical","description":"Fabricant chinois de produits chimiques \uff06 fournisseur","publisher":{"@id":"https:\/\/longchangchemical.com\/#organization"},"potentialAction":[{"@type":"SearchAction","target":{"@type":"EntryPoint","urlTemplate":"https:\/\/longchangchemical.com\/?s={search_term_string}"},"query-input":{"@type":"PropertyValueSpecification","valueRequired":true,"valueName":"search_term_string"}}],"inLanguage":"fr-FR"},{"@type":"Organization","@id":"https:\/\/longchangchemical.com\/#organization","name":"Longchang Chemical","url":"https:\/\/longchangchemical.com\/","logo":{"@type":"ImageObject","inLanguage":"fr-FR","@id":"https:\/\/longchangchemical.com\/#\/schema\/logo\/image\/","url":"https:\/\/longchangchemical.com\/wp-content\/uploads\/2020\/08\/cropped-longchang-logo.png","contentUrl":"https:\/\/longchangchemical.com\/wp-content\/uploads\/2020\/08\/cropped-longchang-logo.png","width":512,"height":512,"caption":"Longchang Chemical"},"image":{"@id":"https:\/\/longchangchemical.com\/#\/schema\/logo\/image\/"}}]}},"_links":{"self":[{"href":"https:\/\/longchangchemical.com\/fr\/wp-json\/wp\/v2\/product\/3726","targetHints":{"allow":["GET"]}}],"collection":[{"href":"https:\/\/longchangchemical.com\/fr\/wp-json\/wp\/v2\/product"}],"about":[{"href":"https:\/\/longchangchemical.com\/fr\/wp-json\/wp\/v2\/types\/product"}],"replies":[{"embeddable":true,"href":"https:\/\/longchangchemical.com\/fr\/wp-json\/wp\/v2\/comments?post=3726"}],"wp:featuredmedia":[{"embeddable":true,"href":"https:\/\/longchangchemical.com\/fr\/wp-json\/wp\/v2\/media\/7945"}],"wp:attachment":[{"href":"https:\/\/longchangchemical.com\/fr\/wp-json\/wp\/v2\/media?parent=3726"}],"wp:term":[{"taxonomy":"product_brand","embeddable":true,"href":"https:\/\/longchangchemical.com\/fr\/wp-json\/wp\/v2\/product_brand?post=3726"},{"taxonomy":"product_cat","embeddable":true,"href":"https:\/\/longchangchemical.com\/fr\/wp-json\/wp\/v2\/product_cat?post=3726"},{"taxonomy":"product_tag","embeddable":true,"href":"https:\/\/longchangchemical.com\/fr\/wp-json\/wp\/v2\/product_tag?post=3726"}],"curies":[{"name":"wp","href":"https:\/\/api.w.org\/{rel}","templated":true}]}}