{"id":3721,"date":"2023-05-07T15:06:32","date_gmt":"2023-05-07T15:06:32","guid":{"rendered":"https:\/\/longchangchemical.com\/?post_type=product&#038;p=3721"},"modified":"2026-01-09T08:38:42","modified_gmt":"2026-01-09T08:38:42","slug":"lcsorb-bp-3-cas-131-57-7","status":"publish","type":"product","link":"https:\/\/longchangchemical.com\/fr\/product\/lcsorb-bp-3-cas-131-57-7\/","title":{"rendered":"CHLUMIUV\u00ae BP-3 \/ benzoph\u00e9none-3 CAS 131-57-7"},"content":{"rendered":"<h1><strong>BP-3 \/ benzoph\u00e9none-3 CAS 131-57-7<\/strong><\/h1>\n<table class=\"table-1\">\n<tbody>\n<tr>\n<td>Articles<\/td>\n<td>Standard<\/td>\n<\/tr>\n<tr>\n<td>Apparence<\/td>\n<td>Poudre cristalline jaune clair et verte<\/td>\n<\/tr>\n<tr>\n<td>Point de fusion<\/td>\n<td>62.0-65.0\u2103<\/td>\n<\/tr>\n<tr>\n<td>La puret\u00e9<\/td>\n<td>\u226599.0%<\/td>\n<\/tr>\n<tr>\n<td>Coefficient d'absorption des UV (1%, 1cm)E288<\/td>\n<td>\u2265630<\/td>\n<\/tr>\n<tr>\n<td>Coefficient d'absorption des UV (1%, 1cm)E325<\/td>\n<td>\u2265410<\/td>\n<\/tr>\n<tr>\n<td>Perte au s\u00e9chage<\/td>\n<td>\u22640.2\uff05<\/td>\n<\/tr>\n<tr>\n<td>Couleur Gardner<\/td>\n<td>\u22644.0<\/td>\n<\/tr>\n<tr>\n<td>R\u00e9sidus d'allumage<\/td>\n<td>\u2264 0,1 %<\/td>\n<\/tr>\n<tr>\n<td>M\u00e9tal lourd<\/td>\n<td>\u22645 ppm<\/td>\n<\/tr>\n<\/tbody>\n<\/table>\n<p><strong>Benzoph\u00e9none-3<\/strong><\/p>\n<h1 class=\"product_title entry-title\">benzoph\u00e9none-3 cas 131-57-7<\/h1>\n<p>1. il s'agit d'un absorbeur d'UV \u00e0 large spectre<\/p>\n<p>2. il pr\u00e9sente les avantages d'un taux d'absorption \u00e9lev\u00e9, d'une absence de toxicit\u00e9 et d'effets t\u00e9ratog\u00e8nes.<\/p>\n<p>3. il peut absorber \u00e0 la fois les UV-A et les UV-B<\/p>\n<p>4. largement utilis\u00e9 dans les produits cosm\u00e9tiques solaires tels que les cr\u00e8mes solaires, les cr\u00e8mes, les miels, les lotions, etc.<\/p>\n<p>5. il peut \u00e9galement \u00eatre utilis\u00e9 comme agent anti-ternissement pour les produits d\u00e9color\u00e9s par la photosensibilit\u00e9.<\/p>\n<p><strong>Benzophenone-3Emballage et exp\u00e9dition<\/strong><\/p>\n<p>Tambour en carton de 25 kg<\/p>\n<p><strong>Benzoph\u00e9none-3Stockage<\/strong><\/p>\n<p>Stock\u00e9 dans un conteneur herm\u00e9tique.<\/p>\n<h2><strong>Contactez-nous d\u00e8s maintenant !<\/strong><\/h2>\n<p><strong>Si vous avez besoin de COA, MSDS ou TDS de <span style=\"color: #00ccff;\"><a style=\"color: #00ccff;\" href=\"https:\/\/longchangchemical.com\/fr\/product-category\/lcsorb-uv-absorber\/\">Absorbeur d'UV lcsorb<\/a><\/span>Si vous avez besoin d'aide, veuillez indiquer vos coordonn\u00e9es dans le formulaire ci-dessous. Nous vous contacterons g\u00e9n\u00e9ralement dans les 24 heures. Vous pouvez \u00e9galement m'envoyer un courriel <span style=\"color: #00ccff;\"><a style=\"color: #00ccff;\" href=\"mailto:info@longchangchemical.com\">info@longchangchemical.com<\/a> <\/span>pendant les heures de travail ( 8:30 am to 6:00 pm UTC+8 Mon.~Sat. ) ou utilisez le chat en direct du site web pour obtenir une r\u00e9ponse rapide.<\/strong><\/p>","protected":false},"excerpt":{"rendered":"<p>Nom chimique : Benzoph\u00e9none-3<\/p>\n<p>Num\u00e9ro CAS : 131-57-7<br \/>\nFormule mol\u00e9culaire : C14H12O3<\/p>\n<p>Structure chimique :<img decoding=\"async\" title=\"image.png\" src=\"https:\/\/www.longchangchemical.com\/wp-content\/uploads\/product-details\/20200617207706.png\" alt=\"image.png\" \/><\/p>\n<p>Poids mol\u00e9culaire : 228,24<\/p>\n<p>Aspect : poudre cristalline jaune clair et verte<\/p>","protected":false},"featured_media":7947,"comment_status":"open","ping_status":"closed","template":"","meta":[],"product_brand":[],"product_cat":[139],"product_tag":[],"class_list":{"0":"post-3721","1":"product","2":"type-product","3":"status-publish","4":"has-post-thumbnail","6":"product_cat-lcsorb-uv-absorber","8":"first","9":"instock","10":"shipping-taxable","11":"product-type-simple"},"yoast_head":"<!-- This site is optimized with the Yoast SEO plugin v25.3.1 - https:\/\/yoast.com\/wordpress\/plugins\/seo\/ -->\n<title>China BP-3 \/ benzophenone-3 CAS 131-57-7 Manufacturer - Longchang Chemical<\/title>\n<meta name=\"description\" content=\"BP-3 \/ UV-9,chemical name is Benzophenone-3;Oxybenzone,2-hydroxy-4-methoxybenzophenone,can replace Escalol 567;Eversorb 11,SpecAUV BP-3;Speedblock UV-9,UVINOL M40,Eusolex 4360;Lankromark LE296,used as ultraviolet absorber and is the key product of Longchang Chemical. We are the leading uv material manufacturer and supplier in China with the best quanlity and competitive price.\" \/>\n<meta name=\"robots\" content=\"index, follow, max-snippet:-1, max-image-preview:large, max-video-preview:-1\" \/>\n<link rel=\"canonical\" href=\"https:\/\/longchangchemical.com\/fr\/product\/lcsorb-bp-3-cas-131-57-7\/\" \/>\n<meta property=\"og:locale\" content=\"fr_FR\" \/>\n<meta property=\"og:type\" content=\"article\" \/>\n<meta property=\"og:title\" content=\"China BP-3 \/ benzophenone-3 CAS 131-57-7 Manufacturer - Longchang Chemical\" \/>\n<meta property=\"og:description\" content=\"BP-3 \/ UV-9,chemical name is Benzophenone-3;Oxybenzone,2-hydroxy-4-methoxybenzophenone,can replace Escalol 567;Eversorb 11,SpecAUV BP-3;Speedblock UV-9,UVINOL M40,Eusolex 4360;Lankromark LE296,used as ultraviolet absorber and is the key product of Longchang Chemical. We are the leading uv material manufacturer and supplier in China with the best quanlity and competitive price.\" \/>\n<meta property=\"og:url\" content=\"https:\/\/longchangchemical.com\/fr\/product\/lcsorb-bp-3-cas-131-57-7\/\" \/>\n<meta property=\"og:site_name\" content=\"Longchang Chemical\" \/>\n<meta property=\"article:modified_time\" content=\"2026-01-09T08:38:42+00:00\" \/>\n<meta property=\"og:image\" content=\"https:\/\/longchangchemical.com\/wp-content\/uploads\/2023\/05\/131-57-7.jpg\" \/>\n\t<meta property=\"og:image:width\" content=\"600\" \/>\n\t<meta property=\"og:image:height\" content=\"600\" \/>\n\t<meta property=\"og:image:type\" content=\"image\/jpeg\" \/>\n<meta name=\"twitter:card\" content=\"summary_large_image\" \/>\n<script type=\"application\/ld+json\" class=\"yoast-schema-graph\">{\"@context\":\"https:\/\/schema.org\",\"@graph\":[{\"@type\":\"WebPage\",\"@id\":\"https:\/\/longchangchemical.com\/product\/lcsorb-bp-3-cas-131-57-7\/\",\"url\":\"https:\/\/longchangchemical.com\/product\/lcsorb-bp-3-cas-131-57-7\/\",\"name\":\"China BP-3 \/ benzophenone-3 CAS 131-57-7 Manufacturer - Longchang Chemical\",\"isPartOf\":{\"@id\":\"https:\/\/longchangchemical.com\/#website\"},\"primaryImageOfPage\":{\"@id\":\"https:\/\/longchangchemical.com\/product\/lcsorb-bp-3-cas-131-57-7\/#primaryimage\"},\"image\":{\"@id\":\"https:\/\/longchangchemical.com\/product\/lcsorb-bp-3-cas-131-57-7\/#primaryimage\"},\"thumbnailUrl\":\"https:\/\/longchangchemical.com\/wp-content\/uploads\/2023\/05\/131-57-7.jpg\",\"datePublished\":\"2023-05-07T15:06:32+00:00\",\"dateModified\":\"2026-01-09T08:38:42+00:00\",\"description\":\"BP-3 \/ UV-9,chemical name is Benzophenone-3;Oxybenzone,2-hydroxy-4-methoxybenzophenone,can replace Escalol 567;Eversorb 11,SpecAUV BP-3;Speedblock UV-9,UVINOL M40,Eusolex 4360;Lankromark LE296,used as ultraviolet absorber and is the key product of Longchang Chemical. We are the leading uv material manufacturer and supplier in China with the best quanlity and competitive price.\",\"breadcrumb\":{\"@id\":\"https:\/\/longchangchemical.com\/product\/lcsorb-bp-3-cas-131-57-7\/#breadcrumb\"},\"inLanguage\":\"fr-FR\",\"potentialAction\":[{\"@type\":\"ReadAction\",\"target\":[\"https:\/\/longchangchemical.com\/product\/lcsorb-bp-3-cas-131-57-7\/\"]}]},{\"@type\":\"ImageObject\",\"inLanguage\":\"fr-FR\",\"@id\":\"https:\/\/longchangchemical.com\/product\/lcsorb-bp-3-cas-131-57-7\/#primaryimage\",\"url\":\"https:\/\/longchangchemical.com\/wp-content\/uploads\/2023\/05\/131-57-7.jpg\",\"contentUrl\":\"https:\/\/longchangchemical.com\/wp-content\/uploads\/2023\/05\/131-57-7.jpg\",\"width\":600,\"height\":600},{\"@type\":\"BreadcrumbList\",\"@id\":\"https:\/\/longchangchemical.com\/product\/lcsorb-bp-3-cas-131-57-7\/#breadcrumb\",\"itemListElement\":[{\"@type\":\"ListItem\",\"position\":1,\"name\":\"Home\",\"item\":\"https:\/\/longchangchemical.com\/\"},{\"@type\":\"ListItem\",\"position\":2,\"name\":\"Products Longchang\",\"item\":\"https:\/\/longchangchemical.com\/product\/\"},{\"@type\":\"ListItem\",\"position\":3,\"name\":\"CHLUMIUV\u00ae BP-3 \/ benzophenone-3 CAS 131-57-7\"}]},{\"@type\":\"WebSite\",\"@id\":\"https:\/\/longchangchemical.com\/#website\",\"url\":\"https:\/\/longchangchemical.com\/\",\"name\":\"Longchang Chemical\",\"description\":\"China chemical manufacturer \uff06 supplier\",\"publisher\":{\"@id\":\"https:\/\/longchangchemical.com\/#organization\"},\"potentialAction\":[{\"@type\":\"SearchAction\",\"target\":{\"@type\":\"EntryPoint\",\"urlTemplate\":\"https:\/\/longchangchemical.com\/?s={search_term_string}\"},\"query-input\":{\"@type\":\"PropertyValueSpecification\",\"valueRequired\":true,\"valueName\":\"search_term_string\"}}],\"inLanguage\":\"fr-FR\"},{\"@type\":\"Organization\",\"@id\":\"https:\/\/longchangchemical.com\/#organization\",\"name\":\"Longchang Chemical\",\"url\":\"https:\/\/longchangchemical.com\/\",\"logo\":{\"@type\":\"ImageObject\",\"inLanguage\":\"fr-FR\",\"@id\":\"https:\/\/longchangchemical.com\/#\/schema\/logo\/image\/\",\"url\":\"https:\/\/longchangchemical.com\/wp-content\/uploads\/2020\/08\/cropped-longchang-logo.png\",\"contentUrl\":\"https:\/\/longchangchemical.com\/wp-content\/uploads\/2020\/08\/cropped-longchang-logo.png\",\"width\":512,\"height\":512,\"caption\":\"Longchang Chemical\"},\"image\":{\"@id\":\"https:\/\/longchangchemical.com\/#\/schema\/logo\/image\/\"}}]}<\/script>\n<!-- \/ Yoast SEO plugin. -->","yoast_head_json":{"title":"Chine BP-3 \/ benzoph\u00e9none-3 CAS 131-57-7 Fabricant - Longchang Chemical","description":"BP-3 \/ UV-9, dont le nom chimique est Benzophenone-3;Oxybenzone,2-hydroxy-4-methoxybenzophenone, peut remplacer Escalol 567;Eversorb 11,SpecAUV BP-3;Speedblock UV-9,UVINOL M40,Eusolex 4360;Lankromark LE296, utilis\u00e9 comme absorbeur d'ultraviolets et est le produit cl\u00e9 de Longchang Chemical. Nous sommes le principal fabricant et fournisseur de produits UV en Chine, avec la meilleure qualit\u00e9 et le prix le plus comp\u00e9titif.","robots":{"index":"index","follow":"follow","max-snippet":"max-snippet:-1","max-image-preview":"max-image-preview:large","max-video-preview":"max-video-preview:-1"},"canonical":"https:\/\/longchangchemical.com\/fr\/product\/lcsorb-bp-3-cas-131-57-7\/","og_locale":"fr_FR","og_type":"article","og_title":"China BP-3 \/ benzophenone-3 CAS 131-57-7 Manufacturer - Longchang Chemical","og_description":"BP-3 \/ UV-9,chemical name is Benzophenone-3;Oxybenzone,2-hydroxy-4-methoxybenzophenone,can replace Escalol 567;Eversorb 11,SpecAUV BP-3;Speedblock UV-9,UVINOL M40,Eusolex 4360;Lankromark LE296,used as ultraviolet absorber and is the key product of Longchang Chemical. We are the leading uv material manufacturer and supplier in China with the best quanlity and competitive price.","og_url":"https:\/\/longchangchemical.com\/fr\/product\/lcsorb-bp-3-cas-131-57-7\/","og_site_name":"Longchang Chemical","article_modified_time":"2026-01-09T08:38:42+00:00","og_image":[{"width":600,"height":600,"url":"https:\/\/longchangchemical.com\/wp-content\/uploads\/2023\/05\/131-57-7.jpg","type":"image\/jpeg"}],"twitter_card":"summary_large_image","schema":{"@context":"https:\/\/schema.org","@graph":[{"@type":"WebPage","@id":"https:\/\/longchangchemical.com\/product\/lcsorb-bp-3-cas-131-57-7\/","url":"https:\/\/longchangchemical.com\/product\/lcsorb-bp-3-cas-131-57-7\/","name":"Chine BP-3 \/ benzoph\u00e9none-3 CAS 131-57-7 Fabricant - Longchang Chemical","isPartOf":{"@id":"https:\/\/longchangchemical.com\/#website"},"primaryImageOfPage":{"@id":"https:\/\/longchangchemical.com\/product\/lcsorb-bp-3-cas-131-57-7\/#primaryimage"},"image":{"@id":"https:\/\/longchangchemical.com\/product\/lcsorb-bp-3-cas-131-57-7\/#primaryimage"},"thumbnailUrl":"https:\/\/longchangchemical.com\/wp-content\/uploads\/2023\/05\/131-57-7.jpg","datePublished":"2023-05-07T15:06:32+00:00","dateModified":"2026-01-09T08:38:42+00:00","description":"BP-3 \/ UV-9, dont le nom chimique est Benzophenone-3;Oxybenzone,2-hydroxy-4-methoxybenzophenone, peut remplacer Escalol 567;Eversorb 11,SpecAUV BP-3;Speedblock UV-9,UVINOL M40,Eusolex 4360;Lankromark LE296, utilis\u00e9 comme absorbeur d'ultraviolets et est le produit cl\u00e9 de Longchang Chemical. Nous sommes le principal fabricant et fournisseur de produits UV en Chine, avec la meilleure qualit\u00e9 et le prix le plus comp\u00e9titif.","breadcrumb":{"@id":"https:\/\/longchangchemical.com\/product\/lcsorb-bp-3-cas-131-57-7\/#breadcrumb"},"inLanguage":"fr-FR","potentialAction":[{"@type":"ReadAction","target":["https:\/\/longchangchemical.com\/product\/lcsorb-bp-3-cas-131-57-7\/"]}]},{"@type":"ImageObject","inLanguage":"fr-FR","@id":"https:\/\/longchangchemical.com\/product\/lcsorb-bp-3-cas-131-57-7\/#primaryimage","url":"https:\/\/longchangchemical.com\/wp-content\/uploads\/2023\/05\/131-57-7.jpg","contentUrl":"https:\/\/longchangchemical.com\/wp-content\/uploads\/2023\/05\/131-57-7.jpg","width":600,"height":600},{"@type":"BreadcrumbList","@id":"https:\/\/longchangchemical.com\/product\/lcsorb-bp-3-cas-131-57-7\/#breadcrumb","itemListElement":[{"@type":"ListItem","position":1,"name":"Home","item":"https:\/\/longchangchemical.com\/"},{"@type":"ListItem","position":2,"name":"Products Longchang","item":"https:\/\/longchangchemical.com\/product\/"},{"@type":"ListItem","position":3,"name":"CHLUMIUV\u00ae BP-3 \/ benzophenone-3 CAS 131-57-7"}]},{"@type":"WebSite","@id":"https:\/\/longchangchemical.com\/#website","url":"https:\/\/longchangchemical.com\/","name":"Longchang Chemical","description":"Fabricant chinois de produits chimiques \uff06 fournisseur","publisher":{"@id":"https:\/\/longchangchemical.com\/#organization"},"potentialAction":[{"@type":"SearchAction","target":{"@type":"EntryPoint","urlTemplate":"https:\/\/longchangchemical.com\/?s={search_term_string}"},"query-input":{"@type":"PropertyValueSpecification","valueRequired":true,"valueName":"search_term_string"}}],"inLanguage":"fr-FR"},{"@type":"Organization","@id":"https:\/\/longchangchemical.com\/#organization","name":"Longchang Chemical","url":"https:\/\/longchangchemical.com\/","logo":{"@type":"ImageObject","inLanguage":"fr-FR","@id":"https:\/\/longchangchemical.com\/#\/schema\/logo\/image\/","url":"https:\/\/longchangchemical.com\/wp-content\/uploads\/2020\/08\/cropped-longchang-logo.png","contentUrl":"https:\/\/longchangchemical.com\/wp-content\/uploads\/2020\/08\/cropped-longchang-logo.png","width":512,"height":512,"caption":"Longchang Chemical"},"image":{"@id":"https:\/\/longchangchemical.com\/#\/schema\/logo\/image\/"}}]}},"_links":{"self":[{"href":"https:\/\/longchangchemical.com\/fr\/wp-json\/wp\/v2\/product\/3721","targetHints":{"allow":["GET"]}}],"collection":[{"href":"https:\/\/longchangchemical.com\/fr\/wp-json\/wp\/v2\/product"}],"about":[{"href":"https:\/\/longchangchemical.com\/fr\/wp-json\/wp\/v2\/types\/product"}],"replies":[{"embeddable":true,"href":"https:\/\/longchangchemical.com\/fr\/wp-json\/wp\/v2\/comments?post=3721"}],"wp:featuredmedia":[{"embeddable":true,"href":"https:\/\/longchangchemical.com\/fr\/wp-json\/wp\/v2\/media\/7947"}],"wp:attachment":[{"href":"https:\/\/longchangchemical.com\/fr\/wp-json\/wp\/v2\/media?parent=3721"}],"wp:term":[{"taxonomy":"product_brand","embeddable":true,"href":"https:\/\/longchangchemical.com\/fr\/wp-json\/wp\/v2\/product_brand?post=3721"},{"taxonomy":"product_cat","embeddable":true,"href":"https:\/\/longchangchemical.com\/fr\/wp-json\/wp\/v2\/product_cat?post=3721"},{"taxonomy":"product_tag","embeddable":true,"href":"https:\/\/longchangchemical.com\/fr\/wp-json\/wp\/v2\/product_tag?post=3721"}],"curies":[{"name":"wp","href":"https:\/\/api.w.org\/{rel}","templated":true}]}}