{"id":3720,"date":"2023-05-18T13:22:11","date_gmt":"2023-05-18T13:22:11","guid":{"rendered":"https:\/\/longchangchemical.com\/?post_type=product&#038;p=3720"},"modified":"2026-01-09T06:40:13","modified_gmt":"2026-01-09T06:40:13","slug":"cas-5466-77-3","status":"publish","type":"product","link":"https:\/\/longchangchemical.com\/fr\/product\/cas-5466-77-3\/","title":{"rendered":"CHLUMIUV\u00ae Octyl 4-methoxycinnamate cas 5466-77-3"},"content":{"rendered":"<p>&nbsp;<\/p>\n<table class=\"table-1\" cellspacing=\"0\">\n<tbody>\n<tr>\n<td><strong>Objet<\/strong><\/td>\n<td><strong>Sp\u00e9cifications<\/strong><\/td>\n<td><strong>Objet<\/strong><\/td>\n<td><strong>Sp\u00e9cifications<\/strong><\/td>\n<\/tr>\n<tr>\n<td>Apparence<\/td>\n<td>Liquide incolore ou jaune clair<\/td>\n<td>Indice de peroxyde<\/td>\n<td>1,0mg\/kg Max<\/td>\n<\/tr>\n<tr>\n<td>Odeur<\/td>\n<td>Tr\u00e8s faible, caract\u00e9ristique<\/td>\n<td>Couleur (Hazen)<\/td>\n<td>70 Max<\/td>\n<\/tr>\n<tr>\n<td>A Identification IR 197F<\/td>\n<td>Doit \u00eatre conforme<\/td>\n<td>A 1%\/1cm (310nm dans l'\u00e9thanol)<\/td>\n<td>850 Min<\/td>\n<\/tr>\n<tr>\n<td>B Identification UV 197U<\/td>\n<td>Doit \u00eatre conforme<\/td>\n<td>Essai<\/td>\n<td>98.0%~108.0%<\/td>\n<\/tr>\n<tr>\n<td>Acidit\u00e9<\/td>\n<td>Pas plus de 0,8 ml de NaOH 0,1N consomm\u00e9<\/td>\n<td>Puret\u00e9 (GC)<\/td>\n<td>98.0% Min<\/td>\n<\/tr>\n<tr>\n<td>Indice d'acidit\u00e9<\/td>\n<td>\u22641,0mg KOH\/g<\/td>\n<td>Impuret\u00e9 individuelle<\/td>\n<td>0,5g\/100g Max<\/td>\n<\/tr>\n<tr>\n<td>Gravit\u00e9 sp\u00e9cifique<\/td>\n<td>1.005-1.013<\/td>\n<td>Impuret\u00e9s totales<\/td>\n<td>2,0g\/100g Max<\/td>\n<\/tr>\n<tr>\n<td>Indice de r\u00e9fraction<\/td>\n<td>1.542-1.548<\/td>\n<td><\/td>\n<td><\/td>\n<\/tr>\n<\/tbody>\n<\/table>\n<p><strong>4-m\u00e9thoxycinnamate d'octyle Utilisation<\/strong><\/p>\n<p>1. Absorbeur d'UV-B soluble dans l'huile largement utilis\u00e9 dans le monde ; excellente s\u00e9curit\u00e9, approuv\u00e9e dans le monde entier ; facile \u00e0 appliquer dans une vari\u00e9t\u00e9 de formulations d'\u00e9crans solaires.<\/p>\n<p>2. Utilis\u00e9 comme agent antivieillissement pour les plastiques et les encres et comme absorbeur d'ultraviolets dans l'industrie.<\/p>\n<p>&nbsp;<\/p>\n<p><strong>Octyl 4-methoxycinnamate Emballage<\/strong><\/p>\n<p>200kgs par tambour 1x20FCL charge 80 tambours avec palettes, total 16000kgs<\/p>\n<p>25kgs par tambour, 32 tambours dans une palette (800kgs) total 1x20FCL charge 16000kgs<\/p>\n<p>Mais ce petit tambour ne peut fournir que 1 \u00e0 2 tambours pour les commandes d'\u00e9chantillons.<\/p>\n<h2><strong>Contactez-nous d\u00e8s maintenant !<\/strong><\/h2>\n<p><strong>Si vous avez besoin de COA, MSDS ou TDS de <span style=\"color: #00ccff;\"><a style=\"color: #00ccff;\" href=\"https:\/\/longchangchemical.com\/fr\/product-category\/lcsorb-uv-absorber\/\">Absorbeur d'UV lcsorb<\/a><\/span>Si vous avez besoin d'aide, veuillez indiquer vos coordonn\u00e9es dans le formulaire ci-dessous. Nous vous contacterons g\u00e9n\u00e9ralement dans les 24 heures. Vous pouvez \u00e9galement m'envoyer un courriel <span style=\"color: #00ccff;\"><a style=\"color: #00ccff;\" href=\"mailto:info@longchangchemical.com\">info@longchangchemical.com<\/a> <\/span>pendant les heures de travail ( 8:30 am to 6:00 pm UTC+8 Mon.~Sat. ) ou utilisez le chat en direct du site web pour obtenir une r\u00e9ponse rapide.<\/strong><\/p>","protected":false},"excerpt":{"rendered":"<p>Nom chimique:Octyl 4-methoxycinnamate<\/p>\n<p>CAS : 5466-77-3<\/p>\n<p>Formule mol\u00e9culaire : C18H26O3<\/p>\n<p>Poids mol\u00e9culaire : 290,4<\/p>\n<p>Structure chimique :<img decoding=\"async\" title=\"Structure du 4-m\u00e9thoxycinnamate d&#039;octyle\" src=\"https:\/\/www.longchangchemical.com\/wp-content\/uploads\/product-details\/20200616109869.png\" alt=\"Structure du 4-m\u00e9thoxycinnamate d&#039;octyle\" width=\"161\" height=\"127\" border=\"0\" vspace=\"0\" \/><\/p>\n<p>Aspect : Liquide incolore \u00e0 jaune clair<\/p>\n<p>Essai : 95,0%~105%<\/p>","protected":false},"featured_media":7935,"comment_status":"open","ping_status":"closed","template":"","meta":[],"product_brand":[],"product_cat":[139],"product_tag":[],"class_list":{"0":"post-3720","1":"product","2":"type-product","3":"status-publish","4":"has-post-thumbnail","6":"product_cat-lcsorb-uv-absorber","8":"first","9":"instock","10":"shipping-taxable","11":"product-type-simple"},"yoast_head":"<!-- This site is optimized with the Yoast SEO plugin v25.3.1 - https:\/\/yoast.com\/wordpress\/plugins\/seo\/ -->\n<title>China CHLUMIUV\u00ae Octyl 4-methoxycinnamate cas 5466-77-3 Manufacturer - Longchang Chemical<\/title>\n<meta name=\"description\" content=\"CHLUMIUV\u00ae Octyl 4-methoxycinnamate cas 5466-77-3 is a key product of Longchang Chemical. We provide the best price. We are the leading manufacturer in China with the best quality and competitive price.\" \/>\n<meta name=\"robots\" content=\"index, follow, max-snippet:-1, max-image-preview:large, max-video-preview:-1\" \/>\n<link rel=\"canonical\" href=\"https:\/\/longchangchemical.com\/fr\/product\/cas-5466-77-3\/\" \/>\n<meta property=\"og:locale\" content=\"fr_FR\" \/>\n<meta property=\"og:type\" content=\"article\" \/>\n<meta property=\"og:title\" content=\"China CHLUMIUV\u00ae Octyl 4-methoxycinnamate cas 5466-77-3 Manufacturer - Longchang Chemical\" \/>\n<meta property=\"og:description\" content=\"CHLUMIUV\u00ae Octyl 4-methoxycinnamate cas 5466-77-3 is a key product of Longchang Chemical. We provide the best price. We are the leading manufacturer in China with the best quality and competitive price.\" \/>\n<meta property=\"og:url\" content=\"https:\/\/longchangchemical.com\/fr\/product\/cas-5466-77-3\/\" \/>\n<meta property=\"og:site_name\" content=\"Longchang Chemical\" \/>\n<meta property=\"article:modified_time\" content=\"2026-01-09T06:40:13+00:00\" \/>\n<meta property=\"og:image\" content=\"https:\/\/longchangchemical.com\/wp-content\/uploads\/2023\/05\/5466-77-3.jpg\" \/>\n\t<meta property=\"og:image:width\" content=\"600\" \/>\n\t<meta property=\"og:image:height\" content=\"600\" \/>\n\t<meta property=\"og:image:type\" content=\"image\/jpeg\" \/>\n<meta name=\"twitter:card\" content=\"summary_large_image\" \/>\n<script type=\"application\/ld+json\" class=\"yoast-schema-graph\">{\"@context\":\"https:\/\/schema.org\",\"@graph\":[{\"@type\":\"WebPage\",\"@id\":\"https:\/\/longchangchemical.com\/product\/cas-5466-77-3\/\",\"url\":\"https:\/\/longchangchemical.com\/product\/cas-5466-77-3\/\",\"name\":\"China CHLUMIUV\u00ae Octyl 4-methoxycinnamate cas 5466-77-3 Manufacturer - Longchang Chemical\",\"isPartOf\":{\"@id\":\"https:\/\/longchangchemical.com\/#website\"},\"primaryImageOfPage\":{\"@id\":\"https:\/\/longchangchemical.com\/product\/cas-5466-77-3\/#primaryimage\"},\"image\":{\"@id\":\"https:\/\/longchangchemical.com\/product\/cas-5466-77-3\/#primaryimage\"},\"thumbnailUrl\":\"https:\/\/longchangchemical.com\/wp-content\/uploads\/2023\/05\/5466-77-3.jpg\",\"datePublished\":\"2023-05-18T13:22:11+00:00\",\"dateModified\":\"2026-01-09T06:40:13+00:00\",\"description\":\"CHLUMIUV\u00ae Octyl 4-methoxycinnamate cas 5466-77-3 is a key product of Longchang Chemical. We provide the best price. We are the leading manufacturer in China with the best quality and competitive price.\",\"breadcrumb\":{\"@id\":\"https:\/\/longchangchemical.com\/product\/cas-5466-77-3\/#breadcrumb\"},\"inLanguage\":\"fr-FR\",\"potentialAction\":[{\"@type\":\"ReadAction\",\"target\":[\"https:\/\/longchangchemical.com\/product\/cas-5466-77-3\/\"]}]},{\"@type\":\"ImageObject\",\"inLanguage\":\"fr-FR\",\"@id\":\"https:\/\/longchangchemical.com\/product\/cas-5466-77-3\/#primaryimage\",\"url\":\"https:\/\/longchangchemical.com\/wp-content\/uploads\/2023\/05\/5466-77-3.jpg\",\"contentUrl\":\"https:\/\/longchangchemical.com\/wp-content\/uploads\/2023\/05\/5466-77-3.jpg\",\"width\":600,\"height\":600},{\"@type\":\"BreadcrumbList\",\"@id\":\"https:\/\/longchangchemical.com\/product\/cas-5466-77-3\/#breadcrumb\",\"itemListElement\":[{\"@type\":\"ListItem\",\"position\":1,\"name\":\"Home\",\"item\":\"https:\/\/longchangchemical.com\/\"},{\"@type\":\"ListItem\",\"position\":2,\"name\":\"Products Longchang\",\"item\":\"https:\/\/longchangchemical.com\/product\/\"},{\"@type\":\"ListItem\",\"position\":3,\"name\":\"CHLUMIUV\u00ae Octyl 4-methoxycinnamate cas 5466-77-3\"}]},{\"@type\":\"WebSite\",\"@id\":\"https:\/\/longchangchemical.com\/#website\",\"url\":\"https:\/\/longchangchemical.com\/\",\"name\":\"Longchang Chemical\",\"description\":\"China chemical manufacturer \uff06 supplier\",\"publisher\":{\"@id\":\"https:\/\/longchangchemical.com\/#organization\"},\"potentialAction\":[{\"@type\":\"SearchAction\",\"target\":{\"@type\":\"EntryPoint\",\"urlTemplate\":\"https:\/\/longchangchemical.com\/?s={search_term_string}\"},\"query-input\":{\"@type\":\"PropertyValueSpecification\",\"valueRequired\":true,\"valueName\":\"search_term_string\"}}],\"inLanguage\":\"fr-FR\"},{\"@type\":\"Organization\",\"@id\":\"https:\/\/longchangchemical.com\/#organization\",\"name\":\"Longchang Chemical\",\"url\":\"https:\/\/longchangchemical.com\/\",\"logo\":{\"@type\":\"ImageObject\",\"inLanguage\":\"fr-FR\",\"@id\":\"https:\/\/longchangchemical.com\/#\/schema\/logo\/image\/\",\"url\":\"https:\/\/longchangchemical.com\/wp-content\/uploads\/2020\/08\/cropped-longchang-logo.png\",\"contentUrl\":\"https:\/\/longchangchemical.com\/wp-content\/uploads\/2020\/08\/cropped-longchang-logo.png\",\"width\":512,\"height\":512,\"caption\":\"Longchang Chemical\"},\"image\":{\"@id\":\"https:\/\/longchangchemical.com\/#\/schema\/logo\/image\/\"}}]}<\/script>\n<!-- \/ Yoast SEO plugin. -->","yoast_head_json":{"title":"CHLUMIUV\u00ae Octyl 4-methoxycinnamate cas 5466-77-3 fabricant chinois - Longchang Chemical","description":"CHLUMIUV\u00ae Octyl 4-methoxycinnamate cas 5466-77-3 est un produit cl\u00e9 de Longchang Chemical. Nous fournissons le meilleur prix. Nous sommes le principal fabricant en Chine avec la meilleure qualit\u00e9 et un prix comp\u00e9titif.","robots":{"index":"index","follow":"follow","max-snippet":"max-snippet:-1","max-image-preview":"max-image-preview:large","max-video-preview":"max-video-preview:-1"},"canonical":"https:\/\/longchangchemical.com\/fr\/product\/cas-5466-77-3\/","og_locale":"fr_FR","og_type":"article","og_title":"China CHLUMIUV\u00ae Octyl 4-methoxycinnamate cas 5466-77-3 Manufacturer - Longchang Chemical","og_description":"CHLUMIUV\u00ae Octyl 4-methoxycinnamate cas 5466-77-3 is a key product of Longchang Chemical. We provide the best price. We are the leading manufacturer in China with the best quality and competitive price.","og_url":"https:\/\/longchangchemical.com\/fr\/product\/cas-5466-77-3\/","og_site_name":"Longchang Chemical","article_modified_time":"2026-01-09T06:40:13+00:00","og_image":[{"width":600,"height":600,"url":"https:\/\/longchangchemical.com\/wp-content\/uploads\/2023\/05\/5466-77-3.jpg","type":"image\/jpeg"}],"twitter_card":"summary_large_image","schema":{"@context":"https:\/\/schema.org","@graph":[{"@type":"WebPage","@id":"https:\/\/longchangchemical.com\/product\/cas-5466-77-3\/","url":"https:\/\/longchangchemical.com\/product\/cas-5466-77-3\/","name":"CHLUMIUV\u00ae Octyl 4-methoxycinnamate cas 5466-77-3 fabricant chinois - Longchang Chemical","isPartOf":{"@id":"https:\/\/longchangchemical.com\/#website"},"primaryImageOfPage":{"@id":"https:\/\/longchangchemical.com\/product\/cas-5466-77-3\/#primaryimage"},"image":{"@id":"https:\/\/longchangchemical.com\/product\/cas-5466-77-3\/#primaryimage"},"thumbnailUrl":"https:\/\/longchangchemical.com\/wp-content\/uploads\/2023\/05\/5466-77-3.jpg","datePublished":"2023-05-18T13:22:11+00:00","dateModified":"2026-01-09T06:40:13+00:00","description":"CHLUMIUV\u00ae Octyl 4-methoxycinnamate cas 5466-77-3 est un produit cl\u00e9 de Longchang Chemical. Nous fournissons le meilleur prix. Nous sommes le principal fabricant en Chine avec la meilleure qualit\u00e9 et un prix comp\u00e9titif.","breadcrumb":{"@id":"https:\/\/longchangchemical.com\/product\/cas-5466-77-3\/#breadcrumb"},"inLanguage":"fr-FR","potentialAction":[{"@type":"ReadAction","target":["https:\/\/longchangchemical.com\/product\/cas-5466-77-3\/"]}]},{"@type":"ImageObject","inLanguage":"fr-FR","@id":"https:\/\/longchangchemical.com\/product\/cas-5466-77-3\/#primaryimage","url":"https:\/\/longchangchemical.com\/wp-content\/uploads\/2023\/05\/5466-77-3.jpg","contentUrl":"https:\/\/longchangchemical.com\/wp-content\/uploads\/2023\/05\/5466-77-3.jpg","width":600,"height":600},{"@type":"BreadcrumbList","@id":"https:\/\/longchangchemical.com\/product\/cas-5466-77-3\/#breadcrumb","itemListElement":[{"@type":"ListItem","position":1,"name":"Home","item":"https:\/\/longchangchemical.com\/"},{"@type":"ListItem","position":2,"name":"Products Longchang","item":"https:\/\/longchangchemical.com\/product\/"},{"@type":"ListItem","position":3,"name":"CHLUMIUV\u00ae Octyl 4-methoxycinnamate cas 5466-77-3"}]},{"@type":"WebSite","@id":"https:\/\/longchangchemical.com\/#website","url":"https:\/\/longchangchemical.com\/","name":"Longchang Chemical","description":"Fabricant chinois de produits chimiques \uff06 fournisseur","publisher":{"@id":"https:\/\/longchangchemical.com\/#organization"},"potentialAction":[{"@type":"SearchAction","target":{"@type":"EntryPoint","urlTemplate":"https:\/\/longchangchemical.com\/?s={search_term_string}"},"query-input":{"@type":"PropertyValueSpecification","valueRequired":true,"valueName":"search_term_string"}}],"inLanguage":"fr-FR"},{"@type":"Organization","@id":"https:\/\/longchangchemical.com\/#organization","name":"Longchang Chemical","url":"https:\/\/longchangchemical.com\/","logo":{"@type":"ImageObject","inLanguage":"fr-FR","@id":"https:\/\/longchangchemical.com\/#\/schema\/logo\/image\/","url":"https:\/\/longchangchemical.com\/wp-content\/uploads\/2020\/08\/cropped-longchang-logo.png","contentUrl":"https:\/\/longchangchemical.com\/wp-content\/uploads\/2020\/08\/cropped-longchang-logo.png","width":512,"height":512,"caption":"Longchang Chemical"},"image":{"@id":"https:\/\/longchangchemical.com\/#\/schema\/logo\/image\/"}}]}},"_links":{"self":[{"href":"https:\/\/longchangchemical.com\/fr\/wp-json\/wp\/v2\/product\/3720","targetHints":{"allow":["GET"]}}],"collection":[{"href":"https:\/\/longchangchemical.com\/fr\/wp-json\/wp\/v2\/product"}],"about":[{"href":"https:\/\/longchangchemical.com\/fr\/wp-json\/wp\/v2\/types\/product"}],"replies":[{"embeddable":true,"href":"https:\/\/longchangchemical.com\/fr\/wp-json\/wp\/v2\/comments?post=3720"}],"wp:featuredmedia":[{"embeddable":true,"href":"https:\/\/longchangchemical.com\/fr\/wp-json\/wp\/v2\/media\/7935"}],"wp:attachment":[{"href":"https:\/\/longchangchemical.com\/fr\/wp-json\/wp\/v2\/media?parent=3720"}],"wp:term":[{"taxonomy":"product_brand","embeddable":true,"href":"https:\/\/longchangchemical.com\/fr\/wp-json\/wp\/v2\/product_brand?post=3720"},{"taxonomy":"product_cat","embeddable":true,"href":"https:\/\/longchangchemical.com\/fr\/wp-json\/wp\/v2\/product_cat?post=3720"},{"taxonomy":"product_tag","embeddable":true,"href":"https:\/\/longchangchemical.com\/fr\/wp-json\/wp\/v2\/product_tag?post=3720"}],"curies":[{"name":"wp","href":"https:\/\/api.w.org\/{rel}","templated":true}]}}