{"id":3701,"date":"2021-04-25T07:03:26","date_gmt":"2021-04-25T07:03:26","guid":{"rendered":"https:\/\/longchangchemical.com\/?post_type=product&#038;p=3701"},"modified":"2026-05-08T02:59:35","modified_gmt":"2026-05-08T02:59:35","slug":"methylisothiazolinone-cas-2682-20-4","status":"publish","type":"product","link":"https:\/\/longchangchemical.com\/fr\/product\/methylisothiazolinone-cas-2682-20-4\/","title":{"rendered":"2-M\u00e9thyl-4-Isothiazolin-3-K\u00e9tone | M\u00e9thylisothiazolinone CAS 2682-20-4"},"content":{"rendered":"<h2><strong>2-M\u00e9thyl-4-Isothiazolin-3-K\u00e9tone | M\u00e9thylisothiazolinone CAS 2682-20-4<\/strong><\/h2>\n<table>\n<tbody>\n<tr>\n<td width=\"242\">\n<h4><strong><b>Objet<\/b><\/strong><\/h4>\n<\/td>\n<td width=\"231\">\n<h4><strong><b>Sp\u00e9cifications<\/b><\/strong><\/h4>\n<\/td>\n<td width=\"227\">\n<h4><strong><b>R\u00e9sultats<\/b><\/strong><\/h4>\n<\/td>\n<\/tr>\n<tr>\n<td width=\"242\">\n<h4>Apparence<\/h4>\n<\/td>\n<td width=\"231\">\n<h4>Poudre cristalline blanche ou blanc cass\u00e9<\/h4>\n<\/td>\n<td width=\"227\">\n<h4>Conforme<\/h4>\n<\/td>\n<\/tr>\n<tr>\n<td width=\"242\">\n<h4>Essai %<\/h4>\n<\/td>\n<td width=\"231\">\n<h4>\u226599<\/h4>\n<\/td>\n<td width=\"227\">\n<h4>99.58<\/h4>\n<\/td>\n<\/tr>\n<tr>\n<td width=\"242\">\n<h4>Conclusion<\/h4>\n<\/td>\n<td colspan=\"2\" width=\"458\">\n<h4>Les r\u00e9sultats sont conformes aux normes de l'entreprise<\/h4>\n<\/td>\n<\/tr>\n<\/tbody>\n<\/table>\n<p>&nbsp;<\/p>\n<h2><strong>Utilisation de la m\u00e9thylisothiazolinone<\/strong><\/h2>\n<h4>1. Le m\u00e9thylisothiazolinone est un nouveau type de fongicide import\u00e9 d'Europe dans mon pays.<\/h4>\n<h4>2. La mati\u00e8re organique isothiazolinone peut inhiber la croissance et la reproduction de divers micro-organismes (tels que les bact\u00e9ries, les champignons, les levures, etc.) et constitue un fongicide \u00e0 large spectre largement utilis\u00e9.<\/h4>\n<h4>3. Compar\u00e9 \u00e0 d'autres types de fongicides, le m\u00e9thylisothiazolinone pr\u00e9sente les avantages d'un effet \u00e9vident et d'une vitesse d'action rapide dans le contr\u00f4le de la croissance et du m\u00e9tabolisme des micro-organismes et dans la pr\u00e9vention de la formation de biofilms.<\/h4>\n<h4>4. Dans les cosm\u00e9tiques, l'activit\u00e9 du m\u00e9thylisothiazolinone est assez \u00e9lev\u00e9e et sa durabilit\u00e9 est tr\u00e8s bonne. En raison de sa grande s\u00e9curit\u00e9, il peut \u00eatre promu dans les produits r\u00e9sidents. Les cr\u00e8mes pour le visage, les produits de protection solaire, les mouchoirs en papier, les petites serviettes et les shampooings antipelliculaires ont tous un \u00e9norme march\u00e9 potentiel. La m\u00e9thylisothiazolinone est largement ajout\u00e9e aux cosm\u00e9tiques et aux produits de soins personnels pour prolonger leur dur\u00e9e de conservation.<\/h4>\n<p>&nbsp;<\/p>\n<h2><strong>Emballage et exp\u00e9dition de la m\u00e9thylisothiazolinone<\/strong><\/h2>\n<h4>Emballage : 1kg\/sac ; 25kg\/sac\/tambour<\/h4>\n<h4>Livraison : par voie maritime\/ a\u00e9rienne DHL ou Fedex.<\/h4>\n<p>&nbsp;<\/p>\n<h2><strong>Stockage de m\u00e9thylisothiazolinone<\/strong><\/h2>\n<h4>Ce produit doit \u00eatre stock\u00e9 dans un conteneur ou un r\u00e9servoir frais, sec et herm\u00e9tique. L'entrep\u00f4t de stockage doit \u00eatre r\u00e9guli\u00e8rement d\u00e9gag\u00e9, ventil\u00e9 et inspect\u00e9, \u00eatre \u00e0 basse temp\u00e9rature et sec, un an \u00e0 25\u00b0C.<\/h4>\n<p>&nbsp;<\/p>\n<h2><strong>Produits de la m\u00eame s\u00e9rie<\/strong><\/h2>\n<table style=\"border-collapse: collapse; width: 312.02pt;\" border=\"0\" width=\"416\" cellspacing=\"0\" cellpadding=\"0\">\n<tbody>\n<tr style=\"height: 54.00pt;\">\n<td class=\"et2\" style=\"height: 54.00pt; width: 201.75pt;\" width=\"269\" height=\"72\">\n<h4><a href=\"https:\/\/longchangchemical.com\/fr\/product\/isothiazolinones-cmit-mit-cas-26172-55-4\/\"><span style=\"color: #0000ff;\">Isothiazolinones \/ CMIT-MIT<\/span><\/a><\/h4>\n<\/td>\n<td class=\"et2\" style=\"width: 110.25pt;\" width=\"147\">\n<h4>26172-55-4<\/h4>\n<\/td>\n<\/tr>\n<tr style=\"height: 40.50pt;\">\n<td class=\"et2\" style=\"height: 40.50pt; width: 201.75pt;\" width=\"269\" height=\"54\">\n<h4>M\u00e9thylisothiazolinone<\/h4>\n<\/td>\n<td class=\"et2\" style=\"width: 110.25pt;\" width=\"147\">\n<h4>2682-20-4<\/h4>\n<\/td>\n<\/tr>\n<\/tbody>\n<\/table>\n<h2><\/h2>\n<h2><strong><b>Contactez-nous d\u00e8s maintenant !<\/b><\/strong><\/h2>\n<h4><strong><b>Nous fournissons des services personnalis\u00e9s, nous vous contacterons g\u00e9n\u00e9ralement dans les 24 heures. Vous pouvez \u00e9galement m'envoyer un courriel \u00e0 l'adresse info@longchangchemical.com pendant les heures de travail (de 8h30 \u00e0 18h00 UTC+8 du lundi au samedi) ou utiliser le chat en direct du site web pour obtenir une r\u00e9ponse rapide.<\/b><\/strong><\/h4>\n<p>&nbsp;<\/p>","protected":false},"excerpt":{"rendered":"<h4>Nom chimique:2-M\u00e9thyl-4-Isothiazolin-3-Ketone (MIT)<\/h4>\n<h4>Nom du produit : M\u00e9thylisothiazolinone<\/h4>\n<h4>Num\u00e9ro CAS : 2682-20-4<\/h4>\n<h4>Formule mol\u00e9culaire : C4H5NOS<\/h4>\n<h4>Poids mol\u00e9culaire : 115,15<\/h4>\n<h4>Structure chimique :<img decoding=\"async\" title=\"Structure de la 2-M\u00e9thyl-4-Isothiazolin-3-K\u00e9tone (MIT CAS 2682-20-4)\" src=\"https:\/\/www.longchangchemical.com\/wp-content\/uploads\/product-details\/20200612029756.png\" alt=\"Structure de la 2-M\u00e9thyl-4-Isothiazolin-3-K\u00e9tone (MIT CAS 2682-20-4)\" width=\"200\" height=\"74\" border=\"0\" vspace=\"0\" \/><\/h4>\n<h4>Aspect : Poudre cristalline blanche ou blanc cass\u00e9<\/h4>\n<h4>Essai : 99%<\/h4>","protected":false},"featured_media":4548,"comment_status":"open","ping_status":"closed","template":"","meta":[],"product_brand":[],"product_cat":[69,109],"product_tag":[],"class_list":{"0":"post-3701","1":"product","2":"type-product","3":"status-publish","4":"has-post-thumbnail","6":"product_cat-catalysts-chemical-auxiliary-agents","7":"product_cat-water-treatment","9":"first","10":"instock","11":"shipping-taxable","12":"product-type-simple"},"yoast_head":"<!-- This site is optimized with the Yoast SEO plugin v25.3.1 - https:\/\/yoast.com\/wordpress\/plugins\/seo\/ -->\n<title>China Methylisothiazolinone Manufacturer \uff06 Supplier - Longchang chemical Co., Ltd.<\/title>\n<meta name=\"description\" content=\"Longchang Chemical is a leading manufacturer and supplier of Methylisothiazolinone in China. Buy Methylisothiazolinone in china. We can provide the best Methylisothiazolinone price.\" \/>\n<meta name=\"robots\" content=\"index, follow, max-snippet:-1, max-image-preview:large, max-video-preview:-1\" \/>\n<link rel=\"canonical\" href=\"https:\/\/longchangchemical.com\/fr\/product\/methylisothiazolinone-cas-2682-20-4\/\" \/>\n<meta property=\"og:locale\" content=\"fr_FR\" \/>\n<meta property=\"og:type\" content=\"article\" \/>\n<meta property=\"og:title\" content=\"China Methylisothiazolinone Manufacturer \uff06 Supplier - Longchang chemical Co., Ltd.\" \/>\n<meta property=\"og:description\" content=\"Longchang Chemical is a leading manufacturer and supplier of Methylisothiazolinone in China. Buy Methylisothiazolinone in china. We can provide the best Methylisothiazolinone price.\" \/>\n<meta property=\"og:url\" content=\"https:\/\/longchangchemical.com\/fr\/product\/methylisothiazolinone-cas-2682-20-4\/\" \/>\n<meta property=\"og:site_name\" content=\"Longchang Chemical\" \/>\n<meta property=\"article:modified_time\" content=\"2026-05-08T02:59:35+00:00\" \/>\n<meta property=\"og:image\" content=\"https:\/\/longchangchemical.com\/wp-content\/uploads\/2021\/01\/2-Methyl-4-Isothiazolin-3-Ketone-Appearance.jpg\" \/>\n\t<meta property=\"og:image:width\" content=\"600\" \/>\n\t<meta property=\"og:image:height\" content=\"800\" \/>\n\t<meta property=\"og:image:type\" content=\"image\/jpeg\" \/>\n<meta name=\"twitter:card\" content=\"summary_large_image\" \/>\n<script type=\"application\/ld+json\" class=\"yoast-schema-graph\">{\"@context\":\"https:\/\/schema.org\",\"@graph\":[{\"@type\":\"WebPage\",\"@id\":\"https:\/\/longchangchemical.com\/product\/methylisothiazolinone-cas-2682-20-4\/\",\"url\":\"https:\/\/longchangchemical.com\/product\/methylisothiazolinone-cas-2682-20-4\/\",\"name\":\"China Methylisothiazolinone Manufacturer \uff06 Supplier - Longchang chemical Co., Ltd.\",\"isPartOf\":{\"@id\":\"https:\/\/longchangchemical.com\/#website\"},\"primaryImageOfPage\":{\"@id\":\"https:\/\/longchangchemical.com\/product\/methylisothiazolinone-cas-2682-20-4\/#primaryimage\"},\"image\":{\"@id\":\"https:\/\/longchangchemical.com\/product\/methylisothiazolinone-cas-2682-20-4\/#primaryimage\"},\"thumbnailUrl\":\"https:\/\/longchangchemical.com\/wp-content\/uploads\/2021\/01\/2-Methyl-4-Isothiazolin-3-Ketone-Appearance.jpg\",\"datePublished\":\"2021-04-25T07:03:26+00:00\",\"dateModified\":\"2026-05-08T02:59:35+00:00\",\"description\":\"Longchang Chemical is a leading manufacturer and supplier of Methylisothiazolinone in China. Buy Methylisothiazolinone in china. We can provide the best Methylisothiazolinone price.\",\"breadcrumb\":{\"@id\":\"https:\/\/longchangchemical.com\/product\/methylisothiazolinone-cas-2682-20-4\/#breadcrumb\"},\"inLanguage\":\"fr-FR\",\"potentialAction\":[{\"@type\":\"ReadAction\",\"target\":[\"https:\/\/longchangchemical.com\/product\/methylisothiazolinone-cas-2682-20-4\/\"]}]},{\"@type\":\"ImageObject\",\"inLanguage\":\"fr-FR\",\"@id\":\"https:\/\/longchangchemical.com\/product\/methylisothiazolinone-cas-2682-20-4\/#primaryimage\",\"url\":\"https:\/\/longchangchemical.com\/wp-content\/uploads\/2021\/01\/2-Methyl-4-Isothiazolin-3-Ketone-Appearance.jpg\",\"contentUrl\":\"https:\/\/longchangchemical.com\/wp-content\/uploads\/2021\/01\/2-Methyl-4-Isothiazolin-3-Ketone-Appearance.jpg\",\"width\":600,\"height\":800},{\"@type\":\"BreadcrumbList\",\"@id\":\"https:\/\/longchangchemical.com\/product\/methylisothiazolinone-cas-2682-20-4\/#breadcrumb\",\"itemListElement\":[{\"@type\":\"ListItem\",\"position\":1,\"name\":\"Home\",\"item\":\"https:\/\/longchangchemical.com\/\"},{\"@type\":\"ListItem\",\"position\":2,\"name\":\"Products Longchang\",\"item\":\"https:\/\/longchangchemical.com\/product\/\"},{\"@type\":\"ListItem\",\"position\":3,\"name\":\"2-Methyl-4-Isothiazolin-3-Ketone | Methylisothiazolinone CAS 2682-20-4\"}]},{\"@type\":\"WebSite\",\"@id\":\"https:\/\/longchangchemical.com\/#website\",\"url\":\"https:\/\/longchangchemical.com\/\",\"name\":\"Longchang Chemical\",\"description\":\"China chemical manufacturer \uff06 supplier\",\"publisher\":{\"@id\":\"https:\/\/longchangchemical.com\/#organization\"},\"potentialAction\":[{\"@type\":\"SearchAction\",\"target\":{\"@type\":\"EntryPoint\",\"urlTemplate\":\"https:\/\/longchangchemical.com\/?s={search_term_string}\"},\"query-input\":{\"@type\":\"PropertyValueSpecification\",\"valueRequired\":true,\"valueName\":\"search_term_string\"}}],\"inLanguage\":\"fr-FR\"},{\"@type\":\"Organization\",\"@id\":\"https:\/\/longchangchemical.com\/#organization\",\"name\":\"Longchang Chemical\",\"url\":\"https:\/\/longchangchemical.com\/\",\"logo\":{\"@type\":\"ImageObject\",\"inLanguage\":\"fr-FR\",\"@id\":\"https:\/\/longchangchemical.com\/#\/schema\/logo\/image\/\",\"url\":\"https:\/\/longchangchemical.com\/wp-content\/uploads\/2020\/08\/cropped-longchang-logo.png\",\"contentUrl\":\"https:\/\/longchangchemical.com\/wp-content\/uploads\/2020\/08\/cropped-longchang-logo.png\",\"width\":512,\"height\":512,\"caption\":\"Longchang Chemical\"},\"image\":{\"@id\":\"https:\/\/longchangchemical.com\/#\/schema\/logo\/image\/\"}}]}<\/script>\n<!-- \/ Yoast SEO plugin. -->","yoast_head_json":{"title":"China Methylisothiazolinone Manufacturer \uff06 Supplier - Longchang chemical Co., Ltd.","description":"Longchang Chemical est un fabricant et fournisseur leader de Methylisothiazolinone en Chine. Acheter Methylisothiazolinone en Chine. Nous pouvons vous fournir le meilleur prix de Methylisothiazolinone.","robots":{"index":"index","follow":"follow","max-snippet":"max-snippet:-1","max-image-preview":"max-image-preview:large","max-video-preview":"max-video-preview:-1"},"canonical":"https:\/\/longchangchemical.com\/fr\/product\/methylisothiazolinone-cas-2682-20-4\/","og_locale":"fr_FR","og_type":"article","og_title":"China Methylisothiazolinone Manufacturer \uff06 Supplier - Longchang chemical Co., Ltd.","og_description":"Longchang Chemical is a leading manufacturer and supplier of Methylisothiazolinone in China. Buy Methylisothiazolinone in china. We can provide the best Methylisothiazolinone price.","og_url":"https:\/\/longchangchemical.com\/fr\/product\/methylisothiazolinone-cas-2682-20-4\/","og_site_name":"Longchang Chemical","article_modified_time":"2026-05-08T02:59:35+00:00","og_image":[{"width":600,"height":800,"url":"https:\/\/longchangchemical.com\/wp-content\/uploads\/2021\/01\/2-Methyl-4-Isothiazolin-3-Ketone-Appearance.jpg","type":"image\/jpeg"}],"twitter_card":"summary_large_image","schema":{"@context":"https:\/\/schema.org","@graph":[{"@type":"WebPage","@id":"https:\/\/longchangchemical.com\/product\/methylisothiazolinone-cas-2682-20-4\/","url":"https:\/\/longchangchemical.com\/product\/methylisothiazolinone-cas-2682-20-4\/","name":"China Methylisothiazolinone Manufacturer \uff06 Supplier - Longchang chemical Co., Ltd.","isPartOf":{"@id":"https:\/\/longchangchemical.com\/#website"},"primaryImageOfPage":{"@id":"https:\/\/longchangchemical.com\/product\/methylisothiazolinone-cas-2682-20-4\/#primaryimage"},"image":{"@id":"https:\/\/longchangchemical.com\/product\/methylisothiazolinone-cas-2682-20-4\/#primaryimage"},"thumbnailUrl":"https:\/\/longchangchemical.com\/wp-content\/uploads\/2021\/01\/2-Methyl-4-Isothiazolin-3-Ketone-Appearance.jpg","datePublished":"2021-04-25T07:03:26+00:00","dateModified":"2026-05-08T02:59:35+00:00","description":"Longchang Chemical est un fabricant et fournisseur leader de Methylisothiazolinone en Chine. Acheter Methylisothiazolinone en Chine. Nous pouvons vous fournir le meilleur prix de Methylisothiazolinone.","breadcrumb":{"@id":"https:\/\/longchangchemical.com\/product\/methylisothiazolinone-cas-2682-20-4\/#breadcrumb"},"inLanguage":"fr-FR","potentialAction":[{"@type":"ReadAction","target":["https:\/\/longchangchemical.com\/product\/methylisothiazolinone-cas-2682-20-4\/"]}]},{"@type":"ImageObject","inLanguage":"fr-FR","@id":"https:\/\/longchangchemical.com\/product\/methylisothiazolinone-cas-2682-20-4\/#primaryimage","url":"https:\/\/longchangchemical.com\/wp-content\/uploads\/2021\/01\/2-Methyl-4-Isothiazolin-3-Ketone-Appearance.jpg","contentUrl":"https:\/\/longchangchemical.com\/wp-content\/uploads\/2021\/01\/2-Methyl-4-Isothiazolin-3-Ketone-Appearance.jpg","width":600,"height":800},{"@type":"BreadcrumbList","@id":"https:\/\/longchangchemical.com\/product\/methylisothiazolinone-cas-2682-20-4\/#breadcrumb","itemListElement":[{"@type":"ListItem","position":1,"name":"Home","item":"https:\/\/longchangchemical.com\/"},{"@type":"ListItem","position":2,"name":"Products Longchang","item":"https:\/\/longchangchemical.com\/product\/"},{"@type":"ListItem","position":3,"name":"2-Methyl-4-Isothiazolin-3-Ketone | Methylisothiazolinone CAS 2682-20-4"}]},{"@type":"WebSite","@id":"https:\/\/longchangchemical.com\/#website","url":"https:\/\/longchangchemical.com\/","name":"Longchang Chemical","description":"Fabricant chinois de produits chimiques \uff06 fournisseur","publisher":{"@id":"https:\/\/longchangchemical.com\/#organization"},"potentialAction":[{"@type":"SearchAction","target":{"@type":"EntryPoint","urlTemplate":"https:\/\/longchangchemical.com\/?s={search_term_string}"},"query-input":{"@type":"PropertyValueSpecification","valueRequired":true,"valueName":"search_term_string"}}],"inLanguage":"fr-FR"},{"@type":"Organization","@id":"https:\/\/longchangchemical.com\/#organization","name":"Longchang Chemical","url":"https:\/\/longchangchemical.com\/","logo":{"@type":"ImageObject","inLanguage":"fr-FR","@id":"https:\/\/longchangchemical.com\/#\/schema\/logo\/image\/","url":"https:\/\/longchangchemical.com\/wp-content\/uploads\/2020\/08\/cropped-longchang-logo.png","contentUrl":"https:\/\/longchangchemical.com\/wp-content\/uploads\/2020\/08\/cropped-longchang-logo.png","width":512,"height":512,"caption":"Longchang Chemical"},"image":{"@id":"https:\/\/longchangchemical.com\/#\/schema\/logo\/image\/"}}]}},"_links":{"self":[{"href":"https:\/\/longchangchemical.com\/fr\/wp-json\/wp\/v2\/product\/3701","targetHints":{"allow":["GET"]}}],"collection":[{"href":"https:\/\/longchangchemical.com\/fr\/wp-json\/wp\/v2\/product"}],"about":[{"href":"https:\/\/longchangchemical.com\/fr\/wp-json\/wp\/v2\/types\/product"}],"replies":[{"embeddable":true,"href":"https:\/\/longchangchemical.com\/fr\/wp-json\/wp\/v2\/comments?post=3701"}],"wp:featuredmedia":[{"embeddable":true,"href":"https:\/\/longchangchemical.com\/fr\/wp-json\/wp\/v2\/media\/4548"}],"wp:attachment":[{"href":"https:\/\/longchangchemical.com\/fr\/wp-json\/wp\/v2\/media?parent=3701"}],"wp:term":[{"taxonomy":"product_brand","embeddable":true,"href":"https:\/\/longchangchemical.com\/fr\/wp-json\/wp\/v2\/product_brand?post=3701"},{"taxonomy":"product_cat","embeddable":true,"href":"https:\/\/longchangchemical.com\/fr\/wp-json\/wp\/v2\/product_cat?post=3701"},{"taxonomy":"product_tag","embeddable":true,"href":"https:\/\/longchangchemical.com\/fr\/wp-json\/wp\/v2\/product_tag?post=3701"}],"curies":[{"name":"wp","href":"https:\/\/api.w.org\/{rel}","templated":true}]}}