{"id":3661,"date":"2024-05-15T02:46:16","date_gmt":"2024-05-15T02:46:16","guid":{"rendered":"https:\/\/longchangchemical.com\/?post_type=product&#038;p=3661"},"modified":"2025-12-16T09:39:36","modified_gmt":"2025-12-16T09:39:36","slug":"hydroxypinacolone-retinoate-cas-893412-73-2","status":"publish","type":"product","link":"https:\/\/longchangchemical.com\/fr\/product\/hydroxypinacolone-retinoate-cas-893412-73-2\/","title":{"rendered":"r\u00e9tinoate d'hydroxypinacolone cas 893412-73-2"},"content":{"rendered":"<h1><strong>r\u00e9tinoate d'hydroxypinacolone cas 893412-73-2<\/strong><\/h1>\n<p>&nbsp;<\/p>\n<table class=\"table-1\" cellspacing=\"0\">\n<tbody>\n<tr>\n<td>Apparence<\/td>\n<td>Poudre ou cristal jaune<\/td>\n<\/tr>\n<tr>\n<td>Identifier<\/td>\n<td>Conforme<\/td>\n<\/tr>\n<tr>\n<td>solubilit\u00e9<\/td>\n<td>Ne se dissout pas dans l'eau<\/td>\n<\/tr>\n<tr>\n<td>R\u00e9sidus d'allumage<\/td>\n<td>\u22640.1%<\/td>\n<\/tr>\n<tr>\n<td>M\u00e9tal lourd<\/td>\n<td>\u226420ppm<\/td>\n<\/tr>\n<tr>\n<td>Essai<\/td>\n<td>\u226595.0%<\/td>\n<\/tr>\n<tr>\n<td>Apparence<\/td>\n<td>Poudre ou cristal jaune<\/td>\n<\/tr>\n<tr>\n<td>Identifier<\/td>\n<td>Conforme<\/td>\n<\/tr>\n<\/tbody>\n<\/table>\n<p>&nbsp;<\/p>\n<p>&nbsp;<\/p>\n<p><strong>Utilisation du r\u00e9tinoate d'hydroxypinacolone<\/strong><\/p>\n<p><strong>Le r\u00e9tinoate d'hydroxy pinacolone est un d\u00e9riv\u00e9 du r\u00e9tinol qui a pour fonction de r\u00e9guler le m\u00e9tabolisme de l'\u00e9piderme et de la couche corn\u00e9e. Il peut \u00eatre utilis\u00e9 pour lutter contre le vieillissement, r\u00e9duire la s\u00e9borrh\u00e9e, \u00e9claircir la pigmentation de l'\u00e9piderme et jouer un r\u00f4le dans la pr\u00e9vention du vieillissement de la peau, la pr\u00e9vention de l'acn\u00e9, le blanchiment et l'\u00e9claircissement des taches. Il assure l'effet puissant du r\u00e9tinol tout en r\u00e9duisant fortement son irritation, et est actuellement utilis\u00e9 pour l'anti-\u00e2ge et la pr\u00e9vention des pouss\u00e9es d'acn\u00e9.<\/strong><\/p>\n<p>1. \u00c9limination de l'acn\u00e9<br \/>\n2. anti-rides<br \/>\n3. \u00e9claircir la couleur de la peau<br \/>\nQuantit\u00e9 d'additif : 0,1 ~ 0,3%<\/p>\n<p><strong>Emballage et exp\u00e9dition du r\u00e9tinoate d'hydroxypinacolone<\/strong><\/p>\n<p>Emballage : G\/sac en aluminium<\/p>\n<p><strong>Stockage du r\u00e9tinoate d'hydroxypinacolone<\/strong><\/p>\n<p>Stocker dans un entrep\u00f4t frais et ventil\u00e9. La temp\u00e9rature de stockage ne doit pas d\u00e9passer 37\u00b0C. Le produit doit \u00eatre stock\u00e9 s\u00e9par\u00e9ment des oxydants et des produits chimiques comestibles, et il faut \u00e9viter de le m\u00e9langer.<\/p>\n<h2><span style=\"color: #000000;\"><strong><b>Contactez-nous d\u00e8s maintenant !<\/b><\/strong><\/span><\/h2>\n<h4><span style=\"color: #000000;\"><strong><b>Si vous avez besoin de Price, veuillez indiquer vos coordonn\u00e9es dans le formulaire ci-dessous. Nous vous contacterons g\u00e9n\u00e9ralement dans les 24 heures. Vous pouvez \u00e9galement m'envoyer un courriel <span style=\"color: #00ffff;\"><a style=\"color: #00ffff;\" href=\"mailto:info@longchangchemical.com\">info@longchangchemical.com<\/a><\/span> pendant les heures de travail ( 8:30 am to 6:00 pm UTC+8 Mon.~Sat. ) ou utilisez le chat en direct du site web pour obtenir une r\u00e9ponse rapide.<\/b><\/strong><\/span><\/h4>\n<p><!--more--><\/p>\n<h2><strong>Nouvelles alternatives au r\u00e9tinol<\/strong><\/h2>\n<p>Le r\u00e9tinoate de cuivre hydroxy pinacol, abr\u00e9g\u00e9 HPR, est un nouveau d\u00e9riv\u00e9 r\u00e9tino\u00efde. Il est form\u00e9 par est\u00e9rification de l'acide r\u00e9tino\u00efque et d'une petite mol\u00e9cule, le pinacol. Contrairement \u00e0 d'autres d\u00e9riv\u00e9s de l'acide r\u00e9tino\u00efque, le HPR conserve le groupe d'efficacit\u00e9 de l'acide r\u00e9tino\u00efque et n'a pas besoin d'\u00eatre converti en acide r\u00e9tino\u00efque, de sorte qu'il peut agir directement sur le r\u00e9cepteur de l'acide r\u00e9tino\u00efque et jouer un r\u00f4le, et son effet anti-\u00e2ge est similaire \u00e0 celui de l'acide tout-trans r\u00e9tino\u00efque. Cet article d\u00e9crit certains de ses avantages.<\/p>\n<p>R\u00e9tinoate d'hydroxy pinacolone<\/p>\n<p>Plus doux.<br \/>\nLes scientifiques ont compar\u00e9 les effets de plusieurs vitamines A (y compris le HPR, l'acide r\u00e9tino\u00efque trans, le r\u00e9tinol, le r\u00e9tinald\u00e9hyde et le palmitate de r\u00e9tinyle) en termes d'antivieillissement et d'irritation dans un mod\u00e8le in vitro de peau humaine. Cette \u00e9tude a montr\u00e9 que le HPR induisait une inflammation plus faible (marqu\u00e9e par IL-1\u03b1) que l'acide r\u00e9tino\u00efque. La cytotoxicit\u00e9 \u00e9tait \u00e9galement plus faible \u00e0 une concentration 10 fois sup\u00e9rieure. Par cons\u00e9quent, le HPR est une alternative plus stable et plus douce \u00e0 l'acide r\u00e9tino\u00efque et peut \u00eatre utilis\u00e9 dans les cosm\u00e9tiques.<\/p>\n<p>Plus efficace<br \/>\nAnti-rides<br \/>\nEn utilisant le produit contenant le r\u00e9tino\u00efde hydroxy pinacolone, les images du volume des fossettes, des rides et des ridules prises localement sur les sujets aux jours 0 (W0), 14 (W14) et 28 (W28) peuvent \u00eatre observ\u00e9es qu'apr\u00e8s avoir utilis\u00e9 l'\u00e9chantillon contenant le s\u00e9rum WL-HPR1130 pendant 2 semaines et 4 semaines, le volume des fossettes au coin des yeux des sujets, les rides et les ridules ont chang\u00e9 de mani\u00e8re significative, montrant une tendance \u00e0 la diminution.<\/p>\n<p>Favoriser le m\u00e9tabolisme de la k\u00e9ratine<br \/>\nLe r\u00e9tinoate d'hydroxypinacolone (HPR) r\u00e9duit les pores et la rugosit\u00e9 de la peau en acc\u00e9l\u00e9rant le m\u00e9tabolisme de la k\u00e9ratine, en permettant aux k\u00e9ratinocytes de se diff\u00e9rencier correctement et en favorisant la synth\u00e8se des lipides interstitiels, ce qui permet d'obtenir une peau plus lisse et plus uniforme.<\/p>\n<p>Le PRH r\u00e9duit les boutons gr\u00e2ce au m\u00e9tabolisme de la k\u00e9ratine, r\u00e9duit le blocage de l'ouverture folliculaire et emp\u00eache les glandes s\u00e9bac\u00e9es de s\u00e9cr\u00e9ter de l'huile, r\u00e9duisant ainsi les pouss\u00e9es d'acn\u00e9 et parvenant \u00e0 supprimer et \u00e0 \u00e9liminer l'inflammation de la peau. Il peut \u00e9galement blanchir la peau gr\u00e2ce au m\u00e9tabolisme de la k\u00e9ratine, en acc\u00e9l\u00e9rant la d\u00e9charge des m\u00e9lanocytes et en r\u00e9duisant la production de m\u00e9lanocytes.<\/p>\n<p>Plus stable<br \/>\nLes chercheurs ont test\u00e9 la photosensibilit\u00e9 des analogues de la vitamine A. De toutes les vitamines A test\u00e9es, le palmitate de r\u00e9tinyle (Rpal) et le b\u00eata-carot\u00e8ne (\u03b2cal) ont \u00e9t\u00e9 plus facilement photod\u00e9grad\u00e9s, se d\u00e9gradant presque compl\u00e8tement apr\u00e8s une semaine d'exposition \u00e0 la lumi\u00e8re, tandis que le palmitate de r\u00e9tinyle hydroxypinacolone (HPR) ne s'est d\u00e9grad\u00e9 que de 40 pour cent apr\u00e8s une semaine. En moyenne, l'exposition \u00e0 la lumi\u00e8re a eu le moins d'effet sur la stabilit\u00e9 du HPR de toutes les vitamines A test\u00e9es.<\/p>\n<p>En outre, selon les donn\u00e9es exp\u00e9rimentales de l'article, le HPR est rest\u00e9 tr\u00e8s stable dans la formulation (essentiellement inchang\u00e9 par rapport \u00e0 la teneur initiale de 95%) lors d'un test de stabilit\u00e9 \u00e0 long terme simul\u00e9 (6 mois \u00e0 25\u00b0C et 60% d'humidit\u00e9), et lors d'un test de stabilit\u00e9 acc\u00e9l\u00e9r\u00e9 (40\u00b0C, environnement expos\u00e9 aux UV). Pour plusieurs autres d\u00e9riv\u00e9s de classe A, une d\u00e9gradation significative a \u00e9t\u00e9 observ\u00e9e.<\/p>\n<p>R\u00e9sum\u00e9<br \/>\nLe r\u00e9tinoate d'hydroxy pinacolone a un effet direct, il peut se lier directement au r\u00e9cepteur de l'acide r\u00e9tino\u00efque sans processus de conversion et a un d\u00e9but d'action rapide ; avec un petit poids mol\u00e9culaire, il a l'avantage d'\u00eatre plus facilement absorb\u00e9 par voie transdermique, d'\u00eatre peu irritant, d'avoir une activit\u00e9 \u00e9lev\u00e9e et une grande stabilit\u00e9, ce qui est non seulement plus efficace que le r\u00e9tinol traditionnel, mais aussi plus s\u00fbr, et a un grand potentiel d'application.<\/p>","protected":false},"excerpt":{"rendered":"<p>Nom chimique : r\u00e9tinoate d'hydroxypinacolone<\/p>\n<p>Num\u00e9ro CAS : 893412-73-2<\/p>\n<p>Formule mol\u00e9culaire : C26H38O3<\/p>\n<p>Poids mol\u00e9culaire : 398,57812<\/p>\n<p>Structure mol\u00e9culaire :<img decoding=\"async\" title=\"R\u00e9tinoate d&#039;hydroxypinacolone CAS 893412-73-2\" src=\"https:\/\/www.longchangchemical.com\/wp-content\/uploads\/product-details\/20200603325600.png\" alt=\"R\u00e9tinoate d&#039;hydroxypinacolone CAS 893412-73-2\" width=\"409\" height=\"200\" \/><\/p>\n<p>Aspect : poudre ou cristal jaune<\/p>\n<p>&nbsp;<\/p>","protected":false},"featured_media":0,"comment_status":"open","ping_status":"closed","template":"","meta":[],"product_brand":[],"product_cat":[103],"product_tag":[],"class_list":{"0":"post-3661","1":"product","2":"type-product","3":"status-publish","5":"product_cat-cosmetic-additives","7":"first","8":"instock","9":"shipping-taxable","10":"product-type-simple"},"yoast_head":"<!-- This site is optimized with the Yoast SEO plugin v25.3.1 - https:\/\/yoast.com\/wordpress\/plugins\/seo\/ -->\n<title>China hydroxypinacolone retinoate cas 893412-73-2 manufacturer - Longchang Chemical<\/title>\n<meta name=\"description\" content=\"hydroxypinacolone retinoate cas 893412-73-2 is key product of LongChang Chemical. We provide best price. We are the leading manufacturer in China with the best quanlity and competitive price.\" \/>\n<meta name=\"robots\" content=\"index, follow, max-snippet:-1, max-image-preview:large, max-video-preview:-1\" \/>\n<link rel=\"canonical\" href=\"https:\/\/longchangchemical.com\/fr\/product\/hydroxypinacolone-retinoate-cas-893412-73-2\/\" \/>\n<meta property=\"og:locale\" content=\"fr_FR\" \/>\n<meta property=\"og:type\" content=\"article\" \/>\n<meta property=\"og:title\" content=\"China hydroxypinacolone retinoate cas 893412-73-2 manufacturer - Longchang Chemical\" \/>\n<meta property=\"og:description\" content=\"hydroxypinacolone retinoate cas 893412-73-2 is key product of LongChang Chemical. We provide best price. We are the leading manufacturer in China with the best quanlity and competitive price.\" \/>\n<meta property=\"og:url\" content=\"https:\/\/longchangchemical.com\/fr\/product\/hydroxypinacolone-retinoate-cas-893412-73-2\/\" \/>\n<meta property=\"og:site_name\" content=\"Longchang Chemical\" \/>\n<meta property=\"article:modified_time\" content=\"2025-12-16T09:39:36+00:00\" \/>\n<meta property=\"og:image\" content=\"https:\/\/longchangchemical.com\/wp-content\/uploads\/2024\/02\/logo-jpeg.jpg\" \/>\n\t<meta property=\"og:image:width\" content=\"1000\" \/>\n\t<meta property=\"og:image:height\" content=\"1000\" \/>\n\t<meta property=\"og:image:type\" content=\"image\/jpeg\" \/>\n<meta name=\"twitter:card\" content=\"summary_large_image\" \/>\n<script type=\"application\/ld+json\" class=\"yoast-schema-graph\">{\"@context\":\"https:\/\/schema.org\",\"@graph\":[{\"@type\":\"WebPage\",\"@id\":\"https:\/\/longchangchemical.com\/product\/hydroxypinacolone-retinoate-cas-893412-73-2\/\",\"url\":\"https:\/\/longchangchemical.com\/product\/hydroxypinacolone-retinoate-cas-893412-73-2\/\",\"name\":\"China hydroxypinacolone retinoate cas 893412-73-2 manufacturer - Longchang Chemical\",\"isPartOf\":{\"@id\":\"https:\/\/longchangchemical.com\/#website\"},\"datePublished\":\"2024-05-15T02:46:16+00:00\",\"dateModified\":\"2025-12-16T09:39:36+00:00\",\"description\":\"hydroxypinacolone retinoate cas 893412-73-2 is key product of LongChang Chemical. We provide best price. We are the leading manufacturer in China with the best quanlity and competitive price.\",\"breadcrumb\":{\"@id\":\"https:\/\/longchangchemical.com\/product\/hydroxypinacolone-retinoate-cas-893412-73-2\/#breadcrumb\"},\"inLanguage\":\"fr-FR\",\"potentialAction\":[{\"@type\":\"ReadAction\",\"target\":[\"https:\/\/longchangchemical.com\/product\/hydroxypinacolone-retinoate-cas-893412-73-2\/\"]}]},{\"@type\":\"BreadcrumbList\",\"@id\":\"https:\/\/longchangchemical.com\/product\/hydroxypinacolone-retinoate-cas-893412-73-2\/#breadcrumb\",\"itemListElement\":[{\"@type\":\"ListItem\",\"position\":1,\"name\":\"Home\",\"item\":\"https:\/\/longchangchemical.com\/\"},{\"@type\":\"ListItem\",\"position\":2,\"name\":\"Products Longchang\",\"item\":\"https:\/\/longchangchemical.com\/product\/\"},{\"@type\":\"ListItem\",\"position\":3,\"name\":\"hydroxypinacolone retinoate cas 893412-73-2\"}]},{\"@type\":\"WebSite\",\"@id\":\"https:\/\/longchangchemical.com\/#website\",\"url\":\"https:\/\/longchangchemical.com\/\",\"name\":\"Longchang Chemical\",\"description\":\"China chemical manufacturer \uff06 supplier\",\"publisher\":{\"@id\":\"https:\/\/longchangchemical.com\/#organization\"},\"potentialAction\":[{\"@type\":\"SearchAction\",\"target\":{\"@type\":\"EntryPoint\",\"urlTemplate\":\"https:\/\/longchangchemical.com\/?s={search_term_string}\"},\"query-input\":{\"@type\":\"PropertyValueSpecification\",\"valueRequired\":true,\"valueName\":\"search_term_string\"}}],\"inLanguage\":\"fr-FR\"},{\"@type\":\"Organization\",\"@id\":\"https:\/\/longchangchemical.com\/#organization\",\"name\":\"Longchang Chemical\",\"url\":\"https:\/\/longchangchemical.com\/\",\"logo\":{\"@type\":\"ImageObject\",\"inLanguage\":\"fr-FR\",\"@id\":\"https:\/\/longchangchemical.com\/#\/schema\/logo\/image\/\",\"url\":\"https:\/\/longchangchemical.com\/wp-content\/uploads\/2020\/08\/cropped-longchang-logo.png\",\"contentUrl\":\"https:\/\/longchangchemical.com\/wp-content\/uploads\/2020\/08\/cropped-longchang-logo.png\",\"width\":512,\"height\":512,\"caption\":\"Longchang Chemical\"},\"image\":{\"@id\":\"https:\/\/longchangchemical.com\/#\/schema\/logo\/image\/\"}}]}<\/script>\n<!-- \/ Yoast SEO plugin. -->","yoast_head_json":{"title":"Fabricant chinois de r\u00e9tinoate d'hydroxypinacolone cas 893412-73-2 - Longchang Chemical","description":"hydroxypinacolone retinoate cas 893412-73-2 est un produit cl\u00e9 de LongChang Chemical. Nous fournissons le meilleur prix. Nous sommes le principal fabricant en Chine avec les meilleures quantit\u00e9s et des prix comp\u00e9titifs.","robots":{"index":"index","follow":"follow","max-snippet":"max-snippet:-1","max-image-preview":"max-image-preview:large","max-video-preview":"max-video-preview:-1"},"canonical":"https:\/\/longchangchemical.com\/fr\/product\/hydroxypinacolone-retinoate-cas-893412-73-2\/","og_locale":"fr_FR","og_type":"article","og_title":"China hydroxypinacolone retinoate cas 893412-73-2 manufacturer - Longchang Chemical","og_description":"hydroxypinacolone retinoate cas 893412-73-2 is key product of LongChang Chemical. We provide best price. We are the leading manufacturer in China with the best quanlity and competitive price.","og_url":"https:\/\/longchangchemical.com\/fr\/product\/hydroxypinacolone-retinoate-cas-893412-73-2\/","og_site_name":"Longchang Chemical","article_modified_time":"2025-12-16T09:39:36+00:00","og_image":[{"width":1000,"height":1000,"url":"https:\/\/longchangchemical.com\/wp-content\/uploads\/2024\/02\/logo-jpeg.jpg","type":"image\/jpeg"}],"twitter_card":"summary_large_image","schema":{"@context":"https:\/\/schema.org","@graph":[{"@type":"WebPage","@id":"https:\/\/longchangchemical.com\/product\/hydroxypinacolone-retinoate-cas-893412-73-2\/","url":"https:\/\/longchangchemical.com\/product\/hydroxypinacolone-retinoate-cas-893412-73-2\/","name":"Fabricant chinois de r\u00e9tinoate d'hydroxypinacolone cas 893412-73-2 - Longchang Chemical","isPartOf":{"@id":"https:\/\/longchangchemical.com\/#website"},"datePublished":"2024-05-15T02:46:16+00:00","dateModified":"2025-12-16T09:39:36+00:00","description":"hydroxypinacolone retinoate cas 893412-73-2 est un produit cl\u00e9 de LongChang Chemical. Nous fournissons le meilleur prix. Nous sommes le principal fabricant en Chine avec les meilleures quantit\u00e9s et des prix comp\u00e9titifs.","breadcrumb":{"@id":"https:\/\/longchangchemical.com\/product\/hydroxypinacolone-retinoate-cas-893412-73-2\/#breadcrumb"},"inLanguage":"fr-FR","potentialAction":[{"@type":"ReadAction","target":["https:\/\/longchangchemical.com\/product\/hydroxypinacolone-retinoate-cas-893412-73-2\/"]}]},{"@type":"BreadcrumbList","@id":"https:\/\/longchangchemical.com\/product\/hydroxypinacolone-retinoate-cas-893412-73-2\/#breadcrumb","itemListElement":[{"@type":"ListItem","position":1,"name":"Home","item":"https:\/\/longchangchemical.com\/"},{"@type":"ListItem","position":2,"name":"Products Longchang","item":"https:\/\/longchangchemical.com\/product\/"},{"@type":"ListItem","position":3,"name":"hydroxypinacolone retinoate cas 893412-73-2"}]},{"@type":"WebSite","@id":"https:\/\/longchangchemical.com\/#website","url":"https:\/\/longchangchemical.com\/","name":"Longchang Chemical","description":"Fabricant chinois de produits chimiques \uff06 fournisseur","publisher":{"@id":"https:\/\/longchangchemical.com\/#organization"},"potentialAction":[{"@type":"SearchAction","target":{"@type":"EntryPoint","urlTemplate":"https:\/\/longchangchemical.com\/?s={search_term_string}"},"query-input":{"@type":"PropertyValueSpecification","valueRequired":true,"valueName":"search_term_string"}}],"inLanguage":"fr-FR"},{"@type":"Organization","@id":"https:\/\/longchangchemical.com\/#organization","name":"Longchang Chemical","url":"https:\/\/longchangchemical.com\/","logo":{"@type":"ImageObject","inLanguage":"fr-FR","@id":"https:\/\/longchangchemical.com\/#\/schema\/logo\/image\/","url":"https:\/\/longchangchemical.com\/wp-content\/uploads\/2020\/08\/cropped-longchang-logo.png","contentUrl":"https:\/\/longchangchemical.com\/wp-content\/uploads\/2020\/08\/cropped-longchang-logo.png","width":512,"height":512,"caption":"Longchang Chemical"},"image":{"@id":"https:\/\/longchangchemical.com\/#\/schema\/logo\/image\/"}}]}},"_links":{"self":[{"href":"https:\/\/longchangchemical.com\/fr\/wp-json\/wp\/v2\/product\/3661","targetHints":{"allow":["GET"]}}],"collection":[{"href":"https:\/\/longchangchemical.com\/fr\/wp-json\/wp\/v2\/product"}],"about":[{"href":"https:\/\/longchangchemical.com\/fr\/wp-json\/wp\/v2\/types\/product"}],"replies":[{"embeddable":true,"href":"https:\/\/longchangchemical.com\/fr\/wp-json\/wp\/v2\/comments?post=3661"}],"wp:attachment":[{"href":"https:\/\/longchangchemical.com\/fr\/wp-json\/wp\/v2\/media?parent=3661"}],"wp:term":[{"taxonomy":"product_brand","embeddable":true,"href":"https:\/\/longchangchemical.com\/fr\/wp-json\/wp\/v2\/product_brand?post=3661"},{"taxonomy":"product_cat","embeddable":true,"href":"https:\/\/longchangchemical.com\/fr\/wp-json\/wp\/v2\/product_cat?post=3661"},{"taxonomy":"product_tag","embeddable":true,"href":"https:\/\/longchangchemical.com\/fr\/wp-json\/wp\/v2\/product_tag?post=3661"}],"curies":[{"name":"wp","href":"https:\/\/api.w.org\/{rel}","templated":true}]}}