{"id":3655,"date":"2021-04-21T10:00:25","date_gmt":"2021-04-21T10:00:25","guid":{"rendered":"https:\/\/longchangchemical.com\/?post_type=product&#038;p=3655"},"modified":"2025-12-22T09:26:12","modified_gmt":"2025-12-22T09:26:12","slug":"benzyl-nicotinate-cas-94-44-0","status":"publish","type":"product","link":"https:\/\/longchangchemical.com\/fr\/product\/benzyl-nicotinate-cas-94-44-0\/","title":{"rendered":"Nicotinate de benzyle CAS 94-44-0"},"content":{"rendered":"<h1><strong>Nicotinate de benzyle CAS 94-44-0<\/strong><\/h1>\n<table class=\"table-1\" cellspacing=\"0\" cellpadding=\"0\">\n<tbody>\n<tr>\n<td>\n<h4>Objet<\/h4>\n<\/td>\n<td>\n<h4>Sp\u00e9cifications<\/h4>\n<\/td>\n<\/tr>\n<tr>\n<td>\n<h4>Apparence<\/h4>\n<\/td>\n<td>\n<h4>Cristal ou liquide incolore \u00e0 jaune.<\/h4>\n<\/td>\n<\/tr>\n<tr>\n<td>\n<h4>Humidit\u00e9<\/h4>\n<\/td>\n<td>\n<h4>\u22640.5%<\/h4>\n<\/td>\n<\/tr>\n<tr>\n<td>\n<h4>La puret\u00e9<\/h4>\n<\/td>\n<td>\n<h4>\u226598%<\/h4>\n<\/td>\n<\/tr>\n<tr>\n<td>\n<h4>Point de fusion<\/h4>\n<\/td>\n<td>\n<h4>22-24\u2103<\/h4>\n<\/td>\n<\/tr>\n<tr>\n<td>\n<h4>M\u00e9taux lourds<\/h4>\n<\/td>\n<td>\n<h4>N\/A<\/h4>\n<\/td>\n<\/tr>\n<\/tbody>\n<\/table>\n<p>&nbsp;<\/p>\n<h2><strong>Utilisation du nicotinate de benzyle<\/strong><\/h2>\n<h4>1. Le nicotinate de benzyle est le principal composant des comprim\u00e9s \u00e9nerg\u00e9tiques pour le foie et la v\u00e9sicule biliaire. Il s'agit d'un liquide huileux qui favorise la s\u00e9cr\u00e9tion de bile et prot\u00e8ge le foie. Il peut transporter les graisses du foie vers le d\u00e9p\u00f4t de graisse extra-h\u00e9patique. Il est efficace pour le foie caus\u00e9 par l'alcoolisme. La destruction des cellules a un effet inhibiteur \u00e9vident.<\/h4>\n<h4>2. Dans l'industrie cosm\u00e9tique, la plupart des cr\u00e8mes de massage ordinaires sont ch\u00e8res et ont des effets secondaires importants. Elles ne jouent pas un r\u00f4le \u00e9vident dans la promotion de la circulation lymphatique et sanguine et dans l'\u00e9limination des cellules mortes de la peau. L'objectif de la cr\u00e8me de massage au nicotinate de benzyle est de favoriser la circulation lymphatique et sanguine, d'\u00e9liminer les cellules mortes de la peau et de permettre un massage de maquillage pour soulager la fatigue.<\/h4>\n<p>&nbsp;<\/p>\n<h2><strong>Nicotinate de benzyle Emballage<\/strong><\/h2>\n<h4>1KG\/tambour ; 25Kg\/tambour ou selon votre demande.<\/h4>\n<p>&nbsp;<\/p>\n<h2><strong>Produits de la m\u00eame s\u00e9rie<\/strong><\/h2>\n<table style=\"border-collapse: collapse; width: 312.02pt;\" border=\"0\" width=\"416\" cellspacing=\"0\" cellpadding=\"0\">\n<tbody>\n<tr style=\"height: 54.00pt;\">\n<td class=\"et3\" style=\"height: 54.00pt; width: 201.75pt;\" width=\"269\" height=\"72\">\n<h4>Nicotinate de benzyle<\/h4>\n<\/td>\n<td class=\"et3\" style=\"width: 110.25pt;\" width=\"147\">\n<h4>94-44-0<\/h4>\n<\/td>\n<\/tr>\n<tr style=\"height: 54.00pt;\">\n<td class=\"et4\" style=\"height: 54.00pt; width: 201.75pt;\" width=\"269\" height=\"72\">\n<h4><a href=\"https:\/\/longchangchemical.com\/fr\/product\/methyl-nicotinate-cas-93-60-7\/\"><span style=\"color: #0000ff;\">Nicotinate de m\u00e9thyle<\/span><\/a><\/h4>\n<\/td>\n<td class=\"et4\" style=\"width: 110.25pt;\" width=\"147\">\n<h4><span style=\"color: #0000ff;\">93-60-7<\/span><\/h4>\n<\/td>\n<\/tr>\n<\/tbody>\n<\/table>\n<h2><strong><b>Contactez-nous d\u00e8s maintenant !<\/b><\/strong><\/h2>\n<h4><strong><b>Si vous avez besoin de COA, MSDS ou TDS, veuillez remplir vos coordonn\u00e9es dans le formulaire ci-dessous, nous vous contacterons g\u00e9n\u00e9ralement dans les 24 heures. Vous pouvez \u00e9galement m'envoyer un courriel <span style=\"color: #0000ff;\"><a style=\"color: #0000ff;\" href=\"mailto:info@longchangchemical.com\">info@longchangchemical.com<\/a><\/span> pendant les heures de travail ( 8:30 am to 6:00 pm UTC+8 Mon.~Sat. ) ou utilisez le chat en direct du site web pour obtenir une r\u00e9ponse rapide.<\/b><\/strong><\/h4>","protected":false},"excerpt":{"rendered":"<h4>Nom chimique : nicotinate de benzyle<\/h4>\n<h4>CAS : 94-44-0<\/h4>\n<h4>Formule mol\u00e9culaire:C13H11NO2<\/h4>\n<h4>Poids mol\u00e9culaire : 213,23<\/h4>\n<h4>Structure chimique :<img decoding=\"async\" title=\"Structure du nicotinate de benzyle\" src=\"https:\/\/www.longchangchemical.com\/wp-content\/uploads\/product-details\/20200616074062.png\" alt=\"Structure du nicotinate de benzyle\" width=\"145\" height=\"70\" border=\"0\" vspace=\"0\" \/><\/h4>\n<h4>Aspect : Liquide jaun\u00e2tre clair<\/h4>\n<h4>Puret\u00e9 : 98%<\/h4>","protected":false},"featured_media":4507,"comment_status":"open","ping_status":"closed","template":"","meta":[],"product_brand":[],"product_cat":[69],"product_tag":[],"class_list":{"0":"post-3655","1":"product","2":"type-product","3":"status-publish","4":"has-post-thumbnail","6":"product_cat-catalysts-chemical-auxiliary-agents","8":"first","9":"instock","10":"shipping-taxable","11":"product-type-simple"},"yoast_head":"<!-- This site is optimized with the Yoast SEO plugin v25.3.1 - https:\/\/yoast.com\/wordpress\/plugins\/seo\/ -->\n<title>China Benzyl nicotinate Manufacturer \uff06 CAS 94-44-0 Supplier - Longchang chemical Co., Ltd.<\/title>\n<meta name=\"description\" content=\"Longchang Chemical is a leading manufacturer and supplier of Benzyl nicotinate in China. Buy Benzyl nicotinate in china. We can provide the best Benzyl nicotinate price.\" \/>\n<meta name=\"robots\" content=\"index, follow, max-snippet:-1, max-image-preview:large, max-video-preview:-1\" \/>\n<link rel=\"canonical\" href=\"https:\/\/longchangchemical.com\/fr\/product\/benzyl-nicotinate-cas-94-44-0\/\" \/>\n<meta property=\"og:locale\" content=\"fr_FR\" \/>\n<meta property=\"og:type\" content=\"article\" \/>\n<meta property=\"og:title\" content=\"China Benzyl nicotinate Manufacturer \uff06 CAS 94-44-0 Supplier - Longchang chemical Co., Ltd.\" \/>\n<meta property=\"og:description\" content=\"Longchang Chemical is a leading manufacturer and supplier of Benzyl nicotinate in China. Buy Benzyl nicotinate in china. We can provide the best Benzyl nicotinate price.\" \/>\n<meta property=\"og:url\" content=\"https:\/\/longchangchemical.com\/fr\/product\/benzyl-nicotinate-cas-94-44-0\/\" \/>\n<meta property=\"og:site_name\" content=\"Longchang Chemical\" \/>\n<meta property=\"article:modified_time\" content=\"2025-12-22T09:26:12+00:00\" \/>\n<meta property=\"og:image\" content=\"https:\/\/longchangchemical.com\/wp-content\/uploads\/2021\/01\/Benzyl-nicotinate-Appearance.jpg\" \/>\n\t<meta property=\"og:image:width\" content=\"600\" \/>\n\t<meta property=\"og:image:height\" content=\"800\" \/>\n\t<meta property=\"og:image:type\" content=\"image\/jpeg\" \/>\n<meta name=\"twitter:card\" content=\"summary_large_image\" \/>\n<script type=\"application\/ld+json\" class=\"yoast-schema-graph\">{\"@context\":\"https:\/\/schema.org\",\"@graph\":[{\"@type\":\"WebPage\",\"@id\":\"https:\/\/longchangchemical.com\/product\/benzyl-nicotinate-cas-94-44-0\/\",\"url\":\"https:\/\/longchangchemical.com\/product\/benzyl-nicotinate-cas-94-44-0\/\",\"name\":\"China Benzyl nicotinate Manufacturer \uff06 CAS 94-44-0 Supplier - Longchang chemical Co., Ltd.\",\"isPartOf\":{\"@id\":\"https:\/\/longchangchemical.com\/#website\"},\"primaryImageOfPage\":{\"@id\":\"https:\/\/longchangchemical.com\/product\/benzyl-nicotinate-cas-94-44-0\/#primaryimage\"},\"image\":{\"@id\":\"https:\/\/longchangchemical.com\/product\/benzyl-nicotinate-cas-94-44-0\/#primaryimage\"},\"thumbnailUrl\":\"https:\/\/longchangchemical.com\/wp-content\/uploads\/2021\/01\/Benzyl-nicotinate-Appearance.jpg\",\"datePublished\":\"2021-04-21T10:00:25+00:00\",\"dateModified\":\"2025-12-22T09:26:12+00:00\",\"description\":\"Longchang Chemical is a leading manufacturer and supplier of Benzyl nicotinate in China. Buy Benzyl nicotinate in china. We can provide the best Benzyl nicotinate price.\",\"breadcrumb\":{\"@id\":\"https:\/\/longchangchemical.com\/product\/benzyl-nicotinate-cas-94-44-0\/#breadcrumb\"},\"inLanguage\":\"fr-FR\",\"potentialAction\":[{\"@type\":\"ReadAction\",\"target\":[\"https:\/\/longchangchemical.com\/product\/benzyl-nicotinate-cas-94-44-0\/\"]}]},{\"@type\":\"ImageObject\",\"inLanguage\":\"fr-FR\",\"@id\":\"https:\/\/longchangchemical.com\/product\/benzyl-nicotinate-cas-94-44-0\/#primaryimage\",\"url\":\"https:\/\/longchangchemical.com\/wp-content\/uploads\/2021\/01\/Benzyl-nicotinate-Appearance.jpg\",\"contentUrl\":\"https:\/\/longchangchemical.com\/wp-content\/uploads\/2021\/01\/Benzyl-nicotinate-Appearance.jpg\",\"width\":600,\"height\":800,\"caption\":\"Benzyl-nicotinate-Appearance\"},{\"@type\":\"BreadcrumbList\",\"@id\":\"https:\/\/longchangchemical.com\/product\/benzyl-nicotinate-cas-94-44-0\/#breadcrumb\",\"itemListElement\":[{\"@type\":\"ListItem\",\"position\":1,\"name\":\"Home\",\"item\":\"https:\/\/longchangchemical.com\/\"},{\"@type\":\"ListItem\",\"position\":2,\"name\":\"Products Longchang\",\"item\":\"https:\/\/longchangchemical.com\/product\/\"},{\"@type\":\"ListItem\",\"position\":3,\"name\":\"Benzyl nicotinate CAS 94-44-0\"}]},{\"@type\":\"WebSite\",\"@id\":\"https:\/\/longchangchemical.com\/#website\",\"url\":\"https:\/\/longchangchemical.com\/\",\"name\":\"Longchang Chemical\",\"description\":\"China chemical manufacturer \uff06 supplier\",\"publisher\":{\"@id\":\"https:\/\/longchangchemical.com\/#organization\"},\"potentialAction\":[{\"@type\":\"SearchAction\",\"target\":{\"@type\":\"EntryPoint\",\"urlTemplate\":\"https:\/\/longchangchemical.com\/?s={search_term_string}\"},\"query-input\":{\"@type\":\"PropertyValueSpecification\",\"valueRequired\":true,\"valueName\":\"search_term_string\"}}],\"inLanguage\":\"fr-FR\"},{\"@type\":\"Organization\",\"@id\":\"https:\/\/longchangchemical.com\/#organization\",\"name\":\"Longchang Chemical\",\"url\":\"https:\/\/longchangchemical.com\/\",\"logo\":{\"@type\":\"ImageObject\",\"inLanguage\":\"fr-FR\",\"@id\":\"https:\/\/longchangchemical.com\/#\/schema\/logo\/image\/\",\"url\":\"https:\/\/longchangchemical.com\/wp-content\/uploads\/2020\/08\/cropped-longchang-logo.png\",\"contentUrl\":\"https:\/\/longchangchemical.com\/wp-content\/uploads\/2020\/08\/cropped-longchang-logo.png\",\"width\":512,\"height\":512,\"caption\":\"Longchang Chemical\"},\"image\":{\"@id\":\"https:\/\/longchangchemical.com\/#\/schema\/logo\/image\/\"}}]}<\/script>\n<!-- \/ Yoast SEO plugin. -->","yoast_head_json":{"title":"Fabricant chinois de nicotinate de benzyle \uff06 CAS 94-44-0 Fournisseur - Longchang chemical Co.","description":"Longchang Chemical est un fabricant et fournisseur de premier plan de nicotinate de benzyle en Chine. Acheter Benzyl nicotinate en Chine. Nous pouvons vous fournir le meilleur prix de Benzyl nicotinate.","robots":{"index":"index","follow":"follow","max-snippet":"max-snippet:-1","max-image-preview":"max-image-preview:large","max-video-preview":"max-video-preview:-1"},"canonical":"https:\/\/longchangchemical.com\/fr\/product\/benzyl-nicotinate-cas-94-44-0\/","og_locale":"fr_FR","og_type":"article","og_title":"China Benzyl nicotinate Manufacturer \uff06 CAS 94-44-0 Supplier - Longchang chemical Co., Ltd.","og_description":"Longchang Chemical is a leading manufacturer and supplier of Benzyl nicotinate in China. Buy Benzyl nicotinate in china. We can provide the best Benzyl nicotinate price.","og_url":"https:\/\/longchangchemical.com\/fr\/product\/benzyl-nicotinate-cas-94-44-0\/","og_site_name":"Longchang Chemical","article_modified_time":"2025-12-22T09:26:12+00:00","og_image":[{"width":600,"height":800,"url":"https:\/\/longchangchemical.com\/wp-content\/uploads\/2021\/01\/Benzyl-nicotinate-Appearance.jpg","type":"image\/jpeg"}],"twitter_card":"summary_large_image","schema":{"@context":"https:\/\/schema.org","@graph":[{"@type":"WebPage","@id":"https:\/\/longchangchemical.com\/product\/benzyl-nicotinate-cas-94-44-0\/","url":"https:\/\/longchangchemical.com\/product\/benzyl-nicotinate-cas-94-44-0\/","name":"Fabricant chinois de nicotinate de benzyle \uff06 CAS 94-44-0 Fournisseur - Longchang chemical Co.","isPartOf":{"@id":"https:\/\/longchangchemical.com\/#website"},"primaryImageOfPage":{"@id":"https:\/\/longchangchemical.com\/product\/benzyl-nicotinate-cas-94-44-0\/#primaryimage"},"image":{"@id":"https:\/\/longchangchemical.com\/product\/benzyl-nicotinate-cas-94-44-0\/#primaryimage"},"thumbnailUrl":"https:\/\/longchangchemical.com\/wp-content\/uploads\/2021\/01\/Benzyl-nicotinate-Appearance.jpg","datePublished":"2021-04-21T10:00:25+00:00","dateModified":"2025-12-22T09:26:12+00:00","description":"Longchang Chemical est un fabricant et fournisseur de premier plan de nicotinate de benzyle en Chine. Acheter Benzyl nicotinate en Chine. Nous pouvons vous fournir le meilleur prix de Benzyl nicotinate.","breadcrumb":{"@id":"https:\/\/longchangchemical.com\/product\/benzyl-nicotinate-cas-94-44-0\/#breadcrumb"},"inLanguage":"fr-FR","potentialAction":[{"@type":"ReadAction","target":["https:\/\/longchangchemical.com\/product\/benzyl-nicotinate-cas-94-44-0\/"]}]},{"@type":"ImageObject","inLanguage":"fr-FR","@id":"https:\/\/longchangchemical.com\/product\/benzyl-nicotinate-cas-94-44-0\/#primaryimage","url":"https:\/\/longchangchemical.com\/wp-content\/uploads\/2021\/01\/Benzyl-nicotinate-Appearance.jpg","contentUrl":"https:\/\/longchangchemical.com\/wp-content\/uploads\/2021\/01\/Benzyl-nicotinate-Appearance.jpg","width":600,"height":800,"caption":"Benzyl-nicotinate-Appearance"},{"@type":"BreadcrumbList","@id":"https:\/\/longchangchemical.com\/product\/benzyl-nicotinate-cas-94-44-0\/#breadcrumb","itemListElement":[{"@type":"ListItem","position":1,"name":"Home","item":"https:\/\/longchangchemical.com\/"},{"@type":"ListItem","position":2,"name":"Products Longchang","item":"https:\/\/longchangchemical.com\/product\/"},{"@type":"ListItem","position":3,"name":"Benzyl nicotinate CAS 94-44-0"}]},{"@type":"WebSite","@id":"https:\/\/longchangchemical.com\/#website","url":"https:\/\/longchangchemical.com\/","name":"Longchang Chemical","description":"Fabricant chinois de produits chimiques \uff06 fournisseur","publisher":{"@id":"https:\/\/longchangchemical.com\/#organization"},"potentialAction":[{"@type":"SearchAction","target":{"@type":"EntryPoint","urlTemplate":"https:\/\/longchangchemical.com\/?s={search_term_string}"},"query-input":{"@type":"PropertyValueSpecification","valueRequired":true,"valueName":"search_term_string"}}],"inLanguage":"fr-FR"},{"@type":"Organization","@id":"https:\/\/longchangchemical.com\/#organization","name":"Longchang Chemical","url":"https:\/\/longchangchemical.com\/","logo":{"@type":"ImageObject","inLanguage":"fr-FR","@id":"https:\/\/longchangchemical.com\/#\/schema\/logo\/image\/","url":"https:\/\/longchangchemical.com\/wp-content\/uploads\/2020\/08\/cropped-longchang-logo.png","contentUrl":"https:\/\/longchangchemical.com\/wp-content\/uploads\/2020\/08\/cropped-longchang-logo.png","width":512,"height":512,"caption":"Longchang Chemical"},"image":{"@id":"https:\/\/longchangchemical.com\/#\/schema\/logo\/image\/"}}]}},"_links":{"self":[{"href":"https:\/\/longchangchemical.com\/fr\/wp-json\/wp\/v2\/product\/3655","targetHints":{"allow":["GET"]}}],"collection":[{"href":"https:\/\/longchangchemical.com\/fr\/wp-json\/wp\/v2\/product"}],"about":[{"href":"https:\/\/longchangchemical.com\/fr\/wp-json\/wp\/v2\/types\/product"}],"replies":[{"embeddable":true,"href":"https:\/\/longchangchemical.com\/fr\/wp-json\/wp\/v2\/comments?post=3655"}],"wp:featuredmedia":[{"embeddable":true,"href":"https:\/\/longchangchemical.com\/fr\/wp-json\/wp\/v2\/media\/4507"}],"wp:attachment":[{"href":"https:\/\/longchangchemical.com\/fr\/wp-json\/wp\/v2\/media?parent=3655"}],"wp:term":[{"taxonomy":"product_brand","embeddable":true,"href":"https:\/\/longchangchemical.com\/fr\/wp-json\/wp\/v2\/product_brand?post=3655"},{"taxonomy":"product_cat","embeddable":true,"href":"https:\/\/longchangchemical.com\/fr\/wp-json\/wp\/v2\/product_cat?post=3655"},{"taxonomy":"product_tag","embeddable":true,"href":"https:\/\/longchangchemical.com\/fr\/wp-json\/wp\/v2\/product_tag?post=3655"}],"curies":[{"name":"wp","href":"https:\/\/api.w.org\/{rel}","templated":true}]}}