{"id":3643,"date":"2021-05-18T08:10:14","date_gmt":"2021-05-18T08:10:14","guid":{"rendered":"https:\/\/longchangchemical.com\/?post_type=product&#038;p=3643"},"modified":"2025-12-22T08:18:24","modified_gmt":"2025-12-22T08:18:24","slug":"d-lactide-cas-13076-17-0","status":"publish","type":"product","link":"https:\/\/longchangchemical.com\/fr\/product\/d-lactide-cas-13076-17-0\/","title":{"rendered":"D-Lactide CAS 13076-17-0"},"content":{"rendered":"<h1><strong>D-Lactide CAS 13076-17-0<\/strong><\/h1>\n<table class=\"table-1\" cellspacing=\"0\">\n<tbody>\n<tr>\n<td>\n<h4>Objet<\/h4>\n<\/td>\n<td>\n<h4>Standard<\/h4>\n<\/td>\n<td>\n<h4>R\u00e9sultats<\/h4>\n<\/td>\n<\/tr>\n<tr>\n<td>\n<h4>Apparence<\/h4>\n<\/td>\n<td>\n<h4>Cristaux blancs<\/h4>\n<\/td>\n<td>\n<h4>Cristaux blancs<\/h4>\n<\/td>\n<\/tr>\n<tr>\n<td>\n<h4>Point de fusion(\u2103)<\/h4>\n<\/td>\n<td>\n<h4>96-99<\/h4>\n<\/td>\n<td>\n<h4>97<\/h4>\n<\/td>\n<\/tr>\n<tr>\n<td>\n<h4>Teneur en eau\uff0c%<\/h4>\n<\/td>\n<td>\n<h4>\u22640.4<\/h4>\n<\/td>\n<td>\n<h4>0.12<\/h4>\n<\/td>\n<\/tr>\n<tr>\n<td>\n<h4>Teneur en m\u00e9taux lourds (ppm)<\/h4>\n<\/td>\n<td>\n<h4>\u22645<\/h4>\n<\/td>\n<td>\n<h4>\u22645<\/h4>\n<\/td>\n<\/tr>\n<tr>\n<td>\n<h4>Acide libre<\/h4>\n<\/td>\n<td>\n<h4>\u22640.1<\/h4>\n<\/td>\n<td>\n<h4>0.056<\/h4>\n<\/td>\n<\/tr>\n<tr>\n<td>\n<h4>Ash,%<\/h4>\n<\/td>\n<td>\n<h4>\u22640.05<\/h4>\n<\/td>\n<td>\n<h4>0.035<\/h4>\n<\/td>\n<\/tr>\n<tr>\n<td>\n<h4>Puret\u00e9,%<\/h4>\n<\/td>\n<td>\n<h4>\u226599.5<\/h4>\n<\/td>\n<td>\n<h4>\u226599.5<\/h4>\n<\/td>\n<\/tr>\n<tr>\n<td>\n<h4>Rotation optique (dichlorom\u00e9thane, 25 \u00b0 C)<\/h4>\n<\/td>\n<td>\n<h4>260\uff5e265\u00b0<\/h4>\n<\/td>\n<td>\n<h4>262\u00b0<\/h4>\n<\/td>\n<\/tr>\n<tr>\n<td>\n<h4>Conclusion<\/h4>\n<\/td>\n<td colspan=\"2\">\n<h4>Qualifi\u00e9<\/h4>\n<\/td>\n<\/tr>\n<\/tbody>\n<\/table>\n<p>&nbsp;<\/p>\n<h2><strong>Utilisation du D-LACTIDE<\/strong><\/h2>\n<h4>Le D-(+)-Propyl cross ester est un diester cyclique de l'acide lactique, un sous-produit produit par les sarcom\u00e8res musculaires et les globules rouges lorsque le corps d\u00e9compose les hydrates de carbone pour obtenir de l'\u00e9nergie \u00e0 de faibles niveaux d'oxyg\u00e8ne. Un catalyseur appropri\u00e9 peut \u00eatre utilis\u00e9 pour polym\u00e9riser l'ester propionylique en acide polylactique, ce qui permet d'obtenir un mat\u00e9riau aux propri\u00e9t\u00e9s utiles.<\/h4>\n<h4><\/h4>\n<h2><strong>D-LACTIDE Stockage<\/strong><\/h2>\n<h4>1. Cette s\u00e9rie de produits est constitu\u00e9e de mat\u00e9riaux biod\u00e9gradables. \u00c9viter tout contact avec l'eau, les substances acides, les substances alcalines, les r\u00e9actifs alcooliques et autres r\u00e9actifs susceptibles de provoquer une d\u00e9gradation du produit pendant le stockage.<\/h4>\n<h4>2. Cette s\u00e9rie de produits doit \u00eatre scell\u00e9e et stock\u00e9e dans un endroit sec et \u00e0 basse temp\u00e9rature (r\u00e9frig\u00e9rateur \u00e0 -20 degr\u00e9s) pendant le stockage, et doit \u00eatre scell\u00e9e \u00e0 l'aide d'une scelleuse (les produits restants apr\u00e8s utilisation ne doivent pas \u00eatre emball\u00e9s et stock\u00e9s dans des sacs \u00e0 fermeture \u00e9clair).<\/h4>\n<h4>3. Lors de l'utilisation, sortez le produit du r\u00e9frig\u00e9rateur et placez-le \u00e0 temp\u00e9rature ambiante, et attendez que la temp\u00e9rature atteigne la temp\u00e9rature ambiante pour essuyer l'humidit\u00e9 condens\u00e9e \u00e0 la surface du sac d'emballage avant de l'ouvrir (l'humidit\u00e9 de l'air se condense \u00e0 la surface du produit et le d\u00e9grade lorsqu'il est sorti du r\u00e9frig\u00e9rateur sans temp\u00e9rature constante et qu'il est ouvert). L'humidit\u00e9 de l'air de l'environnement pendant l'utilisation doit \u00eatre inf\u00e9rieure \u00e0 35% afin d'\u00e9viter que les produits restants ne deviennent humides et n'affectent la qualit\u00e9 du produit.<\/h4>\n<h2><strong>D-LACTIDE Emballage<\/strong><\/h2>\n<h4>500g\/sac ou 1kg\/sac ou 25kg\/tambour.<\/h4>\n<p>&nbsp;<\/p>\n<h2><strong>Comment distinguer le D-LACTIDE et le L-LACTIDE ?<\/strong><\/h2>\n<h4>1. Les cristaux en forme d'aiguille du L-lactide et du D-lactide sont identiques, le point de fusion est le m\u00eame et l'apparence est indiscernable. La forme rac\u00e9mique peut \u00eatre distingu\u00e9e par son aspect, elle n'a pas la forme d'une aiguille et son point de fusion est diff\u00e9rent.<br \/>\n2. Le magn\u00e9tisme nucl\u00e9aire et l'infrarouge ne peuvent \u00eatre distingu\u00e9s, la rotation optique peut \u00eatre distingu\u00e9e, la gaucherie est n\u00e9gative, la droiterie est positive, la rac\u00e9misation n'a pas de rotation optique.<\/h4>\n<p>&nbsp;<\/p>\n<h2><strong>Produits de la m\u00eame s\u00e9rie<\/strong><\/h2>\n<table style=\"border-collapse: collapse; width: 312.02pt;\" border=\"0\" width=\"416\" cellspacing=\"0\" cellpadding=\"0\">\n<tbody>\n<tr style=\"height: 40.50pt;\">\n<td class=\"et2\" style=\"height: 40.50pt; width: 201.75pt;\" width=\"269\" height=\"54\">\n<h4>D-LACTIDE<\/h4>\n<\/td>\n<td class=\"et2\" style=\"width: 110.25pt;\" width=\"147\">\n<h4>13076-17-0<\/h4>\n<\/td>\n<\/tr>\n<tr style=\"height: 40.50pt;\">\n<td class=\"et2\" style=\"height: 40.50pt; width: 201.75pt;\" width=\"269\" height=\"54\">\n<h4><a href=\"https:\/\/longchangchemical.com\/fr\/product\/l-lactide-cas-4511-42-6\/\"><span style=\"color: #0000ff;\">L-LACTIDE<\/span><\/a><\/h4>\n<\/td>\n<td class=\"et2\" style=\"width: 110.25pt;\" width=\"147\">\n<h4>4511-42-6<\/h4>\n<\/td>\n<\/tr>\n<\/tbody>\n<\/table>\n<h2><\/h2>\n<h2><strong><b>Contactez-nous d\u00e8s maintenant !<\/b><\/strong><\/h2>\n<h4><strong><b>Si vous avez besoin de COA, MSDS ou TDS, remplissez le formulaire ci-dessous, nous vous contacterons g\u00e9n\u00e9ralement dans les 24 heures. Vous pouvez \u00e9galement m'envoyer un courriel <span style=\"color: #0000ff;\"><a style=\"color: #0000ff;\" href=\"mailto:info@longchangchemical.com\">info@longchangchemical.com<\/a><\/span> pendant les heures de travail ( 8:30 am to 6:00 pm UTC+8 Mon.~Sat. ) ou utilisez le chat en direct du site web pour obtenir une r\u00e9ponse rapide.<\/b><\/strong><\/h4>\n<p>&nbsp;<\/p>","protected":false},"excerpt":{"rendered":"<h4>Nom du produit : D-LACTIDE<\/h4>\n<h4>Num\u00e9ro CAS : 13076-17-0<\/h4>\n<h4>Formule mol\u00e9culaire : C6H8O4<\/h4>\n<h4>Poids mol\u00e9culaire : 144,13<\/h4>\n<h4>Structure chimique\uff1a<img decoding=\"async\" title=\"D-LACTIDE CAS 13076-17-0\" src=\"https:\/\/www.longchangchemical.com\/wp-content\/uploads\/product-details\/20200617061310.png\" alt=\"D-LACTIDE CAS 13076-17-0\" \/><\/h4>\n<h4>Aspect : Cristaux blancs<\/h4>","protected":false},"featured_media":4625,"comment_status":"open","ping_status":"closed","template":"","meta":[],"product_brand":[],"product_cat":[69],"product_tag":[],"class_list":{"0":"post-3643","1":"product","2":"type-product","3":"status-publish","4":"has-post-thumbnail","6":"product_cat-catalysts-chemical-auxiliary-agents","8":"first","9":"instock","10":"shipping-taxable","11":"product-type-simple"},"yoast_head":"<!-- This site is optimized with the Yoast SEO plugin v25.3.1 - https:\/\/yoast.com\/wordpress\/plugins\/seo\/ -->\n<title>China D-Lactide Manufacturer \uff06 13076-17-0 Supplier - Longchang chemical Co., Ltd.<\/title>\n<meta name=\"description\" content=\"Longchang Chemical is a leading manufacturer and supplier of D-Lactide in China. Buy D-Lactide in china. We can provide the best D-Lactide price.\" \/>\n<meta name=\"robots\" content=\"index, follow, max-snippet:-1, max-image-preview:large, max-video-preview:-1\" \/>\n<link rel=\"canonical\" href=\"https:\/\/longchangchemical.com\/fr\/product\/d-lactide-cas-13076-17-0\/\" \/>\n<meta property=\"og:locale\" content=\"fr_FR\" \/>\n<meta property=\"og:type\" content=\"article\" \/>\n<meta property=\"og:title\" content=\"China D-Lactide Manufacturer \uff06 13076-17-0 Supplier - Longchang chemical Co., Ltd.\" \/>\n<meta property=\"og:description\" content=\"Longchang Chemical is a leading manufacturer and supplier of D-Lactide in China. Buy D-Lactide in china. We can provide the best D-Lactide price.\" \/>\n<meta property=\"og:url\" content=\"https:\/\/longchangchemical.com\/fr\/product\/d-lactide-cas-13076-17-0\/\" \/>\n<meta property=\"og:site_name\" content=\"Longchang Chemical\" \/>\n<meta property=\"article:modified_time\" content=\"2025-12-22T08:18:24+00:00\" \/>\n<meta property=\"og:image\" content=\"https:\/\/longchangchemical.com\/wp-content\/uploads\/2021\/01\/Appearance-26.jpg\" \/>\n\t<meta property=\"og:image:width\" content=\"600\" \/>\n\t<meta property=\"og:image:height\" content=\"800\" \/>\n\t<meta property=\"og:image:type\" content=\"image\/jpeg\" \/>\n<meta name=\"twitter:card\" content=\"summary_large_image\" \/>\n<script type=\"application\/ld+json\" class=\"yoast-schema-graph\">{\"@context\":\"https:\/\/schema.org\",\"@graph\":[{\"@type\":\"WebPage\",\"@id\":\"https:\/\/longchangchemical.com\/product\/d-lactide-cas-13076-17-0\/\",\"url\":\"https:\/\/longchangchemical.com\/product\/d-lactide-cas-13076-17-0\/\",\"name\":\"China D-Lactide Manufacturer \uff06 13076-17-0 Supplier - Longchang chemical Co., Ltd.\",\"isPartOf\":{\"@id\":\"https:\/\/longchangchemical.com\/#website\"},\"primaryImageOfPage\":{\"@id\":\"https:\/\/longchangchemical.com\/product\/d-lactide-cas-13076-17-0\/#primaryimage\"},\"image\":{\"@id\":\"https:\/\/longchangchemical.com\/product\/d-lactide-cas-13076-17-0\/#primaryimage\"},\"thumbnailUrl\":\"https:\/\/longchangchemical.com\/wp-content\/uploads\/2021\/01\/Appearance-26.jpg\",\"datePublished\":\"2021-05-18T08:10:14+00:00\",\"dateModified\":\"2025-12-22T08:18:24+00:00\",\"description\":\"Longchang Chemical is a leading manufacturer and supplier of D-Lactide in China. Buy D-Lactide in china. We can provide the best D-Lactide price.\",\"breadcrumb\":{\"@id\":\"https:\/\/longchangchemical.com\/product\/d-lactide-cas-13076-17-0\/#breadcrumb\"},\"inLanguage\":\"fr-FR\",\"potentialAction\":[{\"@type\":\"ReadAction\",\"target\":[\"https:\/\/longchangchemical.com\/product\/d-lactide-cas-13076-17-0\/\"]}]},{\"@type\":\"ImageObject\",\"inLanguage\":\"fr-FR\",\"@id\":\"https:\/\/longchangchemical.com\/product\/d-lactide-cas-13076-17-0\/#primaryimage\",\"url\":\"https:\/\/longchangchemical.com\/wp-content\/uploads\/2021\/01\/Appearance-26.jpg\",\"contentUrl\":\"https:\/\/longchangchemical.com\/wp-content\/uploads\/2021\/01\/Appearance-26.jpg\",\"width\":600,\"height\":800},{\"@type\":\"BreadcrumbList\",\"@id\":\"https:\/\/longchangchemical.com\/product\/d-lactide-cas-13076-17-0\/#breadcrumb\",\"itemListElement\":[{\"@type\":\"ListItem\",\"position\":1,\"name\":\"Home\",\"item\":\"https:\/\/longchangchemical.com\/\"},{\"@type\":\"ListItem\",\"position\":2,\"name\":\"Products Longchang\",\"item\":\"https:\/\/longchangchemical.com\/product\/\"},{\"@type\":\"ListItem\",\"position\":3,\"name\":\"D-Lactide CAS 13076-17-0\"}]},{\"@type\":\"WebSite\",\"@id\":\"https:\/\/longchangchemical.com\/#website\",\"url\":\"https:\/\/longchangchemical.com\/\",\"name\":\"Longchang Chemical\",\"description\":\"China chemical manufacturer \uff06 supplier\",\"publisher\":{\"@id\":\"https:\/\/longchangchemical.com\/#organization\"},\"potentialAction\":[{\"@type\":\"SearchAction\",\"target\":{\"@type\":\"EntryPoint\",\"urlTemplate\":\"https:\/\/longchangchemical.com\/?s={search_term_string}\"},\"query-input\":{\"@type\":\"PropertyValueSpecification\",\"valueRequired\":true,\"valueName\":\"search_term_string\"}}],\"inLanguage\":\"fr-FR\"},{\"@type\":\"Organization\",\"@id\":\"https:\/\/longchangchemical.com\/#organization\",\"name\":\"Longchang Chemical\",\"url\":\"https:\/\/longchangchemical.com\/\",\"logo\":{\"@type\":\"ImageObject\",\"inLanguage\":\"fr-FR\",\"@id\":\"https:\/\/longchangchemical.com\/#\/schema\/logo\/image\/\",\"url\":\"https:\/\/longchangchemical.com\/wp-content\/uploads\/2020\/08\/cropped-longchang-logo.png\",\"contentUrl\":\"https:\/\/longchangchemical.com\/wp-content\/uploads\/2020\/08\/cropped-longchang-logo.png\",\"width\":512,\"height\":512,\"caption\":\"Longchang Chemical\"},\"image\":{\"@id\":\"https:\/\/longchangchemical.com\/#\/schema\/logo\/image\/\"}}]}<\/script>\n<!-- \/ Yoast SEO plugin. -->","yoast_head_json":{"title":"Fabricant chinois de D-Lactide \uff06 13076-17-0 Fournisseur - Longchang chemical Co.","description":"Longchang Chemical est un fabricant et fournisseur leader de D-Lactide en Chine. Acheter D-Lactide en Chine. Nous pouvons vous fournir le meilleur prix de D-Lactide.","robots":{"index":"index","follow":"follow","max-snippet":"max-snippet:-1","max-image-preview":"max-image-preview:large","max-video-preview":"max-video-preview:-1"},"canonical":"https:\/\/longchangchemical.com\/fr\/product\/d-lactide-cas-13076-17-0\/","og_locale":"fr_FR","og_type":"article","og_title":"China D-Lactide Manufacturer \uff06 13076-17-0 Supplier - Longchang chemical Co., Ltd.","og_description":"Longchang Chemical is a leading manufacturer and supplier of D-Lactide in China. Buy D-Lactide in china. We can provide the best D-Lactide price.","og_url":"https:\/\/longchangchemical.com\/fr\/product\/d-lactide-cas-13076-17-0\/","og_site_name":"Longchang Chemical","article_modified_time":"2025-12-22T08:18:24+00:00","og_image":[{"width":600,"height":800,"url":"https:\/\/longchangchemical.com\/wp-content\/uploads\/2021\/01\/Appearance-26.jpg","type":"image\/jpeg"}],"twitter_card":"summary_large_image","schema":{"@context":"https:\/\/schema.org","@graph":[{"@type":"WebPage","@id":"https:\/\/longchangchemical.com\/product\/d-lactide-cas-13076-17-0\/","url":"https:\/\/longchangchemical.com\/product\/d-lactide-cas-13076-17-0\/","name":"Fabricant chinois de D-Lactide \uff06 13076-17-0 Fournisseur - Longchang chemical Co.","isPartOf":{"@id":"https:\/\/longchangchemical.com\/#website"},"primaryImageOfPage":{"@id":"https:\/\/longchangchemical.com\/product\/d-lactide-cas-13076-17-0\/#primaryimage"},"image":{"@id":"https:\/\/longchangchemical.com\/product\/d-lactide-cas-13076-17-0\/#primaryimage"},"thumbnailUrl":"https:\/\/longchangchemical.com\/wp-content\/uploads\/2021\/01\/Appearance-26.jpg","datePublished":"2021-05-18T08:10:14+00:00","dateModified":"2025-12-22T08:18:24+00:00","description":"Longchang Chemical est un fabricant et fournisseur leader de D-Lactide en Chine. Acheter D-Lactide en Chine. Nous pouvons vous fournir le meilleur prix de D-Lactide.","breadcrumb":{"@id":"https:\/\/longchangchemical.com\/product\/d-lactide-cas-13076-17-0\/#breadcrumb"},"inLanguage":"fr-FR","potentialAction":[{"@type":"ReadAction","target":["https:\/\/longchangchemical.com\/product\/d-lactide-cas-13076-17-0\/"]}]},{"@type":"ImageObject","inLanguage":"fr-FR","@id":"https:\/\/longchangchemical.com\/product\/d-lactide-cas-13076-17-0\/#primaryimage","url":"https:\/\/longchangchemical.com\/wp-content\/uploads\/2021\/01\/Appearance-26.jpg","contentUrl":"https:\/\/longchangchemical.com\/wp-content\/uploads\/2021\/01\/Appearance-26.jpg","width":600,"height":800},{"@type":"BreadcrumbList","@id":"https:\/\/longchangchemical.com\/product\/d-lactide-cas-13076-17-0\/#breadcrumb","itemListElement":[{"@type":"ListItem","position":1,"name":"Home","item":"https:\/\/longchangchemical.com\/"},{"@type":"ListItem","position":2,"name":"Products Longchang","item":"https:\/\/longchangchemical.com\/product\/"},{"@type":"ListItem","position":3,"name":"D-Lactide CAS 13076-17-0"}]},{"@type":"WebSite","@id":"https:\/\/longchangchemical.com\/#website","url":"https:\/\/longchangchemical.com\/","name":"Longchang Chemical","description":"Fabricant chinois de produits chimiques \uff06 fournisseur","publisher":{"@id":"https:\/\/longchangchemical.com\/#organization"},"potentialAction":[{"@type":"SearchAction","target":{"@type":"EntryPoint","urlTemplate":"https:\/\/longchangchemical.com\/?s={search_term_string}"},"query-input":{"@type":"PropertyValueSpecification","valueRequired":true,"valueName":"search_term_string"}}],"inLanguage":"fr-FR"},{"@type":"Organization","@id":"https:\/\/longchangchemical.com\/#organization","name":"Longchang Chemical","url":"https:\/\/longchangchemical.com\/","logo":{"@type":"ImageObject","inLanguage":"fr-FR","@id":"https:\/\/longchangchemical.com\/#\/schema\/logo\/image\/","url":"https:\/\/longchangchemical.com\/wp-content\/uploads\/2020\/08\/cropped-longchang-logo.png","contentUrl":"https:\/\/longchangchemical.com\/wp-content\/uploads\/2020\/08\/cropped-longchang-logo.png","width":512,"height":512,"caption":"Longchang Chemical"},"image":{"@id":"https:\/\/longchangchemical.com\/#\/schema\/logo\/image\/"}}]}},"_links":{"self":[{"href":"https:\/\/longchangchemical.com\/fr\/wp-json\/wp\/v2\/product\/3643","targetHints":{"allow":["GET"]}}],"collection":[{"href":"https:\/\/longchangchemical.com\/fr\/wp-json\/wp\/v2\/product"}],"about":[{"href":"https:\/\/longchangchemical.com\/fr\/wp-json\/wp\/v2\/types\/product"}],"replies":[{"embeddable":true,"href":"https:\/\/longchangchemical.com\/fr\/wp-json\/wp\/v2\/comments?post=3643"}],"wp:featuredmedia":[{"embeddable":true,"href":"https:\/\/longchangchemical.com\/fr\/wp-json\/wp\/v2\/media\/4625"}],"wp:attachment":[{"href":"https:\/\/longchangchemical.com\/fr\/wp-json\/wp\/v2\/media?parent=3643"}],"wp:term":[{"taxonomy":"product_brand","embeddable":true,"href":"https:\/\/longchangchemical.com\/fr\/wp-json\/wp\/v2\/product_brand?post=3643"},{"taxonomy":"product_cat","embeddable":true,"href":"https:\/\/longchangchemical.com\/fr\/wp-json\/wp\/v2\/product_cat?post=3643"},{"taxonomy":"product_tag","embeddable":true,"href":"https:\/\/longchangchemical.com\/fr\/wp-json\/wp\/v2\/product_tag?post=3643"}],"curies":[{"name":"wp","href":"https:\/\/api.w.org\/{rel}","templated":true}]}}