{"id":3623,"date":"2021-04-24T06:06:16","date_gmt":"2021-04-24T06:06:16","guid":{"rendered":"https:\/\/longchangchemical.com\/?post_type=product&#038;p=3623"},"modified":"2025-12-22T09:18:58","modified_gmt":"2025-12-22T09:18:58","slug":"cas-21679-31-2","status":"publish","type":"product","link":"https:\/\/longchangchemical.com\/fr\/product\/cas-21679-31-2\/","title":{"rendered":"Ac\u00e9tylac\u00e9tonate de chrome(iii) CAS 21679-31-2"},"content":{"rendered":"<h1><strong>Ac\u00e9tylac\u00e9tonate de chrome(iii) CAS 21679-31-2<\/strong><\/h1>\n<table class=\"table-1\" cellspacing=\"0\">\n<tbody>\n<tr>\n<td>\n<h4>Apparence<\/h4>\n<\/td>\n<td>\n<h4>Poudre avec une bonne fluidit\u00e9<\/h4>\n<\/td>\n<\/tr>\n<tr>\n<td>\n<h4>Apparence<\/h4>\n<\/td>\n<td>\n<h4>Poudre de cristal rouge pourpre fonc\u00e9<\/h4>\n<\/td>\n<\/tr>\n<tr>\n<td>\n<h4>Essai%<\/h4>\n<\/td>\n<td>\n<h4>\u226598.0<\/h4>\n<\/td>\n<\/tr>\n<tr>\n<td>\n<h4>Cr,%<\/h4>\n<\/td>\n<td>\n<h4>\u226514.7<\/h4>\n<\/td>\n<\/tr>\n<tr>\n<td>\n<h4>Point de fusion<\/h4>\n<\/td>\n<td>\n<h4>212\u2103<\/h4>\n<\/td>\n<\/tr>\n<\/tbody>\n<\/table>\n<p>&nbsp;<\/p>\n<h2>Qu'est-ce que l'ac\u00e9tylac\u00e9tonate de chrome(III) ?<\/h2>\n<h4>En tant qu'interm\u00e9diaire chimique important, l'ac\u00e9tylac\u00e9tonate de chrome poss\u00e8de des propri\u00e9t\u00e9s physiques et chimiques uniques. Il s'agit d'une poudre cristalline violette, insoluble dans l'eau, soluble dans le tolu\u00e8ne et l'acide ac\u00e9tique.<\/h4>\n<p>&nbsp;<\/p>\n<h2><strong>Ac\u00e9tylac\u00e9tonate de chrome(III) Utilisation<\/strong><\/h2>\n<h4>1. L'ac\u00e9tylac\u00e9tonate de chrome(III) peut \u00eatre utilis\u00e9 comme catalyseur de synth\u00e8se organique, par exemple pour oxyder le m\u00e9thacrylate ou pour modifier les caract\u00e9ristiques de surface du polyur\u00e9thane solide.<\/h4>\n<h4>2. L'ac\u00e9tylac\u00e9tonate de chrome(III) peut \u00eatre utilis\u00e9 comme agent de r\u00e9ticulation et de durcissement des r\u00e9sines, comme d\u00e9p\u00f4t chimique pour pr\u00e9parer des films de chrome, d'oxyde de chrome et de nitrure de chrome, comme catalyseur de polym\u00e9risation des ol\u00e9fines \u00e0 faible teneur en carbone, comme adsorbant chimique, etc.<\/h4>\n<h4>3. En outre, on peut \u00e9galement constater qu'il participe \u00e0 la synth\u00e8se et \u00e0 la modification de mat\u00e9riaux fonctionnels, \u00e0 la pr\u00e9paration de nanopoudres et qu'il sert de compl\u00e9ment \u00e0 des \u00e9l\u00e9ments alimentaires m\u00e9dicaux.<\/h4>\n<p>&nbsp;<\/p>\n<h2><strong>Ac\u00e9tylac\u00e9tonate de chrome(III) Emballage et exp\u00e9dition<\/strong><\/h2>\n<h4>Conditionnement : 1KG\/bouteille ; 25KG\/DRUM<\/h4>\n<p>&nbsp;<\/p>\n<h2><strong>Produits de la m\u00eame s\u00e9rie<\/strong><\/h2>\n<table style=\"border-collapse: collapse; width: 312.02pt;\" border=\"0\" width=\"416\" cellspacing=\"0\" cellpadding=\"0\">\n<tbody>\n<tr style=\"height: 67.50pt;\">\n<td class=\"et3\" style=\"height: 67.50pt; width: 201.75pt;\" width=\"269\" height=\"90\">\n<h4>Ac\u00e9tylac\u00e9tonate de chrome(III)<\/h4>\n<\/td>\n<td class=\"et3\" style=\"width: 110.25pt;\" width=\"147\">\n<h4>21679-31-2<\/h4>\n<\/td>\n<\/tr>\n<tr style=\"height: 40.50pt;\">\n<td class=\"et4\" style=\"height: 40.50pt; width: 201.75pt;\" width=\"269\" height=\"54\">\n<h4><a href=\"https:\/\/longchangchemical.com\/fr\/product\/ferric-acetylacetonate\/\"><span style=\"color: #0000ff;\">Ac\u00e9tylac\u00e9tonate de fer<\/span><\/a><\/h4>\n<\/td>\n<td class=\"et4\" style=\"width: 110.25pt;\" width=\"147\">\n<h4>14024-18-1<\/h4>\n<\/td>\n<\/tr>\n<\/tbody>\n<\/table>\n<h2><\/h2>\n<h2><strong>Ac\u00e9tylac\u00e9tonate de chrome(III) Stockage<\/strong><\/h2>\n<h4>Conserver le r\u00e9cipient bien ferm\u00e9 dans un endroit sec et bien ventil\u00e9.<\/h4>\n<h4>Conserver au frais.<\/h4>\n<p>&nbsp;<\/p>\n<h2><strong><b>Contactez-nous d\u00e8s maintenant !<\/b><\/strong><\/h2>\n<h4><strong><b>Nous fournissons des services personnalis\u00e9s, nous vous contacterons g\u00e9n\u00e9ralement dans les 24 heures. Vous pouvez \u00e9galement m'envoyer un courriel \u00e0 l'adresse info@longchangchemical.com pendant les heures de travail (de 8h30 \u00e0 18h00 UTC+8 du lundi au samedi) ou utiliser le chat en direct du site web pour obtenir une r\u00e9ponse rapide.<\/b><\/strong><\/h4>\n<p>&nbsp;<\/p>","protected":false},"excerpt":{"rendered":"<h4>Nom chimique : Ac\u00e9tylac\u00e9tonate de chrome(III)<\/h4>\n<h4>Num\u00e9ro CAS : 21679-31-2<\/h4>\n<h4>Formule mol\u00e9culaire : C15H21CrO6<\/h4>\n<h4>Poids mol\u00e9culaire : 349,32<\/h4>\n<h4>Structure mol\u00e9culaire :<img decoding=\"async\" title=\"Structure de l&#039;ac\u00e9tylac\u00e9tonate de chrome(III)\" src=\"https:\/\/www.longchangchemical.com\/wp-content\/uploads\/product-details\/20200610056003.png\" alt=\"Structure de l&#039;ac\u00e9tylac\u00e9tonate de chrome(III)\" width=\"138\" height=\"122\" border=\"0\" vspace=\"0\" \/><\/h4>\n<h4>Aspect:Poudre cristalline rouge pourpre fonc\u00e9<\/h4>","protected":false},"featured_media":4538,"comment_status":"open","ping_status":"closed","template":"","meta":[],"product_brand":[],"product_cat":[69],"product_tag":[],"class_list":{"0":"post-3623","1":"product","2":"type-product","3":"status-publish","4":"has-post-thumbnail","6":"product_cat-catalysts-chemical-auxiliary-agents","8":"first","9":"instock","10":"shipping-taxable","11":"product-type-simple"},"yoast_head":"<!-- This site is optimized with the Yoast SEO plugin v25.3.1 - https:\/\/yoast.com\/wordpress\/plugins\/seo\/ -->\n<title>China Chromium(III) acetylacetonate Manufacturer \uff06 Supplier - Longchang chemical Co., Ltd.<\/title>\n<meta name=\"description\" content=\"Longchang Chemical is a leading manufacturer and supplier of Chromium(III) acetylacetonate in China. Buy Chromium(III) acetylacetonate in china. We can provide the best Chromium(III) acetylacetonate price.\" \/>\n<meta name=\"robots\" content=\"index, follow, max-snippet:-1, max-image-preview:large, max-video-preview:-1\" \/>\n<link rel=\"canonical\" href=\"https:\/\/longchangchemical.com\/fr\/product\/cas-21679-31-2\/\" \/>\n<meta property=\"og:locale\" content=\"fr_FR\" \/>\n<meta property=\"og:type\" content=\"article\" \/>\n<meta property=\"og:title\" content=\"China Chromium(III) acetylacetonate Manufacturer \uff06 Supplier - Longchang chemical Co., Ltd.\" \/>\n<meta property=\"og:description\" content=\"Longchang Chemical is a leading manufacturer and supplier of Chromium(III) acetylacetonate in China. Buy Chromium(III) acetylacetonate in china. We can provide the best Chromium(III) acetylacetonate price.\" \/>\n<meta property=\"og:url\" content=\"https:\/\/longchangchemical.com\/fr\/product\/cas-21679-31-2\/\" \/>\n<meta property=\"og:site_name\" content=\"Longchang Chemical\" \/>\n<meta property=\"article:modified_time\" content=\"2025-12-22T09:18:58+00:00\" \/>\n<meta property=\"og:image\" content=\"https:\/\/longchangchemical.com\/wp-content\/uploads\/2021\/01\/ChromiumIII-acetylacetonate-Appearance.jpg\" \/>\n\t<meta property=\"og:image:width\" content=\"600\" \/>\n\t<meta property=\"og:image:height\" content=\"800\" \/>\n\t<meta property=\"og:image:type\" content=\"image\/jpeg\" \/>\n<meta name=\"twitter:card\" content=\"summary_large_image\" \/>\n<script type=\"application\/ld+json\" class=\"yoast-schema-graph\">{\"@context\":\"https:\/\/schema.org\",\"@graph\":[{\"@type\":\"WebPage\",\"@id\":\"https:\/\/longchangchemical.com\/product\/cas-21679-31-2\/\",\"url\":\"https:\/\/longchangchemical.com\/product\/cas-21679-31-2\/\",\"name\":\"China Chromium(III) acetylacetonate Manufacturer \uff06 Supplier - Longchang chemical Co., Ltd.\",\"isPartOf\":{\"@id\":\"https:\/\/longchangchemical.com\/#website\"},\"primaryImageOfPage\":{\"@id\":\"https:\/\/longchangchemical.com\/product\/cas-21679-31-2\/#primaryimage\"},\"image\":{\"@id\":\"https:\/\/longchangchemical.com\/product\/cas-21679-31-2\/#primaryimage\"},\"thumbnailUrl\":\"https:\/\/longchangchemical.com\/wp-content\/uploads\/2021\/01\/ChromiumIII-acetylacetonate-Appearance.jpg\",\"datePublished\":\"2021-04-24T06:06:16+00:00\",\"dateModified\":\"2025-12-22T09:18:58+00:00\",\"description\":\"Longchang Chemical is a leading manufacturer and supplier of Chromium(III) acetylacetonate in China. Buy Chromium(III) acetylacetonate in china. We can provide the best Chromium(III) acetylacetonate price.\",\"breadcrumb\":{\"@id\":\"https:\/\/longchangchemical.com\/product\/cas-21679-31-2\/#breadcrumb\"},\"inLanguage\":\"fr-FR\",\"potentialAction\":[{\"@type\":\"ReadAction\",\"target\":[\"https:\/\/longchangchemical.com\/product\/cas-21679-31-2\/\"]}]},{\"@type\":\"ImageObject\",\"inLanguage\":\"fr-FR\",\"@id\":\"https:\/\/longchangchemical.com\/product\/cas-21679-31-2\/#primaryimage\",\"url\":\"https:\/\/longchangchemical.com\/wp-content\/uploads\/2021\/01\/ChromiumIII-acetylacetonate-Appearance.jpg\",\"contentUrl\":\"https:\/\/longchangchemical.com\/wp-content\/uploads\/2021\/01\/ChromiumIII-acetylacetonate-Appearance.jpg\",\"width\":600,\"height\":800},{\"@type\":\"BreadcrumbList\",\"@id\":\"https:\/\/longchangchemical.com\/product\/cas-21679-31-2\/#breadcrumb\",\"itemListElement\":[{\"@type\":\"ListItem\",\"position\":1,\"name\":\"Home\",\"item\":\"https:\/\/longchangchemical.com\/\"},{\"@type\":\"ListItem\",\"position\":2,\"name\":\"Products Longchang\",\"item\":\"https:\/\/longchangchemical.com\/product\/\"},{\"@type\":\"ListItem\",\"position\":3,\"name\":\"Chromium(iii) acetylacetonate CAS 21679-31-2\"}]},{\"@type\":\"WebSite\",\"@id\":\"https:\/\/longchangchemical.com\/#website\",\"url\":\"https:\/\/longchangchemical.com\/\",\"name\":\"Longchang Chemical\",\"description\":\"China chemical manufacturer \uff06 supplier\",\"publisher\":{\"@id\":\"https:\/\/longchangchemical.com\/#organization\"},\"potentialAction\":[{\"@type\":\"SearchAction\",\"target\":{\"@type\":\"EntryPoint\",\"urlTemplate\":\"https:\/\/longchangchemical.com\/?s={search_term_string}\"},\"query-input\":{\"@type\":\"PropertyValueSpecification\",\"valueRequired\":true,\"valueName\":\"search_term_string\"}}],\"inLanguage\":\"fr-FR\"},{\"@type\":\"Organization\",\"@id\":\"https:\/\/longchangchemical.com\/#organization\",\"name\":\"Longchang Chemical\",\"url\":\"https:\/\/longchangchemical.com\/\",\"logo\":{\"@type\":\"ImageObject\",\"inLanguage\":\"fr-FR\",\"@id\":\"https:\/\/longchangchemical.com\/#\/schema\/logo\/image\/\",\"url\":\"https:\/\/longchangchemical.com\/wp-content\/uploads\/2020\/08\/cropped-longchang-logo.png\",\"contentUrl\":\"https:\/\/longchangchemical.com\/wp-content\/uploads\/2020\/08\/cropped-longchang-logo.png\",\"width\":512,\"height\":512,\"caption\":\"Longchang Chemical\"},\"image\":{\"@id\":\"https:\/\/longchangchemical.com\/#\/schema\/logo\/image\/\"}}]}<\/script>\n<!-- \/ Yoast SEO plugin. -->","yoast_head_json":{"title":"China Chromium(III) acetylacetonate Manufacturer \uff06 Supplier - Longchang chemical Co., Ltd.","description":"Longchang Chemical est un fabricant et fournisseur de premier plan d'ac\u00e9tylac\u00e9tonate de chrome(III) en Chine. Acheter Ac\u00e9tylac\u00e9tonate de chrome(III) en Chine. Nous pouvons fournir le meilleur prix d'ac\u00e9tylac\u00e9tonate de chrome(III).","robots":{"index":"index","follow":"follow","max-snippet":"max-snippet:-1","max-image-preview":"max-image-preview:large","max-video-preview":"max-video-preview:-1"},"canonical":"https:\/\/longchangchemical.com\/fr\/product\/cas-21679-31-2\/","og_locale":"fr_FR","og_type":"article","og_title":"China Chromium(III) acetylacetonate Manufacturer \uff06 Supplier - Longchang chemical Co., Ltd.","og_description":"Longchang Chemical is a leading manufacturer and supplier of Chromium(III) acetylacetonate in China. Buy Chromium(III) acetylacetonate in china. We can provide the best Chromium(III) acetylacetonate price.","og_url":"https:\/\/longchangchemical.com\/fr\/product\/cas-21679-31-2\/","og_site_name":"Longchang Chemical","article_modified_time":"2025-12-22T09:18:58+00:00","og_image":[{"width":600,"height":800,"url":"https:\/\/longchangchemical.com\/wp-content\/uploads\/2021\/01\/ChromiumIII-acetylacetonate-Appearance.jpg","type":"image\/jpeg"}],"twitter_card":"summary_large_image","schema":{"@context":"https:\/\/schema.org","@graph":[{"@type":"WebPage","@id":"https:\/\/longchangchemical.com\/product\/cas-21679-31-2\/","url":"https:\/\/longchangchemical.com\/product\/cas-21679-31-2\/","name":"China Chromium(III) acetylacetonate Manufacturer \uff06 Supplier - Longchang chemical Co., Ltd.","isPartOf":{"@id":"https:\/\/longchangchemical.com\/#website"},"primaryImageOfPage":{"@id":"https:\/\/longchangchemical.com\/product\/cas-21679-31-2\/#primaryimage"},"image":{"@id":"https:\/\/longchangchemical.com\/product\/cas-21679-31-2\/#primaryimage"},"thumbnailUrl":"https:\/\/longchangchemical.com\/wp-content\/uploads\/2021\/01\/ChromiumIII-acetylacetonate-Appearance.jpg","datePublished":"2021-04-24T06:06:16+00:00","dateModified":"2025-12-22T09:18:58+00:00","description":"Longchang Chemical est un fabricant et fournisseur de premier plan d'ac\u00e9tylac\u00e9tonate de chrome(III) en Chine. Acheter Ac\u00e9tylac\u00e9tonate de chrome(III) en Chine. Nous pouvons fournir le meilleur prix d'ac\u00e9tylac\u00e9tonate de chrome(III).","breadcrumb":{"@id":"https:\/\/longchangchemical.com\/product\/cas-21679-31-2\/#breadcrumb"},"inLanguage":"fr-FR","potentialAction":[{"@type":"ReadAction","target":["https:\/\/longchangchemical.com\/product\/cas-21679-31-2\/"]}]},{"@type":"ImageObject","inLanguage":"fr-FR","@id":"https:\/\/longchangchemical.com\/product\/cas-21679-31-2\/#primaryimage","url":"https:\/\/longchangchemical.com\/wp-content\/uploads\/2021\/01\/ChromiumIII-acetylacetonate-Appearance.jpg","contentUrl":"https:\/\/longchangchemical.com\/wp-content\/uploads\/2021\/01\/ChromiumIII-acetylacetonate-Appearance.jpg","width":600,"height":800},{"@type":"BreadcrumbList","@id":"https:\/\/longchangchemical.com\/product\/cas-21679-31-2\/#breadcrumb","itemListElement":[{"@type":"ListItem","position":1,"name":"Home","item":"https:\/\/longchangchemical.com\/"},{"@type":"ListItem","position":2,"name":"Products Longchang","item":"https:\/\/longchangchemical.com\/product\/"},{"@type":"ListItem","position":3,"name":"Chromium(iii) acetylacetonate CAS 21679-31-2"}]},{"@type":"WebSite","@id":"https:\/\/longchangchemical.com\/#website","url":"https:\/\/longchangchemical.com\/","name":"Longchang Chemical","description":"Fabricant chinois de produits chimiques \uff06 fournisseur","publisher":{"@id":"https:\/\/longchangchemical.com\/#organization"},"potentialAction":[{"@type":"SearchAction","target":{"@type":"EntryPoint","urlTemplate":"https:\/\/longchangchemical.com\/?s={search_term_string}"},"query-input":{"@type":"PropertyValueSpecification","valueRequired":true,"valueName":"search_term_string"}}],"inLanguage":"fr-FR"},{"@type":"Organization","@id":"https:\/\/longchangchemical.com\/#organization","name":"Longchang Chemical","url":"https:\/\/longchangchemical.com\/","logo":{"@type":"ImageObject","inLanguage":"fr-FR","@id":"https:\/\/longchangchemical.com\/#\/schema\/logo\/image\/","url":"https:\/\/longchangchemical.com\/wp-content\/uploads\/2020\/08\/cropped-longchang-logo.png","contentUrl":"https:\/\/longchangchemical.com\/wp-content\/uploads\/2020\/08\/cropped-longchang-logo.png","width":512,"height":512,"caption":"Longchang Chemical"},"image":{"@id":"https:\/\/longchangchemical.com\/#\/schema\/logo\/image\/"}}]}},"_links":{"self":[{"href":"https:\/\/longchangchemical.com\/fr\/wp-json\/wp\/v2\/product\/3623","targetHints":{"allow":["GET"]}}],"collection":[{"href":"https:\/\/longchangchemical.com\/fr\/wp-json\/wp\/v2\/product"}],"about":[{"href":"https:\/\/longchangchemical.com\/fr\/wp-json\/wp\/v2\/types\/product"}],"replies":[{"embeddable":true,"href":"https:\/\/longchangchemical.com\/fr\/wp-json\/wp\/v2\/comments?post=3623"}],"wp:featuredmedia":[{"embeddable":true,"href":"https:\/\/longchangchemical.com\/fr\/wp-json\/wp\/v2\/media\/4538"}],"wp:attachment":[{"href":"https:\/\/longchangchemical.com\/fr\/wp-json\/wp\/v2\/media?parent=3623"}],"wp:term":[{"taxonomy":"product_brand","embeddable":true,"href":"https:\/\/longchangchemical.com\/fr\/wp-json\/wp\/v2\/product_brand?post=3623"},{"taxonomy":"product_cat","embeddable":true,"href":"https:\/\/longchangchemical.com\/fr\/wp-json\/wp\/v2\/product_cat?post=3623"},{"taxonomy":"product_tag","embeddable":true,"href":"https:\/\/longchangchemical.com\/fr\/wp-json\/wp\/v2\/product_tag?post=3623"}],"curies":[{"name":"wp","href":"https:\/\/api.w.org\/{rel}","templated":true}]}}