{"id":3590,"date":"2021-04-25T02:48:07","date_gmt":"2021-04-25T02:48:07","guid":{"rendered":"https:\/\/longchangchemical.com\/?post_type=product&#038;p=3590"},"modified":"2026-05-08T02:59:35","modified_gmt":"2026-05-08T02:59:35","slug":"isothiazolinones-cmit-mit-cas-26172-55-4","status":"publish","type":"product","link":"https:\/\/longchangchemical.com\/fr\/product\/isothiazolinones-cmit-mit-cas-26172-55-4\/","title":{"rendered":"Isothiazolinones \/ CMIT-MIT CAS 26172-55-4"},"content":{"rendered":"<h2><strong>Isothiazolinones \/ CMIT-MIT CAS 26172-55-4<\/strong><\/h2>\n<table class=\"table-1\" width=\"568\">\n<tbody>\n<tr>\n<td valign=\"center\" width=\"284\">\n<h4>Articles<\/h4>\n<\/td>\n<td valign=\"center\" width=\"284\">\n<h4>Sp\u00e9cifications<\/h4>\n<\/td>\n<\/tr>\n<tr>\n<td valign=\"center\" width=\"284\">\n<h4>Apparence<\/h4>\n<\/td>\n<td valign=\"center\" width=\"284\">\n<h4>Liquide l\u00e9g\u00e8rement jaune<\/h4>\n<\/td>\n<\/tr>\n<tr>\n<td valign=\"center\" width=\"284\">\n<h4>Total des actifs Contenu<\/h4>\n<\/td>\n<td valign=\"center\" width=\"284\">\n<h4>14.0-15.0%<\/h4>\n<\/td>\n<\/tr>\n<tr>\n<td valign=\"top\" width=\"284\">\n<h4>Chlore<\/h4>\n<\/td>\n<td valign=\"center\" width=\"284\">\n<h4>3 - 5%<\/h4>\n<\/td>\n<\/tr>\n<tr>\n<td valign=\"top\" width=\"284\">\n<h4>Valeur PH<\/h4>\n<\/td>\n<td valign=\"center\" width=\"284\">\n<h4>1.0-4.0<\/h4>\n<\/td>\n<\/tr>\n<tr>\n<td valign=\"top\" width=\"284\">\n<h4>Poids sp\u00e9cifique\/25C<\/h4>\n<\/td>\n<td valign=\"center\" width=\"284\">\n<h4>1.26-1.32<\/h4>\n<\/td>\n<\/tr>\n<\/tbody>\n<\/table>\n<p>&nbsp;<\/p>\n<h2><strong>Qu'est-ce que le CMIT-MIT ?<\/strong><\/h2>\n<h4>CMIT-MIT est un agent de traitement de l'eau dot\u00e9 d'excellentes performances et d'une bonne miscibilit\u00e9. Il peut \u00eatre miscible avec divers inhibiteurs de corrosion tels que le chlore, les antitartres et les dispersants, la plupart des surfactants anioniques, cationiques et non ioniques, et circule sur le march\u00e9. Le produit est g\u00e9n\u00e9ralement un m\u00e9lange de 5-chloro-2-m\u00e9thyl-4-isothiazolin-3-one (CMI) et de 2-m\u00e9thyl-4-isothiazolin-3-one (MI), mais on y ajoute \u00e9galement du nitrite de m\u00e9tal ou du nitrate de m\u00e9tal pour am\u00e9liorer la stabilit\u00e9 et emp\u00eacher la d\u00e9composition. Le m\u00e9canisme d'action de l'isothiazolinone consiste \u00e0 rompre le lien entre les bact\u00e9ries et les prot\u00e9ines des algues pour les tuer. Apr\u00e8s contact avec les micro-organismes, elle peut rapidement et irr\u00e9versiblement inhiber leur croissance et entra\u00eener la mort des cellules microbiennes. Elle a un fort effet inhibiteur et destructeur sur les bact\u00e9ries courantes (bact\u00e9ries r\u00e9duisant les sulfates, bact\u00e9ries formant des boues), les champignons (bact\u00e9ries oxydant le fer, moisissures, levures), les algues, etc.<\/h4>\n<h2><strong>Utilisation CMIT-MIT<\/strong><\/h2>\n<h4>1. CMIT-MIT est utilis\u00e9 pour traiter l'eau de circulation industrielle, ce qui a pour effet de st\u00e9riliser et de tuer les algues.<\/h4>\n<h4>2. CMIT-MIT est un antiseptique g\u00e9n\u00e9ral et un antiseptique qui peut tuer efficacement les algues, les bact\u00e9ries et les champignons.<\/h4>\n<h4>3. CMIT-MIT peut \u00eatre largement utilis\u00e9 dans l'eau de refroidissement industrielle, l'eau des r\u00e9servoirs des champs p\u00e9trolif\u00e8res, l'industrie du papier, les pipelines, la peinture, le caoutchouc, les cosm\u00e9tiques, les films photosensibles et les industries des d\u00e9tergents.<\/h4>\n<h4>4. La dose efficace de CMIT-MIT est faible, non toxique et non polluante. Il est facile \u00e0 m\u00e9langer dans diverses formulations. La plage de pH est large. Apr\u00e8s dilution de la concentration, il est facilement biod\u00e9grad\u00e9 en substances non toxiques et non polluantes.<\/h4>\n<p>&nbsp;<\/p>\n<h2><strong>CMIT-MIT Emballage et exp\u00e9dition<\/strong><\/h2>\n<h4>Emballage : 1kg\/bouteille ; 250kg\/tambour<\/h4>\n<h4>Appartenant aux marchandises dangereuses de la 8\u00e8me classe, UN 1760 8\/PG 2<\/h4>\n<p>&nbsp;<\/p>\n<h2><strong>Stockage CMIT-MIT<\/strong><\/h2>\n<h4>Stock\u00e9 dans un endroit frais et sec, \u00e0 l'abri de la lumi\u00e8re directe du soleil et de l'eau.<\/h4>\n<p>&nbsp;<\/p>\n<h2><strong>Produits de la m\u00eame s\u00e9rie<\/strong><\/h2>\n<table style=\"border-collapse: collapse; width: 312.02pt;\" border=\"0\" width=\"416\" cellspacing=\"0\" cellpadding=\"0\">\n<tbody>\n<tr style=\"height: 54.00pt;\">\n<td class=\"et2\" style=\"height: 54.00pt; width: 201.75pt;\" width=\"269\" height=\"72\">\n<h4>Isothiazolinones \/ CMIT-MIT<\/h4>\n<\/td>\n<td class=\"et2\" style=\"width: 110.25pt;\" width=\"147\">\n<h4>26172-55-4<\/h4>\n<\/td>\n<\/tr>\n<tr style=\"height: 40.50pt;\">\n<td class=\"et2\" style=\"height: 40.50pt; width: 201.75pt;\" width=\"269\" height=\"54\">\n<h4><a href=\"https:\/\/longchangchemical.com\/fr\/product\/methylisothiazolinone-cas-2682-20-4\/\"><span style=\"color: #0000ff;\">M\u00e9thylisothiazolinone<\/span><\/a><\/h4>\n<\/td>\n<td class=\"et2\" style=\"width: 110.25pt;\" width=\"147\">\n<h4>2682-20-4<\/h4>\n<\/td>\n<\/tr>\n<\/tbody>\n<\/table>\n<h2><\/h2>\n<h2><strong><b>Contactez-nous d\u00e8s maintenant !<\/b><\/strong><\/h2>\n<h4><strong><b>Nous fournissons des services personnalis\u00e9s, nous vous contacterons g\u00e9n\u00e9ralement dans les 24 heures. Vous pouvez \u00e9galement m'envoyer un courriel \u00e0 l'adresse info@longchangchemical.com pendant les heures de travail (de 8h30 \u00e0 18h00 UTC+8 du lundi au samedi) ou utiliser le chat en direct du site web pour obtenir une r\u00e9ponse rapide.<\/b><\/strong><\/h4>\n<p>&nbsp;<\/p>","protected":false},"excerpt":{"rendered":"<h4>Nom chimique : CMIT-MIT<\/h4>\n<h4>Autre nom : Isothiazolinones<\/h4>\n<h4>Num\u00e9ro CAS : 26172-55-4<\/h4>\n<h4>Formule mol\u00e9culaire : C4H4ClNOS<\/h4>\n<h4>Structure chimique :<img decoding=\"async\" title=\"image.png\" src=\"https:\/\/www.longchangchemical.com\/wp-content\/uploads\/product-details\/20200617162489.png\" alt=\"image.png\" \/><\/h4>\n<h4>Poids mol\u00e9culaire : 149,6<\/h4>\n<h4>Aspect : liquide l\u00e9g\u00e8rement jaune<\/h4>\n<h4>Essai : 14%<\/h4>","protected":false},"featured_media":4545,"comment_status":"open","ping_status":"closed","template":"","meta":[],"product_brand":[],"product_cat":[69,109],"product_tag":[],"class_list":{"0":"post-3590","1":"product","2":"type-product","3":"status-publish","4":"has-post-thumbnail","6":"product_cat-catalysts-chemical-auxiliary-agents","7":"product_cat-water-treatment","9":"first","10":"instock","11":"shipping-taxable","12":"product-type-simple"},"yoast_head":"<!-- This site is optimized with the Yoast SEO plugin v25.3.1 - https:\/\/yoast.com\/wordpress\/plugins\/seo\/ -->\n<title>China Isothiazolinones | CMIT-MIT Manufacturer \uff06 Supplier - Longchang chemical Co., Ltd.<\/title>\n<meta name=\"description\" content=\"Longchang Chemical is a leading manufacturer and supplier of CMIT-MIT in China. Buy Isothiazolinones in china. We can provide the best CMIT-MIT price.\" \/>\n<meta name=\"robots\" content=\"index, follow, max-snippet:-1, max-image-preview:large, max-video-preview:-1\" \/>\n<link rel=\"canonical\" href=\"https:\/\/longchangchemical.com\/fr\/product\/isothiazolinones-cmit-mit-cas-26172-55-4\/\" \/>\n<meta property=\"og:locale\" content=\"fr_FR\" \/>\n<meta property=\"og:type\" content=\"article\" \/>\n<meta property=\"og:title\" content=\"China Isothiazolinones | CMIT-MIT Manufacturer \uff06 Supplier - Longchang chemical Co., Ltd.\" \/>\n<meta property=\"og:description\" content=\"Longchang Chemical is a leading manufacturer and supplier of CMIT-MIT in China. Buy Isothiazolinones in china. We can provide the best CMIT-MIT price.\" \/>\n<meta property=\"og:url\" content=\"https:\/\/longchangchemical.com\/fr\/product\/isothiazolinones-cmit-mit-cas-26172-55-4\/\" \/>\n<meta property=\"og:site_name\" content=\"Longchang Chemical\" \/>\n<meta property=\"article:modified_time\" content=\"2026-05-08T02:59:35+00:00\" \/>\n<meta property=\"og:image\" content=\"https:\/\/longchangchemical.com\/wp-content\/uploads\/2021\/01\/Isothiazolinones-Appearance.jpg\" \/>\n\t<meta property=\"og:image:width\" content=\"600\" \/>\n\t<meta property=\"og:image:height\" content=\"800\" \/>\n\t<meta property=\"og:image:type\" content=\"image\/jpeg\" \/>\n<meta name=\"twitter:card\" content=\"summary_large_image\" \/>\n<script type=\"application\/ld+json\" class=\"yoast-schema-graph\">{\"@context\":\"https:\/\/schema.org\",\"@graph\":[{\"@type\":\"WebPage\",\"@id\":\"https:\/\/longchangchemical.com\/product\/isothiazolinones-cmit-mit-cas-26172-55-4\/\",\"url\":\"https:\/\/longchangchemical.com\/product\/isothiazolinones-cmit-mit-cas-26172-55-4\/\",\"name\":\"China Isothiazolinones | CMIT-MIT Manufacturer \uff06 Supplier - Longchang chemical Co., Ltd.\",\"isPartOf\":{\"@id\":\"https:\/\/longchangchemical.com\/#website\"},\"primaryImageOfPage\":{\"@id\":\"https:\/\/longchangchemical.com\/product\/isothiazolinones-cmit-mit-cas-26172-55-4\/#primaryimage\"},\"image\":{\"@id\":\"https:\/\/longchangchemical.com\/product\/isothiazolinones-cmit-mit-cas-26172-55-4\/#primaryimage\"},\"thumbnailUrl\":\"https:\/\/longchangchemical.com\/wp-content\/uploads\/2021\/01\/Isothiazolinones-Appearance.jpg\",\"datePublished\":\"2021-04-25T02:48:07+00:00\",\"dateModified\":\"2026-05-08T02:59:35+00:00\",\"description\":\"Longchang Chemical is a leading manufacturer and supplier of CMIT-MIT in China. Buy Isothiazolinones in china. We can provide the best CMIT-MIT price.\",\"breadcrumb\":{\"@id\":\"https:\/\/longchangchemical.com\/product\/isothiazolinones-cmit-mit-cas-26172-55-4\/#breadcrumb\"},\"inLanguage\":\"fr-FR\",\"potentialAction\":[{\"@type\":\"ReadAction\",\"target\":[\"https:\/\/longchangchemical.com\/product\/isothiazolinones-cmit-mit-cas-26172-55-4\/\"]}]},{\"@type\":\"ImageObject\",\"inLanguage\":\"fr-FR\",\"@id\":\"https:\/\/longchangchemical.com\/product\/isothiazolinones-cmit-mit-cas-26172-55-4\/#primaryimage\",\"url\":\"https:\/\/longchangchemical.com\/wp-content\/uploads\/2021\/01\/Isothiazolinones-Appearance.jpg\",\"contentUrl\":\"https:\/\/longchangchemical.com\/wp-content\/uploads\/2021\/01\/Isothiazolinones-Appearance.jpg\",\"width\":600,\"height\":800,\"caption\":\"Isothiazolinones Appearance\"},{\"@type\":\"BreadcrumbList\",\"@id\":\"https:\/\/longchangchemical.com\/product\/isothiazolinones-cmit-mit-cas-26172-55-4\/#breadcrumb\",\"itemListElement\":[{\"@type\":\"ListItem\",\"position\":1,\"name\":\"Home\",\"item\":\"https:\/\/longchangchemical.com\/\"},{\"@type\":\"ListItem\",\"position\":2,\"name\":\"Products Longchang\",\"item\":\"https:\/\/longchangchemical.com\/product\/\"},{\"@type\":\"ListItem\",\"position\":3,\"name\":\"Isothiazolinones \/ CMIT-MIT CAS 26172-55-4\"}]},{\"@type\":\"WebSite\",\"@id\":\"https:\/\/longchangchemical.com\/#website\",\"url\":\"https:\/\/longchangchemical.com\/\",\"name\":\"Longchang Chemical\",\"description\":\"China chemical manufacturer \uff06 supplier\",\"publisher\":{\"@id\":\"https:\/\/longchangchemical.com\/#organization\"},\"potentialAction\":[{\"@type\":\"SearchAction\",\"target\":{\"@type\":\"EntryPoint\",\"urlTemplate\":\"https:\/\/longchangchemical.com\/?s={search_term_string}\"},\"query-input\":{\"@type\":\"PropertyValueSpecification\",\"valueRequired\":true,\"valueName\":\"search_term_string\"}}],\"inLanguage\":\"fr-FR\"},{\"@type\":\"Organization\",\"@id\":\"https:\/\/longchangchemical.com\/#organization\",\"name\":\"Longchang Chemical\",\"url\":\"https:\/\/longchangchemical.com\/\",\"logo\":{\"@type\":\"ImageObject\",\"inLanguage\":\"fr-FR\",\"@id\":\"https:\/\/longchangchemical.com\/#\/schema\/logo\/image\/\",\"url\":\"https:\/\/longchangchemical.com\/wp-content\/uploads\/2020\/08\/cropped-longchang-logo.png\",\"contentUrl\":\"https:\/\/longchangchemical.com\/wp-content\/uploads\/2020\/08\/cropped-longchang-logo.png\",\"width\":512,\"height\":512,\"caption\":\"Longchang Chemical\"},\"image\":{\"@id\":\"https:\/\/longchangchemical.com\/#\/schema\/logo\/image\/\"}}]}<\/script>\n<!-- \/ Yoast SEO plugin. -->","yoast_head_json":{"title":"Isothiazolinones de Chine | CMIT-MIT Fabricant \uff06 Fournisseur - Longchang chemical Co.","description":"Longchang Chemical est un fabricant et fournisseur leader de CMIT-MIT en Chine. Acheter Isothiazolinones en Chine. Nous pouvons vous fournir le meilleur prix de CMIT-MIT.","robots":{"index":"index","follow":"follow","max-snippet":"max-snippet:-1","max-image-preview":"max-image-preview:large","max-video-preview":"max-video-preview:-1"},"canonical":"https:\/\/longchangchemical.com\/fr\/product\/isothiazolinones-cmit-mit-cas-26172-55-4\/","og_locale":"fr_FR","og_type":"article","og_title":"China Isothiazolinones | CMIT-MIT Manufacturer \uff06 Supplier - Longchang chemical Co., Ltd.","og_description":"Longchang Chemical is a leading manufacturer and supplier of CMIT-MIT in China. Buy Isothiazolinones in china. We can provide the best CMIT-MIT price.","og_url":"https:\/\/longchangchemical.com\/fr\/product\/isothiazolinones-cmit-mit-cas-26172-55-4\/","og_site_name":"Longchang Chemical","article_modified_time":"2026-05-08T02:59:35+00:00","og_image":[{"width":600,"height":800,"url":"https:\/\/longchangchemical.com\/wp-content\/uploads\/2021\/01\/Isothiazolinones-Appearance.jpg","type":"image\/jpeg"}],"twitter_card":"summary_large_image","schema":{"@context":"https:\/\/schema.org","@graph":[{"@type":"WebPage","@id":"https:\/\/longchangchemical.com\/product\/isothiazolinones-cmit-mit-cas-26172-55-4\/","url":"https:\/\/longchangchemical.com\/product\/isothiazolinones-cmit-mit-cas-26172-55-4\/","name":"Isothiazolinones de Chine | CMIT-MIT Fabricant \uff06 Fournisseur - Longchang chemical Co.","isPartOf":{"@id":"https:\/\/longchangchemical.com\/#website"},"primaryImageOfPage":{"@id":"https:\/\/longchangchemical.com\/product\/isothiazolinones-cmit-mit-cas-26172-55-4\/#primaryimage"},"image":{"@id":"https:\/\/longchangchemical.com\/product\/isothiazolinones-cmit-mit-cas-26172-55-4\/#primaryimage"},"thumbnailUrl":"https:\/\/longchangchemical.com\/wp-content\/uploads\/2021\/01\/Isothiazolinones-Appearance.jpg","datePublished":"2021-04-25T02:48:07+00:00","dateModified":"2026-05-08T02:59:35+00:00","description":"Longchang Chemical est un fabricant et fournisseur leader de CMIT-MIT en Chine. Acheter Isothiazolinones en Chine. Nous pouvons vous fournir le meilleur prix de CMIT-MIT.","breadcrumb":{"@id":"https:\/\/longchangchemical.com\/product\/isothiazolinones-cmit-mit-cas-26172-55-4\/#breadcrumb"},"inLanguage":"fr-FR","potentialAction":[{"@type":"ReadAction","target":["https:\/\/longchangchemical.com\/product\/isothiazolinones-cmit-mit-cas-26172-55-4\/"]}]},{"@type":"ImageObject","inLanguage":"fr-FR","@id":"https:\/\/longchangchemical.com\/product\/isothiazolinones-cmit-mit-cas-26172-55-4\/#primaryimage","url":"https:\/\/longchangchemical.com\/wp-content\/uploads\/2021\/01\/Isothiazolinones-Appearance.jpg","contentUrl":"https:\/\/longchangchemical.com\/wp-content\/uploads\/2021\/01\/Isothiazolinones-Appearance.jpg","width":600,"height":800,"caption":"Isothiazolinones Appearance"},{"@type":"BreadcrumbList","@id":"https:\/\/longchangchemical.com\/product\/isothiazolinones-cmit-mit-cas-26172-55-4\/#breadcrumb","itemListElement":[{"@type":"ListItem","position":1,"name":"Home","item":"https:\/\/longchangchemical.com\/"},{"@type":"ListItem","position":2,"name":"Products Longchang","item":"https:\/\/longchangchemical.com\/product\/"},{"@type":"ListItem","position":3,"name":"Isothiazolinones \/ CMIT-MIT CAS 26172-55-4"}]},{"@type":"WebSite","@id":"https:\/\/longchangchemical.com\/#website","url":"https:\/\/longchangchemical.com\/","name":"Longchang Chemical","description":"Fabricant chinois de produits chimiques \uff06 fournisseur","publisher":{"@id":"https:\/\/longchangchemical.com\/#organization"},"potentialAction":[{"@type":"SearchAction","target":{"@type":"EntryPoint","urlTemplate":"https:\/\/longchangchemical.com\/?s={search_term_string}"},"query-input":{"@type":"PropertyValueSpecification","valueRequired":true,"valueName":"search_term_string"}}],"inLanguage":"fr-FR"},{"@type":"Organization","@id":"https:\/\/longchangchemical.com\/#organization","name":"Longchang Chemical","url":"https:\/\/longchangchemical.com\/","logo":{"@type":"ImageObject","inLanguage":"fr-FR","@id":"https:\/\/longchangchemical.com\/#\/schema\/logo\/image\/","url":"https:\/\/longchangchemical.com\/wp-content\/uploads\/2020\/08\/cropped-longchang-logo.png","contentUrl":"https:\/\/longchangchemical.com\/wp-content\/uploads\/2020\/08\/cropped-longchang-logo.png","width":512,"height":512,"caption":"Longchang Chemical"},"image":{"@id":"https:\/\/longchangchemical.com\/#\/schema\/logo\/image\/"}}]}},"_links":{"self":[{"href":"https:\/\/longchangchemical.com\/fr\/wp-json\/wp\/v2\/product\/3590","targetHints":{"allow":["GET"]}}],"collection":[{"href":"https:\/\/longchangchemical.com\/fr\/wp-json\/wp\/v2\/product"}],"about":[{"href":"https:\/\/longchangchemical.com\/fr\/wp-json\/wp\/v2\/types\/product"}],"replies":[{"embeddable":true,"href":"https:\/\/longchangchemical.com\/fr\/wp-json\/wp\/v2\/comments?post=3590"}],"wp:featuredmedia":[{"embeddable":true,"href":"https:\/\/longchangchemical.com\/fr\/wp-json\/wp\/v2\/media\/4545"}],"wp:attachment":[{"href":"https:\/\/longchangchemical.com\/fr\/wp-json\/wp\/v2\/media?parent=3590"}],"wp:term":[{"taxonomy":"product_brand","embeddable":true,"href":"https:\/\/longchangchemical.com\/fr\/wp-json\/wp\/v2\/product_brand?post=3590"},{"taxonomy":"product_cat","embeddable":true,"href":"https:\/\/longchangchemical.com\/fr\/wp-json\/wp\/v2\/product_cat?post=3590"},{"taxonomy":"product_tag","embeddable":true,"href":"https:\/\/longchangchemical.com\/fr\/wp-json\/wp\/v2\/product_tag?post=3590"}],"curies":[{"name":"wp","href":"https:\/\/api.w.org\/{rel}","templated":true}]}}