{"id":3589,"date":"2021-05-13T07:44:05","date_gmt":"2021-05-13T07:44:05","guid":{"rendered":"https:\/\/longchangchemical.com\/?post_type=product&#038;p=3589"},"modified":"2025-12-22T08:28:56","modified_gmt":"2025-12-22T08:28:56","slug":"dl-mandelic-acid-cas-90-64-2","status":"publish","type":"product","link":"https:\/\/longchangchemical.com\/fr\/product\/dl-mandelic-acid-cas-90-64-2\/","title":{"rendered":"Acide DL-mand\u00e9lique CAS 90-64-2"},"content":{"rendered":"<h1><strong>Acide DL-mand\u00e9lique CAS 90-64-2<\/strong><\/h1>\n<table>\n<tbody>\n<tr>\n<td width=\"257\">\n<h4><strong>Objet<\/strong><\/h4>\n<\/td>\n<td width=\"216\">\n<h4><strong>Sp\u00e9cifications<\/strong><\/h4>\n<\/td>\n<td width=\"227\">\n<h4><strong>R\u00e9sultats<\/strong><\/h4>\n<\/td>\n<\/tr>\n<tr>\n<td width=\"257\">\n<h4>Apparence<\/h4>\n<\/td>\n<td width=\"216\">\n<h4>Cristal blanc<\/h4>\n<\/td>\n<td width=\"227\">\n<h4>Cristal blanc<\/h4>\n<\/td>\n<\/tr>\n<tr>\n<td width=\"257\">\n<h4>Solubilit\u00e9<\/h4>\n<\/td>\n<td width=\"216\">\n<h4>Soluble dans l'eau et l'\u00e9ther<\/h4>\n<\/td>\n<td width=\"227\">\n<h4>Soluble dans l'eau et l'\u00e9ther<\/h4>\n<\/td>\n<\/tr>\n<tr>\n<td width=\"257\">\n<h4>Cyanure<\/h4>\n<\/td>\n<td width=\"216\">\n<h4>Devrait \u00eatre absente<\/h4>\n<\/td>\n<td width=\"227\">\n<h4>Non d\u00e9tect\u00e9<\/h4>\n<\/td>\n<\/tr>\n<tr>\n<td width=\"257\">\n<h4>Essai (Benz\u00e8ne)<\/h4>\n<\/td>\n<td width=\"216\">\n<h4>50 ppm max<\/h4>\n<\/td>\n<td width=\"227\">\n<h4>Non d\u00e9tect\u00e9<\/h4>\n<\/td>\n<\/tr>\n<tr>\n<td width=\"257\">\n<h4>Analyse (sur la base de la mati\u00e8re s\u00e8che)<\/h4>\n<\/td>\n<td width=\"216\">\n<h4>99% min<\/h4>\n<\/td>\n<td width=\"227\">\n<h4>99.86%<\/h4>\n<\/td>\n<\/tr>\n<tr>\n<td width=\"257\">\n<h4>Point de fusion<\/h4>\n<\/td>\n<td width=\"216\">\n<h4>117\u2103~121\u2103<\/h4>\n<\/td>\n<td width=\"227\">\n<h4>118.6\u2103~119.2\u2103<\/h4>\n<\/td>\n<\/tr>\n<tr>\n<td width=\"257\">\n<h4>[a]<sub>D<\/sub><sup>20<\/sup><\/h4>\n<\/td>\n<td width=\"216\">\n<h4>\u00b10.25\u00b0<\/h4>\n<\/td>\n<td width=\"227\">\n<h4>0\u00b0<\/h4>\n<\/td>\n<\/tr>\n<tr>\n<td width=\"257\">\n<h4>Transmittance<\/h4>\n<h4>(10% w\/v eau)<\/h4>\n<\/td>\n<td width=\"216\">\n<h4>Pas moins de 90%<\/h4>\n<\/td>\n<td width=\"227\">\n<h4>97.1%<\/h4>\n<\/td>\n<\/tr>\n<tr>\n<td width=\"257\">\n<h4>R\u00e9sidus d'allumage<\/h4>\n<\/td>\n<td width=\"216\">\n<h4>0,5% max<\/h4>\n<\/td>\n<td width=\"227\">\n<h4>0.02%<\/h4>\n<\/td>\n<\/tr>\n<tr>\n<td width=\"257\">\n<h4>Turbidit\u00e9<\/h4>\n<\/td>\n<td width=\"216\">\n<h4>\uff1c20NTU<\/h4>\n<\/td>\n<td width=\"227\">\n<h4>11.31NTU<\/h4>\n<\/td>\n<\/tr>\n<tr>\n<td width=\"257\">\n<h4>Humidit\u00e9<\/h4>\n<\/td>\n<td width=\"216\">\n<h4>0,5% max<\/h4>\n<\/td>\n<td width=\"227\">\n<h4>0.07%<\/h4>\n<\/td>\n<\/tr>\n<tr>\n<td width=\"257\">\n<h4>Conclusion<\/h4>\n<\/td>\n<td colspan=\"2\" width=\"443\">\n<h4>Les r\u00e9sultats sont conformes aux normes de l'entreprise<\/h4>\n<\/td>\n<\/tr>\n<\/tbody>\n<\/table>\n<h2><strong>Acide DL-Mand\u00e9lique Utilisation<\/strong><\/h2>\n<h4>1. L'acide DL-mand\u00e9lique est une sorte d'acide alpha-hydroxy-acide de fruit lipophile. Compar\u00e9 \u00e0 l'acide glycolique, un acide fruitier courant, l'acide mand\u00e9lique poss\u00e8de une certaine capacit\u00e9 antibact\u00e9rienne. Parall\u00e8lement, par rapport \u00e0 l'acide glycolique et \u00e0 l'acide lactique, la vitesse de p\u00e9n\u00e9tration de l'acide mand\u00e9lique peut \u00eatre plus lente, ce qui signifie que l'irritation est moindre que celle de l'acide glycolique. Sa liposolubilit\u00e9 est accrue et la capacit\u00e9 de perm\u00e9ation de la couche corn\u00e9e est am\u00e9lior\u00e9e.<\/h4>\n<h4>2. Par cons\u00e9quent, dans l'industrie cosm\u00e9tique, l'acide DL-Mand\u00e9lique a \u00e9galement pour fonction de drainer le s\u00e9bum dans les pores et d'\u00e9liminer l'acn\u00e9. Comme l'acide glycolique et l'acide lactique, l'acide mand\u00e9lique a \u00e9galement un certain effet blanchissant.<\/h4>\n<h4>3. Les ingr\u00e9dients de l'acide DL-mand\u00e9lique conviennent \u00e0 la peau s\u00e8che, \u00e0 la peau ferme, \u00e0 la peau non pigment\u00e9e, \u00e0 la peau rid\u00e9e, \u00e0 la peau tol\u00e9rante, \u00e0 la peau pigment\u00e9e, \u00e0 la peau grasse, c'est-\u00e0-dire \u00e0 ces 7 types de peau.<\/h4>\n<p>&nbsp;<\/p>\n<h2><strong>Acide DL-Mand\u00e9lique <\/strong><strong>Emballage et exp\u00e9dition<\/strong><\/h2>\n<h4>1kg\/bouteille ; 25kgs par tambour.<\/h4>\n<p>&nbsp;<\/p>\n<h2><strong>Acide DL-mand\u00e9lique Stockage<\/strong><\/h2>\n<h4>Une exposition prolong\u00e9e \u00e0 la lumi\u00e8re entra\u00eene une d\u00e9coloration et une d\u00e9composition. Il est sensible \u00e0 la lumi\u00e8re et acide au tournesol, il doit donc \u00eatre conserv\u00e9 au froid et \u00e0 l'abri de la lumi\u00e8re.<\/h4>\n<h2><strong>Produits de la m\u00eame s\u00e9rie<\/strong><\/h2>\n<table style=\"border-collapse: collapse; width: 312.02pt;\" border=\"0\" width=\"416\" cellspacing=\"0\" cellpadding=\"0\">\n<tbody>\n<tr style=\"height: 54.00pt;\">\n<td class=\"et3\" style=\"height: 54.00pt; width: 201.75pt;\" width=\"269\" height=\"72\">\n<h4>Acide DL-Mand\u00e9lique<\/h4>\n<\/td>\n<td class=\"et3\" style=\"width: 110.25pt;\" width=\"147\">\n<h4>90-64-2<\/h4>\n<\/td>\n<\/tr>\n<tr style=\"height: 54.00pt;\">\n<td class=\"et4\" style=\"height: 54.00pt; width: 201.75pt;\" width=\"269\" height=\"72\">\n<h4><a href=\"https:\/\/longchangchemical.com\/fr\/product\/d-mandelic-acid-cas-611-71-2\/\"><span style=\"color: #0000ff;\">Acide D-mand\u00e9lique<\/span><\/a><\/h4>\n<\/td>\n<td class=\"et4\" style=\"width: 110.25pt;\" width=\"147\">\n<h4>611-71-2<\/h4>\n<\/td>\n<\/tr>\n<tr style=\"height: 40.50pt;\">\n<td class=\"et5\" style=\"height: 40.50pt; width: 201.75pt;\" width=\"269\" height=\"54\">\n<h4><a href=\"https:\/\/longchangchemical.com\/fr\/product\/l-mandelic-acid-cas-17199-29-0\/\"><span style=\"color: #0000ff;\">Acide L-mand\u00e9lique<\/span><\/a><\/h4>\n<\/td>\n<td class=\"et5\" style=\"width: 110.25pt;\" width=\"147\">\n<h4>17199-29-0<\/h4>\n<\/td>\n<\/tr>\n<\/tbody>\n<\/table>\n<h2><strong><b>Contactez-nous d\u00e8s maintenant !<\/b><\/strong><\/h2>\n<h4><strong><b>Si vous avez besoin de COA, MSDS ou TDS, remplissez le formulaire ci-dessous, nous vous contacterons g\u00e9n\u00e9ralement dans les 24 heures. Vous pouvez \u00e9galement m'envoyer un courriel <a href=\"mailto:info@longchangchemical.com\">info@longchangchemical.com<\/a> pendant les heures de travail ( 8:30 am to 6:00 pm UTC+8 Mon.~Sat. ) ou utilisez le chat en direct du site web pour obtenir une r\u00e9ponse rapide.<\/b><\/strong><\/h4>","protected":false},"excerpt":{"rendered":"<h4>Nom chimique : Acide DL-Mand\u00e9lique<\/h4>\n<h4>Num\u00e9ro CAS : 90-64-2<\/h4>\n<h4>Formule mol\u00e9culaire : C8H8O3<\/h4>\n<h4>Structure chimique :<img decoding=\"async\" title=\"Acide DL-mand\u00e9lique CAS 90-64-2\" src=\"https:\/\/www.longchangchemical.com\/wp-content\/uploads\/product-details\/20200617202770.png\" alt=\"Acide DL-mand\u00e9lique CAS 90-64-2\" \/><\/h4>\n<h4>Poids mol\u00e9culaire : 152,15<\/h4>\n<h4>DL-Acide mand\u00e9liquePoint de fusion:119-121\u00b0C(lit.)<\/h4>\n<h4>Aspect : Cristal blanc orthorhombique floconneux<\/h4>\n<h4>Essai : 99%<\/h4>","protected":false},"featured_media":4609,"comment_status":"open","ping_status":"closed","template":"","meta":[],"product_brand":[],"product_cat":[103],"product_tag":[],"class_list":{"0":"post-3589","1":"product","2":"type-product","3":"status-publish","4":"has-post-thumbnail","6":"product_cat-cosmetic-additives","8":"first","9":"instock","10":"shipping-taxable","11":"product-type-simple"},"yoast_head":"<!-- This site is optimized with the Yoast SEO plugin v25.3.1 - https:\/\/yoast.com\/wordpress\/plugins\/seo\/ -->\n<title>China DL-Mandelic acid Manufacturer \uff06 90-64-2 Supplier - Longchang chemical Co., Ltd.<\/title>\n<meta name=\"description\" content=\"Longchang Chemical is a leading manufacturer and supplier of DL-Mandelic acid in China. Buy DL-Mandelic acid in china. We can provide the best DL-Mandelic acid price.\" \/>\n<meta name=\"robots\" content=\"index, follow, max-snippet:-1, max-image-preview:large, max-video-preview:-1\" \/>\n<link rel=\"canonical\" href=\"https:\/\/longchangchemical.com\/fr\/product\/dl-mandelic-acid-cas-90-64-2\/\" \/>\n<meta property=\"og:locale\" content=\"fr_FR\" \/>\n<meta property=\"og:type\" content=\"article\" \/>\n<meta property=\"og:title\" content=\"China DL-Mandelic acid Manufacturer \uff06 90-64-2 Supplier - Longchang chemical Co., Ltd.\" \/>\n<meta property=\"og:description\" content=\"Longchang Chemical is a leading manufacturer and supplier of DL-Mandelic acid in China. Buy DL-Mandelic acid in china. We can provide the best DL-Mandelic acid price.\" \/>\n<meta property=\"og:url\" content=\"https:\/\/longchangchemical.com\/fr\/product\/dl-mandelic-acid-cas-90-64-2\/\" \/>\n<meta property=\"og:site_name\" content=\"Longchang Chemical\" \/>\n<meta property=\"article:modified_time\" content=\"2025-12-22T08:28:56+00:00\" \/>\n<meta property=\"og:image\" content=\"https:\/\/longchangchemical.com\/wp-content\/uploads\/2021\/05\/DL-Mandelic-acid-Appearance.jpg\" \/>\n\t<meta property=\"og:image:width\" content=\"600\" \/>\n\t<meta property=\"og:image:height\" content=\"800\" \/>\n\t<meta property=\"og:image:type\" content=\"image\/jpeg\" \/>\n<meta name=\"twitter:card\" content=\"summary_large_image\" \/>\n<script type=\"application\/ld+json\" class=\"yoast-schema-graph\">{\"@context\":\"https:\/\/schema.org\",\"@graph\":[{\"@type\":\"WebPage\",\"@id\":\"https:\/\/longchangchemical.com\/product\/dl-mandelic-acid-cas-90-64-2\/\",\"url\":\"https:\/\/longchangchemical.com\/product\/dl-mandelic-acid-cas-90-64-2\/\",\"name\":\"China DL-Mandelic acid Manufacturer \uff06 90-64-2 Supplier - Longchang chemical Co., Ltd.\",\"isPartOf\":{\"@id\":\"https:\/\/longchangchemical.com\/#website\"},\"primaryImageOfPage\":{\"@id\":\"https:\/\/longchangchemical.com\/product\/dl-mandelic-acid-cas-90-64-2\/#primaryimage\"},\"image\":{\"@id\":\"https:\/\/longchangchemical.com\/product\/dl-mandelic-acid-cas-90-64-2\/#primaryimage\"},\"thumbnailUrl\":\"https:\/\/longchangchemical.com\/wp-content\/uploads\/2021\/05\/DL-Mandelic-acid-Appearance.jpg\",\"datePublished\":\"2021-05-13T07:44:05+00:00\",\"dateModified\":\"2025-12-22T08:28:56+00:00\",\"description\":\"Longchang Chemical is a leading manufacturer and supplier of DL-Mandelic acid in China. Buy DL-Mandelic acid in china. We can provide the best DL-Mandelic acid price.\",\"breadcrumb\":{\"@id\":\"https:\/\/longchangchemical.com\/product\/dl-mandelic-acid-cas-90-64-2\/#breadcrumb\"},\"inLanguage\":\"fr-FR\",\"potentialAction\":[{\"@type\":\"ReadAction\",\"target\":[\"https:\/\/longchangchemical.com\/product\/dl-mandelic-acid-cas-90-64-2\/\"]}]},{\"@type\":\"ImageObject\",\"inLanguage\":\"fr-FR\",\"@id\":\"https:\/\/longchangchemical.com\/product\/dl-mandelic-acid-cas-90-64-2\/#primaryimage\",\"url\":\"https:\/\/longchangchemical.com\/wp-content\/uploads\/2021\/05\/DL-Mandelic-acid-Appearance.jpg\",\"contentUrl\":\"https:\/\/longchangchemical.com\/wp-content\/uploads\/2021\/05\/DL-Mandelic-acid-Appearance.jpg\",\"width\":600,\"height\":800,\"caption\":\"Appearance\"},{\"@type\":\"BreadcrumbList\",\"@id\":\"https:\/\/longchangchemical.com\/product\/dl-mandelic-acid-cas-90-64-2\/#breadcrumb\",\"itemListElement\":[{\"@type\":\"ListItem\",\"position\":1,\"name\":\"Home\",\"item\":\"https:\/\/longchangchemical.com\/\"},{\"@type\":\"ListItem\",\"position\":2,\"name\":\"Products Longchang\",\"item\":\"https:\/\/longchangchemical.com\/product\/\"},{\"@type\":\"ListItem\",\"position\":3,\"name\":\"DL-Mandelic acid CAS 90-64-2\"}]},{\"@type\":\"WebSite\",\"@id\":\"https:\/\/longchangchemical.com\/#website\",\"url\":\"https:\/\/longchangchemical.com\/\",\"name\":\"Longchang Chemical\",\"description\":\"China chemical manufacturer \uff06 supplier\",\"publisher\":{\"@id\":\"https:\/\/longchangchemical.com\/#organization\"},\"potentialAction\":[{\"@type\":\"SearchAction\",\"target\":{\"@type\":\"EntryPoint\",\"urlTemplate\":\"https:\/\/longchangchemical.com\/?s={search_term_string}\"},\"query-input\":{\"@type\":\"PropertyValueSpecification\",\"valueRequired\":true,\"valueName\":\"search_term_string\"}}],\"inLanguage\":\"fr-FR\"},{\"@type\":\"Organization\",\"@id\":\"https:\/\/longchangchemical.com\/#organization\",\"name\":\"Longchang Chemical\",\"url\":\"https:\/\/longchangchemical.com\/\",\"logo\":{\"@type\":\"ImageObject\",\"inLanguage\":\"fr-FR\",\"@id\":\"https:\/\/longchangchemical.com\/#\/schema\/logo\/image\/\",\"url\":\"https:\/\/longchangchemical.com\/wp-content\/uploads\/2020\/08\/cropped-longchang-logo.png\",\"contentUrl\":\"https:\/\/longchangchemical.com\/wp-content\/uploads\/2020\/08\/cropped-longchang-logo.png\",\"width\":512,\"height\":512,\"caption\":\"Longchang Chemical\"},\"image\":{\"@id\":\"https:\/\/longchangchemical.com\/#\/schema\/logo\/image\/\"}}]}<\/script>\n<!-- \/ Yoast SEO plugin. -->","yoast_head_json":{"title":"China DL-Mandelic acid Manufacturer \uff06 90-64-2 Supplier - Longchang chemical Co., Ltd.","description":"Longchang Chemical est un fabricant et fournisseur leader d'acide DL-Mand\u00e9lique en Chine. Acheter l'acide DL-Mand\u00e9lique en Chine. Nous pouvons fournir le meilleur prix d'acide DL-Mand\u00e9lique.","robots":{"index":"index","follow":"follow","max-snippet":"max-snippet:-1","max-image-preview":"max-image-preview:large","max-video-preview":"max-video-preview:-1"},"canonical":"https:\/\/longchangchemical.com\/fr\/product\/dl-mandelic-acid-cas-90-64-2\/","og_locale":"fr_FR","og_type":"article","og_title":"China DL-Mandelic acid Manufacturer \uff06 90-64-2 Supplier - Longchang chemical Co., Ltd.","og_description":"Longchang Chemical is a leading manufacturer and supplier of DL-Mandelic acid in China. Buy DL-Mandelic acid in china. We can provide the best DL-Mandelic acid price.","og_url":"https:\/\/longchangchemical.com\/fr\/product\/dl-mandelic-acid-cas-90-64-2\/","og_site_name":"Longchang Chemical","article_modified_time":"2025-12-22T08:28:56+00:00","og_image":[{"width":600,"height":800,"url":"https:\/\/longchangchemical.com\/wp-content\/uploads\/2021\/05\/DL-Mandelic-acid-Appearance.jpg","type":"image\/jpeg"}],"twitter_card":"summary_large_image","schema":{"@context":"https:\/\/schema.org","@graph":[{"@type":"WebPage","@id":"https:\/\/longchangchemical.com\/product\/dl-mandelic-acid-cas-90-64-2\/","url":"https:\/\/longchangchemical.com\/product\/dl-mandelic-acid-cas-90-64-2\/","name":"China DL-Mandelic acid Manufacturer \uff06 90-64-2 Supplier - Longchang chemical Co., Ltd.","isPartOf":{"@id":"https:\/\/longchangchemical.com\/#website"},"primaryImageOfPage":{"@id":"https:\/\/longchangchemical.com\/product\/dl-mandelic-acid-cas-90-64-2\/#primaryimage"},"image":{"@id":"https:\/\/longchangchemical.com\/product\/dl-mandelic-acid-cas-90-64-2\/#primaryimage"},"thumbnailUrl":"https:\/\/longchangchemical.com\/wp-content\/uploads\/2021\/05\/DL-Mandelic-acid-Appearance.jpg","datePublished":"2021-05-13T07:44:05+00:00","dateModified":"2025-12-22T08:28:56+00:00","description":"Longchang Chemical est un fabricant et fournisseur leader d'acide DL-Mand\u00e9lique en Chine. Acheter l'acide DL-Mand\u00e9lique en Chine. Nous pouvons fournir le meilleur prix d'acide DL-Mand\u00e9lique.","breadcrumb":{"@id":"https:\/\/longchangchemical.com\/product\/dl-mandelic-acid-cas-90-64-2\/#breadcrumb"},"inLanguage":"fr-FR","potentialAction":[{"@type":"ReadAction","target":["https:\/\/longchangchemical.com\/product\/dl-mandelic-acid-cas-90-64-2\/"]}]},{"@type":"ImageObject","inLanguage":"fr-FR","@id":"https:\/\/longchangchemical.com\/product\/dl-mandelic-acid-cas-90-64-2\/#primaryimage","url":"https:\/\/longchangchemical.com\/wp-content\/uploads\/2021\/05\/DL-Mandelic-acid-Appearance.jpg","contentUrl":"https:\/\/longchangchemical.com\/wp-content\/uploads\/2021\/05\/DL-Mandelic-acid-Appearance.jpg","width":600,"height":800,"caption":"Appearance"},{"@type":"BreadcrumbList","@id":"https:\/\/longchangchemical.com\/product\/dl-mandelic-acid-cas-90-64-2\/#breadcrumb","itemListElement":[{"@type":"ListItem","position":1,"name":"Home","item":"https:\/\/longchangchemical.com\/"},{"@type":"ListItem","position":2,"name":"Products Longchang","item":"https:\/\/longchangchemical.com\/product\/"},{"@type":"ListItem","position":3,"name":"DL-Mandelic acid CAS 90-64-2"}]},{"@type":"WebSite","@id":"https:\/\/longchangchemical.com\/#website","url":"https:\/\/longchangchemical.com\/","name":"Longchang Chemical","description":"Fabricant chinois de produits chimiques \uff06 fournisseur","publisher":{"@id":"https:\/\/longchangchemical.com\/#organization"},"potentialAction":[{"@type":"SearchAction","target":{"@type":"EntryPoint","urlTemplate":"https:\/\/longchangchemical.com\/?s={search_term_string}"},"query-input":{"@type":"PropertyValueSpecification","valueRequired":true,"valueName":"search_term_string"}}],"inLanguage":"fr-FR"},{"@type":"Organization","@id":"https:\/\/longchangchemical.com\/#organization","name":"Longchang Chemical","url":"https:\/\/longchangchemical.com\/","logo":{"@type":"ImageObject","inLanguage":"fr-FR","@id":"https:\/\/longchangchemical.com\/#\/schema\/logo\/image\/","url":"https:\/\/longchangchemical.com\/wp-content\/uploads\/2020\/08\/cropped-longchang-logo.png","contentUrl":"https:\/\/longchangchemical.com\/wp-content\/uploads\/2020\/08\/cropped-longchang-logo.png","width":512,"height":512,"caption":"Longchang Chemical"},"image":{"@id":"https:\/\/longchangchemical.com\/#\/schema\/logo\/image\/"}}]}},"_links":{"self":[{"href":"https:\/\/longchangchemical.com\/fr\/wp-json\/wp\/v2\/product\/3589","targetHints":{"allow":["GET"]}}],"collection":[{"href":"https:\/\/longchangchemical.com\/fr\/wp-json\/wp\/v2\/product"}],"about":[{"href":"https:\/\/longchangchemical.com\/fr\/wp-json\/wp\/v2\/types\/product"}],"replies":[{"embeddable":true,"href":"https:\/\/longchangchemical.com\/fr\/wp-json\/wp\/v2\/comments?post=3589"}],"wp:featuredmedia":[{"embeddable":true,"href":"https:\/\/longchangchemical.com\/fr\/wp-json\/wp\/v2\/media\/4609"}],"wp:attachment":[{"href":"https:\/\/longchangchemical.com\/fr\/wp-json\/wp\/v2\/media?parent=3589"}],"wp:term":[{"taxonomy":"product_brand","embeddable":true,"href":"https:\/\/longchangchemical.com\/fr\/wp-json\/wp\/v2\/product_brand?post=3589"},{"taxonomy":"product_cat","embeddable":true,"href":"https:\/\/longchangchemical.com\/fr\/wp-json\/wp\/v2\/product_cat?post=3589"},{"taxonomy":"product_tag","embeddable":true,"href":"https:\/\/longchangchemical.com\/fr\/wp-json\/wp\/v2\/product_tag?post=3589"}],"curies":[{"name":"wp","href":"https:\/\/api.w.org\/{rel}","templated":true}]}}