{"id":3585,"date":"2021-04-24T06:38:39","date_gmt":"2021-04-24T06:38:39","guid":{"rendered":"https:\/\/longchangchemical.com\/?post_type=product&#038;p=3585"},"modified":"2025-12-22T09:16:42","modified_gmt":"2025-12-22T09:16:42","slug":"ferric-acetylacetonate","status":"publish","type":"product","link":"https:\/\/longchangchemical.com\/fr\/product\/ferric-acetylacetonate\/","title":{"rendered":"Ac\u00e9tylac\u00e9tonate ferrique CAS 14024-18-1"},"content":{"rendered":"<h1><strong>Ac\u00e9tylac\u00e9tonate ferrique CAS 14024-18-1<\/strong><\/h1>\n<table class=\"table-1\" cellspacing=\"0\">\n<tbody>\n<tr>\n<td>\n<h4>Objet<\/h4>\n<\/td>\n<td>\n<h4>Index<\/h4>\n<\/td>\n<td>\n<h4>R\u00e9sultats<\/h4>\n<\/td>\n<\/tr>\n<tr>\n<td>\n<h4>Apparence<\/h4>\n<\/td>\n<td>\n<h4>Cristal rouge<\/h4>\n<\/td>\n<td>\n<h4>Cristal rouge<\/h4>\n<\/td>\n<\/tr>\n<tr>\n<td>\n<h4>Contenu<\/h4>\n<\/td>\n<td>\n<h4>\u226598.00%<\/h4>\n<\/td>\n<td>\n<h4>99.1%<\/h4>\n<\/td>\n<\/tr>\n<tr>\n<td>\n<h4>Point de fusion<\/h4>\n<\/td>\n<td>\n<h4>180-183\u2103<\/h4>\n<\/td>\n<td>\n<h4>conforme<\/h4>\n<\/td>\n<\/tr>\n<tr>\n<td>\n<h4>L'eau<\/h4>\n<\/td>\n<td>\n<h4>\u22640.5%<\/h4>\n<\/td>\n<td>\n<h4>0.46<\/h4>\n<\/td>\n<\/tr>\n<tr>\n<td>\n<h4>Conclusion<\/h4>\n<\/td>\n<td colspan=\"2\">\n<h4>Les r\u00e9sultats sont conformes aux normes de l'entreprise<\/h4>\n<\/td>\n<\/tr>\n<\/tbody>\n<\/table>\n<p>&nbsp;<\/p>\n<h2>Qu'est-ce que l'ac\u00e9tylac\u00e9tonate de fer ?<\/h2>\n<h4>L'ac\u00e9tylac\u00e9tonate de fer est une substance chimique, des cristaux orthorhombiques rouge-orange, l\u00e9g\u00e8rement solubles dans l'eau et l'heptane, et facilement solubles dans l'\u00e9thanol, le benz\u00e8ne, le chloroforme, l'ac\u00e9tone et l'\u00e9ther.<\/h4>\n<p>&nbsp;<\/p>\n<h2><strong>Ac\u00e9tylac\u00e9tonate de fer Utilisation<\/strong><\/h2>\n<h4>1. L'ac\u00e9tylac\u00e9tonate ferrique peut \u00eatre utilis\u00e9 comme catalyseur de synth\u00e8se organique pour la r\u00e9action de Grignard avec le chlorure d'acide afin de g\u00e9n\u00e9rer une c\u00e9tone.<\/h4>\n<h4>2. L'ac\u00e9tylac\u00e9tonate de fer peut \u00eatre utilis\u00e9 pour pr\u00e9parer des pr\u00e9curseurs MOCVD pour des films minces hautement cristallins de (Zn,Fe)Fe2O4, et pour mesurer les propri\u00e9t\u00e9s magn\u00e9tiques de ces films minces.<\/h4>\n<h4>3. L'ac\u00e9tylac\u00e9tonate de fer est utilis\u00e9 comme agent de r\u00e9ticulation de la r\u00e9sine et comme acc\u00e9l\u00e9rateur de polym\u00e9risation.<\/h4>\n<h4>4. L'ac\u00e9tylac\u00e9tonate de fer est utilis\u00e9 comme additif pour mazout dans le domaine des additifs destin\u00e9s \u00e0 am\u00e9liorer le pouvoir lubrifiant et la combustibilit\u00e9. Il peut \u00e9galement \u00eatre utilis\u00e9 comme catalyseur de craquage du p\u00e9trole et comme additif pour le caoutchouc.<\/h4>\n<h4>5. L'ac\u00e9tylac\u00e9tonate de fer peut \u00eatre utilis\u00e9 comme photosensibilisateur inorganique pour d\u00e9grader les plastiques.<\/h4>\n<p>&nbsp;<\/p>\n<h2><strong>Emballage et exp\u00e9dition de l'ac\u00e9tylac\u00e9tonate de fer<\/strong><\/h2>\n<h4>Emballage : 1kg\/bouteille ; 25kg\/tambour<\/h4>\n<h4>Livraison : par voie maritime, a\u00e9rienne et par courrier<\/h4>\n<h4><\/h4>\n<h2><strong>Ac\u00e9tylac\u00e9tonate de fer Stockage<\/strong><\/h2>\n<h4>Ventilation de l'entrep\u00f4t et s\u00e9chage \u00e0 basse temp\u00e9rature. Stocker s\u00e9par\u00e9ment des oxydants, des acides et des additifs alimentaires.<\/h4>\n<p>&nbsp;<\/p>\n<h2><strong>Produits de la m\u00eame s\u00e9rie<\/strong><\/h2>\n<table style=\"border-collapse: collapse; width: 312.02pt;\" border=\"0\" width=\"416\" cellspacing=\"0\" cellpadding=\"0\">\n<tbody>\n<tr style=\"height: 67.50pt;\">\n<td class=\"et3\" style=\"height: 67.50pt; width: 201.75pt;\" width=\"269\" height=\"90\">\n<h4><a href=\"https:\/\/longchangchemical.com\/fr\/product\/cas-21679-31-2\/\"><span style=\"color: #3366ff;\">Ac\u00e9tylac\u00e9tonate de chrome(III)<\/span><\/a><\/h4>\n<\/td>\n<td class=\"et3\" style=\"width: 110.25pt;\" width=\"147\">\n<h4>21679-31-2<\/h4>\n<\/td>\n<\/tr>\n<tr style=\"height: 40.50pt;\">\n<td class=\"et4\" style=\"height: 40.50pt; width: 201.75pt;\" width=\"269\" height=\"54\">\n<h4>Ac\u00e9tylac\u00e9tonate de fer<\/h4>\n<\/td>\n<td class=\"et4\" style=\"width: 110.25pt;\" width=\"147\">\n<h4>14024-18-1<\/h4>\n<\/td>\n<\/tr>\n<\/tbody>\n<\/table>\n<p>&nbsp;<\/p>\n<h2><strong><b>Contactez-nous d\u00e8s maintenant !<\/b><\/strong><\/h2>\n<h4><strong><b>Nous fournissons des services personnalis\u00e9s, nous vous contacterons g\u00e9n\u00e9ralement dans les 24 heures. Vous pouvez \u00e9galement m'envoyer un courriel \u00e0 l'adresse info@longchangchemical.com pendant les heures de travail (de 8h30 \u00e0 18h00 UTC+8 du lundi au samedi) ou utiliser le chat en direct du site web pour obtenir une r\u00e9ponse rapide.<\/b><\/strong><\/h4>\n<p>&nbsp;<\/p>","protected":false},"excerpt":{"rendered":"<h4>Nom chimique : Ac\u00e9tylac\u00e9tonate de fer<\/h4>\n<h4>Num\u00e9ro CAS : 14024-18-1<\/h4>\n<h4>Formule mol\u00e9culaire : C15H21FeO6<\/h4>\n<h4>Poids mol\u00e9culaire : 353,17<\/h4>\n<h4>Aspect : Cristal rouge<\/h4>\n<h4>Essai : 98%<\/h4>","protected":false},"featured_media":4542,"comment_status":"open","ping_status":"closed","template":"","meta":[],"product_brand":[],"product_cat":[69],"product_tag":[],"class_list":{"0":"post-3585","1":"product","2":"type-product","3":"status-publish","4":"has-post-thumbnail","6":"product_cat-catalysts-chemical-auxiliary-agents","8":"first","9":"instock","10":"shipping-taxable","11":"product-type-simple"},"yoast_head":"<!-- This site is optimized with the Yoast SEO plugin v25.3.1 - https:\/\/yoast.com\/wordpress\/plugins\/seo\/ -->\n<title>China Ferric acetylacetonate Manufacturer \uff06 Supplier - Longchang chemical Co., Ltd.<\/title>\n<meta name=\"description\" content=\"Longchang Chemical is a leading manufacturer and supplier of Ferric acetylacetonate in China. Buy Ferric acetylacetonate in china. We can provide the best Ferric acetylacetonate price.\" \/>\n<meta name=\"robots\" content=\"index, follow, max-snippet:-1, max-image-preview:large, max-video-preview:-1\" \/>\n<link rel=\"canonical\" href=\"https:\/\/longchangchemical.com\/fr\/product\/ferric-acetylacetonate\/\" \/>\n<meta property=\"og:locale\" content=\"fr_FR\" \/>\n<meta property=\"og:type\" content=\"article\" \/>\n<meta property=\"og:title\" content=\"China Ferric acetylacetonate Manufacturer \uff06 Supplier - Longchang chemical Co., Ltd.\" \/>\n<meta property=\"og:description\" content=\"Longchang Chemical is a leading manufacturer and supplier of Ferric acetylacetonate in China. Buy Ferric acetylacetonate in china. We can provide the best Ferric acetylacetonate price.\" \/>\n<meta property=\"og:url\" content=\"https:\/\/longchangchemical.com\/fr\/product\/ferric-acetylacetonate\/\" \/>\n<meta property=\"og:site_name\" content=\"Longchang Chemical\" \/>\n<meta property=\"article:modified_time\" content=\"2025-12-22T09:16:42+00:00\" \/>\n<meta property=\"og:image\" content=\"https:\/\/longchangchemical.com\/wp-content\/uploads\/2021\/01\/Appearance-19.jpg\" \/>\n\t<meta property=\"og:image:width\" content=\"600\" \/>\n\t<meta property=\"og:image:height\" content=\"800\" \/>\n\t<meta property=\"og:image:type\" content=\"image\/jpeg\" \/>\n<meta name=\"twitter:card\" content=\"summary_large_image\" \/>\n<script type=\"application\/ld+json\" class=\"yoast-schema-graph\">{\"@context\":\"https:\/\/schema.org\",\"@graph\":[{\"@type\":\"WebPage\",\"@id\":\"https:\/\/longchangchemical.com\/product\/ferric-acetylacetonate\/\",\"url\":\"https:\/\/longchangchemical.com\/product\/ferric-acetylacetonate\/\",\"name\":\"China Ferric acetylacetonate Manufacturer \uff06 Supplier - Longchang chemical Co., Ltd.\",\"isPartOf\":{\"@id\":\"https:\/\/longchangchemical.com\/#website\"},\"primaryImageOfPage\":{\"@id\":\"https:\/\/longchangchemical.com\/product\/ferric-acetylacetonate\/#primaryimage\"},\"image\":{\"@id\":\"https:\/\/longchangchemical.com\/product\/ferric-acetylacetonate\/#primaryimage\"},\"thumbnailUrl\":\"https:\/\/longchangchemical.com\/wp-content\/uploads\/2021\/01\/Appearance-19.jpg\",\"datePublished\":\"2021-04-24T06:38:39+00:00\",\"dateModified\":\"2025-12-22T09:16:42+00:00\",\"description\":\"Longchang Chemical is a leading manufacturer and supplier of Ferric acetylacetonate in China. Buy Ferric acetylacetonate in china. We can provide the best Ferric acetylacetonate price.\",\"breadcrumb\":{\"@id\":\"https:\/\/longchangchemical.com\/product\/ferric-acetylacetonate\/#breadcrumb\"},\"inLanguage\":\"fr-FR\",\"potentialAction\":[{\"@type\":\"ReadAction\",\"target\":[\"https:\/\/longchangchemical.com\/product\/ferric-acetylacetonate\/\"]}]},{\"@type\":\"ImageObject\",\"inLanguage\":\"fr-FR\",\"@id\":\"https:\/\/longchangchemical.com\/product\/ferric-acetylacetonate\/#primaryimage\",\"url\":\"https:\/\/longchangchemical.com\/wp-content\/uploads\/2021\/01\/Appearance-19.jpg\",\"contentUrl\":\"https:\/\/longchangchemical.com\/wp-content\/uploads\/2021\/01\/Appearance-19.jpg\",\"width\":600,\"height\":800,\"caption\":\"Ferric acetylacetonate Appearance\"},{\"@type\":\"BreadcrumbList\",\"@id\":\"https:\/\/longchangchemical.com\/product\/ferric-acetylacetonate\/#breadcrumb\",\"itemListElement\":[{\"@type\":\"ListItem\",\"position\":1,\"name\":\"Home\",\"item\":\"https:\/\/longchangchemical.com\/\"},{\"@type\":\"ListItem\",\"position\":2,\"name\":\"Products Longchang\",\"item\":\"https:\/\/longchangchemical.com\/product\/\"},{\"@type\":\"ListItem\",\"position\":3,\"name\":\"Ferric acetylacetonate CAS 14024-18-1\"}]},{\"@type\":\"WebSite\",\"@id\":\"https:\/\/longchangchemical.com\/#website\",\"url\":\"https:\/\/longchangchemical.com\/\",\"name\":\"Longchang Chemical\",\"description\":\"China chemical manufacturer \uff06 supplier\",\"publisher\":{\"@id\":\"https:\/\/longchangchemical.com\/#organization\"},\"potentialAction\":[{\"@type\":\"SearchAction\",\"target\":{\"@type\":\"EntryPoint\",\"urlTemplate\":\"https:\/\/longchangchemical.com\/?s={search_term_string}\"},\"query-input\":{\"@type\":\"PropertyValueSpecification\",\"valueRequired\":true,\"valueName\":\"search_term_string\"}}],\"inLanguage\":\"fr-FR\"},{\"@type\":\"Organization\",\"@id\":\"https:\/\/longchangchemical.com\/#organization\",\"name\":\"Longchang Chemical\",\"url\":\"https:\/\/longchangchemical.com\/\",\"logo\":{\"@type\":\"ImageObject\",\"inLanguage\":\"fr-FR\",\"@id\":\"https:\/\/longchangchemical.com\/#\/schema\/logo\/image\/\",\"url\":\"https:\/\/longchangchemical.com\/wp-content\/uploads\/2020\/08\/cropped-longchang-logo.png\",\"contentUrl\":\"https:\/\/longchangchemical.com\/wp-content\/uploads\/2020\/08\/cropped-longchang-logo.png\",\"width\":512,\"height\":512,\"caption\":\"Longchang Chemical\"},\"image\":{\"@id\":\"https:\/\/longchangchemical.com\/#\/schema\/logo\/image\/\"}}]}<\/script>\n<!-- \/ Yoast SEO plugin. -->","yoast_head_json":{"title":"China Ferric acetylacetonate Manufacturer \uff06 Supplier - Longchang chemical Co., Ltd.","description":"Longchang Chemical est un fabricant et fournisseur leader d'ac\u00e9tylac\u00e9tonate de fer en Chine. Acheter Ac\u00e9tylac\u00e9tonate de fer en Chine. Nous pouvons vous fournir le meilleur prix d'ac\u00e9tylac\u00e9tonate de fer.","robots":{"index":"index","follow":"follow","max-snippet":"max-snippet:-1","max-image-preview":"max-image-preview:large","max-video-preview":"max-video-preview:-1"},"canonical":"https:\/\/longchangchemical.com\/fr\/product\/ferric-acetylacetonate\/","og_locale":"fr_FR","og_type":"article","og_title":"China Ferric acetylacetonate Manufacturer \uff06 Supplier - Longchang chemical Co., Ltd.","og_description":"Longchang Chemical is a leading manufacturer and supplier of Ferric acetylacetonate in China. Buy Ferric acetylacetonate in china. We can provide the best Ferric acetylacetonate price.","og_url":"https:\/\/longchangchemical.com\/fr\/product\/ferric-acetylacetonate\/","og_site_name":"Longchang Chemical","article_modified_time":"2025-12-22T09:16:42+00:00","og_image":[{"width":600,"height":800,"url":"https:\/\/longchangchemical.com\/wp-content\/uploads\/2021\/01\/Appearance-19.jpg","type":"image\/jpeg"}],"twitter_card":"summary_large_image","schema":{"@context":"https:\/\/schema.org","@graph":[{"@type":"WebPage","@id":"https:\/\/longchangchemical.com\/product\/ferric-acetylacetonate\/","url":"https:\/\/longchangchemical.com\/product\/ferric-acetylacetonate\/","name":"China Ferric acetylacetonate Manufacturer \uff06 Supplier - Longchang chemical Co., Ltd.","isPartOf":{"@id":"https:\/\/longchangchemical.com\/#website"},"primaryImageOfPage":{"@id":"https:\/\/longchangchemical.com\/product\/ferric-acetylacetonate\/#primaryimage"},"image":{"@id":"https:\/\/longchangchemical.com\/product\/ferric-acetylacetonate\/#primaryimage"},"thumbnailUrl":"https:\/\/longchangchemical.com\/wp-content\/uploads\/2021\/01\/Appearance-19.jpg","datePublished":"2021-04-24T06:38:39+00:00","dateModified":"2025-12-22T09:16:42+00:00","description":"Longchang Chemical est un fabricant et fournisseur leader d'ac\u00e9tylac\u00e9tonate de fer en Chine. Acheter Ac\u00e9tylac\u00e9tonate de fer en Chine. Nous pouvons vous fournir le meilleur prix d'ac\u00e9tylac\u00e9tonate de fer.","breadcrumb":{"@id":"https:\/\/longchangchemical.com\/product\/ferric-acetylacetonate\/#breadcrumb"},"inLanguage":"fr-FR","potentialAction":[{"@type":"ReadAction","target":["https:\/\/longchangchemical.com\/product\/ferric-acetylacetonate\/"]}]},{"@type":"ImageObject","inLanguage":"fr-FR","@id":"https:\/\/longchangchemical.com\/product\/ferric-acetylacetonate\/#primaryimage","url":"https:\/\/longchangchemical.com\/wp-content\/uploads\/2021\/01\/Appearance-19.jpg","contentUrl":"https:\/\/longchangchemical.com\/wp-content\/uploads\/2021\/01\/Appearance-19.jpg","width":600,"height":800,"caption":"Ferric acetylacetonate Appearance"},{"@type":"BreadcrumbList","@id":"https:\/\/longchangchemical.com\/product\/ferric-acetylacetonate\/#breadcrumb","itemListElement":[{"@type":"ListItem","position":1,"name":"Home","item":"https:\/\/longchangchemical.com\/"},{"@type":"ListItem","position":2,"name":"Products Longchang","item":"https:\/\/longchangchemical.com\/product\/"},{"@type":"ListItem","position":3,"name":"Ferric acetylacetonate CAS 14024-18-1"}]},{"@type":"WebSite","@id":"https:\/\/longchangchemical.com\/#website","url":"https:\/\/longchangchemical.com\/","name":"Longchang Chemical","description":"Fabricant chinois de produits chimiques \uff06 fournisseur","publisher":{"@id":"https:\/\/longchangchemical.com\/#organization"},"potentialAction":[{"@type":"SearchAction","target":{"@type":"EntryPoint","urlTemplate":"https:\/\/longchangchemical.com\/?s={search_term_string}"},"query-input":{"@type":"PropertyValueSpecification","valueRequired":true,"valueName":"search_term_string"}}],"inLanguage":"fr-FR"},{"@type":"Organization","@id":"https:\/\/longchangchemical.com\/#organization","name":"Longchang Chemical","url":"https:\/\/longchangchemical.com\/","logo":{"@type":"ImageObject","inLanguage":"fr-FR","@id":"https:\/\/longchangchemical.com\/#\/schema\/logo\/image\/","url":"https:\/\/longchangchemical.com\/wp-content\/uploads\/2020\/08\/cropped-longchang-logo.png","contentUrl":"https:\/\/longchangchemical.com\/wp-content\/uploads\/2020\/08\/cropped-longchang-logo.png","width":512,"height":512,"caption":"Longchang Chemical"},"image":{"@id":"https:\/\/longchangchemical.com\/#\/schema\/logo\/image\/"}}]}},"_links":{"self":[{"href":"https:\/\/longchangchemical.com\/fr\/wp-json\/wp\/v2\/product\/3585","targetHints":{"allow":["GET"]}}],"collection":[{"href":"https:\/\/longchangchemical.com\/fr\/wp-json\/wp\/v2\/product"}],"about":[{"href":"https:\/\/longchangchemical.com\/fr\/wp-json\/wp\/v2\/types\/product"}],"replies":[{"embeddable":true,"href":"https:\/\/longchangchemical.com\/fr\/wp-json\/wp\/v2\/comments?post=3585"}],"wp:featuredmedia":[{"embeddable":true,"href":"https:\/\/longchangchemical.com\/fr\/wp-json\/wp\/v2\/media\/4542"}],"wp:attachment":[{"href":"https:\/\/longchangchemical.com\/fr\/wp-json\/wp\/v2\/media?parent=3585"}],"wp:term":[{"taxonomy":"product_brand","embeddable":true,"href":"https:\/\/longchangchemical.com\/fr\/wp-json\/wp\/v2\/product_brand?post=3585"},{"taxonomy":"product_cat","embeddable":true,"href":"https:\/\/longchangchemical.com\/fr\/wp-json\/wp\/v2\/product_cat?post=3585"},{"taxonomy":"product_tag","embeddable":true,"href":"https:\/\/longchangchemical.com\/fr\/wp-json\/wp\/v2\/product_tag?post=3585"}],"curies":[{"name":"wp","href":"https:\/\/api.w.org\/{rel}","templated":true}]}}