{"id":3582,"date":"2023-03-22T13:53:27","date_gmt":"2023-03-22T13:53:27","guid":{"rendered":"https:\/\/longchangchemical.com\/?post_type=product&#038;p=3582"},"modified":"2026-05-08T02:59:51","modified_gmt":"2026-05-08T02:59:51","slug":"povidone-iodine-cas-25655-41-8","status":"publish","type":"product","link":"https:\/\/longchangchemical.com\/fr\/product\/povidone-iodine-cas-25655-41-8\/","title":{"rendered":"PVP-I \/ Povidone iod\u00e9e CAS 25655-41-8"},"content":{"rendered":"<h2><strong>Povidone iod\u00e9e CAS 25655-41-8<\/strong><\/h2>\n<table class=\"table-1\" cellspacing=\"0\">\n<tbody>\n<tr>\n<td>Objet<\/td>\n<td>Standard<\/td>\n<td>R\u00e9sultats<\/td>\n<\/tr>\n<tr>\n<td>Apparence<\/td>\n<td>Poudre amorphe brun rouge\u00e2tre \u00e0 brun jaune<\/td>\n<td>Conformit\u00e9<\/td>\n<\/tr>\n<tr>\n<td>Iode efficace \/%<\/td>\n<td>9.0-12.0<\/td>\n<td>Conformit\u00e9<\/td>\n<\/tr>\n<tr>\n<td>R\u00e9sidus \u00e0 la mise \u00e0 feu\/%<\/td>\n<td>\u22640.1<\/td>\n<td>Conformit\u00e9<\/td>\n<\/tr>\n<tr>\n<td>Perte au s\u00e9chage \/%<\/td>\n<td>\u22648.0<\/td>\n<td>Conformit\u00e9<\/td>\n<\/tr>\n<tr>\n<td>Iode \/%<\/td>\n<td>\u22646.0<\/td>\n<td>Conformit\u00e9<\/td>\n<\/tr>\n<tr>\n<td>Sel d'arsenic\/ppm<\/td>\n<td>\/<\/td>\n<td>Conformit\u00e9<\/td>\n<\/tr>\n<tr>\n<td>M\u00e9taux lourds \/ ppm<\/td>\n<td>\/<\/td>\n<td>Conformit\u00e9<\/td>\n<\/tr>\n<tr>\n<td>Teneur en azote \/%<\/td>\n<td>\/<\/td>\n<td>Conformit\u00e9<\/td>\n<\/tr>\n<tr>\n<td>Valeur PH (solution aqueuse 10%)<\/td>\n<td>1.2-5.0<\/td>\n<td>Conformit\u00e9<\/td>\n<\/tr>\n<tr>\n<td>Dosage :<\/td>\n<td>\u226799%<\/td>\n<td>99.2%<\/td>\n<\/tr>\n<\/tbody>\n<\/table>\n<p>&nbsp;<\/p>\n<h2><strong>Povidone iod\u00e9e (CAS 25655-41-8) Utilisation<\/strong><\/h2>\n<p>1. il a l'effet bact\u00e9ricide de l'iode. Il peut \u00eatre utilis\u00e9 comme d\u00e9sinfectant bact\u00e9ricide et agent bact\u00e9riostatique dans les m\u00e9dicaments. Il peut \u00e9galement \u00eatre utilis\u00e9 comme collyre, goutte nasale, cr\u00e8me et autres antiseptiques. Il peut \u00e9galement \u00eatre transform\u00e9 en d\u00e9sinfectant.<\/p>\n<p>2) Il est principalement utilis\u00e9 pour la d\u00e9sinfection de la peau et du mat\u00e9riel dans les h\u00f4pitaux et pour les injections, ainsi que pour la pr\u00e9vention des infections en stomatologie, gyn\u00e9cologie, chirurgie et dermatologie ; pour la st\u00e9rilisation et la d\u00e9sinfection des ustensiles m\u00e9nagers ; pour la st\u00e9rilisation et la d\u00e9sinfection dans l'industrie alimentaire et l'aquaculture, ainsi que pour la pr\u00e9vention et le traitement des maladies animales, etc. C'est le premier choix des fongicides m\u00e9dicaux contenant de l'iode, de l'hygi\u00e8ne et de la pr\u00e9vention et de l'\u00e9limination des \u00e9pid\u00e9mies dans le monde et en Chine. Poison<\/p>\n<p>3. support d'iode. L'iode apprivois\u00e9 peut lib\u00e9rer progressivement de l'iode et jouer un r\u00f4le antimicrobien. Son m\u00e9canisme consiste \u00e0 d\u00e9naturer et \u00e0 tuer les prot\u00e9ines des bact\u00e9ries. Il est efficace contre les bact\u00e9ries, les champignons et les virus et se caract\u00e9rise par une faible irritation des tissus.<\/p>\n<p>&nbsp;<\/p>\n<h2><strong>Povidone iod\u00e9e (CAS 25655-41-8)Emballage et exp\u00e9dition<\/strong><\/h2>\n<p>Emballage : sac ou tambour de 25 kg<\/p>\n<p>Livraison : par avion, par bateau<\/p>\n<h2><strong>Povidone iod\u00e9e (CAS 25655-41-8)Stockage<\/strong><\/h2>\n<p>Stock\u00e9 dans un endroit frais et sec, \u00e0 l'abri de la lumi\u00e8re directe du soleil.<\/p>\n<h2><strong>Contactez-nous d\u00e8s maintenant !<\/strong><\/h2>\n<h4><strong><b>Si vous avez besoin de COA, MSDS ou TDS, veuillez remplir vos coordonn\u00e9es dans le formulaire ci-dessous, nous vous contacterons g\u00e9n\u00e9ralement dans les 24 heures. Vous pouvez \u00e9galement m'envoyer un courriel <span style=\"color: #0000ff;\"><a style=\"color: #0000ff;\" href=\"mailto:info@longchangchemical.com\">info@longchangchemical.com<\/a><\/span> pendant les heures de travail ( 8:30 am to 6:00 pm UTC+8 Mon.~Sat. ) ou utilisez le chat en direct du site web pour obtenir une r\u00e9ponse rapide.<\/b><\/strong><\/h4>","protected":false},"excerpt":{"rendered":"<p>Nom chimique : Povidone iod\u00e9e<\/p>\n<p>Num\u00e9ro CAS : 25655-41-8<\/p>\n<p>Formule mol\u00e9culaire : C8H15NO<\/p>\n<p>Povidone iod\u00e9e (CAS 25655-41-8)Structure :<img decoding=\"async\" title=\"Povidone iod\u00e9e (CAS 25655-41-8) Structure\" src=\"https:\/\/www.longchangchemical.com\/wp-content\/uploads\/product-details\/20200611313562.png\" alt=\"Povidone iod\u00e9e (CAS 25655-41-8) Structure\" width=\"133\" height=\"87\" border=\"0\" vspace=\"0\" \/><\/p>\n<p>Poids mol\u00e9culaire : 141,2108<\/p>\n<p>Aspect : poudre amorphe brun rouge\u00e2tre \u00e0 brun jaune<\/p>\n<p>Teneur en iode : 10% ; 20%<\/p>","protected":false},"featured_media":6001,"comment_status":"open","ping_status":"closed","template":"","meta":[],"product_brand":[],"product_cat":[109],"product_tag":[],"class_list":{"0":"post-3582","1":"product","2":"type-product","3":"status-publish","4":"has-post-thumbnail","6":"product_cat-water-treatment","8":"first","9":"instock","10":"shipping-taxable","11":"product-type-simple"},"yoast_head":"<!-- This site is optimized with the Yoast SEO plugin v25.3.1 - https:\/\/yoast.com\/wordpress\/plugins\/seo\/ -->\n<title>China Povidone iodine Manufacturer and 25655-41-8 supplier - Longchang Chemical<\/title>\n<meta name=\"description\" content=\"PVP-I Povidone iodine CAS 25655-41-8 is used in industrial processing and formulation applications.\" \/>\n<meta name=\"robots\" content=\"index, follow, max-snippet:-1, max-image-preview:large, max-video-preview:-1\" \/>\n<link rel=\"canonical\" href=\"https:\/\/longchangchemical.com\/fr\/product\/povidone-iodine-cas-25655-41-8\/\" \/>\n<meta property=\"og:locale\" content=\"fr_FR\" \/>\n<meta property=\"og:type\" content=\"article\" \/>\n<meta property=\"og:title\" content=\"China Povidone iodine Manufacturer and 25655-41-8 supplier - Longchang Chemical\" \/>\n<meta property=\"og:description\" content=\"PVP-I Povidone iodine CAS 25655-41-8 is used in industrial processing and formulation applications.\" \/>\n<meta property=\"og:url\" content=\"https:\/\/longchangchemical.com\/fr\/product\/povidone-iodine-cas-25655-41-8\/\" \/>\n<meta property=\"og:site_name\" content=\"Longchang Chemical\" \/>\n<meta property=\"article:modified_time\" content=\"2026-05-08T02:59:51+00:00\" \/>\n<meta property=\"og:image\" content=\"https:\/\/longchangchemical.com\/wp-content\/uploads\/2021\/01\/Sinosurf\u00ae-PVP-I.jpg\" \/>\n\t<meta property=\"og:image:width\" content=\"800\" \/>\n\t<meta property=\"og:image:height\" content=\"800\" \/>\n\t<meta property=\"og:image:type\" content=\"image\/jpeg\" \/>\n<meta name=\"twitter:card\" content=\"summary_large_image\" \/>\n<script type=\"application\/ld+json\" class=\"yoast-schema-graph\">{\"@context\":\"https:\/\/schema.org\",\"@graph\":[{\"@type\":\"WebPage\",\"@id\":\"https:\/\/longchangchemical.com\/product\/povidone-iodine-cas-25655-41-8\/\",\"url\":\"https:\/\/longchangchemical.com\/product\/povidone-iodine-cas-25655-41-8\/\",\"name\":\"China Povidone iodine Manufacturer and 25655-41-8 supplier - Longchang Chemical\",\"isPartOf\":{\"@id\":\"https:\/\/longchangchemical.com\/#website\"},\"primaryImageOfPage\":{\"@id\":\"https:\/\/longchangchemical.com\/product\/povidone-iodine-cas-25655-41-8\/#primaryimage\"},\"image\":{\"@id\":\"https:\/\/longchangchemical.com\/product\/povidone-iodine-cas-25655-41-8\/#primaryimage\"},\"thumbnailUrl\":\"https:\/\/longchangchemical.com\/wp-content\/uploads\/2021\/01\/Sinosurf\u00ae-PVP-I.jpg\",\"datePublished\":\"2023-03-22T13:53:27+00:00\",\"dateModified\":\"2026-05-08T02:59:51+00:00\",\"description\":\"PVP-I Povidone iodine CAS 25655-41-8 is used in industrial processing and formulation applications.\",\"breadcrumb\":{\"@id\":\"https:\/\/longchangchemical.com\/product\/povidone-iodine-cas-25655-41-8\/#breadcrumb\"},\"inLanguage\":\"fr-FR\",\"potentialAction\":[{\"@type\":\"ReadAction\",\"target\":[\"https:\/\/longchangchemical.com\/product\/povidone-iodine-cas-25655-41-8\/\"]}]},{\"@type\":\"ImageObject\",\"inLanguage\":\"fr-FR\",\"@id\":\"https:\/\/longchangchemical.com\/product\/povidone-iodine-cas-25655-41-8\/#primaryimage\",\"url\":\"https:\/\/longchangchemical.com\/wp-content\/uploads\/2021\/01\/Sinosurf\u00ae-PVP-I.jpg\",\"contentUrl\":\"https:\/\/longchangchemical.com\/wp-content\/uploads\/2021\/01\/Sinosurf\u00ae-PVP-I.jpg\",\"width\":800,\"height\":800},{\"@type\":\"BreadcrumbList\",\"@id\":\"https:\/\/longchangchemical.com\/product\/povidone-iodine-cas-25655-41-8\/#breadcrumb\",\"itemListElement\":[{\"@type\":\"ListItem\",\"position\":1,\"name\":\"Home\",\"item\":\"https:\/\/longchangchemical.com\/\"},{\"@type\":\"ListItem\",\"position\":2,\"name\":\"Products Longchang\",\"item\":\"https:\/\/longchangchemical.com\/product\/\"},{\"@type\":\"ListItem\",\"position\":3,\"name\":\"PVP-I \/ Povidone iodine CAS 25655-41-8\"}]},{\"@type\":\"WebSite\",\"@id\":\"https:\/\/longchangchemical.com\/#website\",\"url\":\"https:\/\/longchangchemical.com\/\",\"name\":\"Longchang Chemical\",\"description\":\"China chemical manufacturer \uff06 supplier\",\"publisher\":{\"@id\":\"https:\/\/longchangchemical.com\/#organization\"},\"potentialAction\":[{\"@type\":\"SearchAction\",\"target\":{\"@type\":\"EntryPoint\",\"urlTemplate\":\"https:\/\/longchangchemical.com\/?s={search_term_string}\"},\"query-input\":{\"@type\":\"PropertyValueSpecification\",\"valueRequired\":true,\"valueName\":\"search_term_string\"}}],\"inLanguage\":\"fr-FR\"},{\"@type\":\"Organization\",\"@id\":\"https:\/\/longchangchemical.com\/#organization\",\"name\":\"Longchang Chemical\",\"url\":\"https:\/\/longchangchemical.com\/\",\"logo\":{\"@type\":\"ImageObject\",\"inLanguage\":\"fr-FR\",\"@id\":\"https:\/\/longchangchemical.com\/#\/schema\/logo\/image\/\",\"url\":\"https:\/\/longchangchemical.com\/wp-content\/uploads\/2020\/08\/cropped-longchang-logo.png\",\"contentUrl\":\"https:\/\/longchangchemical.com\/wp-content\/uploads\/2020\/08\/cropped-longchang-logo.png\",\"width\":512,\"height\":512,\"caption\":\"Longchang Chemical\"},\"image\":{\"@id\":\"https:\/\/longchangchemical.com\/#\/schema\/logo\/image\/\"}}]}<\/script>\n<!-- \/ Yoast SEO plugin. -->","yoast_head_json":{"title":"Fabricant chinois de povidone iod\u00e9e et fournisseur de 25655-41-8 - Longchang Chemical","description":"PVP-I Povidone iodine CAS 25655-41-8 is used in industrial processing and formulation applications.","robots":{"index":"index","follow":"follow","max-snippet":"max-snippet:-1","max-image-preview":"max-image-preview:large","max-video-preview":"max-video-preview:-1"},"canonical":"https:\/\/longchangchemical.com\/fr\/product\/povidone-iodine-cas-25655-41-8\/","og_locale":"fr_FR","og_type":"article","og_title":"China Povidone iodine Manufacturer and 25655-41-8 supplier - Longchang Chemical","og_description":"PVP-I Povidone iodine CAS 25655-41-8 is used in industrial processing and formulation applications.","og_url":"https:\/\/longchangchemical.com\/fr\/product\/povidone-iodine-cas-25655-41-8\/","og_site_name":"Longchang Chemical","article_modified_time":"2026-05-08T02:59:51+00:00","og_image":[{"width":800,"height":800,"url":"https:\/\/longchangchemical.com\/wp-content\/uploads\/2021\/01\/Sinosurf\u00ae-PVP-I.jpg","type":"image\/jpeg"}],"twitter_card":"summary_large_image","schema":{"@context":"https:\/\/schema.org","@graph":[{"@type":"WebPage","@id":"https:\/\/longchangchemical.com\/product\/povidone-iodine-cas-25655-41-8\/","url":"https:\/\/longchangchemical.com\/product\/povidone-iodine-cas-25655-41-8\/","name":"Fabricant chinois de povidone iod\u00e9e et fournisseur de 25655-41-8 - Longchang Chemical","isPartOf":{"@id":"https:\/\/longchangchemical.com\/#website"},"primaryImageOfPage":{"@id":"https:\/\/longchangchemical.com\/product\/povidone-iodine-cas-25655-41-8\/#primaryimage"},"image":{"@id":"https:\/\/longchangchemical.com\/product\/povidone-iodine-cas-25655-41-8\/#primaryimage"},"thumbnailUrl":"https:\/\/longchangchemical.com\/wp-content\/uploads\/2021\/01\/Sinosurf\u00ae-PVP-I.jpg","datePublished":"2023-03-22T13:53:27+00:00","dateModified":"2026-05-08T02:59:51+00:00","description":"PVP-I Povidone iodine CAS 25655-41-8 is used in industrial processing and formulation applications.","breadcrumb":{"@id":"https:\/\/longchangchemical.com\/product\/povidone-iodine-cas-25655-41-8\/#breadcrumb"},"inLanguage":"fr-FR","potentialAction":[{"@type":"ReadAction","target":["https:\/\/longchangchemical.com\/product\/povidone-iodine-cas-25655-41-8\/"]}]},{"@type":"ImageObject","inLanguage":"fr-FR","@id":"https:\/\/longchangchemical.com\/product\/povidone-iodine-cas-25655-41-8\/#primaryimage","url":"https:\/\/longchangchemical.com\/wp-content\/uploads\/2021\/01\/Sinosurf\u00ae-PVP-I.jpg","contentUrl":"https:\/\/longchangchemical.com\/wp-content\/uploads\/2021\/01\/Sinosurf\u00ae-PVP-I.jpg","width":800,"height":800},{"@type":"BreadcrumbList","@id":"https:\/\/longchangchemical.com\/product\/povidone-iodine-cas-25655-41-8\/#breadcrumb","itemListElement":[{"@type":"ListItem","position":1,"name":"Home","item":"https:\/\/longchangchemical.com\/"},{"@type":"ListItem","position":2,"name":"Products Longchang","item":"https:\/\/longchangchemical.com\/product\/"},{"@type":"ListItem","position":3,"name":"PVP-I \/ Povidone iodine CAS 25655-41-8"}]},{"@type":"WebSite","@id":"https:\/\/longchangchemical.com\/#website","url":"https:\/\/longchangchemical.com\/","name":"Longchang Chemical","description":"Fabricant chinois de produits chimiques \uff06 fournisseur","publisher":{"@id":"https:\/\/longchangchemical.com\/#organization"},"potentialAction":[{"@type":"SearchAction","target":{"@type":"EntryPoint","urlTemplate":"https:\/\/longchangchemical.com\/?s={search_term_string}"},"query-input":{"@type":"PropertyValueSpecification","valueRequired":true,"valueName":"search_term_string"}}],"inLanguage":"fr-FR"},{"@type":"Organization","@id":"https:\/\/longchangchemical.com\/#organization","name":"Longchang Chemical","url":"https:\/\/longchangchemical.com\/","logo":{"@type":"ImageObject","inLanguage":"fr-FR","@id":"https:\/\/longchangchemical.com\/#\/schema\/logo\/image\/","url":"https:\/\/longchangchemical.com\/wp-content\/uploads\/2020\/08\/cropped-longchang-logo.png","contentUrl":"https:\/\/longchangchemical.com\/wp-content\/uploads\/2020\/08\/cropped-longchang-logo.png","width":512,"height":512,"caption":"Longchang Chemical"},"image":{"@id":"https:\/\/longchangchemical.com\/#\/schema\/logo\/image\/"}}]}},"_links":{"self":[{"href":"https:\/\/longchangchemical.com\/fr\/wp-json\/wp\/v2\/product\/3582","targetHints":{"allow":["GET"]}}],"collection":[{"href":"https:\/\/longchangchemical.com\/fr\/wp-json\/wp\/v2\/product"}],"about":[{"href":"https:\/\/longchangchemical.com\/fr\/wp-json\/wp\/v2\/types\/product"}],"replies":[{"embeddable":true,"href":"https:\/\/longchangchemical.com\/fr\/wp-json\/wp\/v2\/comments?post=3582"}],"wp:featuredmedia":[{"embeddable":true,"href":"https:\/\/longchangchemical.com\/fr\/wp-json\/wp\/v2\/media\/6001"}],"wp:attachment":[{"href":"https:\/\/longchangchemical.com\/fr\/wp-json\/wp\/v2\/media?parent=3582"}],"wp:term":[{"taxonomy":"product_brand","embeddable":true,"href":"https:\/\/longchangchemical.com\/fr\/wp-json\/wp\/v2\/product_brand?post=3582"},{"taxonomy":"product_cat","embeddable":true,"href":"https:\/\/longchangchemical.com\/fr\/wp-json\/wp\/v2\/product_cat?post=3582"},{"taxonomy":"product_tag","embeddable":true,"href":"https:\/\/longchangchemical.com\/fr\/wp-json\/wp\/v2\/product_tag?post=3582"}],"curies":[{"name":"wp","href":"https:\/\/api.w.org\/{rel}","templated":true}]}}