{"id":3578,"date":"2021-03-21T13:53:40","date_gmt":"2021-03-21T13:53:40","guid":{"rendered":"https:\/\/longchangchemical.com\/?post_type=product&#038;p=3578"},"modified":"2025-12-23T02:22:33","modified_gmt":"2025-12-23T02:22:33","slug":"guanidine-carbonate-cas-593-85-1","status":"publish","type":"product","link":"https:\/\/longchangchemical.com\/fr\/product\/guanidine-carbonate-cas-593-85-1\/","title":{"rendered":"Carbonate de guanidine CAS 593-85-1"},"content":{"rendered":"<h1><strong>Carbonate de guanidine CAS 593-85-1<\/strong><\/h1>\n<table class=\"table-1\" cellspacing=\"0\">\n<tbody>\n<tr>\n<td>\n<h4><strong>Objet<\/strong><\/h4>\n<\/td>\n<td>\n<h4><strong>Sp\u00e9cifications<\/strong><\/h4>\n<\/td>\n<td>\n<h4><strong>R\u00e9sultats<\/strong><\/h4>\n<\/td>\n<\/tr>\n<tr>\n<td>\n<h4>La puret\u00e9<\/h4>\n<\/td>\n<td>\n<h4>99%Min<\/h4>\n<\/td>\n<td>\n<h4>99.46%<\/h4>\n<\/td>\n<\/tr>\n<tr>\n<td>\n<h4>Humidit\u00e9<\/h4>\n<\/td>\n<td>\n<h4>0,2Max<\/h4>\n<\/td>\n<td>\n<h4>0.15%<\/h4>\n<\/td>\n<\/tr>\n<tr>\n<td>\n<h4>Teneur en cendres<\/h4>\n<\/td>\n<td>\n<h4>0,4Max<\/h4>\n<\/td>\n<td>\n<h4>0.34%<\/h4>\n<\/td>\n<\/tr>\n<tr>\n<td>\n<h4>Solution( 20% aq)<\/h4>\n<\/td>\n<td>\n<h4>transparent<\/h4>\n<\/td>\n<td>\n<h4>Conforme<\/h4>\n<\/td>\n<\/tr>\n<tr>\n<td>\n<h4>Valeur PH (4%)<\/h4>\n<\/td>\n<td>\n<h4>11.4\u00b10.4<\/h4>\n<\/td>\n<td>\n<h4>11.42<\/h4>\n<\/td>\n<\/tr>\n<tr>\n<td>\n<h4>Conclusion<\/h4>\n<\/td>\n<td colspan=\"2\">\n<h4>Les r\u00e9sultats sont conformes aux normes de l'entreprise<\/h4>\n<\/td>\n<\/tr>\n<\/tbody>\n<\/table>\n<p>&nbsp;<\/p>\n<h2><strong>Carbonate de guanidine Utilisation<\/strong><\/h2>\n<h4>1 Le carbonate de guanidine est un produit de chimie fine organique extr\u00eamement polyvalent, principalement utilis\u00e9 dans la synth\u00e8se de retardateurs de flamme, de floculants, d'agents moussants et de sulfamides.<\/h4>\n<h4>2. Le carbonate de guanidine est \u00e9galement utilis\u00e9 comme synergiste pour les d\u00e9tergents synth\u00e9tiques et comme mati\u00e8re premi\u00e8re pour les cosm\u00e9tiques haut de gamme.<\/h4>\n<h4>3. Le carbonate de guanidine est utilis\u00e9 comme pr\u00e9cipitant dans la d\u00e9termination du poids du zinc, du cadmium et du mangan\u00e8se, ainsi que dans la s\u00e9paration du magn\u00e9sium dans les m\u00e9taux alcalins et la synth\u00e8se organique.<\/h4>\n<h4>4. Le carbonate de guanidine peut \u00eatre utilis\u00e9 pour pr\u00e9parer des antioxydants, des stabilisateurs de r\u00e9sine et des r\u00e9gulateurs de pH pour les r\u00e9sines amin\u00e9es.<\/h4>\n<p>&nbsp;<\/p>\n<h2><strong>Carbonate de guanidine Emballage et exp\u00e9dition<\/strong><\/h2>\n<h4>SAC, 25 kg\/sac.<\/h4>\n<p>&nbsp;<\/p>\n<h2><strong>Carbonate de guanidine Stockage<\/strong><\/h2>\n<h4>Stockage dans un environnement sombre, frais, ventil\u00e9 et sec.<\/h4>\n<p>&nbsp;<\/p>\n<h2><strong>Produits de la m\u00eame s\u00e9rie<\/strong><\/h2>\n<table style=\"border-collapse: collapse; width: 312.02pt;\" border=\"0\" width=\"416\" cellspacing=\"0\" cellpadding=\"0\">\n<tbody>\n<tr style=\"height: 54.00pt;\">\n<td class=\"et3\" style=\"height: 54.00pt; width: 201.75pt;\" width=\"269\" height=\"72\">\n<h4><a href=\"https:\/\/longchangchemical.com\/fr\/product\/cobalt-carbonate-cas-513-79-1\/\"><span style=\"color: #3366ff;\">Carbonate de cobalt<\/span><\/a><\/h4>\n<\/td>\n<td class=\"et3\" style=\"width: 110.25pt;\" width=\"147\">\n<h4><a href=\"https:\/\/longchangchemical.com\/fr\/product\/cobalt-carbonate-cas-513-79-1\/\"><span style=\"color: #3366ff;\">513-79-1<\/span><\/a><\/h4>\n<\/td>\n<\/tr>\n<tr style=\"height: 40.50pt;\">\n<td class=\"et4\" style=\"height: 40.50pt; width: 201.75pt;\" width=\"269\" height=\"54\">\n<h4>Carbonate de guanidine<\/h4>\n<\/td>\n<td class=\"et5\" style=\"width: 110.25pt;\" width=\"147\">\n<h4>593-85-1<\/h4>\n<\/td>\n<\/tr>\n<tr style=\"height: 40.50pt;\">\n<td class=\"et6\" style=\"height: 40.50pt; width: 201.75pt;\" width=\"269\" height=\"54\">\n<h4><a href=\"https:\/\/longchangchemical.com\/fr\/product\/manganese-carbonate-cas-598-62-9\/\"><span style=\"color: #3366ff;\">Carbonate de mangan\u00e8se<\/span><\/a><\/h4>\n<\/td>\n<td class=\"et6\" style=\"width: 110.25pt;\" width=\"147\">\n<h4>598-62-9<\/h4>\n<\/td>\n<\/tr>\n<tr style=\"height: 40.50pt;\">\n<td class=\"et7\" style=\"height: 40.50pt;\" height=\"54\">\n<h4><a href=\"https:\/\/longchangchemical.com\/fr\/product\/ammonium-bicarbonate-cas-1066-33-7\/\"><span style=\"color: #3366ff;\">Bicarbonate d'ammonium<\/span><\/a><\/h4>\n<\/td>\n<td class=\"et7\">\n<h4>1066-33-7<\/h4>\n<\/td>\n<\/tr>\n<tr style=\"height: 40.50pt;\">\n<td class=\"et4\" style=\"height: 40.50pt; width: 201.75pt;\" width=\"269\" height=\"54\">\n<h4><a href=\"https:\/\/longchangchemical.com\/fr\/product\/caesium-carbonate-cas-534-17-8\/\"><span style=\"color: #3366ff;\">Carbonate de c\u00e9sium<\/span><\/a><\/h4>\n<\/td>\n<td class=\"et4\" style=\"width: 110.25pt;\" width=\"147\">\n<h4>534-17-8<\/h4>\n<\/td>\n<\/tr>\n<tr style=\"height: 40.50pt;\">\n<td class=\"et8\" style=\"height: 40.50pt; width: 201.75pt;\" width=\"269\" height=\"54\">\n<h4><a href=\"https:\/\/longchangchemical.com\/fr\/product\/strontium-carbonate-cas-1633-05-2\/\"><span style=\"color: #3366ff;\">Carbonate de strontium<\/span><\/a><\/h4>\n<\/td>\n<td class=\"et8\" style=\"width: 110.25pt;\" width=\"147\">\n<h4>1633-05-2<\/h4>\n<\/td>\n<\/tr>\n<tr style=\"height: 40.50pt;\">\n<td class=\"et4\" style=\"height: 40.50pt; width: 201.75pt;\" width=\"269\" height=\"54\">\n<h4><a href=\"https:\/\/longchangchemical.com\/fr\/product\/carbohydrazide-cas-497-18-7\/\"><span style=\"color: #3366ff;\">Carbohydrazide<\/span><\/a><\/h4>\n<\/td>\n<td class=\"et4\" style=\"width: 110.25pt;\" width=\"147\">\n<h4>497-18-7<\/h4>\n<\/td>\n<\/tr>\n<\/tbody>\n<\/table>\n<h2><\/h2>\n<h2><strong><b>Contactez-nous d\u00e8s maintenant !<\/b><\/strong><\/h2>\n<h4><strong><b>Si vous avez besoin d'un prix, veuillez indiquer vos coordonn\u00e9es dans le formulaire ci-dessous. Nous vous contacterons g\u00e9n\u00e9ralement dans les 24 heures. Vous pouvez \u00e9galement m'envoyer un courriel <span style=\"color: #0000ff;\"><a style=\"color: #0000ff;\" href=\"mailto:info@longchangchemical.com\">info@longchangchemical.com<\/a><\/span> pendant les heures de travail ( 8:30 am to 6:00 pm UTC+8 Mon.~Sat. ) ou utilisez le chat en direct du site web pour obtenir une r\u00e9ponse rapide.<\/b><\/strong><\/h4>","protected":false},"excerpt":{"rendered":"<h4>Nom chimique : Carbonate de guanidine<\/h4>\n<p><strong>Autre nom : Carbonate de guanidine ; carbonate d'aminom\u00e9thanamidine ; carbonate de diguanidinium ; carbonate de guanidine<\/strong><\/p>\n<h4>Num\u00e9ro CAS : 593-85-1<\/h4>\n<h4>Formule mol\u00e9culaire : C2H7N3O3<\/h4>\n<h4>Structure chimique :<img decoding=\"async\" title=\"Structure du carbonate de guanidine\" src=\"https:\/\/www.longchangchemical.com\/wp-content\/uploads\/product-details\/20200617028995.png\" alt=\"Structure du carbonate de guanidine\" width=\"145\" height=\"117\" border=\"0\" vspace=\"0\" \/><\/h4>\n<h4>Poids mol\u00e9culaire : 121,1<\/h4>\n<h4>Aspect : Poudre blanche<\/h4>\n<h4>Essai : 99%min<\/h4>","protected":false},"featured_media":4444,"comment_status":"open","ping_status":"closed","template":"","meta":[],"product_brand":[],"product_cat":[69],"product_tag":[],"class_list":{"0":"post-3578","1":"product","2":"type-product","3":"status-publish","4":"has-post-thumbnail","6":"product_cat-catalysts-chemical-auxiliary-agents","8":"first","9":"instock","10":"shipping-taxable","11":"product-type-simple"},"yoast_head":"<!-- This site is optimized with the Yoast SEO plugin v25.3.1 - https:\/\/yoast.com\/wordpress\/plugins\/seo\/ -->\n<title>China Guanidine carbonate Manufacturer \uff06 593-85-1 Supplier - Longchang chemical Co., Ltd.<\/title>\n<meta name=\"description\" content=\"Longchang Chemical is a leading manufacturer and supplier of Guanidine carbonatein China. Buy Guanidine carbonate in china. We can provide the best Guanidine carbonate price. Other Name: Guanidine carbonate; Aminomethanamidine carbonate; Diguanidinium carbonate; Guanidine Carbonate\" \/>\n<meta name=\"robots\" content=\"index, follow, max-snippet:-1, max-image-preview:large, max-video-preview:-1\" \/>\n<link rel=\"canonical\" href=\"https:\/\/longchangchemical.com\/fr\/product\/guanidine-carbonate-cas-593-85-1\/\" \/>\n<meta property=\"og:locale\" content=\"fr_FR\" \/>\n<meta property=\"og:type\" content=\"article\" \/>\n<meta property=\"og:title\" content=\"China Guanidine carbonate Manufacturer \uff06 593-85-1 Supplier - Longchang chemical Co., Ltd.\" \/>\n<meta property=\"og:description\" content=\"Longchang Chemical is a leading manufacturer and supplier of Guanidine carbonatein China. Buy Guanidine carbonate in china. We can provide the best Guanidine carbonate price. Other Name: Guanidine carbonate; Aminomethanamidine carbonate; Diguanidinium carbonate; Guanidine Carbonate\" \/>\n<meta property=\"og:url\" content=\"https:\/\/longchangchemical.com\/fr\/product\/guanidine-carbonate-cas-593-85-1\/\" \/>\n<meta property=\"og:site_name\" content=\"Longchang Chemical\" \/>\n<meta property=\"article:modified_time\" content=\"2025-12-23T02:22:33+00:00\" \/>\n<meta property=\"og:image\" content=\"https:\/\/longchangchemical.com\/wp-content\/uploads\/2021\/01\/Guanidine-carbonate-Appearance.jpg\" \/>\n\t<meta property=\"og:image:width\" content=\"600\" \/>\n\t<meta property=\"og:image:height\" content=\"800\" \/>\n\t<meta property=\"og:image:type\" content=\"image\/jpeg\" \/>\n<meta name=\"twitter:card\" content=\"summary_large_image\" \/>\n<script type=\"application\/ld+json\" class=\"yoast-schema-graph\">{\"@context\":\"https:\/\/schema.org\",\"@graph\":[{\"@type\":\"WebPage\",\"@id\":\"https:\/\/longchangchemical.com\/product\/guanidine-carbonate-cas-593-85-1\/\",\"url\":\"https:\/\/longchangchemical.com\/product\/guanidine-carbonate-cas-593-85-1\/\",\"name\":\"China Guanidine carbonate Manufacturer \uff06 593-85-1 Supplier - Longchang chemical Co., Ltd.\",\"isPartOf\":{\"@id\":\"https:\/\/longchangchemical.com\/#website\"},\"primaryImageOfPage\":{\"@id\":\"https:\/\/longchangchemical.com\/product\/guanidine-carbonate-cas-593-85-1\/#primaryimage\"},\"image\":{\"@id\":\"https:\/\/longchangchemical.com\/product\/guanidine-carbonate-cas-593-85-1\/#primaryimage\"},\"thumbnailUrl\":\"https:\/\/longchangchemical.com\/wp-content\/uploads\/2021\/01\/Guanidine-carbonate-Appearance.jpg\",\"datePublished\":\"2021-03-21T13:53:40+00:00\",\"dateModified\":\"2025-12-23T02:22:33+00:00\",\"description\":\"Longchang Chemical is a leading manufacturer and supplier of Guanidine carbonatein China. Buy Guanidine carbonate in china. We can provide the best Guanidine carbonate price. Other Name: Guanidine carbonate; Aminomethanamidine carbonate; Diguanidinium carbonate; Guanidine Carbonate\",\"breadcrumb\":{\"@id\":\"https:\/\/longchangchemical.com\/product\/guanidine-carbonate-cas-593-85-1\/#breadcrumb\"},\"inLanguage\":\"fr-FR\",\"potentialAction\":[{\"@type\":\"ReadAction\",\"target\":[\"https:\/\/longchangchemical.com\/product\/guanidine-carbonate-cas-593-85-1\/\"]}]},{\"@type\":\"ImageObject\",\"inLanguage\":\"fr-FR\",\"@id\":\"https:\/\/longchangchemical.com\/product\/guanidine-carbonate-cas-593-85-1\/#primaryimage\",\"url\":\"https:\/\/longchangchemical.com\/wp-content\/uploads\/2021\/01\/Guanidine-carbonate-Appearance.jpg\",\"contentUrl\":\"https:\/\/longchangchemical.com\/wp-content\/uploads\/2021\/01\/Guanidine-carbonate-Appearance.jpg\",\"width\":600,\"height\":800,\"caption\":\"Carbohydrazide Appearance\"},{\"@type\":\"BreadcrumbList\",\"@id\":\"https:\/\/longchangchemical.com\/product\/guanidine-carbonate-cas-593-85-1\/#breadcrumb\",\"itemListElement\":[{\"@type\":\"ListItem\",\"position\":1,\"name\":\"Home\",\"item\":\"https:\/\/longchangchemical.com\/\"},{\"@type\":\"ListItem\",\"position\":2,\"name\":\"Products Longchang\",\"item\":\"https:\/\/longchangchemical.com\/product\/\"},{\"@type\":\"ListItem\",\"position\":3,\"name\":\"Guanidine carbonate CAS 593-85-1\"}]},{\"@type\":\"WebSite\",\"@id\":\"https:\/\/longchangchemical.com\/#website\",\"url\":\"https:\/\/longchangchemical.com\/\",\"name\":\"Longchang Chemical\",\"description\":\"China chemical manufacturer \uff06 supplier\",\"publisher\":{\"@id\":\"https:\/\/longchangchemical.com\/#organization\"},\"potentialAction\":[{\"@type\":\"SearchAction\",\"target\":{\"@type\":\"EntryPoint\",\"urlTemplate\":\"https:\/\/longchangchemical.com\/?s={search_term_string}\"},\"query-input\":{\"@type\":\"PropertyValueSpecification\",\"valueRequired\":true,\"valueName\":\"search_term_string\"}}],\"inLanguage\":\"fr-FR\"},{\"@type\":\"Organization\",\"@id\":\"https:\/\/longchangchemical.com\/#organization\",\"name\":\"Longchang Chemical\",\"url\":\"https:\/\/longchangchemical.com\/\",\"logo\":{\"@type\":\"ImageObject\",\"inLanguage\":\"fr-FR\",\"@id\":\"https:\/\/longchangchemical.com\/#\/schema\/logo\/image\/\",\"url\":\"https:\/\/longchangchemical.com\/wp-content\/uploads\/2020\/08\/cropped-longchang-logo.png\",\"contentUrl\":\"https:\/\/longchangchemical.com\/wp-content\/uploads\/2020\/08\/cropped-longchang-logo.png\",\"width\":512,\"height\":512,\"caption\":\"Longchang Chemical\"},\"image\":{\"@id\":\"https:\/\/longchangchemical.com\/#\/schema\/logo\/image\/\"}}]}<\/script>\n<!-- \/ Yoast SEO plugin. -->","yoast_head_json":{"title":"Fabricant chinois de carbonate de guanidine \uff06 593-85-1 Fournisseur - Longchang chemical Co.","description":"Longchang Chemical est un fabricant et fournisseur de premier plan de carbonate de guanidine en Chine. Acheter le carbonate de guanidine en Chine. Nous pouvons fournir le meilleur prix de carbonate de guanidine. Autre nom : Carbonate de guanidine ; Carbonate d'aminom\u00e9thanamidine ; Carbonate de diguanidinium ; Carbonate de guanidine","robots":{"index":"index","follow":"follow","max-snippet":"max-snippet:-1","max-image-preview":"max-image-preview:large","max-video-preview":"max-video-preview:-1"},"canonical":"https:\/\/longchangchemical.com\/fr\/product\/guanidine-carbonate-cas-593-85-1\/","og_locale":"fr_FR","og_type":"article","og_title":"China Guanidine carbonate Manufacturer \uff06 593-85-1 Supplier - Longchang chemical Co., Ltd.","og_description":"Longchang Chemical is a leading manufacturer and supplier of Guanidine carbonatein China. Buy Guanidine carbonate in china. We can provide the best Guanidine carbonate price. Other Name: Guanidine carbonate; Aminomethanamidine carbonate; Diguanidinium carbonate; Guanidine Carbonate","og_url":"https:\/\/longchangchemical.com\/fr\/product\/guanidine-carbonate-cas-593-85-1\/","og_site_name":"Longchang Chemical","article_modified_time":"2025-12-23T02:22:33+00:00","og_image":[{"width":600,"height":800,"url":"https:\/\/longchangchemical.com\/wp-content\/uploads\/2021\/01\/Guanidine-carbonate-Appearance.jpg","type":"image\/jpeg"}],"twitter_card":"summary_large_image","schema":{"@context":"https:\/\/schema.org","@graph":[{"@type":"WebPage","@id":"https:\/\/longchangchemical.com\/product\/guanidine-carbonate-cas-593-85-1\/","url":"https:\/\/longchangchemical.com\/product\/guanidine-carbonate-cas-593-85-1\/","name":"Fabricant chinois de carbonate de guanidine \uff06 593-85-1 Fournisseur - Longchang chemical Co.","isPartOf":{"@id":"https:\/\/longchangchemical.com\/#website"},"primaryImageOfPage":{"@id":"https:\/\/longchangchemical.com\/product\/guanidine-carbonate-cas-593-85-1\/#primaryimage"},"image":{"@id":"https:\/\/longchangchemical.com\/product\/guanidine-carbonate-cas-593-85-1\/#primaryimage"},"thumbnailUrl":"https:\/\/longchangchemical.com\/wp-content\/uploads\/2021\/01\/Guanidine-carbonate-Appearance.jpg","datePublished":"2021-03-21T13:53:40+00:00","dateModified":"2025-12-23T02:22:33+00:00","description":"Longchang Chemical est un fabricant et fournisseur de premier plan de carbonate de guanidine en Chine. Acheter le carbonate de guanidine en Chine. Nous pouvons fournir le meilleur prix de carbonate de guanidine. Autre nom : Carbonate de guanidine ; Carbonate d'aminom\u00e9thanamidine ; Carbonate de diguanidinium ; Carbonate de guanidine","breadcrumb":{"@id":"https:\/\/longchangchemical.com\/product\/guanidine-carbonate-cas-593-85-1\/#breadcrumb"},"inLanguage":"fr-FR","potentialAction":[{"@type":"ReadAction","target":["https:\/\/longchangchemical.com\/product\/guanidine-carbonate-cas-593-85-1\/"]}]},{"@type":"ImageObject","inLanguage":"fr-FR","@id":"https:\/\/longchangchemical.com\/product\/guanidine-carbonate-cas-593-85-1\/#primaryimage","url":"https:\/\/longchangchemical.com\/wp-content\/uploads\/2021\/01\/Guanidine-carbonate-Appearance.jpg","contentUrl":"https:\/\/longchangchemical.com\/wp-content\/uploads\/2021\/01\/Guanidine-carbonate-Appearance.jpg","width":600,"height":800,"caption":"Carbohydrazide Appearance"},{"@type":"BreadcrumbList","@id":"https:\/\/longchangchemical.com\/product\/guanidine-carbonate-cas-593-85-1\/#breadcrumb","itemListElement":[{"@type":"ListItem","position":1,"name":"Home","item":"https:\/\/longchangchemical.com\/"},{"@type":"ListItem","position":2,"name":"Products Longchang","item":"https:\/\/longchangchemical.com\/product\/"},{"@type":"ListItem","position":3,"name":"Guanidine carbonate CAS 593-85-1"}]},{"@type":"WebSite","@id":"https:\/\/longchangchemical.com\/#website","url":"https:\/\/longchangchemical.com\/","name":"Longchang Chemical","description":"Fabricant chinois de produits chimiques \uff06 fournisseur","publisher":{"@id":"https:\/\/longchangchemical.com\/#organization"},"potentialAction":[{"@type":"SearchAction","target":{"@type":"EntryPoint","urlTemplate":"https:\/\/longchangchemical.com\/?s={search_term_string}"},"query-input":{"@type":"PropertyValueSpecification","valueRequired":true,"valueName":"search_term_string"}}],"inLanguage":"fr-FR"},{"@type":"Organization","@id":"https:\/\/longchangchemical.com\/#organization","name":"Longchang Chemical","url":"https:\/\/longchangchemical.com\/","logo":{"@type":"ImageObject","inLanguage":"fr-FR","@id":"https:\/\/longchangchemical.com\/#\/schema\/logo\/image\/","url":"https:\/\/longchangchemical.com\/wp-content\/uploads\/2020\/08\/cropped-longchang-logo.png","contentUrl":"https:\/\/longchangchemical.com\/wp-content\/uploads\/2020\/08\/cropped-longchang-logo.png","width":512,"height":512,"caption":"Longchang Chemical"},"image":{"@id":"https:\/\/longchangchemical.com\/#\/schema\/logo\/image\/"}}]}},"_links":{"self":[{"href":"https:\/\/longchangchemical.com\/fr\/wp-json\/wp\/v2\/product\/3578","targetHints":{"allow":["GET"]}}],"collection":[{"href":"https:\/\/longchangchemical.com\/fr\/wp-json\/wp\/v2\/product"}],"about":[{"href":"https:\/\/longchangchemical.com\/fr\/wp-json\/wp\/v2\/types\/product"}],"replies":[{"embeddable":true,"href":"https:\/\/longchangchemical.com\/fr\/wp-json\/wp\/v2\/comments?post=3578"}],"wp:featuredmedia":[{"embeddable":true,"href":"https:\/\/longchangchemical.com\/fr\/wp-json\/wp\/v2\/media\/4444"}],"wp:attachment":[{"href":"https:\/\/longchangchemical.com\/fr\/wp-json\/wp\/v2\/media?parent=3578"}],"wp:term":[{"taxonomy":"product_brand","embeddable":true,"href":"https:\/\/longchangchemical.com\/fr\/wp-json\/wp\/v2\/product_brand?post=3578"},{"taxonomy":"product_cat","embeddable":true,"href":"https:\/\/longchangchemical.com\/fr\/wp-json\/wp\/v2\/product_cat?post=3578"},{"taxonomy":"product_tag","embeddable":true,"href":"https:\/\/longchangchemical.com\/fr\/wp-json\/wp\/v2\/product_tag?post=3578"}],"curies":[{"name":"wp","href":"https:\/\/api.w.org\/{rel}","templated":true}]}}