{"id":3571,"date":"2021-04-12T13:15:05","date_gmt":"2021-04-12T13:15:05","guid":{"rendered":"https:\/\/longchangchemical.com\/?post_type=product&#038;p=3571"},"modified":"2025-12-22T09:42:12","modified_gmt":"2025-12-22T09:42:12","slug":"candelilla-wax-cas-8006-44-8","status":"publish","type":"product","link":"https:\/\/longchangchemical.com\/fr\/product\/candelilla-wax-cas-8006-44-8\/","title":{"rendered":"Cire de candelilla CAS 8006-44-8"},"content":{"rendered":"<h1><strong>Cire de candelilla CAS 8006-44-8<\/strong><\/h1>\n<table class=\"table-1\" cellspacing=\"0\">\n<tbody>\n<tr>\n<td>\n<h4>Objet<\/h4>\n<\/td>\n<td>\n<h4>Sp\u00e9cifications<\/h4>\n<\/td>\n<\/tr>\n<tr>\n<td>\n<h4>Point de cong\u00e9lation<\/h4>\n<\/td>\n<td>\n<h4>67.0(Thermom\u00e8tre rotatif)<\/h4>\n<\/td>\n<\/tr>\n<tr>\n<td>\n<h4>Indice d'acidit\u00e9<\/h4>\n<\/td>\n<td>\n<h4>16,79 mg KOH\/g<\/h4>\n<\/td>\n<\/tr>\n<tr>\n<td>\n<h4>Valeur de P\u00e2ques<\/h4>\n<\/td>\n<td>\n<h4>39,56 mg KOH\/g<\/h4>\n<\/td>\n<\/tr>\n<tr>\n<td>\n<h4>Indice de saponification<\/h4>\n<\/td>\n<td>\n<h4>56,35 mg KOH\/g<\/h4>\n<\/td>\n<\/tr>\n<\/tbody>\n<\/table>\n<h2><\/h2>\n<h2><strong>Cire de candelilla Utilisation<\/strong><\/h2>\n<h4>1. La cire de candelilla est une cire v\u00e9g\u00e9tale brune extraite d'une herbe qui pousse au Texas et au Mexique. Elle est la deuxi\u00e8me cire de carnauba en termes de duret\u00e9 et sa temp\u00e9rature de fusion se situe entre 67 et 71. Comme la cire de carnauba, la cire de candelilla est utilis\u00e9e pour augmenter la duret\u00e9 de la cire lorsqu'elle est m\u00e9lang\u00e9e \u00e0 d'autres ingr\u00e9dients, mais son effet durcissant n'est pas aussi bon que celui de la cire de carnauba.<\/h4>\n<h4>2.  Ce produit peut \u00eatre utilis\u00e9 comme agent de d\u00e9coration de surface et comme lubrifiant, et peut \u00eatre utilis\u00e9 pour fabriquer du papier \u00e0 la cire d'abeille.<\/h4>\n<h2><\/h2>\n<h2><strong>Cire de candelilla Emballage et exp\u00e9dition<\/strong><\/h2>\n<h4>Emballage : 25kg\/sac<\/h4>\n<p>&nbsp;<\/p>\n<h2><strong>Cire de Candelilla Stockage<\/strong><\/h2>\n<h4>Stock\u00e9 dans un entrep\u00f4t frais, sec et sombre.<\/h4>\n<p>&nbsp;<\/p>\n<h2><strong><b>Contactez-nous d\u00e8s maintenant !<\/b><\/strong><\/h2>\n<h4><strong><b>Nous fournissons des services personnalis\u00e9s, nous vous contacterons g\u00e9n\u00e9ralement dans les 24 heures. Vous pouvez \u00e9galement m'envoyer un courriel \u00e0 l'adresse info@longchangchemical.com pendant les heures de travail (de 8h30 \u00e0 18h00 UTC+8 du lundi au samedi) ou utiliser le chat en direct du site web pour obtenir une r\u00e9ponse rapide.<\/b><\/strong><\/h4>","protected":false},"excerpt":{"rendered":"<h4>D\u00e9nomination chimique : cire de candelilla<\/h4>\n<h4>Num\u00e9ro CAS : 8006-44-8<\/h4>\n<h4>Formule mol\u00e9culaire:C31H64<\/h4>\n<h4>Poids mol\u00e9culaire : 436,840<\/h4>\n<h4>Aspect:Flocons jaunes<\/h4>","protected":false},"featured_media":4491,"comment_status":"open","ping_status":"closed","template":"","meta":[],"product_brand":[],"product_cat":[69],"product_tag":[],"class_list":{"0":"post-3571","1":"product","2":"type-product","3":"status-publish","4":"has-post-thumbnail","6":"product_cat-catalysts-chemical-auxiliary-agents","8":"first","9":"instock","10":"shipping-taxable","11":"product-type-simple"},"yoast_head":"<!-- This site is optimized with the Yoast SEO plugin v25.3.1 - https:\/\/yoast.com\/wordpress\/plugins\/seo\/ -->\n<title>China Candelilla wax Manufacturer \uff06 Supplier - Longchang chemical Co., Ltd.<\/title>\n<meta name=\"description\" content=\"Longchang Chemical is a leading manufacturer and supplier of Candelilla wax in China. Buy Candelilla wax in china. We can provide the best Candelilla wax price.\" \/>\n<meta name=\"robots\" content=\"index, follow, max-snippet:-1, max-image-preview:large, max-video-preview:-1\" \/>\n<link rel=\"canonical\" href=\"https:\/\/longchangchemical.com\/fr\/product\/candelilla-wax-cas-8006-44-8\/\" \/>\n<meta property=\"og:locale\" content=\"fr_FR\" \/>\n<meta property=\"og:type\" content=\"article\" \/>\n<meta property=\"og:title\" content=\"China Candelilla wax Manufacturer \uff06 Supplier - Longchang chemical Co., Ltd.\" \/>\n<meta property=\"og:description\" content=\"Longchang Chemical is a leading manufacturer and supplier of Candelilla wax in China. Buy Candelilla wax in china. We can provide the best Candelilla wax price.\" \/>\n<meta property=\"og:url\" content=\"https:\/\/longchangchemical.com\/fr\/product\/candelilla-wax-cas-8006-44-8\/\" \/>\n<meta property=\"og:site_name\" content=\"Longchang Chemical\" \/>\n<meta property=\"article:modified_time\" content=\"2025-12-22T09:42:12+00:00\" \/>\n<meta property=\"og:image\" content=\"https:\/\/longchangchemical.com\/wp-content\/uploads\/2021\/01\/Appearance-16.jpg\" \/>\n\t<meta property=\"og:image:width\" content=\"600\" \/>\n\t<meta property=\"og:image:height\" content=\"800\" \/>\n\t<meta property=\"og:image:type\" content=\"image\/jpeg\" \/>\n<meta name=\"twitter:card\" content=\"summary_large_image\" \/>\n<script type=\"application\/ld+json\" class=\"yoast-schema-graph\">{\"@context\":\"https:\/\/schema.org\",\"@graph\":[{\"@type\":\"WebPage\",\"@id\":\"https:\/\/longchangchemical.com\/product\/candelilla-wax-cas-8006-44-8\/\",\"url\":\"https:\/\/longchangchemical.com\/product\/candelilla-wax-cas-8006-44-8\/\",\"name\":\"China Candelilla wax Manufacturer \uff06 Supplier - Longchang chemical Co., Ltd.\",\"isPartOf\":{\"@id\":\"https:\/\/longchangchemical.com\/#website\"},\"primaryImageOfPage\":{\"@id\":\"https:\/\/longchangchemical.com\/product\/candelilla-wax-cas-8006-44-8\/#primaryimage\"},\"image\":{\"@id\":\"https:\/\/longchangchemical.com\/product\/candelilla-wax-cas-8006-44-8\/#primaryimage\"},\"thumbnailUrl\":\"https:\/\/longchangchemical.com\/wp-content\/uploads\/2021\/01\/Appearance-16.jpg\",\"datePublished\":\"2021-04-12T13:15:05+00:00\",\"dateModified\":\"2025-12-22T09:42:12+00:00\",\"description\":\"Longchang Chemical is a leading manufacturer and supplier of Candelilla wax in China. Buy Candelilla wax in china. We can provide the best Candelilla wax price.\",\"breadcrumb\":{\"@id\":\"https:\/\/longchangchemical.com\/product\/candelilla-wax-cas-8006-44-8\/#breadcrumb\"},\"inLanguage\":\"fr-FR\",\"potentialAction\":[{\"@type\":\"ReadAction\",\"target\":[\"https:\/\/longchangchemical.com\/product\/candelilla-wax-cas-8006-44-8\/\"]}]},{\"@type\":\"ImageObject\",\"inLanguage\":\"fr-FR\",\"@id\":\"https:\/\/longchangchemical.com\/product\/candelilla-wax-cas-8006-44-8\/#primaryimage\",\"url\":\"https:\/\/longchangchemical.com\/wp-content\/uploads\/2021\/01\/Appearance-16.jpg\",\"contentUrl\":\"https:\/\/longchangchemical.com\/wp-content\/uploads\/2021\/01\/Appearance-16.jpg\",\"width\":600,\"height\":800,\"caption\":\"Candelilla wax Appearance\"},{\"@type\":\"BreadcrumbList\",\"@id\":\"https:\/\/longchangchemical.com\/product\/candelilla-wax-cas-8006-44-8\/#breadcrumb\",\"itemListElement\":[{\"@type\":\"ListItem\",\"position\":1,\"name\":\"Home\",\"item\":\"https:\/\/longchangchemical.com\/\"},{\"@type\":\"ListItem\",\"position\":2,\"name\":\"Products Longchang\",\"item\":\"https:\/\/longchangchemical.com\/product\/\"},{\"@type\":\"ListItem\",\"position\":3,\"name\":\"Candelilla wax CAS 8006-44-8\"}]},{\"@type\":\"WebSite\",\"@id\":\"https:\/\/longchangchemical.com\/#website\",\"url\":\"https:\/\/longchangchemical.com\/\",\"name\":\"Longchang Chemical\",\"description\":\"China chemical manufacturer \uff06 supplier\",\"publisher\":{\"@id\":\"https:\/\/longchangchemical.com\/#organization\"},\"potentialAction\":[{\"@type\":\"SearchAction\",\"target\":{\"@type\":\"EntryPoint\",\"urlTemplate\":\"https:\/\/longchangchemical.com\/?s={search_term_string}\"},\"query-input\":{\"@type\":\"PropertyValueSpecification\",\"valueRequired\":true,\"valueName\":\"search_term_string\"}}],\"inLanguage\":\"fr-FR\"},{\"@type\":\"Organization\",\"@id\":\"https:\/\/longchangchemical.com\/#organization\",\"name\":\"Longchang Chemical\",\"url\":\"https:\/\/longchangchemical.com\/\",\"logo\":{\"@type\":\"ImageObject\",\"inLanguage\":\"fr-FR\",\"@id\":\"https:\/\/longchangchemical.com\/#\/schema\/logo\/image\/\",\"url\":\"https:\/\/longchangchemical.com\/wp-content\/uploads\/2020\/08\/cropped-longchang-logo.png\",\"contentUrl\":\"https:\/\/longchangchemical.com\/wp-content\/uploads\/2020\/08\/cropped-longchang-logo.png\",\"width\":512,\"height\":512,\"caption\":\"Longchang Chemical\"},\"image\":{\"@id\":\"https:\/\/longchangchemical.com\/#\/schema\/logo\/image\/\"}}]}<\/script>\n<!-- \/ Yoast SEO plugin. -->","yoast_head_json":{"title":"China Candelilla wax Manufacturer \uff06 Supplier - Longchang chemical Co., Ltd.","description":"Longchang Chemical est un fabricant et fournisseur leader de cire de Candelilla en Chine. Acheter de la cire de Candelilla en Chine. Nous pouvons fournir le meilleur prix de cire de Candelilla.","robots":{"index":"index","follow":"follow","max-snippet":"max-snippet:-1","max-image-preview":"max-image-preview:large","max-video-preview":"max-video-preview:-1"},"canonical":"https:\/\/longchangchemical.com\/fr\/product\/candelilla-wax-cas-8006-44-8\/","og_locale":"fr_FR","og_type":"article","og_title":"China Candelilla wax Manufacturer \uff06 Supplier - Longchang chemical Co., Ltd.","og_description":"Longchang Chemical is a leading manufacturer and supplier of Candelilla wax in China. Buy Candelilla wax in china. We can provide the best Candelilla wax price.","og_url":"https:\/\/longchangchemical.com\/fr\/product\/candelilla-wax-cas-8006-44-8\/","og_site_name":"Longchang Chemical","article_modified_time":"2025-12-22T09:42:12+00:00","og_image":[{"width":600,"height":800,"url":"https:\/\/longchangchemical.com\/wp-content\/uploads\/2021\/01\/Appearance-16.jpg","type":"image\/jpeg"}],"twitter_card":"summary_large_image","schema":{"@context":"https:\/\/schema.org","@graph":[{"@type":"WebPage","@id":"https:\/\/longchangchemical.com\/product\/candelilla-wax-cas-8006-44-8\/","url":"https:\/\/longchangchemical.com\/product\/candelilla-wax-cas-8006-44-8\/","name":"China Candelilla wax Manufacturer \uff06 Supplier - Longchang chemical Co., Ltd.","isPartOf":{"@id":"https:\/\/longchangchemical.com\/#website"},"primaryImageOfPage":{"@id":"https:\/\/longchangchemical.com\/product\/candelilla-wax-cas-8006-44-8\/#primaryimage"},"image":{"@id":"https:\/\/longchangchemical.com\/product\/candelilla-wax-cas-8006-44-8\/#primaryimage"},"thumbnailUrl":"https:\/\/longchangchemical.com\/wp-content\/uploads\/2021\/01\/Appearance-16.jpg","datePublished":"2021-04-12T13:15:05+00:00","dateModified":"2025-12-22T09:42:12+00:00","description":"Longchang Chemical est un fabricant et fournisseur leader de cire de Candelilla en Chine. Acheter de la cire de Candelilla en Chine. Nous pouvons fournir le meilleur prix de cire de Candelilla.","breadcrumb":{"@id":"https:\/\/longchangchemical.com\/product\/candelilla-wax-cas-8006-44-8\/#breadcrumb"},"inLanguage":"fr-FR","potentialAction":[{"@type":"ReadAction","target":["https:\/\/longchangchemical.com\/product\/candelilla-wax-cas-8006-44-8\/"]}]},{"@type":"ImageObject","inLanguage":"fr-FR","@id":"https:\/\/longchangchemical.com\/product\/candelilla-wax-cas-8006-44-8\/#primaryimage","url":"https:\/\/longchangchemical.com\/wp-content\/uploads\/2021\/01\/Appearance-16.jpg","contentUrl":"https:\/\/longchangchemical.com\/wp-content\/uploads\/2021\/01\/Appearance-16.jpg","width":600,"height":800,"caption":"Candelilla wax Appearance"},{"@type":"BreadcrumbList","@id":"https:\/\/longchangchemical.com\/product\/candelilla-wax-cas-8006-44-8\/#breadcrumb","itemListElement":[{"@type":"ListItem","position":1,"name":"Home","item":"https:\/\/longchangchemical.com\/"},{"@type":"ListItem","position":2,"name":"Products Longchang","item":"https:\/\/longchangchemical.com\/product\/"},{"@type":"ListItem","position":3,"name":"Candelilla wax CAS 8006-44-8"}]},{"@type":"WebSite","@id":"https:\/\/longchangchemical.com\/#website","url":"https:\/\/longchangchemical.com\/","name":"Longchang Chemical","description":"Fabricant chinois de produits chimiques \uff06 fournisseur","publisher":{"@id":"https:\/\/longchangchemical.com\/#organization"},"potentialAction":[{"@type":"SearchAction","target":{"@type":"EntryPoint","urlTemplate":"https:\/\/longchangchemical.com\/?s={search_term_string}"},"query-input":{"@type":"PropertyValueSpecification","valueRequired":true,"valueName":"search_term_string"}}],"inLanguage":"fr-FR"},{"@type":"Organization","@id":"https:\/\/longchangchemical.com\/#organization","name":"Longchang Chemical","url":"https:\/\/longchangchemical.com\/","logo":{"@type":"ImageObject","inLanguage":"fr-FR","@id":"https:\/\/longchangchemical.com\/#\/schema\/logo\/image\/","url":"https:\/\/longchangchemical.com\/wp-content\/uploads\/2020\/08\/cropped-longchang-logo.png","contentUrl":"https:\/\/longchangchemical.com\/wp-content\/uploads\/2020\/08\/cropped-longchang-logo.png","width":512,"height":512,"caption":"Longchang Chemical"},"image":{"@id":"https:\/\/longchangchemical.com\/#\/schema\/logo\/image\/"}}]}},"_links":{"self":[{"href":"https:\/\/longchangchemical.com\/fr\/wp-json\/wp\/v2\/product\/3571","targetHints":{"allow":["GET"]}}],"collection":[{"href":"https:\/\/longchangchemical.com\/fr\/wp-json\/wp\/v2\/product"}],"about":[{"href":"https:\/\/longchangchemical.com\/fr\/wp-json\/wp\/v2\/types\/product"}],"replies":[{"embeddable":true,"href":"https:\/\/longchangchemical.com\/fr\/wp-json\/wp\/v2\/comments?post=3571"}],"wp:featuredmedia":[{"embeddable":true,"href":"https:\/\/longchangchemical.com\/fr\/wp-json\/wp\/v2\/media\/4491"}],"wp:attachment":[{"href":"https:\/\/longchangchemical.com\/fr\/wp-json\/wp\/v2\/media?parent=3571"}],"wp:term":[{"taxonomy":"product_brand","embeddable":true,"href":"https:\/\/longchangchemical.com\/fr\/wp-json\/wp\/v2\/product_brand?post=3571"},{"taxonomy":"product_cat","embeddable":true,"href":"https:\/\/longchangchemical.com\/fr\/wp-json\/wp\/v2\/product_cat?post=3571"},{"taxonomy":"product_tag","embeddable":true,"href":"https:\/\/longchangchemical.com\/fr\/wp-json\/wp\/v2\/product_tag?post=3571"}],"curies":[{"name":"wp","href":"https:\/\/api.w.org\/{rel}","templated":true}]}}