{"id":3552,"date":"2021-02-08T08:09:47","date_gmt":"2021-02-08T08:09:47","guid":{"rendered":"https:\/\/longchangchemical.com\/?post_type=product&#038;p=3552"},"modified":"2025-12-23T07:46:45","modified_gmt":"2025-12-23T07:46:45","slug":"naphthenic-acid-cas-1338-24-5","status":"publish","type":"product","link":"https:\/\/longchangchemical.com\/fr\/product\/naphthenic-acid-cas-1338-24-5\/","title":{"rendered":"Acide napht\u00e9nique CAS 1338-24-5"},"content":{"rendered":"<h1><strong>Acide napht\u00e9nique CAS 1338-24-5<\/strong><\/h1>\n<h2><b>COA de l'acide napht\u00e9nique<\/b><\/h2>\n<table class=\"table-1\" cellspacing=\"0\">\n<tbody>\n<tr>\n<td>\n<h4><strong>Objet<\/strong><\/h4>\n<\/td>\n<td>\n<h4><strong>R\u00e9sultats<\/strong><\/h4>\n<\/td>\n<\/tr>\n<tr>\n<td>\n<h4>Apparence<\/h4>\n<\/td>\n<td>\n<h4>Liquide jaune clair ou orange<\/h4>\n<\/td>\n<\/tr>\n<tr>\n<td>\n<h4>indice d'acidit\u00e9( mg\/KOH\/g )<\/h4>\n<\/td>\n<td>\n<h4>200 min<\/h4>\n<\/td>\n<\/tr>\n<tr>\n<td>\n<h4>Essai \uff08m\/m\uff09%<\/h4>\n<\/td>\n<td>\n<h4>\u2265 70 %<\/h4>\n<\/td>\n<\/tr>\n<tr>\n<td>\n<h4>Poids sp\u00e9cifique \uff0820\u2103\uff09<\/h4>\n<\/td>\n<td>\n<h4>0.92<\/h4>\n<\/td>\n<\/tr>\n<tr>\n<td>\n<h4>Viscosit\u00e9\uff0840\u2103\uff09<\/h4>\n<\/td>\n<td>\n<h4>25<\/h4>\n<\/td>\n<\/tr>\n<tr>\n<td>\n<h4>Couleur (fer cobalt)<\/h4>\n<\/td>\n<td>\n<h4>12-14<\/h4>\n<\/td>\n<\/tr>\n<tr>\n<td>\n<h4>Conclusion<\/h4>\n<\/td>\n<td>\n<h4>Les r\u00e9sultats sont conformes aux normes de l'entreprise<\/h4>\n<\/td>\n<\/tr>\n<\/tbody>\n<\/table>\n<p>&nbsp;<\/p>\n<h2>Qu'est-ce que l'acide napht\u00e9nique ?<\/h2>\n<h4>L'ACIDE NAPHTH\u00c9NIQUE est un liquide de couleur sombre \u00e0 l'odeur naus\u00e9abonde. L'ACIDE NAPHTH\u00c9NIQUE est insoluble dans l'eau. L'ACIDE NAPHTH\u00c9NIQUE br\u00fble, mais il faut un certain effort pour qu'il s'enflamme. Le principal danger est la menace pour l'environnement. Des mesures imm\u00e9diates doivent \u00eatre prises pour limiter sa propagation dans l'environnement. L'ACIDE NAPHTH\u00c9NIQUE \u00e9tant un liquide, il peut facilement p\u00e9n\u00e9trer dans le sol et contaminer les eaux souterraines et les cours d'eau avoisinants. L'ACIDE NAPHTH\u00c9NIQUE est utilis\u00e9 pour fabriquer des siccatifs, des d\u00e9tergents et des solvants.<\/h4>\n<p>&nbsp;<\/p>\n<h2><strong class=\"\">Naphtaline<\/strong><strong> utilisation d'acides<\/strong><\/h2>\n<h4>1. L'acide napht\u00e9nique est utilis\u00e9 comme siccatif de peinture, comme additif biologique, etc.<\/h4>\n<h4>2. L'acide napht\u00e9nique est utilis\u00e9 comme mati\u00e8re premi\u00e8re pour la production de napht\u00e9nates et comme agent de s\u00e9chage pour les rev\u00eatements. Il est \u00e9galement utilis\u00e9 pour lutter contre la corrosion du bois et des c\u00e2bles.<\/h4>\n<h4>3. L'acide napht\u00e9nique est utilis\u00e9 pour produire divers napht\u00e9nates.<\/h4>\n<p>&nbsp;<\/p>\n<h2><strong class=\"\">Naphtaline<\/strong><strong>\u00a0Emballage de l'acide et exp\u00e9dition<\/strong><\/h2>\n<h4>200 kg de f\u00fbts de fer<\/h4>\n<h4>Livraison : dans les 5 \u00e0 7 jours ouvrables.<\/h4>\n<p>&nbsp;<\/p>\n<h2><strong>Produits de la m\u00eame s\u00e9rie<\/strong><\/h2>\n<table style=\"border-collapse: collapse; width: 256.52pt;\" border=\"0\" width=\"342\" cellspacing=\"0\" cellpadding=\"0\">\n<tbody>\n<tr style=\"height: 54.00pt;\">\n<td class=\"et2\" style=\"height: 54.00pt; width: 146.25pt;\" width=\"195\" height=\"72\"><strong><span style=\"color: #3366ff;\">Acide napht\u00e9nique<\/span><\/strong><\/td>\n<td class=\"et2\" style=\"width: 110.25pt;\" width=\"147\"><strong><span style=\"color: #3366ff;\">1338-24-5<\/span><\/strong><\/td>\n<\/tr>\n<tr style=\"height: 54.00pt;\">\n<td class=\"et2\" style=\"height: 54.00pt; width: 146.25pt;\" width=\"195\" height=\"72\"><a href=\"https:\/\/longchangchemical.com\/fr\/product\/copper-naphthenate-cas-1338-02-9\/\"><strong><span style=\"color: #3366ff;\">Napht\u00e9nate de cuivre<\/span><\/strong><\/a><\/td>\n<td class=\"et2\" style=\"width: 110.25pt;\" width=\"147\"><a href=\"https:\/\/longchangchemical.com\/fr\/product\/copper-naphthenate-cas-1338-02-9\/\"><strong><span style=\"color: #3366ff;\">1338-02-9<\/span><\/strong><\/a><\/td>\n<\/tr>\n<tr style=\"height: 54.00pt;\">\n<td class=\"et3\" style=\"height: 54.00pt; width: 146.25pt;\" width=\"195\" height=\"72\"><a href=\"https:\/\/longchangchemical.com\/fr\/product\/zinc-naphthenate-cas-12001-85-3\/\"><strong><span style=\"color: #3366ff;\">Napht\u00e9nate de zinc<\/span><\/strong><\/a><\/td>\n<td class=\"et3\" style=\"width: 110.25pt;\" width=\"147\"><a href=\"https:\/\/longchangchemical.com\/fr\/product\/zinc-naphthenate-cas-12001-85-3\/\"><strong><span style=\"color: #3366ff;\">12001-85-3<\/span><\/strong><\/a><\/td>\n<\/tr>\n<\/tbody>\n<\/table>\n<h2><strong><b>Contactez-nous d\u00e8s maintenant !<\/b><\/strong><\/h2>\n<h4><strong><b>Nous fournissons des services personnalis\u00e9s, nous vous contacterons g\u00e9n\u00e9ralement dans les 24 heures. Vous pouvez \u00e9galement m'envoyer un courriel \u00e0 l'adresse info@longchangchemical.com pendant les heures de travail (de 8h30 \u00e0 18h00 UTC+8 du lundi au samedi) ou utiliser le chat en direct du site web pour obtenir une r\u00e9ponse rapide.<\/b><\/strong><\/h4>","protected":false},"excerpt":{"rendered":"<h4>Nom chimique : Acide napht\u00e9nique<\/h4>\n<h4>CAS : 1338-24-5<\/h4>\n<h4>Formule mol\u00e9culaire : C7H10O2<\/h4>\n<h4>Poids mol\u00e9culaire : 126,154<\/h4>\n<h4>Aspect : Liquide jaune clair ou orange<\/h4>","protected":false},"featured_media":4355,"comment_status":"open","ping_status":"closed","template":"","meta":[],"product_brand":[],"product_cat":[69],"product_tag":[],"class_list":{"0":"post-3552","1":"product","2":"type-product","3":"status-publish","4":"has-post-thumbnail","6":"product_cat-catalysts-chemical-auxiliary-agents","8":"first","9":"instock","10":"shipping-taxable","11":"product-type-simple"},"yoast_head":"<!-- This site is optimized with the Yoast SEO plugin v25.3.1 - https:\/\/yoast.com\/wordpress\/plugins\/seo\/ -->\n<title>China Naphthenic acid Manufacturer \uff06 1338-24-5 Supplier - Longchang chemical Co., Ltd.<\/title>\n<meta name=\"description\" content=\"Longchang Chemical is a leading manufacturer and supplier of Naphthenic acid in China. Buy Naphthenic acid in china. We can provide the best Naphthenic acid price.\" \/>\n<meta name=\"robots\" content=\"index, follow, max-snippet:-1, max-image-preview:large, max-video-preview:-1\" \/>\n<link rel=\"canonical\" href=\"https:\/\/longchangchemical.com\/fr\/product\/naphthenic-acid-cas-1338-24-5\/\" \/>\n<meta property=\"og:locale\" content=\"fr_FR\" \/>\n<meta property=\"og:type\" content=\"article\" \/>\n<meta property=\"og:title\" content=\"China Naphthenic acid Manufacturer \uff06 1338-24-5 Supplier - Longchang chemical Co., Ltd.\" \/>\n<meta property=\"og:description\" content=\"Longchang Chemical is a leading manufacturer and supplier of Naphthenic acid in China. Buy Naphthenic acid in china. We can provide the best Naphthenic acid price.\" \/>\n<meta property=\"og:url\" content=\"https:\/\/longchangchemical.com\/fr\/product\/naphthenic-acid-cas-1338-24-5\/\" \/>\n<meta property=\"og:site_name\" content=\"Longchang Chemical\" \/>\n<meta property=\"article:modified_time\" content=\"2025-12-23T07:46:45+00:00\" \/>\n<meta property=\"og:image\" content=\"https:\/\/longchangchemical.com\/wp-content\/uploads\/2021\/01\/Naphthenic-acid-Appearance.jpg\" \/>\n\t<meta property=\"og:image:width\" content=\"600\" \/>\n\t<meta property=\"og:image:height\" content=\"800\" \/>\n\t<meta property=\"og:image:type\" content=\"image\/jpeg\" \/>\n<meta name=\"twitter:card\" content=\"summary_large_image\" \/>\n<script type=\"application\/ld+json\" class=\"yoast-schema-graph\">{\"@context\":\"https:\/\/schema.org\",\"@graph\":[{\"@type\":\"WebPage\",\"@id\":\"https:\/\/longchangchemical.com\/product\/naphthenic-acid-cas-1338-24-5\/\",\"url\":\"https:\/\/longchangchemical.com\/product\/naphthenic-acid-cas-1338-24-5\/\",\"name\":\"China Naphthenic acid Manufacturer \uff06 1338-24-5 Supplier - Longchang chemical Co., Ltd.\",\"isPartOf\":{\"@id\":\"https:\/\/longchangchemical.com\/#website\"},\"primaryImageOfPage\":{\"@id\":\"https:\/\/longchangchemical.com\/product\/naphthenic-acid-cas-1338-24-5\/#primaryimage\"},\"image\":{\"@id\":\"https:\/\/longchangchemical.com\/product\/naphthenic-acid-cas-1338-24-5\/#primaryimage\"},\"thumbnailUrl\":\"https:\/\/longchangchemical.com\/wp-content\/uploads\/2021\/01\/Naphthenic-acid-Appearance.jpg\",\"datePublished\":\"2021-02-08T08:09:47+00:00\",\"dateModified\":\"2025-12-23T07:46:45+00:00\",\"description\":\"Longchang Chemical is a leading manufacturer and supplier of Naphthenic acid in China. Buy Naphthenic acid in china. We can provide the best Naphthenic acid price.\",\"breadcrumb\":{\"@id\":\"https:\/\/longchangchemical.com\/product\/naphthenic-acid-cas-1338-24-5\/#breadcrumb\"},\"inLanguage\":\"fr-FR\",\"potentialAction\":[{\"@type\":\"ReadAction\",\"target\":[\"https:\/\/longchangchemical.com\/product\/naphthenic-acid-cas-1338-24-5\/\"]}]},{\"@type\":\"ImageObject\",\"inLanguage\":\"fr-FR\",\"@id\":\"https:\/\/longchangchemical.com\/product\/naphthenic-acid-cas-1338-24-5\/#primaryimage\",\"url\":\"https:\/\/longchangchemical.com\/wp-content\/uploads\/2021\/01\/Naphthenic-acid-Appearance.jpg\",\"contentUrl\":\"https:\/\/longchangchemical.com\/wp-content\/uploads\/2021\/01\/Naphthenic-acid-Appearance.jpg\",\"width\":600,\"height\":800,\"caption\":\"Naphthenic acid Appearance\"},{\"@type\":\"BreadcrumbList\",\"@id\":\"https:\/\/longchangchemical.com\/product\/naphthenic-acid-cas-1338-24-5\/#breadcrumb\",\"itemListElement\":[{\"@type\":\"ListItem\",\"position\":1,\"name\":\"Home\",\"item\":\"https:\/\/longchangchemical.com\/\"},{\"@type\":\"ListItem\",\"position\":2,\"name\":\"Products Longchang\",\"item\":\"https:\/\/longchangchemical.com\/product\/\"},{\"@type\":\"ListItem\",\"position\":3,\"name\":\"Naphthenic acid CAS 1338-24-5\"}]},{\"@type\":\"WebSite\",\"@id\":\"https:\/\/longchangchemical.com\/#website\",\"url\":\"https:\/\/longchangchemical.com\/\",\"name\":\"Longchang Chemical\",\"description\":\"China chemical manufacturer \uff06 supplier\",\"publisher\":{\"@id\":\"https:\/\/longchangchemical.com\/#organization\"},\"potentialAction\":[{\"@type\":\"SearchAction\",\"target\":{\"@type\":\"EntryPoint\",\"urlTemplate\":\"https:\/\/longchangchemical.com\/?s={search_term_string}\"},\"query-input\":{\"@type\":\"PropertyValueSpecification\",\"valueRequired\":true,\"valueName\":\"search_term_string\"}}],\"inLanguage\":\"fr-FR\"},{\"@type\":\"Organization\",\"@id\":\"https:\/\/longchangchemical.com\/#organization\",\"name\":\"Longchang Chemical\",\"url\":\"https:\/\/longchangchemical.com\/\",\"logo\":{\"@type\":\"ImageObject\",\"inLanguage\":\"fr-FR\",\"@id\":\"https:\/\/longchangchemical.com\/#\/schema\/logo\/image\/\",\"url\":\"https:\/\/longchangchemical.com\/wp-content\/uploads\/2020\/08\/cropped-longchang-logo.png\",\"contentUrl\":\"https:\/\/longchangchemical.com\/wp-content\/uploads\/2020\/08\/cropped-longchang-logo.png\",\"width\":512,\"height\":512,\"caption\":\"Longchang Chemical\"},\"image\":{\"@id\":\"https:\/\/longchangchemical.com\/#\/schema\/logo\/image\/\"}}]}<\/script>\n<!-- \/ Yoast SEO plugin. -->","yoast_head_json":{"title":"China Naphthenic acid Manufacturer \uff06 1338-24-5 Supplier - Longchang chemical Co., Ltd.","description":"Longchang Chemical est un fabricant et fournisseur leader d'acide napht\u00e9nique en Chine. Acheter de l'acide napht\u00e9nique en Chine. Nous pouvons fournir le meilleur prix d'acide napht\u00e9nique.","robots":{"index":"index","follow":"follow","max-snippet":"max-snippet:-1","max-image-preview":"max-image-preview:large","max-video-preview":"max-video-preview:-1"},"canonical":"https:\/\/longchangchemical.com\/fr\/product\/naphthenic-acid-cas-1338-24-5\/","og_locale":"fr_FR","og_type":"article","og_title":"China Naphthenic acid Manufacturer \uff06 1338-24-5 Supplier - Longchang chemical Co., Ltd.","og_description":"Longchang Chemical is a leading manufacturer and supplier of Naphthenic acid in China. Buy Naphthenic acid in china. We can provide the best Naphthenic acid price.","og_url":"https:\/\/longchangchemical.com\/fr\/product\/naphthenic-acid-cas-1338-24-5\/","og_site_name":"Longchang Chemical","article_modified_time":"2025-12-23T07:46:45+00:00","og_image":[{"width":600,"height":800,"url":"https:\/\/longchangchemical.com\/wp-content\/uploads\/2021\/01\/Naphthenic-acid-Appearance.jpg","type":"image\/jpeg"}],"twitter_card":"summary_large_image","schema":{"@context":"https:\/\/schema.org","@graph":[{"@type":"WebPage","@id":"https:\/\/longchangchemical.com\/product\/naphthenic-acid-cas-1338-24-5\/","url":"https:\/\/longchangchemical.com\/product\/naphthenic-acid-cas-1338-24-5\/","name":"China Naphthenic acid Manufacturer \uff06 1338-24-5 Supplier - Longchang chemical Co., Ltd.","isPartOf":{"@id":"https:\/\/longchangchemical.com\/#website"},"primaryImageOfPage":{"@id":"https:\/\/longchangchemical.com\/product\/naphthenic-acid-cas-1338-24-5\/#primaryimage"},"image":{"@id":"https:\/\/longchangchemical.com\/product\/naphthenic-acid-cas-1338-24-5\/#primaryimage"},"thumbnailUrl":"https:\/\/longchangchemical.com\/wp-content\/uploads\/2021\/01\/Naphthenic-acid-Appearance.jpg","datePublished":"2021-02-08T08:09:47+00:00","dateModified":"2025-12-23T07:46:45+00:00","description":"Longchang Chemical est un fabricant et fournisseur leader d'acide napht\u00e9nique en Chine. Acheter de l'acide napht\u00e9nique en Chine. Nous pouvons fournir le meilleur prix d'acide napht\u00e9nique.","breadcrumb":{"@id":"https:\/\/longchangchemical.com\/product\/naphthenic-acid-cas-1338-24-5\/#breadcrumb"},"inLanguage":"fr-FR","potentialAction":[{"@type":"ReadAction","target":["https:\/\/longchangchemical.com\/product\/naphthenic-acid-cas-1338-24-5\/"]}]},{"@type":"ImageObject","inLanguage":"fr-FR","@id":"https:\/\/longchangchemical.com\/product\/naphthenic-acid-cas-1338-24-5\/#primaryimage","url":"https:\/\/longchangchemical.com\/wp-content\/uploads\/2021\/01\/Naphthenic-acid-Appearance.jpg","contentUrl":"https:\/\/longchangchemical.com\/wp-content\/uploads\/2021\/01\/Naphthenic-acid-Appearance.jpg","width":600,"height":800,"caption":"Naphthenic acid Appearance"},{"@type":"BreadcrumbList","@id":"https:\/\/longchangchemical.com\/product\/naphthenic-acid-cas-1338-24-5\/#breadcrumb","itemListElement":[{"@type":"ListItem","position":1,"name":"Home","item":"https:\/\/longchangchemical.com\/"},{"@type":"ListItem","position":2,"name":"Products Longchang","item":"https:\/\/longchangchemical.com\/product\/"},{"@type":"ListItem","position":3,"name":"Naphthenic acid CAS 1338-24-5"}]},{"@type":"WebSite","@id":"https:\/\/longchangchemical.com\/#website","url":"https:\/\/longchangchemical.com\/","name":"Longchang Chemical","description":"Fabricant chinois de produits chimiques \uff06 fournisseur","publisher":{"@id":"https:\/\/longchangchemical.com\/#organization"},"potentialAction":[{"@type":"SearchAction","target":{"@type":"EntryPoint","urlTemplate":"https:\/\/longchangchemical.com\/?s={search_term_string}"},"query-input":{"@type":"PropertyValueSpecification","valueRequired":true,"valueName":"search_term_string"}}],"inLanguage":"fr-FR"},{"@type":"Organization","@id":"https:\/\/longchangchemical.com\/#organization","name":"Longchang Chemical","url":"https:\/\/longchangchemical.com\/","logo":{"@type":"ImageObject","inLanguage":"fr-FR","@id":"https:\/\/longchangchemical.com\/#\/schema\/logo\/image\/","url":"https:\/\/longchangchemical.com\/wp-content\/uploads\/2020\/08\/cropped-longchang-logo.png","contentUrl":"https:\/\/longchangchemical.com\/wp-content\/uploads\/2020\/08\/cropped-longchang-logo.png","width":512,"height":512,"caption":"Longchang Chemical"},"image":{"@id":"https:\/\/longchangchemical.com\/#\/schema\/logo\/image\/"}}]}},"_links":{"self":[{"href":"https:\/\/longchangchemical.com\/fr\/wp-json\/wp\/v2\/product\/3552","targetHints":{"allow":["GET"]}}],"collection":[{"href":"https:\/\/longchangchemical.com\/fr\/wp-json\/wp\/v2\/product"}],"about":[{"href":"https:\/\/longchangchemical.com\/fr\/wp-json\/wp\/v2\/types\/product"}],"replies":[{"embeddable":true,"href":"https:\/\/longchangchemical.com\/fr\/wp-json\/wp\/v2\/comments?post=3552"}],"wp:featuredmedia":[{"embeddable":true,"href":"https:\/\/longchangchemical.com\/fr\/wp-json\/wp\/v2\/media\/4355"}],"wp:attachment":[{"href":"https:\/\/longchangchemical.com\/fr\/wp-json\/wp\/v2\/media?parent=3552"}],"wp:term":[{"taxonomy":"product_brand","embeddable":true,"href":"https:\/\/longchangchemical.com\/fr\/wp-json\/wp\/v2\/product_brand?post=3552"},{"taxonomy":"product_cat","embeddable":true,"href":"https:\/\/longchangchemical.com\/fr\/wp-json\/wp\/v2\/product_cat?post=3552"},{"taxonomy":"product_tag","embeddable":true,"href":"https:\/\/longchangchemical.com\/fr\/wp-json\/wp\/v2\/product_tag?post=3552"}],"curies":[{"name":"wp","href":"https:\/\/api.w.org\/{rel}","templated":true}]}}