{"id":3550,"date":"2023-11-14T09:21:13","date_gmt":"2023-11-14T09:21:13","guid":{"rendered":"https:\/\/longchangchemical.com\/?post_type=product&#038;p=3550"},"modified":"2025-12-15T06:46:28","modified_gmt":"2025-12-15T06:46:28","slug":"ammonium-polyphosphate-cas-68333-79-9","status":"publish","type":"product","link":"https:\/\/longchangchemical.com\/fr\/product\/ammonium-polyphosphate-cas-68333-79-9\/","title":{"rendered":"CHLUMIFLEX\u00ae APP \/ Polyphosphate d'ammonium CAS 68333-79-9"},"content":{"rendered":"<p>&nbsp;<\/p>\n<table class=\"table-1\" cellspacing=\"0\">\n<tbody>\n<tr>\n<td>Apparence<\/td>\n<td>Poudre blanche<\/td>\n<td>Poudre blanche<\/td>\n<\/tr>\n<tr>\n<td>P<sub>2<\/sub>O<sub>5<\/sub><\/td>\n<td>\u226571%<\/td>\n<td>71.15%<\/td>\n<\/tr>\n<tr>\n<td>N<\/td>\n<td>\u226514%<\/td>\n<td>14.48%<\/td>\n<\/tr>\n<tr>\n<td>pH (25\u2103 10%Aqueous Solution )<\/td>\n<td>5.0-7.5<\/td>\n<td>6.49<\/td>\n<\/tr>\n<tr>\n<td>Solubilit\u00e9 (25\u210310%Aqueous Solution)<\/td>\n<td>\u22640.5%<\/td>\n<td>0.37%<\/td>\n<\/tr>\n<tr>\n<td>Viscosit\u00e9(25\u210310%Aqueous Solution)<\/td>\n<td>\u2264100m Pa.s<\/td>\n<td>70<\/td>\n<\/tr>\n<tr>\n<td>n<\/td>\n<td>\u22651000<\/td>\n<td>Conforme<\/td>\n<\/tr>\n<tr>\n<td>Taille des grains<\/td>\n<td>10-16\u03bc m<\/td>\n<td>Conforme<\/td>\n<\/tr>\n<tr>\n<td>Taille des particules (D50)<\/td>\n<td>6,0-15,0\u03bc m<\/td>\n<td>10.93<\/td>\n<\/tr>\n<\/tbody>\n<\/table>\n<p><strong>Utilisation du polyphosphate d'ammonium<\/strong><\/p>\n<p>1. Utilis\u00e9 comme retardateur de flamme pour les fibres retardatrices de flamme, le bois, les plastiques, les rev\u00eatements ignifuges, etc.<\/p>\n<p>2. Il peut \u00eatre utilis\u00e9 comme engrais. Utilisations Additif inorganique retardateur de flamme, utilis\u00e9 dans la fabrication de rev\u00eatements retardateurs de flamme, de plastiques retardateurs de flamme et de produits en caoutchouc retardateurs de flamme, etc. Utilisations Am\u00e9liorateur de tissus ;<\/p>\n<p>3. \u00e9mulsifiant ; stabilisateur ; agent ch\u00e9lateur ; levure alimentaire ; agent de d\u00e9capage ; agent de liaison avec l'eau. Utilis\u00e9 dans les fromages, etc.<\/p>\n<p>&nbsp;<\/p>\n<p><strong>Emballage et exp\u00e9dition du polyphosphate d'ammonium<\/strong><\/p>\n<p>Emballage:25Kg\/sac<\/p>\n<p>&nbsp;<\/p>\n<p><strong>Stockage de polyphosphate d'ammonium<\/strong><\/p>\n<p>Stock\u00e9 dans un endroit frais, sec et ventil\u00e9, \u00e0 l'abri de la lumi\u00e8re du soleil.<\/p>\n<h2><strong><b>Contactez-nous d\u00e8s maintenant !<\/b><\/strong><\/h2>\n<h4><strong><b>Si vous avez besoin de COA, MSDS ou TDS, veuillez remplir vos coordonn\u00e9es dans le formulaire ci-dessous, nous vous contacterons g\u00e9n\u00e9ralement dans les 24 heures. Vous pouvez \u00e9galement m'envoyer un courriel\u00a0<a href=\"mailto:info@longchangchemical.com\"><span style=\"color: #00ccff;\">info@longchangchemical.com<\/span><\/a>\u00a0pendant les heures de travail ( 8:30 am to 6:00 pm UTC+8 Mon.~Sat. ) ou utilisez le chat en direct du site web pour obtenir une r\u00e9ponse rapide.<\/b><\/strong><\/h4>","protected":false},"excerpt":{"rendered":"<p>Nom chimique:Polyphosphate d'ammonium<\/p>\n<p>Num\u00e9ro CAS : 68333-79-9<\/p>\n<p>Formule mol\u00e9culaire : H12N3O4P<\/p>\n<p>Poids mol\u00e9culaire : 149,086741<\/p>\n<p>&nbsp;<\/p>\n<p>Structure mol\u00e9culaire :<img decoding=\"async\" title=\"Structure du polyphosphate d&#039;ammonium\" src=\"https:\/\/www.longchangchemical.com\/wp-content\/uploads\/product-details\/20200611224447.png\" alt=\"Structure du polyphosphate d&#039;ammonium\" width=\"180\" height=\"179\" border=\"0\" vspace=\"0\" \/><\/p>\n<p>Aspect : poudre blanche<\/p>\n<p>Essai:71%min<\/p>","protected":false},"featured_media":6286,"comment_status":"open","ping_status":"closed","template":"","meta":[],"product_brand":[],"product_cat":[111],"product_tag":[],"class_list":{"0":"post-3550","1":"product","2":"type-product","3":"status-publish","4":"has-post-thumbnail","6":"product_cat-plasticizer","8":"first","9":"instock","10":"shipping-taxable","11":"product-type-simple"},"yoast_head":"<!-- This site is optimized with the Yoast SEO plugin v25.3.1 - https:\/\/yoast.com\/wordpress\/plugins\/seo\/ -->\n<title>China CHLUMIFLEX\u00ae APP \/ Ammonium Polyphosphate CAS 68333-79-9 Manufacturer - Longchang Chemical<\/title>\n<meta name=\"description\" content=\"CHLUMIFLEX\u00ae APP \/ Ammonium Polyphosphate CAS 68333-79-9 is a key product of Longchang Chemical. We provide the best price. We are the leading manufacturer in China with the best quality and competitive price.\" \/>\n<meta name=\"robots\" content=\"index, follow, max-snippet:-1, max-image-preview:large, max-video-preview:-1\" \/>\n<link rel=\"canonical\" href=\"https:\/\/longchangchemical.com\/fr\/product\/ammonium-polyphosphate-cas-68333-79-9\/\" \/>\n<meta property=\"og:locale\" content=\"fr_FR\" \/>\n<meta property=\"og:type\" content=\"article\" \/>\n<meta property=\"og:title\" content=\"China CHLUMIFLEX\u00ae APP \/ Ammonium Polyphosphate CAS 68333-79-9 Manufacturer - Longchang Chemical\" \/>\n<meta property=\"og:description\" content=\"CHLUMIFLEX\u00ae APP \/ Ammonium Polyphosphate CAS 68333-79-9 is a key product of Longchang Chemical. We provide the best price. We are the leading manufacturer in China with the best quality and competitive price.\" \/>\n<meta property=\"og:url\" content=\"https:\/\/longchangchemical.com\/fr\/product\/ammonium-polyphosphate-cas-68333-79-9\/\" \/>\n<meta property=\"og:site_name\" content=\"Longchang Chemical\" \/>\n<meta property=\"article:modified_time\" content=\"2025-12-15T06:46:28+00:00\" \/>\n<meta property=\"og:image\" content=\"https:\/\/longchangchemical.com\/wp-content\/uploads\/2021\/01\/Ammonium-Polyphosphate.gif\" \/>\n\t<meta property=\"og:image:width\" content=\"327\" \/>\n\t<meta property=\"og:image:height\" content=\"325\" \/>\n\t<meta property=\"og:image:type\" content=\"image\/gif\" \/>\n<meta name=\"twitter:card\" content=\"summary_large_image\" \/>\n<script type=\"application\/ld+json\" class=\"yoast-schema-graph\">{\"@context\":\"https:\/\/schema.org\",\"@graph\":[{\"@type\":\"WebPage\",\"@id\":\"https:\/\/longchangchemical.com\/product\/ammonium-polyphosphate-cas-68333-79-9\/\",\"url\":\"https:\/\/longchangchemical.com\/product\/ammonium-polyphosphate-cas-68333-79-9\/\",\"name\":\"China CHLUMIFLEX\u00ae APP \/ Ammonium Polyphosphate CAS 68333-79-9 Manufacturer - Longchang Chemical\",\"isPartOf\":{\"@id\":\"https:\/\/longchangchemical.com\/#website\"},\"primaryImageOfPage\":{\"@id\":\"https:\/\/longchangchemical.com\/product\/ammonium-polyphosphate-cas-68333-79-9\/#primaryimage\"},\"image\":{\"@id\":\"https:\/\/longchangchemical.com\/product\/ammonium-polyphosphate-cas-68333-79-9\/#primaryimage\"},\"thumbnailUrl\":\"https:\/\/longchangchemical.com\/wp-content\/uploads\/2021\/01\/Ammonium-Polyphosphate.gif\",\"datePublished\":\"2023-11-14T09:21:13+00:00\",\"dateModified\":\"2025-12-15T06:46:28+00:00\",\"description\":\"CHLUMIFLEX\u00ae APP \/ Ammonium Polyphosphate CAS 68333-79-9 is a key product of Longchang Chemical. We provide the best price. We are the leading manufacturer in China with the best quality and competitive price.\",\"breadcrumb\":{\"@id\":\"https:\/\/longchangchemical.com\/product\/ammonium-polyphosphate-cas-68333-79-9\/#breadcrumb\"},\"inLanguage\":\"fr-FR\",\"potentialAction\":[{\"@type\":\"ReadAction\",\"target\":[\"https:\/\/longchangchemical.com\/product\/ammonium-polyphosphate-cas-68333-79-9\/\"]}]},{\"@type\":\"ImageObject\",\"inLanguage\":\"fr-FR\",\"@id\":\"https:\/\/longchangchemical.com\/product\/ammonium-polyphosphate-cas-68333-79-9\/#primaryimage\",\"url\":\"https:\/\/longchangchemical.com\/wp-content\/uploads\/2021\/01\/Ammonium-Polyphosphate.gif\",\"contentUrl\":\"https:\/\/longchangchemical.com\/wp-content\/uploads\/2021\/01\/Ammonium-Polyphosphate.gif\",\"width\":327,\"height\":325},{\"@type\":\"BreadcrumbList\",\"@id\":\"https:\/\/longchangchemical.com\/product\/ammonium-polyphosphate-cas-68333-79-9\/#breadcrumb\",\"itemListElement\":[{\"@type\":\"ListItem\",\"position\":1,\"name\":\"Home\",\"item\":\"https:\/\/longchangchemical.com\/\"},{\"@type\":\"ListItem\",\"position\":2,\"name\":\"Products Longchang\",\"item\":\"https:\/\/longchangchemical.com\/product\/\"},{\"@type\":\"ListItem\",\"position\":3,\"name\":\"CHLUMIFLEX\u00ae APP \/ Ammonium Polyphosphate CAS 68333-79-9\"}]},{\"@type\":\"WebSite\",\"@id\":\"https:\/\/longchangchemical.com\/#website\",\"url\":\"https:\/\/longchangchemical.com\/\",\"name\":\"Longchang Chemical\",\"description\":\"China chemical manufacturer \uff06 supplier\",\"publisher\":{\"@id\":\"https:\/\/longchangchemical.com\/#organization\"},\"potentialAction\":[{\"@type\":\"SearchAction\",\"target\":{\"@type\":\"EntryPoint\",\"urlTemplate\":\"https:\/\/longchangchemical.com\/?s={search_term_string}\"},\"query-input\":{\"@type\":\"PropertyValueSpecification\",\"valueRequired\":true,\"valueName\":\"search_term_string\"}}],\"inLanguage\":\"fr-FR\"},{\"@type\":\"Organization\",\"@id\":\"https:\/\/longchangchemical.com\/#organization\",\"name\":\"Longchang Chemical\",\"url\":\"https:\/\/longchangchemical.com\/\",\"logo\":{\"@type\":\"ImageObject\",\"inLanguage\":\"fr-FR\",\"@id\":\"https:\/\/longchangchemical.com\/#\/schema\/logo\/image\/\",\"url\":\"https:\/\/longchangchemical.com\/wp-content\/uploads\/2020\/08\/cropped-longchang-logo.png\",\"contentUrl\":\"https:\/\/longchangchemical.com\/wp-content\/uploads\/2020\/08\/cropped-longchang-logo.png\",\"width\":512,\"height\":512,\"caption\":\"Longchang Chemical\"},\"image\":{\"@id\":\"https:\/\/longchangchemical.com\/#\/schema\/logo\/image\/\"}}]}<\/script>\n<!-- \/ Yoast SEO plugin. -->","yoast_head_json":{"title":"CHLUMIFLEX\u00ae APP \/ Polyphosphate d'ammonium CAS 68333-79-9 fabricant chinois - Longchang Chemical","description":"CHLUMIFLEX\u00ae APP \/ Polyphosphate d'ammonium CAS 68333-79-9 est un produit cl\u00e9 de Longchang Chemical. Nous fournissons le meilleur prix. Nous sommes le principal fabricant en Chine avec la meilleure qualit\u00e9 et un prix comp\u00e9titif.","robots":{"index":"index","follow":"follow","max-snippet":"max-snippet:-1","max-image-preview":"max-image-preview:large","max-video-preview":"max-video-preview:-1"},"canonical":"https:\/\/longchangchemical.com\/fr\/product\/ammonium-polyphosphate-cas-68333-79-9\/","og_locale":"fr_FR","og_type":"article","og_title":"China CHLUMIFLEX\u00ae APP \/ Ammonium Polyphosphate CAS 68333-79-9 Manufacturer - Longchang Chemical","og_description":"CHLUMIFLEX\u00ae APP \/ Ammonium Polyphosphate CAS 68333-79-9 is a key product of Longchang Chemical. We provide the best price. We are the leading manufacturer in China with the best quality and competitive price.","og_url":"https:\/\/longchangchemical.com\/fr\/product\/ammonium-polyphosphate-cas-68333-79-9\/","og_site_name":"Longchang Chemical","article_modified_time":"2025-12-15T06:46:28+00:00","og_image":[{"width":327,"height":325,"url":"https:\/\/longchangchemical.com\/wp-content\/uploads\/2021\/01\/Ammonium-Polyphosphate.gif","type":"image\/gif"}],"twitter_card":"summary_large_image","schema":{"@context":"https:\/\/schema.org","@graph":[{"@type":"WebPage","@id":"https:\/\/longchangchemical.com\/product\/ammonium-polyphosphate-cas-68333-79-9\/","url":"https:\/\/longchangchemical.com\/product\/ammonium-polyphosphate-cas-68333-79-9\/","name":"CHLUMIFLEX\u00ae APP \/ Polyphosphate d'ammonium CAS 68333-79-9 fabricant chinois - Longchang Chemical","isPartOf":{"@id":"https:\/\/longchangchemical.com\/#website"},"primaryImageOfPage":{"@id":"https:\/\/longchangchemical.com\/product\/ammonium-polyphosphate-cas-68333-79-9\/#primaryimage"},"image":{"@id":"https:\/\/longchangchemical.com\/product\/ammonium-polyphosphate-cas-68333-79-9\/#primaryimage"},"thumbnailUrl":"https:\/\/longchangchemical.com\/wp-content\/uploads\/2021\/01\/Ammonium-Polyphosphate.gif","datePublished":"2023-11-14T09:21:13+00:00","dateModified":"2025-12-15T06:46:28+00:00","description":"CHLUMIFLEX\u00ae APP \/ Polyphosphate d'ammonium CAS 68333-79-9 est un produit cl\u00e9 de Longchang Chemical. Nous fournissons le meilleur prix. Nous sommes le principal fabricant en Chine avec la meilleure qualit\u00e9 et un prix comp\u00e9titif.","breadcrumb":{"@id":"https:\/\/longchangchemical.com\/product\/ammonium-polyphosphate-cas-68333-79-9\/#breadcrumb"},"inLanguage":"fr-FR","potentialAction":[{"@type":"ReadAction","target":["https:\/\/longchangchemical.com\/product\/ammonium-polyphosphate-cas-68333-79-9\/"]}]},{"@type":"ImageObject","inLanguage":"fr-FR","@id":"https:\/\/longchangchemical.com\/product\/ammonium-polyphosphate-cas-68333-79-9\/#primaryimage","url":"https:\/\/longchangchemical.com\/wp-content\/uploads\/2021\/01\/Ammonium-Polyphosphate.gif","contentUrl":"https:\/\/longchangchemical.com\/wp-content\/uploads\/2021\/01\/Ammonium-Polyphosphate.gif","width":327,"height":325},{"@type":"BreadcrumbList","@id":"https:\/\/longchangchemical.com\/product\/ammonium-polyphosphate-cas-68333-79-9\/#breadcrumb","itemListElement":[{"@type":"ListItem","position":1,"name":"Home","item":"https:\/\/longchangchemical.com\/"},{"@type":"ListItem","position":2,"name":"Products Longchang","item":"https:\/\/longchangchemical.com\/product\/"},{"@type":"ListItem","position":3,"name":"CHLUMIFLEX\u00ae APP \/ Ammonium Polyphosphate CAS 68333-79-9"}]},{"@type":"WebSite","@id":"https:\/\/longchangchemical.com\/#website","url":"https:\/\/longchangchemical.com\/","name":"Longchang Chemical","description":"Fabricant chinois de produits chimiques \uff06 fournisseur","publisher":{"@id":"https:\/\/longchangchemical.com\/#organization"},"potentialAction":[{"@type":"SearchAction","target":{"@type":"EntryPoint","urlTemplate":"https:\/\/longchangchemical.com\/?s={search_term_string}"},"query-input":{"@type":"PropertyValueSpecification","valueRequired":true,"valueName":"search_term_string"}}],"inLanguage":"fr-FR"},{"@type":"Organization","@id":"https:\/\/longchangchemical.com\/#organization","name":"Longchang Chemical","url":"https:\/\/longchangchemical.com\/","logo":{"@type":"ImageObject","inLanguage":"fr-FR","@id":"https:\/\/longchangchemical.com\/#\/schema\/logo\/image\/","url":"https:\/\/longchangchemical.com\/wp-content\/uploads\/2020\/08\/cropped-longchang-logo.png","contentUrl":"https:\/\/longchangchemical.com\/wp-content\/uploads\/2020\/08\/cropped-longchang-logo.png","width":512,"height":512,"caption":"Longchang Chemical"},"image":{"@id":"https:\/\/longchangchemical.com\/#\/schema\/logo\/image\/"}}]}},"_links":{"self":[{"href":"https:\/\/longchangchemical.com\/fr\/wp-json\/wp\/v2\/product\/3550","targetHints":{"allow":["GET"]}}],"collection":[{"href":"https:\/\/longchangchemical.com\/fr\/wp-json\/wp\/v2\/product"}],"about":[{"href":"https:\/\/longchangchemical.com\/fr\/wp-json\/wp\/v2\/types\/product"}],"replies":[{"embeddable":true,"href":"https:\/\/longchangchemical.com\/fr\/wp-json\/wp\/v2\/comments?post=3550"}],"wp:featuredmedia":[{"embeddable":true,"href":"https:\/\/longchangchemical.com\/fr\/wp-json\/wp\/v2\/media\/6286"}],"wp:attachment":[{"href":"https:\/\/longchangchemical.com\/fr\/wp-json\/wp\/v2\/media?parent=3550"}],"wp:term":[{"taxonomy":"product_brand","embeddable":true,"href":"https:\/\/longchangchemical.com\/fr\/wp-json\/wp\/v2\/product_brand?post=3550"},{"taxonomy":"product_cat","embeddable":true,"href":"https:\/\/longchangchemical.com\/fr\/wp-json\/wp\/v2\/product_cat?post=3550"},{"taxonomy":"product_tag","embeddable":true,"href":"https:\/\/longchangchemical.com\/fr\/wp-json\/wp\/v2\/product_tag?post=3550"}],"curies":[{"name":"wp","href":"https:\/\/api.w.org\/{rel}","templated":true}]}}