{"id":3539,"date":"2021-02-07T13:51:07","date_gmt":"2021-02-07T13:51:07","guid":{"rendered":"https:\/\/longchangchemical.com\/?post_type=product&#038;p=3539"},"modified":"2025-12-23T07:41:56","modified_gmt":"2025-12-23T07:41:56","slug":"cocoamine-cas-61788-46-3","status":"publish","type":"product","link":"https:\/\/longchangchemical.com\/fr\/product\/cocoamine-cas-61788-46-3\/","title":{"rendered":"Cocoamine CAS 61788-46-3"},"content":{"rendered":"<h1>Cocoamine CAS 61788-46-3<\/h1>\n<table class=\"table-1\" cellspacing=\"0\">\n<tbody>\n<tr>\n<td valign=\"top\" width=\"193\">\n<h4>Apparence<\/h4>\n<h4><\/h4>\n<\/td>\n<td valign=\"top\" width=\"163\">\n<h4>Liquide incolore<\/h4>\n<h4><\/h4>\n<\/td>\n<td valign=\"top\" width=\"171\">\n<h4>Liquide incolore<\/h4>\n<h4><\/h4>\n<\/td>\n<td valign=\"top\" width=\"171\"><\/td>\n<\/tr>\n<tr>\n<td valign=\"top\" width=\"193\">\n<h4>Valeur totale des amines<\/h4>\n<h4><\/h4>\n<\/td>\n<td valign=\"top\" width=\"163\">\n<h4>265-295mg\/g<\/h4>\n<h4><\/h4>\n<\/td>\n<td valign=\"top\" width=\"171\">\n<h4>292,49mg\/g<\/h4>\n<h4><\/h4>\n<\/td>\n<td valign=\"top\" width=\"171\">\n<h4>A.O.C.S Tf1b-64<\/h4>\n<\/td>\n<\/tr>\n<tr>\n<td valign=\"top\" width=\"193\">\n<h4>La puret\u00e9<\/h4>\n<h4><\/h4>\n<\/td>\n<td valign=\"top\" width=\"163\">\n<h4>&gt; 98%<\/h4>\n<\/td>\n<td valign=\"top\" width=\"171\">\n<h4>98.79%<\/h4>\n<\/td>\n<td valign=\"top\" width=\"171\">\n<h4>A.O.C.S Tg2a-64<\/h4>\n<\/td>\n<\/tr>\n<tr>\n<td valign=\"top\" width=\"193\">\n<h4>Valeur de l'iode\/100g<\/h4>\n<\/td>\n<td valign=\"top\" width=\"163\">\n<h4>&lt; 12<\/h4>\n<\/td>\n<td valign=\"top\" width=\"171\">\n<h4>4.54<\/h4>\n<\/td>\n<td valign=\"top\" width=\"171\">\n<h4>A.O.C.S Cc14-59<\/h4>\n<\/td>\n<\/tr>\n<tr>\n<td valign=\"top\" width=\"193\">\n<h4>Titre<\/h4>\n<\/td>\n<td valign=\"top\" width=\"163\">\n<h4>13-23<\/h4>\n<\/td>\n<td valign=\"top\" width=\"171\">\n<h4>18.2<\/h4>\n<\/td>\n<td valign=\"top\" width=\"171\">\n<h4>A.O.C.S Td1b-64<\/h4>\n<\/td>\n<\/tr>\n<tr>\n<td valign=\"top\" width=\"193\">\n<h4>Couleur (Hazen)<\/h4>\n<\/td>\n<td valign=\"top\" width=\"163\">\n<h4>&lt; 30<\/h4>\n<\/td>\n<td valign=\"top\" width=\"171\">\n<h4>12<\/h4>\n<\/td>\n<td valign=\"top\" width=\"171\">\n<h4>A.O.C.S Tf1b-64<\/h4>\n<\/td>\n<\/tr>\n<tr>\n<td valign=\"top\" width=\"193\">\n<h4>Humidit\u00e9<\/h4>\n<\/td>\n<td valign=\"top\" width=\"163\">\n<h4>&lt; 0,3%<\/h4>\n<\/td>\n<td valign=\"top\" width=\"171\">\n<h4>0.03%<\/h4>\n<\/td>\n<td valign=\"top\" width=\"171\">\n<h4>A.O.C.S Tf3a-64<\/h4>\n<\/td>\n<\/tr>\n<\/tbody>\n<\/table>\n<p>&nbsp;<\/p>\n<h2><strong>Utilisation de la cocoamine<\/strong><\/h2>\n<h4>1. Ce produit peut \u00eatre utilis\u00e9 pour synth\u00e9tiser des agents de surface cationiques.<\/h4>\n<h4>2. Il peut \u00eatre utilis\u00e9 comme \u00e9mulsifiant, agent antistatique, agent mouillant, dispersant, etc. dans l'industrie cosm\u00e9tique.<\/h4>\n<h4>3. Il peut \u00eatre utilis\u00e9 dans les pesticides, les fongicides, les colorants et les pigments dans d'autres industries.<\/h4>\n<p>&nbsp;<\/p>\n<h2><strong>Emballage et exp\u00e9dition de la cocoamine<\/strong><\/h2>\n<h4>Emballage : 160Kg\/tambour<\/h4>\n<p>&nbsp;<\/p>\n<h2><strong>Stockage de la cocoamine<\/strong><\/h2>\n<h4>Il doit \u00eatre plac\u00e9 \u00e0 l'abri de la chaleur et de l'humidit\u00e9.<\/h4>\n<p>&nbsp;<\/p>\n<h2><strong><b>Contactez-nous d\u00e8s maintenant !<\/b><\/strong><\/h2>\n<h4><strong><b>Nous fournissons des services personnalis\u00e9s, nous vous contacterons g\u00e9n\u00e9ralement dans les 24 heures. Vous pouvez \u00e9galement m'envoyer un courriel \u00e0 l'adresse info@longchangchemical.com pendant les heures de travail (de 8h30 \u00e0 18h00 UTC+8 du lundi au samedi) ou utiliser le chat en direct du site web pour obtenir une r\u00e9ponse rapide.<\/b><\/strong><\/h4>","protected":false},"excerpt":{"rendered":"<h4>Nom chimique : COCOAMINE<\/h4>\n<h4>Num\u00e9ro CAS : 61788-46-3<\/h4>\n<h4>Formule mol\u00e9culaire : C38H46N2O8<\/h4>\n<h4>Aspect : Liquide transparent incolore<\/h4>\n<h4>Essai : \u226598\uff05<\/h4>","protected":false},"featured_media":4350,"comment_status":"open","ping_status":"closed","template":"","meta":[],"product_brand":[],"product_cat":[69],"product_tag":[],"class_list":{"0":"post-3539","1":"product","2":"type-product","3":"status-publish","4":"has-post-thumbnail","6":"product_cat-catalysts-chemical-auxiliary-agents","8":"first","9":"instock","10":"shipping-taxable","11":"product-type-simple"},"yoast_head":"<!-- This site is optimized with the Yoast SEO plugin v25.3.1 - https:\/\/yoast.com\/wordpress\/plugins\/seo\/ -->\n<title>China COCOAMINE Manufacturer \uff06 61788-46-3 Supplier - Longchang chemical Co., Ltd.<\/title>\n<meta name=\"description\" content=\"Longchang Chemical is a leading manufacturer and supplier of COCOAMINE in China. Buy COCOAMINE in china. We can provide the best COCOAMINE price.\" \/>\n<meta name=\"robots\" content=\"index, follow, max-snippet:-1, max-image-preview:large, max-video-preview:-1\" \/>\n<link rel=\"canonical\" href=\"https:\/\/longchangchemical.com\/fr\/product\/cocoamine-cas-61788-46-3\/\" \/>\n<meta property=\"og:locale\" content=\"fr_FR\" \/>\n<meta property=\"og:type\" content=\"article\" \/>\n<meta property=\"og:title\" content=\"China COCOAMINE Manufacturer \uff06 61788-46-3 Supplier - Longchang chemical Co., Ltd.\" \/>\n<meta property=\"og:description\" content=\"Longchang Chemical is a leading manufacturer and supplier of COCOAMINE in China. Buy COCOAMINE in china. We can provide the best COCOAMINE price.\" \/>\n<meta property=\"og:url\" content=\"https:\/\/longchangchemical.com\/fr\/product\/cocoamine-cas-61788-46-3\/\" \/>\n<meta property=\"og:site_name\" content=\"Longchang Chemical\" \/>\n<meta property=\"article:modified_time\" content=\"2025-12-23T07:41:56+00:00\" \/>\n<meta property=\"og:image\" content=\"https:\/\/longchangchemical.com\/wp-content\/uploads\/2021\/01\/COCOAMINE-Appearance.jpg\" \/>\n\t<meta property=\"og:image:width\" content=\"600\" \/>\n\t<meta property=\"og:image:height\" content=\"800\" \/>\n\t<meta property=\"og:image:type\" content=\"image\/jpeg\" \/>\n<meta name=\"twitter:card\" content=\"summary_large_image\" \/>\n<script type=\"application\/ld+json\" class=\"yoast-schema-graph\">{\"@context\":\"https:\/\/schema.org\",\"@graph\":[{\"@type\":\"WebPage\",\"@id\":\"https:\/\/longchangchemical.com\/product\/cocoamine-cas-61788-46-3\/\",\"url\":\"https:\/\/longchangchemical.com\/product\/cocoamine-cas-61788-46-3\/\",\"name\":\"China COCOAMINE Manufacturer \uff06 61788-46-3 Supplier - Longchang chemical Co., Ltd.\",\"isPartOf\":{\"@id\":\"https:\/\/longchangchemical.com\/#website\"},\"primaryImageOfPage\":{\"@id\":\"https:\/\/longchangchemical.com\/product\/cocoamine-cas-61788-46-3\/#primaryimage\"},\"image\":{\"@id\":\"https:\/\/longchangchemical.com\/product\/cocoamine-cas-61788-46-3\/#primaryimage\"},\"thumbnailUrl\":\"https:\/\/longchangchemical.com\/wp-content\/uploads\/2021\/01\/COCOAMINE-Appearance.jpg\",\"datePublished\":\"2021-02-07T13:51:07+00:00\",\"dateModified\":\"2025-12-23T07:41:56+00:00\",\"description\":\"Longchang Chemical is a leading manufacturer and supplier of COCOAMINE in China. Buy COCOAMINE in china. We can provide the best COCOAMINE price.\",\"breadcrumb\":{\"@id\":\"https:\/\/longchangchemical.com\/product\/cocoamine-cas-61788-46-3\/#breadcrumb\"},\"inLanguage\":\"fr-FR\",\"potentialAction\":[{\"@type\":\"ReadAction\",\"target\":[\"https:\/\/longchangchemical.com\/product\/cocoamine-cas-61788-46-3\/\"]}]},{\"@type\":\"ImageObject\",\"inLanguage\":\"fr-FR\",\"@id\":\"https:\/\/longchangchemical.com\/product\/cocoamine-cas-61788-46-3\/#primaryimage\",\"url\":\"https:\/\/longchangchemical.com\/wp-content\/uploads\/2021\/01\/COCOAMINE-Appearance.jpg\",\"contentUrl\":\"https:\/\/longchangchemical.com\/wp-content\/uploads\/2021\/01\/COCOAMINE-Appearance.jpg\",\"width\":600,\"height\":800,\"caption\":\"Appearance\"},{\"@type\":\"BreadcrumbList\",\"@id\":\"https:\/\/longchangchemical.com\/product\/cocoamine-cas-61788-46-3\/#breadcrumb\",\"itemListElement\":[{\"@type\":\"ListItem\",\"position\":1,\"name\":\"Home\",\"item\":\"https:\/\/longchangchemical.com\/\"},{\"@type\":\"ListItem\",\"position\":2,\"name\":\"Products Longchang\",\"item\":\"https:\/\/longchangchemical.com\/product\/\"},{\"@type\":\"ListItem\",\"position\":3,\"name\":\"Cocoamine CAS 61788-46-3\"}]},{\"@type\":\"WebSite\",\"@id\":\"https:\/\/longchangchemical.com\/#website\",\"url\":\"https:\/\/longchangchemical.com\/\",\"name\":\"Longchang Chemical\",\"description\":\"China chemical manufacturer \uff06 supplier\",\"publisher\":{\"@id\":\"https:\/\/longchangchemical.com\/#organization\"},\"potentialAction\":[{\"@type\":\"SearchAction\",\"target\":{\"@type\":\"EntryPoint\",\"urlTemplate\":\"https:\/\/longchangchemical.com\/?s={search_term_string}\"},\"query-input\":{\"@type\":\"PropertyValueSpecification\",\"valueRequired\":true,\"valueName\":\"search_term_string\"}}],\"inLanguage\":\"fr-FR\"},{\"@type\":\"Organization\",\"@id\":\"https:\/\/longchangchemical.com\/#organization\",\"name\":\"Longchang Chemical\",\"url\":\"https:\/\/longchangchemical.com\/\",\"logo\":{\"@type\":\"ImageObject\",\"inLanguage\":\"fr-FR\",\"@id\":\"https:\/\/longchangchemical.com\/#\/schema\/logo\/image\/\",\"url\":\"https:\/\/longchangchemical.com\/wp-content\/uploads\/2020\/08\/cropped-longchang-logo.png\",\"contentUrl\":\"https:\/\/longchangchemical.com\/wp-content\/uploads\/2020\/08\/cropped-longchang-logo.png\",\"width\":512,\"height\":512,\"caption\":\"Longchang Chemical\"},\"image\":{\"@id\":\"https:\/\/longchangchemical.com\/#\/schema\/logo\/image\/\"}}]}<\/script>\n<!-- \/ Yoast SEO plugin. -->","yoast_head_json":{"title":"Fabricant chinois de COCOAMINE \uff06 61788-46-3 Fournisseur - Longchang chemical Co.","description":"Longchang Chemical est un fabricant et fournisseur leader de COCOAMINE en Chine. Acheter COCOAMINE en Chine. Nous pouvons vous fournir le meilleur prix de COCOAMINE.","robots":{"index":"index","follow":"follow","max-snippet":"max-snippet:-1","max-image-preview":"max-image-preview:large","max-video-preview":"max-video-preview:-1"},"canonical":"https:\/\/longchangchemical.com\/fr\/product\/cocoamine-cas-61788-46-3\/","og_locale":"fr_FR","og_type":"article","og_title":"China COCOAMINE Manufacturer \uff06 61788-46-3 Supplier - Longchang chemical Co., Ltd.","og_description":"Longchang Chemical is a leading manufacturer and supplier of COCOAMINE in China. Buy COCOAMINE in china. We can provide the best COCOAMINE price.","og_url":"https:\/\/longchangchemical.com\/fr\/product\/cocoamine-cas-61788-46-3\/","og_site_name":"Longchang Chemical","article_modified_time":"2025-12-23T07:41:56+00:00","og_image":[{"width":600,"height":800,"url":"https:\/\/longchangchemical.com\/wp-content\/uploads\/2021\/01\/COCOAMINE-Appearance.jpg","type":"image\/jpeg"}],"twitter_card":"summary_large_image","schema":{"@context":"https:\/\/schema.org","@graph":[{"@type":"WebPage","@id":"https:\/\/longchangchemical.com\/product\/cocoamine-cas-61788-46-3\/","url":"https:\/\/longchangchemical.com\/product\/cocoamine-cas-61788-46-3\/","name":"Fabricant chinois de COCOAMINE \uff06 61788-46-3 Fournisseur - Longchang chemical Co.","isPartOf":{"@id":"https:\/\/longchangchemical.com\/#website"},"primaryImageOfPage":{"@id":"https:\/\/longchangchemical.com\/product\/cocoamine-cas-61788-46-3\/#primaryimage"},"image":{"@id":"https:\/\/longchangchemical.com\/product\/cocoamine-cas-61788-46-3\/#primaryimage"},"thumbnailUrl":"https:\/\/longchangchemical.com\/wp-content\/uploads\/2021\/01\/COCOAMINE-Appearance.jpg","datePublished":"2021-02-07T13:51:07+00:00","dateModified":"2025-12-23T07:41:56+00:00","description":"Longchang Chemical est un fabricant et fournisseur leader de COCOAMINE en Chine. Acheter COCOAMINE en Chine. Nous pouvons vous fournir le meilleur prix de COCOAMINE.","breadcrumb":{"@id":"https:\/\/longchangchemical.com\/product\/cocoamine-cas-61788-46-3\/#breadcrumb"},"inLanguage":"fr-FR","potentialAction":[{"@type":"ReadAction","target":["https:\/\/longchangchemical.com\/product\/cocoamine-cas-61788-46-3\/"]}]},{"@type":"ImageObject","inLanguage":"fr-FR","@id":"https:\/\/longchangchemical.com\/product\/cocoamine-cas-61788-46-3\/#primaryimage","url":"https:\/\/longchangchemical.com\/wp-content\/uploads\/2021\/01\/COCOAMINE-Appearance.jpg","contentUrl":"https:\/\/longchangchemical.com\/wp-content\/uploads\/2021\/01\/COCOAMINE-Appearance.jpg","width":600,"height":800,"caption":"Appearance"},{"@type":"BreadcrumbList","@id":"https:\/\/longchangchemical.com\/product\/cocoamine-cas-61788-46-3\/#breadcrumb","itemListElement":[{"@type":"ListItem","position":1,"name":"Home","item":"https:\/\/longchangchemical.com\/"},{"@type":"ListItem","position":2,"name":"Products Longchang","item":"https:\/\/longchangchemical.com\/product\/"},{"@type":"ListItem","position":3,"name":"Cocoamine CAS 61788-46-3"}]},{"@type":"WebSite","@id":"https:\/\/longchangchemical.com\/#website","url":"https:\/\/longchangchemical.com\/","name":"Longchang Chemical","description":"Fabricant chinois de produits chimiques \uff06 fournisseur","publisher":{"@id":"https:\/\/longchangchemical.com\/#organization"},"potentialAction":[{"@type":"SearchAction","target":{"@type":"EntryPoint","urlTemplate":"https:\/\/longchangchemical.com\/?s={search_term_string}"},"query-input":{"@type":"PropertyValueSpecification","valueRequired":true,"valueName":"search_term_string"}}],"inLanguage":"fr-FR"},{"@type":"Organization","@id":"https:\/\/longchangchemical.com\/#organization","name":"Longchang Chemical","url":"https:\/\/longchangchemical.com\/","logo":{"@type":"ImageObject","inLanguage":"fr-FR","@id":"https:\/\/longchangchemical.com\/#\/schema\/logo\/image\/","url":"https:\/\/longchangchemical.com\/wp-content\/uploads\/2020\/08\/cropped-longchang-logo.png","contentUrl":"https:\/\/longchangchemical.com\/wp-content\/uploads\/2020\/08\/cropped-longchang-logo.png","width":512,"height":512,"caption":"Longchang Chemical"},"image":{"@id":"https:\/\/longchangchemical.com\/#\/schema\/logo\/image\/"}}]}},"_links":{"self":[{"href":"https:\/\/longchangchemical.com\/fr\/wp-json\/wp\/v2\/product\/3539","targetHints":{"allow":["GET"]}}],"collection":[{"href":"https:\/\/longchangchemical.com\/fr\/wp-json\/wp\/v2\/product"}],"about":[{"href":"https:\/\/longchangchemical.com\/fr\/wp-json\/wp\/v2\/types\/product"}],"replies":[{"embeddable":true,"href":"https:\/\/longchangchemical.com\/fr\/wp-json\/wp\/v2\/comments?post=3539"}],"wp:featuredmedia":[{"embeddable":true,"href":"https:\/\/longchangchemical.com\/fr\/wp-json\/wp\/v2\/media\/4350"}],"wp:attachment":[{"href":"https:\/\/longchangchemical.com\/fr\/wp-json\/wp\/v2\/media?parent=3539"}],"wp:term":[{"taxonomy":"product_brand","embeddable":true,"href":"https:\/\/longchangchemical.com\/fr\/wp-json\/wp\/v2\/product_brand?post=3539"},{"taxonomy":"product_cat","embeddable":true,"href":"https:\/\/longchangchemical.com\/fr\/wp-json\/wp\/v2\/product_cat?post=3539"},{"taxonomy":"product_tag","embeddable":true,"href":"https:\/\/longchangchemical.com\/fr\/wp-json\/wp\/v2\/product_tag?post=3539"}],"curies":[{"name":"wp","href":"https:\/\/api.w.org\/{rel}","templated":true}]}}