{"id":3527,"date":"2021-01-23T03:21:30","date_gmt":"2021-01-23T03:21:30","guid":{"rendered":"https:\/\/longchangchemical.com\/?post_type=product&#038;p=3527"},"modified":"2025-12-23T06:56:58","modified_gmt":"2025-12-23T06:56:58","slug":"monopotassium-phosphite-cas-13977-65-6","status":"publish","type":"product","link":"https:\/\/longchangchemical.com\/fr\/product\/monopotassium-phosphite-cas-13977-65-6\/","title":{"rendered":"Phosphite monopotassique CAS 13977-65-6"},"content":{"rendered":"<h1><strong>Phosphite monopotassique CAS 13977-65-6<\/strong><\/h1>\n<table class=\"table-1\" cellspacing=\"0\">\n<tbody>\n<tr>\n<td>\n<h4>Objet<\/h4>\n<\/td>\n<td>\n<h4>Sp\u00e9cifications<\/h4>\n<\/td>\n<\/tr>\n<tr>\n<td>\n<h4>Apparence<\/h4>\n<\/td>\n<td>\n<h4>Cristal blanc<\/h4>\n<\/td>\n<\/tr>\n<tr>\n<td>\n<h4>Contenu principal(KH2 P O3 )\u2265%<\/h4>\n<\/td>\n<td>\n<h4>98.0%<\/h4>\n<\/td>\n<\/tr>\n<tr>\n<td>\n<h4>Solide insoluble dans l'eau\u2264%<\/h4>\n<\/td>\n<td>\n<h4>0.3<\/h4>\n<\/td>\n<\/tr>\n<tr>\n<td>\n<h4>K2O\u2265%<\/h4>\n<\/td>\n<td>\n<h4>38<\/h4>\n<\/td>\n<\/tr>\n<tr>\n<td>\n<h4>P2O5\u2265%<\/h4>\n<\/td>\n<td>\n<h4>58<\/h4>\n<\/td>\n<\/tr>\n<tr>\n<td>\n<h4>Cl\u2264%<\/h4>\n<\/td>\n<td>\n<h4>0.01<\/h4>\n<\/td>\n<\/tr>\n<tr>\n<td>\n<h4>Fe \u2264\u2030<\/h4>\n<\/td>\n<td>\n<h4>0.002<\/h4>\n<\/td>\n<\/tr>\n<tr>\n<td>\n<h4>Pb\u2264%<\/h4>\n<\/td>\n<td>\n<h4>0.0001<\/h4>\n<\/td>\n<\/tr>\n<tr>\n<td>\n<h4>PH<\/h4>\n<\/td>\n<td>\n<h4>4.0<\/h4>\n<\/td>\n<\/tr>\n<\/tbody>\n<\/table>\n<h2><\/h2>\n<h2><strong>Application du phosphite monopotassique<\/strong><\/h2>\n<h4>1. Il peut \u00eatre utilis\u00e9 comme fongicide direct et comme agent complexant pour les ions de calcium et de magn\u00e9sium dans les eaux de circulation industrielles.<\/h4>\n<h4>2. Il peut remplacer l'agent de traitement de l'eau \u00e0 base de phosphine organique afin de r\u00e9duire la pollution de l'environnement.<\/h4>\n<p>&nbsp;<\/p>\n<h2><strong>Phosphite monopotassique Emballage et exp\u00e9dition<\/strong><\/h2>\n<h4>25kg\/sac<\/h4>\n<p>&nbsp;<\/p>\n<h2><strong>Phosphite monopotassique Stockage<\/strong><\/h2>\n<h4>Il doit \u00eatre plac\u00e9 dans un s\u00e9chage \u00e0 basse temp\u00e9rature.<\/h4>\n<p>&nbsp;<\/p>\n<h2><strong><b>Contactez-nous d\u00e8s maintenant !<\/b><\/strong><\/h2>\n<h4><strong><b>Nous fournissons des services personnalis\u00e9s, nous vous contacterons g\u00e9n\u00e9ralement dans les 24 heures. Vous pouvez \u00e9galement m'envoyer un courriel \u00e0 l'adresse info@longchangchemical.com pendant les heures de travail (de 8h30 \u00e0 18h00 UTC+8 du lundi au samedi) ou utiliser le chat en direct du site web pour obtenir une r\u00e9ponse rapide.<\/b><\/strong><\/h4>","protected":false},"excerpt":{"rendered":"<h4>Nom chimique : Phosphite monopotassique<\/h4>\n<h4>Num\u00e9ro CAS : 13977-65-6<\/h4>\n<h4>Formule mol\u00e9culaire : H2KO3P<\/h4>\n<h4>Phosphite monopotassique Structure :<img decoding=\"async\" title=\"Structure du phosphite monopotassique\" src=\"https:\/\/www.longchangchemical.com\/wp-content\/uploads\/product-details\/20200611333371.png\" alt=\"Structure du phosphite monopotassique\" width=\"147\" height=\"51\" border=\"0\" vspace=\"0\" \/><\/h4>\n<h4>Poids mol\u00e9culaire : 120,09<\/h4>\n<h4>Aspect : Cristal blanc<\/h4>\n<h4>Essai : 98%min<\/h4>","protected":false},"featured_media":4316,"comment_status":"open","ping_status":"closed","template":"","meta":[],"product_brand":[],"product_cat":[69],"product_tag":[],"class_list":{"0":"post-3527","1":"product","2":"type-product","3":"status-publish","4":"has-post-thumbnail","6":"product_cat-catalysts-chemical-auxiliary-agents","8":"first","9":"instock","10":"shipping-taxable","11":"product-type-simple"},"yoast_head":"<!-- This site is optimized with the Yoast SEO plugin v25.3.1 - https:\/\/yoast.com\/wordpress\/plugins\/seo\/ -->\n<title>China Monopotassium phosphite Manufacturer \uff06 CAS 13977-65-6 Supplier - Longchang chemical Co., Ltd.<\/title>\n<meta name=\"description\" content=\"Longchang Chemical is a leading manufacturer and supplier of Monopotassium phosphite in China. Buy Monopotassium phosphite in china. We can provide the best Monopotassium phosphite price.\" \/>\n<meta name=\"robots\" content=\"index, follow, max-snippet:-1, max-image-preview:large, max-video-preview:-1\" \/>\n<link rel=\"canonical\" href=\"https:\/\/longchangchemical.com\/fr\/product\/monopotassium-phosphite-cas-13977-65-6\/\" \/>\n<meta property=\"og:locale\" content=\"fr_FR\" \/>\n<meta property=\"og:type\" content=\"article\" \/>\n<meta property=\"og:title\" content=\"China Monopotassium phosphite Manufacturer \uff06 CAS 13977-65-6 Supplier - Longchang chemical Co., Ltd.\" \/>\n<meta property=\"og:description\" content=\"Longchang Chemical is a leading manufacturer and supplier of Monopotassium phosphite in China. Buy Monopotassium phosphite in china. We can provide the best Monopotassium phosphite price.\" \/>\n<meta property=\"og:url\" content=\"https:\/\/longchangchemical.com\/fr\/product\/monopotassium-phosphite-cas-13977-65-6\/\" \/>\n<meta property=\"og:site_name\" content=\"Longchang Chemical\" \/>\n<meta property=\"article:modified_time\" content=\"2025-12-23T06:56:58+00:00\" \/>\n<meta property=\"og:image\" content=\"https:\/\/longchangchemical.com\/wp-content\/uploads\/2021\/01\/Monopotassium-phosphite-Appearance.jpg\" \/>\n\t<meta property=\"og:image:width\" content=\"600\" \/>\n\t<meta property=\"og:image:height\" content=\"800\" \/>\n\t<meta property=\"og:image:type\" content=\"image\/jpeg\" \/>\n<meta name=\"twitter:card\" content=\"summary_large_image\" \/>\n<script type=\"application\/ld+json\" class=\"yoast-schema-graph\">{\"@context\":\"https:\/\/schema.org\",\"@graph\":[{\"@type\":\"WebPage\",\"@id\":\"https:\/\/longchangchemical.com\/product\/monopotassium-phosphite-cas-13977-65-6\/\",\"url\":\"https:\/\/longchangchemical.com\/product\/monopotassium-phosphite-cas-13977-65-6\/\",\"name\":\"China Monopotassium phosphite Manufacturer \uff06 CAS 13977-65-6 Supplier - Longchang chemical Co., Ltd.\",\"isPartOf\":{\"@id\":\"https:\/\/longchangchemical.com\/#website\"},\"primaryImageOfPage\":{\"@id\":\"https:\/\/longchangchemical.com\/product\/monopotassium-phosphite-cas-13977-65-6\/#primaryimage\"},\"image\":{\"@id\":\"https:\/\/longchangchemical.com\/product\/monopotassium-phosphite-cas-13977-65-6\/#primaryimage\"},\"thumbnailUrl\":\"https:\/\/longchangchemical.com\/wp-content\/uploads\/2021\/01\/Monopotassium-phosphite-Appearance.jpg\",\"datePublished\":\"2021-01-23T03:21:30+00:00\",\"dateModified\":\"2025-12-23T06:56:58+00:00\",\"description\":\"Longchang Chemical is a leading manufacturer and supplier of Monopotassium phosphite in China. Buy Monopotassium phosphite in china. We can provide the best Monopotassium phosphite price.\",\"breadcrumb\":{\"@id\":\"https:\/\/longchangchemical.com\/product\/monopotassium-phosphite-cas-13977-65-6\/#breadcrumb\"},\"inLanguage\":\"fr-FR\",\"potentialAction\":[{\"@type\":\"ReadAction\",\"target\":[\"https:\/\/longchangchemical.com\/product\/monopotassium-phosphite-cas-13977-65-6\/\"]}]},{\"@type\":\"ImageObject\",\"inLanguage\":\"fr-FR\",\"@id\":\"https:\/\/longchangchemical.com\/product\/monopotassium-phosphite-cas-13977-65-6\/#primaryimage\",\"url\":\"https:\/\/longchangchemical.com\/wp-content\/uploads\/2021\/01\/Monopotassium-phosphite-Appearance.jpg\",\"contentUrl\":\"https:\/\/longchangchemical.com\/wp-content\/uploads\/2021\/01\/Monopotassium-phosphite-Appearance.jpg\",\"width\":600,\"height\":800,\"caption\":\"Monopotassium phosphite Appearance\"},{\"@type\":\"BreadcrumbList\",\"@id\":\"https:\/\/longchangchemical.com\/product\/monopotassium-phosphite-cas-13977-65-6\/#breadcrumb\",\"itemListElement\":[{\"@type\":\"ListItem\",\"position\":1,\"name\":\"Home\",\"item\":\"https:\/\/longchangchemical.com\/\"},{\"@type\":\"ListItem\",\"position\":2,\"name\":\"Products Longchang\",\"item\":\"https:\/\/longchangchemical.com\/product\/\"},{\"@type\":\"ListItem\",\"position\":3,\"name\":\"Monopotassium phosphite CAS 13977-65-6\"}]},{\"@type\":\"WebSite\",\"@id\":\"https:\/\/longchangchemical.com\/#website\",\"url\":\"https:\/\/longchangchemical.com\/\",\"name\":\"Longchang Chemical\",\"description\":\"China chemical manufacturer \uff06 supplier\",\"publisher\":{\"@id\":\"https:\/\/longchangchemical.com\/#organization\"},\"potentialAction\":[{\"@type\":\"SearchAction\",\"target\":{\"@type\":\"EntryPoint\",\"urlTemplate\":\"https:\/\/longchangchemical.com\/?s={search_term_string}\"},\"query-input\":{\"@type\":\"PropertyValueSpecification\",\"valueRequired\":true,\"valueName\":\"search_term_string\"}}],\"inLanguage\":\"fr-FR\"},{\"@type\":\"Organization\",\"@id\":\"https:\/\/longchangchemical.com\/#organization\",\"name\":\"Longchang Chemical\",\"url\":\"https:\/\/longchangchemical.com\/\",\"logo\":{\"@type\":\"ImageObject\",\"inLanguage\":\"fr-FR\",\"@id\":\"https:\/\/longchangchemical.com\/#\/schema\/logo\/image\/\",\"url\":\"https:\/\/longchangchemical.com\/wp-content\/uploads\/2020\/08\/cropped-longchang-logo.png\",\"contentUrl\":\"https:\/\/longchangchemical.com\/wp-content\/uploads\/2020\/08\/cropped-longchang-logo.png\",\"width\":512,\"height\":512,\"caption\":\"Longchang Chemical\"},\"image\":{\"@id\":\"https:\/\/longchangchemical.com\/#\/schema\/logo\/image\/\"}}]}<\/script>\n<!-- \/ Yoast SEO plugin. -->","yoast_head_json":{"title":"phosphite monopotassique fabricant chinois \uff06 CAS 13977-65-6 Fournisseur - Longchang chemical Co.","description":"Longchang Chemical est un fabricant et fournisseur leader de phosphite monopotassique en Chine. Acheter phosphite monopotassique en Chine. Nous pouvons fournir le meilleur prix de phosphite monopotassique.","robots":{"index":"index","follow":"follow","max-snippet":"max-snippet:-1","max-image-preview":"max-image-preview:large","max-video-preview":"max-video-preview:-1"},"canonical":"https:\/\/longchangchemical.com\/fr\/product\/monopotassium-phosphite-cas-13977-65-6\/","og_locale":"fr_FR","og_type":"article","og_title":"China Monopotassium phosphite Manufacturer \uff06 CAS 13977-65-6 Supplier - Longchang chemical Co., Ltd.","og_description":"Longchang Chemical is a leading manufacturer and supplier of Monopotassium phosphite in China. Buy Monopotassium phosphite in china. We can provide the best Monopotassium phosphite price.","og_url":"https:\/\/longchangchemical.com\/fr\/product\/monopotassium-phosphite-cas-13977-65-6\/","og_site_name":"Longchang Chemical","article_modified_time":"2025-12-23T06:56:58+00:00","og_image":[{"width":600,"height":800,"url":"https:\/\/longchangchemical.com\/wp-content\/uploads\/2021\/01\/Monopotassium-phosphite-Appearance.jpg","type":"image\/jpeg"}],"twitter_card":"summary_large_image","schema":{"@context":"https:\/\/schema.org","@graph":[{"@type":"WebPage","@id":"https:\/\/longchangchemical.com\/product\/monopotassium-phosphite-cas-13977-65-6\/","url":"https:\/\/longchangchemical.com\/product\/monopotassium-phosphite-cas-13977-65-6\/","name":"phosphite monopotassique fabricant chinois \uff06 CAS 13977-65-6 Fournisseur - Longchang chemical Co.","isPartOf":{"@id":"https:\/\/longchangchemical.com\/#website"},"primaryImageOfPage":{"@id":"https:\/\/longchangchemical.com\/product\/monopotassium-phosphite-cas-13977-65-6\/#primaryimage"},"image":{"@id":"https:\/\/longchangchemical.com\/product\/monopotassium-phosphite-cas-13977-65-6\/#primaryimage"},"thumbnailUrl":"https:\/\/longchangchemical.com\/wp-content\/uploads\/2021\/01\/Monopotassium-phosphite-Appearance.jpg","datePublished":"2021-01-23T03:21:30+00:00","dateModified":"2025-12-23T06:56:58+00:00","description":"Longchang Chemical est un fabricant et fournisseur leader de phosphite monopotassique en Chine. Acheter phosphite monopotassique en Chine. Nous pouvons fournir le meilleur prix de phosphite monopotassique.","breadcrumb":{"@id":"https:\/\/longchangchemical.com\/product\/monopotassium-phosphite-cas-13977-65-6\/#breadcrumb"},"inLanguage":"fr-FR","potentialAction":[{"@type":"ReadAction","target":["https:\/\/longchangchemical.com\/product\/monopotassium-phosphite-cas-13977-65-6\/"]}]},{"@type":"ImageObject","inLanguage":"fr-FR","@id":"https:\/\/longchangchemical.com\/product\/monopotassium-phosphite-cas-13977-65-6\/#primaryimage","url":"https:\/\/longchangchemical.com\/wp-content\/uploads\/2021\/01\/Monopotassium-phosphite-Appearance.jpg","contentUrl":"https:\/\/longchangchemical.com\/wp-content\/uploads\/2021\/01\/Monopotassium-phosphite-Appearance.jpg","width":600,"height":800,"caption":"Monopotassium phosphite Appearance"},{"@type":"BreadcrumbList","@id":"https:\/\/longchangchemical.com\/product\/monopotassium-phosphite-cas-13977-65-6\/#breadcrumb","itemListElement":[{"@type":"ListItem","position":1,"name":"Home","item":"https:\/\/longchangchemical.com\/"},{"@type":"ListItem","position":2,"name":"Products Longchang","item":"https:\/\/longchangchemical.com\/product\/"},{"@type":"ListItem","position":3,"name":"Monopotassium phosphite CAS 13977-65-6"}]},{"@type":"WebSite","@id":"https:\/\/longchangchemical.com\/#website","url":"https:\/\/longchangchemical.com\/","name":"Longchang Chemical","description":"Fabricant chinois de produits chimiques \uff06 fournisseur","publisher":{"@id":"https:\/\/longchangchemical.com\/#organization"},"potentialAction":[{"@type":"SearchAction","target":{"@type":"EntryPoint","urlTemplate":"https:\/\/longchangchemical.com\/?s={search_term_string}"},"query-input":{"@type":"PropertyValueSpecification","valueRequired":true,"valueName":"search_term_string"}}],"inLanguage":"fr-FR"},{"@type":"Organization","@id":"https:\/\/longchangchemical.com\/#organization","name":"Longchang Chemical","url":"https:\/\/longchangchemical.com\/","logo":{"@type":"ImageObject","inLanguage":"fr-FR","@id":"https:\/\/longchangchemical.com\/#\/schema\/logo\/image\/","url":"https:\/\/longchangchemical.com\/wp-content\/uploads\/2020\/08\/cropped-longchang-logo.png","contentUrl":"https:\/\/longchangchemical.com\/wp-content\/uploads\/2020\/08\/cropped-longchang-logo.png","width":512,"height":512,"caption":"Longchang Chemical"},"image":{"@id":"https:\/\/longchangchemical.com\/#\/schema\/logo\/image\/"}}]}},"_links":{"self":[{"href":"https:\/\/longchangchemical.com\/fr\/wp-json\/wp\/v2\/product\/3527","targetHints":{"allow":["GET"]}}],"collection":[{"href":"https:\/\/longchangchemical.com\/fr\/wp-json\/wp\/v2\/product"}],"about":[{"href":"https:\/\/longchangchemical.com\/fr\/wp-json\/wp\/v2\/types\/product"}],"replies":[{"embeddable":true,"href":"https:\/\/longchangchemical.com\/fr\/wp-json\/wp\/v2\/comments?post=3527"}],"wp:featuredmedia":[{"embeddable":true,"href":"https:\/\/longchangchemical.com\/fr\/wp-json\/wp\/v2\/media\/4316"}],"wp:attachment":[{"href":"https:\/\/longchangchemical.com\/fr\/wp-json\/wp\/v2\/media?parent=3527"}],"wp:term":[{"taxonomy":"product_brand","embeddable":true,"href":"https:\/\/longchangchemical.com\/fr\/wp-json\/wp\/v2\/product_brand?post=3527"},{"taxonomy":"product_cat","embeddable":true,"href":"https:\/\/longchangchemical.com\/fr\/wp-json\/wp\/v2\/product_cat?post=3527"},{"taxonomy":"product_tag","embeddable":true,"href":"https:\/\/longchangchemical.com\/fr\/wp-json\/wp\/v2\/product_tag?post=3527"}],"curies":[{"name":"wp","href":"https:\/\/api.w.org\/{rel}","templated":true}]}}