{"id":3524,"date":"2021-01-23T03:18:09","date_gmt":"2021-01-23T03:18:09","guid":{"rendered":"https:\/\/longchangchemical.com\/?post_type=product&#038;p=3524"},"modified":"2025-12-23T06:52:10","modified_gmt":"2025-12-23T06:52:10","slug":"barium-titanate-cas-12047-27-7","status":"publish","type":"product","link":"https:\/\/longchangchemical.com\/fr\/product\/barium-titanate-cas-12047-27-7\/","title":{"rendered":"Titanate de baryum CAS 12047-27-7"},"content":{"rendered":"<h1><strong>Titanate de baryum CAS 12047-27-7<\/strong><\/h1>\n<table class=\"table-1\">\n<tbody>\n<tr>\n<td>\n<h4>Propri\u00e9t\u00e9 (PureBT)<\/h4>\n<\/td>\n<td>\n<h4>Unit\u00e9<\/h4>\n<\/td>\n<td>\n<h4>M\u00e9thode d'essai<\/h4>\n<\/td>\n<td colspan=\"2\">\n<h4>Sp\u00e9cifications<\/h4>\n<\/td>\n<\/tr>\n<tr>\n<td><\/td>\n<td><\/td>\n<td><\/td>\n<td>\n<h4>Limite sup\u00e9rieure<\/h4>\n<\/td>\n<td>\n<h4>Limite inf\u00e9rieure<\/h4>\n<\/td>\n<\/tr>\n<tr>\n<td>\n<h4>Teneur en eau<\/h4>\n<\/td>\n<td>\n<h4>%<\/h4>\n<\/td>\n<td>\n<h4>8min.\u00e0 120\u2103(MJ33)<\/h4>\n<\/td>\n<td>\n<h4>0.25<\/h4>\n<\/td>\n<td>\n<h4>0.00<\/h4>\n<\/td>\n<\/tr>\n<tr>\n<td>\n<h4>LOI<\/h4>\n<\/td>\n<td>\n<h4>%<\/h4>\n<\/td>\n<td>\n<h4>2hr. \u00e0 1200\u2103(LH30\/13)<\/h4>\n<\/td>\n<td>\n<h4>0.30<\/h4>\n<\/td>\n<td>\n<h4>0.00<\/h4>\n<\/td>\n<\/tr>\n<tr>\n<td>\n<h4>D90<\/h4>\n<\/td>\n<td>\n<h4>Hum<\/h4>\n<\/td>\n<td rowspan=\"3\">\n<h4>PSD(Mastersizer 2000)IR:2.4<\/h4>\n<\/td>\n<td>\n<h4>2.00<\/h4>\n<\/td>\n<td>\n<h4>1.00<\/h4>\n<\/td>\n<\/tr>\n<tr>\n<td>\n<h4>D50<\/h4>\n<\/td>\n<td>\n<h4>Hum<\/h4>\n<\/td>\n<td>\n<h4>1.00<\/h4>\n<\/td>\n<td>\n<h4>0.50<\/h4>\n<\/td>\n<\/tr>\n<tr>\n<td>\n<h4>D10<\/h4>\n<\/td>\n<td>\n<h4>Hum<\/h4>\n<\/td>\n<td>\n<h4>0.60<\/h4>\n<\/td>\n<td>\n<h4>0.30<\/h4>\n<\/td>\n<\/tr>\n<tr>\n<td>\n<h4>Surface sp\u00e9cifique<\/h4>\n<\/td>\n<td>\n<h4>m^2\/g<\/h4>\n<\/td>\n<td>\n<h4>BET(3H-BET2000-M)<\/h4>\n<\/td>\n<td>\n<h4>2.50<\/h4>\n<\/td>\n<td>\n<h4>1.80<\/h4>\n<\/td>\n<\/tr>\n<tr>\n<td>\n<h4>Rapport A\/B (Ba\/Ti)<\/h4>\n<\/td>\n<td><\/td>\n<td>\n<h4>XRF(S8)<\/h4>\n<\/td>\n<td>\n<h4>1.0000<\/h4>\n<\/td>\n<td>\n<h4>0.9950<\/h4>\n<\/td>\n<\/tr>\n<\/tbody>\n<\/table>\n<h2><strong>Titanate de baryum Utilisation<\/strong><\/h2>\n<h4>1 Principalement utilis\u00e9 pour la pr\u00e9paration de c\u00e9ramiques \u00e9lectroniques, de thermistances PTC, de condensateurs et d'autres composants \u00e9lectroniques.<\/h4>\n<h4>2 Largement utilis\u00e9 dans l'industrie \u00e9lectronique, il peut servir \u00e0 fabriquer des \u00e9l\u00e9ments non lin\u00e9aires, un amplificateur, un dispositif de m\u00e9moire d'ordinateur, mais aussi un volume plus faible, la capacit\u00e9 des mini-condensateurs est importante. Les mat\u00e9riaux et autres composants du g\u00e9n\u00e9rateur d'ultrasons sont \u00e9galement utilis\u00e9s pour la fabrication.<\/h4>\n<p>&nbsp;<\/p>\n<h2><strong>Titanate de baryum Emballage et exp\u00e9dition<\/strong><\/h2>\n<p>25 kg\/sac<\/p>\n<p>&nbsp;<\/p>\n<h2><strong>Stockage de titanate de baryum<\/strong><\/h2>\n<h4>Temp\u00e9rature de stockage : aucune restriction.<\/h4>\n<p>&nbsp;<\/p>\n<h2><strong><b>Contactez-nous d\u00e8s maintenant !<\/b><\/strong><\/h2>\n<h4><strong><b>Nous fournissons des services personnalis\u00e9s, nous vous contacterons g\u00e9n\u00e9ralement dans les 24 heures. Vous pouvez \u00e9galement m'envoyer un courriel \u00e0 l'adresse info@longchangchemical.com pendant les heures de travail (de 8h30 \u00e0 18h00 UTC+8 du lundi au samedi) ou utiliser le chat en direct du site web pour obtenir une r\u00e9ponse rapide.<\/b><\/strong><\/h4>","protected":false},"excerpt":{"rendered":"<h4>Nom chimique : Titanate de baryum<\/h4>\n<h4>Num\u00e9ro CAS : 12047-27-7<\/h4>\n<h4>Formule mol\u00e9culaire : BaO3Ti<\/h4>\n<h4>Structure chimique :<img decoding=\"async\" title=\"image.png\" src=\"https:\/\/www.longchangchemical.com\/wp-content\/uploads\/product-details\/20200617142436.png\" alt=\"image.png\" \/><\/h4>\n<h4>Poids mol\u00e9culaire : 233,19<\/h4>\n<h4>Aspect : Poudre cristalline blanche<\/h4>\n<h4>Analyse\uff1a99%min<\/h4>","protected":false},"featured_media":4314,"comment_status":"open","ping_status":"closed","template":"","meta":[],"product_brand":[],"product_cat":[69],"product_tag":[],"class_list":{"0":"post-3524","1":"product","2":"type-product","3":"status-publish","4":"has-post-thumbnail","6":"product_cat-catalysts-chemical-auxiliary-agents","8":"first","9":"instock","10":"shipping-taxable","11":"product-type-simple"},"yoast_head":"<!-- This site is optimized with the Yoast SEO plugin v25.3.1 - https:\/\/yoast.com\/wordpress\/plugins\/seo\/ -->\n<title>China Barium titanate Manufacturer \uff06 CAS 12047-27-7 Supplier - Longchang chemical Co., Ltd.<\/title>\n<meta name=\"description\" content=\"Longchang Chemical is a leading manufacturer and supplier of Barium titanate in China. Buy Barium titanate in china. We can provide the best Barium titanate price.\" \/>\n<meta name=\"robots\" content=\"index, follow, max-snippet:-1, max-image-preview:large, max-video-preview:-1\" \/>\n<link rel=\"canonical\" href=\"https:\/\/longchangchemical.com\/fr\/product\/barium-titanate-cas-12047-27-7\/\" \/>\n<meta property=\"og:locale\" content=\"fr_FR\" \/>\n<meta property=\"og:type\" content=\"article\" \/>\n<meta property=\"og:title\" content=\"China Barium titanate Manufacturer \uff06 CAS 12047-27-7 Supplier - Longchang chemical Co., Ltd.\" \/>\n<meta property=\"og:description\" content=\"Longchang Chemical is a leading manufacturer and supplier of Barium titanate in China. Buy Barium titanate in china. We can provide the best Barium titanate price.\" \/>\n<meta property=\"og:url\" content=\"https:\/\/longchangchemical.com\/fr\/product\/barium-titanate-cas-12047-27-7\/\" \/>\n<meta property=\"og:site_name\" content=\"Longchang Chemical\" \/>\n<meta property=\"article:modified_time\" content=\"2025-12-23T06:52:10+00:00\" \/>\n<meta property=\"og:image\" content=\"https:\/\/longchangchemical.com\/wp-content\/uploads\/2021\/01\/Appearance-7.jpg\" \/>\n\t<meta property=\"og:image:width\" content=\"600\" \/>\n\t<meta property=\"og:image:height\" content=\"800\" \/>\n\t<meta property=\"og:image:type\" content=\"image\/jpeg\" \/>\n<meta name=\"twitter:card\" content=\"summary_large_image\" \/>\n<script type=\"application\/ld+json\" class=\"yoast-schema-graph\">{\"@context\":\"https:\/\/schema.org\",\"@graph\":[{\"@type\":\"WebPage\",\"@id\":\"https:\/\/longchangchemical.com\/product\/barium-titanate-cas-12047-27-7\/\",\"url\":\"https:\/\/longchangchemical.com\/product\/barium-titanate-cas-12047-27-7\/\",\"name\":\"China Barium titanate Manufacturer \uff06 CAS 12047-27-7 Supplier - Longchang chemical Co., Ltd.\",\"isPartOf\":{\"@id\":\"https:\/\/longchangchemical.com\/#website\"},\"primaryImageOfPage\":{\"@id\":\"https:\/\/longchangchemical.com\/product\/barium-titanate-cas-12047-27-7\/#primaryimage\"},\"image\":{\"@id\":\"https:\/\/longchangchemical.com\/product\/barium-titanate-cas-12047-27-7\/#primaryimage\"},\"thumbnailUrl\":\"https:\/\/longchangchemical.com\/wp-content\/uploads\/2021\/01\/Appearance-7.jpg\",\"datePublished\":\"2021-01-23T03:18:09+00:00\",\"dateModified\":\"2025-12-23T06:52:10+00:00\",\"description\":\"Longchang Chemical is a leading manufacturer and supplier of Barium titanate in China. Buy Barium titanate in china. We can provide the best Barium titanate price.\",\"breadcrumb\":{\"@id\":\"https:\/\/longchangchemical.com\/product\/barium-titanate-cas-12047-27-7\/#breadcrumb\"},\"inLanguage\":\"fr-FR\",\"potentialAction\":[{\"@type\":\"ReadAction\",\"target\":[\"https:\/\/longchangchemical.com\/product\/barium-titanate-cas-12047-27-7\/\"]}]},{\"@type\":\"ImageObject\",\"inLanguage\":\"fr-FR\",\"@id\":\"https:\/\/longchangchemical.com\/product\/barium-titanate-cas-12047-27-7\/#primaryimage\",\"url\":\"https:\/\/longchangchemical.com\/wp-content\/uploads\/2021\/01\/Appearance-7.jpg\",\"contentUrl\":\"https:\/\/longchangchemical.com\/wp-content\/uploads\/2021\/01\/Appearance-7.jpg\",\"width\":600,\"height\":800,\"caption\":\"Barium titanate Appearance\"},{\"@type\":\"BreadcrumbList\",\"@id\":\"https:\/\/longchangchemical.com\/product\/barium-titanate-cas-12047-27-7\/#breadcrumb\",\"itemListElement\":[{\"@type\":\"ListItem\",\"position\":1,\"name\":\"Home\",\"item\":\"https:\/\/longchangchemical.com\/\"},{\"@type\":\"ListItem\",\"position\":2,\"name\":\"Products Longchang\",\"item\":\"https:\/\/longchangchemical.com\/product\/\"},{\"@type\":\"ListItem\",\"position\":3,\"name\":\"Barium titanate CAS 12047-27-7\"}]},{\"@type\":\"WebSite\",\"@id\":\"https:\/\/longchangchemical.com\/#website\",\"url\":\"https:\/\/longchangchemical.com\/\",\"name\":\"Longchang Chemical\",\"description\":\"China chemical manufacturer \uff06 supplier\",\"publisher\":{\"@id\":\"https:\/\/longchangchemical.com\/#organization\"},\"potentialAction\":[{\"@type\":\"SearchAction\",\"target\":{\"@type\":\"EntryPoint\",\"urlTemplate\":\"https:\/\/longchangchemical.com\/?s={search_term_string}\"},\"query-input\":{\"@type\":\"PropertyValueSpecification\",\"valueRequired\":true,\"valueName\":\"search_term_string\"}}],\"inLanguage\":\"fr-FR\"},{\"@type\":\"Organization\",\"@id\":\"https:\/\/longchangchemical.com\/#organization\",\"name\":\"Longchang Chemical\",\"url\":\"https:\/\/longchangchemical.com\/\",\"logo\":{\"@type\":\"ImageObject\",\"inLanguage\":\"fr-FR\",\"@id\":\"https:\/\/longchangchemical.com\/#\/schema\/logo\/image\/\",\"url\":\"https:\/\/longchangchemical.com\/wp-content\/uploads\/2020\/08\/cropped-longchang-logo.png\",\"contentUrl\":\"https:\/\/longchangchemical.com\/wp-content\/uploads\/2020\/08\/cropped-longchang-logo.png\",\"width\":512,\"height\":512,\"caption\":\"Longchang Chemical\"},\"image\":{\"@id\":\"https:\/\/longchangchemical.com\/#\/schema\/logo\/image\/\"}}]}<\/script>\n<!-- \/ Yoast SEO plugin. -->","yoast_head_json":{"title":"Fabricant chinois de titanate de baryum \uff06 CAS 12047-27-7 Fournisseur - Longchang chemical Co.","description":"Longchang Chemical est un fabricant et fournisseur leader de titanate de baryum en Chine. Achetez du titanate de baryum en Chine. Nous pouvons fournir le meilleur prix de titanate de baryum.","robots":{"index":"index","follow":"follow","max-snippet":"max-snippet:-1","max-image-preview":"max-image-preview:large","max-video-preview":"max-video-preview:-1"},"canonical":"https:\/\/longchangchemical.com\/fr\/product\/barium-titanate-cas-12047-27-7\/","og_locale":"fr_FR","og_type":"article","og_title":"China Barium titanate Manufacturer \uff06 CAS 12047-27-7 Supplier - Longchang chemical Co., Ltd.","og_description":"Longchang Chemical is a leading manufacturer and supplier of Barium titanate in China. Buy Barium titanate in china. We can provide the best Barium titanate price.","og_url":"https:\/\/longchangchemical.com\/fr\/product\/barium-titanate-cas-12047-27-7\/","og_site_name":"Longchang Chemical","article_modified_time":"2025-12-23T06:52:10+00:00","og_image":[{"width":600,"height":800,"url":"https:\/\/longchangchemical.com\/wp-content\/uploads\/2021\/01\/Appearance-7.jpg","type":"image\/jpeg"}],"twitter_card":"summary_large_image","schema":{"@context":"https:\/\/schema.org","@graph":[{"@type":"WebPage","@id":"https:\/\/longchangchemical.com\/product\/barium-titanate-cas-12047-27-7\/","url":"https:\/\/longchangchemical.com\/product\/barium-titanate-cas-12047-27-7\/","name":"Fabricant chinois de titanate de baryum \uff06 CAS 12047-27-7 Fournisseur - Longchang chemical Co.","isPartOf":{"@id":"https:\/\/longchangchemical.com\/#website"},"primaryImageOfPage":{"@id":"https:\/\/longchangchemical.com\/product\/barium-titanate-cas-12047-27-7\/#primaryimage"},"image":{"@id":"https:\/\/longchangchemical.com\/product\/barium-titanate-cas-12047-27-7\/#primaryimage"},"thumbnailUrl":"https:\/\/longchangchemical.com\/wp-content\/uploads\/2021\/01\/Appearance-7.jpg","datePublished":"2021-01-23T03:18:09+00:00","dateModified":"2025-12-23T06:52:10+00:00","description":"Longchang Chemical est un fabricant et fournisseur leader de titanate de baryum en Chine. Achetez du titanate de baryum en Chine. Nous pouvons fournir le meilleur prix de titanate de baryum.","breadcrumb":{"@id":"https:\/\/longchangchemical.com\/product\/barium-titanate-cas-12047-27-7\/#breadcrumb"},"inLanguage":"fr-FR","potentialAction":[{"@type":"ReadAction","target":["https:\/\/longchangchemical.com\/product\/barium-titanate-cas-12047-27-7\/"]}]},{"@type":"ImageObject","inLanguage":"fr-FR","@id":"https:\/\/longchangchemical.com\/product\/barium-titanate-cas-12047-27-7\/#primaryimage","url":"https:\/\/longchangchemical.com\/wp-content\/uploads\/2021\/01\/Appearance-7.jpg","contentUrl":"https:\/\/longchangchemical.com\/wp-content\/uploads\/2021\/01\/Appearance-7.jpg","width":600,"height":800,"caption":"Barium titanate Appearance"},{"@type":"BreadcrumbList","@id":"https:\/\/longchangchemical.com\/product\/barium-titanate-cas-12047-27-7\/#breadcrumb","itemListElement":[{"@type":"ListItem","position":1,"name":"Home","item":"https:\/\/longchangchemical.com\/"},{"@type":"ListItem","position":2,"name":"Products Longchang","item":"https:\/\/longchangchemical.com\/product\/"},{"@type":"ListItem","position":3,"name":"Barium titanate CAS 12047-27-7"}]},{"@type":"WebSite","@id":"https:\/\/longchangchemical.com\/#website","url":"https:\/\/longchangchemical.com\/","name":"Longchang Chemical","description":"Fabricant chinois de produits chimiques \uff06 fournisseur","publisher":{"@id":"https:\/\/longchangchemical.com\/#organization"},"potentialAction":[{"@type":"SearchAction","target":{"@type":"EntryPoint","urlTemplate":"https:\/\/longchangchemical.com\/?s={search_term_string}"},"query-input":{"@type":"PropertyValueSpecification","valueRequired":true,"valueName":"search_term_string"}}],"inLanguage":"fr-FR"},{"@type":"Organization","@id":"https:\/\/longchangchemical.com\/#organization","name":"Longchang Chemical","url":"https:\/\/longchangchemical.com\/","logo":{"@type":"ImageObject","inLanguage":"fr-FR","@id":"https:\/\/longchangchemical.com\/#\/schema\/logo\/image\/","url":"https:\/\/longchangchemical.com\/wp-content\/uploads\/2020\/08\/cropped-longchang-logo.png","contentUrl":"https:\/\/longchangchemical.com\/wp-content\/uploads\/2020\/08\/cropped-longchang-logo.png","width":512,"height":512,"caption":"Longchang Chemical"},"image":{"@id":"https:\/\/longchangchemical.com\/#\/schema\/logo\/image\/"}}]}},"_links":{"self":[{"href":"https:\/\/longchangchemical.com\/fr\/wp-json\/wp\/v2\/product\/3524","targetHints":{"allow":["GET"]}}],"collection":[{"href":"https:\/\/longchangchemical.com\/fr\/wp-json\/wp\/v2\/product"}],"about":[{"href":"https:\/\/longchangchemical.com\/fr\/wp-json\/wp\/v2\/types\/product"}],"replies":[{"embeddable":true,"href":"https:\/\/longchangchemical.com\/fr\/wp-json\/wp\/v2\/comments?post=3524"}],"wp:featuredmedia":[{"embeddable":true,"href":"https:\/\/longchangchemical.com\/fr\/wp-json\/wp\/v2\/media\/4314"}],"wp:attachment":[{"href":"https:\/\/longchangchemical.com\/fr\/wp-json\/wp\/v2\/media?parent=3524"}],"wp:term":[{"taxonomy":"product_brand","embeddable":true,"href":"https:\/\/longchangchemical.com\/fr\/wp-json\/wp\/v2\/product_brand?post=3524"},{"taxonomy":"product_cat","embeddable":true,"href":"https:\/\/longchangchemical.com\/fr\/wp-json\/wp\/v2\/product_cat?post=3524"},{"taxonomy":"product_tag","embeddable":true,"href":"https:\/\/longchangchemical.com\/fr\/wp-json\/wp\/v2\/product_tag?post=3524"}],"curies":[{"name":"wp","href":"https:\/\/api.w.org\/{rel}","templated":true}]}}