{"id":3520,"date":"2021-01-29T14:06:10","date_gmt":"2021-01-29T14:06:10","guid":{"rendered":"https:\/\/longchangchemical.com\/?post_type=product&#038;p=3520"},"modified":"2025-12-23T06:37:36","modified_gmt":"2025-12-23T06:37:36","slug":"soda-lime-cas-8006-28-8","status":"publish","type":"product","link":"https:\/\/longchangchemical.com\/fr\/product\/soda-lime-cas-8006-28-8\/","title":{"rendered":"Chaux sod\u00e9e CAS 8006-28-8"},"content":{"rendered":"<h1><strong>Chaux sod\u00e9e CAS 8006-28-8<\/strong><\/h1>\n<table class=\"table-1\">\n<tbody>\n<tr>\n<td>\n<h4>Articles<\/h4>\n<\/td>\n<td>\n<h4>Sp\u00e9cifications<\/h4>\n<\/td>\n<\/tr>\n<tr>\n<td>\n<h4>Apparence<\/h4>\n<\/td>\n<td>\n<h4>Granul\u00e9s blancs<\/h4>\n<\/td>\n<\/tr>\n<tr>\n<td>\n<h4>Taux d'adsorption du CO2<\/h4>\n<\/td>\n<td>\n<h4>\uff1e25%<\/h4>\n<\/td>\n<\/tr>\n<tr>\n<td>\n<h4>Absorption de l'humidit\u00e9<\/h4>\n<\/td>\n<td>\n<h4>\uff1c7.5%<\/h4>\n<\/td>\n<\/tr>\n<tr>\n<td>\n<h4>L'eau<\/h4>\n<\/td>\n<td>\n<h4>\uff1e10%\uff1c15%<\/h4>\n<\/td>\n<\/tr>\n<tr>\n<td>\n<h4>Duret\u00e9 des particules<\/h4>\n<\/td>\n<td>\n<h4>\uff1e80%<\/h4>\n<\/td>\n<\/tr>\n<tr>\n<td rowspan=\"2\">\n<h4>Taille des particules<\/h4>\n<\/td>\n<td>\n<h4>Tamis \u00e0 4 mailles \uff1c1.0%<\/h4>\n<\/td>\n<\/tr>\n<tr>\n<td>\n<h4>\u00c0 travers 40 mailles \uff1c2%<\/h4>\n<\/td>\n<\/tr>\n<\/tbody>\n<\/table>\n<h2><strong>Quelle est la fonction de la chaux sod\u00e9e ?<\/strong><\/h2>\n<h4>1. Ce produit est un m\u00e9dicament dermatologique utilis\u00e9 dans les m\u00e9dicaments sp\u00e9cialis\u00e9s en vrac.<\/h4>\n<h4>2. La chaux sod\u00e9e est utilis\u00e9e comme r\u00e9actif analytique, comme d\u00e9shydratant et comme absorbeur de dioxyde de carbone.<\/h4>\n<h4>3. La chaux sod\u00e9e de qualit\u00e9 m\u00e9dicale est utilis\u00e9e dans les syst\u00e8mes circulatoires d'anesth\u00e9sie professionnelle et les \u00e9quipements de th\u00e9rapie respiratoire. CO2 clair. Elle peut \u00e9galement \u00eatre utilis\u00e9e dans des domaines tels que la plong\u00e9e et l'industrie.<\/h4>\n<h4>4. La chaux sod\u00e9e est principalement utilis\u00e9e comme d\u00e9shydratant (dans lequel l'oxyde de calcium agit comme agent de s\u00e9chage), elle peut \u00eatre utilis\u00e9e pour s\u00e9cher les gaz neutres tels que l'oxyg\u00e8ne, et elle peut \u00e9galement \u00eatre utilis\u00e9e pour s\u00e9cher le gaz alcalin ammoniac. Il peut \u00e9galement \u00eatre utilis\u00e9 pour absorber des gaz acides tels que le dioxyde de carbone et le dioxyde de soufre. Si seul l'hydroxyde de sodium est pr\u00e9sent, le dessiccateur ne sera pas utilis\u00e9 \u00e0 des temp\u00e9ratures plus \u00e9lev\u00e9es, car l'hydroxyde de sodium peut r\u00e9agir avec la verrerie la plus couramment utilis\u00e9e en laboratoire (le principal composant est la silice) et corroder l'instrument. Une petite quantit\u00e9 de m\u00e9thane provenant du laboratoire peut \u00eatre chauff\u00e9e conjointement avec de la chaux sod\u00e9e et de l'ac\u00e9tate de sodium (ac\u00e9tate de sodium) pour former du carbonate de sodium et du m\u00e9thane.<\/h4>\n<h2><strong>Emballage et exp\u00e9dition de la chaux sod\u00e9e<\/strong><\/h2>\n<h4>Tambour\uff0c16kg<\/h4>\n<p>&nbsp;<\/p>\n<h2><strong>Stockage de la chaux sod\u00e9e<\/strong><\/h2>\n<h4>S\u00e9chage par ventilation \u00e0 basse temp\u00e9rature ; avec acide, sel ammoniac stock\u00e9 s\u00e9par\u00e9ment.<\/h4>\n<p>&nbsp;<\/p>\n<h2><strong><b>Contactez-nous d\u00e8s maintenant !<\/b><\/strong><\/h2>\n<h4><strong><b>Nous fournissons des services personnalis\u00e9s, nous vous contacterons g\u00e9n\u00e9ralement dans les 24 heures. Vous pouvez \u00e9galement m'envoyer un courriel \u00e0 l'adresse info@longchangchemical.com pendant les heures de travail (de 8h30 \u00e0 18h00 UTC+8 du lundi au samedi) ou utiliser le chat en direct du site web pour obtenir une r\u00e9ponse rapide.<\/b><\/strong><\/h4>\n<p>&nbsp;<\/p>","protected":false},"excerpt":{"rendered":"<h4>Nom chimique : Chaux sod\u00e9e<\/h4>\n<h4>Num\u00e9ro CAS : 8006-28-8<\/h4>\n<h4>Formule mol\u00e9culaire : CaHNaO2<\/h4>\n<h4>Structure chimique :<img decoding=\"async\" title=\"image.png\" src=\"https:\/\/www.longchangchemical.com\/wp-content\/uploads\/product-details\/20200617099606.png\" alt=\"image.png\" \/><\/h4>\n<h4>Poids mol\u00e9culaire : 96,07<\/h4>\n<h4>Aspect : granul\u00e9s blancs<\/h4>\n<h4>Analyse\uff1a\uff1e25%<\/h4>","protected":false},"featured_media":4324,"comment_status":"open","ping_status":"closed","template":"","meta":[],"product_brand":[],"product_cat":[69],"product_tag":[],"class_list":{"0":"post-3520","1":"product","2":"type-product","3":"status-publish","4":"has-post-thumbnail","6":"product_cat-catalysts-chemical-auxiliary-agents","8":"first","9":"instock","10":"shipping-taxable","11":"product-type-simple"},"yoast_head":"<!-- This site is optimized with the Yoast SEO plugin v25.3.1 - https:\/\/yoast.com\/wordpress\/plugins\/seo\/ -->\n<title>China Soda lime Manufacturer \uff06 CAS 8006-28-8 Supplier - Longchang chemical Co., Ltd.<\/title>\n<meta name=\"description\" content=\"Longchang Chemical is a leading manufacturer and supplier of Soda lime in China. Buy Soda lime in china. We can provide the best Soda lime price.\" \/>\n<meta name=\"robots\" content=\"index, follow, max-snippet:-1, max-image-preview:large, max-video-preview:-1\" \/>\n<link rel=\"canonical\" href=\"https:\/\/longchangchemical.com\/fr\/product\/soda-lime-cas-8006-28-8\/\" \/>\n<meta property=\"og:locale\" content=\"fr_FR\" \/>\n<meta property=\"og:type\" content=\"article\" \/>\n<meta property=\"og:title\" content=\"China Soda lime Manufacturer \uff06 CAS 8006-28-8 Supplier - Longchang chemical Co., Ltd.\" \/>\n<meta property=\"og:description\" content=\"Longchang Chemical is a leading manufacturer and supplier of Soda lime in China. Buy Soda lime in china. We can provide the best Soda lime price.\" \/>\n<meta property=\"og:url\" content=\"https:\/\/longchangchemical.com\/fr\/product\/soda-lime-cas-8006-28-8\/\" \/>\n<meta property=\"og:site_name\" content=\"Longchang Chemical\" \/>\n<meta property=\"article:modified_time\" content=\"2025-12-23T06:37:36+00:00\" \/>\n<meta property=\"og:image\" content=\"https:\/\/longchangchemical.com\/wp-content\/uploads\/2021\/01\/soda-lime-Appearance.gif\" \/>\n\t<meta property=\"og:image:width\" content=\"600\" \/>\n\t<meta property=\"og:image:height\" content=\"800\" \/>\n\t<meta property=\"og:image:type\" content=\"image\/gif\" \/>\n<meta name=\"twitter:card\" content=\"summary_large_image\" \/>\n<script type=\"application\/ld+json\" class=\"yoast-schema-graph\">{\"@context\":\"https:\/\/schema.org\",\"@graph\":[{\"@type\":\"WebPage\",\"@id\":\"https:\/\/longchangchemical.com\/product\/soda-lime-cas-8006-28-8\/\",\"url\":\"https:\/\/longchangchemical.com\/product\/soda-lime-cas-8006-28-8\/\",\"name\":\"China Soda lime Manufacturer \uff06 CAS 8006-28-8 Supplier - Longchang chemical Co., Ltd.\",\"isPartOf\":{\"@id\":\"https:\/\/longchangchemical.com\/#website\"},\"primaryImageOfPage\":{\"@id\":\"https:\/\/longchangchemical.com\/product\/soda-lime-cas-8006-28-8\/#primaryimage\"},\"image\":{\"@id\":\"https:\/\/longchangchemical.com\/product\/soda-lime-cas-8006-28-8\/#primaryimage\"},\"thumbnailUrl\":\"https:\/\/longchangchemical.com\/wp-content\/uploads\/2021\/01\/soda-lime-Appearance.gif\",\"datePublished\":\"2021-01-29T14:06:10+00:00\",\"dateModified\":\"2025-12-23T06:37:36+00:00\",\"description\":\"Longchang Chemical is a leading manufacturer and supplier of Soda lime in China. Buy Soda lime in china. We can provide the best Soda lime price.\",\"breadcrumb\":{\"@id\":\"https:\/\/longchangchemical.com\/product\/soda-lime-cas-8006-28-8\/#breadcrumb\"},\"inLanguage\":\"fr-FR\",\"potentialAction\":[{\"@type\":\"ReadAction\",\"target\":[\"https:\/\/longchangchemical.com\/product\/soda-lime-cas-8006-28-8\/\"]}]},{\"@type\":\"ImageObject\",\"inLanguage\":\"fr-FR\",\"@id\":\"https:\/\/longchangchemical.com\/product\/soda-lime-cas-8006-28-8\/#primaryimage\",\"url\":\"https:\/\/longchangchemical.com\/wp-content\/uploads\/2021\/01\/soda-lime-Appearance.gif\",\"contentUrl\":\"https:\/\/longchangchemical.com\/wp-content\/uploads\/2021\/01\/soda-lime-Appearance.gif\",\"width\":600,\"height\":800,\"caption\":\"soda lime Appearance\"},{\"@type\":\"BreadcrumbList\",\"@id\":\"https:\/\/longchangchemical.com\/product\/soda-lime-cas-8006-28-8\/#breadcrumb\",\"itemListElement\":[{\"@type\":\"ListItem\",\"position\":1,\"name\":\"Home\",\"item\":\"https:\/\/longchangchemical.com\/\"},{\"@type\":\"ListItem\",\"position\":2,\"name\":\"Products Longchang\",\"item\":\"https:\/\/longchangchemical.com\/product\/\"},{\"@type\":\"ListItem\",\"position\":3,\"name\":\"Soda lime CAS 8006-28-8\"}]},{\"@type\":\"WebSite\",\"@id\":\"https:\/\/longchangchemical.com\/#website\",\"url\":\"https:\/\/longchangchemical.com\/\",\"name\":\"Longchang Chemical\",\"description\":\"China chemical manufacturer \uff06 supplier\",\"publisher\":{\"@id\":\"https:\/\/longchangchemical.com\/#organization\"},\"potentialAction\":[{\"@type\":\"SearchAction\",\"target\":{\"@type\":\"EntryPoint\",\"urlTemplate\":\"https:\/\/longchangchemical.com\/?s={search_term_string}\"},\"query-input\":{\"@type\":\"PropertyValueSpecification\",\"valueRequired\":true,\"valueName\":\"search_term_string\"}}],\"inLanguage\":\"fr-FR\"},{\"@type\":\"Organization\",\"@id\":\"https:\/\/longchangchemical.com\/#organization\",\"name\":\"Longchang Chemical\",\"url\":\"https:\/\/longchangchemical.com\/\",\"logo\":{\"@type\":\"ImageObject\",\"inLanguage\":\"fr-FR\",\"@id\":\"https:\/\/longchangchemical.com\/#\/schema\/logo\/image\/\",\"url\":\"https:\/\/longchangchemical.com\/wp-content\/uploads\/2020\/08\/cropped-longchang-logo.png\",\"contentUrl\":\"https:\/\/longchangchemical.com\/wp-content\/uploads\/2020\/08\/cropped-longchang-logo.png\",\"width\":512,\"height\":512,\"caption\":\"Longchang Chemical\"},\"image\":{\"@id\":\"https:\/\/longchangchemical.com\/#\/schema\/logo\/image\/\"}}]}<\/script>\n<!-- \/ Yoast SEO plugin. -->","yoast_head_json":{"title":"Fabricant chinois de chaux sod\u00e9e \uff06 CAS 8006-28-8 Fournisseur - Longchang chemical Co.","description":"Longchang Chemical est un fabricant et fournisseur leader de chaux sod\u00e9e en Chine. Acheter de la chaux sod\u00e9e en Chine. Nous pouvons fournir le meilleur prix de chaux sod\u00e9e.","robots":{"index":"index","follow":"follow","max-snippet":"max-snippet:-1","max-image-preview":"max-image-preview:large","max-video-preview":"max-video-preview:-1"},"canonical":"https:\/\/longchangchemical.com\/fr\/product\/soda-lime-cas-8006-28-8\/","og_locale":"fr_FR","og_type":"article","og_title":"China Soda lime Manufacturer \uff06 CAS 8006-28-8 Supplier - Longchang chemical Co., Ltd.","og_description":"Longchang Chemical is a leading manufacturer and supplier of Soda lime in China. Buy Soda lime in china. We can provide the best Soda lime price.","og_url":"https:\/\/longchangchemical.com\/fr\/product\/soda-lime-cas-8006-28-8\/","og_site_name":"Longchang Chemical","article_modified_time":"2025-12-23T06:37:36+00:00","og_image":[{"width":600,"height":800,"url":"https:\/\/longchangchemical.com\/wp-content\/uploads\/2021\/01\/soda-lime-Appearance.gif","type":"image\/gif"}],"twitter_card":"summary_large_image","schema":{"@context":"https:\/\/schema.org","@graph":[{"@type":"WebPage","@id":"https:\/\/longchangchemical.com\/product\/soda-lime-cas-8006-28-8\/","url":"https:\/\/longchangchemical.com\/product\/soda-lime-cas-8006-28-8\/","name":"Fabricant chinois de chaux sod\u00e9e \uff06 CAS 8006-28-8 Fournisseur - Longchang chemical Co.","isPartOf":{"@id":"https:\/\/longchangchemical.com\/#website"},"primaryImageOfPage":{"@id":"https:\/\/longchangchemical.com\/product\/soda-lime-cas-8006-28-8\/#primaryimage"},"image":{"@id":"https:\/\/longchangchemical.com\/product\/soda-lime-cas-8006-28-8\/#primaryimage"},"thumbnailUrl":"https:\/\/longchangchemical.com\/wp-content\/uploads\/2021\/01\/soda-lime-Appearance.gif","datePublished":"2021-01-29T14:06:10+00:00","dateModified":"2025-12-23T06:37:36+00:00","description":"Longchang Chemical est un fabricant et fournisseur leader de chaux sod\u00e9e en Chine. Acheter de la chaux sod\u00e9e en Chine. Nous pouvons fournir le meilleur prix de chaux sod\u00e9e.","breadcrumb":{"@id":"https:\/\/longchangchemical.com\/product\/soda-lime-cas-8006-28-8\/#breadcrumb"},"inLanguage":"fr-FR","potentialAction":[{"@type":"ReadAction","target":["https:\/\/longchangchemical.com\/product\/soda-lime-cas-8006-28-8\/"]}]},{"@type":"ImageObject","inLanguage":"fr-FR","@id":"https:\/\/longchangchemical.com\/product\/soda-lime-cas-8006-28-8\/#primaryimage","url":"https:\/\/longchangchemical.com\/wp-content\/uploads\/2021\/01\/soda-lime-Appearance.gif","contentUrl":"https:\/\/longchangchemical.com\/wp-content\/uploads\/2021\/01\/soda-lime-Appearance.gif","width":600,"height":800,"caption":"soda lime Appearance"},{"@type":"BreadcrumbList","@id":"https:\/\/longchangchemical.com\/product\/soda-lime-cas-8006-28-8\/#breadcrumb","itemListElement":[{"@type":"ListItem","position":1,"name":"Home","item":"https:\/\/longchangchemical.com\/"},{"@type":"ListItem","position":2,"name":"Products Longchang","item":"https:\/\/longchangchemical.com\/product\/"},{"@type":"ListItem","position":3,"name":"Soda lime CAS 8006-28-8"}]},{"@type":"WebSite","@id":"https:\/\/longchangchemical.com\/#website","url":"https:\/\/longchangchemical.com\/","name":"Longchang Chemical","description":"Fabricant chinois de produits chimiques \uff06 fournisseur","publisher":{"@id":"https:\/\/longchangchemical.com\/#organization"},"potentialAction":[{"@type":"SearchAction","target":{"@type":"EntryPoint","urlTemplate":"https:\/\/longchangchemical.com\/?s={search_term_string}"},"query-input":{"@type":"PropertyValueSpecification","valueRequired":true,"valueName":"search_term_string"}}],"inLanguage":"fr-FR"},{"@type":"Organization","@id":"https:\/\/longchangchemical.com\/#organization","name":"Longchang Chemical","url":"https:\/\/longchangchemical.com\/","logo":{"@type":"ImageObject","inLanguage":"fr-FR","@id":"https:\/\/longchangchemical.com\/#\/schema\/logo\/image\/","url":"https:\/\/longchangchemical.com\/wp-content\/uploads\/2020\/08\/cropped-longchang-logo.png","contentUrl":"https:\/\/longchangchemical.com\/wp-content\/uploads\/2020\/08\/cropped-longchang-logo.png","width":512,"height":512,"caption":"Longchang Chemical"},"image":{"@id":"https:\/\/longchangchemical.com\/#\/schema\/logo\/image\/"}}]}},"_links":{"self":[{"href":"https:\/\/longchangchemical.com\/fr\/wp-json\/wp\/v2\/product\/3520","targetHints":{"allow":["GET"]}}],"collection":[{"href":"https:\/\/longchangchemical.com\/fr\/wp-json\/wp\/v2\/product"}],"about":[{"href":"https:\/\/longchangchemical.com\/fr\/wp-json\/wp\/v2\/types\/product"}],"replies":[{"embeddable":true,"href":"https:\/\/longchangchemical.com\/fr\/wp-json\/wp\/v2\/comments?post=3520"}],"wp:featuredmedia":[{"embeddable":true,"href":"https:\/\/longchangchemical.com\/fr\/wp-json\/wp\/v2\/media\/4324"}],"wp:attachment":[{"href":"https:\/\/longchangchemical.com\/fr\/wp-json\/wp\/v2\/media?parent=3520"}],"wp:term":[{"taxonomy":"product_brand","embeddable":true,"href":"https:\/\/longchangchemical.com\/fr\/wp-json\/wp\/v2\/product_brand?post=3520"},{"taxonomy":"product_cat","embeddable":true,"href":"https:\/\/longchangchemical.com\/fr\/wp-json\/wp\/v2\/product_cat?post=3520"},{"taxonomy":"product_tag","embeddable":true,"href":"https:\/\/longchangchemical.com\/fr\/wp-json\/wp\/v2\/product_tag?post=3520"}],"curies":[{"name":"wp","href":"https:\/\/api.w.org\/{rel}","templated":true}]}}