{"id":3516,"date":"2021-01-21T12:33:30","date_gmt":"2021-01-21T12:33:30","guid":{"rendered":"https:\/\/longchangchemical.com\/?post_type=product&#038;p=3516"},"modified":"2025-12-23T06:24:29","modified_gmt":"2025-12-23T06:24:29","slug":"tetrahydrofurfuryl-alcohol-cas-97-99-4","status":"publish","type":"product","link":"https:\/\/longchangchemical.com\/fr\/product\/tetrahydrofurfuryl-alcohol-cas-97-99-4\/","title":{"rendered":"Alcool t\u00e9trahydrofurfurylique CAS 97-99-4"},"content":{"rendered":"<h1><strong>Alcool t\u00e9trahydrofurfurylique CAS 97-99-4<\/strong><\/h1>\n<table class=\"table-1\" cellspacing=\"0\" cellpadding=\"0\">\n<tbody>\n<tr align=\"left\">\n<td>\n<h4><span data-spm-anchor-id=\"a2700.details.pronpeci14.i1.64a8df29HuFdWa\">Essai<\/span><\/h4>\n<\/td>\n<td>\n<h4>99% min<\/h4>\n<\/td>\n<\/tr>\n<tr align=\"left\">\n<td>\n<h4>L'eau<\/h4>\n<\/td>\n<td>\n<h4>0,2% max<\/h4>\n<\/td>\n<\/tr>\n<tr align=\"left\">\n<td>\n<h4>Alcool furfurylique<\/h4>\n<\/td>\n<td>\n<h4>0,2% max<\/h4>\n<\/td>\n<\/tr>\n<tr align=\"left\">\n<td>\n<h4>Rotation optique sp\u00e9cifique<\/h4>\n<\/td>\n<td>\n<h4>1.449-1.453<\/h4>\n<\/td>\n<\/tr>\n<tr align=\"left\">\n<td>\n<h4>Densit\u00e9 sp\u00e9cifique<\/h4>\n<\/td>\n<td>\n<h4>1.050-1.054<\/h4>\n<\/td>\n<\/tr>\n<tr align=\"left\">\n<td>\n<h4>Couleur (hazen)<\/h4>\n<\/td>\n<td>\n<h4>15 max<\/h4>\n<\/td>\n<\/tr>\n<\/tbody>\n<\/table>\n<p>&nbsp;<\/p>\n<h2><strong>Alcool t\u00e9trahydrofurfurylique Utilisation<\/strong><\/h2>\n<h4><span class=\"JLqJ4b ChMk0b\" data-language-for-alternatives=\"en\" data-language-to-translate-into=\"auto\" data-phrase-index=\"0\">1 L'alcool t\u00e9trahydrofurfurylique est utilis\u00e9 pour pr\u00e9parer l'acide succinique, le pentanediol, le t\u00e9trahydrofurane, le pyran, etc.<\/span><\/h4>\n<h4><span class=\"JLqJ4b ChMk0b\" data-language-for-alternatives=\"en\" data-language-to-translate-into=\"auto\" data-phrase-index=\"2\">2. L'alcool t\u00e9trahydrofurfurylique est \u00e9galement utilis\u00e9 comme solvant pour la peinture, la r\u00e9sine et la graisse.<\/span><\/h4>\n<h4><span class=\"JLqJ4b ChMk0b\" data-language-for-alternatives=\"en\" data-language-to-translate-into=\"auto\" data-phrase-index=\"4\">3. Dans l'industrie de l'impression et de la teinture, l'alcool t\u00e9trahydrofurfurylique est utilis\u00e9 comme lubrifiant, dispersant, agent d\u00e9colorant et d\u00e9sodorisant pour les m\u00e9dicaments, et comme mati\u00e8re premi\u00e8re pour la synth\u00e8se organique telle que les plastifiants, les herbicides et les pesticides.<\/span><\/h4>\n<h4><span class=\"JLqJ4b ChMk0b\" data-language-for-alternatives=\"en\" data-language-to-translate-into=\"auto\" data-phrase-index=\"6\">4. L'alcool t\u00e9trahydrofurfurylique est brom\u00e9 pour obtenir le bromure de m\u00e9thyle de t\u00e9trahydrofurane, qui est remplac\u00e9 par du thiosulfate de sodium pour obtenir le thiosulfate de m\u00e9thyle de t\u00e9trahydrofurane.<\/span> <span class=\"JLqJ4b ChMk0b\" data-language-for-alternatives=\"en\" data-language-to-translate-into=\"auto\" data-phrase-index=\"7\">C'est la mati\u00e8re premi\u00e8re de la vitamine B1 \u00e0 action prolong\u00e9e (furan thiamine).<\/span><\/h4>\n<p>&nbsp;<\/p>\n<h2><strong>Alcool t\u00e9trahydrofurfurylique<\/strong><strong>ohol Packing<\/strong><\/h2>\n<h4>220kgnet perirondrum, 1FCL=17.6MT;1 X ISO TANK =20MT<\/h4>\n<p>&nbsp;<\/p>\n<h2><strong>Alcool t\u00e9trahydrofurfurylique Stockage<\/strong><\/h2>\n<h4>Stocker dans un endroit frais et sec, \u00e0 l'abri de la lumi\u00e8re du soleil.<\/h4>\n<p>&nbsp;<\/p>\n<h2><strong><b>Contactez-nous d\u00e8s maintenant !<\/b><\/strong><\/h2>\n<h4><strong><b>Nous fournissons des services personnalis\u00e9s, nous vous contacterons g\u00e9n\u00e9ralement dans les 24 heures. Vous pouvez \u00e9galement m'envoyer un courriel \u00e0 l'adresse info@longchangchemical.com pendant les heures de travail (de 8h30 \u00e0 18h00 UTC+8 du lundi au samedi) ou utiliser le chat en direct du site web pour obtenir une r\u00e9ponse rapide.<\/b><\/strong><\/h4>","protected":false},"excerpt":{"rendered":"<h4>Nom du produit : Alcool t\u00e9trahydrofurfurylique<\/h4>\n<h4>CAS : 97-99-4<\/h4>\n<h4>MF : C5H10O2<\/h4>\n<h4>MW : 102,13<\/h4>","protected":false},"featured_media":4306,"comment_status":"open","ping_status":"closed","template":"","meta":[],"product_brand":[],"product_cat":[69],"product_tag":[],"class_list":{"0":"post-3516","1":"product","2":"type-product","3":"status-publish","4":"has-post-thumbnail","6":"product_cat-catalysts-chemical-auxiliary-agents","8":"first","9":"instock","10":"shipping-taxable","11":"product-type-simple"},"yoast_head":"<!-- This site is optimized with the Yoast SEO plugin v25.3.1 - https:\/\/yoast.com\/wordpress\/plugins\/seo\/ -->\n<title>China Tetrahydrofurfuryl alcohol Manufacturer \uff06 Supplier - Longchang chemical Co., Ltd.<\/title>\n<meta name=\"description\" content=\"Longchang Chemical is a leading manufacturer and supplier of Tetrahydrofurfuryl alcohol in China. Buy Tetrahydrofurfuryl alcohol in china. We can provide the best Tetrahydrofurfuryl alcohol price.\" \/>\n<meta name=\"robots\" content=\"index, follow, max-snippet:-1, max-image-preview:large, max-video-preview:-1\" \/>\n<link rel=\"canonical\" href=\"https:\/\/longchangchemical.com\/fr\/product\/tetrahydrofurfuryl-alcohol-cas-97-99-4\/\" \/>\n<meta property=\"og:locale\" content=\"fr_FR\" \/>\n<meta property=\"og:type\" content=\"article\" \/>\n<meta property=\"og:title\" content=\"China Tetrahydrofurfuryl alcohol Manufacturer \uff06 Supplier - Longchang chemical Co., Ltd.\" \/>\n<meta property=\"og:description\" content=\"Longchang Chemical is a leading manufacturer and supplier of Tetrahydrofurfuryl alcohol in China. Buy Tetrahydrofurfuryl alcohol in china. We can provide the best Tetrahydrofurfuryl alcohol price.\" \/>\n<meta property=\"og:url\" content=\"https:\/\/longchangchemical.com\/fr\/product\/tetrahydrofurfuryl-alcohol-cas-97-99-4\/\" \/>\n<meta property=\"og:site_name\" content=\"Longchang Chemical\" \/>\n<meta property=\"article:modified_time\" content=\"2025-12-23T06:24:29+00:00\" \/>\n<meta property=\"og:image\" content=\"https:\/\/longchangchemical.com\/wp-content\/uploads\/2021\/01\/Tetrahydrofurfuryl-alcohol-Appearance.jpg\" \/>\n\t<meta property=\"og:image:width\" content=\"600\" \/>\n\t<meta property=\"og:image:height\" content=\"800\" \/>\n\t<meta property=\"og:image:type\" content=\"image\/jpeg\" \/>\n<meta name=\"twitter:card\" content=\"summary_large_image\" \/>\n<script type=\"application\/ld+json\" class=\"yoast-schema-graph\">{\"@context\":\"https:\/\/schema.org\",\"@graph\":[{\"@type\":\"WebPage\",\"@id\":\"https:\/\/longchangchemical.com\/product\/tetrahydrofurfuryl-alcohol-cas-97-99-4\/\",\"url\":\"https:\/\/longchangchemical.com\/product\/tetrahydrofurfuryl-alcohol-cas-97-99-4\/\",\"name\":\"China Tetrahydrofurfuryl alcohol Manufacturer \uff06 Supplier - Longchang chemical Co., Ltd.\",\"isPartOf\":{\"@id\":\"https:\/\/longchangchemical.com\/#website\"},\"primaryImageOfPage\":{\"@id\":\"https:\/\/longchangchemical.com\/product\/tetrahydrofurfuryl-alcohol-cas-97-99-4\/#primaryimage\"},\"image\":{\"@id\":\"https:\/\/longchangchemical.com\/product\/tetrahydrofurfuryl-alcohol-cas-97-99-4\/#primaryimage\"},\"thumbnailUrl\":\"https:\/\/longchangchemical.com\/wp-content\/uploads\/2021\/01\/Tetrahydrofurfuryl-alcohol-Appearance.jpg\",\"datePublished\":\"2021-01-21T12:33:30+00:00\",\"dateModified\":\"2025-12-23T06:24:29+00:00\",\"description\":\"Longchang Chemical is a leading manufacturer and supplier of Tetrahydrofurfuryl alcohol in China. Buy Tetrahydrofurfuryl alcohol in china. We can provide the best Tetrahydrofurfuryl alcohol price.\",\"breadcrumb\":{\"@id\":\"https:\/\/longchangchemical.com\/product\/tetrahydrofurfuryl-alcohol-cas-97-99-4\/#breadcrumb\"},\"inLanguage\":\"fr-FR\",\"potentialAction\":[{\"@type\":\"ReadAction\",\"target\":[\"https:\/\/longchangchemical.com\/product\/tetrahydrofurfuryl-alcohol-cas-97-99-4\/\"]}]},{\"@type\":\"ImageObject\",\"inLanguage\":\"fr-FR\",\"@id\":\"https:\/\/longchangchemical.com\/product\/tetrahydrofurfuryl-alcohol-cas-97-99-4\/#primaryimage\",\"url\":\"https:\/\/longchangchemical.com\/wp-content\/uploads\/2021\/01\/Tetrahydrofurfuryl-alcohol-Appearance.jpg\",\"contentUrl\":\"https:\/\/longchangchemical.com\/wp-content\/uploads\/2021\/01\/Tetrahydrofurfuryl-alcohol-Appearance.jpg\",\"width\":600,\"height\":800,\"caption\":\"Tetrahydrofurfuryl alcohol Appearance\"},{\"@type\":\"BreadcrumbList\",\"@id\":\"https:\/\/longchangchemical.com\/product\/tetrahydrofurfuryl-alcohol-cas-97-99-4\/#breadcrumb\",\"itemListElement\":[{\"@type\":\"ListItem\",\"position\":1,\"name\":\"Home\",\"item\":\"https:\/\/longchangchemical.com\/\"},{\"@type\":\"ListItem\",\"position\":2,\"name\":\"Products Longchang\",\"item\":\"https:\/\/longchangchemical.com\/product\/\"},{\"@type\":\"ListItem\",\"position\":3,\"name\":\"Tetrahydrofurfuryl alcohol CAS 97-99-4\"}]},{\"@type\":\"WebSite\",\"@id\":\"https:\/\/longchangchemical.com\/#website\",\"url\":\"https:\/\/longchangchemical.com\/\",\"name\":\"Longchang Chemical\",\"description\":\"China chemical manufacturer \uff06 supplier\",\"publisher\":{\"@id\":\"https:\/\/longchangchemical.com\/#organization\"},\"potentialAction\":[{\"@type\":\"SearchAction\",\"target\":{\"@type\":\"EntryPoint\",\"urlTemplate\":\"https:\/\/longchangchemical.com\/?s={search_term_string}\"},\"query-input\":{\"@type\":\"PropertyValueSpecification\",\"valueRequired\":true,\"valueName\":\"search_term_string\"}}],\"inLanguage\":\"fr-FR\"},{\"@type\":\"Organization\",\"@id\":\"https:\/\/longchangchemical.com\/#organization\",\"name\":\"Longchang Chemical\",\"url\":\"https:\/\/longchangchemical.com\/\",\"logo\":{\"@type\":\"ImageObject\",\"inLanguage\":\"fr-FR\",\"@id\":\"https:\/\/longchangchemical.com\/#\/schema\/logo\/image\/\",\"url\":\"https:\/\/longchangchemical.com\/wp-content\/uploads\/2020\/08\/cropped-longchang-logo.png\",\"contentUrl\":\"https:\/\/longchangchemical.com\/wp-content\/uploads\/2020\/08\/cropped-longchang-logo.png\",\"width\":512,\"height\":512,\"caption\":\"Longchang Chemical\"},\"image\":{\"@id\":\"https:\/\/longchangchemical.com\/#\/schema\/logo\/image\/\"}}]}<\/script>\n<!-- \/ Yoast SEO plugin. -->","yoast_head_json":{"title":"China Tetrahydrofurfuryl alcohol Manufacturer \uff06 Supplier - Longchang chemical Co., Ltd.","description":"Longchang Chemical est un fabricant et fournisseur leader d'alcool t\u00e9trahydrofurfurylique en Chine. Acheter l'alcool t\u00e9trahydrofurfurylique en Chine. Nous pouvons vous fournir le meilleur prix d'alcool t\u00e9trahydrofurfurylique.","robots":{"index":"index","follow":"follow","max-snippet":"max-snippet:-1","max-image-preview":"max-image-preview:large","max-video-preview":"max-video-preview:-1"},"canonical":"https:\/\/longchangchemical.com\/fr\/product\/tetrahydrofurfuryl-alcohol-cas-97-99-4\/","og_locale":"fr_FR","og_type":"article","og_title":"China Tetrahydrofurfuryl alcohol Manufacturer \uff06 Supplier - Longchang chemical Co., Ltd.","og_description":"Longchang Chemical is a leading manufacturer and supplier of Tetrahydrofurfuryl alcohol in China. Buy Tetrahydrofurfuryl alcohol in china. We can provide the best Tetrahydrofurfuryl alcohol price.","og_url":"https:\/\/longchangchemical.com\/fr\/product\/tetrahydrofurfuryl-alcohol-cas-97-99-4\/","og_site_name":"Longchang Chemical","article_modified_time":"2025-12-23T06:24:29+00:00","og_image":[{"width":600,"height":800,"url":"https:\/\/longchangchemical.com\/wp-content\/uploads\/2021\/01\/Tetrahydrofurfuryl-alcohol-Appearance.jpg","type":"image\/jpeg"}],"twitter_card":"summary_large_image","schema":{"@context":"https:\/\/schema.org","@graph":[{"@type":"WebPage","@id":"https:\/\/longchangchemical.com\/product\/tetrahydrofurfuryl-alcohol-cas-97-99-4\/","url":"https:\/\/longchangchemical.com\/product\/tetrahydrofurfuryl-alcohol-cas-97-99-4\/","name":"China Tetrahydrofurfuryl alcohol Manufacturer \uff06 Supplier - Longchang chemical Co., Ltd.","isPartOf":{"@id":"https:\/\/longchangchemical.com\/#website"},"primaryImageOfPage":{"@id":"https:\/\/longchangchemical.com\/product\/tetrahydrofurfuryl-alcohol-cas-97-99-4\/#primaryimage"},"image":{"@id":"https:\/\/longchangchemical.com\/product\/tetrahydrofurfuryl-alcohol-cas-97-99-4\/#primaryimage"},"thumbnailUrl":"https:\/\/longchangchemical.com\/wp-content\/uploads\/2021\/01\/Tetrahydrofurfuryl-alcohol-Appearance.jpg","datePublished":"2021-01-21T12:33:30+00:00","dateModified":"2025-12-23T06:24:29+00:00","description":"Longchang Chemical est un fabricant et fournisseur leader d'alcool t\u00e9trahydrofurfurylique en Chine. Acheter l'alcool t\u00e9trahydrofurfurylique en Chine. Nous pouvons vous fournir le meilleur prix d'alcool t\u00e9trahydrofurfurylique.","breadcrumb":{"@id":"https:\/\/longchangchemical.com\/product\/tetrahydrofurfuryl-alcohol-cas-97-99-4\/#breadcrumb"},"inLanguage":"fr-FR","potentialAction":[{"@type":"ReadAction","target":["https:\/\/longchangchemical.com\/product\/tetrahydrofurfuryl-alcohol-cas-97-99-4\/"]}]},{"@type":"ImageObject","inLanguage":"fr-FR","@id":"https:\/\/longchangchemical.com\/product\/tetrahydrofurfuryl-alcohol-cas-97-99-4\/#primaryimage","url":"https:\/\/longchangchemical.com\/wp-content\/uploads\/2021\/01\/Tetrahydrofurfuryl-alcohol-Appearance.jpg","contentUrl":"https:\/\/longchangchemical.com\/wp-content\/uploads\/2021\/01\/Tetrahydrofurfuryl-alcohol-Appearance.jpg","width":600,"height":800,"caption":"Tetrahydrofurfuryl alcohol Appearance"},{"@type":"BreadcrumbList","@id":"https:\/\/longchangchemical.com\/product\/tetrahydrofurfuryl-alcohol-cas-97-99-4\/#breadcrumb","itemListElement":[{"@type":"ListItem","position":1,"name":"Home","item":"https:\/\/longchangchemical.com\/"},{"@type":"ListItem","position":2,"name":"Products Longchang","item":"https:\/\/longchangchemical.com\/product\/"},{"@type":"ListItem","position":3,"name":"Tetrahydrofurfuryl alcohol CAS 97-99-4"}]},{"@type":"WebSite","@id":"https:\/\/longchangchemical.com\/#website","url":"https:\/\/longchangchemical.com\/","name":"Longchang Chemical","description":"Fabricant chinois de produits chimiques \uff06 fournisseur","publisher":{"@id":"https:\/\/longchangchemical.com\/#organization"},"potentialAction":[{"@type":"SearchAction","target":{"@type":"EntryPoint","urlTemplate":"https:\/\/longchangchemical.com\/?s={search_term_string}"},"query-input":{"@type":"PropertyValueSpecification","valueRequired":true,"valueName":"search_term_string"}}],"inLanguage":"fr-FR"},{"@type":"Organization","@id":"https:\/\/longchangchemical.com\/#organization","name":"Longchang Chemical","url":"https:\/\/longchangchemical.com\/","logo":{"@type":"ImageObject","inLanguage":"fr-FR","@id":"https:\/\/longchangchemical.com\/#\/schema\/logo\/image\/","url":"https:\/\/longchangchemical.com\/wp-content\/uploads\/2020\/08\/cropped-longchang-logo.png","contentUrl":"https:\/\/longchangchemical.com\/wp-content\/uploads\/2020\/08\/cropped-longchang-logo.png","width":512,"height":512,"caption":"Longchang Chemical"},"image":{"@id":"https:\/\/longchangchemical.com\/#\/schema\/logo\/image\/"}}]}},"_links":{"self":[{"href":"https:\/\/longchangchemical.com\/fr\/wp-json\/wp\/v2\/product\/3516","targetHints":{"allow":["GET"]}}],"collection":[{"href":"https:\/\/longchangchemical.com\/fr\/wp-json\/wp\/v2\/product"}],"about":[{"href":"https:\/\/longchangchemical.com\/fr\/wp-json\/wp\/v2\/types\/product"}],"replies":[{"embeddable":true,"href":"https:\/\/longchangchemical.com\/fr\/wp-json\/wp\/v2\/comments?post=3516"}],"wp:featuredmedia":[{"embeddable":true,"href":"https:\/\/longchangchemical.com\/fr\/wp-json\/wp\/v2\/media\/4306"}],"wp:attachment":[{"href":"https:\/\/longchangchemical.com\/fr\/wp-json\/wp\/v2\/media?parent=3516"}],"wp:term":[{"taxonomy":"product_brand","embeddable":true,"href":"https:\/\/longchangchemical.com\/fr\/wp-json\/wp\/v2\/product_brand?post=3516"},{"taxonomy":"product_cat","embeddable":true,"href":"https:\/\/longchangchemical.com\/fr\/wp-json\/wp\/v2\/product_cat?post=3516"},{"taxonomy":"product_tag","embeddable":true,"href":"https:\/\/longchangchemical.com\/fr\/wp-json\/wp\/v2\/product_tag?post=3516"}],"curies":[{"name":"wp","href":"https:\/\/api.w.org\/{rel}","templated":true}]}}