{"id":3513,"date":"2021-01-21T12:14:52","date_gmt":"2021-01-21T12:14:52","guid":{"rendered":"https:\/\/longchangchemical.com\/?post_type=product&#038;p=3513"},"modified":"2025-12-23T06:16:36","modified_gmt":"2025-12-23T06:16:36","slug":"ceramides-cas-100403-19-8","status":"publish","type":"product","link":"https:\/\/longchangchemical.com\/fr\/product\/ceramides-cas-100403-19-8\/","title":{"rendered":"C\u00e9ramides CAS 100403-19-8"},"content":{"rendered":"<h1>C\u00e9ramides CAS 100403-19-8<\/h1>\n<table class=\"table-1\">\n<tbody>\n<tr>\n<td>\n<h4><strong>Articles<\/strong><\/h4>\n<\/td>\n<td>\n<h4><strong>Sp\u00e9cifications<\/strong><\/h4>\n<\/td>\n<\/tr>\n<tr>\n<td>\n<h4>Apparence<\/h4>\n<\/td>\n<td>\n<h4>Poudre blanche<\/h4>\n<\/td>\n<\/tr>\n<tr>\n<td>\n<h4>Odeur<\/h4>\n<\/td>\n<td>\n<h4>Caract\u00e9ristique<\/h4>\n<\/td>\n<\/tr>\n<tr>\n<td>\n<h4>Analyse par tamisage<\/h4>\n<\/td>\n<td>\n<h4>100% pass 60 mesh<\/h4>\n<\/td>\n<\/tr>\n<tr>\n<td>\n<h4>Eau (KF)<\/h4>\n<\/td>\n<td>\n<h4>\u22645.0%<\/h4>\n<\/td>\n<\/tr>\n<tr>\n<td>\n<h4>R\u00e9sidus d'allumage<\/h4>\n<\/td>\n<td>\n<h4>&lt;0,5%<\/h4>\n<\/td>\n<\/tr>\n<tr>\n<td>\n<h4>M\u00e9taux lourds<\/h4>\n<\/td>\n<td>\n<h4>&lt;20ppm<\/h4>\n<\/td>\n<\/tr>\n<tr>\n<td>\n<h4>En tant que<\/h4>\n<\/td>\n<td>\n<h4>&lt;2ppm<\/h4>\n<\/td>\n<\/tr>\n<tr>\n<td>\n<h4>Nombre total de plaques<\/h4>\n<\/td>\n<td>\n<h4>&lt;1000cfu\/g<\/h4>\n<\/td>\n<\/tr>\n<tr>\n<td>\n<h4>Moisissure de levure<\/h4>\n<\/td>\n<td>\n<h4>&lt;100cfu\/g<\/h4>\n<\/td>\n<\/tr>\n<tr>\n<td>\n<h4>E.Coli<\/h4>\n<\/td>\n<td>\n<h4>N\u00e9gatif<\/h4>\n<\/td>\n<\/tr>\n<tr>\n<td>\n<h4>Salmonelle<\/h4>\n<\/td>\n<td>\n<h4>N\u00e9gatif<\/h4>\n<\/td>\n<\/tr>\n<tr>\n<td>\n<h4>Essai (C\u00e9ramide)<\/h4>\n<\/td>\n<td>\n<h4>\u226510%<\/h4>\n<\/td>\n<\/tr>\n<\/tbody>\n<\/table>\n<h2><\/h2>\n<h2><strong>Applications des c\u00e9ramides<\/strong><\/h2>\n<h3>1. Les cosm\u00e9tiques<\/h3>\n<h4>Le c\u00e9ramide est un agent hydratant de nouvelle g\u00e9n\u00e9ration d\u00e9velopp\u00e9 ces derni\u00e8res ann\u00e9es.<\/h4>\n<h4>Il s'agit d'une substance soluble dans les lipides qui constitue la structure physique de la couche corn\u00e9e de la peau.<\/h4>\n<h4>Il peut p\u00e9n\u00e9trer rapidement dans la peau et former une structure en r\u00e9seau pour retenir l'eau.<\/h4>\n<h4>Le c\u00e9ramide diminue avec l'\u00e2ge, ce qui entra\u00eene une peau s\u00e8che, rugueuse et d'autres sympt\u00f4mes anormaux. Une suppl\u00e9mentation en c\u00e9ramides est donc un moyen id\u00e9al de conserver une peau jeune.<\/h4>\n<h4><\/h4>\n<h3>2. Aliments fonctionnels<\/h3>\n<h4>Le c\u00e9ramide est absorb\u00e9 dans l'intestin gr\u00eale, transf\u00e9r\u00e9 dans le sang, puis transport\u00e9 dans l'organisme.<\/h4>\n<h4>Il permet aux cellules de la peau de bien se r\u00e9tablir et de se r\u00e9g\u00e9n\u00e9rer sans influencer la biosynth\u00e8se des acides neuronaux par l'organisme.<\/h4>\n<p>&nbsp;<\/p>\n<h2><strong>Emballage et exp\u00e9dition des c\u00e9ramides<\/strong><\/h2>\n<h4>25kg\/tambour<\/h4>\n<p>&nbsp;<\/p>\n<h2><strong>Stockage des c\u00e9ramides<\/strong><\/h2>\n<h4>Stocker dans un endroit frais et sec, \u00e0 l'abri de la lumi\u00e8re et de la chaleur.<\/h4>\n<p>&nbsp;<\/p>\n<h2><strong><b>Contactez-nous d\u00e8s maintenant !<\/b><\/strong><\/h2>\n<h4><strong><b>Nous fournissons des services personnalis\u00e9s, nous vous contacterons g\u00e9n\u00e9ralement dans les 24 heures. Vous pouvez \u00e9galement m'envoyer un courriel \u00e0 l'adresse info@longchangchemical.com pendant les heures de travail (de 8h30 \u00e0 18h00 UTC+8 du lundi au samedi) ou utiliser le chat en direct du site web pour obtenir une r\u00e9ponse rapide.<\/b><\/strong><\/h4>","protected":false},"excerpt":{"rendered":"<h4>Nom chimique : C\u00e9ramides<\/h4>\n<h4>Num\u00e9ro CAS : 100403-19-8<\/h4>\n<h4>Formule mol\u00e9culaire : C24H47NO3<\/h4>\n<h4>Poids mol\u00e9culaire : 397,63488<\/h4>\n<h4>Aspect : Poudre blanche<\/h4>\n<h4>Dosage : \u226510%<\/h4>","protected":false},"featured_media":4301,"comment_status":"open","ping_status":"closed","template":"","meta":[],"product_brand":[],"product_cat":[103],"product_tag":[],"class_list":{"0":"post-3513","1":"product","2":"type-product","3":"status-publish","4":"has-post-thumbnail","6":"product_cat-cosmetic-additives","8":"first","9":"instock","10":"shipping-taxable","11":"product-type-simple"},"yoast_head":"<!-- This site is optimized with the Yoast SEO plugin v25.3.1 - https:\/\/yoast.com\/wordpress\/plugins\/seo\/ -->\n<title>China Ceramide Manufacturer \uff06 Supplier - Longchang chemical Co., Ltd.<\/title>\n<meta name=\"description\" content=\"Longchang Chemical is a leading manufacturer and supplier of Ceramide in China. Buy Ceramide in china. We can provide the best Ceramide price.\" \/>\n<meta name=\"robots\" content=\"index, follow, max-snippet:-1, max-image-preview:large, max-video-preview:-1\" \/>\n<link rel=\"canonical\" href=\"https:\/\/longchangchemical.com\/fr\/product\/ceramides-cas-100403-19-8\/\" \/>\n<meta property=\"og:locale\" content=\"fr_FR\" \/>\n<meta property=\"og:type\" content=\"article\" \/>\n<meta property=\"og:title\" content=\"China Ceramide Manufacturer \uff06 Supplier - Longchang chemical Co., Ltd.\" \/>\n<meta property=\"og:description\" content=\"Longchang Chemical is a leading manufacturer and supplier of Ceramide in China. Buy Ceramide in china. We can provide the best Ceramide price.\" \/>\n<meta property=\"og:url\" content=\"https:\/\/longchangchemical.com\/fr\/product\/ceramides-cas-100403-19-8\/\" \/>\n<meta property=\"og:site_name\" content=\"Longchang Chemical\" \/>\n<meta property=\"article:modified_time\" content=\"2025-12-23T06:16:36+00:00\" \/>\n<meta property=\"og:image\" content=\"https:\/\/longchangchemical.com\/wp-content\/uploads\/2021\/01\/Ceramides-Appearance.jpg\" \/>\n\t<meta property=\"og:image:width\" content=\"600\" \/>\n\t<meta property=\"og:image:height\" content=\"800\" \/>\n\t<meta property=\"og:image:type\" content=\"image\/jpeg\" \/>\n<meta name=\"twitter:card\" content=\"summary_large_image\" \/>\n<script type=\"application\/ld+json\" class=\"yoast-schema-graph\">{\"@context\":\"https:\/\/schema.org\",\"@graph\":[{\"@type\":\"WebPage\",\"@id\":\"https:\/\/longchangchemical.com\/product\/ceramides-cas-100403-19-8\/\",\"url\":\"https:\/\/longchangchemical.com\/product\/ceramides-cas-100403-19-8\/\",\"name\":\"China Ceramide Manufacturer \uff06 Supplier - Longchang chemical Co., Ltd.\",\"isPartOf\":{\"@id\":\"https:\/\/longchangchemical.com\/#website\"},\"primaryImageOfPage\":{\"@id\":\"https:\/\/longchangchemical.com\/product\/ceramides-cas-100403-19-8\/#primaryimage\"},\"image\":{\"@id\":\"https:\/\/longchangchemical.com\/product\/ceramides-cas-100403-19-8\/#primaryimage\"},\"thumbnailUrl\":\"https:\/\/longchangchemical.com\/wp-content\/uploads\/2021\/01\/Ceramides-Appearance.jpg\",\"datePublished\":\"2021-01-21T12:14:52+00:00\",\"dateModified\":\"2025-12-23T06:16:36+00:00\",\"description\":\"Longchang Chemical is a leading manufacturer and supplier of Ceramide in China. Buy Ceramide in china. We can provide the best Ceramide price.\",\"breadcrumb\":{\"@id\":\"https:\/\/longchangchemical.com\/product\/ceramides-cas-100403-19-8\/#breadcrumb\"},\"inLanguage\":\"fr-FR\",\"potentialAction\":[{\"@type\":\"ReadAction\",\"target\":[\"https:\/\/longchangchemical.com\/product\/ceramides-cas-100403-19-8\/\"]}]},{\"@type\":\"ImageObject\",\"inLanguage\":\"fr-FR\",\"@id\":\"https:\/\/longchangchemical.com\/product\/ceramides-cas-100403-19-8\/#primaryimage\",\"url\":\"https:\/\/longchangchemical.com\/wp-content\/uploads\/2021\/01\/Ceramides-Appearance.jpg\",\"contentUrl\":\"https:\/\/longchangchemical.com\/wp-content\/uploads\/2021\/01\/Ceramides-Appearance.jpg\",\"width\":600,\"height\":800,\"caption\":\"Ceramides Appearance\"},{\"@type\":\"BreadcrumbList\",\"@id\":\"https:\/\/longchangchemical.com\/product\/ceramides-cas-100403-19-8\/#breadcrumb\",\"itemListElement\":[{\"@type\":\"ListItem\",\"position\":1,\"name\":\"Home\",\"item\":\"https:\/\/longchangchemical.com\/\"},{\"@type\":\"ListItem\",\"position\":2,\"name\":\"Products Longchang\",\"item\":\"https:\/\/longchangchemical.com\/product\/\"},{\"@type\":\"ListItem\",\"position\":3,\"name\":\"Ceramides CAS 100403-19-8\"}]},{\"@type\":\"WebSite\",\"@id\":\"https:\/\/longchangchemical.com\/#website\",\"url\":\"https:\/\/longchangchemical.com\/\",\"name\":\"Longchang Chemical\",\"description\":\"China chemical manufacturer \uff06 supplier\",\"publisher\":{\"@id\":\"https:\/\/longchangchemical.com\/#organization\"},\"potentialAction\":[{\"@type\":\"SearchAction\",\"target\":{\"@type\":\"EntryPoint\",\"urlTemplate\":\"https:\/\/longchangchemical.com\/?s={search_term_string}\"},\"query-input\":{\"@type\":\"PropertyValueSpecification\",\"valueRequired\":true,\"valueName\":\"search_term_string\"}}],\"inLanguage\":\"fr-FR\"},{\"@type\":\"Organization\",\"@id\":\"https:\/\/longchangchemical.com\/#organization\",\"name\":\"Longchang Chemical\",\"url\":\"https:\/\/longchangchemical.com\/\",\"logo\":{\"@type\":\"ImageObject\",\"inLanguage\":\"fr-FR\",\"@id\":\"https:\/\/longchangchemical.com\/#\/schema\/logo\/image\/\",\"url\":\"https:\/\/longchangchemical.com\/wp-content\/uploads\/2020\/08\/cropped-longchang-logo.png\",\"contentUrl\":\"https:\/\/longchangchemical.com\/wp-content\/uploads\/2020\/08\/cropped-longchang-logo.png\",\"width\":512,\"height\":512,\"caption\":\"Longchang Chemical\"},\"image\":{\"@id\":\"https:\/\/longchangchemical.com\/#\/schema\/logo\/image\/\"}}]}<\/script>\n<!-- \/ Yoast SEO plugin. -->","yoast_head_json":{"title":"China Ceramide Manufacturer \uff06 Supplier - Longchang chemical Co., Ltd.","description":"Longchang Chemical est un fabricant et fournisseur leader de c\u00e9ramides en Chine. Acheter du C\u00e9ramide en Chine. Nous pouvons fournir le meilleur prix pour le C\u00e9ramide.","robots":{"index":"index","follow":"follow","max-snippet":"max-snippet:-1","max-image-preview":"max-image-preview:large","max-video-preview":"max-video-preview:-1"},"canonical":"https:\/\/longchangchemical.com\/fr\/product\/ceramides-cas-100403-19-8\/","og_locale":"fr_FR","og_type":"article","og_title":"China Ceramide Manufacturer \uff06 Supplier - Longchang chemical Co., Ltd.","og_description":"Longchang Chemical is a leading manufacturer and supplier of Ceramide in China. Buy Ceramide in china. We can provide the best Ceramide price.","og_url":"https:\/\/longchangchemical.com\/fr\/product\/ceramides-cas-100403-19-8\/","og_site_name":"Longchang Chemical","article_modified_time":"2025-12-23T06:16:36+00:00","og_image":[{"width":600,"height":800,"url":"https:\/\/longchangchemical.com\/wp-content\/uploads\/2021\/01\/Ceramides-Appearance.jpg","type":"image\/jpeg"}],"twitter_card":"summary_large_image","schema":{"@context":"https:\/\/schema.org","@graph":[{"@type":"WebPage","@id":"https:\/\/longchangchemical.com\/product\/ceramides-cas-100403-19-8\/","url":"https:\/\/longchangchemical.com\/product\/ceramides-cas-100403-19-8\/","name":"China Ceramide Manufacturer \uff06 Supplier - Longchang chemical Co., Ltd.","isPartOf":{"@id":"https:\/\/longchangchemical.com\/#website"},"primaryImageOfPage":{"@id":"https:\/\/longchangchemical.com\/product\/ceramides-cas-100403-19-8\/#primaryimage"},"image":{"@id":"https:\/\/longchangchemical.com\/product\/ceramides-cas-100403-19-8\/#primaryimage"},"thumbnailUrl":"https:\/\/longchangchemical.com\/wp-content\/uploads\/2021\/01\/Ceramides-Appearance.jpg","datePublished":"2021-01-21T12:14:52+00:00","dateModified":"2025-12-23T06:16:36+00:00","description":"Longchang Chemical est un fabricant et fournisseur leader de c\u00e9ramides en Chine. Acheter du C\u00e9ramide en Chine. Nous pouvons fournir le meilleur prix pour le C\u00e9ramide.","breadcrumb":{"@id":"https:\/\/longchangchemical.com\/product\/ceramides-cas-100403-19-8\/#breadcrumb"},"inLanguage":"fr-FR","potentialAction":[{"@type":"ReadAction","target":["https:\/\/longchangchemical.com\/product\/ceramides-cas-100403-19-8\/"]}]},{"@type":"ImageObject","inLanguage":"fr-FR","@id":"https:\/\/longchangchemical.com\/product\/ceramides-cas-100403-19-8\/#primaryimage","url":"https:\/\/longchangchemical.com\/wp-content\/uploads\/2021\/01\/Ceramides-Appearance.jpg","contentUrl":"https:\/\/longchangchemical.com\/wp-content\/uploads\/2021\/01\/Ceramides-Appearance.jpg","width":600,"height":800,"caption":"Ceramides Appearance"},{"@type":"BreadcrumbList","@id":"https:\/\/longchangchemical.com\/product\/ceramides-cas-100403-19-8\/#breadcrumb","itemListElement":[{"@type":"ListItem","position":1,"name":"Home","item":"https:\/\/longchangchemical.com\/"},{"@type":"ListItem","position":2,"name":"Products Longchang","item":"https:\/\/longchangchemical.com\/product\/"},{"@type":"ListItem","position":3,"name":"Ceramides CAS 100403-19-8"}]},{"@type":"WebSite","@id":"https:\/\/longchangchemical.com\/#website","url":"https:\/\/longchangchemical.com\/","name":"Longchang Chemical","description":"Fabricant chinois de produits chimiques \uff06 fournisseur","publisher":{"@id":"https:\/\/longchangchemical.com\/#organization"},"potentialAction":[{"@type":"SearchAction","target":{"@type":"EntryPoint","urlTemplate":"https:\/\/longchangchemical.com\/?s={search_term_string}"},"query-input":{"@type":"PropertyValueSpecification","valueRequired":true,"valueName":"search_term_string"}}],"inLanguage":"fr-FR"},{"@type":"Organization","@id":"https:\/\/longchangchemical.com\/#organization","name":"Longchang Chemical","url":"https:\/\/longchangchemical.com\/","logo":{"@type":"ImageObject","inLanguage":"fr-FR","@id":"https:\/\/longchangchemical.com\/#\/schema\/logo\/image\/","url":"https:\/\/longchangchemical.com\/wp-content\/uploads\/2020\/08\/cropped-longchang-logo.png","contentUrl":"https:\/\/longchangchemical.com\/wp-content\/uploads\/2020\/08\/cropped-longchang-logo.png","width":512,"height":512,"caption":"Longchang Chemical"},"image":{"@id":"https:\/\/longchangchemical.com\/#\/schema\/logo\/image\/"}}]}},"_links":{"self":[{"href":"https:\/\/longchangchemical.com\/fr\/wp-json\/wp\/v2\/product\/3513","targetHints":{"allow":["GET"]}}],"collection":[{"href":"https:\/\/longchangchemical.com\/fr\/wp-json\/wp\/v2\/product"}],"about":[{"href":"https:\/\/longchangchemical.com\/fr\/wp-json\/wp\/v2\/types\/product"}],"replies":[{"embeddable":true,"href":"https:\/\/longchangchemical.com\/fr\/wp-json\/wp\/v2\/comments?post=3513"}],"wp:featuredmedia":[{"embeddable":true,"href":"https:\/\/longchangchemical.com\/fr\/wp-json\/wp\/v2\/media\/4301"}],"wp:attachment":[{"href":"https:\/\/longchangchemical.com\/fr\/wp-json\/wp\/v2\/media?parent=3513"}],"wp:term":[{"taxonomy":"product_brand","embeddable":true,"href":"https:\/\/longchangchemical.com\/fr\/wp-json\/wp\/v2\/product_brand?post=3513"},{"taxonomy":"product_cat","embeddable":true,"href":"https:\/\/longchangchemical.com\/fr\/wp-json\/wp\/v2\/product_cat?post=3513"},{"taxonomy":"product_tag","embeddable":true,"href":"https:\/\/longchangchemical.com\/fr\/wp-json\/wp\/v2\/product_tag?post=3513"}],"curies":[{"name":"wp","href":"https:\/\/api.w.org\/{rel}","templated":true}]}}