{"id":3511,"date":"2021-01-21T11:59:25","date_gmt":"2021-01-21T11:59:25","guid":{"rendered":"https:\/\/longchangchemical.com\/?post_type=product&#038;p=3511"},"modified":"2025-12-23T06:12:46","modified_gmt":"2025-12-23T06:12:46","slug":"2-ethyl-anthraquinone-cas-84-51-5","status":"publish","type":"product","link":"https:\/\/longchangchemical.com\/fr\/product\/2-ethyl-anthraquinone-cas-84-51-5\/","title":{"rendered":"2-\u00e9thyl anthraquinone CAS 84-51-5"},"content":{"rendered":"<h1><strong>2-\u00e9thyl anthraquinone CAS 84-51-5<\/strong><\/h1>\n<table>\n<tbody>\n<tr>\n<td width=\"217\">\n<h4>Objet<\/h4>\n<\/td>\n<td width=\"251\">\n<h4>Standard<\/h4>\n<\/td>\n<td width=\"227\">\n<h4>R\u00e9sultats<\/h4>\n<\/td>\n<\/tr>\n<tr>\n<td width=\"217\">\n<h4>Apparence<\/h4>\n<\/td>\n<td width=\"251\">\n<h4>Poudre jaune clair<\/h4>\n<\/td>\n<td width=\"227\">\n<h4>Conforme<\/h4>\n<\/td>\n<\/tr>\n<tr>\n<td width=\"217\">\n<h4>Puret\u00e9 (HPLC)<\/h4>\n<\/td>\n<td width=\"251\">\n<h4>\u2265 99.0 %<\/h4>\n<\/td>\n<td width=\"227\">\n<h4>99.2%<\/h4>\n<\/td>\n<\/tr>\n<tr>\n<td width=\"217\">\n<h4>Point de fusion initial<\/h4>\n<\/td>\n<td width=\"251\">\n<h4>107.0 - 109.0\u2103<\/h4>\n<\/td>\n<td width=\"227\">\n<h4>108.2\u2103<\/h4>\n<\/td>\n<\/tr>\n<tr>\n<td width=\"217\">\n<h4>Mati\u00e8res insolubles dans le benz\u00e8ne<\/h4>\n<\/td>\n<td width=\"251\">\n<h4>\u2264 0,5%<\/h4>\n<\/td>\n<td width=\"227\">\n<h4>\/<\/h4>\n<\/td>\n<\/tr>\n<tr>\n<td width=\"217\">\n<h4>Humidit\u00e9<\/h4>\n<\/td>\n<td width=\"251\">\n<h4>\u2264 0,2%<\/h4>\n<\/td>\n<td width=\"227\">\n<h4>&lt; 0,2%<\/h4>\n<\/td>\n<\/tr>\n<tr>\n<td width=\"217\">\n<h4>Fe (mg\/kg)<\/h4>\n<\/td>\n<td width=\"251\">\n<h4>\u2264 2<\/h4>\n<\/td>\n<td width=\"227\">\n<h4>&lt; 2<\/h4>\n<\/td>\n<\/tr>\n<tr>\n<td width=\"217\">\n<h4>Cl (mg\/kg)<\/h4>\n<\/td>\n<td width=\"251\">\n<h4>\u2264 5<\/h4>\n<\/td>\n<td width=\"227\">\n<h4>&lt; 5<\/h4>\n<\/td>\n<\/tr>\n<tr>\n<td width=\"217\">\n<h4>S (mg\/kg)<\/h4>\n<\/td>\n<td width=\"251\">\n<h4>\u2264 5<\/h4>\n<\/td>\n<td width=\"227\">\n<h4>&lt; 5<\/h4>\n<\/td>\n<\/tr>\n<tr>\n<td width=\"217\">\n<h4>Conclusion<\/h4>\n<\/td>\n<td colspan=\"2\" width=\"478\">\n<h4>Qualifi\u00e9<\/h4>\n<\/td>\n<\/tr>\n<\/tbody>\n<\/table>\n<h2><strong>2-Ethyl anthraquinone Utilisation<\/strong><\/h2>\n<h4>1. L'hydrog\u00e9nation dans un solvant produit de la 2-\u00e9thylhydroanthraquinone, et la r\u00e9oxydation produit de la 2-\u00e9thylanthraquinone et du peroxyde d'hydrog\u00e8ne. Cette r\u00e9action est utilis\u00e9e industriellement pour produire du peroxyde d'hydrog\u00e8ne.<\/h4>\n<h4>2. Il peut \u00eatre pr\u00e9par\u00e9 \u00e0 partir d'anhydride phtalique et d'\u00e9thylbenz\u00e8ne par la r\u00e9action F-K, et peut \u00e9galement \u00eatre synth\u00e9tis\u00e9 \u00e0 partir de 1,4-naphtoquinone et de 2-\u00e9thyl-1,3-butadi\u00e8ne par le syst\u00e8me de r\u00e9action de Diels-Alder de di\u00e8ne et de d\u00e9shydrog\u00e9nation.<\/h4>\n<h4>3. Utilis\u00e9 pour fabriquer du peroxyde d'hydrog\u00e8ne et comme colorant interm\u00e9diaire. Il est \u00e9galement utilis\u00e9 comme sensibilisateur pour les r\u00e9sines photosensibles, comme catalyseur pour les r\u00e9sines photodurcissables, comme film photod\u00e9gradable, comme peinture et comme initiateur de photopolym\u00e9risation.<\/h4>\n<p>&nbsp;<\/p>\n<h2><strong>2-Ethyl anthraquinoneConditionnement et exp\u00e9dition<\/strong><\/h2>\n<h4>Emballage : 25kg\/sac<\/h4>\n<p>&nbsp;<\/p>\n<h2><strong>2-Ethyl anthraquinone Stockage<\/strong><\/h2>\n<h4>Stock\u00e9 dans un endroit frais et sec, \u00e0 l'abri de la lumi\u00e8re directe du soleil.<\/h4>\n<p>&nbsp;<\/p>\n<h2><strong><b>Contactez-nous d\u00e8s maintenant !<\/b><\/strong><\/h2>\n<h4><strong><b>Nous fournissons des services personnalis\u00e9s, nous vous contacterons g\u00e9n\u00e9ralement dans les 24 heures. Vous pouvez \u00e9galement m'envoyer un courriel \u00e0 l'adresse info@longchangchemical.com pendant les heures de travail (de 8h30 \u00e0 18h00 UTC+8 du lundi au samedi) ou utiliser le chat en direct du site web pour obtenir une r\u00e9ponse rapide.<\/b><\/strong><\/h4>","protected":false},"excerpt":{"rendered":"<h4>Nom chimique : 2-Ethyl anthraquinone<\/h4>\n<h4>Num\u00e9ro CAS : 84-51-5<\/h4>\n<h4>Formule mol\u00e9culaire:C16H12O2<\/h4>\n<h4>Poids mol\u00e9culaire : 236,27<\/h4>\n<h4>2-Ethyl anthraquinone Structure :<img decoding=\"async\" title=\"Structure de la 2-Ethyl anthraquinone\" src=\"https:\/\/www.longchangchemical.com\/wp-content\/uploads\/product-details\/20200612025777.png\" alt=\"Structure de la 2-Ethyl anthraquinone\" width=\"154\" height=\"91\" border=\"0\" vspace=\"0\" \/><\/h4>\n<h4>Aspect : Poudre jaune clair<\/h4>\n<h4>Essai : 99%min<\/h4>","protected":false},"featured_media":4296,"comment_status":"open","ping_status":"closed","template":"","meta":[],"product_brand":[],"product_cat":[69],"product_tag":[],"class_list":{"0":"post-3511","1":"product","2":"type-product","3":"status-publish","4":"has-post-thumbnail","6":"product_cat-catalysts-chemical-auxiliary-agents","8":"first","9":"instock","10":"shipping-taxable","11":"product-type-simple"},"yoast_head":"<!-- This site is optimized with the Yoast SEO plugin v25.3.1 - https:\/\/yoast.com\/wordpress\/plugins\/seo\/ -->\n<title>China 2-Ethyl anthraquinone Manufacturer \uff06 CAS 84-51-5 Supplier - Longchang chemical Co., Ltd.<\/title>\n<meta name=\"description\" content=\"Longchang Chemical is a leading manufacturer and supplier of 2-Ethyl anthraquinone in China. Buy 2-Ethyl anthraquinone in china. We can provide the best 2-Ethyl anthraquinone price.\" \/>\n<meta name=\"robots\" content=\"index, follow, max-snippet:-1, max-image-preview:large, max-video-preview:-1\" \/>\n<link rel=\"canonical\" href=\"https:\/\/longchangchemical.com\/fr\/product\/2-ethyl-anthraquinone-cas-84-51-5\/\" \/>\n<meta property=\"og:locale\" content=\"fr_FR\" \/>\n<meta property=\"og:type\" content=\"article\" \/>\n<meta property=\"og:title\" content=\"China 2-Ethyl anthraquinone Manufacturer \uff06 CAS 84-51-5 Supplier - Longchang chemical Co., Ltd.\" \/>\n<meta property=\"og:description\" content=\"Longchang Chemical is a leading manufacturer and supplier of 2-Ethyl anthraquinone in China. Buy 2-Ethyl anthraquinone in china. We can provide the best 2-Ethyl anthraquinone price.\" \/>\n<meta property=\"og:url\" content=\"https:\/\/longchangchemical.com\/fr\/product\/2-ethyl-anthraquinone-cas-84-51-5\/\" \/>\n<meta property=\"og:site_name\" content=\"Longchang Chemical\" \/>\n<meta property=\"article:modified_time\" content=\"2025-12-23T06:12:46+00:00\" \/>\n<meta property=\"og:image\" content=\"https:\/\/longchangchemical.com\/wp-content\/uploads\/2021\/01\/Appearance-4.jpg\" \/>\n\t<meta property=\"og:image:width\" content=\"600\" \/>\n\t<meta property=\"og:image:height\" content=\"800\" \/>\n\t<meta property=\"og:image:type\" content=\"image\/jpeg\" \/>\n<meta name=\"twitter:card\" content=\"summary_large_image\" \/>\n<script type=\"application\/ld+json\" class=\"yoast-schema-graph\">{\"@context\":\"https:\/\/schema.org\",\"@graph\":[{\"@type\":\"WebPage\",\"@id\":\"https:\/\/longchangchemical.com\/product\/2-ethyl-anthraquinone-cas-84-51-5\/\",\"url\":\"https:\/\/longchangchemical.com\/product\/2-ethyl-anthraquinone-cas-84-51-5\/\",\"name\":\"China 2-Ethyl anthraquinone Manufacturer \uff06 CAS 84-51-5 Supplier - Longchang chemical Co., Ltd.\",\"isPartOf\":{\"@id\":\"https:\/\/longchangchemical.com\/#website\"},\"primaryImageOfPage\":{\"@id\":\"https:\/\/longchangchemical.com\/product\/2-ethyl-anthraquinone-cas-84-51-5\/#primaryimage\"},\"image\":{\"@id\":\"https:\/\/longchangchemical.com\/product\/2-ethyl-anthraquinone-cas-84-51-5\/#primaryimage\"},\"thumbnailUrl\":\"https:\/\/longchangchemical.com\/wp-content\/uploads\/2021\/01\/Appearance-4.jpg\",\"datePublished\":\"2021-01-21T11:59:25+00:00\",\"dateModified\":\"2025-12-23T06:12:46+00:00\",\"description\":\"Longchang Chemical is a leading manufacturer and supplier of 2-Ethyl anthraquinone in China. Buy 2-Ethyl anthraquinone in china. We can provide the best 2-Ethyl anthraquinone price.\",\"breadcrumb\":{\"@id\":\"https:\/\/longchangchemical.com\/product\/2-ethyl-anthraquinone-cas-84-51-5\/#breadcrumb\"},\"inLanguage\":\"fr-FR\",\"potentialAction\":[{\"@type\":\"ReadAction\",\"target\":[\"https:\/\/longchangchemical.com\/product\/2-ethyl-anthraquinone-cas-84-51-5\/\"]}]},{\"@type\":\"ImageObject\",\"inLanguage\":\"fr-FR\",\"@id\":\"https:\/\/longchangchemical.com\/product\/2-ethyl-anthraquinone-cas-84-51-5\/#primaryimage\",\"url\":\"https:\/\/longchangchemical.com\/wp-content\/uploads\/2021\/01\/Appearance-4.jpg\",\"contentUrl\":\"https:\/\/longchangchemical.com\/wp-content\/uploads\/2021\/01\/Appearance-4.jpg\",\"width\":600,\"height\":800,\"caption\":\"2-Ethyl anthraquinone Appearance\"},{\"@type\":\"BreadcrumbList\",\"@id\":\"https:\/\/longchangchemical.com\/product\/2-ethyl-anthraquinone-cas-84-51-5\/#breadcrumb\",\"itemListElement\":[{\"@type\":\"ListItem\",\"position\":1,\"name\":\"Home\",\"item\":\"https:\/\/longchangchemical.com\/\"},{\"@type\":\"ListItem\",\"position\":2,\"name\":\"Products Longchang\",\"item\":\"https:\/\/longchangchemical.com\/product\/\"},{\"@type\":\"ListItem\",\"position\":3,\"name\":\"2-ethyl anthraquinone CAS 84-51-5\"}]},{\"@type\":\"WebSite\",\"@id\":\"https:\/\/longchangchemical.com\/#website\",\"url\":\"https:\/\/longchangchemical.com\/\",\"name\":\"Longchang Chemical\",\"description\":\"China chemical manufacturer \uff06 supplier\",\"publisher\":{\"@id\":\"https:\/\/longchangchemical.com\/#organization\"},\"potentialAction\":[{\"@type\":\"SearchAction\",\"target\":{\"@type\":\"EntryPoint\",\"urlTemplate\":\"https:\/\/longchangchemical.com\/?s={search_term_string}\"},\"query-input\":{\"@type\":\"PropertyValueSpecification\",\"valueRequired\":true,\"valueName\":\"search_term_string\"}}],\"inLanguage\":\"fr-FR\"},{\"@type\":\"Organization\",\"@id\":\"https:\/\/longchangchemical.com\/#organization\",\"name\":\"Longchang Chemical\",\"url\":\"https:\/\/longchangchemical.com\/\",\"logo\":{\"@type\":\"ImageObject\",\"inLanguage\":\"fr-FR\",\"@id\":\"https:\/\/longchangchemical.com\/#\/schema\/logo\/image\/\",\"url\":\"https:\/\/longchangchemical.com\/wp-content\/uploads\/2020\/08\/cropped-longchang-logo.png\",\"contentUrl\":\"https:\/\/longchangchemical.com\/wp-content\/uploads\/2020\/08\/cropped-longchang-logo.png\",\"width\":512,\"height\":512,\"caption\":\"Longchang Chemical\"},\"image\":{\"@id\":\"https:\/\/longchangchemical.com\/#\/schema\/logo\/image\/\"}}]}<\/script>\n<!-- \/ Yoast SEO plugin. -->","yoast_head_json":{"title":"Fabricant chinois de 2-Ethyl anthraquinone \uff06 CAS 84-51-5 Fournisseur - Longchang chemical Co.","description":"Longchang Chemical est un fabricant et fournisseur leader de 2-Ethyl anthraquinone en Chine. Acheter 2-Ethyl anthraquinone en Chine. Nous pouvons vous fournir le meilleur prix de 2-Ethyl anthraquinone.","robots":{"index":"index","follow":"follow","max-snippet":"max-snippet:-1","max-image-preview":"max-image-preview:large","max-video-preview":"max-video-preview:-1"},"canonical":"https:\/\/longchangchemical.com\/fr\/product\/2-ethyl-anthraquinone-cas-84-51-5\/","og_locale":"fr_FR","og_type":"article","og_title":"China 2-Ethyl anthraquinone Manufacturer \uff06 CAS 84-51-5 Supplier - Longchang chemical Co., Ltd.","og_description":"Longchang Chemical is a leading manufacturer and supplier of 2-Ethyl anthraquinone in China. Buy 2-Ethyl anthraquinone in china. We can provide the best 2-Ethyl anthraquinone price.","og_url":"https:\/\/longchangchemical.com\/fr\/product\/2-ethyl-anthraquinone-cas-84-51-5\/","og_site_name":"Longchang Chemical","article_modified_time":"2025-12-23T06:12:46+00:00","og_image":[{"width":600,"height":800,"url":"https:\/\/longchangchemical.com\/wp-content\/uploads\/2021\/01\/Appearance-4.jpg","type":"image\/jpeg"}],"twitter_card":"summary_large_image","schema":{"@context":"https:\/\/schema.org","@graph":[{"@type":"WebPage","@id":"https:\/\/longchangchemical.com\/product\/2-ethyl-anthraquinone-cas-84-51-5\/","url":"https:\/\/longchangchemical.com\/product\/2-ethyl-anthraquinone-cas-84-51-5\/","name":"Fabricant chinois de 2-Ethyl anthraquinone \uff06 CAS 84-51-5 Fournisseur - Longchang chemical Co.","isPartOf":{"@id":"https:\/\/longchangchemical.com\/#website"},"primaryImageOfPage":{"@id":"https:\/\/longchangchemical.com\/product\/2-ethyl-anthraquinone-cas-84-51-5\/#primaryimage"},"image":{"@id":"https:\/\/longchangchemical.com\/product\/2-ethyl-anthraquinone-cas-84-51-5\/#primaryimage"},"thumbnailUrl":"https:\/\/longchangchemical.com\/wp-content\/uploads\/2021\/01\/Appearance-4.jpg","datePublished":"2021-01-21T11:59:25+00:00","dateModified":"2025-12-23T06:12:46+00:00","description":"Longchang Chemical est un fabricant et fournisseur leader de 2-Ethyl anthraquinone en Chine. Acheter 2-Ethyl anthraquinone en Chine. Nous pouvons vous fournir le meilleur prix de 2-Ethyl anthraquinone.","breadcrumb":{"@id":"https:\/\/longchangchemical.com\/product\/2-ethyl-anthraquinone-cas-84-51-5\/#breadcrumb"},"inLanguage":"fr-FR","potentialAction":[{"@type":"ReadAction","target":["https:\/\/longchangchemical.com\/product\/2-ethyl-anthraquinone-cas-84-51-5\/"]}]},{"@type":"ImageObject","inLanguage":"fr-FR","@id":"https:\/\/longchangchemical.com\/product\/2-ethyl-anthraquinone-cas-84-51-5\/#primaryimage","url":"https:\/\/longchangchemical.com\/wp-content\/uploads\/2021\/01\/Appearance-4.jpg","contentUrl":"https:\/\/longchangchemical.com\/wp-content\/uploads\/2021\/01\/Appearance-4.jpg","width":600,"height":800,"caption":"2-Ethyl anthraquinone Appearance"},{"@type":"BreadcrumbList","@id":"https:\/\/longchangchemical.com\/product\/2-ethyl-anthraquinone-cas-84-51-5\/#breadcrumb","itemListElement":[{"@type":"ListItem","position":1,"name":"Home","item":"https:\/\/longchangchemical.com\/"},{"@type":"ListItem","position":2,"name":"Products Longchang","item":"https:\/\/longchangchemical.com\/product\/"},{"@type":"ListItem","position":3,"name":"2-ethyl anthraquinone CAS 84-51-5"}]},{"@type":"WebSite","@id":"https:\/\/longchangchemical.com\/#website","url":"https:\/\/longchangchemical.com\/","name":"Longchang Chemical","description":"Fabricant chinois de produits chimiques \uff06 fournisseur","publisher":{"@id":"https:\/\/longchangchemical.com\/#organization"},"potentialAction":[{"@type":"SearchAction","target":{"@type":"EntryPoint","urlTemplate":"https:\/\/longchangchemical.com\/?s={search_term_string}"},"query-input":{"@type":"PropertyValueSpecification","valueRequired":true,"valueName":"search_term_string"}}],"inLanguage":"fr-FR"},{"@type":"Organization","@id":"https:\/\/longchangchemical.com\/#organization","name":"Longchang Chemical","url":"https:\/\/longchangchemical.com\/","logo":{"@type":"ImageObject","inLanguage":"fr-FR","@id":"https:\/\/longchangchemical.com\/#\/schema\/logo\/image\/","url":"https:\/\/longchangchemical.com\/wp-content\/uploads\/2020\/08\/cropped-longchang-logo.png","contentUrl":"https:\/\/longchangchemical.com\/wp-content\/uploads\/2020\/08\/cropped-longchang-logo.png","width":512,"height":512,"caption":"Longchang Chemical"},"image":{"@id":"https:\/\/longchangchemical.com\/#\/schema\/logo\/image\/"}}]}},"_links":{"self":[{"href":"https:\/\/longchangchemical.com\/fr\/wp-json\/wp\/v2\/product\/3511","targetHints":{"allow":["GET"]}}],"collection":[{"href":"https:\/\/longchangchemical.com\/fr\/wp-json\/wp\/v2\/product"}],"about":[{"href":"https:\/\/longchangchemical.com\/fr\/wp-json\/wp\/v2\/types\/product"}],"replies":[{"embeddable":true,"href":"https:\/\/longchangchemical.com\/fr\/wp-json\/wp\/v2\/comments?post=3511"}],"wp:featuredmedia":[{"embeddable":true,"href":"https:\/\/longchangchemical.com\/fr\/wp-json\/wp\/v2\/media\/4296"}],"wp:attachment":[{"href":"https:\/\/longchangchemical.com\/fr\/wp-json\/wp\/v2\/media?parent=3511"}],"wp:term":[{"taxonomy":"product_brand","embeddable":true,"href":"https:\/\/longchangchemical.com\/fr\/wp-json\/wp\/v2\/product_brand?post=3511"},{"taxonomy":"product_cat","embeddable":true,"href":"https:\/\/longchangchemical.com\/fr\/wp-json\/wp\/v2\/product_cat?post=3511"},{"taxonomy":"product_tag","embeddable":true,"href":"https:\/\/longchangchemical.com\/fr\/wp-json\/wp\/v2\/product_tag?post=3511"}],"curies":[{"name":"wp","href":"https:\/\/api.w.org\/{rel}","templated":true}]}}