{"id":3507,"date":"2021-01-21T11:40:36","date_gmt":"2021-01-21T11:40:36","guid":{"rendered":"https:\/\/longchangchemical.com\/?post_type=product&#038;p=3507"},"modified":"2025-12-23T06:07:22","modified_gmt":"2025-12-23T06:07:22","slug":"methyl-anthranilate-cas-134-20-3","status":"publish","type":"product","link":"https:\/\/longchangchemical.com\/fr\/product\/methyl-anthranilate-cas-134-20-3\/","title":{"rendered":"anthranilate de m\u00e9thyle CAS 134-20-3"},"content":{"rendered":"<h1><strong>anthranilate de m\u00e9thyle CAS 134-20-3<\/strong><\/h1>\n<table class=\"table-1\">\n<tbody>\n<tr>\n<td>\n<h4>Articles<\/h4>\n<\/td>\n<td>\n<h4>Sp\u00e9cifications<\/h4>\n<\/td>\n<\/tr>\n<tr>\n<td>\n<h4>Apparence<\/h4>\n<\/td>\n<td>\n<h4>Liquide clair incolore \u00e0 jaune clair<\/h4>\n<\/td>\n<\/tr>\n<tr>\n<td>\n<h4>Contenu actif<\/h4>\n<\/td>\n<td>\n<h4>\u226599%<\/h4>\n<\/td>\n<\/tr>\n<tr>\n<td>\n<h4>Densit\u00e9<\/h4>\n<\/td>\n<td>\n<h4>1.161-1.169<\/h4>\n<\/td>\n<\/tr>\n<tr>\n<td>\n<h4>Point d'\u00e9clair<\/h4>\n<\/td>\n<td>\n<h4>104\u00b0C<\/h4>\n<\/td>\n<\/tr>\n<tr>\n<td>\n<h4>Point d'\u00e9bullition<\/h4>\n<\/td>\n<td>\n<h4>237\u00b0C<\/h4>\n<\/td>\n<\/tr>\n<\/tbody>\n<\/table>\n<p>&nbsp;<\/p>\n<h2><strong>Anthranilate de m\u00e9thyle Utilisation<\/strong><\/h2>\n<h4>1. L'anthranilate de m\u00e9thyle peut \u00eatre utilis\u00e9 comme interm\u00e9diaire pour les pesticides et la saccharine.<\/h4>\n<h4>2. L'anthranilate de m\u00e9thyle a l'ar\u00f4me doux des fleurs de tour avec un ar\u00f4me de raisin lorsqu'il est dilu\u00e9. Il est utilis\u00e9 pour le m\u00e9lange d'huiles de fleurs artificielles bon march\u00e9, de savon et d'ar\u00f4mes de raisin.<\/h4>\n<h4>3. L'anthranilate de m\u00e9thyle peut \u00eatre utilis\u00e9 pour formuler des ar\u00f4mes tels que le jasmin, le n\u00e9roli, la n\u00e8fle, le narcisse, la tub\u00e9reuse, l'orchid\u00e9e blanche et l'ylang-ylang.<\/h4>\n<h4>4. Anthranilate de m\u00e9thyle Utilis\u00e9 avec l'huile de feuilles d'oranger dans les parfums orientaux, les parfums floraux lourds, les parfums de bois doux. Il convient non seulement aux ar\u00f4mes de raisin, mais aussi aux baies, fraises, past\u00e8ques, miel, agrumes, etc.<\/h4>\n<h4>5. L'anthranilate de m\u00e9thyle est l'un des produits de base de l'industrie des parfums, \u00e0 partir duquel environ 60 types d'\u00e9pices peuvent \u00eatre pr\u00e9par\u00e9s ; l'anthranilate de menthyle obtenu apr\u00e8s transest\u00e9rification avec le menthol est un agent de protection solaire efficace.<\/h4>\n<p>&nbsp;<\/p>\n<h2><strong>Anthranilate de m\u00e9thyle<\/strong><strong>Packag<\/strong><strong>et l'exp\u00e9dition<\/strong><\/h2>\n<h4>200kg\/tambour<\/h4>\n<p>&nbsp;<\/p>\n<h2><strong>Anthranilate de m\u00e9thyle Stockage<\/strong><\/h2>\n<h4>Stock\u00e9 dans un entrep\u00f4t frais et ventil\u00e9.<\/h4>\n<p>&nbsp;<\/p>\n<h2><strong><b>Contactez-nous d\u00e8s maintenant !<\/b><\/strong><\/h2>\n<h4><strong><b>Nous fournissons des services personnalis\u00e9s, nous vous contacterons g\u00e9n\u00e9ralement dans les 24 heures. Vous pouvez \u00e9galement m'envoyer un courriel <a href=\"mailto:info@longchangchemical.com\"><span style=\"color: #00ccff;\">info@longchangchemical.com<\/span><\/a> pendant les heures de travail ( 8:30 am to 6:00 pm UTC+8 Mon.~Sat. ) ou utilisez le chat en direct du site web pour obtenir une r\u00e9ponse rapide.<\/b><\/strong><\/h4>","protected":false},"excerpt":{"rendered":"<h4>Nom chimique : Anthranilate de m\u00e9thyle<\/h4>\n<h4>Num\u00e9ro CAS : 134-20-3<\/h4>\n<h4>Formule mol\u00e9culaire : C8H9NO2<\/h4>\n<h4>Poids mol\u00e9culaire : 151,16<\/h4>\n<h4>Aspect : Liquide clair jaune p\u00e2le<\/h4>\n<h4>Analyse\uff1a99%min<\/h4>","protected":false},"featured_media":4293,"comment_status":"open","ping_status":"closed","template":"","meta":[],"product_brand":[],"product_cat":[113],"product_tag":[],"class_list":{"0":"post-3507","1":"product","2":"type-product","3":"status-publish","4":"has-post-thumbnail","6":"product_cat-organic-intermediate","8":"first","9":"instock","10":"shipping-taxable","11":"product-type-simple"},"yoast_head":"<!-- This site is optimized with the Yoast SEO plugin v25.3.1 - https:\/\/yoast.com\/wordpress\/plugins\/seo\/ -->\n<title>China Methyl anthranilate Manufacturer \uff06 CAS 134-20-3 Supplier - Longchang chemical Co., Ltd.<\/title>\n<meta name=\"description\" content=\"Longchang Chemical is a leading manufacturer and supplier of Methyl anthranilate in China. Buy Methyl anthranilate in china. We can provide the best Methyl anthranilate price.\" \/>\n<meta name=\"robots\" content=\"index, follow, max-snippet:-1, max-image-preview:large, max-video-preview:-1\" \/>\n<link rel=\"canonical\" href=\"https:\/\/longchangchemical.com\/fr\/product\/methyl-anthranilate-cas-134-20-3\/\" \/>\n<meta property=\"og:locale\" content=\"fr_FR\" \/>\n<meta property=\"og:type\" content=\"article\" \/>\n<meta property=\"og:title\" content=\"China Methyl anthranilate Manufacturer \uff06 CAS 134-20-3 Supplier - Longchang chemical Co., Ltd.\" \/>\n<meta property=\"og:description\" content=\"Longchang Chemical is a leading manufacturer and supplier of Methyl anthranilate in China. Buy Methyl anthranilate in china. We can provide the best Methyl anthranilate price.\" \/>\n<meta property=\"og:url\" content=\"https:\/\/longchangchemical.com\/fr\/product\/methyl-anthranilate-cas-134-20-3\/\" \/>\n<meta property=\"og:site_name\" content=\"Longchang Chemical\" \/>\n<meta property=\"article:modified_time\" content=\"2025-12-23T06:07:22+00:00\" \/>\n<meta property=\"og:image\" content=\"https:\/\/longchangchemical.com\/wp-content\/uploads\/2021\/01\/Methyl-anthranilate-Appearance.jpg\" \/>\n\t<meta property=\"og:image:width\" content=\"600\" \/>\n\t<meta property=\"og:image:height\" content=\"800\" \/>\n\t<meta property=\"og:image:type\" content=\"image\/jpeg\" \/>\n<meta name=\"twitter:card\" content=\"summary_large_image\" \/>\n<script type=\"application\/ld+json\" class=\"yoast-schema-graph\">{\"@context\":\"https:\/\/schema.org\",\"@graph\":[{\"@type\":\"WebPage\",\"@id\":\"https:\/\/longchangchemical.com\/product\/methyl-anthranilate-cas-134-20-3\/\",\"url\":\"https:\/\/longchangchemical.com\/product\/methyl-anthranilate-cas-134-20-3\/\",\"name\":\"China Methyl anthranilate Manufacturer \uff06 CAS 134-20-3 Supplier - Longchang chemical Co., Ltd.\",\"isPartOf\":{\"@id\":\"https:\/\/longchangchemical.com\/#website\"},\"primaryImageOfPage\":{\"@id\":\"https:\/\/longchangchemical.com\/product\/methyl-anthranilate-cas-134-20-3\/#primaryimage\"},\"image\":{\"@id\":\"https:\/\/longchangchemical.com\/product\/methyl-anthranilate-cas-134-20-3\/#primaryimage\"},\"thumbnailUrl\":\"https:\/\/longchangchemical.com\/wp-content\/uploads\/2021\/01\/Methyl-anthranilate-Appearance.jpg\",\"datePublished\":\"2021-01-21T11:40:36+00:00\",\"dateModified\":\"2025-12-23T06:07:22+00:00\",\"description\":\"Longchang Chemical is a leading manufacturer and supplier of Methyl anthranilate in China. Buy Methyl anthranilate in china. We can provide the best Methyl anthranilate price.\",\"breadcrumb\":{\"@id\":\"https:\/\/longchangchemical.com\/product\/methyl-anthranilate-cas-134-20-3\/#breadcrumb\"},\"inLanguage\":\"fr-FR\",\"potentialAction\":[{\"@type\":\"ReadAction\",\"target\":[\"https:\/\/longchangchemical.com\/product\/methyl-anthranilate-cas-134-20-3\/\"]}]},{\"@type\":\"ImageObject\",\"inLanguage\":\"fr-FR\",\"@id\":\"https:\/\/longchangchemical.com\/product\/methyl-anthranilate-cas-134-20-3\/#primaryimage\",\"url\":\"https:\/\/longchangchemical.com\/wp-content\/uploads\/2021\/01\/Methyl-anthranilate-Appearance.jpg\",\"contentUrl\":\"https:\/\/longchangchemical.com\/wp-content\/uploads\/2021\/01\/Methyl-anthranilate-Appearance.jpg\",\"width\":600,\"height\":800,\"caption\":\"Methyl anthranilate Appearance\"},{\"@type\":\"BreadcrumbList\",\"@id\":\"https:\/\/longchangchemical.com\/product\/methyl-anthranilate-cas-134-20-3\/#breadcrumb\",\"itemListElement\":[{\"@type\":\"ListItem\",\"position\":1,\"name\":\"Home\",\"item\":\"https:\/\/longchangchemical.com\/\"},{\"@type\":\"ListItem\",\"position\":2,\"name\":\"Products Longchang\",\"item\":\"https:\/\/longchangchemical.com\/product\/\"},{\"@type\":\"ListItem\",\"position\":3,\"name\":\"methyl anthranilate CAS 134-20-3\"}]},{\"@type\":\"WebSite\",\"@id\":\"https:\/\/longchangchemical.com\/#website\",\"url\":\"https:\/\/longchangchemical.com\/\",\"name\":\"Longchang Chemical\",\"description\":\"China chemical manufacturer \uff06 supplier\",\"publisher\":{\"@id\":\"https:\/\/longchangchemical.com\/#organization\"},\"potentialAction\":[{\"@type\":\"SearchAction\",\"target\":{\"@type\":\"EntryPoint\",\"urlTemplate\":\"https:\/\/longchangchemical.com\/?s={search_term_string}\"},\"query-input\":{\"@type\":\"PropertyValueSpecification\",\"valueRequired\":true,\"valueName\":\"search_term_string\"}}],\"inLanguage\":\"fr-FR\"},{\"@type\":\"Organization\",\"@id\":\"https:\/\/longchangchemical.com\/#organization\",\"name\":\"Longchang Chemical\",\"url\":\"https:\/\/longchangchemical.com\/\",\"logo\":{\"@type\":\"ImageObject\",\"inLanguage\":\"fr-FR\",\"@id\":\"https:\/\/longchangchemical.com\/#\/schema\/logo\/image\/\",\"url\":\"https:\/\/longchangchemical.com\/wp-content\/uploads\/2020\/08\/cropped-longchang-logo.png\",\"contentUrl\":\"https:\/\/longchangchemical.com\/wp-content\/uploads\/2020\/08\/cropped-longchang-logo.png\",\"width\":512,\"height\":512,\"caption\":\"Longchang Chemical\"},\"image\":{\"@id\":\"https:\/\/longchangchemical.com\/#\/schema\/logo\/image\/\"}}]}<\/script>\n<!-- \/ Yoast SEO plugin. -->","yoast_head_json":{"title":"Fabricant chinois d'anthranilate de m\u00e9thyle \uff06 CAS 134-20-3 Fournisseur - Longchang chemical Co.","description":"Longchang Chemical est un fabricant et fournisseur leader d'anthranilate de m\u00e9thyle en Chine. Achetez de l'anthranilate de m\u00e9thyle en Chine. Nous pouvons vous fournir le meilleur prix d'anthranilate de m\u00e9thyle.","robots":{"index":"index","follow":"follow","max-snippet":"max-snippet:-1","max-image-preview":"max-image-preview:large","max-video-preview":"max-video-preview:-1"},"canonical":"https:\/\/longchangchemical.com\/fr\/product\/methyl-anthranilate-cas-134-20-3\/","og_locale":"fr_FR","og_type":"article","og_title":"China Methyl anthranilate Manufacturer \uff06 CAS 134-20-3 Supplier - Longchang chemical Co., Ltd.","og_description":"Longchang Chemical is a leading manufacturer and supplier of Methyl anthranilate in China. Buy Methyl anthranilate in china. We can provide the best Methyl anthranilate price.","og_url":"https:\/\/longchangchemical.com\/fr\/product\/methyl-anthranilate-cas-134-20-3\/","og_site_name":"Longchang Chemical","article_modified_time":"2025-12-23T06:07:22+00:00","og_image":[{"width":600,"height":800,"url":"https:\/\/longchangchemical.com\/wp-content\/uploads\/2021\/01\/Methyl-anthranilate-Appearance.jpg","type":"image\/jpeg"}],"twitter_card":"summary_large_image","schema":{"@context":"https:\/\/schema.org","@graph":[{"@type":"WebPage","@id":"https:\/\/longchangchemical.com\/product\/methyl-anthranilate-cas-134-20-3\/","url":"https:\/\/longchangchemical.com\/product\/methyl-anthranilate-cas-134-20-3\/","name":"Fabricant chinois d'anthranilate de m\u00e9thyle \uff06 CAS 134-20-3 Fournisseur - Longchang chemical Co.","isPartOf":{"@id":"https:\/\/longchangchemical.com\/#website"},"primaryImageOfPage":{"@id":"https:\/\/longchangchemical.com\/product\/methyl-anthranilate-cas-134-20-3\/#primaryimage"},"image":{"@id":"https:\/\/longchangchemical.com\/product\/methyl-anthranilate-cas-134-20-3\/#primaryimage"},"thumbnailUrl":"https:\/\/longchangchemical.com\/wp-content\/uploads\/2021\/01\/Methyl-anthranilate-Appearance.jpg","datePublished":"2021-01-21T11:40:36+00:00","dateModified":"2025-12-23T06:07:22+00:00","description":"Longchang Chemical est un fabricant et fournisseur leader d'anthranilate de m\u00e9thyle en Chine. Achetez de l'anthranilate de m\u00e9thyle en Chine. Nous pouvons vous fournir le meilleur prix d'anthranilate de m\u00e9thyle.","breadcrumb":{"@id":"https:\/\/longchangchemical.com\/product\/methyl-anthranilate-cas-134-20-3\/#breadcrumb"},"inLanguage":"fr-FR","potentialAction":[{"@type":"ReadAction","target":["https:\/\/longchangchemical.com\/product\/methyl-anthranilate-cas-134-20-3\/"]}]},{"@type":"ImageObject","inLanguage":"fr-FR","@id":"https:\/\/longchangchemical.com\/product\/methyl-anthranilate-cas-134-20-3\/#primaryimage","url":"https:\/\/longchangchemical.com\/wp-content\/uploads\/2021\/01\/Methyl-anthranilate-Appearance.jpg","contentUrl":"https:\/\/longchangchemical.com\/wp-content\/uploads\/2021\/01\/Methyl-anthranilate-Appearance.jpg","width":600,"height":800,"caption":"Methyl anthranilate Appearance"},{"@type":"BreadcrumbList","@id":"https:\/\/longchangchemical.com\/product\/methyl-anthranilate-cas-134-20-3\/#breadcrumb","itemListElement":[{"@type":"ListItem","position":1,"name":"Home","item":"https:\/\/longchangchemical.com\/"},{"@type":"ListItem","position":2,"name":"Products Longchang","item":"https:\/\/longchangchemical.com\/product\/"},{"@type":"ListItem","position":3,"name":"methyl anthranilate CAS 134-20-3"}]},{"@type":"WebSite","@id":"https:\/\/longchangchemical.com\/#website","url":"https:\/\/longchangchemical.com\/","name":"Longchang Chemical","description":"Fabricant chinois de produits chimiques \uff06 fournisseur","publisher":{"@id":"https:\/\/longchangchemical.com\/#organization"},"potentialAction":[{"@type":"SearchAction","target":{"@type":"EntryPoint","urlTemplate":"https:\/\/longchangchemical.com\/?s={search_term_string}"},"query-input":{"@type":"PropertyValueSpecification","valueRequired":true,"valueName":"search_term_string"}}],"inLanguage":"fr-FR"},{"@type":"Organization","@id":"https:\/\/longchangchemical.com\/#organization","name":"Longchang Chemical","url":"https:\/\/longchangchemical.com\/","logo":{"@type":"ImageObject","inLanguage":"fr-FR","@id":"https:\/\/longchangchemical.com\/#\/schema\/logo\/image\/","url":"https:\/\/longchangchemical.com\/wp-content\/uploads\/2020\/08\/cropped-longchang-logo.png","contentUrl":"https:\/\/longchangchemical.com\/wp-content\/uploads\/2020\/08\/cropped-longchang-logo.png","width":512,"height":512,"caption":"Longchang Chemical"},"image":{"@id":"https:\/\/longchangchemical.com\/#\/schema\/logo\/image\/"}}]}},"_links":{"self":[{"href":"https:\/\/longchangchemical.com\/fr\/wp-json\/wp\/v2\/product\/3507","targetHints":{"allow":["GET"]}}],"collection":[{"href":"https:\/\/longchangchemical.com\/fr\/wp-json\/wp\/v2\/product"}],"about":[{"href":"https:\/\/longchangchemical.com\/fr\/wp-json\/wp\/v2\/types\/product"}],"replies":[{"embeddable":true,"href":"https:\/\/longchangchemical.com\/fr\/wp-json\/wp\/v2\/comments?post=3507"}],"wp:featuredmedia":[{"embeddable":true,"href":"https:\/\/longchangchemical.com\/fr\/wp-json\/wp\/v2\/media\/4293"}],"wp:attachment":[{"href":"https:\/\/longchangchemical.com\/fr\/wp-json\/wp\/v2\/media?parent=3507"}],"wp:term":[{"taxonomy":"product_brand","embeddable":true,"href":"https:\/\/longchangchemical.com\/fr\/wp-json\/wp\/v2\/product_brand?post=3507"},{"taxonomy":"product_cat","embeddable":true,"href":"https:\/\/longchangchemical.com\/fr\/wp-json\/wp\/v2\/product_cat?post=3507"},{"taxonomy":"product_tag","embeddable":true,"href":"https:\/\/longchangchemical.com\/fr\/wp-json\/wp\/v2\/product_tag?post=3507"}],"curies":[{"name":"wp","href":"https:\/\/api.w.org\/{rel}","templated":true}]}}