{"id":3503,"date":"2021-01-20T11:23:17","date_gmt":"2021-01-20T11:23:17","guid":{"rendered":"https:\/\/longchangchemical.com\/?post_type=product&#038;p=3503"},"modified":"2025-12-23T05:55:22","modified_gmt":"2025-12-23T05:55:22","slug":"benzotrifluoride-cas-98-08-8","status":"publish","type":"product","link":"https:\/\/longchangchemical.com\/fr\/product\/benzotrifluoride-cas-98-08-8\/","title":{"rendered":"Benzotrifluorure CAS 98-08-8"},"content":{"rendered":"<h1>Benzotrifluorure CAS 98-08-8<\/h1>\n<table class=\"table-1\" cellspacing=\"0\" cellpadding=\"0\">\n<tbody>\n<tr align=\"left\">\n<td>\n<h4>Inspecter l'article<\/h4>\n<\/td>\n<td>\n<h4>Sp\u00e9cifications<\/h4>\n<\/td>\n<td>\n<h4>R\u00e9sultats<\/h4>\n<\/td>\n<\/tr>\n<tr align=\"left\">\n<td>\n<h4>Apparence<\/h4>\n<\/td>\n<td>\n<h4>Liquide transparent incolore<\/h4>\n<\/td>\n<td>\n<h4>Liquide transparent incolore<\/h4>\n<\/td>\n<\/tr>\n<tr align=\"left\">\n<td>\n<h4>Essai<\/h4>\n<\/td>\n<td>\n<h4>99.50%Min<\/h4>\n<\/td>\n<td>\n<h4>99.80%<\/h4>\n<\/td>\n<\/tr>\n<tr align=\"left\">\n<td>\n<h4>Eau (Par karl fischer)<\/h4>\n<\/td>\n<td>\n<h4>0,05%Max<\/h4>\n<\/td>\n<td>\n<h4>0.02%<\/h4>\n<\/td>\n<\/tr>\n<tr align=\"left\">\n<td>\n<h4>Conclusion<\/h4>\n<\/td>\n<td colspan=\"2\">\n<h4>Qualifi\u00e9.<\/h4>\n<\/td>\n<\/tr>\n<\/tbody>\n<\/table>\n<p>&nbsp;<\/p>\n<h2><strong>Utilisation du benzotrifluorure<\/strong><\/h2>\n<h4><span class=\"JLqJ4b ChMk0b\" data-language-for-alternatives=\"en\" data-language-to-translate-into=\"auto\" data-phrase-index=\"0\">1. Le benzotrifluorure est un interm\u00e9diaire important dans la chimie du fluor. Il peut \u00eatre utilis\u00e9 pour pr\u00e9parer des herbicides tels que le fluroxypyr, le flurochloridone, le diflufenican.<\/span><\/h4>\n<h4><span class=\"JLqJ4b ChMk0b\" data-language-for-alternatives=\"en\" data-language-to-translate-into=\"auto\" data-phrase-index=\"2\">2. Le benzotrifluorure peut \u00eatre utilis\u00e9 dans la fabrication de m\u00e9dicaments, de colorants, d'agents de vulcanisation, de pesticides, etc.<\/span><\/h4>\n<h4><span class=\"JLqJ4b ChMk0b\" data-language-for-alternatives=\"en\" data-language-to-translate-into=\"auto\" data-phrase-index=\"4\">3. Le benzotrifluorure peut \u00eatre utilis\u00e9 pour d\u00e9terminer le pouvoir calorifique du carburant, peut \u00eatre formul\u00e9 comme agent extincteur en poudre et peut \u00e9galement \u00eatre utilis\u00e9 comme additif plastique photod\u00e9gradable.<\/span><\/h4>\n<p>&nbsp;<\/p>\n<h2><strong>D\u00e9tails de l'emballage du benzotrifluorure<\/strong><\/h2>\n<h4>250kg\/tambour<\/h4>\n<p>&nbsp;<\/p>\n<h2><strong><b>Contactez-nous d\u00e8s maintenant !<\/b><\/strong><\/h2>\n<h4><strong><b>Nous fournissons des services personnalis\u00e9s, nous vous contacterons g\u00e9n\u00e9ralement dans les 24 heures. Vous pouvez \u00e9galement m'envoyer un courriel \u00e0 l'adresse info@longchangchemical.com pendant les heures de travail (de 8h30 \u00e0 18h00 UTC+8 du lundi au samedi) ou utiliser le chat en direct du site web pour obtenir une r\u00e9ponse rapide.<\/b><\/strong><\/h4>","protected":false},"excerpt":{"rendered":"<h4>Nom chimique:Benzotrifluoride<\/h4>\n<h4>CAS : 98-08-8<\/h4>\n<h4>Formule mol\u00e9culaire:C7H5F3<\/h4>\n<h4>Poids mol\u00e9culaire : 146,11<\/h4>\n<h4>Aspect : Liquide transparent incolore<\/h4>\n<h4>Puret\u00e9 : 99,5%<\/h4>","protected":false},"featured_media":4184,"comment_status":"open","ping_status":"closed","template":"","meta":[],"product_brand":[],"product_cat":[69],"product_tag":[],"class_list":{"0":"post-3503","1":"product","2":"type-product","3":"status-publish","4":"has-post-thumbnail","6":"product_cat-catalysts-chemical-auxiliary-agents","8":"first","9":"instock","10":"shipping-taxable","11":"product-type-simple"},"yoast_head":"<!-- This site is optimized with the Yoast SEO plugin v25.3.1 - https:\/\/yoast.com\/wordpress\/plugins\/seo\/ -->\n<title>China Benzotrifluoride CAS 98-08-8 Manufacturer \uff06 Supplier - Longchang chemical Co., Ltd.<\/title>\n<meta name=\"description\" content=\"Longchang Chemical is a leading manufacturer and supplier of Benzotrifluoride CAS 98-08-8 in China. Buy Benzotrifluoride in china. We can provide the best Benzotrifluoride price.\" \/>\n<meta name=\"robots\" content=\"index, follow, max-snippet:-1, max-image-preview:large, max-video-preview:-1\" \/>\n<link rel=\"canonical\" href=\"https:\/\/longchangchemical.com\/fr\/product\/benzotrifluoride-cas-98-08-8\/\" \/>\n<meta property=\"og:locale\" content=\"fr_FR\" \/>\n<meta property=\"og:type\" content=\"article\" \/>\n<meta property=\"og:title\" content=\"China Benzotrifluoride CAS 98-08-8 Manufacturer \uff06 Supplier - Longchang chemical Co., Ltd.\" \/>\n<meta property=\"og:description\" content=\"Longchang Chemical is a leading manufacturer and supplier of Benzotrifluoride CAS 98-08-8 in China. Buy Benzotrifluoride in china. We can provide the best Benzotrifluoride price.\" \/>\n<meta property=\"og:url\" content=\"https:\/\/longchangchemical.com\/fr\/product\/benzotrifluoride-cas-98-08-8\/\" \/>\n<meta property=\"og:site_name\" content=\"Longchang Chemical\" \/>\n<meta property=\"article:modified_time\" content=\"2025-12-23T05:55:22+00:00\" \/>\n<meta property=\"og:image\" content=\"https:\/\/longchangchemical.com\/wp-content\/uploads\/2021\/01\/Benzotrifluoride-Packaging.jpg\" \/>\n\t<meta property=\"og:image:width\" content=\"600\" \/>\n\t<meta property=\"og:image:height\" content=\"800\" \/>\n\t<meta property=\"og:image:type\" content=\"image\/jpeg\" \/>\n<meta name=\"twitter:card\" content=\"summary_large_image\" \/>\n<script type=\"application\/ld+json\" class=\"yoast-schema-graph\">{\"@context\":\"https:\/\/schema.org\",\"@graph\":[{\"@type\":\"WebPage\",\"@id\":\"https:\/\/longchangchemical.com\/product\/benzotrifluoride-cas-98-08-8\/\",\"url\":\"https:\/\/longchangchemical.com\/product\/benzotrifluoride-cas-98-08-8\/\",\"name\":\"China Benzotrifluoride CAS 98-08-8 Manufacturer \uff06 Supplier - Longchang chemical Co., Ltd.\",\"isPartOf\":{\"@id\":\"https:\/\/longchangchemical.com\/#website\"},\"primaryImageOfPage\":{\"@id\":\"https:\/\/longchangchemical.com\/product\/benzotrifluoride-cas-98-08-8\/#primaryimage\"},\"image\":{\"@id\":\"https:\/\/longchangchemical.com\/product\/benzotrifluoride-cas-98-08-8\/#primaryimage\"},\"thumbnailUrl\":\"https:\/\/longchangchemical.com\/wp-content\/uploads\/2021\/01\/Benzotrifluoride-Packaging.jpg\",\"datePublished\":\"2021-01-20T11:23:17+00:00\",\"dateModified\":\"2025-12-23T05:55:22+00:00\",\"description\":\"Longchang Chemical is a leading manufacturer and supplier of Benzotrifluoride CAS 98-08-8 in China. Buy Benzotrifluoride in china. We can provide the best Benzotrifluoride price.\",\"breadcrumb\":{\"@id\":\"https:\/\/longchangchemical.com\/product\/benzotrifluoride-cas-98-08-8\/#breadcrumb\"},\"inLanguage\":\"fr-FR\",\"potentialAction\":[{\"@type\":\"ReadAction\",\"target\":[\"https:\/\/longchangchemical.com\/product\/benzotrifluoride-cas-98-08-8\/\"]}]},{\"@type\":\"ImageObject\",\"inLanguage\":\"fr-FR\",\"@id\":\"https:\/\/longchangchemical.com\/product\/benzotrifluoride-cas-98-08-8\/#primaryimage\",\"url\":\"https:\/\/longchangchemical.com\/wp-content\/uploads\/2021\/01\/Benzotrifluoride-Packaging.jpg\",\"contentUrl\":\"https:\/\/longchangchemical.com\/wp-content\/uploads\/2021\/01\/Benzotrifluoride-Packaging.jpg\",\"width\":600,\"height\":800,\"caption\":\"Benzotrifluoride Packaging\"},{\"@type\":\"BreadcrumbList\",\"@id\":\"https:\/\/longchangchemical.com\/product\/benzotrifluoride-cas-98-08-8\/#breadcrumb\",\"itemListElement\":[{\"@type\":\"ListItem\",\"position\":1,\"name\":\"Home\",\"item\":\"https:\/\/longchangchemical.com\/\"},{\"@type\":\"ListItem\",\"position\":2,\"name\":\"Products Longchang\",\"item\":\"https:\/\/longchangchemical.com\/product\/\"},{\"@type\":\"ListItem\",\"position\":3,\"name\":\"Benzotrifluoride CAS 98-08-8\"}]},{\"@type\":\"WebSite\",\"@id\":\"https:\/\/longchangchemical.com\/#website\",\"url\":\"https:\/\/longchangchemical.com\/\",\"name\":\"Longchang Chemical\",\"description\":\"China chemical manufacturer \uff06 supplier\",\"publisher\":{\"@id\":\"https:\/\/longchangchemical.com\/#organization\"},\"potentialAction\":[{\"@type\":\"SearchAction\",\"target\":{\"@type\":\"EntryPoint\",\"urlTemplate\":\"https:\/\/longchangchemical.com\/?s={search_term_string}\"},\"query-input\":{\"@type\":\"PropertyValueSpecification\",\"valueRequired\":true,\"valueName\":\"search_term_string\"}}],\"inLanguage\":\"fr-FR\"},{\"@type\":\"Organization\",\"@id\":\"https:\/\/longchangchemical.com\/#organization\",\"name\":\"Longchang Chemical\",\"url\":\"https:\/\/longchangchemical.com\/\",\"logo\":{\"@type\":\"ImageObject\",\"inLanguage\":\"fr-FR\",\"@id\":\"https:\/\/longchangchemical.com\/#\/schema\/logo\/image\/\",\"url\":\"https:\/\/longchangchemical.com\/wp-content\/uploads\/2020\/08\/cropped-longchang-logo.png\",\"contentUrl\":\"https:\/\/longchangchemical.com\/wp-content\/uploads\/2020\/08\/cropped-longchang-logo.png\",\"width\":512,\"height\":512,\"caption\":\"Longchang Chemical\"},\"image\":{\"@id\":\"https:\/\/longchangchemical.com\/#\/schema\/logo\/image\/\"}}]}<\/script>\n<!-- \/ Yoast SEO plugin. -->","yoast_head_json":{"title":"Benzotrifluoride CAS 98-08-8 Fabricant \uff06 Fournisseur - Longchang chemical Co.","description":"Longchang Chemical est un fabricant et fournisseur leader de Benzotrifluoride CAS 98-08-8 en Chine. Acheter Benzotrifluoride en Chine. Nous pouvons vous fournir le meilleur prix de Benzotrifluoride.","robots":{"index":"index","follow":"follow","max-snippet":"max-snippet:-1","max-image-preview":"max-image-preview:large","max-video-preview":"max-video-preview:-1"},"canonical":"https:\/\/longchangchemical.com\/fr\/product\/benzotrifluoride-cas-98-08-8\/","og_locale":"fr_FR","og_type":"article","og_title":"China Benzotrifluoride CAS 98-08-8 Manufacturer \uff06 Supplier - Longchang chemical Co., Ltd.","og_description":"Longchang Chemical is a leading manufacturer and supplier of Benzotrifluoride CAS 98-08-8 in China. Buy Benzotrifluoride in china. We can provide the best Benzotrifluoride price.","og_url":"https:\/\/longchangchemical.com\/fr\/product\/benzotrifluoride-cas-98-08-8\/","og_site_name":"Longchang Chemical","article_modified_time":"2025-12-23T05:55:22+00:00","og_image":[{"width":600,"height":800,"url":"https:\/\/longchangchemical.com\/wp-content\/uploads\/2021\/01\/Benzotrifluoride-Packaging.jpg","type":"image\/jpeg"}],"twitter_card":"summary_large_image","schema":{"@context":"https:\/\/schema.org","@graph":[{"@type":"WebPage","@id":"https:\/\/longchangchemical.com\/product\/benzotrifluoride-cas-98-08-8\/","url":"https:\/\/longchangchemical.com\/product\/benzotrifluoride-cas-98-08-8\/","name":"Benzotrifluoride CAS 98-08-8 Fabricant \uff06 Fournisseur - Longchang chemical Co.","isPartOf":{"@id":"https:\/\/longchangchemical.com\/#website"},"primaryImageOfPage":{"@id":"https:\/\/longchangchemical.com\/product\/benzotrifluoride-cas-98-08-8\/#primaryimage"},"image":{"@id":"https:\/\/longchangchemical.com\/product\/benzotrifluoride-cas-98-08-8\/#primaryimage"},"thumbnailUrl":"https:\/\/longchangchemical.com\/wp-content\/uploads\/2021\/01\/Benzotrifluoride-Packaging.jpg","datePublished":"2021-01-20T11:23:17+00:00","dateModified":"2025-12-23T05:55:22+00:00","description":"Longchang Chemical est un fabricant et fournisseur leader de Benzotrifluoride CAS 98-08-8 en Chine. Acheter Benzotrifluoride en Chine. Nous pouvons vous fournir le meilleur prix de Benzotrifluoride.","breadcrumb":{"@id":"https:\/\/longchangchemical.com\/product\/benzotrifluoride-cas-98-08-8\/#breadcrumb"},"inLanguage":"fr-FR","potentialAction":[{"@type":"ReadAction","target":["https:\/\/longchangchemical.com\/product\/benzotrifluoride-cas-98-08-8\/"]}]},{"@type":"ImageObject","inLanguage":"fr-FR","@id":"https:\/\/longchangchemical.com\/product\/benzotrifluoride-cas-98-08-8\/#primaryimage","url":"https:\/\/longchangchemical.com\/wp-content\/uploads\/2021\/01\/Benzotrifluoride-Packaging.jpg","contentUrl":"https:\/\/longchangchemical.com\/wp-content\/uploads\/2021\/01\/Benzotrifluoride-Packaging.jpg","width":600,"height":800,"caption":"Benzotrifluoride Packaging"},{"@type":"BreadcrumbList","@id":"https:\/\/longchangchemical.com\/product\/benzotrifluoride-cas-98-08-8\/#breadcrumb","itemListElement":[{"@type":"ListItem","position":1,"name":"Home","item":"https:\/\/longchangchemical.com\/"},{"@type":"ListItem","position":2,"name":"Products Longchang","item":"https:\/\/longchangchemical.com\/product\/"},{"@type":"ListItem","position":3,"name":"Benzotrifluoride CAS 98-08-8"}]},{"@type":"WebSite","@id":"https:\/\/longchangchemical.com\/#website","url":"https:\/\/longchangchemical.com\/","name":"Longchang Chemical","description":"Fabricant chinois de produits chimiques \uff06 fournisseur","publisher":{"@id":"https:\/\/longchangchemical.com\/#organization"},"potentialAction":[{"@type":"SearchAction","target":{"@type":"EntryPoint","urlTemplate":"https:\/\/longchangchemical.com\/?s={search_term_string}"},"query-input":{"@type":"PropertyValueSpecification","valueRequired":true,"valueName":"search_term_string"}}],"inLanguage":"fr-FR"},{"@type":"Organization","@id":"https:\/\/longchangchemical.com\/#organization","name":"Longchang Chemical","url":"https:\/\/longchangchemical.com\/","logo":{"@type":"ImageObject","inLanguage":"fr-FR","@id":"https:\/\/longchangchemical.com\/#\/schema\/logo\/image\/","url":"https:\/\/longchangchemical.com\/wp-content\/uploads\/2020\/08\/cropped-longchang-logo.png","contentUrl":"https:\/\/longchangchemical.com\/wp-content\/uploads\/2020\/08\/cropped-longchang-logo.png","width":512,"height":512,"caption":"Longchang Chemical"},"image":{"@id":"https:\/\/longchangchemical.com\/#\/schema\/logo\/image\/"}}]}},"_links":{"self":[{"href":"https:\/\/longchangchemical.com\/fr\/wp-json\/wp\/v2\/product\/3503","targetHints":{"allow":["GET"]}}],"collection":[{"href":"https:\/\/longchangchemical.com\/fr\/wp-json\/wp\/v2\/product"}],"about":[{"href":"https:\/\/longchangchemical.com\/fr\/wp-json\/wp\/v2\/types\/product"}],"replies":[{"embeddable":true,"href":"https:\/\/longchangchemical.com\/fr\/wp-json\/wp\/v2\/comments?post=3503"}],"wp:featuredmedia":[{"embeddable":true,"href":"https:\/\/longchangchemical.com\/fr\/wp-json\/wp\/v2\/media\/4184"}],"wp:attachment":[{"href":"https:\/\/longchangchemical.com\/fr\/wp-json\/wp\/v2\/media?parent=3503"}],"wp:term":[{"taxonomy":"product_brand","embeddable":true,"href":"https:\/\/longchangchemical.com\/fr\/wp-json\/wp\/v2\/product_brand?post=3503"},{"taxonomy":"product_cat","embeddable":true,"href":"https:\/\/longchangchemical.com\/fr\/wp-json\/wp\/v2\/product_cat?post=3503"},{"taxonomy":"product_tag","embeddable":true,"href":"https:\/\/longchangchemical.com\/fr\/wp-json\/wp\/v2\/product_tag?post=3503"}],"curies":[{"name":"wp","href":"https:\/\/api.w.org\/{rel}","templated":true}]}}