{"id":3502,"date":"2021-01-20T11:16:54","date_gmt":"2021-01-20T11:16:54","guid":{"rendered":"https:\/\/longchangchemical.com\/?post_type=product&#038;p=3502"},"modified":"2026-01-09T09:40:55","modified_gmt":"2026-01-09T09:40:55","slug":"diethylamino-hydroxybenzoyl-hexyl-benzoate-dhhb-uvinul-a-plus-cas-302776-68-7","status":"publish","type":"product","link":"https:\/\/longchangchemical.com\/fr\/product\/diethylamino-hydroxybenzoyl-hexyl-benzoate-dhhb-uvinul-a-plus-cas-302776-68-7\/","title":{"rendered":"DHHB \/ Uvinul A Plus CAS 302776-68-7"},"content":{"rendered":"<h1>Di\u00e9thylamino hydroxybenzoyl hexyl benzoate \/ DHHB \/<\/h1>\n<h1 class=\"title\">Uvinul A Plus CAS 302776-68-7<\/h1>\n<table>\n<tbody>\n<tr>\n<td width=\"213\">Objet<\/td>\n<td width=\"329\">Standard<\/td>\n<td width=\"152\">R\u00e9sultats<\/td>\n<\/tr>\n<tr>\n<td width=\"213\">Apparence<\/td>\n<td width=\"329\">Poudre ou granul\u00e9s l\u00e9g\u00e8rement blancs<\/td>\n<td width=\"152\">Conforme<\/td>\n<\/tr>\n<tr>\n<td width=\"213\">Perte au s\u00e9chage<\/td>\n<td width=\"329\">\u22640.5%<\/td>\n<td width=\"152\">0.07%<\/td>\n<\/tr>\n<tr>\n<td width=\"213\">Essai (GC)<\/td>\n<td width=\"329\">98.0~105.0%<\/td>\n<td width=\"152\">99.1%<\/td>\n<\/tr>\n<tr>\n<td width=\"213\">Conclusion<\/td>\n<td colspan=\"2\" width=\"481\">Qualifi\u00e9<\/td>\n<\/tr>\n<\/tbody>\n<\/table>\n<p>&nbsp;<\/p>\n<p><strong>Benzoate de di\u00e9thylamino hydroxybenzoyle et d'hexyle Utilisation<\/strong><\/p>\n<p>&nbsp;<\/p>\n<h4><span class=\"JLqJ4b ChMk0b\" data-language-for-alternatives=\"en\" data-language-to-translate-into=\"auto\" data-phrase-index=\"0\">1. M\u00e9thode consistant \u00e0 ajouter Uvinul A Plus \u00e0 des pr\u00e9parations cosm\u00e9tiques pour r\u00e9duire la pollution des tissus et augmenter le facteur de protection solaire (FPS), et Uvinul A Plus est utilis\u00e9 dans des pr\u00e9parations cosm\u00e9tiques pour r\u00e9duire la pollution des tissus caus\u00e9e par des pr\u00e9parations et augmenter le facteur de protection solaire (FPS) des pr\u00e9parations.<\/span> <span class=\"JLqJ4b ChMk0b\" data-language-for-alternatives=\"en\" data-language-to-translate-into=\"auto\" data-phrase-index=\"1\">utiliser.<\/span><\/h4>\n<h4><span class=\"JLqJ4b ChMk0b\" data-language-for-alternatives=\"en\" data-language-to-translate-into=\"auto\" data-phrase-index=\"3\">2. Absorbeur d'UV UV-A PLUS est un absorbeur d'UV \u00e0 base de benzoate, l'absorbeur d'UVA ayant la plus forte capacit\u00e9 d'absorption d'UVA. Il peut absorber 320-400 nanom\u00e8tres de lumi\u00e8re ultraviolette, et la valeur d'absorption maximale est de 354 nanom\u00e8tres. Il se caract\u00e9rise par une bonne compatibilit\u00e9, une faible migration, une bonne stabilit\u00e9 thermique, une grande efficacit\u00e9 d'absorption, etc. Il convient aux cosm\u00e9tiques, aux \u00e9crans solaires et aux filtres. Le dosage g\u00e9n\u00e9ral est de 0,2-0,5%.<\/span><\/h4>\n<p>&nbsp;<\/p>\n<h2><strong>Diethylamino Hydroxybenzoyl Hexyl Benzoate Emballage<\/strong><\/h2>\n<h4>25 kg\/tambour<\/h4>\n<p>&nbsp;<\/p>\n<h2><strong>Benzoate de di\u00e9thylamino hydroxybenzoyle et d'hexyle Stockage<\/strong><\/h2>\n<h4>La DHHB doit \u00eatre stock\u00e9e dans un syst\u00e8me ferm\u00e9 et conserv\u00e9e dans un endroit sec et sombre, \u00e0 l'abri de la lumi\u00e8re. La dur\u00e9e de conservation de la DHHB est de deux ans dans son emballage d'origine, non ouvert.<\/h4>\n<p>&nbsp;<\/p>\n<h2><strong><b>Contactez-nous d\u00e8s maintenant !<\/b><\/strong><\/h2>\n<h4><strong><b>Si vous avez besoin de COA, MSDS ou TDS, veuillez remplir vos coordonn\u00e9es dans le formulaire ci-dessous, nous vous contacterons g\u00e9n\u00e9ralement dans les 24 heures. Vous pouvez \u00e9galement m'envoyer un courriel <span style=\"color: #0000ff;\"><a style=\"color: #0000ff;\" href=\"mailto:info@longchangchemical.com\">info@longchangchemical.com<\/a><\/span> pendant les heures de travail ( 8:30 am to 6:00 pm UTC+8 Mon.~Sat. ) ou utilisez le chat en direct du site web pour obtenir une r\u00e9ponse rapide.<\/b><\/strong><\/h4>","protected":false},"excerpt":{"rendered":"<h4>Nom chimique : Benzoate de di\u00e9thylamino hydroxybenzoyle et d'hexyle<\/h4>\n<h4>Num\u00e9ro CAS : 302776-68-7<\/h4>\n<h4>Formule mol\u00e9culaire:C24H31NO4<\/h4>\n<h4>Poids mol\u00e9culaire : 397,51<\/h4>\n<h4><\/h4>\n<h4>Structure chimique :<img decoding=\"async\" title=\"Benzoate de di\u00e9thylamino hydroxybenzoyle et d&#039;hexyle\" src=\"https:\/\/www.longchangchemical.com\/wp-content\/uploads\/product-details\/20200612257136.png\" alt=\"Benzoate de di\u00e9thylamino hydroxybenzoyle et d&#039;hexyle\" width=\"310\" height=\"116\" border=\"0\" vspace=\"0\" \/><\/h4>\n<h4>Aspect : poudre ou granul\u00e9s l\u00e9g\u00e8rement blancs<\/h4>","protected":false},"featured_media":7967,"comment_status":"open","ping_status":"closed","template":"","meta":[],"product_brand":[],"product_cat":[139],"product_tag":[],"class_list":{"0":"post-3502","1":"product","2":"type-product","3":"status-publish","4":"has-post-thumbnail","6":"product_cat-lcsorb-uv-absorber","8":"first","9":"instock","10":"shipping-taxable","11":"product-type-simple"},"yoast_head":"<!-- This site is optimized with the Yoast SEO plugin v25.3.1 - https:\/\/yoast.com\/wordpress\/plugins\/seo\/ -->\n<title>China Uvinul A Plus \/ Diethylamino Hydroxybenzoyl Hexyl Benzoate CAS 302776-68-7 Manufacturer \uff06 Supplier - Longchang chemical Co., Ltd.<\/title>\n<meta name=\"description\" content=\"Longchang Chemical is a leading DHHB manufacturer and supplier of Diethylamino Hydroxybenzoyl Hexyl Benzoate CAS 302776-68-7 in China. Buy Uvinul A Plus in china. We can provide the best Diethylamino Hydroxybenzoyl Hexyl Benzoate price.\" \/>\n<meta name=\"robots\" content=\"index, follow, max-snippet:-1, max-image-preview:large, max-video-preview:-1\" \/>\n<link rel=\"canonical\" href=\"https:\/\/longchangchemical.com\/fr\/product\/diethylamino-hydroxybenzoyl-hexyl-benzoate-dhhb-uvinul-a-plus-cas-302776-68-7\/\" \/>\n<meta property=\"og:locale\" content=\"fr_FR\" \/>\n<meta property=\"og:type\" content=\"article\" \/>\n<meta property=\"og:title\" content=\"China Uvinul A Plus \/ Diethylamino Hydroxybenzoyl Hexyl Benzoate CAS 302776-68-7 Manufacturer \uff06 Supplier - Longchang chemical Co., Ltd.\" \/>\n<meta property=\"og:description\" content=\"Longchang Chemical is a leading DHHB manufacturer and supplier of Diethylamino Hydroxybenzoyl Hexyl Benzoate CAS 302776-68-7 in China. Buy Uvinul A Plus in china. We can provide the best Diethylamino Hydroxybenzoyl Hexyl Benzoate price.\" \/>\n<meta property=\"og:url\" content=\"https:\/\/longchangchemical.com\/fr\/product\/diethylamino-hydroxybenzoyl-hexyl-benzoate-dhhb-uvinul-a-plus-cas-302776-68-7\/\" \/>\n<meta property=\"og:site_name\" content=\"Longchang Chemical\" \/>\n<meta property=\"article:modified_time\" content=\"2026-01-09T09:40:55+00:00\" \/>\n<meta property=\"og:image\" content=\"https:\/\/longchangchemical.com\/wp-content\/uploads\/2021\/01\/302776-68-7.jpg\" \/>\n\t<meta property=\"og:image:width\" content=\"600\" \/>\n\t<meta property=\"og:image:height\" content=\"600\" \/>\n\t<meta property=\"og:image:type\" content=\"image\/jpeg\" \/>\n<meta name=\"twitter:card\" content=\"summary_large_image\" \/>\n<script type=\"application\/ld+json\" class=\"yoast-schema-graph\">{\"@context\":\"https:\/\/schema.org\",\"@graph\":[{\"@type\":\"WebPage\",\"@id\":\"https:\/\/longchangchemical.com\/product\/diethylamino-hydroxybenzoyl-hexyl-benzoate-dhhb-uvinul-a-plus-cas-302776-68-7\/\",\"url\":\"https:\/\/longchangchemical.com\/product\/diethylamino-hydroxybenzoyl-hexyl-benzoate-dhhb-uvinul-a-plus-cas-302776-68-7\/\",\"name\":\"China Uvinul A Plus \/ Diethylamino Hydroxybenzoyl Hexyl Benzoate CAS 302776-68-7 Manufacturer \uff06 Supplier - Longchang chemical Co., Ltd.\",\"isPartOf\":{\"@id\":\"https:\/\/longchangchemical.com\/#website\"},\"primaryImageOfPage\":{\"@id\":\"https:\/\/longchangchemical.com\/product\/diethylamino-hydroxybenzoyl-hexyl-benzoate-dhhb-uvinul-a-plus-cas-302776-68-7\/#primaryimage\"},\"image\":{\"@id\":\"https:\/\/longchangchemical.com\/product\/diethylamino-hydroxybenzoyl-hexyl-benzoate-dhhb-uvinul-a-plus-cas-302776-68-7\/#primaryimage\"},\"thumbnailUrl\":\"https:\/\/longchangchemical.com\/wp-content\/uploads\/2021\/01\/302776-68-7.jpg\",\"datePublished\":\"2021-01-20T11:16:54+00:00\",\"dateModified\":\"2026-01-09T09:40:55+00:00\",\"description\":\"Longchang Chemical is a leading DHHB manufacturer and supplier of Diethylamino Hydroxybenzoyl Hexyl Benzoate CAS 302776-68-7 in China. Buy Uvinul A Plus in china. We can provide the best Diethylamino Hydroxybenzoyl Hexyl Benzoate price.\",\"breadcrumb\":{\"@id\":\"https:\/\/longchangchemical.com\/product\/diethylamino-hydroxybenzoyl-hexyl-benzoate-dhhb-uvinul-a-plus-cas-302776-68-7\/#breadcrumb\"},\"inLanguage\":\"fr-FR\",\"potentialAction\":[{\"@type\":\"ReadAction\",\"target\":[\"https:\/\/longchangchemical.com\/product\/diethylamino-hydroxybenzoyl-hexyl-benzoate-dhhb-uvinul-a-plus-cas-302776-68-7\/\"]}]},{\"@type\":\"ImageObject\",\"inLanguage\":\"fr-FR\",\"@id\":\"https:\/\/longchangchemical.com\/product\/diethylamino-hydroxybenzoyl-hexyl-benzoate-dhhb-uvinul-a-plus-cas-302776-68-7\/#primaryimage\",\"url\":\"https:\/\/longchangchemical.com\/wp-content\/uploads\/2021\/01\/302776-68-7.jpg\",\"contentUrl\":\"https:\/\/longchangchemical.com\/wp-content\/uploads\/2021\/01\/302776-68-7.jpg\",\"width\":600,\"height\":600},{\"@type\":\"BreadcrumbList\",\"@id\":\"https:\/\/longchangchemical.com\/product\/diethylamino-hydroxybenzoyl-hexyl-benzoate-dhhb-uvinul-a-plus-cas-302776-68-7\/#breadcrumb\",\"itemListElement\":[{\"@type\":\"ListItem\",\"position\":1,\"name\":\"Home\",\"item\":\"https:\/\/longchangchemical.com\/\"},{\"@type\":\"ListItem\",\"position\":2,\"name\":\"Products Longchang\",\"item\":\"https:\/\/longchangchemical.com\/product\/\"},{\"@type\":\"ListItem\",\"position\":3,\"name\":\"DHHB \/ Uvinul A Plus CAS 302776-68-7\"}]},{\"@type\":\"WebSite\",\"@id\":\"https:\/\/longchangchemical.com\/#website\",\"url\":\"https:\/\/longchangchemical.com\/\",\"name\":\"Longchang Chemical\",\"description\":\"China chemical manufacturer \uff06 supplier\",\"publisher\":{\"@id\":\"https:\/\/longchangchemical.com\/#organization\"},\"potentialAction\":[{\"@type\":\"SearchAction\",\"target\":{\"@type\":\"EntryPoint\",\"urlTemplate\":\"https:\/\/longchangchemical.com\/?s={search_term_string}\"},\"query-input\":{\"@type\":\"PropertyValueSpecification\",\"valueRequired\":true,\"valueName\":\"search_term_string\"}}],\"inLanguage\":\"fr-FR\"},{\"@type\":\"Organization\",\"@id\":\"https:\/\/longchangchemical.com\/#organization\",\"name\":\"Longchang Chemical\",\"url\":\"https:\/\/longchangchemical.com\/\",\"logo\":{\"@type\":\"ImageObject\",\"inLanguage\":\"fr-FR\",\"@id\":\"https:\/\/longchangchemical.com\/#\/schema\/logo\/image\/\",\"url\":\"https:\/\/longchangchemical.com\/wp-content\/uploads\/2020\/08\/cropped-longchang-logo.png\",\"contentUrl\":\"https:\/\/longchangchemical.com\/wp-content\/uploads\/2020\/08\/cropped-longchang-logo.png\",\"width\":512,\"height\":512,\"caption\":\"Longchang Chemical\"},\"image\":{\"@id\":\"https:\/\/longchangchemical.com\/#\/schema\/logo\/image\/\"}}]}<\/script>\n<!-- \/ Yoast SEO plugin. -->","yoast_head_json":{"title":"Chine Uvinul A Plus \/ Diethylamino Hydroxybenzoyl Hexyl Benzoate CAS 302776-68-7 Fabricant \uff06 Fournisseur - Longchang chemical Co, Ltd.","description":"Longchang Chemical est un fabricant et fournisseur leader de DHHB Diethylamino Hydroxybenzoyl Hexyl Benzoate CAS 302776-68-7 en Chine. Acheter Uvinul A Plus en Chine. Nous pouvons vous fournir le meilleur prix de Diethylamino Hydroxybenzoyl Hexyl Benzoate.","robots":{"index":"index","follow":"follow","max-snippet":"max-snippet:-1","max-image-preview":"max-image-preview:large","max-video-preview":"max-video-preview:-1"},"canonical":"https:\/\/longchangchemical.com\/fr\/product\/diethylamino-hydroxybenzoyl-hexyl-benzoate-dhhb-uvinul-a-plus-cas-302776-68-7\/","og_locale":"fr_FR","og_type":"article","og_title":"China Uvinul A Plus \/ Diethylamino Hydroxybenzoyl Hexyl Benzoate CAS 302776-68-7 Manufacturer \uff06 Supplier - Longchang chemical Co., Ltd.","og_description":"Longchang Chemical is a leading DHHB manufacturer and supplier of Diethylamino Hydroxybenzoyl Hexyl Benzoate CAS 302776-68-7 in China. Buy Uvinul A Plus in china. We can provide the best Diethylamino Hydroxybenzoyl Hexyl Benzoate price.","og_url":"https:\/\/longchangchemical.com\/fr\/product\/diethylamino-hydroxybenzoyl-hexyl-benzoate-dhhb-uvinul-a-plus-cas-302776-68-7\/","og_site_name":"Longchang Chemical","article_modified_time":"2026-01-09T09:40:55+00:00","og_image":[{"width":600,"height":600,"url":"https:\/\/longchangchemical.com\/wp-content\/uploads\/2021\/01\/302776-68-7.jpg","type":"image\/jpeg"}],"twitter_card":"summary_large_image","schema":{"@context":"https:\/\/schema.org","@graph":[{"@type":"WebPage","@id":"https:\/\/longchangchemical.com\/product\/diethylamino-hydroxybenzoyl-hexyl-benzoate-dhhb-uvinul-a-plus-cas-302776-68-7\/","url":"https:\/\/longchangchemical.com\/product\/diethylamino-hydroxybenzoyl-hexyl-benzoate-dhhb-uvinul-a-plus-cas-302776-68-7\/","name":"Chine Uvinul A Plus \/ Diethylamino Hydroxybenzoyl Hexyl Benzoate CAS 302776-68-7 Fabricant \uff06 Fournisseur - Longchang chemical Co, Ltd.","isPartOf":{"@id":"https:\/\/longchangchemical.com\/#website"},"primaryImageOfPage":{"@id":"https:\/\/longchangchemical.com\/product\/diethylamino-hydroxybenzoyl-hexyl-benzoate-dhhb-uvinul-a-plus-cas-302776-68-7\/#primaryimage"},"image":{"@id":"https:\/\/longchangchemical.com\/product\/diethylamino-hydroxybenzoyl-hexyl-benzoate-dhhb-uvinul-a-plus-cas-302776-68-7\/#primaryimage"},"thumbnailUrl":"https:\/\/longchangchemical.com\/wp-content\/uploads\/2021\/01\/302776-68-7.jpg","datePublished":"2021-01-20T11:16:54+00:00","dateModified":"2026-01-09T09:40:55+00:00","description":"Longchang Chemical est un fabricant et fournisseur leader de DHHB Diethylamino Hydroxybenzoyl Hexyl Benzoate CAS 302776-68-7 en Chine. Acheter Uvinul A Plus en Chine. Nous pouvons vous fournir le meilleur prix de Diethylamino Hydroxybenzoyl Hexyl Benzoate.","breadcrumb":{"@id":"https:\/\/longchangchemical.com\/product\/diethylamino-hydroxybenzoyl-hexyl-benzoate-dhhb-uvinul-a-plus-cas-302776-68-7\/#breadcrumb"},"inLanguage":"fr-FR","potentialAction":[{"@type":"ReadAction","target":["https:\/\/longchangchemical.com\/product\/diethylamino-hydroxybenzoyl-hexyl-benzoate-dhhb-uvinul-a-plus-cas-302776-68-7\/"]}]},{"@type":"ImageObject","inLanguage":"fr-FR","@id":"https:\/\/longchangchemical.com\/product\/diethylamino-hydroxybenzoyl-hexyl-benzoate-dhhb-uvinul-a-plus-cas-302776-68-7\/#primaryimage","url":"https:\/\/longchangchemical.com\/wp-content\/uploads\/2021\/01\/302776-68-7.jpg","contentUrl":"https:\/\/longchangchemical.com\/wp-content\/uploads\/2021\/01\/302776-68-7.jpg","width":600,"height":600},{"@type":"BreadcrumbList","@id":"https:\/\/longchangchemical.com\/product\/diethylamino-hydroxybenzoyl-hexyl-benzoate-dhhb-uvinul-a-plus-cas-302776-68-7\/#breadcrumb","itemListElement":[{"@type":"ListItem","position":1,"name":"Home","item":"https:\/\/longchangchemical.com\/"},{"@type":"ListItem","position":2,"name":"Products Longchang","item":"https:\/\/longchangchemical.com\/product\/"},{"@type":"ListItem","position":3,"name":"DHHB \/ Uvinul A Plus CAS 302776-68-7"}]},{"@type":"WebSite","@id":"https:\/\/longchangchemical.com\/#website","url":"https:\/\/longchangchemical.com\/","name":"Longchang Chemical","description":"Fabricant chinois de produits chimiques \uff06 fournisseur","publisher":{"@id":"https:\/\/longchangchemical.com\/#organization"},"potentialAction":[{"@type":"SearchAction","target":{"@type":"EntryPoint","urlTemplate":"https:\/\/longchangchemical.com\/?s={search_term_string}"},"query-input":{"@type":"PropertyValueSpecification","valueRequired":true,"valueName":"search_term_string"}}],"inLanguage":"fr-FR"},{"@type":"Organization","@id":"https:\/\/longchangchemical.com\/#organization","name":"Longchang Chemical","url":"https:\/\/longchangchemical.com\/","logo":{"@type":"ImageObject","inLanguage":"fr-FR","@id":"https:\/\/longchangchemical.com\/#\/schema\/logo\/image\/","url":"https:\/\/longchangchemical.com\/wp-content\/uploads\/2020\/08\/cropped-longchang-logo.png","contentUrl":"https:\/\/longchangchemical.com\/wp-content\/uploads\/2020\/08\/cropped-longchang-logo.png","width":512,"height":512,"caption":"Longchang Chemical"},"image":{"@id":"https:\/\/longchangchemical.com\/#\/schema\/logo\/image\/"}}]}},"_links":{"self":[{"href":"https:\/\/longchangchemical.com\/fr\/wp-json\/wp\/v2\/product\/3502","targetHints":{"allow":["GET"]}}],"collection":[{"href":"https:\/\/longchangchemical.com\/fr\/wp-json\/wp\/v2\/product"}],"about":[{"href":"https:\/\/longchangchemical.com\/fr\/wp-json\/wp\/v2\/types\/product"}],"replies":[{"embeddable":true,"href":"https:\/\/longchangchemical.com\/fr\/wp-json\/wp\/v2\/comments?post=3502"}],"wp:featuredmedia":[{"embeddable":true,"href":"https:\/\/longchangchemical.com\/fr\/wp-json\/wp\/v2\/media\/7967"}],"wp:attachment":[{"href":"https:\/\/longchangchemical.com\/fr\/wp-json\/wp\/v2\/media?parent=3502"}],"wp:term":[{"taxonomy":"product_brand","embeddable":true,"href":"https:\/\/longchangchemical.com\/fr\/wp-json\/wp\/v2\/product_brand?post=3502"},{"taxonomy":"product_cat","embeddable":true,"href":"https:\/\/longchangchemical.com\/fr\/wp-json\/wp\/v2\/product_cat?post=3502"},{"taxonomy":"product_tag","embeddable":true,"href":"https:\/\/longchangchemical.com\/fr\/wp-json\/wp\/v2\/product_tag?post=3502"}],"curies":[{"name":"wp","href":"https:\/\/api.w.org\/{rel}","templated":true}]}}