{"id":3500,"date":"2021-01-20T10:55:03","date_gmt":"2021-01-20T10:55:03","guid":{"rendered":"https:\/\/longchangchemical.com\/?post_type=product&#038;p=3500"},"modified":"2025-12-23T05:47:20","modified_gmt":"2025-12-23T05:47:20","slug":"bisphenol-s-cas-80-09-1","status":"publish","type":"product","link":"https:\/\/longchangchemical.com\/fr\/product\/bisphenol-s-cas-80-09-1\/","title":{"rendered":"bisph\u00e9nol s CAS 80-09-1"},"content":{"rendered":"<h1>bisph\u00e9nol s CAS 80-09-1<\/h1>\n<table>\n<tbody>\n<tr>\n<td width=\"284\">Articles<\/td>\n<td width=\"284\">Sp\u00e9cifications<\/td>\n<\/tr>\n<tr>\n<td width=\"284\">Apparence<\/td>\n<td width=\"284\">Poudre ROSE<\/td>\n<\/tr>\n<tr>\n<td width=\"284\">Essai<\/td>\n<td width=\"284\">95%min<\/td>\n<\/tr>\n<tr>\n<td width=\"284\">Humidit\u00e9<\/td>\n<td width=\"284\">1%max<\/td>\n<\/tr>\n<tr>\n<td width=\"284\">Point de fusion<\/td>\n<td width=\"284\">225-230\u2103<\/td>\n<\/tr>\n<tr>\n<td width=\"284\">2,4\u2032-Sulfonyldiph\u00e9nol<\/td>\n<td width=\"284\">4% max<\/td>\n<\/tr>\n<\/tbody>\n<\/table>\n<p>&nbsp;<\/p>\n<table>\n<tbody>\n<tr>\n<td width=\"284\">Articles<\/td>\n<td width=\"284\">Sp\u00e9cifications<\/td>\n<\/tr>\n<tr>\n<td width=\"284\">Apparence<\/td>\n<td width=\"284\">Poudre presque blanche<\/td>\n<\/tr>\n<tr>\n<td width=\"284\">Essai<\/td>\n<td width=\"284\">98%min<\/td>\n<\/tr>\n<tr>\n<td width=\"284\">Humidit\u00e9<\/td>\n<td width=\"284\">1%max<\/td>\n<\/tr>\n<tr>\n<td width=\"284\">Point de fusion<\/td>\n<td width=\"284\">238-248\u2103<\/td>\n<\/tr>\n<tr>\n<td width=\"284\">2,4\u2032-Sulfonyldiph\u00e9nol<\/td>\n<td width=\"284\">1,5% max<\/td>\n<\/tr>\n<\/tbody>\n<\/table>\n<p>&nbsp;<\/p>\n<table>\n<tbody>\n<tr>\n<td width=\"284\">Articles<\/td>\n<td width=\"284\">Sp\u00e9cifications<\/td>\n<\/tr>\n<tr>\n<td width=\"284\">Apparence<\/td>\n<td width=\"284\">Poudre blanche<\/td>\n<\/tr>\n<tr>\n<td width=\"284\">Essai<\/td>\n<td width=\"284\">99,5%min<\/td>\n<\/tr>\n<tr>\n<td width=\"284\">Humidit\u00e9<\/td>\n<td width=\"284\">0,5%max<\/td>\n<\/tr>\n<tr>\n<td width=\"284\">Point de fusion<\/td>\n<td width=\"284\">245-250\u2103<\/td>\n<\/tr>\n<tr>\n<td width=\"284\">ASH<\/td>\n<td width=\"284\">0,2%max<\/td>\n<\/tr>\n<tr>\n<td width=\"284\">Teneur en fer (Fe)<\/td>\n<td width=\"284\">5ppm max<\/td>\n<\/tr>\n<tr>\n<td width=\"284\">2,4\u2032-Sulfonyldiph\u00e9nol<\/td>\n<td width=\"284\">0,5% max<\/td>\n<\/tr>\n<\/tbody>\n<\/table>\n<p>&nbsp;<\/p>\n<h2><strong>Utilisation du bisph\u00e9nol S<\/strong><\/h2>\n<h4><span class=\"JLqJ4b ChMk0b\" data-language-for-alternatives=\"en\" data-language-to-translate-into=\"auto\" data-phrase-index=\"0\">1. En tant que substitut du bisph\u00e9nol A, le bisph\u00e9nol s peut \u00eatre utilis\u00e9 comme mati\u00e8re premi\u00e8re du polycarbonate, de la r\u00e9sine \u00e9poxy, du polyester, de la r\u00e9sine ph\u00e9nolique et comme mati\u00e8re premi\u00e8re du polysulfone et du poly\u00e9thersulfone.<\/span><\/h4>\n<h4><span class=\"JLqJ4b ChMk0b\" data-language-for-alternatives=\"en\" data-language-to-translate-into=\"auto\" data-phrase-index=\"2\">2. Le bisph\u00e9nol S est principalement utilis\u00e9 comme agent de fixation.<\/span> <span class=\"JLqJ4b ChMk0b\" data-language-for-alternatives=\"en\" data-language-to-translate-into=\"auto\" data-phrase-index=\"3\">En outre, il peut \u00eatre utilis\u00e9 comme additif de solution de placage, agent de tannage du cuir, dispersant pour la teinture \u00e0 haute temp\u00e9rature de colorants dispers\u00e9s, acc\u00e9l\u00e9rateur de durcissement des r\u00e9sines ph\u00e9noliques, retardateur de flamme des r\u00e9sines, etc.<\/span><\/h4>\n<h4><span class=\"JLqJ4b ChMk0b\" data-language-for-alternatives=\"en\" data-language-to-translate-into=\"auto\" data-phrase-index=\"5\">3. Le bisph\u00e9nol s est \u00e9galement un interm\u00e9diaire des pesticides, des colorants et des auxiliaires.<\/span><\/h4>\n<h4><span class=\"JLqJ4b ChMk0b\" data-language-for-alternatives=\"en\" data-language-to-translate-into=\"auto\" data-phrase-index=\"7\">4. Le bisph\u00e9nol S est \u00e9galement utilis\u00e9 pour la fabrication de mat\u00e9riel photographique couleur, d'amplificateurs de contraste, de mat\u00e9riel d'enregistrement thermique (r\u00e9v\u00e9lateurs de couleurs), d'agents tensioactifs quotidiens et de d\u00e9odorants \u00e0 haute efficacit\u00e9, etc.<\/span><\/h4>\n<p>&nbsp;<\/p>\n<h2><strong>Bisph\u00e9nol S <\/strong><strong>Emballage et exp\u00e9dition<\/strong><\/h2>\n<h4>25kg\/sac<strong><br \/>\n<\/strong><\/h4>\n<p>&nbsp;<\/p>\n<h2><strong>Bisph\u00e9nol <\/strong><strong>Stockage S<\/strong><\/h2>\n<h4>Stock\u00e9 dans un endroit sec et ventil\u00e9, \u00e0 l'abri de la lumi\u00e8re du soleil.<\/h4>\n<p>&nbsp;<\/p>\n<h2><strong><b>Contactez-nous d\u00e8s maintenant !<\/b><\/strong><\/h2>\n<h4><strong><b>Nous fournissons des services personnalis\u00e9s, nous vous contacterons g\u00e9n\u00e9ralement dans les 24 heures. Vous pouvez \u00e9galement m'envoyer un courriel \u00e0 l'adresse info@longchangchemical.com pendant les heures de travail (de 8h30 \u00e0 18h00 UTC+8 du lundi au samedi) ou utiliser le chat en direct du site web pour obtenir une r\u00e9ponse rapide.<\/b><\/strong><\/h4>","protected":false},"excerpt":{"rendered":"<h4>Nom chimique : Bisph\u00e9nol S<\/h4>\n<h4>Num\u00e9ro CAS : 80-09-1<\/h4>\n<h4>Formule mol\u00e9culaire : C12H10O4S<\/h4>\n<h4>Structure du bisph\u00e9nol S :<img decoding=\"async\" title=\"image.png\" src=\"https:\/\/www.longchangchemical.com\/wp-content\/uploads\/product-details\/20200617315603.png\" alt=\"image.png\" \/><\/h4>\n<h4>Poids mol\u00e9culaire : 250,27<\/h4>\n<h4>Aspect : Poudre rose, poudre presque blanche, poudre blanche<\/h4>\n<h4>Assay\uff1a70%\uff1b95%\uff1b98%\uff1b99.5%<\/h4>","protected":false},"featured_media":4178,"comment_status":"open","ping_status":"closed","template":"","meta":[],"product_brand":[],"product_cat":[69],"product_tag":[],"class_list":{"0":"post-3500","1":"product","2":"type-product","3":"status-publish","4":"has-post-thumbnail","6":"product_cat-catalysts-chemical-auxiliary-agents","8":"first","9":"instock","10":"shipping-taxable","11":"product-type-simple"},"yoast_head":"<!-- This site is optimized with the Yoast SEO plugin v25.3.1 - https:\/\/yoast.com\/wordpress\/plugins\/seo\/ -->\n<title>China bisphenol s CAS 80-09-1 Manufacturer \uff06 Supplier - Longchang chemical Co., Ltd.<\/title>\n<meta name=\"description\" content=\"Longchang Chemical is a leading manufacturer and supplier of bisphenol s CAS 80-09- in China. Buy bisphenol s in china. We can provide the best bisphenol s price.\" \/>\n<meta name=\"robots\" content=\"index, follow, max-snippet:-1, max-image-preview:large, max-video-preview:-1\" \/>\n<link rel=\"canonical\" href=\"https:\/\/longchangchemical.com\/fr\/product\/bisphenol-s-cas-80-09-1\/\" \/>\n<meta property=\"og:locale\" content=\"fr_FR\" \/>\n<meta property=\"og:type\" content=\"article\" \/>\n<meta property=\"og:title\" content=\"China bisphenol s CAS 80-09-1 Manufacturer \uff06 Supplier - Longchang chemical Co., Ltd.\" \/>\n<meta property=\"og:description\" content=\"Longchang Chemical is a leading manufacturer and supplier of bisphenol s CAS 80-09- in China. Buy bisphenol s in china. We can provide the best bisphenol s price.\" \/>\n<meta property=\"og:url\" content=\"https:\/\/longchangchemical.com\/fr\/product\/bisphenol-s-cas-80-09-1\/\" \/>\n<meta property=\"og:site_name\" content=\"Longchang Chemical\" \/>\n<meta property=\"article:modified_time\" content=\"2025-12-23T05:47:20+00:00\" \/>\n<meta property=\"og:image\" content=\"https:\/\/longchangchemical.com\/wp-content\/uploads\/2021\/01\/bisphenol-s-95-Appearance.jpg\" \/>\n\t<meta property=\"og:image:width\" content=\"600\" \/>\n\t<meta property=\"og:image:height\" content=\"800\" \/>\n\t<meta property=\"og:image:type\" content=\"image\/jpeg\" \/>\n<meta name=\"twitter:card\" content=\"summary_large_image\" \/>\n<script type=\"application\/ld+json\" class=\"yoast-schema-graph\">{\"@context\":\"https:\/\/schema.org\",\"@graph\":[{\"@type\":\"WebPage\",\"@id\":\"https:\/\/longchangchemical.com\/product\/bisphenol-s-cas-80-09-1\/\",\"url\":\"https:\/\/longchangchemical.com\/product\/bisphenol-s-cas-80-09-1\/\",\"name\":\"China bisphenol s CAS 80-09-1 Manufacturer \uff06 Supplier - Longchang chemical Co., Ltd.\",\"isPartOf\":{\"@id\":\"https:\/\/longchangchemical.com\/#website\"},\"primaryImageOfPage\":{\"@id\":\"https:\/\/longchangchemical.com\/product\/bisphenol-s-cas-80-09-1\/#primaryimage\"},\"image\":{\"@id\":\"https:\/\/longchangchemical.com\/product\/bisphenol-s-cas-80-09-1\/#primaryimage\"},\"thumbnailUrl\":\"https:\/\/longchangchemical.com\/wp-content\/uploads\/2021\/01\/bisphenol-s-95-Appearance.jpg\",\"datePublished\":\"2021-01-20T10:55:03+00:00\",\"dateModified\":\"2025-12-23T05:47:20+00:00\",\"description\":\"Longchang Chemical is a leading manufacturer and supplier of bisphenol s CAS 80-09- in China. Buy bisphenol s in china. We can provide the best bisphenol s price.\",\"breadcrumb\":{\"@id\":\"https:\/\/longchangchemical.com\/product\/bisphenol-s-cas-80-09-1\/#breadcrumb\"},\"inLanguage\":\"fr-FR\",\"potentialAction\":[{\"@type\":\"ReadAction\",\"target\":[\"https:\/\/longchangchemical.com\/product\/bisphenol-s-cas-80-09-1\/\"]}]},{\"@type\":\"ImageObject\",\"inLanguage\":\"fr-FR\",\"@id\":\"https:\/\/longchangchemical.com\/product\/bisphenol-s-cas-80-09-1\/#primaryimage\",\"url\":\"https:\/\/longchangchemical.com\/wp-content\/uploads\/2021\/01\/bisphenol-s-95-Appearance.jpg\",\"contentUrl\":\"https:\/\/longchangchemical.com\/wp-content\/uploads\/2021\/01\/bisphenol-s-95-Appearance.jpg\",\"width\":600,\"height\":800,\"caption\":\"bisphenol s 95-Appearance\"},{\"@type\":\"BreadcrumbList\",\"@id\":\"https:\/\/longchangchemical.com\/product\/bisphenol-s-cas-80-09-1\/#breadcrumb\",\"itemListElement\":[{\"@type\":\"ListItem\",\"position\":1,\"name\":\"Home\",\"item\":\"https:\/\/longchangchemical.com\/\"},{\"@type\":\"ListItem\",\"position\":2,\"name\":\"Products Longchang\",\"item\":\"https:\/\/longchangchemical.com\/product\/\"},{\"@type\":\"ListItem\",\"position\":3,\"name\":\"bisphenol s CAS 80-09-1\"}]},{\"@type\":\"WebSite\",\"@id\":\"https:\/\/longchangchemical.com\/#website\",\"url\":\"https:\/\/longchangchemical.com\/\",\"name\":\"Longchang Chemical\",\"description\":\"China chemical manufacturer \uff06 supplier\",\"publisher\":{\"@id\":\"https:\/\/longchangchemical.com\/#organization\"},\"potentialAction\":[{\"@type\":\"SearchAction\",\"target\":{\"@type\":\"EntryPoint\",\"urlTemplate\":\"https:\/\/longchangchemical.com\/?s={search_term_string}\"},\"query-input\":{\"@type\":\"PropertyValueSpecification\",\"valueRequired\":true,\"valueName\":\"search_term_string\"}}],\"inLanguage\":\"fr-FR\"},{\"@type\":\"Organization\",\"@id\":\"https:\/\/longchangchemical.com\/#organization\",\"name\":\"Longchang Chemical\",\"url\":\"https:\/\/longchangchemical.com\/\",\"logo\":{\"@type\":\"ImageObject\",\"inLanguage\":\"fr-FR\",\"@id\":\"https:\/\/longchangchemical.com\/#\/schema\/logo\/image\/\",\"url\":\"https:\/\/longchangchemical.com\/wp-content\/uploads\/2020\/08\/cropped-longchang-logo.png\",\"contentUrl\":\"https:\/\/longchangchemical.com\/wp-content\/uploads\/2020\/08\/cropped-longchang-logo.png\",\"width\":512,\"height\":512,\"caption\":\"Longchang Chemical\"},\"image\":{\"@id\":\"https:\/\/longchangchemical.com\/#\/schema\/logo\/image\/\"}}]}<\/script>\n<!-- \/ Yoast SEO plugin. -->","yoast_head_json":{"title":"Chine bisph\u00e9nol s CAS 80-09-1 Fabricant \uff06 Fournisseur - Longchang chemical Co, Ltd.","description":"Longchang Chemical est un fabricant et fournisseur leader de bisph\u00e9nol s CAS 80-09- en Chine. Acheter bisph\u00e9nol s en Chine. Nous pouvons fournir le meilleur prix de bisph\u00e9nol s.","robots":{"index":"index","follow":"follow","max-snippet":"max-snippet:-1","max-image-preview":"max-image-preview:large","max-video-preview":"max-video-preview:-1"},"canonical":"https:\/\/longchangchemical.com\/fr\/product\/bisphenol-s-cas-80-09-1\/","og_locale":"fr_FR","og_type":"article","og_title":"China bisphenol s CAS 80-09-1 Manufacturer \uff06 Supplier - Longchang chemical Co., Ltd.","og_description":"Longchang Chemical is a leading manufacturer and supplier of bisphenol s CAS 80-09- in China. Buy bisphenol s in china. We can provide the best bisphenol s price.","og_url":"https:\/\/longchangchemical.com\/fr\/product\/bisphenol-s-cas-80-09-1\/","og_site_name":"Longchang Chemical","article_modified_time":"2025-12-23T05:47:20+00:00","og_image":[{"width":600,"height":800,"url":"https:\/\/longchangchemical.com\/wp-content\/uploads\/2021\/01\/bisphenol-s-95-Appearance.jpg","type":"image\/jpeg"}],"twitter_card":"summary_large_image","schema":{"@context":"https:\/\/schema.org","@graph":[{"@type":"WebPage","@id":"https:\/\/longchangchemical.com\/product\/bisphenol-s-cas-80-09-1\/","url":"https:\/\/longchangchemical.com\/product\/bisphenol-s-cas-80-09-1\/","name":"Chine bisph\u00e9nol s CAS 80-09-1 Fabricant \uff06 Fournisseur - Longchang chemical Co, Ltd.","isPartOf":{"@id":"https:\/\/longchangchemical.com\/#website"},"primaryImageOfPage":{"@id":"https:\/\/longchangchemical.com\/product\/bisphenol-s-cas-80-09-1\/#primaryimage"},"image":{"@id":"https:\/\/longchangchemical.com\/product\/bisphenol-s-cas-80-09-1\/#primaryimage"},"thumbnailUrl":"https:\/\/longchangchemical.com\/wp-content\/uploads\/2021\/01\/bisphenol-s-95-Appearance.jpg","datePublished":"2021-01-20T10:55:03+00:00","dateModified":"2025-12-23T05:47:20+00:00","description":"Longchang Chemical est un fabricant et fournisseur leader de bisph\u00e9nol s CAS 80-09- en Chine. Acheter bisph\u00e9nol s en Chine. Nous pouvons fournir le meilleur prix de bisph\u00e9nol s.","breadcrumb":{"@id":"https:\/\/longchangchemical.com\/product\/bisphenol-s-cas-80-09-1\/#breadcrumb"},"inLanguage":"fr-FR","potentialAction":[{"@type":"ReadAction","target":["https:\/\/longchangchemical.com\/product\/bisphenol-s-cas-80-09-1\/"]}]},{"@type":"ImageObject","inLanguage":"fr-FR","@id":"https:\/\/longchangchemical.com\/product\/bisphenol-s-cas-80-09-1\/#primaryimage","url":"https:\/\/longchangchemical.com\/wp-content\/uploads\/2021\/01\/bisphenol-s-95-Appearance.jpg","contentUrl":"https:\/\/longchangchemical.com\/wp-content\/uploads\/2021\/01\/bisphenol-s-95-Appearance.jpg","width":600,"height":800,"caption":"bisphenol s 95-Appearance"},{"@type":"BreadcrumbList","@id":"https:\/\/longchangchemical.com\/product\/bisphenol-s-cas-80-09-1\/#breadcrumb","itemListElement":[{"@type":"ListItem","position":1,"name":"Home","item":"https:\/\/longchangchemical.com\/"},{"@type":"ListItem","position":2,"name":"Products Longchang","item":"https:\/\/longchangchemical.com\/product\/"},{"@type":"ListItem","position":3,"name":"bisphenol s CAS 80-09-1"}]},{"@type":"WebSite","@id":"https:\/\/longchangchemical.com\/#website","url":"https:\/\/longchangchemical.com\/","name":"Longchang Chemical","description":"Fabricant chinois de produits chimiques \uff06 fournisseur","publisher":{"@id":"https:\/\/longchangchemical.com\/#organization"},"potentialAction":[{"@type":"SearchAction","target":{"@type":"EntryPoint","urlTemplate":"https:\/\/longchangchemical.com\/?s={search_term_string}"},"query-input":{"@type":"PropertyValueSpecification","valueRequired":true,"valueName":"search_term_string"}}],"inLanguage":"fr-FR"},{"@type":"Organization","@id":"https:\/\/longchangchemical.com\/#organization","name":"Longchang Chemical","url":"https:\/\/longchangchemical.com\/","logo":{"@type":"ImageObject","inLanguage":"fr-FR","@id":"https:\/\/longchangchemical.com\/#\/schema\/logo\/image\/","url":"https:\/\/longchangchemical.com\/wp-content\/uploads\/2020\/08\/cropped-longchang-logo.png","contentUrl":"https:\/\/longchangchemical.com\/wp-content\/uploads\/2020\/08\/cropped-longchang-logo.png","width":512,"height":512,"caption":"Longchang Chemical"},"image":{"@id":"https:\/\/longchangchemical.com\/#\/schema\/logo\/image\/"}}]}},"_links":{"self":[{"href":"https:\/\/longchangchemical.com\/fr\/wp-json\/wp\/v2\/product\/3500","targetHints":{"allow":["GET"]}}],"collection":[{"href":"https:\/\/longchangchemical.com\/fr\/wp-json\/wp\/v2\/product"}],"about":[{"href":"https:\/\/longchangchemical.com\/fr\/wp-json\/wp\/v2\/types\/product"}],"replies":[{"embeddable":true,"href":"https:\/\/longchangchemical.com\/fr\/wp-json\/wp\/v2\/comments?post=3500"}],"wp:featuredmedia":[{"embeddable":true,"href":"https:\/\/longchangchemical.com\/fr\/wp-json\/wp\/v2\/media\/4178"}],"wp:attachment":[{"href":"https:\/\/longchangchemical.com\/fr\/wp-json\/wp\/v2\/media?parent=3500"}],"wp:term":[{"taxonomy":"product_brand","embeddable":true,"href":"https:\/\/longchangchemical.com\/fr\/wp-json\/wp\/v2\/product_brand?post=3500"},{"taxonomy":"product_cat","embeddable":true,"href":"https:\/\/longchangchemical.com\/fr\/wp-json\/wp\/v2\/product_cat?post=3500"},{"taxonomy":"product_tag","embeddable":true,"href":"https:\/\/longchangchemical.com\/fr\/wp-json\/wp\/v2\/product_tag?post=3500"}],"curies":[{"name":"wp","href":"https:\/\/api.w.org\/{rel}","templated":true}]}}