{"id":3497,"date":"2021-01-20T06:45:26","date_gmt":"2021-01-20T06:45:26","guid":{"rendered":"https:\/\/longchangchemical.com\/?post_type=product&#038;p=3497"},"modified":"2025-12-23T04:27:39","modified_gmt":"2025-12-23T04:27:39","slug":"2-imidazolidone-ethyleneurea-cas-120-93-4","status":"publish","type":"product","link":"https:\/\/longchangchemical.com\/fr\/product\/2-imidazolidone-ethyleneurea-cas-120-93-4\/","title":{"rendered":"2-imidazolidone \/ \u00c9thyl\u00e8neur\u00e9e cas 120-93-4"},"content":{"rendered":"<h1>2-imidazolidone \/ \u00c9thyl\u00e8neur\u00e9e cas 120-93-4<\/h1>\n<table class=\"table-1\" cellspacing=\"0\" cellpadding=\"0\">\n<tbody>\n<tr align=\"left\">\n<td>\n<h4>Articles<\/h4>\n<\/td>\n<td>\n<h4>Sp\u00e9cifications<\/h4>\n<\/td>\n<td>\n<h4>R\u00e9sultats<\/h4>\n<\/td>\n<\/tr>\n<tr align=\"left\">\n<td>\n<h4>Apparence<\/h4>\n<\/td>\n<td>\n<h4>Poudre cristalline blanche<\/h4>\n<\/td>\n<td>\n<h4>Confirme<\/h4>\n<\/td>\n<\/tr>\n<tr align=\"left\">\n<td>\n<h4>Essai, %<\/h4>\n<\/td>\n<td>\n<h4>\u226599.0<\/h4>\n<\/td>\n<td>\n<h4>99.28<\/h4>\n<\/td>\n<\/tr>\n<tr align=\"left\">\n<td>\n<h4>Solubilit\u00e9<\/h4>\n<\/td>\n<td>\n<h4>Facilement soluble dans l'eau<\/h4>\n<\/td>\n<td>\n<h4>Confirme<\/h4>\n<\/td>\n<\/tr>\n<tr align=\"left\">\n<td>\n<h4>Point de fusion, \u00b0C<\/h4>\n<\/td>\n<td>\n<h4>\u2265129.0<\/h4>\n<\/td>\n<td>\n<h4>131<\/h4>\n<\/td>\n<\/tr>\n<tr align=\"left\">\n<td>\n<h4>Perte au s\u00e9chage, %<\/h4>\n<\/td>\n<td>\n<h4>\u22640.50<\/h4>\n<\/td>\n<td data-spm-anchor-id=\"a2700.details.pronpeci14.i0.47c51007xDDJHu\">\n<h4>0.35<\/h4>\n<\/td>\n<\/tr>\n<\/tbody>\n<\/table>\n<p>&nbsp;<\/p>\n<h2><strong>2-Imidazolidone \/ Ethyl\u00e8neurea Utilisation<\/strong><\/h2>\n<h4><span class=\"JLqJ4b ChMk0b\" data-language-for-alternatives=\"en\" data-language-to-translate-into=\"auto\" data-phrase-index=\"0\">1. L'\u00e9thyl\u00e8neur\u00e9e peut \u00eatre utilis\u00e9e pour synth\u00e9tiser des mat\u00e9riaux microporeux chiraux pr\u00e9par\u00e9s \u00e0 partir de pr\u00e9curseurs achiraux.<\/span><\/h4>\n<h4><span class=\"JLqJ4b ChMk0b\" data-language-for-alternatives=\"en\" data-language-to-translate-into=\"auto\" data-phrase-index=\"2\">2. L'\u00e9thyl\u00e8neur\u00e9e peut \u00eatre utilis\u00e9e pour pr\u00e9parer des N-acylur\u00e9es aryles et h\u00e9t\u00e9roaryles par une r\u00e9action de carbonylation catalys\u00e9e par le palladium et assist\u00e9e par micro-ondes.<\/span><\/h4>\n<h4><span class=\"JLqJ4b ChMk0b\" data-language-for-alternatives=\"en\" data-language-to-translate-into=\"auto\" data-phrase-index=\"4\">3. L'\u00e9thyl\u00e8neur\u00e9e peut \u00eatre utilis\u00e9e pour synth\u00e9tiser un peptide hautement soluble dans l'eau, bas\u00e9 sur l'inhibiteur de l'\u00e9lastase des neutrophiles humains.<\/span><\/h4>\n<h4><span class=\"JLqJ4b ChMk0b\" data-language-for-alternatives=\"en\" data-language-to-translate-into=\"auto\" data-phrase-index=\"6\">4. L'\u00e9thyl\u00e8neur\u00e9e peut \u00eatre form\u00e9e par une r\u00e9action de cyanoac\u00e9tylation et utilis\u00e9e pour synth\u00e9tiser des h\u00e9t\u00e9rocycles antibact\u00e9riens.<\/span><\/h4>\n<h4><span class=\"JLqJ4b ChMk0b\" data-language-for-alternatives=\"en\" data-language-to-translate-into=\"auto\" data-phrase-index=\"8\">5. L'\u00e9thyl\u00e8neur\u00e9e peut \u00eatre utilis\u00e9e pour catalyser la formation de liaisons C-N entre le Pd et le tosylate h\u00e9t\u00e9roaromatique.<\/span><\/h4>\n<h4><span class=\"JLqJ4b ChMk0b\" data-language-for-alternatives=\"en\" data-language-to-translate-into=\"auto\" data-phrase-index=\"10\">6. L'\u00e9thyl\u00e8neur\u00e9e peut \u00eatre utilis\u00e9e pour activer la r\u00e9action d'amidation oxydative des alc\u00e8nes.<\/span><\/h4>\n<h4><span class=\"JLqJ4b ChMk0b\" data-language-for-alternatives=\"en\" data-language-to-translate-into=\"auto\" data-phrase-index=\"12\">7. L'\u00e9thyl\u00e8ne-ur\u00e9e peut \u00eatre utilis\u00e9e comme agent de capture du formald\u00e9hyde pour \u00e9liminer le formald\u00e9hyde r\u00e9siduel dans le tissu apr\u00e8s finition avec de la r\u00e9sine 2D, de la r\u00e9sine KB, de la r\u00e9sine ur\u00e9e-formald\u00e9hyde, de la r\u00e9sine m\u00e9lamine-formald\u00e9hyde, etc.<\/span><\/h4>\n<h4><span class=\"JLqJ4b ChMk0b\" data-language-for-alternatives=\"en\" data-language-to-translate-into=\"auto\" data-phrase-index=\"14\">8. Le produit est \u00e9galement utilis\u00e9 comme interm\u00e9diaire de la chimie fine, dans la fabrication de r\u00e9sines, de plastifiants, de peintures en a\u00e9rosol, d'adh\u00e9sifs, etc.<\/span><\/h4>\n<p>&nbsp;<\/p>\n<h2><strong>Emballage 2-Imidazolidone \/ Ethyl\u00e8neur\u00e9e<br \/>\n<\/strong><\/h2>\n<h4>F\u00fbt de 25 kg en agglom\u00e9r\u00e9 doubl\u00e9 d'un film de poly\u00e9thyl\u00e8ne double couche.<\/h4>\n<p>&nbsp;<\/p>\n<h2><strong>2-Imidazolidone \/ Stockage d'\u00e9thyl\u00e8ne-ur\u00e9e<\/strong><\/h2>\n<h4>Tenir \u00e0 l'\u00e9cart du feu et de la chaleur. Scell\u00e9 et stock\u00e9 dans un environnement frais et sec, \u00e0 l'abri de l'humidit\u00e9. Eviter la coexistence avec les oxydes.<\/h4>\n<h2><strong><b>Contactez-nous d\u00e8s maintenant !<\/b><\/strong><\/h2>\n<h4><strong><b>Si vous avez besoin de COA, MSDS ou TDS, veuillez remplir vos coordonn\u00e9es dans le formulaire ci-dessous, nous vous contacterons g\u00e9n\u00e9ralement dans les 24 heures. Vous pouvez \u00e9galement m'envoyer un courriel <span style=\"color: #0000ff;\"><a style=\"color: #0000ff;\" href=\"mailto:info@longchangchemical.com\">info@longchangchemical.com<\/a><\/span> pendant les heures de travail ( 8:30 am to 6:00 pm UTC+8 Mon.~Sat. ) ou utilisez le chat en direct du site web pour obtenir une r\u00e9ponse rapide.<\/b><\/strong><\/h4>","protected":false},"excerpt":{"rendered":"<h4>Nom chimique : 2-Imidazolidone<\/h4>\n<h4>Autre nom : \u00c9thyl\u00e8neur\u00e9e<\/h4>\n<h4>Num\u00e9ro CAS : 120-93-4<\/h4>\n<h4>Formule mol\u00e9culaire:C3H6N2O<\/h4>\n<h4>Poids mol\u00e9culaire : 86,09<\/h4>\n<h4>Structure chimique :<img decoding=\"async\" title=\"Structure de la 2-Imidazolidone\" src=\"https:\/\/www.longchangchemical.com\/wp-content\/uploads\/product-details\/20200616011406.png\" alt=\"Structure de la 2-Imidazolidone\" width=\"60\" height=\"69\" border=\"0\" vspace=\"0\" \/><\/h4>\n<h4>Aspect : Poudre cristalline blanche<\/h4>\n<h4>Dosage : 99% pour la qualit\u00e9 pharmaceutique, 96% pour la qualit\u00e9 industrielle<\/h4>","protected":false},"featured_media":4169,"comment_status":"open","ping_status":"closed","template":"","meta":[],"product_brand":[],"product_cat":[69],"product_tag":[],"class_list":{"0":"post-3497","1":"product","2":"type-product","3":"status-publish","4":"has-post-thumbnail","6":"product_cat-catalysts-chemical-auxiliary-agents","8":"first","9":"instock","10":"shipping-taxable","11":"product-type-simple"},"yoast_head":"<!-- This site is optimized with the Yoast SEO plugin v25.3.1 - https:\/\/yoast.com\/wordpress\/plugins\/seo\/ -->\n<title>China 2-Imidazolidone \/ Ethyleneurea CAS 120-93-4 Manufacturer \uff06 Supplier - Longchang chemical Co., Ltd.<\/title>\n<meta name=\"description\" content=\"Longchang Chemical is a leading manufacturer and supplier of 2-Imidazolidone \/ Ethyleneurea CAS 120-93-4 in China. Buy 2-Imidazolidone \/ Ethyleneurea in china. We can provide the best 2-Imidazolidone \/ Ethyleneurea price.\" \/>\n<meta name=\"robots\" content=\"index, follow, max-snippet:-1, max-image-preview:large, max-video-preview:-1\" \/>\n<link rel=\"canonical\" href=\"https:\/\/longchangchemical.com\/fr\/product\/2-imidazolidone-ethyleneurea-cas-120-93-4\/\" \/>\n<meta property=\"og:locale\" content=\"fr_FR\" \/>\n<meta property=\"og:type\" content=\"article\" \/>\n<meta property=\"og:title\" content=\"China 2-Imidazolidone \/ Ethyleneurea CAS 120-93-4 Manufacturer \uff06 Supplier - Longchang chemical Co., Ltd.\" \/>\n<meta property=\"og:description\" content=\"Longchang Chemical is a leading manufacturer and supplier of 2-Imidazolidone \/ Ethyleneurea CAS 120-93-4 in China. Buy 2-Imidazolidone \/ Ethyleneurea in china. We can provide the best 2-Imidazolidone \/ Ethyleneurea price.\" \/>\n<meta property=\"og:url\" content=\"https:\/\/longchangchemical.com\/fr\/product\/2-imidazolidone-ethyleneurea-cas-120-93-4\/\" \/>\n<meta property=\"og:site_name\" content=\"Longchang Chemical\" \/>\n<meta property=\"article:modified_time\" content=\"2025-12-23T04:27:39+00:00\" \/>\n<meta property=\"og:image\" content=\"https:\/\/longchangchemical.com\/wp-content\/uploads\/2021\/01\/Ethyleneurea-Appearance.jpg\" \/>\n\t<meta property=\"og:image:width\" content=\"600\" \/>\n\t<meta property=\"og:image:height\" content=\"800\" \/>\n\t<meta property=\"og:image:type\" content=\"image\/jpeg\" \/>\n<meta name=\"twitter:card\" content=\"summary_large_image\" \/>\n<script type=\"application\/ld+json\" class=\"yoast-schema-graph\">{\"@context\":\"https:\/\/schema.org\",\"@graph\":[{\"@type\":\"WebPage\",\"@id\":\"https:\/\/longchangchemical.com\/product\/2-imidazolidone-ethyleneurea-cas-120-93-4\/\",\"url\":\"https:\/\/longchangchemical.com\/product\/2-imidazolidone-ethyleneurea-cas-120-93-4\/\",\"name\":\"China 2-Imidazolidone \/ Ethyleneurea CAS 120-93-4 Manufacturer \uff06 Supplier - Longchang chemical Co., Ltd.\",\"isPartOf\":{\"@id\":\"https:\/\/longchangchemical.com\/#website\"},\"primaryImageOfPage\":{\"@id\":\"https:\/\/longchangchemical.com\/product\/2-imidazolidone-ethyleneurea-cas-120-93-4\/#primaryimage\"},\"image\":{\"@id\":\"https:\/\/longchangchemical.com\/product\/2-imidazolidone-ethyleneurea-cas-120-93-4\/#primaryimage\"},\"thumbnailUrl\":\"https:\/\/longchangchemical.com\/wp-content\/uploads\/2021\/01\/Ethyleneurea-Appearance.jpg\",\"datePublished\":\"2021-01-20T06:45:26+00:00\",\"dateModified\":\"2025-12-23T04:27:39+00:00\",\"description\":\"Longchang Chemical is a leading manufacturer and supplier of 2-Imidazolidone \/ Ethyleneurea CAS 120-93-4 in China. Buy 2-Imidazolidone \/ Ethyleneurea in china. We can provide the best 2-Imidazolidone \/ Ethyleneurea price.\",\"breadcrumb\":{\"@id\":\"https:\/\/longchangchemical.com\/product\/2-imidazolidone-ethyleneurea-cas-120-93-4\/#breadcrumb\"},\"inLanguage\":\"fr-FR\",\"potentialAction\":[{\"@type\":\"ReadAction\",\"target\":[\"https:\/\/longchangchemical.com\/product\/2-imidazolidone-ethyleneurea-cas-120-93-4\/\"]}]},{\"@type\":\"ImageObject\",\"inLanguage\":\"fr-FR\",\"@id\":\"https:\/\/longchangchemical.com\/product\/2-imidazolidone-ethyleneurea-cas-120-93-4\/#primaryimage\",\"url\":\"https:\/\/longchangchemical.com\/wp-content\/uploads\/2021\/01\/Ethyleneurea-Appearance.jpg\",\"contentUrl\":\"https:\/\/longchangchemical.com\/wp-content\/uploads\/2021\/01\/Ethyleneurea-Appearance.jpg\",\"width\":600,\"height\":800,\"caption\":\"Ethyleneurea Appearance\"},{\"@type\":\"BreadcrumbList\",\"@id\":\"https:\/\/longchangchemical.com\/product\/2-imidazolidone-ethyleneurea-cas-120-93-4\/#breadcrumb\",\"itemListElement\":[{\"@type\":\"ListItem\",\"position\":1,\"name\":\"Home\",\"item\":\"https:\/\/longchangchemical.com\/\"},{\"@type\":\"ListItem\",\"position\":2,\"name\":\"Products Longchang\",\"item\":\"https:\/\/longchangchemical.com\/product\/\"},{\"@type\":\"ListItem\",\"position\":3,\"name\":\"2-imidazolidone \/ Ethyleneurea cas 120-93-4\"}]},{\"@type\":\"WebSite\",\"@id\":\"https:\/\/longchangchemical.com\/#website\",\"url\":\"https:\/\/longchangchemical.com\/\",\"name\":\"Longchang Chemical\",\"description\":\"China chemical manufacturer \uff06 supplier\",\"publisher\":{\"@id\":\"https:\/\/longchangchemical.com\/#organization\"},\"potentialAction\":[{\"@type\":\"SearchAction\",\"target\":{\"@type\":\"EntryPoint\",\"urlTemplate\":\"https:\/\/longchangchemical.com\/?s={search_term_string}\"},\"query-input\":{\"@type\":\"PropertyValueSpecification\",\"valueRequired\":true,\"valueName\":\"search_term_string\"}}],\"inLanguage\":\"fr-FR\"},{\"@type\":\"Organization\",\"@id\":\"https:\/\/longchangchemical.com\/#organization\",\"name\":\"Longchang Chemical\",\"url\":\"https:\/\/longchangchemical.com\/\",\"logo\":{\"@type\":\"ImageObject\",\"inLanguage\":\"fr-FR\",\"@id\":\"https:\/\/longchangchemical.com\/#\/schema\/logo\/image\/\",\"url\":\"https:\/\/longchangchemical.com\/wp-content\/uploads\/2020\/08\/cropped-longchang-logo.png\",\"contentUrl\":\"https:\/\/longchangchemical.com\/wp-content\/uploads\/2020\/08\/cropped-longchang-logo.png\",\"width\":512,\"height\":512,\"caption\":\"Longchang Chemical\"},\"image\":{\"@id\":\"https:\/\/longchangchemical.com\/#\/schema\/logo\/image\/\"}}]}<\/script>\n<!-- \/ Yoast SEO plugin. -->","yoast_head_json":{"title":"Chine 2-Imidazolidone \/ Ethyleneurea CAS 120-93-4 Fabricant \uff06 Fournisseur - Longchang chemical Co.","description":"Longchang Chemical est un fabricant et fournisseur leader de 2-Imidazolidone \/ Ethyleneurea CAS 120-93-4 en Chine. Acheter 2-Imidazolidone \/ Ethyleneurea en Chine. Nous pouvons vous fournir le meilleur prix de 2-Imidazolidone \/ Ethyl\u00e8neurea.","robots":{"index":"index","follow":"follow","max-snippet":"max-snippet:-1","max-image-preview":"max-image-preview:large","max-video-preview":"max-video-preview:-1"},"canonical":"https:\/\/longchangchemical.com\/fr\/product\/2-imidazolidone-ethyleneurea-cas-120-93-4\/","og_locale":"fr_FR","og_type":"article","og_title":"China 2-Imidazolidone \/ Ethyleneurea CAS 120-93-4 Manufacturer \uff06 Supplier - Longchang chemical Co., Ltd.","og_description":"Longchang Chemical is a leading manufacturer and supplier of 2-Imidazolidone \/ Ethyleneurea CAS 120-93-4 in China. Buy 2-Imidazolidone \/ Ethyleneurea in china. We can provide the best 2-Imidazolidone \/ Ethyleneurea price.","og_url":"https:\/\/longchangchemical.com\/fr\/product\/2-imidazolidone-ethyleneurea-cas-120-93-4\/","og_site_name":"Longchang Chemical","article_modified_time":"2025-12-23T04:27:39+00:00","og_image":[{"width":600,"height":800,"url":"https:\/\/longchangchemical.com\/wp-content\/uploads\/2021\/01\/Ethyleneurea-Appearance.jpg","type":"image\/jpeg"}],"twitter_card":"summary_large_image","schema":{"@context":"https:\/\/schema.org","@graph":[{"@type":"WebPage","@id":"https:\/\/longchangchemical.com\/product\/2-imidazolidone-ethyleneurea-cas-120-93-4\/","url":"https:\/\/longchangchemical.com\/product\/2-imidazolidone-ethyleneurea-cas-120-93-4\/","name":"Chine 2-Imidazolidone \/ Ethyleneurea CAS 120-93-4 Fabricant \uff06 Fournisseur - Longchang chemical Co.","isPartOf":{"@id":"https:\/\/longchangchemical.com\/#website"},"primaryImageOfPage":{"@id":"https:\/\/longchangchemical.com\/product\/2-imidazolidone-ethyleneurea-cas-120-93-4\/#primaryimage"},"image":{"@id":"https:\/\/longchangchemical.com\/product\/2-imidazolidone-ethyleneurea-cas-120-93-4\/#primaryimage"},"thumbnailUrl":"https:\/\/longchangchemical.com\/wp-content\/uploads\/2021\/01\/Ethyleneurea-Appearance.jpg","datePublished":"2021-01-20T06:45:26+00:00","dateModified":"2025-12-23T04:27:39+00:00","description":"Longchang Chemical est un fabricant et fournisseur leader de 2-Imidazolidone \/ Ethyleneurea CAS 120-93-4 en Chine. Acheter 2-Imidazolidone \/ Ethyleneurea en Chine. Nous pouvons vous fournir le meilleur prix de 2-Imidazolidone \/ Ethyl\u00e8neurea.","breadcrumb":{"@id":"https:\/\/longchangchemical.com\/product\/2-imidazolidone-ethyleneurea-cas-120-93-4\/#breadcrumb"},"inLanguage":"fr-FR","potentialAction":[{"@type":"ReadAction","target":["https:\/\/longchangchemical.com\/product\/2-imidazolidone-ethyleneurea-cas-120-93-4\/"]}]},{"@type":"ImageObject","inLanguage":"fr-FR","@id":"https:\/\/longchangchemical.com\/product\/2-imidazolidone-ethyleneurea-cas-120-93-4\/#primaryimage","url":"https:\/\/longchangchemical.com\/wp-content\/uploads\/2021\/01\/Ethyleneurea-Appearance.jpg","contentUrl":"https:\/\/longchangchemical.com\/wp-content\/uploads\/2021\/01\/Ethyleneurea-Appearance.jpg","width":600,"height":800,"caption":"Ethyleneurea Appearance"},{"@type":"BreadcrumbList","@id":"https:\/\/longchangchemical.com\/product\/2-imidazolidone-ethyleneurea-cas-120-93-4\/#breadcrumb","itemListElement":[{"@type":"ListItem","position":1,"name":"Home","item":"https:\/\/longchangchemical.com\/"},{"@type":"ListItem","position":2,"name":"Products Longchang","item":"https:\/\/longchangchemical.com\/product\/"},{"@type":"ListItem","position":3,"name":"2-imidazolidone \/ Ethyleneurea cas 120-93-4"}]},{"@type":"WebSite","@id":"https:\/\/longchangchemical.com\/#website","url":"https:\/\/longchangchemical.com\/","name":"Longchang Chemical","description":"Fabricant chinois de produits chimiques \uff06 fournisseur","publisher":{"@id":"https:\/\/longchangchemical.com\/#organization"},"potentialAction":[{"@type":"SearchAction","target":{"@type":"EntryPoint","urlTemplate":"https:\/\/longchangchemical.com\/?s={search_term_string}"},"query-input":{"@type":"PropertyValueSpecification","valueRequired":true,"valueName":"search_term_string"}}],"inLanguage":"fr-FR"},{"@type":"Organization","@id":"https:\/\/longchangchemical.com\/#organization","name":"Longchang Chemical","url":"https:\/\/longchangchemical.com\/","logo":{"@type":"ImageObject","inLanguage":"fr-FR","@id":"https:\/\/longchangchemical.com\/#\/schema\/logo\/image\/","url":"https:\/\/longchangchemical.com\/wp-content\/uploads\/2020\/08\/cropped-longchang-logo.png","contentUrl":"https:\/\/longchangchemical.com\/wp-content\/uploads\/2020\/08\/cropped-longchang-logo.png","width":512,"height":512,"caption":"Longchang Chemical"},"image":{"@id":"https:\/\/longchangchemical.com\/#\/schema\/logo\/image\/"}}]}},"_links":{"self":[{"href":"https:\/\/longchangchemical.com\/fr\/wp-json\/wp\/v2\/product\/3497","targetHints":{"allow":["GET"]}}],"collection":[{"href":"https:\/\/longchangchemical.com\/fr\/wp-json\/wp\/v2\/product"}],"about":[{"href":"https:\/\/longchangchemical.com\/fr\/wp-json\/wp\/v2\/types\/product"}],"replies":[{"embeddable":true,"href":"https:\/\/longchangchemical.com\/fr\/wp-json\/wp\/v2\/comments?post=3497"}],"wp:featuredmedia":[{"embeddable":true,"href":"https:\/\/longchangchemical.com\/fr\/wp-json\/wp\/v2\/media\/4169"}],"wp:attachment":[{"href":"https:\/\/longchangchemical.com\/fr\/wp-json\/wp\/v2\/media?parent=3497"}],"wp:term":[{"taxonomy":"product_brand","embeddable":true,"href":"https:\/\/longchangchemical.com\/fr\/wp-json\/wp\/v2\/product_brand?post=3497"},{"taxonomy":"product_cat","embeddable":true,"href":"https:\/\/longchangchemical.com\/fr\/wp-json\/wp\/v2\/product_cat?post=3497"},{"taxonomy":"product_tag","embeddable":true,"href":"https:\/\/longchangchemical.com\/fr\/wp-json\/wp\/v2\/product_tag?post=3497"}],"curies":[{"name":"wp","href":"https:\/\/api.w.org\/{rel}","templated":true}]}}