{"id":3496,"date":"2021-01-20T06:35:17","date_gmt":"2021-01-20T06:35:17","guid":{"rendered":"https:\/\/longchangchemical.com\/?post_type=product&#038;p=3496"},"modified":"2026-05-08T02:59:27","modified_gmt":"2026-05-08T02:59:27","slug":"benzyl-methyl-ammonium-chloride-cas-61789-73-9","status":"publish","type":"product","link":"https:\/\/longchangchemical.com\/fr\/product\/benzyl-methyl-ammonium-chloride-cas-61789-73-9\/","title":{"rendered":"D1817\/Chlorure de benzylm\u00e9thylammonium CAS 61789-73-9"},"content":{"rendered":"<h2>D1817\/Chlorure de benzylm\u00e9thylammonium CAS 61789-73-9<\/h2>\n<table class=\"table-1\" cellspacing=\"0\">\n<tbody>\n<tr>\n<td>\n<h4><strong>Objet<\/strong><\/h4>\n<\/td>\n<td>\n<h4><strong>Sp\u00e9cifications<\/strong><\/h4>\n<\/td>\n<\/tr>\n<tr>\n<td>\n<h4>Apparence (25\u2103)<\/h4>\n<\/td>\n<td>\n<h4>Solide blanc \u00e0 jaune clair<\/h4>\n<\/td>\n<\/tr>\n<tr>\n<td>\n<h4>Couleur (Gard)<\/h4>\n<\/td>\n<td>\n<h4>\u22647.0<\/h4>\n<\/td>\n<\/tr>\n<tr>\n<td>\n<h4>Contenu solide %<\/h4>\n<\/td>\n<td>\n<h4>80.0-85.0<\/h4>\n<\/td>\n<\/tr>\n<tr>\n<td>\n<h4>Amine libreChlorhydrate d'amine %<\/h4>\n<\/td>\n<td>\n<h4>\u22642.0<\/h4>\n<\/td>\n<\/tr>\n<tr>\n<td>\n<h4>Valeur PH<\/h4>\n<\/td>\n<td>\n<h4>7.0-9.0<\/h4>\n<\/td>\n<\/tr>\n<tr>\n<td>\n<h4>\u00c9thanol %<\/h4>\n<\/td>\n<td>\n<h4>\u226414.0<\/h4>\n<\/td>\n<\/tr>\n<\/tbody>\n<\/table>\n<h2><strong>Chlorure de benzylm\u00e9thylammonium Utilisation<\/strong><\/h2>\n<h4>Lotions, bact\u00e9ricides, additifs p\u00e9troliers, inhibiteurs de corrosion, \u00e9mulsifiants, huiles textiles, adoucisseurs, agents de nettoyage et de polissage des m\u00e9taux, agents de flottation des m\u00e9taux rares, agents organiques de traitement des eaux us\u00e9es et inhibiteurs de rouille pour les m\u00e9taux.<\/h4>\n<p>&nbsp;<\/p>\n<h2><strong>Chlorure de benzylm\u00e9thylammonium Emballage et exp\u00e9dition<\/strong><\/h2>\n<h4>175kgs par tambour, ou 50kgs par tambour.<\/h4>\n<p>&nbsp;<\/p>\n<h2><strong>Chlorure de benzylm\u00e9thylammonium Stockage<\/strong><\/h2>\n<h4>dans un endroit sec et frais.<\/h4>\n<h2><strong><b>Contactez-nous d\u00e8s maintenant !<\/b><\/strong><\/h2>\n<h4><strong><b>Nous fournissons des services personnalis\u00e9s, nous vous contacterons g\u00e9n\u00e9ralement dans les 24 heures. Vous pouvez \u00e9galement m'envoyer un courriel \u00e0 l'adresse info@longchangchemical.com pendant les heures de travail (de 8h30 \u00e0 18h00 UTC+8 du lundi au samedi) ou utiliser le chat en direct du site web pour obtenir une r\u00e9ponse rapide.<\/b><\/strong><\/h4>\n<p>&nbsp;<\/p>","protected":false},"excerpt":{"rendered":"<p>Nom chimique : D1817 \/Chlorure de benzylm\u00e9thylammonium<\/p>\n<p>Num\u00e9ro CAS : 61789-73-9<\/p>\n<p>Formule mol\u00e9culaire : C8H12ClN<\/p>\n<p>Poids mol\u00e9culaire : 157,64058<\/p>\n<p>Chlorure de benzylm\u00e9thylammonium Structure :<img decoding=\"async\" title=\"D1817 \/Compos\u00e9s d&#039;ammonium quaternaire, benzylbis(alkyle de suif hydrog\u00e9n\u00e9)m\u00e9thyle, chlorures Structure\" src=\"https:\/\/www.longchangchemical.com\/wp-content\/uploads\/product-details\/20200612137199.png\" alt=\"D1817 \/Compos\u00e9s d&#039;ammonium quaternaire, benzylbis(alkyle de suif hydrog\u00e9n\u00e9)m\u00e9thyle, chlorures Structure\" width=\"143\" height=\"68\" border=\"0\" vspace=\"0\" \/><\/p>\n<p>Aspect : Solide blanc \u00e0 jaune clair<\/p>\n<p>Essai : 70-85%<\/p>","protected":false},"featured_media":4165,"comment_status":"open","ping_status":"closed","template":"","meta":[],"product_brand":[],"product_cat":[69],"product_tag":[],"class_list":{"0":"post-3496","1":"product","2":"type-product","3":"status-publish","4":"has-post-thumbnail","6":"product_cat-catalysts-chemical-auxiliary-agents","8":"first","9":"instock","10":"shipping-taxable","11":"product-type-simple"},"yoast_head":"<!-- This site is optimized with the Yoast SEO plugin v25.3.1 - https:\/\/yoast.com\/wordpress\/plugins\/seo\/ -->\n<title>China Benzyl Methyl Ammonium Chloride CAS 61789-73-9 Manufacturer \uff06 Supplier - Longchang chemical Co., Ltd.<\/title>\n<meta name=\"description\" content=\"Longchang Chemical is a leading manufacturer and supplier of Benzyl Methyl Ammonium Chloride CAS 61789-73-9 in China. Buy Benzyl Methyl Ammonium Chloride in china. We can provide the best Benzyl Methyl Ammonium Chloride price.\" \/>\n<meta name=\"robots\" content=\"index, follow, max-snippet:-1, max-image-preview:large, max-video-preview:-1\" \/>\n<link rel=\"canonical\" href=\"https:\/\/longchangchemical.com\/fr\/product\/benzyl-methyl-ammonium-chloride-cas-61789-73-9\/\" \/>\n<meta property=\"og:locale\" content=\"fr_FR\" \/>\n<meta property=\"og:type\" content=\"article\" \/>\n<meta property=\"og:title\" content=\"China Benzyl Methyl Ammonium Chloride CAS 61789-73-9 Manufacturer \uff06 Supplier - Longchang chemical Co., Ltd.\" \/>\n<meta property=\"og:description\" content=\"Longchang Chemical is a leading manufacturer and supplier of Benzyl Methyl Ammonium Chloride CAS 61789-73-9 in China. Buy Benzyl Methyl Ammonium Chloride in china. We can provide the best Benzyl Methyl Ammonium Chloride price.\" \/>\n<meta property=\"og:url\" content=\"https:\/\/longchangchemical.com\/fr\/product\/benzyl-methyl-ammonium-chloride-cas-61789-73-9\/\" \/>\n<meta property=\"og:site_name\" content=\"Longchang Chemical\" \/>\n<meta property=\"article:modified_time\" content=\"2026-05-08T02:59:27+00:00\" \/>\n<meta property=\"og:image\" content=\"https:\/\/longchangchemical.com\/wp-content\/uploads\/2021\/01\/Benzyl-Methyl-Ammonium-Chloride-Appearance.jpg\" \/>\n\t<meta property=\"og:image:width\" content=\"600\" \/>\n\t<meta property=\"og:image:height\" content=\"800\" \/>\n\t<meta property=\"og:image:type\" content=\"image\/jpeg\" \/>\n<meta name=\"twitter:card\" content=\"summary_large_image\" \/>\n<script type=\"application\/ld+json\" class=\"yoast-schema-graph\">{\"@context\":\"https:\/\/schema.org\",\"@graph\":[{\"@type\":\"WebPage\",\"@id\":\"https:\/\/longchangchemical.com\/product\/benzyl-methyl-ammonium-chloride-cas-61789-73-9\/\",\"url\":\"https:\/\/longchangchemical.com\/product\/benzyl-methyl-ammonium-chloride-cas-61789-73-9\/\",\"name\":\"China Benzyl Methyl Ammonium Chloride CAS 61789-73-9 Manufacturer \uff06 Supplier - Longchang chemical Co., Ltd.\",\"isPartOf\":{\"@id\":\"https:\/\/longchangchemical.com\/#website\"},\"primaryImageOfPage\":{\"@id\":\"https:\/\/longchangchemical.com\/product\/benzyl-methyl-ammonium-chloride-cas-61789-73-9\/#primaryimage\"},\"image\":{\"@id\":\"https:\/\/longchangchemical.com\/product\/benzyl-methyl-ammonium-chloride-cas-61789-73-9\/#primaryimage\"},\"thumbnailUrl\":\"https:\/\/longchangchemical.com\/wp-content\/uploads\/2021\/01\/Benzyl-Methyl-Ammonium-Chloride-Appearance.jpg\",\"datePublished\":\"2021-01-20T06:35:17+00:00\",\"dateModified\":\"2026-05-08T02:59:27+00:00\",\"description\":\"Longchang Chemical is a leading manufacturer and supplier of Benzyl Methyl Ammonium Chloride CAS 61789-73-9 in China. Buy Benzyl Methyl Ammonium Chloride in china. We can provide the best Benzyl Methyl Ammonium Chloride price.\",\"breadcrumb\":{\"@id\":\"https:\/\/longchangchemical.com\/product\/benzyl-methyl-ammonium-chloride-cas-61789-73-9\/#breadcrumb\"},\"inLanguage\":\"fr-FR\",\"potentialAction\":[{\"@type\":\"ReadAction\",\"target\":[\"https:\/\/longchangchemical.com\/product\/benzyl-methyl-ammonium-chloride-cas-61789-73-9\/\"]}]},{\"@type\":\"ImageObject\",\"inLanguage\":\"fr-FR\",\"@id\":\"https:\/\/longchangchemical.com\/product\/benzyl-methyl-ammonium-chloride-cas-61789-73-9\/#primaryimage\",\"url\":\"https:\/\/longchangchemical.com\/wp-content\/uploads\/2021\/01\/Benzyl-Methyl-Ammonium-Chloride-Appearance.jpg\",\"contentUrl\":\"https:\/\/longchangchemical.com\/wp-content\/uploads\/2021\/01\/Benzyl-Methyl-Ammonium-Chloride-Appearance.jpg\",\"width\":600,\"height\":800,\"caption\":\"Benzyl Methyl Ammonium Chloride Appearance\"},{\"@type\":\"BreadcrumbList\",\"@id\":\"https:\/\/longchangchemical.com\/product\/benzyl-methyl-ammonium-chloride-cas-61789-73-9\/#breadcrumb\",\"itemListElement\":[{\"@type\":\"ListItem\",\"position\":1,\"name\":\"Home\",\"item\":\"https:\/\/longchangchemical.com\/\"},{\"@type\":\"ListItem\",\"position\":2,\"name\":\"Products Longchang\",\"item\":\"https:\/\/longchangchemical.com\/product\/\"},{\"@type\":\"ListItem\",\"position\":3,\"name\":\"D1817\/Benzyl Methyl Ammonium Chloride CAS 61789-73-9\"}]},{\"@type\":\"WebSite\",\"@id\":\"https:\/\/longchangchemical.com\/#website\",\"url\":\"https:\/\/longchangchemical.com\/\",\"name\":\"Longchang Chemical\",\"description\":\"China chemical manufacturer \uff06 supplier\",\"publisher\":{\"@id\":\"https:\/\/longchangchemical.com\/#organization\"},\"potentialAction\":[{\"@type\":\"SearchAction\",\"target\":{\"@type\":\"EntryPoint\",\"urlTemplate\":\"https:\/\/longchangchemical.com\/?s={search_term_string}\"},\"query-input\":{\"@type\":\"PropertyValueSpecification\",\"valueRequired\":true,\"valueName\":\"search_term_string\"}}],\"inLanguage\":\"fr-FR\"},{\"@type\":\"Organization\",\"@id\":\"https:\/\/longchangchemical.com\/#organization\",\"name\":\"Longchang Chemical\",\"url\":\"https:\/\/longchangchemical.com\/\",\"logo\":{\"@type\":\"ImageObject\",\"inLanguage\":\"fr-FR\",\"@id\":\"https:\/\/longchangchemical.com\/#\/schema\/logo\/image\/\",\"url\":\"https:\/\/longchangchemical.com\/wp-content\/uploads\/2020\/08\/cropped-longchang-logo.png\",\"contentUrl\":\"https:\/\/longchangchemical.com\/wp-content\/uploads\/2020\/08\/cropped-longchang-logo.png\",\"width\":512,\"height\":512,\"caption\":\"Longchang Chemical\"},\"image\":{\"@id\":\"https:\/\/longchangchemical.com\/#\/schema\/logo\/image\/\"}}]}<\/script>\n<!-- \/ Yoast SEO plugin. -->","yoast_head_json":{"title":"Chlorure de benzylm\u00e9thylammonium CAS 61789-73-9 Fabricant \uff06 Fournisseur - Longchang chemical Co.","description":"Longchang Chemical est un fabricant et fournisseur leader de chlorure de benzylm\u00e9thylammonium CAS 61789-73-9 en Chine. Acheter Chlorure de Benzyl Methyl Ammonium en Chine. Nous pouvons vous fournir le meilleur prix de Chlorure de Benzyl M\u00e9thyl Ammonium.","robots":{"index":"index","follow":"follow","max-snippet":"max-snippet:-1","max-image-preview":"max-image-preview:large","max-video-preview":"max-video-preview:-1"},"canonical":"https:\/\/longchangchemical.com\/fr\/product\/benzyl-methyl-ammonium-chloride-cas-61789-73-9\/","og_locale":"fr_FR","og_type":"article","og_title":"China Benzyl Methyl Ammonium Chloride CAS 61789-73-9 Manufacturer \uff06 Supplier - Longchang chemical Co., Ltd.","og_description":"Longchang Chemical is a leading manufacturer and supplier of Benzyl Methyl Ammonium Chloride CAS 61789-73-9 in China. Buy Benzyl Methyl Ammonium Chloride in china. We can provide the best Benzyl Methyl Ammonium Chloride price.","og_url":"https:\/\/longchangchemical.com\/fr\/product\/benzyl-methyl-ammonium-chloride-cas-61789-73-9\/","og_site_name":"Longchang Chemical","article_modified_time":"2026-05-08T02:59:27+00:00","og_image":[{"width":600,"height":800,"url":"https:\/\/longchangchemical.com\/wp-content\/uploads\/2021\/01\/Benzyl-Methyl-Ammonium-Chloride-Appearance.jpg","type":"image\/jpeg"}],"twitter_card":"summary_large_image","schema":{"@context":"https:\/\/schema.org","@graph":[{"@type":"WebPage","@id":"https:\/\/longchangchemical.com\/product\/benzyl-methyl-ammonium-chloride-cas-61789-73-9\/","url":"https:\/\/longchangchemical.com\/product\/benzyl-methyl-ammonium-chloride-cas-61789-73-9\/","name":"Chlorure de benzylm\u00e9thylammonium CAS 61789-73-9 Fabricant \uff06 Fournisseur - Longchang chemical Co.","isPartOf":{"@id":"https:\/\/longchangchemical.com\/#website"},"primaryImageOfPage":{"@id":"https:\/\/longchangchemical.com\/product\/benzyl-methyl-ammonium-chloride-cas-61789-73-9\/#primaryimage"},"image":{"@id":"https:\/\/longchangchemical.com\/product\/benzyl-methyl-ammonium-chloride-cas-61789-73-9\/#primaryimage"},"thumbnailUrl":"https:\/\/longchangchemical.com\/wp-content\/uploads\/2021\/01\/Benzyl-Methyl-Ammonium-Chloride-Appearance.jpg","datePublished":"2021-01-20T06:35:17+00:00","dateModified":"2026-05-08T02:59:27+00:00","description":"Longchang Chemical est un fabricant et fournisseur leader de chlorure de benzylm\u00e9thylammonium CAS 61789-73-9 en Chine. Acheter Chlorure de Benzyl Methyl Ammonium en Chine. Nous pouvons vous fournir le meilleur prix de Chlorure de Benzyl M\u00e9thyl Ammonium.","breadcrumb":{"@id":"https:\/\/longchangchemical.com\/product\/benzyl-methyl-ammonium-chloride-cas-61789-73-9\/#breadcrumb"},"inLanguage":"fr-FR","potentialAction":[{"@type":"ReadAction","target":["https:\/\/longchangchemical.com\/product\/benzyl-methyl-ammonium-chloride-cas-61789-73-9\/"]}]},{"@type":"ImageObject","inLanguage":"fr-FR","@id":"https:\/\/longchangchemical.com\/product\/benzyl-methyl-ammonium-chloride-cas-61789-73-9\/#primaryimage","url":"https:\/\/longchangchemical.com\/wp-content\/uploads\/2021\/01\/Benzyl-Methyl-Ammonium-Chloride-Appearance.jpg","contentUrl":"https:\/\/longchangchemical.com\/wp-content\/uploads\/2021\/01\/Benzyl-Methyl-Ammonium-Chloride-Appearance.jpg","width":600,"height":800,"caption":"Benzyl Methyl Ammonium Chloride Appearance"},{"@type":"BreadcrumbList","@id":"https:\/\/longchangchemical.com\/product\/benzyl-methyl-ammonium-chloride-cas-61789-73-9\/#breadcrumb","itemListElement":[{"@type":"ListItem","position":1,"name":"Home","item":"https:\/\/longchangchemical.com\/"},{"@type":"ListItem","position":2,"name":"Products Longchang","item":"https:\/\/longchangchemical.com\/product\/"},{"@type":"ListItem","position":3,"name":"D1817\/Benzyl Methyl Ammonium Chloride CAS 61789-73-9"}]},{"@type":"WebSite","@id":"https:\/\/longchangchemical.com\/#website","url":"https:\/\/longchangchemical.com\/","name":"Longchang Chemical","description":"Fabricant chinois de produits chimiques \uff06 fournisseur","publisher":{"@id":"https:\/\/longchangchemical.com\/#organization"},"potentialAction":[{"@type":"SearchAction","target":{"@type":"EntryPoint","urlTemplate":"https:\/\/longchangchemical.com\/?s={search_term_string}"},"query-input":{"@type":"PropertyValueSpecification","valueRequired":true,"valueName":"search_term_string"}}],"inLanguage":"fr-FR"},{"@type":"Organization","@id":"https:\/\/longchangchemical.com\/#organization","name":"Longchang Chemical","url":"https:\/\/longchangchemical.com\/","logo":{"@type":"ImageObject","inLanguage":"fr-FR","@id":"https:\/\/longchangchemical.com\/#\/schema\/logo\/image\/","url":"https:\/\/longchangchemical.com\/wp-content\/uploads\/2020\/08\/cropped-longchang-logo.png","contentUrl":"https:\/\/longchangchemical.com\/wp-content\/uploads\/2020\/08\/cropped-longchang-logo.png","width":512,"height":512,"caption":"Longchang Chemical"},"image":{"@id":"https:\/\/longchangchemical.com\/#\/schema\/logo\/image\/"}}]}},"_links":{"self":[{"href":"https:\/\/longchangchemical.com\/fr\/wp-json\/wp\/v2\/product\/3496","targetHints":{"allow":["GET"]}}],"collection":[{"href":"https:\/\/longchangchemical.com\/fr\/wp-json\/wp\/v2\/product"}],"about":[{"href":"https:\/\/longchangchemical.com\/fr\/wp-json\/wp\/v2\/types\/product"}],"replies":[{"embeddable":true,"href":"https:\/\/longchangchemical.com\/fr\/wp-json\/wp\/v2\/comments?post=3496"}],"wp:featuredmedia":[{"embeddable":true,"href":"https:\/\/longchangchemical.com\/fr\/wp-json\/wp\/v2\/media\/4165"}],"wp:attachment":[{"href":"https:\/\/longchangchemical.com\/fr\/wp-json\/wp\/v2\/media?parent=3496"}],"wp:term":[{"taxonomy":"product_brand","embeddable":true,"href":"https:\/\/longchangchemical.com\/fr\/wp-json\/wp\/v2\/product_brand?post=3496"},{"taxonomy":"product_cat","embeddable":true,"href":"https:\/\/longchangchemical.com\/fr\/wp-json\/wp\/v2\/product_cat?post=3496"},{"taxonomy":"product_tag","embeddable":true,"href":"https:\/\/longchangchemical.com\/fr\/wp-json\/wp\/v2\/product_tag?post=3496"}],"curies":[{"name":"wp","href":"https:\/\/api.w.org\/{rel}","templated":true}]}}