{"id":3478,"date":"2020-12-22T12:07:06","date_gmt":"2020-12-22T12:07:06","guid":{"rendered":"https:\/\/longchangchemical.com\/?post_type=product&#038;p=3478"},"modified":"2024-08-01T05:35:51","modified_gmt":"2024-08-01T05:35:51","slug":"ethanolamine-thioglycolate-cas-126-97-6","status":"publish","type":"product","link":"https:\/\/longchangchemical.com\/fr\/product\/ethanolamine-thioglycolate-cas-126-97-6\/","title":{"rendered":"CAS 126-97-6"},"content":{"rendered":"<h1><strong>CAS 126-97-6<\/strong><\/h1>\n<table style=\"border-collapse: collapse; width: 394.52pt;\" border=\"0\" width=\"526\" cellspacing=\"0\" cellpadding=\"0\">\n<tbody>\n<tr style=\"height: 18.00pt;\">\n<td class=\"et2\" style=\"height: 18.00pt; width: 191.25pt;\" width=\"255\" height=\"24\">\n<h4>Traits :<\/h4>\n<\/td>\n<td class=\"et3\" style=\"width: 203.25pt;\" width=\"271\">\n<h4>liquide transparent incolore.<\/h4>\n<\/td>\n<\/tr>\n<tr style=\"height: 18.00pt;\">\n<td class=\"et2\" style=\"height: 18.00pt; width: 191.25pt;\" width=\"255\" height=\"24\">\n<h4>Gravit\u00e9 sp\u00e9cifique :<\/h4>\n<\/td>\n<td class=\"et3\">\n<h4>1,15 \u00e0 1,30 (25\u00b0C)<\/h4>\n<\/td>\n<\/tr>\n<tr style=\"height: 18.00pt;\">\n<td class=\"et2\" style=\"height: 18.00pt; width: 191.25pt;\" width=\"255\" height=\"24\">\n<h4>PH :<\/h4>\n<\/td>\n<td class=\"et3\">\n<h4>6,0 \u00e0 7,0 (25\u00b0C)<\/h4>\n<\/td>\n<\/tr>\n<tr style=\"height: 36.00pt;\">\n<td class=\"et2\" style=\"height: 36.00pt; width: 191.25pt;\" width=\"255\" height=\"48\">\n<h4>M\u00e9tal lourd (Pb) PPM (mg\/kg)<\/h4>\n<\/td>\n<td class=\"et3\">\n<h4>\u22645<\/h4>\n<\/td>\n<\/tr>\n<tr style=\"height: 18.00pt;\">\n<td class=\"et2\" style=\"height: 18.00pt; width: 191.25pt;\" width=\"255\" height=\"24\">\n<h4>Fer (Fe) PPM (mg\/kg)<\/h4>\n<\/td>\n<td class=\"et3\">\n<h4>\u2264 0.5<\/h4>\n<\/td>\n<\/tr>\n<tr style=\"height: 18.00pt;\">\n<td class=\"et2\" style=\"height: 18.00pt; width: 191.25pt;\" width=\"255\" height=\"24\">\n<h4>Arsenic (As) PPM (mg\/kg)<\/h4>\n<\/td>\n<td class=\"et3\">\n<h4>\u2264 5<\/h4>\n<\/td>\n<\/tr>\n<tr style=\"height: 18.00pt;\">\n<td class=\"et2\" style=\"height: 18.00pt; width: 191.25pt;\" width=\"255\" height=\"24\">\n<h4>Contenu :<\/h4>\n<\/td>\n<td class=\"et3\">\n<h4>\u2265 51%, 61%, 71%<\/h4>\n<\/td>\n<\/tr>\n<\/tbody>\n<\/table>\n<p>&nbsp;<\/p>\n<div>\n<h2>CAS 126-97-6 Utilisations<\/h2>\n<p>&nbsp;<\/p>\n<h4>Ce produit est enti\u00e8rement fabriqu\u00e9 \u00e0 partir de mati\u00e8res premi\u00e8res import\u00e9es de haute puret\u00e9. Il est largement utilis\u00e9 comme agent de teinture \u00e0 chaud, mais aussi comme agent de nettoyage, antirouille, galvanoplastie, et peut \u00e9galement \u00eatre utilis\u00e9 comme excellent inhibiteur de corrosion du fluide de compl\u00e9tion au sel de brome dans l'exploration p\u00e9troli\u00e8re.<\/h4>\n<\/div>\n<h2>CAS 126-97-6 Sp\u00e9cification de l'emballage<\/h2>\n<h4>250Kg\/f\u00fbt en plastique, peut \u00e9galement \u00eatre conditionn\u00e9 selon les besoins du client.<\/h4>\n<h2><strong>Autre nom :\u00a0<\/strong><\/h2>\n<p>Thioglycolate-MEA ;<\/p>\n<p>mercaptoac\u00e9tate d'ammonium (2-hydroxy\u00e9thyl) ;<\/p>\n<p>Thioglycolate de mono\u00e9thanolamine ;<\/p>\n<p>Sulfanylacetate de 2-hydroxy\u00e9thanamine ;<\/p>\n<h2><strong><b>Contactez-nous d\u00e8s maintenant !<\/b><\/strong><\/h2>\n<h4><strong><b>nous vous contacterons g\u00e9n\u00e9ralement dans les 24 heures. Vous pouvez \u00e9galement m'envoyer un courriel <span style=\"color: #00ccff;\"><a style=\"color: #00ccff;\" href=\"mailto:info@longchangchemical.com\">info@longchangchemical.com<\/a><\/span> pendant les heures de travail ( 8:30 am to 6:00 pm UTC+8 Mon.~Sat. ) ou utilisez le chat en direct du site web pour obtenir une r\u00e9ponse rapide.<\/b><\/strong><\/h4>","protected":false},"excerpt":{"rendered":"<h4>Nom du produit : Thioglycolate d'\u00e9thanolamine<\/h4>\n<h4>Num\u00e9ro CAS : 126-97-6<\/h4>\n<h4>Formule mol\u00e9culaire : HSCH2COOH.NH2CH2CH2OH<\/h4>\n<h4>MW : 153,2<\/h4>\n<h4>Aspect : liquide transparent incolore.<\/h4>","protected":false},"featured_media":3479,"comment_status":"open","ping_status":"closed","template":"","meta":[],"product_brand":[],"product_cat":[135],"product_tag":[],"class_list":{"0":"post-3478","1":"product","2":"type-product","3":"status-publish","4":"has-post-thumbnail","6":"product_cat-santicor-corrosion-inhibitor","8":"first","9":"instock","10":"shipping-taxable","11":"product-type-simple"},"yoast_head":"<!-- This site is optimized with the Yoast SEO plugin v25.3.1 - https:\/\/yoast.com\/wordpress\/plugins\/seo\/ -->\n<title>China Ethanolamine Thioglycolate CAS 126-97-6 manufacturer and supplier - Longchang Chemical<\/title>\n<meta name=\"description\" content=\"Longchang Chemical is a leading manufacturer and supplier of Ethanolamine Thioglycolate CAS 126-97-6 in China. Buy Ethanolamine Thioglycolate in china. We can provide the best Ethanolamine Thioglycolate price. Other Name:\u00a0Thioglycolate-MEA;2-hydroxyethyl)ammonium mercaptoacetate;\u00a0Monoethanolamine thioglycolate;\u00a02-hydroxyethanaminium sulfanylacetate;\u00a0\" \/>\n<meta name=\"robots\" content=\"index, follow, max-snippet:-1, max-image-preview:large, max-video-preview:-1\" \/>\n<link rel=\"canonical\" href=\"https:\/\/longchangchemical.com\/fr\/product\/ethanolamine-thioglycolate-cas-126-97-6\/\" \/>\n<meta property=\"og:locale\" content=\"fr_FR\" \/>\n<meta property=\"og:type\" content=\"article\" \/>\n<meta property=\"og:title\" content=\"China Ethanolamine Thioglycolate CAS 126-97-6 manufacturer and supplier - Longchang Chemical\" \/>\n<meta property=\"og:description\" content=\"Longchang Chemical is a leading manufacturer and supplier of Ethanolamine Thioglycolate CAS 126-97-6 in China. Buy Ethanolamine Thioglycolate in china. We can provide the best Ethanolamine Thioglycolate price. Other Name:\u00a0Thioglycolate-MEA;2-hydroxyethyl)ammonium mercaptoacetate;\u00a0Monoethanolamine thioglycolate;\u00a02-hydroxyethanaminium sulfanylacetate;\u00a0\" \/>\n<meta property=\"og:url\" content=\"https:\/\/longchangchemical.com\/fr\/product\/ethanolamine-thioglycolate-cas-126-97-6\/\" \/>\n<meta property=\"og:site_name\" content=\"Longchang Chemical\" \/>\n<meta property=\"article:modified_time\" content=\"2024-08-01T05:35:51+00:00\" \/>\n<meta property=\"og:image\" content=\"https:\/\/longchangchemical.com\/wp-content\/uploads\/2020\/12\/Ethanolamine-Thioglycolate-Appearance.jpg\" \/>\n\t<meta property=\"og:image:width\" content=\"600\" \/>\n\t<meta property=\"og:image:height\" content=\"800\" \/>\n\t<meta property=\"og:image:type\" content=\"image\/jpeg\" \/>\n<meta name=\"twitter:card\" content=\"summary_large_image\" \/>\n<script type=\"application\/ld+json\" class=\"yoast-schema-graph\">{\"@context\":\"https:\/\/schema.org\",\"@graph\":[{\"@type\":\"WebPage\",\"@id\":\"https:\/\/longchangchemical.com\/product\/ethanolamine-thioglycolate-cas-126-97-6\/\",\"url\":\"https:\/\/longchangchemical.com\/product\/ethanolamine-thioglycolate-cas-126-97-6\/\",\"name\":\"China Ethanolamine Thioglycolate CAS 126-97-6 manufacturer and supplier - Longchang Chemical\",\"isPartOf\":{\"@id\":\"https:\/\/longchangchemical.com\/#website\"},\"primaryImageOfPage\":{\"@id\":\"https:\/\/longchangchemical.com\/product\/ethanolamine-thioglycolate-cas-126-97-6\/#primaryimage\"},\"image\":{\"@id\":\"https:\/\/longchangchemical.com\/product\/ethanolamine-thioglycolate-cas-126-97-6\/#primaryimage\"},\"thumbnailUrl\":\"https:\/\/longchangchemical.com\/wp-content\/uploads\/2020\/12\/Ethanolamine-Thioglycolate-Appearance.jpg\",\"datePublished\":\"2020-12-22T12:07:06+00:00\",\"dateModified\":\"2024-08-01T05:35:51+00:00\",\"description\":\"Longchang Chemical is a leading manufacturer and supplier of Ethanolamine Thioglycolate CAS 126-97-6 in China. Buy Ethanolamine Thioglycolate in china. We can provide the best Ethanolamine Thioglycolate price. Other Name:\u00a0Thioglycolate-MEA;2-hydroxyethyl)ammonium mercaptoacetate;\u00a0Monoethanolamine thioglycolate;\u00a02-hydroxyethanaminium sulfanylacetate;\u00a0\",\"breadcrumb\":{\"@id\":\"https:\/\/longchangchemical.com\/product\/ethanolamine-thioglycolate-cas-126-97-6\/#breadcrumb\"},\"inLanguage\":\"fr-FR\",\"potentialAction\":[{\"@type\":\"ReadAction\",\"target\":[\"https:\/\/longchangchemical.com\/product\/ethanolamine-thioglycolate-cas-126-97-6\/\"]}]},{\"@type\":\"ImageObject\",\"inLanguage\":\"fr-FR\",\"@id\":\"https:\/\/longchangchemical.com\/product\/ethanolamine-thioglycolate-cas-126-97-6\/#primaryimage\",\"url\":\"https:\/\/longchangchemical.com\/wp-content\/uploads\/2020\/12\/Ethanolamine-Thioglycolate-Appearance.jpg\",\"contentUrl\":\"https:\/\/longchangchemical.com\/wp-content\/uploads\/2020\/12\/Ethanolamine-Thioglycolate-Appearance.jpg\",\"width\":600,\"height\":800,\"caption\":\"Ethanolamine Thioglycolate Appearance\"},{\"@type\":\"BreadcrumbList\",\"@id\":\"https:\/\/longchangchemical.com\/product\/ethanolamine-thioglycolate-cas-126-97-6\/#breadcrumb\",\"itemListElement\":[{\"@type\":\"ListItem\",\"position\":1,\"name\":\"Home\",\"item\":\"https:\/\/longchangchemical.com\/\"},{\"@type\":\"ListItem\",\"position\":2,\"name\":\"Products Longchang\",\"item\":\"https:\/\/longchangchemical.com\/product\/\"},{\"@type\":\"ListItem\",\"position\":3,\"name\":\"CAS 126-97-6\"}]},{\"@type\":\"WebSite\",\"@id\":\"https:\/\/longchangchemical.com\/#website\",\"url\":\"https:\/\/longchangchemical.com\/\",\"name\":\"Longchang Chemical\",\"description\":\"China chemical manufacturer \uff06 supplier\",\"publisher\":{\"@id\":\"https:\/\/longchangchemical.com\/#organization\"},\"potentialAction\":[{\"@type\":\"SearchAction\",\"target\":{\"@type\":\"EntryPoint\",\"urlTemplate\":\"https:\/\/longchangchemical.com\/?s={search_term_string}\"},\"query-input\":{\"@type\":\"PropertyValueSpecification\",\"valueRequired\":true,\"valueName\":\"search_term_string\"}}],\"inLanguage\":\"fr-FR\"},{\"@type\":\"Organization\",\"@id\":\"https:\/\/longchangchemical.com\/#organization\",\"name\":\"Longchang Chemical\",\"url\":\"https:\/\/longchangchemical.com\/\",\"logo\":{\"@type\":\"ImageObject\",\"inLanguage\":\"fr-FR\",\"@id\":\"https:\/\/longchangchemical.com\/#\/schema\/logo\/image\/\",\"url\":\"https:\/\/longchangchemical.com\/wp-content\/uploads\/2020\/08\/cropped-longchang-logo.png\",\"contentUrl\":\"https:\/\/longchangchemical.com\/wp-content\/uploads\/2020\/08\/cropped-longchang-logo.png\",\"width\":512,\"height\":512,\"caption\":\"Longchang Chemical\"},\"image\":{\"@id\":\"https:\/\/longchangchemical.com\/#\/schema\/logo\/image\/\"}}]}<\/script>\n<!-- \/ Yoast SEO plugin. -->","yoast_head_json":{"title":"Ethanolamine Thioglycolate CAS 126-97-6 fabricant et fournisseur chinois - Longchang Chemical","description":"Longchang Chemical est un fabricant et fournisseur leader de Thioglycolate d'\u00e9thanolamine CAS 126-97-6 en Chine. Acheter Thioglycolate d'\u00e9thanolamine en Chine. Nous pouvons vous fournir le meilleur prix de Thioglycolate d'\u00e9thanolamine. Autre nom : Thioglycolate-MEA;2-hydroxy\u00e9thyl)ammonium mercaptoacetate ; Monoethanolamine thioglycolate ; 2-hydroxyethanaminium sulfanylacetate ;\u00a0","robots":{"index":"index","follow":"follow","max-snippet":"max-snippet:-1","max-image-preview":"max-image-preview:large","max-video-preview":"max-video-preview:-1"},"canonical":"https:\/\/longchangchemical.com\/fr\/product\/ethanolamine-thioglycolate-cas-126-97-6\/","og_locale":"fr_FR","og_type":"article","og_title":"China Ethanolamine Thioglycolate CAS 126-97-6 manufacturer and supplier - Longchang Chemical","og_description":"Longchang Chemical is a leading manufacturer and supplier of Ethanolamine Thioglycolate CAS 126-97-6 in China. Buy Ethanolamine Thioglycolate in china. We can provide the best Ethanolamine Thioglycolate price. Other Name:\u00a0Thioglycolate-MEA;2-hydroxyethyl)ammonium mercaptoacetate;\u00a0Monoethanolamine thioglycolate;\u00a02-hydroxyethanaminium sulfanylacetate;\u00a0","og_url":"https:\/\/longchangchemical.com\/fr\/product\/ethanolamine-thioglycolate-cas-126-97-6\/","og_site_name":"Longchang Chemical","article_modified_time":"2024-08-01T05:35:51+00:00","og_image":[{"width":600,"height":800,"url":"https:\/\/longchangchemical.com\/wp-content\/uploads\/2020\/12\/Ethanolamine-Thioglycolate-Appearance.jpg","type":"image\/jpeg"}],"twitter_card":"summary_large_image","schema":{"@context":"https:\/\/schema.org","@graph":[{"@type":"WebPage","@id":"https:\/\/longchangchemical.com\/product\/ethanolamine-thioglycolate-cas-126-97-6\/","url":"https:\/\/longchangchemical.com\/product\/ethanolamine-thioglycolate-cas-126-97-6\/","name":"Ethanolamine Thioglycolate CAS 126-97-6 fabricant et fournisseur chinois - Longchang Chemical","isPartOf":{"@id":"https:\/\/longchangchemical.com\/#website"},"primaryImageOfPage":{"@id":"https:\/\/longchangchemical.com\/product\/ethanolamine-thioglycolate-cas-126-97-6\/#primaryimage"},"image":{"@id":"https:\/\/longchangchemical.com\/product\/ethanolamine-thioglycolate-cas-126-97-6\/#primaryimage"},"thumbnailUrl":"https:\/\/longchangchemical.com\/wp-content\/uploads\/2020\/12\/Ethanolamine-Thioglycolate-Appearance.jpg","datePublished":"2020-12-22T12:07:06+00:00","dateModified":"2024-08-01T05:35:51+00:00","description":"Longchang Chemical est un fabricant et fournisseur leader de Thioglycolate d'\u00e9thanolamine CAS 126-97-6 en Chine. Acheter Thioglycolate d'\u00e9thanolamine en Chine. Nous pouvons vous fournir le meilleur prix de Thioglycolate d'\u00e9thanolamine. Autre nom : Thioglycolate-MEA;2-hydroxy\u00e9thyl)ammonium mercaptoacetate ; Monoethanolamine thioglycolate ; 2-hydroxyethanaminium sulfanylacetate ;\u00a0","breadcrumb":{"@id":"https:\/\/longchangchemical.com\/product\/ethanolamine-thioglycolate-cas-126-97-6\/#breadcrumb"},"inLanguage":"fr-FR","potentialAction":[{"@type":"ReadAction","target":["https:\/\/longchangchemical.com\/product\/ethanolamine-thioglycolate-cas-126-97-6\/"]}]},{"@type":"ImageObject","inLanguage":"fr-FR","@id":"https:\/\/longchangchemical.com\/product\/ethanolamine-thioglycolate-cas-126-97-6\/#primaryimage","url":"https:\/\/longchangchemical.com\/wp-content\/uploads\/2020\/12\/Ethanolamine-Thioglycolate-Appearance.jpg","contentUrl":"https:\/\/longchangchemical.com\/wp-content\/uploads\/2020\/12\/Ethanolamine-Thioglycolate-Appearance.jpg","width":600,"height":800,"caption":"Ethanolamine Thioglycolate Appearance"},{"@type":"BreadcrumbList","@id":"https:\/\/longchangchemical.com\/product\/ethanolamine-thioglycolate-cas-126-97-6\/#breadcrumb","itemListElement":[{"@type":"ListItem","position":1,"name":"Home","item":"https:\/\/longchangchemical.com\/"},{"@type":"ListItem","position":2,"name":"Products Longchang","item":"https:\/\/longchangchemical.com\/product\/"},{"@type":"ListItem","position":3,"name":"CAS 126-97-6"}]},{"@type":"WebSite","@id":"https:\/\/longchangchemical.com\/#website","url":"https:\/\/longchangchemical.com\/","name":"Longchang Chemical","description":"Fabricant chinois de produits chimiques \uff06 fournisseur","publisher":{"@id":"https:\/\/longchangchemical.com\/#organization"},"potentialAction":[{"@type":"SearchAction","target":{"@type":"EntryPoint","urlTemplate":"https:\/\/longchangchemical.com\/?s={search_term_string}"},"query-input":{"@type":"PropertyValueSpecification","valueRequired":true,"valueName":"search_term_string"}}],"inLanguage":"fr-FR"},{"@type":"Organization","@id":"https:\/\/longchangchemical.com\/#organization","name":"Longchang Chemical","url":"https:\/\/longchangchemical.com\/","logo":{"@type":"ImageObject","inLanguage":"fr-FR","@id":"https:\/\/longchangchemical.com\/#\/schema\/logo\/image\/","url":"https:\/\/longchangchemical.com\/wp-content\/uploads\/2020\/08\/cropped-longchang-logo.png","contentUrl":"https:\/\/longchangchemical.com\/wp-content\/uploads\/2020\/08\/cropped-longchang-logo.png","width":512,"height":512,"caption":"Longchang Chemical"},"image":{"@id":"https:\/\/longchangchemical.com\/#\/schema\/logo\/image\/"}}]}},"_links":{"self":[{"href":"https:\/\/longchangchemical.com\/fr\/wp-json\/wp\/v2\/product\/3478","targetHints":{"allow":["GET"]}}],"collection":[{"href":"https:\/\/longchangchemical.com\/fr\/wp-json\/wp\/v2\/product"}],"about":[{"href":"https:\/\/longchangchemical.com\/fr\/wp-json\/wp\/v2\/types\/product"}],"replies":[{"embeddable":true,"href":"https:\/\/longchangchemical.com\/fr\/wp-json\/wp\/v2\/comments?post=3478"}],"wp:featuredmedia":[{"embeddable":true,"href":"https:\/\/longchangchemical.com\/fr\/wp-json\/wp\/v2\/media\/3479"}],"wp:attachment":[{"href":"https:\/\/longchangchemical.com\/fr\/wp-json\/wp\/v2\/media?parent=3478"}],"wp:term":[{"taxonomy":"product_brand","embeddable":true,"href":"https:\/\/longchangchemical.com\/fr\/wp-json\/wp\/v2\/product_brand?post=3478"},{"taxonomy":"product_cat","embeddable":true,"href":"https:\/\/longchangchemical.com\/fr\/wp-json\/wp\/v2\/product_cat?post=3478"},{"taxonomy":"product_tag","embeddable":true,"href":"https:\/\/longchangchemical.com\/fr\/wp-json\/wp\/v2\/product_tag?post=3478"}],"curies":[{"name":"wp","href":"https:\/\/api.w.org\/{rel}","templated":true}]}}